{"id":9974,"date":"2020-10-13T08:44:02","date_gmt":"2020-10-13T06:44:02","guid":{"rendered":"http:\/\/www.slatinska-banka.hr\/?page_id=9974"},"modified":"2020-10-27T15:39:52","modified_gmt":"2020-10-27T14:39:52","slug":"novosti-u-karticnim-placanjima","status":"publish","type":"page","link":"https:\/\/www.slatinska-banka.hr\/en\/novosti-u-karticnim-placanjima\/","title":{"rendered":"NEWS IN CARD PAYMENTS"},"content":{"rendered":"<p>For your safety, we are introducing new ways of authenticating card payments at online stores.<\/p>\r\n<p><u>You will be able to authenticate in the following ways:<\/u><\/p>\r\n<ol>\r\n\t<li><strong>through a device that supports logging in with biometrics<\/strong> (combination of the Card User's properties (e.g. fingerprint) and means of authentication and authorization assigned by the Bank to the Card User (mobile token)<\/li>\r\n\t<li><strong>via dynamic and static password<\/strong> (that is, one-time password and secret data)<\/li>\r\n<\/ol>\r\n<p>&nbsp;<\/p>\r\n<p>Detailed information can be found in:<\/p>\r\n<ul>\r\n\t<li><a href=\"\/wp-content\/uploads\/Korisni\u010dke_upute_za_mToken_27102020.pdf\">User instructions for mobile Token (mToken)<\/a>\u00a0<\/li>\r\n\t<li><a href=\"https:\/\/www.slatinska-banka.hr\/wp-content\/uploads\/2019\/02\/Uputa_za_koristenje_Mastercard_Identity_Check_usluge_v3.00.pdf\">Instructions for using the Mastercard Identity Check service.\u00a0<\/a><\/li>\r\n<\/ul>\r\n<p>&nbsp;<\/p>\r\n<p>Jednokratnu zaporku \u0107ete zaprimiti na Va\u0161 broj mobilnog ure\u0111aja evidentiran u Banci, koja je razli\u010dita za svaku kupnju.<\/p>\r\n<p>Tajni podatak se ne mijenja, osim ukoliko ga zaboravite i zatra\u017eite izdavanje novog. Zapamtite Va\u0161 tajni podatak jer \u0107ete ga koristiti prilikom svake kupovine karticama na Internet prodajnim mjestima.<\/p>\r\n<p>&nbsp;<\/p>\r\n<p>U slu\u010daju da tajni podatak izgubite, te za sve dodatne informacije, molimo obratite se najbli\u017eoj poslovnici Slatinske banke ili Odjelu karti\u010dnog i blagajni\u010dkog poslovanja na brojeve telefona: 033\/637-026 i 033\/637-043.<\/p>","protected":false},"excerpt":{"rendered":"<p>Zbog Va\u0161e sigurnosti uvodimo nove na\u010dine autentifikacije karti\u010dnih pla\u0107anja na Internet prodajnim mjestima. Mo\u0107i \u0107ete se autentificirati na slijede\u0107e na\u010dine: putem ure\u0111aja koji podr\u017eava prijavu biometrijom (kombinacija svojstava Korisnika kartice [&hellip;]<\/p>","protected":false},"author":14,"featured_media":0,"parent":0,"menu_order":2,"comment_status":"closed","ping_status":"closed","template":"","meta":{"_acf_changed":false,"footnotes":""},"categories":[3],"tags":[],"class_list":["post-9974","page","type-page","status-publish","hentry","category-izdvojeno-na-naslovnici"],"acf":[],"yoast_head":"<!-- This site is optimized with the Yoast SEO plugin v25.4 - https:\/\/yoast.com\/wordpress\/plugins\/seo\/ -->\n<title>Novosti u karti\u010dnim pla\u0107anjima - Slatinska Banka<\/title>\n<meta name=\"robots\" content=\"index, follow, max-snippet:-1, max-image-preview:large, max-video-preview:-1\" \/>\n<link rel=\"canonical\" href=\"https:\/\/www.slatinska-banka.hr\/en\/novosti-u-karticnim-placanjima\/\" \/>\n<meta property=\"og:locale\" content=\"en_US\" \/>\n<meta property=\"og:type\" content=\"article\" \/>\n<meta property=\"og:title\" content=\"Novosti u karti\u010dnim pla\u0107anjima - Slatinska Banka\" \/>\n<meta property=\"og:description\" content=\"Zbog Va\u0161e sigurnosti uvodimo nove na\u010dine autentifikacije karti\u010dnih pla\u0107anja na Internet prodajnim mjestima. Mo\u0107i \u0107ete se autentificirati na slijede\u0107e na\u010dine: putem ure\u0111aja koji podr\u017eava prijavu biometrijom (kombinacija svojstava Korisnika kartice [&hellip;]\" \/>\n<meta property=\"og:url\" content=\"https:\/\/www.slatinska-banka.hr\/en\/novosti-u-karticnim-placanjima\/\" \/>\n<meta property=\"og:site_name\" content=\"Slatinska Banka\" \/>\n<meta property=\"article:publisher\" content=\"https:\/\/www.facebook.com\/slatinskabanka\/\" \/>\n<meta property=\"article:modified_time\" content=\"2020-10-27T14:39:52+00:00\" \/>\n<meta name=\"twitter:card\" content=\"summary_large_image\" \/>\n<meta name=\"twitter:label1\" content=\"Est. reading time\" \/>\n\t<meta name=\"twitter:data1\" content=\"1 minute\" \/>\n<script type=\"application\/ld+json\" class=\"yoast-schema-graph\">{\"@context\":\"https:\/\/schema.org\",\"@graph\":[{\"@type\":\"WebPage\",\"@id\":\"https:\/\/www.slatinska-banka.hr\/en\/novosti-u-karticnim-placanjima\/\",\"url\":\"https:\/\/www.slatinska-banka.hr\/en\/novosti-u-karticnim-placanjima\/\",\"name\":\"Novosti u karti\u010dnim pla\u0107anjima - Slatinska Banka\",\"isPartOf\":{\"@id\":\"https:\/\/www.slatinska-banka.hr\/#website\"},\"datePublished\":\"2020-10-13T06:44:02+00:00\",\"dateModified\":\"2020-10-27T14:39:52+00:00\",\"inLanguage\":\"en-US\",\"potentialAction\":[{\"@type\":\"ReadAction\",\"target\":[\"https:\/\/www.slatinska-banka.hr\/en\/novosti-u-karticnim-placanjima\/\"]}]},{\"@type\":\"WebSite\",\"@id\":\"https:\/\/www.slatinska-banka.hr\/#website\",\"url\":\"https:\/\/www.slatinska-banka.hr\/\",\"name\":\"Slatinska Banka\",\"description\":\"Razlika je u pristupu\",\"publisher\":{\"@id\":\"https:\/\/www.slatinska-banka.hr\/#organization\"},\"potentialAction\":[{\"@type\":\"SearchAction\",\"target\":{\"@type\":\"EntryPoint\",\"urlTemplate\":\"https:\/\/www.slatinska-banka.hr\/?s={search_term_string}\"},\"query-input\":{\"@type\":\"PropertyValueSpecification\",\"valueRequired\":true,\"valueName\":\"search_term_string\"}}],\"inLanguage\":\"en-US\"},{\"@type\":\"Organization\",\"@id\":\"https:\/\/www.slatinska-banka.hr\/#organization\",\"name\":\"Slatinska banka d.d.\",\"url\":\"https:\/\/www.slatinska-banka.hr\/\",\"logo\":{\"@type\":\"ImageObject\",\"inLanguage\":\"en-US\",\"@id\":\"https:\/\/www.slatinska-banka.hr\/#\/schema\/logo\/image\/\",\"url\":\"https:\/\/www.slatinska-banka.hr\/wp-content\/uploads\/2019\/02\/logo_big.png\",\"contentUrl\":\"https:\/\/www.slatinska-banka.hr\/wp-content\/uploads\/2019\/02\/logo_big.png\",\"width\":302,\"height\":244,\"caption\":\"Slatinska banka d.d.\"},\"image\":{\"@id\":\"https:\/\/www.slatinska-banka.hr\/#\/schema\/logo\/image\/\"},\"sameAs\":[\"https:\/\/www.facebook.com\/slatinskabanka\/\",\"https:\/\/www.linkedin.com\/company\/slatinska-banka-dd\"]}]}<\/script>\n<!-- \/ Yoast SEO plugin. -->","yoast_head_json":{"title":"Novosti u karti\u010dnim pla\u0107anjima - Slatinska Banka","robots":{"index":"index","follow":"follow","max-snippet":"max-snippet:-1","max-image-preview":"max-image-preview:large","max-video-preview":"max-video-preview:-1"},"canonical":"https:\/\/www.slatinska-banka.hr\/en\/novosti-u-karticnim-placanjima\/","og_locale":"en_US","og_type":"article","og_title":"Novosti u karti\u010dnim pla\u0107anjima - Slatinska Banka","og_description":"Zbog Va\u0161e sigurnosti uvodimo nove na\u010dine autentifikacije karti\u010dnih pla\u0107anja na Internet prodajnim mjestima. Mo\u0107i \u0107ete se autentificirati na slijede\u0107e na\u010dine: putem ure\u0111aja koji podr\u017eava prijavu biometrijom (kombinacija svojstava Korisnika kartice [&hellip;]","og_url":"https:\/\/www.slatinska-banka.hr\/en\/novosti-u-karticnim-placanjima\/","og_site_name":"Slatinska Banka","article_publisher":"https:\/\/www.facebook.com\/slatinskabanka\/","article_modified_time":"2020-10-27T14:39:52+00:00","twitter_card":"summary_large_image","twitter_misc":{"Est. reading time":"1 minute"},"schema":{"@context":"https:\/\/schema.org","@graph":[{"@type":"WebPage","@id":"https:\/\/www.slatinska-banka.hr\/en\/novosti-u-karticnim-placanjima\/","url":"https:\/\/www.slatinska-banka.hr\/en\/novosti-u-karticnim-placanjima\/","name":"Novosti u karti\u010dnim pla\u0107anjima - Slatinska Banka","isPartOf":{"@id":"https:\/\/www.slatinska-banka.hr\/#website"},"datePublished":"2020-10-13T06:44:02+00:00","dateModified":"2020-10-27T14:39:52+00:00","inLanguage":"en-US","potentialAction":[{"@type":"ReadAction","target":["https:\/\/www.slatinska-banka.hr\/en\/novosti-u-karticnim-placanjima\/"]}]},{"@type":"WebSite","@id":"https:\/\/www.slatinska-banka.hr\/#website","url":"https:\/\/www.slatinska-banka.hr\/","name":"Slatinska Banka","description":"Razlika je u pristupu","publisher":{"@id":"https:\/\/www.slatinska-banka.hr\/#organization"},"potentialAction":[{"@type":"SearchAction","target":{"@type":"EntryPoint","urlTemplate":"https:\/\/www.slatinska-banka.hr\/?s={search_term_string}"},"query-input":{"@type":"PropertyValueSpecification","valueRequired":true,"valueName":"search_term_string"}}],"inLanguage":"en-US"},{"@type":"Organization","@id":"https:\/\/www.slatinska-banka.hr\/#organization","name":"Slatinska banka d.d.","url":"https:\/\/www.slatinska-banka.hr\/","logo":{"@type":"ImageObject","inLanguage":"en-US","@id":"https:\/\/www.slatinska-banka.hr\/#\/schema\/logo\/image\/","url":"https:\/\/www.slatinska-banka.hr\/wp-content\/uploads\/2019\/02\/logo_big.png","contentUrl":"https:\/\/www.slatinska-banka.hr\/wp-content\/uploads\/2019\/02\/logo_big.png","width":302,"height":244,"caption":"Slatinska banka d.d."},"image":{"@id":"https:\/\/www.slatinska-banka.hr\/#\/schema\/logo\/image\/"},"sameAs":["https:\/\/www.facebook.com\/slatinskabanka\/","https:\/\/www.linkedin.com\/company\/slatinska-banka-dd"]}]}},"_links":{"self":[{"href":"https:\/\/www.slatinska-banka.hr\/en\/wp-json\/wp\/v2\/pages\/9974","targetHints":{"allow":["GET"]}}],"collection":[{"href":"https:\/\/www.slatinska-banka.hr\/en\/wp-json\/wp\/v2\/pages"}],"about":[{"href":"https:\/\/www.slatinska-banka.hr\/en\/wp-json\/wp\/v2\/types\/page"}],"author":[{"embeddable":true,"href":"https:\/\/www.slatinska-banka.hr\/en\/wp-json\/wp\/v2\/users\/14"}],"replies":[{"embeddable":true,"href":"https:\/\/www.slatinska-banka.hr\/en\/wp-json\/wp\/v2\/comments?post=9974"}],"version-history":[{"count":8,"href":"https:\/\/www.slatinska-banka.hr\/en\/wp-json\/wp\/v2\/pages\/9974\/revisions"}],"predecessor-version":[{"id":10124,"href":"https:\/\/www.slatinska-banka.hr\/en\/wp-json\/wp\/v2\/pages\/9974\/revisions\/10124"}],"wp:attachment":[{"href":"https:\/\/www.slatinska-banka.hr\/en\/wp-json\/wp\/v2\/media?parent=9974"}],"wp:term":[{"taxonomy":"category","embeddable":true,"href":"https:\/\/www.slatinska-banka.hr\/en\/wp-json\/wp\/v2\/categories?post=9974"},{"taxonomy":"post_tag","embeddable":true,"href":"https:\/\/www.slatinska-banka.hr\/en\/wp-json\/wp\/v2\/tags?post=9974"}],"curies":[{"name":"wp","href":"https:\/\/api.w.org\/{rel}","templated":true}]}}