{"id":9767,"date":"2020-10-14T11:24:08","date_gmt":"2020-10-14T09:24:08","guid":{"rendered":"http:\/\/www.slatinska-banka.hr\/?page_id=9767"},"modified":"2026-03-05T09:46:30","modified_gmt":"2026-03-05T08:46:30","slug":"blink-kredit","status":"publish","type":"page","link":"https:\/\/www.slatinska-banka.hr\/en\/gradani\/krediti-i-financiranja\/gotovinski-krediti\/blink-kredit\/","title":{"rendered":"BLINK KREDIT"},"content":{"rendered":"<p class=\"big\">Treptajem oka rije\u0161i financijske probleme iz svoje omiljene fotelje!<\/p>\r\n&nbsp;\r\n<table class=\"contentTable\">\r\n<tbody>\r\n<tr>\r\n<td><\/td>\r\n<td>EUR<\/td>\r\n<\/tr>\r\n<tr>\r\n<td>IZNOS:<\/td>\r\n<td>1.000 do 13.000 eur<\/td>\r\n<\/tr>\r\n<tr>\r\n<td>KAMATA, fiksna:<\/td>\r\n<td>6,29 %<\/td>\r\n<\/tr>\r\n<tr>\r\n<td>ROK OTPLATE:<\/td>\r\n<td>od 3 do 7 godina<\/td>\r\n<\/tr>\r\n<\/tbody>\r\n<\/table>\r\nNije uvjet da bude\u0161 klijent banke, iako bi nam bilo drago da to postane\u0161.\r\n\r\nDokumentacija za obradu zahtjeva je stvarno minimalna! Provjeri u nastavku\r\n<p style=\"text-align: center;\"><a class=\"button primary\" href=\"https:\/\/www.slatinska-banka.hr\/en\/kreditni-kalkulator\/\">podnesi zahtjev<\/a><span style=\"display: inline !important; float: none; background-color: #ffffff; color: #333333; cursor: text; font-family: Georgia,'Times New Roman','Bitstream Charter',Times,serif; font-size: 16px; font-style: normal; font-variant: normal; font-weight: 400; letter-spacing: normal; orphans: 2; text-align: left; text-decoration: none; text-indent: 0px; text-transform: none; -webkit-text-stroke-width: 0px; white-space: normal; word-spacing: 0px;\">\u00a0<\/span><\/p>\r\n<div class=\"accordeon\">\r\n\r\n<h2><span class=\"naslov\">Dokumentacija<\/span><\/h2><div><ul>\n<li><a href=\"https:\/\/www.slatinska-banka.hr\/wp-content\/uploads\/POUP049-01-2023-Izjava_o_privatnosti_krediti_kreditne-kartice_MBPlus_listopad2025-1.pdf\">Izjava o privatnosti<\/a><\/li>\n<li><a href=\"https:\/\/www.slatinska-banka.hr\/wp-content\/uploads\/INFORMATIVNI-OBRAZAC-gotovinski_BLINK_KREDIT_20240402.pdf\">Informativni obrazac<\/a><\/li>\n<li><a href=\"https:\/\/www.slatinska-banka.hr\/wp-content\/uploads\/Zahtjev_za_kredit_potrosaca_20250314.pdf\">Zahtjev za kredit<\/a><\/li>\n<li><a href=\"https:\/\/www.slatinska-banka.hr\/wp-content\/uploads\/Dokumentacija-koju-je-potrebno-priloziti-uz-zahtjev-za-kredit-sijecanj-2026.pdf\">Popis dokumentacije<\/a><\/li>\n<li><a href=\"https:\/\/www.slatinska-banka.hr\/wp-content\/uploads\/Informacije-o-obradi-osobnih-podataka-u-OSR_sijecanj2025_.pdf\">Informacije o obradi osobnih podataka u OSR sustavu<\/a><\/li>\n<\/ul>\n<\/div>\r\n\r\n<h2><span class=\"naslov\">Instrumenti osiguranja<\/span><\/h2><div><ul>\n<li>Zadu\u017enica<\/li>\n<li>Izjava o\u00a0 zapljeni po pristanku du\u017enika<\/li>\n<li>Administrativna zabrana<\/li>\n<\/ul>\n<\/div>\r\n\r\n<h2><span class=\"naslov\">Reprezentativni primjer<\/span><\/h2><div><table style=\"width: 71.2507%; height: 240px;\">\n<tbody>\n<tr style=\"height: 24px;\">\n<td style=\"width: 59.0596%; height: 24px;\">Valuta kredita<\/td>\n<td style=\"width: 167.286%; height: 24px;\">EUR<\/td>\n<\/tr>\n<tr style=\"height: 24px;\">\n<td style=\"width: 59.0596%; height: 24px;\">Iznos kredita<\/td>\n<td style=\"width: 167.286%; height: 24px;\">10.000<\/td>\n<\/tr>\n<tr style=\"height: 24px;\">\n<td style=\"width: 59.0596%; height: 24px;\">Rok otplate<\/td>\n<td style=\"width: 167.286%; height: 24px;\">84 mj<\/td>\n<\/tr>\n<tr style=\"height: 24px;\">\n<td style=\"width: 59.0596%; height: 24px;\">Naknada za obradu kreditnog zahtjeva %<\/td>\n<td style=\"width: 167.286%; height: 24px;\">bez naknade<\/td>\n<\/tr>\n<tr style=\"height: 24px;\">\n<td style=\"width: 59.0596%; height: 24px;\">Kamatna stopa fiksna<\/td>\n<td style=\"width: 167.286%; height: 24px;\">6,29%<\/td>\n<\/tr>\n<tr style=\"height: 24px;\">\n<td style=\"width: 59.0596%; height: 24px;\">EKS<\/td>\n<td style=\"width: 167.286%; height: 24px;\">6,48%<\/td>\n<\/tr>\n<tr style=\"height: 24px;\">\n<td style=\"width: 59.0596%; height: 24px;\">Intercalary interest rate<\/td>\n<td style=\"width: 167.286%; height: 24px;\">51,70<\/td>\n<\/tr>\n<tr style=\"height: 24px;\">\n<td style=\"width: 59.0596%; height: 24px;\">Iznos kamate za razdoblje otplate<\/td>\n<td style=\"width: 167.286%; height: 24px;\">2.439,99<\/td>\n<\/tr>\n<tr style=\"height: 24px;\">\n<td style=\"width: 59.0596%; height: 24px;\">Visina mjese\u010dnog anuiteta za razdoblje otplate<\/td>\n<td style=\"width: 167.286%; height: 24px;\">147,48<\/td>\n<\/tr>\n<tr style=\"height: 24px;\">\n<td style=\"width: 59.0596%; height: 24px;\">Ukupan iznos za otplatu*<\/td>\n<td style=\"width: 167.286%; height: 24px;\"><strong>12.439,99<\/strong><\/td>\n<\/tr>\n<\/tbody>\n<\/table>\n<p>*Ukupan iznos za otplatu uklju\u010duje iznos glavnice kredita, kamatu obra\u010dunatu do dospije\u0107a uz pretpostavku isplate kredita 01.01.<\/p>\n<\/div>\r\n\r\n<\/div>","protected":false},"excerpt":{"rendered":"<p>Treptajem oka rije\u0161i financijske probleme iz svoje omiljene fotelje! &nbsp; EUR IZNOS: 1.000 do 13.000 eur KAMATA, fiksna: 6,29 % ROK OTPLATE: od 3 do 7 godina Nije uvjet da [&hellip;]<\/p>","protected":false},"author":14,"featured_media":9774,"parent":789,"menu_order":0,"comment_status":"closed","ping_status":"closed","template":"page-template-3.php","meta":{"_acf_changed":false,"footnotes":""},"categories":[3],"tags":[],"class_list":["post-9767","page","type-page","status-publish","has-post-thumbnail","hentry","category-izdvojeno-na-naslovnici"],"acf":[],"yoast_head":"<!-- This site is optimized with the Yoast SEO plugin v25.4 - https:\/\/yoast.com\/wordpress\/plugins\/seo\/ -->\n<title>BLINK KREDIT - Slatinska Banka<\/title>\n<meta name=\"robots\" content=\"index, follow, max-snippet:-1, max-image-preview:large, max-video-preview:-1\" \/>\n<link rel=\"canonical\" href=\"https:\/\/www.slatinska-banka.hr\/en\/gradani\/krediti-i-financiranja\/gotovinski-krediti\/blink-kredit\/\" \/>\n<meta property=\"og:locale\" content=\"en_US\" \/>\n<meta property=\"og:type\" content=\"article\" \/>\n<meta property=\"og:title\" content=\"BLINK KREDIT - Slatinska Banka\" \/>\n<meta property=\"og:description\" content=\"Treptajem oka rije\u0161i financijske probleme iz svoje omiljene fotelje! &nbsp; EUR IZNOS: 1.000 do 13.000 eur KAMATA, fiksna: 6,29 % ROK OTPLATE: od 3 do 7 godina Nije uvjet da [&hellip;]\" \/>\n<meta property=\"og:url\" content=\"https:\/\/www.slatinska-banka.hr\/en\/gradani\/krediti-i-financiranja\/gotovinski-krediti\/blink-kredit\/\" \/>\n<meta property=\"og:site_name\" content=\"Slatinska Banka\" \/>\n<meta property=\"article:publisher\" content=\"https:\/\/www.facebook.com\/slatinskabanka\/\" \/>\n<meta property=\"article:modified_time\" content=\"2026-03-05T08:46:30+00:00\" \/>\n<meta property=\"og:image\" content=\"https:\/\/www.slatinska-banka.hr\/wp-content\/uploads\/SLATINSKA-BANKA-BLINK-Post-gif-1x1-2.jpg\" \/>\n\t<meta property=\"og:image:width\" content=\"1250\" \/>\n\t<meta property=\"og:image:height\" content=\"1250\" \/>\n\t<meta property=\"og:image:type\" content=\"image\/jpeg\" \/>\n<meta name=\"twitter:card\" content=\"summary_large_image\" \/>\n<meta name=\"twitter:label1\" content=\"Est. reading time\" \/>\n\t<meta name=\"twitter:data1\" content=\"1 minute\" \/>\n<script type=\"application\/ld+json\" class=\"yoast-schema-graph\">{\"@context\":\"https:\/\/schema.org\",\"@graph\":[{\"@type\":\"WebPage\",\"@id\":\"https:\/\/www.slatinska-banka.hr\/gradani\/krediti-i-financiranja\/gotovinski-krediti\/blink-kredit\/\",\"url\":\"https:\/\/www.slatinska-banka.hr\/gradani\/krediti-i-financiranja\/gotovinski-krediti\/blink-kredit\/\",\"name\":\"BLINK KREDIT - Slatinska Banka\",\"isPartOf\":{\"@id\":\"https:\/\/www.slatinska-banka.hr\/#website\"},\"primaryImageOfPage\":{\"@id\":\"https:\/\/www.slatinska-banka.hr\/gradani\/krediti-i-financiranja\/gotovinski-krediti\/blink-kredit\/#primaryimage\"},\"image\":{\"@id\":\"https:\/\/www.slatinska-banka.hr\/gradani\/krediti-i-financiranja\/gotovinski-krediti\/blink-kredit\/#primaryimage\"},\"thumbnailUrl\":\"https:\/\/www.slatinska-banka.hr\/wp-content\/uploads\/SLATINSKA-BANKA-BLINK-Post-gif-1x1-2.jpg\",\"datePublished\":\"2020-10-14T09:24:08+00:00\",\"dateModified\":\"2026-03-05T08:46:30+00:00\",\"breadcrumb\":{\"@id\":\"https:\/\/www.slatinska-banka.hr\/gradani\/krediti-i-financiranja\/gotovinski-krediti\/blink-kredit\/#breadcrumb\"},\"inLanguage\":\"en-US\",\"potentialAction\":[{\"@type\":\"ReadAction\",\"target\":[\"https:\/\/www.slatinska-banka.hr\/gradani\/krediti-i-financiranja\/gotovinski-krediti\/blink-kredit\/\"]}]},{\"@type\":\"ImageObject\",\"inLanguage\":\"en-US\",\"@id\":\"https:\/\/www.slatinska-banka.hr\/gradani\/krediti-i-financiranja\/gotovinski-krediti\/blink-kredit\/#primaryimage\",\"url\":\"https:\/\/www.slatinska-banka.hr\/wp-content\/uploads\/SLATINSKA-BANKA-BLINK-Post-gif-1x1-2.jpg\",\"contentUrl\":\"https:\/\/www.slatinska-banka.hr\/wp-content\/uploads\/SLATINSKA-BANKA-BLINK-Post-gif-1x1-2.jpg\",\"width\":1250,\"height\":1250},{\"@type\":\"BreadcrumbList\",\"@id\":\"https:\/\/www.slatinska-banka.hr\/gradani\/krediti-i-financiranja\/gotovinski-krediti\/blink-kredit\/#breadcrumb\",\"itemListElement\":[{\"@type\":\"ListItem\",\"position\":1,\"name\":\"Gra\u0111ani\",\"item\":\"https:\/\/www.slatinska-banka.hr\/gradani\/\"},{\"@type\":\"ListItem\",\"position\":2,\"name\":\"Krediti i financiranja\",\"item\":\"https:\/\/www.slatinska-banka.hr\/gradani\/krediti-i-financiranja\/\"},{\"@type\":\"ListItem\",\"position\":3,\"name\":\"Gotovinski krediti\",\"item\":\"https:\/\/www.slatinska-banka.hr\/gradani\/krediti-i-financiranja\/gotovinski-krediti\/\"},{\"@type\":\"ListItem\",\"position\":4,\"name\":\"BLINK KREDIT\"}]},{\"@type\":\"WebSite\",\"@id\":\"https:\/\/www.slatinska-banka.hr\/#website\",\"url\":\"https:\/\/www.slatinska-banka.hr\/\",\"name\":\"Slatinska Banka\",\"description\":\"Razlika je u pristupu\",\"publisher\":{\"@id\":\"https:\/\/www.slatinska-banka.hr\/#organization\"},\"potentialAction\":[{\"@type\":\"SearchAction\",\"target\":{\"@type\":\"EntryPoint\",\"urlTemplate\":\"https:\/\/www.slatinska-banka.hr\/?s={search_term_string}\"},\"query-input\":{\"@type\":\"PropertyValueSpecification\",\"valueRequired\":true,\"valueName\":\"search_term_string\"}}],\"inLanguage\":\"en-US\"},{\"@type\":\"Organization\",\"@id\":\"https:\/\/www.slatinska-banka.hr\/#organization\",\"name\":\"Slatinska banka d.d.\",\"url\":\"https:\/\/www.slatinska-banka.hr\/\",\"logo\":{\"@type\":\"ImageObject\",\"inLanguage\":\"en-US\",\"@id\":\"https:\/\/www.slatinska-banka.hr\/#\/schema\/logo\/image\/\",\"url\":\"https:\/\/www.slatinska-banka.hr\/wp-content\/uploads\/2019\/02\/logo_big.png\",\"contentUrl\":\"https:\/\/www.slatinska-banka.hr\/wp-content\/uploads\/2019\/02\/logo_big.png\",\"width\":302,\"height\":244,\"caption\":\"Slatinska banka d.d.\"},\"image\":{\"@id\":\"https:\/\/www.slatinska-banka.hr\/#\/schema\/logo\/image\/\"},\"sameAs\":[\"https:\/\/www.facebook.com\/slatinskabanka\/\",\"https:\/\/www.linkedin.com\/company\/slatinska-banka-dd\"]}]}<\/script>\n<!-- \/ Yoast SEO plugin. -->","yoast_head_json":{"title":"BLINK KREDIT - Slatinska Banka","robots":{"index":"index","follow":"follow","max-snippet":"max-snippet:-1","max-image-preview":"max-image-preview:large","max-video-preview":"max-video-preview:-1"},"canonical":"https:\/\/www.slatinska-banka.hr\/en\/gradani\/krediti-i-financiranja\/gotovinski-krediti\/blink-kredit\/","og_locale":"en_US","og_type":"article","og_title":"BLINK KREDIT - Slatinska Banka","og_description":"Treptajem oka rije\u0161i financijske probleme iz svoje omiljene fotelje! &nbsp; EUR IZNOS: 1.000 do 13.000 eur KAMATA, fiksna: 6,29 % ROK OTPLATE: od 3 do 7 godina Nije uvjet da [&hellip;]","og_url":"https:\/\/www.slatinska-banka.hr\/en\/gradani\/krediti-i-financiranja\/gotovinski-krediti\/blink-kredit\/","og_site_name":"Slatinska Banka","article_publisher":"https:\/\/www.facebook.com\/slatinskabanka\/","article_modified_time":"2026-03-05T08:46:30+00:00","og_image":[{"width":1250,"height":1250,"url":"https:\/\/www.slatinska-banka.hr\/wp-content\/uploads\/SLATINSKA-BANKA-BLINK-Post-gif-1x1-2.jpg","type":"image\/jpeg"}],"twitter_card":"summary_large_image","twitter_misc":{"Est. reading time":"1 minute"},"schema":{"@context":"https:\/\/schema.org","@graph":[{"@type":"WebPage","@id":"https:\/\/www.slatinska-banka.hr\/gradani\/krediti-i-financiranja\/gotovinski-krediti\/blink-kredit\/","url":"https:\/\/www.slatinska-banka.hr\/gradani\/krediti-i-financiranja\/gotovinski-krediti\/blink-kredit\/","name":"BLINK KREDIT - Slatinska Banka","isPartOf":{"@id":"https:\/\/www.slatinska-banka.hr\/#website"},"primaryImageOfPage":{"@id":"https:\/\/www.slatinska-banka.hr\/gradani\/krediti-i-financiranja\/gotovinski-krediti\/blink-kredit\/#primaryimage"},"image":{"@id":"https:\/\/www.slatinska-banka.hr\/gradani\/krediti-i-financiranja\/gotovinski-krediti\/blink-kredit\/#primaryimage"},"thumbnailUrl":"https:\/\/www.slatinska-banka.hr\/wp-content\/uploads\/SLATINSKA-BANKA-BLINK-Post-gif-1x1-2.jpg","datePublished":"2020-10-14T09:24:08+00:00","dateModified":"2026-03-05T08:46:30+00:00","breadcrumb":{"@id":"https:\/\/www.slatinska-banka.hr\/gradani\/krediti-i-financiranja\/gotovinski-krediti\/blink-kredit\/#breadcrumb"},"inLanguage":"en-US","potentialAction":[{"@type":"ReadAction","target":["https:\/\/www.slatinska-banka.hr\/gradani\/krediti-i-financiranja\/gotovinski-krediti\/blink-kredit\/"]}]},{"@type":"ImageObject","inLanguage":"en-US","@id":"https:\/\/www.slatinska-banka.hr\/gradani\/krediti-i-financiranja\/gotovinski-krediti\/blink-kredit\/#primaryimage","url":"https:\/\/www.slatinska-banka.hr\/wp-content\/uploads\/SLATINSKA-BANKA-BLINK-Post-gif-1x1-2.jpg","contentUrl":"https:\/\/www.slatinska-banka.hr\/wp-content\/uploads\/SLATINSKA-BANKA-BLINK-Post-gif-1x1-2.jpg","width":1250,"height":1250},{"@type":"BreadcrumbList","@id":"https:\/\/www.slatinska-banka.hr\/gradani\/krediti-i-financiranja\/gotovinski-krediti\/blink-kredit\/#breadcrumb","itemListElement":[{"@type":"ListItem","position":1,"name":"Gra\u0111ani","item":"https:\/\/www.slatinska-banka.hr\/gradani\/"},{"@type":"ListItem","position":2,"name":"Krediti i financiranja","item":"https:\/\/www.slatinska-banka.hr\/gradani\/krediti-i-financiranja\/"},{"@type":"ListItem","position":3,"name":"Gotovinski krediti","item":"https:\/\/www.slatinska-banka.hr\/gradani\/krediti-i-financiranja\/gotovinski-krediti\/"},{"@type":"ListItem","position":4,"name":"BLINK KREDIT"}]},{"@type":"WebSite","@id":"https:\/\/www.slatinska-banka.hr\/#website","url":"https:\/\/www.slatinska-banka.hr\/","name":"Slatinska Banka","description":"Razlika je u pristupu","publisher":{"@id":"https:\/\/www.slatinska-banka.hr\/#organization"},"potentialAction":[{"@type":"SearchAction","target":{"@type":"EntryPoint","urlTemplate":"https:\/\/www.slatinska-banka.hr\/?s={search_term_string}"},"query-input":{"@type":"PropertyValueSpecification","valueRequired":true,"valueName":"search_term_string"}}],"inLanguage":"en-US"},{"@type":"Organization","@id":"https:\/\/www.slatinska-banka.hr\/#organization","name":"Slatinska banka d.d.","url":"https:\/\/www.slatinska-banka.hr\/","logo":{"@type":"ImageObject","inLanguage":"en-US","@id":"https:\/\/www.slatinska-banka.hr\/#\/schema\/logo\/image\/","url":"https:\/\/www.slatinska-banka.hr\/wp-content\/uploads\/2019\/02\/logo_big.png","contentUrl":"https:\/\/www.slatinska-banka.hr\/wp-content\/uploads\/2019\/02\/logo_big.png","width":302,"height":244,"caption":"Slatinska banka d.d."},"image":{"@id":"https:\/\/www.slatinska-banka.hr\/#\/schema\/logo\/image\/"},"sameAs":["https:\/\/www.facebook.com\/slatinskabanka\/","https:\/\/www.linkedin.com\/company\/slatinska-banka-dd"]}]}},"_links":{"self":[{"href":"https:\/\/www.slatinska-banka.hr\/en\/wp-json\/wp\/v2\/pages\/9767","targetHints":{"allow":["GET"]}}],"collection":[{"href":"https:\/\/www.slatinska-banka.hr\/en\/wp-json\/wp\/v2\/pages"}],"about":[{"href":"https:\/\/www.slatinska-banka.hr\/en\/wp-json\/wp\/v2\/types\/page"}],"author":[{"embeddable":true,"href":"https:\/\/www.slatinska-banka.hr\/en\/wp-json\/wp\/v2\/users\/14"}],"replies":[{"embeddable":true,"href":"https:\/\/www.slatinska-banka.hr\/en\/wp-json\/wp\/v2\/comments?post=9767"}],"version-history":[{"count":48,"href":"https:\/\/www.slatinska-banka.hr\/en\/wp-json\/wp\/v2\/pages\/9767\/revisions"}],"predecessor-version":[{"id":4621359,"href":"https:\/\/www.slatinska-banka.hr\/en\/wp-json\/wp\/v2\/pages\/9767\/revisions\/4621359"}],"up":[{"embeddable":true,"href":"https:\/\/www.slatinska-banka.hr\/en\/wp-json\/wp\/v2\/pages\/789"}],"wp:featuredmedia":[{"embeddable":true,"href":"https:\/\/www.slatinska-banka.hr\/en\/wp-json\/wp\/v2\/media\/9774"}],"wp:attachment":[{"href":"https:\/\/www.slatinska-banka.hr\/en\/wp-json\/wp\/v2\/media?parent=9767"}],"wp:term":[{"taxonomy":"category","embeddable":true,"href":"https:\/\/www.slatinska-banka.hr\/en\/wp-json\/wp\/v2\/categories?post=9767"},{"taxonomy":"post_tag","embeddable":true,"href":"https:\/\/www.slatinska-banka.hr\/en\/wp-json\/wp\/v2\/tags?post=9767"}],"curies":[{"name":"wp","href":"https:\/\/api.w.org\/{rel}","templated":true}]}}