{"id":897,"date":"2019-02-07T15:28:04","date_gmt":"2019-02-07T14:28:04","guid":{"rendered":"http:\/\/www.slatinska-banka.hr\/?page_id=897"},"modified":"2026-04-21T10:32:07","modified_gmt":"2026-04-21T08:32:07","slug":"dopusteno-prekoracenje","status":"publish","type":"page","link":"https:\/\/www.slatinska-banka.hr\/en\/gradani\/krediti-i-financiranja\/ostale-mogucnosti-financiranja\/dopusteno-prekoracenje\/","title":{"rendered":"Dopu\u0161teno prekora\u010denje"},"content":{"rendered":"<p class=\"intro\">Na lak i jednostavan na\u010din mo\u017ee\u0161 do\u0107i do dodatnih sredstava.<\/p>\r\n\r\n<h4>Redovnim priljevom pla\u0107e ili mirovine na ra\u010dun, ima\u0161 pravo na ugovoreno dopu\u0161teno prekora\u010denje do iznosa 3.000,00 EUR-a:<\/h4>\r\n<table class=\"contentTable\">\r\n<tbody>\r\n<tr>\r\n<td style=\"width: 252px; text-align: center;\">Godi\u0161nja kamatna stopa fiksna<\/td>\r\n<td style=\"width: 197.6px; text-align: center;\">Rok<\/td>\r\n<\/tr>\r\n<tr>\r\n<td style=\"width: 252px; text-align: center;\">5,25%<\/td>\r\n<td style=\"width: 197.6px; text-align: center;\">6 ili 12 mjeseci<\/td>\r\n<\/tr>\r\n<tr>\r\n<td style=\"width: 252px; text-align: center;\">napla\u0107uje se i obra\u010dunava mjese\u010dno<\/td>\r\n<td style=\"width: 197.6px; text-align: center;\">ovisno o poslovanju klijenta<\/td>\r\n<\/tr>\r\n<\/tbody>\r\n<\/table>\r\n<h6>Maksimalni limit za ugovoreno dopu\u0161teno prekora\u010denje: 3.000,00 EUR<\/h6>\r\n<div class=\"accordeon\">\r\n\r\n<h2><span class=\"naslov\">Dokumenti<\/span><\/h2><div><ul>\n<li><a href=\"https:\/\/www.slatinska-banka.hr\/wp-content\/uploads\/INFORMATIVNI-OBRAZAC-ugovoreno_dopusteno_prekoracenje_20250701.pdf\">Informativni obrazac za ugovoreno dopu\u0161teno prekora\u010denje (pdf)<\/a><\/li>\n<li><a href=\"https:\/\/www.slatinska-banka.hr\/wp-content\/uploads\/INFORMATIVNI-OBRAZAC-tekuci_racun_i_debitna_kartica_20260418.pdf\">Informativni obrazac za teku\u0107i ra\u010dun i debitnu karticu<\/a><\/li>\n<li><a href=\"https:\/\/www.slatinska-banka.hr\/wp-content\/uploads\/Zahtjev_za_kredit_potrosaca_20250314-1-2-1.pdf\">Zahtjev za kredit<\/a><\/li>\n<li><a href=\"https:\/\/www.slatinska-banka.hr\/wp-content\/uploads\/Obrazac-za-jamca-platca-suduznika-u-zahtjevu-za-kredit_20230101.pdf\">Obrazac za jamca-platca; sudu\u017enika u zahtjevu za kredit<\/a><\/li>\n<li><a href=\"https:\/\/www.slatinska-banka.hr\/wp-content\/uploads\/Potvrda-poslodavca.pdf\">Potvrda poslodavca<\/a><\/li>\n<li><a href=\"https:\/\/www.slatinska-banka.hr\/wp-content\/uploads\/POUP049-01-2023-Izjava_o_privatnosti_krediti_kreditne-kartice_MBPlus_listopad2025-1.pdf\">Izjava o privatnosti<\/a><\/li>\n<li><a href=\"https:\/\/www.slatinska-banka.hr\/wp-content\/uploads\/Dokumentacija-koju-je-potrebno-priloziti-uz-zahtjev-za-kredit-sijecanj-2026.pdf\">Popis dokumentacije<\/a><\/li>\n<li><a href=\"https:\/\/www.slatinska-banka.hr\/wp-content\/uploads\/Informacije-o-obradi-osobnih-podataka-u-OSR_sijecanj2025_.pdf\">Informacije o obradi osobnih podataka u OSR sustavu<\/a><\/li>\n<\/ul>\n<\/div>\r\n\r\n<h2><span class=\"naslov\">Reprezentativni primjer<\/span><\/h2><div><table style=\"width: 44.1095%; height: 192px;\">\n<tbody>\n<tr style=\"height: 24px;\">\n<td style=\"height: 24px; width: 64.3678%;\"><\/td>\n<td style=\"height: 24px; width: 15.5993%;\"><\/td>\n<td style=\"height: 24px; width: 18.2266%;\"><\/td>\n<\/tr>\n<tr style=\"height: 24px;\">\n<td style=\"height: 24px; width: 64.3678%;\">Iznos kredita<\/td>\n<td style=\"height: 24px; width: 15.5993%;\">\u00a01.327,23<\/td>\n<td style=\"height: 24px; width: 18.2266%;\">\u00a01.327,23<\/td>\n<\/tr>\n<tr style=\"height: 24px;\">\n<td style=\"height: 24px; width: 64.3678%;\">Rok otplate<\/td>\n<td style=\"height: 24px; width: 15.5993%;\">6 mj<\/td>\n<td style=\"height: 24px; width: 18.2266%;\">12 mj<\/td>\n<\/tr>\n<tr style=\"height: 24px;\">\n<td style=\"height: 24px; width: 64.3678%;\">Mjese\u010dna naknada za vo\u0111enje ra\u010duna<\/td>\n<td style=\"height: 24px; width: 15.5993%;\">1,99<\/td>\n<td style=\"height: 24px; width: 18.2266%;\">1,99<\/td>\n<\/tr>\n<tr style=\"height: 24px;\">\n<td style=\"height: 24px; width: 64.3678%;\">Kamatna stopa fiksna<\/td>\n<td style=\"height: 24px; width: 15.5993%;\">5,25%<\/td>\n<td style=\"height: 24px; width: 18.2266%;\">5,25%<\/td>\n<\/tr>\n<tr style=\"height: 24px;\">\n<td style=\"height: 24px; width: 64.3678%;\">EKS<\/td>\n<td style=\"height: 24px; width: 15.5993%;\">7,11%<\/td>\n<td style=\"height: 24px; width: 18.2266%;\">7,15%<\/td>\n<\/tr>\n<tr style=\"height: 24px;\">\n<td style=\"height: 24px; width: 64.3678%;\">Iznos kamate za razdoblje otplate<\/td>\n<td style=\"height: 24px; width: 15.5993%;\">33,74<\/td>\n<td style=\"height: 24px; width: 18.2266%;\">68,04<\/td>\n<\/tr>\n<tr style=\"height: 24px;\">\n<td style=\"height: 24px; width: 64.3678%;\">Ukupan iznos za otplatu*<\/td>\n<td style=\"height: 24px; width: 15.5993%;\">1.372,91*<\/td>\n<td style=\"height: 24px; width: 18.2266%;\">1.419,15**<\/td>\n<\/tr>\n<\/tbody>\n<\/table>\n<p>*Ukupan iznos za otplatu uklju\u010duje iznos prekora\u010denja, kamatu obra\u010dunatu do dospije\u0107a, te mjese\u010dnu naknadu za vo\u0111enje<br \/>\nra\u010duna (1,99 EUR x 6 mjeseci), uz pretpostavku isplate kredita 01.01.<br \/>\n**Ukupan iznos za otplatu uklju\u010duje iznos prekora\u010denja, kamatu obra\u010dunatu do dospije\u0107a, te mjese\u010dnu naknadu za vo\u0111enje<br \/>\nra\u010duna (1,99 EUR x 12 mjeseci), uz pretpostavku isplate kredita 01.01.<\/p>\n<\/div>\r\n\r\n<\/div>\r\n\r\nAKO SI ZAINTERESIRAN\/A, POPUNI OBRAZAC I KONTAKTIRATI \u0106EMO TE U KRATKOM ROKU","protected":false},"excerpt":{"rendered":"<p>Na lak i jednostavan na\u010din mo\u017ee\u0161 do\u0107i do dodatnih sredstava. Redovnim priljevom pla\u0107e ili mirovine na ra\u010dun, ima\u0161 pravo na ugovoreno dopu\u0161teno prekora\u010denje do iznosa 3.000,00 EUR-a: Godi\u0161nja kamatna stopa [&hellip;]<\/p>","protected":false},"author":14,"featured_media":535694,"parent":878,"menu_order":3,"comment_status":"closed","ping_status":"closed","template":"page-template-4.php","meta":{"_acf_changed":false,"footnotes":""},"categories":[],"tags":[],"class_list":["post-897","page","type-page","status-publish","has-post-thumbnail","hentry"],"acf":[],"yoast_head":"<!-- This site is optimized with the Yoast SEO plugin v25.4 - https:\/\/yoast.com\/wordpress\/plugins\/seo\/ -->\n<title>Dopu\u0161teno prekora\u010denje - Slatinska Banka<\/title>\n<meta name=\"robots\" content=\"index, follow, max-snippet:-1, max-image-preview:large, max-video-preview:-1\" \/>\n<link rel=\"canonical\" href=\"https:\/\/www.slatinska-banka.hr\/en\/gradani\/krediti-i-financiranja\/ostale-mogucnosti-financiranja\/dopusteno-prekoracenje\/\" \/>\n<meta property=\"og:locale\" content=\"en_US\" \/>\n<meta property=\"og:type\" content=\"article\" \/>\n<meta property=\"og:title\" content=\"Dopu\u0161teno prekora\u010denje - Slatinska Banka\" \/>\n<meta property=\"og:description\" content=\"Na lak i jednostavan na\u010din mo\u017ee\u0161 do\u0107i do dodatnih sredstava. Redovnim priljevom pla\u0107e ili mirovine na ra\u010dun, ima\u0161 pravo na ugovoreno dopu\u0161teno prekora\u010denje do iznosa 3.000,00 EUR-a: Godi\u0161nja kamatna stopa [&hellip;]\" \/>\n<meta property=\"og:url\" content=\"https:\/\/www.slatinska-banka.hr\/en\/gradani\/krediti-i-financiranja\/ostale-mogucnosti-financiranja\/dopusteno-prekoracenje\/\" \/>\n<meta property=\"og:site_name\" content=\"Slatinska Banka\" \/>\n<meta property=\"article:publisher\" content=\"https:\/\/www.facebook.com\/slatinskabanka\/\" \/>\n<meta property=\"article:modified_time\" content=\"2026-04-21T08:32:07+00:00\" \/>\n<meta property=\"og:image\" content=\"https:\/\/www.slatinska-banka.hr\/wp-content\/uploads\/dopusteno-prekoracenje.png\" \/>\n\t<meta property=\"og:image:width\" content=\"376\" \/>\n\t<meta property=\"og:image:height\" content=\"372\" \/>\n\t<meta property=\"og:image:type\" content=\"image\/png\" \/>\n<meta name=\"twitter:card\" content=\"summary_large_image\" \/>\n<meta name=\"twitter:label1\" content=\"Est. reading time\" \/>\n\t<meta name=\"twitter:data1\" content=\"2 minutes\" \/>\n<script type=\"application\/ld+json\" class=\"yoast-schema-graph\">{\"@context\":\"https:\/\/schema.org\",\"@graph\":[{\"@type\":\"WebPage\",\"@id\":\"https:\/\/www.slatinska-banka.hr\/gradani\/krediti-i-financiranja\/ostale-mogucnosti-financiranja\/dopusteno-prekoracenje\/\",\"url\":\"https:\/\/www.slatinska-banka.hr\/gradani\/krediti-i-financiranja\/ostale-mogucnosti-financiranja\/dopusteno-prekoracenje\/\",\"name\":\"Dopu\u0161teno prekora\u010denje - Slatinska Banka\",\"isPartOf\":{\"@id\":\"https:\/\/www.slatinska-banka.hr\/#website\"},\"primaryImageOfPage\":{\"@id\":\"https:\/\/www.slatinska-banka.hr\/gradani\/krediti-i-financiranja\/ostale-mogucnosti-financiranja\/dopusteno-prekoracenje\/#primaryimage\"},\"image\":{\"@id\":\"https:\/\/www.slatinska-banka.hr\/gradani\/krediti-i-financiranja\/ostale-mogucnosti-financiranja\/dopusteno-prekoracenje\/#primaryimage\"},\"thumbnailUrl\":\"https:\/\/www.slatinska-banka.hr\/wp-content\/uploads\/dopusteno-prekoracenje.png\",\"datePublished\":\"2019-02-07T14:28:04+00:00\",\"dateModified\":\"2026-04-21T08:32:07+00:00\",\"breadcrumb\":{\"@id\":\"https:\/\/www.slatinska-banka.hr\/gradani\/krediti-i-financiranja\/ostale-mogucnosti-financiranja\/dopusteno-prekoracenje\/#breadcrumb\"},\"inLanguage\":\"en-US\",\"potentialAction\":[{\"@type\":\"ReadAction\",\"target\":[\"https:\/\/www.slatinska-banka.hr\/gradani\/krediti-i-financiranja\/ostale-mogucnosti-financiranja\/dopusteno-prekoracenje\/\"]}]},{\"@type\":\"ImageObject\",\"inLanguage\":\"en-US\",\"@id\":\"https:\/\/www.slatinska-banka.hr\/gradani\/krediti-i-financiranja\/ostale-mogucnosti-financiranja\/dopusteno-prekoracenje\/#primaryimage\",\"url\":\"https:\/\/www.slatinska-banka.hr\/wp-content\/uploads\/dopusteno-prekoracenje.png\",\"contentUrl\":\"https:\/\/www.slatinska-banka.hr\/wp-content\/uploads\/dopusteno-prekoracenje.png\",\"width\":376,\"height\":372},{\"@type\":\"BreadcrumbList\",\"@id\":\"https:\/\/www.slatinska-banka.hr\/gradani\/krediti-i-financiranja\/ostale-mogucnosti-financiranja\/dopusteno-prekoracenje\/#breadcrumb\",\"itemListElement\":[{\"@type\":\"ListItem\",\"position\":1,\"name\":\"Gra\u0111ani\",\"item\":\"https:\/\/www.slatinska-banka.hr\/gradani\/\"},{\"@type\":\"ListItem\",\"position\":2,\"name\":\"Krediti i financiranja\",\"item\":\"https:\/\/www.slatinska-banka.hr\/gradani\/krediti-i-financiranja\/\"},{\"@type\":\"ListItem\",\"position\":3,\"name\":\"Ostale mogu\u0107nosti financiranja\",\"item\":\"https:\/\/www.slatinska-banka.hr\/gradani\/krediti-i-financiranja\/ostale-mogucnosti-financiranja\/\"},{\"@type\":\"ListItem\",\"position\":4,\"name\":\"Dopu\u0161teno prekora\u010denje\"}]},{\"@type\":\"WebSite\",\"@id\":\"https:\/\/www.slatinska-banka.hr\/#website\",\"url\":\"https:\/\/www.slatinska-banka.hr\/\",\"name\":\"Slatinska Banka\",\"description\":\"Razlika je u pristupu\",\"publisher\":{\"@id\":\"https:\/\/www.slatinska-banka.hr\/#organization\"},\"potentialAction\":[{\"@type\":\"SearchAction\",\"target\":{\"@type\":\"EntryPoint\",\"urlTemplate\":\"https:\/\/www.slatinska-banka.hr\/?s={search_term_string}\"},\"query-input\":{\"@type\":\"PropertyValueSpecification\",\"valueRequired\":true,\"valueName\":\"search_term_string\"}}],\"inLanguage\":\"en-US\"},{\"@type\":\"Organization\",\"@id\":\"https:\/\/www.slatinska-banka.hr\/#organization\",\"name\":\"Slatinska banka d.d.\",\"url\":\"https:\/\/www.slatinska-banka.hr\/\",\"logo\":{\"@type\":\"ImageObject\",\"inLanguage\":\"en-US\",\"@id\":\"https:\/\/www.slatinska-banka.hr\/#\/schema\/logo\/image\/\",\"url\":\"https:\/\/www.slatinska-banka.hr\/wp-content\/uploads\/2019\/02\/logo_big.png\",\"contentUrl\":\"https:\/\/www.slatinska-banka.hr\/wp-content\/uploads\/2019\/02\/logo_big.png\",\"width\":302,\"height\":244,\"caption\":\"Slatinska banka d.d.\"},\"image\":{\"@id\":\"https:\/\/www.slatinska-banka.hr\/#\/schema\/logo\/image\/\"},\"sameAs\":[\"https:\/\/www.facebook.com\/slatinskabanka\/\",\"https:\/\/www.linkedin.com\/company\/slatinska-banka-dd\"]}]}<\/script>\n<!-- \/ Yoast SEO plugin. -->","yoast_head_json":{"title":"Dopu\u0161teno prekora\u010denje - Slatinska Banka","robots":{"index":"index","follow":"follow","max-snippet":"max-snippet:-1","max-image-preview":"max-image-preview:large","max-video-preview":"max-video-preview:-1"},"canonical":"https:\/\/www.slatinska-banka.hr\/en\/gradani\/krediti-i-financiranja\/ostale-mogucnosti-financiranja\/dopusteno-prekoracenje\/","og_locale":"en_US","og_type":"article","og_title":"Dopu\u0161teno prekora\u010denje - Slatinska Banka","og_description":"Na lak i jednostavan na\u010din mo\u017ee\u0161 do\u0107i do dodatnih sredstava. Redovnim priljevom pla\u0107e ili mirovine na ra\u010dun, ima\u0161 pravo na ugovoreno dopu\u0161teno prekora\u010denje do iznosa 3.000,00 EUR-a: Godi\u0161nja kamatna stopa [&hellip;]","og_url":"https:\/\/www.slatinska-banka.hr\/en\/gradani\/krediti-i-financiranja\/ostale-mogucnosti-financiranja\/dopusteno-prekoracenje\/","og_site_name":"Slatinska Banka","article_publisher":"https:\/\/www.facebook.com\/slatinskabanka\/","article_modified_time":"2026-04-21T08:32:07+00:00","og_image":[{"width":376,"height":372,"url":"https:\/\/www.slatinska-banka.hr\/wp-content\/uploads\/dopusteno-prekoracenje.png","type":"image\/png"}],"twitter_card":"summary_large_image","twitter_misc":{"Est. reading time":"2 minutes"},"schema":{"@context":"https:\/\/schema.org","@graph":[{"@type":"WebPage","@id":"https:\/\/www.slatinska-banka.hr\/gradani\/krediti-i-financiranja\/ostale-mogucnosti-financiranja\/dopusteno-prekoracenje\/","url":"https:\/\/www.slatinska-banka.hr\/gradani\/krediti-i-financiranja\/ostale-mogucnosti-financiranja\/dopusteno-prekoracenje\/","name":"Dopu\u0161teno prekora\u010denje - Slatinska Banka","isPartOf":{"@id":"https:\/\/www.slatinska-banka.hr\/#website"},"primaryImageOfPage":{"@id":"https:\/\/www.slatinska-banka.hr\/gradani\/krediti-i-financiranja\/ostale-mogucnosti-financiranja\/dopusteno-prekoracenje\/#primaryimage"},"image":{"@id":"https:\/\/www.slatinska-banka.hr\/gradani\/krediti-i-financiranja\/ostale-mogucnosti-financiranja\/dopusteno-prekoracenje\/#primaryimage"},"thumbnailUrl":"https:\/\/www.slatinska-banka.hr\/wp-content\/uploads\/dopusteno-prekoracenje.png","datePublished":"2019-02-07T14:28:04+00:00","dateModified":"2026-04-21T08:32:07+00:00","breadcrumb":{"@id":"https:\/\/www.slatinska-banka.hr\/gradani\/krediti-i-financiranja\/ostale-mogucnosti-financiranja\/dopusteno-prekoracenje\/#breadcrumb"},"inLanguage":"en-US","potentialAction":[{"@type":"ReadAction","target":["https:\/\/www.slatinska-banka.hr\/gradani\/krediti-i-financiranja\/ostale-mogucnosti-financiranja\/dopusteno-prekoracenje\/"]}]},{"@type":"ImageObject","inLanguage":"en-US","@id":"https:\/\/www.slatinska-banka.hr\/gradani\/krediti-i-financiranja\/ostale-mogucnosti-financiranja\/dopusteno-prekoracenje\/#primaryimage","url":"https:\/\/www.slatinska-banka.hr\/wp-content\/uploads\/dopusteno-prekoracenje.png","contentUrl":"https:\/\/www.slatinska-banka.hr\/wp-content\/uploads\/dopusteno-prekoracenje.png","width":376,"height":372},{"@type":"BreadcrumbList","@id":"https:\/\/www.slatinska-banka.hr\/gradani\/krediti-i-financiranja\/ostale-mogucnosti-financiranja\/dopusteno-prekoracenje\/#breadcrumb","itemListElement":[{"@type":"ListItem","position":1,"name":"Gra\u0111ani","item":"https:\/\/www.slatinska-banka.hr\/gradani\/"},{"@type":"ListItem","position":2,"name":"Krediti i financiranja","item":"https:\/\/www.slatinska-banka.hr\/gradani\/krediti-i-financiranja\/"},{"@type":"ListItem","position":3,"name":"Ostale mogu\u0107nosti financiranja","item":"https:\/\/www.slatinska-banka.hr\/gradani\/krediti-i-financiranja\/ostale-mogucnosti-financiranja\/"},{"@type":"ListItem","position":4,"name":"Dopu\u0161teno prekora\u010denje"}]},{"@type":"WebSite","@id":"https:\/\/www.slatinska-banka.hr\/#website","url":"https:\/\/www.slatinska-banka.hr\/","name":"Slatinska Banka","description":"Razlika je u pristupu","publisher":{"@id":"https:\/\/www.slatinska-banka.hr\/#organization"},"potentialAction":[{"@type":"SearchAction","target":{"@type":"EntryPoint","urlTemplate":"https:\/\/www.slatinska-banka.hr\/?s={search_term_string}"},"query-input":{"@type":"PropertyValueSpecification","valueRequired":true,"valueName":"search_term_string"}}],"inLanguage":"en-US"},{"@type":"Organization","@id":"https:\/\/www.slatinska-banka.hr\/#organization","name":"Slatinska banka d.d.","url":"https:\/\/www.slatinska-banka.hr\/","logo":{"@type":"ImageObject","inLanguage":"en-US","@id":"https:\/\/www.slatinska-banka.hr\/#\/schema\/logo\/image\/","url":"https:\/\/www.slatinska-banka.hr\/wp-content\/uploads\/2019\/02\/logo_big.png","contentUrl":"https:\/\/www.slatinska-banka.hr\/wp-content\/uploads\/2019\/02\/logo_big.png","width":302,"height":244,"caption":"Slatinska banka d.d."},"image":{"@id":"https:\/\/www.slatinska-banka.hr\/#\/schema\/logo\/image\/"},"sameAs":["https:\/\/www.facebook.com\/slatinskabanka\/","https:\/\/www.linkedin.com\/company\/slatinska-banka-dd"]}]}},"_links":{"self":[{"href":"https:\/\/www.slatinska-banka.hr\/en\/wp-json\/wp\/v2\/pages\/897","targetHints":{"allow":["GET"]}}],"collection":[{"href":"https:\/\/www.slatinska-banka.hr\/en\/wp-json\/wp\/v2\/pages"}],"about":[{"href":"https:\/\/www.slatinska-banka.hr\/en\/wp-json\/wp\/v2\/types\/page"}],"author":[{"embeddable":true,"href":"https:\/\/www.slatinska-banka.hr\/en\/wp-json\/wp\/v2\/users\/14"}],"replies":[{"embeddable":true,"href":"https:\/\/www.slatinska-banka.hr\/en\/wp-json\/wp\/v2\/comments?post=897"}],"version-history":[{"count":124,"href":"https:\/\/www.slatinska-banka.hr\/en\/wp-json\/wp\/v2\/pages\/897\/revisions"}],"predecessor-version":[{"id":4708085,"href":"https:\/\/www.slatinska-banka.hr\/en\/wp-json\/wp\/v2\/pages\/897\/revisions\/4708085"}],"up":[{"embeddable":true,"href":"https:\/\/www.slatinska-banka.hr\/en\/wp-json\/wp\/v2\/pages\/878"}],"wp:featuredmedia":[{"embeddable":true,"href":"https:\/\/www.slatinska-banka.hr\/en\/wp-json\/wp\/v2\/media\/535694"}],"wp:attachment":[{"href":"https:\/\/www.slatinska-banka.hr\/en\/wp-json\/wp\/v2\/media?parent=897"}],"wp:term":[{"taxonomy":"category","embeddable":true,"href":"https:\/\/www.slatinska-banka.hr\/en\/wp-json\/wp\/v2\/categories?post=897"},{"taxonomy":"post_tag","embeddable":true,"href":"https:\/\/www.slatinska-banka.hr\/en\/wp-json\/wp\/v2\/tags?post=897"}],"curies":[{"name":"wp","href":"https:\/\/api.w.org\/{rel}","templated":true}]}}