{"id":893,"date":"2019-02-07T15:26:00","date_gmt":"2019-02-07T14:26:00","guid":{"rendered":"http:\/\/www.slatinska-banka.hr\/?page_id=893"},"modified":"2023-09-20T16:03:10","modified_gmt":"2023-09-20T14:03:10","slug":"dopusteno-prekoracenje","status":"publish","type":"page","link":"https:\/\/www.slatinska-banka.hr\/en\/gradani\/racuni-i-kartice\/tekuci-i-ziro-racuni\/dopusteno-prekoracenje\/","title":{"rendered":"MbPlus na rate"},"content":{"rendered":"<p class=\"intro\">\u017divite sada, pla\u0107ajte kasnije!<\/p>\r\n\r\n<h4>MB Plus usluga omogu\u0107uje Vam prakti\u010dnu i jednostavnu otplatu na rate.<\/h4>\r\n<h4>Sve \u0161to Vam je potrebno, dostupno Vam je odmah jer svaki tro\u0161ak mo\u017eete podijeliti na rate, uz limit do 3.000,00 EUR<\/h4>\r\n&nbsp;\r\n\r\n&nbsp;\r\n<table class=\"aligncenter\" style=\"width: 100%; border-collapse: collapse; border-color: #ffb700;\" border=\"1px\" cellpadding=\"5px\">\r\n<tbody>\r\n<tr>\r\n<td style=\"width: 100%;\" colspan=\"4\"><strong>MB PLA\u0106ANJE NA RATE<\/strong><\/td>\r\n<\/tr>\r\n<tr>\r\n<td style=\"width: 25%;\">KAMATNA STOPA<\/td>\r\n<td style=\"width: 25%;\">RATE<\/td>\r\n<td style=\"width: 25%;\">LIMIT<\/td>\r\n<td style=\"width: 25%;\">NAKNADE<\/td>\r\n<\/tr>\r\n<tr>\r\n<td style=\"width: 25%;\">0,00% , EKS(0,00)<\/td>\r\n<td style=\"width: 25%;\">2 do 12 rata<\/td>\r\n<td style=\"width: 25%;\">do 3.000,00 EUR<\/td>\r\n<td style=\"width: 25%;\">NEMA<\/td>\r\n<\/tr>\r\n<tr>\r\n<td style=\"width: 100%;\" colspan=\"4\"><strong>MB PODIZANJE GOTOVINE NA RATE<\/strong><\/td>\r\n<\/tr>\r\n<tr>\r\n<td style=\"width: 25%;\">KAMATNA STOPA<\/td>\r\n<td style=\"width: 25%;\">RATE<\/td>\r\n<td style=\"width: 25%;\">LIMIT<\/td>\r\n<td style=\"width: 25%;\">NAKNADE<\/td>\r\n<\/tr>\r\n<tr>\r\n<td style=\"width: 25%;\">BESKAMATNO\r\n\r\nEKS 6,94% (za 12 mj. rata, naknada 3,55%, \u00a0iznos 3.000,00 EUR )<\/td>\r\n<td style=\"width: 25%;\">3, 6, 9, 12 mjese\u010dnih rata<\/td>\r\n<td style=\"width: 25%;\">do 3.000,00 EUR<\/td>\r\n<td style=\"width: 25%;\">Naknada za podizanje gotovog novca:\r\n\r\n0,45% na 3 mj. rate, 1,45% na 6 mj. rata, 2,55% na 9 mj. rata, 3,55% na 12 mj. rata<\/td>\r\n<\/tr>\r\n<\/tbody>\r\n<\/table>\r\n&nbsp;","protected":false},"excerpt":{"rendered":"<p>\u017divite sada, pla\u0107ajte kasnije! MB Plus usluga omogu\u0107uje Vam prakti\u010dnu i jednostavnu otplatu na rate. Sve \u0161to Vam je potrebno, dostupno Vam je odmah jer svaki tro\u0161ak mo\u017eete podijeliti na [&hellip;]<\/p>","protected":false},"author":14,"featured_media":535692,"parent":773,"menu_order":2,"comment_status":"closed","ping_status":"closed","template":"page-template-4.php","meta":{"_acf_changed":false,"footnotes":""},"categories":[],"tags":[],"class_list":["post-893","page","type-page","status-publish","has-post-thumbnail","hentry"],"acf":[],"yoast_head":"<!-- This site is optimized with the Yoast SEO plugin v25.4 - https:\/\/yoast.com\/wordpress\/plugins\/seo\/ -->\n<title>MbPlus na rate - Slatinska Banka<\/title>\n<meta name=\"robots\" content=\"index, follow, max-snippet:-1, max-image-preview:large, max-video-preview:-1\" \/>\n<link rel=\"canonical\" href=\"https:\/\/www.slatinska-banka.hr\/en\/gradani\/racuni-i-kartice\/tekuci-i-ziro-racuni\/dopusteno-prekoracenje\/\" \/>\n<meta property=\"og:locale\" content=\"en_US\" \/>\n<meta property=\"og:type\" content=\"article\" \/>\n<meta property=\"og:title\" content=\"MbPlus na rate - Slatinska Banka\" \/>\n<meta property=\"og:description\" content=\"\u017divite sada, pla\u0107ajte kasnije! MB Plus usluga omogu\u0107uje Vam prakti\u010dnu i jednostavnu otplatu na rate. Sve \u0161to Vam je potrebno, dostupno Vam je odmah jer svaki tro\u0161ak mo\u017eete podijeliti na [&hellip;]\" \/>\n<meta property=\"og:url\" content=\"https:\/\/www.slatinska-banka.hr\/en\/gradani\/racuni-i-kartice\/tekuci-i-ziro-racuni\/dopusteno-prekoracenje\/\" \/>\n<meta property=\"og:site_name\" content=\"Slatinska Banka\" \/>\n<meta property=\"article:publisher\" content=\"https:\/\/www.facebook.com\/slatinskabanka\/\" \/>\n<meta property=\"article:modified_time\" content=\"2023-09-20T14:03:10+00:00\" \/>\n<meta property=\"og:image\" content=\"https:\/\/www.slatinska-banka.hr\/wp-content\/uploads\/mb-plus-rate.png\" \/>\n\t<meta property=\"og:image:width\" content=\"376\" \/>\n\t<meta property=\"og:image:height\" content=\"372\" \/>\n\t<meta property=\"og:image:type\" content=\"image\/png\" \/>\n<meta name=\"twitter:card\" content=\"summary_large_image\" \/>\n<meta name=\"twitter:label1\" content=\"Est. reading time\" \/>\n\t<meta name=\"twitter:data1\" content=\"1 minute\" \/>\n<script type=\"application\/ld+json\" class=\"yoast-schema-graph\">{\"@context\":\"https:\/\/schema.org\",\"@graph\":[{\"@type\":\"WebPage\",\"@id\":\"https:\/\/www.slatinska-banka.hr\/gradani\/racuni-i-kartice\/tekuci-i-ziro-racuni\/dopusteno-prekoracenje\/\",\"url\":\"https:\/\/www.slatinska-banka.hr\/gradani\/racuni-i-kartice\/tekuci-i-ziro-racuni\/dopusteno-prekoracenje\/\",\"name\":\"MbPlus na rate - Slatinska Banka\",\"isPartOf\":{\"@id\":\"https:\/\/www.slatinska-banka.hr\/#website\"},\"primaryImageOfPage\":{\"@id\":\"https:\/\/www.slatinska-banka.hr\/gradani\/racuni-i-kartice\/tekuci-i-ziro-racuni\/dopusteno-prekoracenje\/#primaryimage\"},\"image\":{\"@id\":\"https:\/\/www.slatinska-banka.hr\/gradani\/racuni-i-kartice\/tekuci-i-ziro-racuni\/dopusteno-prekoracenje\/#primaryimage\"},\"thumbnailUrl\":\"https:\/\/www.slatinska-banka.hr\/wp-content\/uploads\/mb-plus-rate.png\",\"datePublished\":\"2019-02-07T14:26:00+00:00\",\"dateModified\":\"2023-09-20T14:03:10+00:00\",\"breadcrumb\":{\"@id\":\"https:\/\/www.slatinska-banka.hr\/gradani\/racuni-i-kartice\/tekuci-i-ziro-racuni\/dopusteno-prekoracenje\/#breadcrumb\"},\"inLanguage\":\"en-US\",\"potentialAction\":[{\"@type\":\"ReadAction\",\"target\":[\"https:\/\/www.slatinska-banka.hr\/gradani\/racuni-i-kartice\/tekuci-i-ziro-racuni\/dopusteno-prekoracenje\/\"]}]},{\"@type\":\"ImageObject\",\"inLanguage\":\"en-US\",\"@id\":\"https:\/\/www.slatinska-banka.hr\/gradani\/racuni-i-kartice\/tekuci-i-ziro-racuni\/dopusteno-prekoracenje\/#primaryimage\",\"url\":\"https:\/\/www.slatinska-banka.hr\/wp-content\/uploads\/mb-plus-rate.png\",\"contentUrl\":\"https:\/\/www.slatinska-banka.hr\/wp-content\/uploads\/mb-plus-rate.png\",\"width\":376,\"height\":372},{\"@type\":\"BreadcrumbList\",\"@id\":\"https:\/\/www.slatinska-banka.hr\/gradani\/racuni-i-kartice\/tekuci-i-ziro-racuni\/dopusteno-prekoracenje\/#breadcrumb\",\"itemListElement\":[{\"@type\":\"ListItem\",\"position\":1,\"name\":\"Gra\u0111ani\",\"item\":\"https:\/\/www.slatinska-banka.hr\/gradani\/\"},{\"@type\":\"ListItem\",\"position\":2,\"name\":\"Ra\u010duni i kartice\",\"item\":\"https:\/\/www.slatinska-banka.hr\/gradani\/racuni-i-kartice\/\"},{\"@type\":\"ListItem\",\"position\":3,\"name\":\"Teku\u0107i i \u017eiro ra\u010duni\",\"item\":\"https:\/\/www.slatinska-banka.hr\/gradani\/racuni-i-kartice\/tekuci-i-ziro-racuni\/\"},{\"@type\":\"ListItem\",\"position\":4,\"name\":\"MbPlus na rate\"}]},{\"@type\":\"WebSite\",\"@id\":\"https:\/\/www.slatinska-banka.hr\/#website\",\"url\":\"https:\/\/www.slatinska-banka.hr\/\",\"name\":\"Slatinska Banka\",\"description\":\"Razlika je u pristupu\",\"publisher\":{\"@id\":\"https:\/\/www.slatinska-banka.hr\/#organization\"},\"potentialAction\":[{\"@type\":\"SearchAction\",\"target\":{\"@type\":\"EntryPoint\",\"urlTemplate\":\"https:\/\/www.slatinska-banka.hr\/?s={search_term_string}\"},\"query-input\":{\"@type\":\"PropertyValueSpecification\",\"valueRequired\":true,\"valueName\":\"search_term_string\"}}],\"inLanguage\":\"en-US\"},{\"@type\":\"Organization\",\"@id\":\"https:\/\/www.slatinska-banka.hr\/#organization\",\"name\":\"Slatinska banka d.d.\",\"url\":\"https:\/\/www.slatinska-banka.hr\/\",\"logo\":{\"@type\":\"ImageObject\",\"inLanguage\":\"en-US\",\"@id\":\"https:\/\/www.slatinska-banka.hr\/#\/schema\/logo\/image\/\",\"url\":\"https:\/\/www.slatinska-banka.hr\/wp-content\/uploads\/2019\/02\/logo_big.png\",\"contentUrl\":\"https:\/\/www.slatinska-banka.hr\/wp-content\/uploads\/2019\/02\/logo_big.png\",\"width\":302,\"height\":244,\"caption\":\"Slatinska banka d.d.\"},\"image\":{\"@id\":\"https:\/\/www.slatinska-banka.hr\/#\/schema\/logo\/image\/\"},\"sameAs\":[\"https:\/\/www.facebook.com\/slatinskabanka\/\",\"https:\/\/www.linkedin.com\/company\/slatinska-banka-dd\"]}]}<\/script>\n<!-- \/ Yoast SEO plugin. -->","yoast_head_json":{"title":"MbPlus na rate - Slatinska Banka","robots":{"index":"index","follow":"follow","max-snippet":"max-snippet:-1","max-image-preview":"max-image-preview:large","max-video-preview":"max-video-preview:-1"},"canonical":"https:\/\/www.slatinska-banka.hr\/en\/gradani\/racuni-i-kartice\/tekuci-i-ziro-racuni\/dopusteno-prekoracenje\/","og_locale":"en_US","og_type":"article","og_title":"MbPlus na rate - Slatinska Banka","og_description":"\u017divite sada, pla\u0107ajte kasnije! MB Plus usluga omogu\u0107uje Vam prakti\u010dnu i jednostavnu otplatu na rate. Sve \u0161to Vam je potrebno, dostupno Vam je odmah jer svaki tro\u0161ak mo\u017eete podijeliti na [&hellip;]","og_url":"https:\/\/www.slatinska-banka.hr\/en\/gradani\/racuni-i-kartice\/tekuci-i-ziro-racuni\/dopusteno-prekoracenje\/","og_site_name":"Slatinska Banka","article_publisher":"https:\/\/www.facebook.com\/slatinskabanka\/","article_modified_time":"2023-09-20T14:03:10+00:00","og_image":[{"width":376,"height":372,"url":"https:\/\/www.slatinska-banka.hr\/wp-content\/uploads\/mb-plus-rate.png","type":"image\/png"}],"twitter_card":"summary_large_image","twitter_misc":{"Est. reading time":"1 minute"},"schema":{"@context":"https:\/\/schema.org","@graph":[{"@type":"WebPage","@id":"https:\/\/www.slatinska-banka.hr\/gradani\/racuni-i-kartice\/tekuci-i-ziro-racuni\/dopusteno-prekoracenje\/","url":"https:\/\/www.slatinska-banka.hr\/gradani\/racuni-i-kartice\/tekuci-i-ziro-racuni\/dopusteno-prekoracenje\/","name":"MbPlus na rate - Slatinska Banka","isPartOf":{"@id":"https:\/\/www.slatinska-banka.hr\/#website"},"primaryImageOfPage":{"@id":"https:\/\/www.slatinska-banka.hr\/gradani\/racuni-i-kartice\/tekuci-i-ziro-racuni\/dopusteno-prekoracenje\/#primaryimage"},"image":{"@id":"https:\/\/www.slatinska-banka.hr\/gradani\/racuni-i-kartice\/tekuci-i-ziro-racuni\/dopusteno-prekoracenje\/#primaryimage"},"thumbnailUrl":"https:\/\/www.slatinska-banka.hr\/wp-content\/uploads\/mb-plus-rate.png","datePublished":"2019-02-07T14:26:00+00:00","dateModified":"2023-09-20T14:03:10+00:00","breadcrumb":{"@id":"https:\/\/www.slatinska-banka.hr\/gradani\/racuni-i-kartice\/tekuci-i-ziro-racuni\/dopusteno-prekoracenje\/#breadcrumb"},"inLanguage":"en-US","potentialAction":[{"@type":"ReadAction","target":["https:\/\/www.slatinska-banka.hr\/gradani\/racuni-i-kartice\/tekuci-i-ziro-racuni\/dopusteno-prekoracenje\/"]}]},{"@type":"ImageObject","inLanguage":"en-US","@id":"https:\/\/www.slatinska-banka.hr\/gradani\/racuni-i-kartice\/tekuci-i-ziro-racuni\/dopusteno-prekoracenje\/#primaryimage","url":"https:\/\/www.slatinska-banka.hr\/wp-content\/uploads\/mb-plus-rate.png","contentUrl":"https:\/\/www.slatinska-banka.hr\/wp-content\/uploads\/mb-plus-rate.png","width":376,"height":372},{"@type":"BreadcrumbList","@id":"https:\/\/www.slatinska-banka.hr\/gradani\/racuni-i-kartice\/tekuci-i-ziro-racuni\/dopusteno-prekoracenje\/#breadcrumb","itemListElement":[{"@type":"ListItem","position":1,"name":"Gra\u0111ani","item":"https:\/\/www.slatinska-banka.hr\/gradani\/"},{"@type":"ListItem","position":2,"name":"Ra\u010duni i kartice","item":"https:\/\/www.slatinska-banka.hr\/gradani\/racuni-i-kartice\/"},{"@type":"ListItem","position":3,"name":"Teku\u0107i i \u017eiro ra\u010duni","item":"https:\/\/www.slatinska-banka.hr\/gradani\/racuni-i-kartice\/tekuci-i-ziro-racuni\/"},{"@type":"ListItem","position":4,"name":"MbPlus na rate"}]},{"@type":"WebSite","@id":"https:\/\/www.slatinska-banka.hr\/#website","url":"https:\/\/www.slatinska-banka.hr\/","name":"Slatinska Banka","description":"Razlika je u pristupu","publisher":{"@id":"https:\/\/www.slatinska-banka.hr\/#organization"},"potentialAction":[{"@type":"SearchAction","target":{"@type":"EntryPoint","urlTemplate":"https:\/\/www.slatinska-banka.hr\/?s={search_term_string}"},"query-input":{"@type":"PropertyValueSpecification","valueRequired":true,"valueName":"search_term_string"}}],"inLanguage":"en-US"},{"@type":"Organization","@id":"https:\/\/www.slatinska-banka.hr\/#organization","name":"Slatinska banka d.d.","url":"https:\/\/www.slatinska-banka.hr\/","logo":{"@type":"ImageObject","inLanguage":"en-US","@id":"https:\/\/www.slatinska-banka.hr\/#\/schema\/logo\/image\/","url":"https:\/\/www.slatinska-banka.hr\/wp-content\/uploads\/2019\/02\/logo_big.png","contentUrl":"https:\/\/www.slatinska-banka.hr\/wp-content\/uploads\/2019\/02\/logo_big.png","width":302,"height":244,"caption":"Slatinska banka d.d."},"image":{"@id":"https:\/\/www.slatinska-banka.hr\/#\/schema\/logo\/image\/"},"sameAs":["https:\/\/www.facebook.com\/slatinskabanka\/","https:\/\/www.linkedin.com\/company\/slatinska-banka-dd"]}]}},"_links":{"self":[{"href":"https:\/\/www.slatinska-banka.hr\/en\/wp-json\/wp\/v2\/pages\/893","targetHints":{"allow":["GET"]}}],"collection":[{"href":"https:\/\/www.slatinska-banka.hr\/en\/wp-json\/wp\/v2\/pages"}],"about":[{"href":"https:\/\/www.slatinska-banka.hr\/en\/wp-json\/wp\/v2\/types\/page"}],"author":[{"embeddable":true,"href":"https:\/\/www.slatinska-banka.hr\/en\/wp-json\/wp\/v2\/users\/14"}],"replies":[{"embeddable":true,"href":"https:\/\/www.slatinska-banka.hr\/en\/wp-json\/wp\/v2\/comments?post=893"}],"version-history":[{"count":8,"href":"https:\/\/www.slatinska-banka.hr\/en\/wp-json\/wp\/v2\/pages\/893\/revisions"}],"predecessor-version":[{"id":555594,"href":"https:\/\/www.slatinska-banka.hr\/en\/wp-json\/wp\/v2\/pages\/893\/revisions\/555594"}],"up":[{"embeddable":true,"href":"https:\/\/www.slatinska-banka.hr\/en\/wp-json\/wp\/v2\/pages\/773"}],"wp:featuredmedia":[{"embeddable":true,"href":"https:\/\/www.slatinska-banka.hr\/en\/wp-json\/wp\/v2\/media\/535692"}],"wp:attachment":[{"href":"https:\/\/www.slatinska-banka.hr\/en\/wp-json\/wp\/v2\/media?parent=893"}],"wp:term":[{"taxonomy":"category","embeddable":true,"href":"https:\/\/www.slatinska-banka.hr\/en\/wp-json\/wp\/v2\/categories?post=893"},{"taxonomy":"post_tag","embeddable":true,"href":"https:\/\/www.slatinska-banka.hr\/en\/wp-json\/wp\/v2\/tags?post=893"}],"curies":[{"name":"wp","href":"https:\/\/api.w.org\/{rel}","templated":true}]}}