{"id":889,"date":"2019-02-07T15:24:09","date_gmt":"2019-02-07T14:24:09","guid":{"rendered":"http:\/\/www.slatinska-banka.hr\/?page_id=889"},"modified":"2023-07-20T09:55:31","modified_gmt":"2023-07-20T07:55:31","slug":"trajni-nalog","status":"publish","type":"page","link":"https:\/\/www.slatinska-banka.hr\/en\/gradani\/racuni-i-kartice\/tekuci-i-ziro-racuni\/trajni-nalog\/","title":{"rendered":"Trajni nalog"},"content":{"rendered":"<h4>Oprosti se od stresa, razmi\u0161ljanja i podsje\u0107anja o dospije\u0107u ra\u010duna te gubitka vremena za odlazak do uplatnog mjesta. Prepusti Slatinskoj banci brigu o svojim\u00a0 obvezama!<\/h4>\r\n<h4>Ugovori trajni nalog u poslovnici Slatinske banke i sve tvoje brige i obveze preuzima banka!<\/h4>\r\n<div class=\"accordeon\">\r\n\r\n<h2><span class=\"naslov\">PREDNOSTI PLA\u0106ANJA TRAJNIM NALOGOM<\/span><\/h2><div><p>&nbsp;<\/p>\n<table class=\"aligncenter\" style=\"width: 100%; border-collapse: collapse; border-color: #ffb700;\" border=\"1px\" cellpadding=\"5px\">\n<tbody>\n<tr>\n<td style=\"width: 100%;\" colspan=\"4\">U\u0161teda novca<\/td>\n<\/tr>\n<tr>\n<td style=\"width: 100%;\" colspan=\"4\">\n<ul>\n<li>ni\u017ee naknade za pla\u0107anje nego u poslovnicama<\/li>\n<\/ul>\n<\/td>\n<\/tr>\n<tr>\n<td style=\"width: 25%;\" colspan=\"4\">U\u0161teda vremena<\/td>\n<\/tr>\n<tr>\n<td style=\"width: 100%;\" colspan=\"4\">\n<ul>\n<li>izbjegni odlazak u poslovnicu<\/li>\n<li>nema \u010dekanja u redovima<\/li>\n<li>sigurno i redovito pla\u0107aj svoje obveze<\/li>\n<\/ul>\n<\/td>\n<\/tr>\n<tr>\n<td style=\"width: 25%;\" colspan=\"4\">Planiranje tro\u0161kova<\/td>\n<\/tr>\n<tr>\n<td style=\"width: 25%;\" colspan=\"4\">\n<ul>\n<li>ne mora\u0161 pamtiti datum dospije\u0107a<\/li>\n<li>nikada ne\u0107e\u0161 zakasniti s pla\u0107anjem svojih obveza<\/li>\n<li>brigu o obvezama pla\u0107anja za tebe preuzima Slatinska banka i automatski na ugovoreni dan prenosi s tvog ra\u010duna potrebna sredstva<\/li>\n<\/ul>\n<\/td>\n<\/tr>\n<\/tbody>\n<\/table>\n<p>&nbsp;<\/p>\n<\/div>\r\n\r\n<h2><span class=\"naslov\">VA\u017dNO JE ZNATI!<\/span><\/h2><div><ul>\n<li>Potreban je IBAN primatelja pla\u0107anja;<\/li>\n<li>za trajni nalog potrebno je odrediti dinamiku i datum pla\u0107anja;<\/li>\n<li>na dan izvr\u0161enja trajnog naloga potrebno je osigurati dovoljno sredstava na ra\u010dunu<\/li>\n<li>trajni nalog mo\u017ee\u0161 u svakom trenutku opozvati ili zatvoriti<\/li>\n<\/ul>\n<p>Trajni nalog se mo\u017ee ugovoriti samo po:<\/p>\n<ul>\n<li>Teku\u0107em ra\u010dunu<\/li>\n<li>\u017diro ra\u010dunu<\/li>\n<\/ul>\n<p>Postoje slijede\u0107e vrste trajnih naloga:<\/p>\n<ol>\n<li>za pla\u0107anje ra\u010duna i obveza unutar Banke,<\/li>\n<li>za pla\u0107anje ra\u010duna i obveza izvan Banke.<\/li>\n<li>TN \u2013 Tro\u0161kovi kreditnih kartica<\/li>\n<\/ol>\n<\/div>\r\n\r\n<h2><span class=\"naslov\">OBRAZAC O INFORMACIJAMA<\/span><\/h2><div><ul>\n<li><a href=\"https:\/\/www.slatinska-banka.hr\/wp-content\/uploads\/INFORMATIVNI-OBRAZAC-trajni_nalog_20230101.pdf\">Informativni obrazac<\/a><\/li>\n<\/ul>\n<\/div><\/div>\r\n\r\n&nbsp;\r\n\r\n&nbsp;","protected":false},"excerpt":{"rendered":"<p>Oprosti se od stresa, razmi\u0161ljanja i podsje\u0107anja o dospije\u0107u ra\u010duna te gubitka vremena za odlazak do uplatnog mjesta. Prepusti Slatinskoj banci brigu o svojim\u00a0 obvezama! Ugovori trajni nalog u poslovnici [&hellip;]<\/p>","protected":false},"author":14,"featured_media":535886,"parent":773,"menu_order":4,"comment_status":"closed","ping_status":"closed","template":"page-template-4.php","meta":{"_acf_changed":false,"footnotes":""},"categories":[],"tags":[],"class_list":["post-889","page","type-page","status-publish","has-post-thumbnail","hentry"],"acf":[],"yoast_head":"<!-- This site is optimized with the Yoast SEO plugin v25.4 - https:\/\/yoast.com\/wordpress\/plugins\/seo\/ -->\n<title>Trajni nalog - Slatinska Banka<\/title>\n<meta name=\"robots\" content=\"index, follow, max-snippet:-1, max-image-preview:large, max-video-preview:-1\" \/>\n<link rel=\"canonical\" href=\"https:\/\/www.slatinska-banka.hr\/en\/gradani\/racuni-i-kartice\/tekuci-i-ziro-racuni\/trajni-nalog\/\" \/>\n<meta property=\"og:locale\" content=\"en_US\" \/>\n<meta property=\"og:type\" content=\"article\" \/>\n<meta property=\"og:title\" content=\"Trajni nalog - Slatinska Banka\" \/>\n<meta property=\"og:description\" content=\"Oprosti se od stresa, razmi\u0161ljanja i podsje\u0107anja o dospije\u0107u ra\u010duna te gubitka vremena za odlazak do uplatnog mjesta. Prepusti Slatinskoj banci brigu o svojim\u00a0 obvezama! Ugovori trajni nalog u poslovnici [&hellip;]\" \/>\n<meta property=\"og:url\" content=\"https:\/\/www.slatinska-banka.hr\/en\/gradani\/racuni-i-kartice\/tekuci-i-ziro-racuni\/trajni-nalog\/\" \/>\n<meta property=\"og:site_name\" content=\"Slatinska Banka\" \/>\n<meta property=\"article:publisher\" content=\"https:\/\/www.facebook.com\/slatinskabanka\/\" \/>\n<meta property=\"article:modified_time\" content=\"2023-07-20T07:55:31+00:00\" \/>\n<meta property=\"og:image\" content=\"https:\/\/www.slatinska-banka.hr\/wp-content\/uploads\/012857D8-6202-4C17-AA6A-6396490BAB0E.png\" \/>\n\t<meta property=\"og:image:width\" content=\"376\" \/>\n\t<meta property=\"og:image:height\" content=\"372\" \/>\n\t<meta property=\"og:image:type\" content=\"image\/png\" \/>\n<meta name=\"twitter:card\" content=\"summary_large_image\" \/>\n<meta name=\"twitter:label1\" content=\"Est. reading time\" \/>\n\t<meta name=\"twitter:data1\" content=\"1 minute\" \/>\n<script type=\"application\/ld+json\" class=\"yoast-schema-graph\">{\"@context\":\"https:\/\/schema.org\",\"@graph\":[{\"@type\":\"WebPage\",\"@id\":\"https:\/\/www.slatinska-banka.hr\/gradani\/racuni-i-kartice\/tekuci-i-ziro-racuni\/trajni-nalog\/\",\"url\":\"https:\/\/www.slatinska-banka.hr\/gradani\/racuni-i-kartice\/tekuci-i-ziro-racuni\/trajni-nalog\/\",\"name\":\"Trajni nalog - Slatinska Banka\",\"isPartOf\":{\"@id\":\"https:\/\/www.slatinska-banka.hr\/#website\"},\"primaryImageOfPage\":{\"@id\":\"https:\/\/www.slatinska-banka.hr\/gradani\/racuni-i-kartice\/tekuci-i-ziro-racuni\/trajni-nalog\/#primaryimage\"},\"image\":{\"@id\":\"https:\/\/www.slatinska-banka.hr\/gradani\/racuni-i-kartice\/tekuci-i-ziro-racuni\/trajni-nalog\/#primaryimage\"},\"thumbnailUrl\":\"https:\/\/www.slatinska-banka.hr\/wp-content\/uploads\/012857D8-6202-4C17-AA6A-6396490BAB0E.png\",\"datePublished\":\"2019-02-07T14:24:09+00:00\",\"dateModified\":\"2023-07-20T07:55:31+00:00\",\"breadcrumb\":{\"@id\":\"https:\/\/www.slatinska-banka.hr\/gradani\/racuni-i-kartice\/tekuci-i-ziro-racuni\/trajni-nalog\/#breadcrumb\"},\"inLanguage\":\"en-US\",\"potentialAction\":[{\"@type\":\"ReadAction\",\"target\":[\"https:\/\/www.slatinska-banka.hr\/gradani\/racuni-i-kartice\/tekuci-i-ziro-racuni\/trajni-nalog\/\"]}]},{\"@type\":\"ImageObject\",\"inLanguage\":\"en-US\",\"@id\":\"https:\/\/www.slatinska-banka.hr\/gradani\/racuni-i-kartice\/tekuci-i-ziro-racuni\/trajni-nalog\/#primaryimage\",\"url\":\"https:\/\/www.slatinska-banka.hr\/wp-content\/uploads\/012857D8-6202-4C17-AA6A-6396490BAB0E.png\",\"contentUrl\":\"https:\/\/www.slatinska-banka.hr\/wp-content\/uploads\/012857D8-6202-4C17-AA6A-6396490BAB0E.png\",\"width\":376,\"height\":372},{\"@type\":\"BreadcrumbList\",\"@id\":\"https:\/\/www.slatinska-banka.hr\/gradani\/racuni-i-kartice\/tekuci-i-ziro-racuni\/trajni-nalog\/#breadcrumb\",\"itemListElement\":[{\"@type\":\"ListItem\",\"position\":1,\"name\":\"Gra\u0111ani\",\"item\":\"https:\/\/www.slatinska-banka.hr\/gradani\/\"},{\"@type\":\"ListItem\",\"position\":2,\"name\":\"Ra\u010duni i kartice\",\"item\":\"https:\/\/www.slatinska-banka.hr\/gradani\/racuni-i-kartice\/\"},{\"@type\":\"ListItem\",\"position\":3,\"name\":\"Teku\u0107i i \u017eiro ra\u010duni\",\"item\":\"https:\/\/www.slatinska-banka.hr\/gradani\/racuni-i-kartice\/tekuci-i-ziro-racuni\/\"},{\"@type\":\"ListItem\",\"position\":4,\"name\":\"Trajni nalog\"}]},{\"@type\":\"WebSite\",\"@id\":\"https:\/\/www.slatinska-banka.hr\/#website\",\"url\":\"https:\/\/www.slatinska-banka.hr\/\",\"name\":\"Slatinska Banka\",\"description\":\"Razlika je u pristupu\",\"publisher\":{\"@id\":\"https:\/\/www.slatinska-banka.hr\/#organization\"},\"potentialAction\":[{\"@type\":\"SearchAction\",\"target\":{\"@type\":\"EntryPoint\",\"urlTemplate\":\"https:\/\/www.slatinska-banka.hr\/?s={search_term_string}\"},\"query-input\":{\"@type\":\"PropertyValueSpecification\",\"valueRequired\":true,\"valueName\":\"search_term_string\"}}],\"inLanguage\":\"en-US\"},{\"@type\":\"Organization\",\"@id\":\"https:\/\/www.slatinska-banka.hr\/#organization\",\"name\":\"Slatinska banka d.d.\",\"url\":\"https:\/\/www.slatinska-banka.hr\/\",\"logo\":{\"@type\":\"ImageObject\",\"inLanguage\":\"en-US\",\"@id\":\"https:\/\/www.slatinska-banka.hr\/#\/schema\/logo\/image\/\",\"url\":\"https:\/\/www.slatinska-banka.hr\/wp-content\/uploads\/2019\/02\/logo_big.png\",\"contentUrl\":\"https:\/\/www.slatinska-banka.hr\/wp-content\/uploads\/2019\/02\/logo_big.png\",\"width\":302,\"height\":244,\"caption\":\"Slatinska banka d.d.\"},\"image\":{\"@id\":\"https:\/\/www.slatinska-banka.hr\/#\/schema\/logo\/image\/\"},\"sameAs\":[\"https:\/\/www.facebook.com\/slatinskabanka\/\",\"https:\/\/www.linkedin.com\/company\/slatinska-banka-dd\"]}]}<\/script>\n<!-- \/ Yoast SEO plugin. -->","yoast_head_json":{"title":"Trajni nalog - Slatinska Banka","robots":{"index":"index","follow":"follow","max-snippet":"max-snippet:-1","max-image-preview":"max-image-preview:large","max-video-preview":"max-video-preview:-1"},"canonical":"https:\/\/www.slatinska-banka.hr\/en\/gradani\/racuni-i-kartice\/tekuci-i-ziro-racuni\/trajni-nalog\/","og_locale":"en_US","og_type":"article","og_title":"Trajni nalog - Slatinska Banka","og_description":"Oprosti se od stresa, razmi\u0161ljanja i podsje\u0107anja o dospije\u0107u ra\u010duna te gubitka vremena za odlazak do uplatnog mjesta. Prepusti Slatinskoj banci brigu o svojim\u00a0 obvezama! Ugovori trajni nalog u poslovnici [&hellip;]","og_url":"https:\/\/www.slatinska-banka.hr\/en\/gradani\/racuni-i-kartice\/tekuci-i-ziro-racuni\/trajni-nalog\/","og_site_name":"Slatinska Banka","article_publisher":"https:\/\/www.facebook.com\/slatinskabanka\/","article_modified_time":"2023-07-20T07:55:31+00:00","og_image":[{"width":376,"height":372,"url":"https:\/\/www.slatinska-banka.hr\/wp-content\/uploads\/012857D8-6202-4C17-AA6A-6396490BAB0E.png","type":"image\/png"}],"twitter_card":"summary_large_image","twitter_misc":{"Est. reading time":"1 minute"},"schema":{"@context":"https:\/\/schema.org","@graph":[{"@type":"WebPage","@id":"https:\/\/www.slatinska-banka.hr\/gradani\/racuni-i-kartice\/tekuci-i-ziro-racuni\/trajni-nalog\/","url":"https:\/\/www.slatinska-banka.hr\/gradani\/racuni-i-kartice\/tekuci-i-ziro-racuni\/trajni-nalog\/","name":"Trajni nalog - Slatinska Banka","isPartOf":{"@id":"https:\/\/www.slatinska-banka.hr\/#website"},"primaryImageOfPage":{"@id":"https:\/\/www.slatinska-banka.hr\/gradani\/racuni-i-kartice\/tekuci-i-ziro-racuni\/trajni-nalog\/#primaryimage"},"image":{"@id":"https:\/\/www.slatinska-banka.hr\/gradani\/racuni-i-kartice\/tekuci-i-ziro-racuni\/trajni-nalog\/#primaryimage"},"thumbnailUrl":"https:\/\/www.slatinska-banka.hr\/wp-content\/uploads\/012857D8-6202-4C17-AA6A-6396490BAB0E.png","datePublished":"2019-02-07T14:24:09+00:00","dateModified":"2023-07-20T07:55:31+00:00","breadcrumb":{"@id":"https:\/\/www.slatinska-banka.hr\/gradani\/racuni-i-kartice\/tekuci-i-ziro-racuni\/trajni-nalog\/#breadcrumb"},"inLanguage":"en-US","potentialAction":[{"@type":"ReadAction","target":["https:\/\/www.slatinska-banka.hr\/gradani\/racuni-i-kartice\/tekuci-i-ziro-racuni\/trajni-nalog\/"]}]},{"@type":"ImageObject","inLanguage":"en-US","@id":"https:\/\/www.slatinska-banka.hr\/gradani\/racuni-i-kartice\/tekuci-i-ziro-racuni\/trajni-nalog\/#primaryimage","url":"https:\/\/www.slatinska-banka.hr\/wp-content\/uploads\/012857D8-6202-4C17-AA6A-6396490BAB0E.png","contentUrl":"https:\/\/www.slatinska-banka.hr\/wp-content\/uploads\/012857D8-6202-4C17-AA6A-6396490BAB0E.png","width":376,"height":372},{"@type":"BreadcrumbList","@id":"https:\/\/www.slatinska-banka.hr\/gradani\/racuni-i-kartice\/tekuci-i-ziro-racuni\/trajni-nalog\/#breadcrumb","itemListElement":[{"@type":"ListItem","position":1,"name":"Gra\u0111ani","item":"https:\/\/www.slatinska-banka.hr\/gradani\/"},{"@type":"ListItem","position":2,"name":"Ra\u010duni i kartice","item":"https:\/\/www.slatinska-banka.hr\/gradani\/racuni-i-kartice\/"},{"@type":"ListItem","position":3,"name":"Teku\u0107i i \u017eiro ra\u010duni","item":"https:\/\/www.slatinska-banka.hr\/gradani\/racuni-i-kartice\/tekuci-i-ziro-racuni\/"},{"@type":"ListItem","position":4,"name":"Trajni nalog"}]},{"@type":"WebSite","@id":"https:\/\/www.slatinska-banka.hr\/#website","url":"https:\/\/www.slatinska-banka.hr\/","name":"Slatinska Banka","description":"Razlika je u pristupu","publisher":{"@id":"https:\/\/www.slatinska-banka.hr\/#organization"},"potentialAction":[{"@type":"SearchAction","target":{"@type":"EntryPoint","urlTemplate":"https:\/\/www.slatinska-banka.hr\/?s={search_term_string}"},"query-input":{"@type":"PropertyValueSpecification","valueRequired":true,"valueName":"search_term_string"}}],"inLanguage":"en-US"},{"@type":"Organization","@id":"https:\/\/www.slatinska-banka.hr\/#organization","name":"Slatinska banka d.d.","url":"https:\/\/www.slatinska-banka.hr\/","logo":{"@type":"ImageObject","inLanguage":"en-US","@id":"https:\/\/www.slatinska-banka.hr\/#\/schema\/logo\/image\/","url":"https:\/\/www.slatinska-banka.hr\/wp-content\/uploads\/2019\/02\/logo_big.png","contentUrl":"https:\/\/www.slatinska-banka.hr\/wp-content\/uploads\/2019\/02\/logo_big.png","width":302,"height":244,"caption":"Slatinska banka d.d."},"image":{"@id":"https:\/\/www.slatinska-banka.hr\/#\/schema\/logo\/image\/"},"sameAs":["https:\/\/www.facebook.com\/slatinskabanka\/","https:\/\/www.linkedin.com\/company\/slatinska-banka-dd"]}]}},"_links":{"self":[{"href":"https:\/\/www.slatinska-banka.hr\/en\/wp-json\/wp\/v2\/pages\/889","targetHints":{"allow":["GET"]}}],"collection":[{"href":"https:\/\/www.slatinska-banka.hr\/en\/wp-json\/wp\/v2\/pages"}],"about":[{"href":"https:\/\/www.slatinska-banka.hr\/en\/wp-json\/wp\/v2\/types\/page"}],"author":[{"embeddable":true,"href":"https:\/\/www.slatinska-banka.hr\/en\/wp-json\/wp\/v2\/users\/14"}],"replies":[{"embeddable":true,"href":"https:\/\/www.slatinska-banka.hr\/en\/wp-json\/wp\/v2\/comments?post=889"}],"version-history":[{"count":4,"href":"https:\/\/www.slatinska-banka.hr\/en\/wp-json\/wp\/v2\/pages\/889\/revisions"}],"predecessor-version":[{"id":483635,"href":"https:\/\/www.slatinska-banka.hr\/en\/wp-json\/wp\/v2\/pages\/889\/revisions\/483635"}],"up":[{"embeddable":true,"href":"https:\/\/www.slatinska-banka.hr\/en\/wp-json\/wp\/v2\/pages\/773"}],"wp:featuredmedia":[{"embeddable":true,"href":"https:\/\/www.slatinska-banka.hr\/en\/wp-json\/wp\/v2\/media\/535886"}],"wp:attachment":[{"href":"https:\/\/www.slatinska-banka.hr\/en\/wp-json\/wp\/v2\/media?parent=889"}],"wp:term":[{"taxonomy":"category","embeddable":true,"href":"https:\/\/www.slatinska-banka.hr\/en\/wp-json\/wp\/v2\/categories?post=889"},{"taxonomy":"post_tag","embeddable":true,"href":"https:\/\/www.slatinska-banka.hr\/en\/wp-json\/wp\/v2\/tags?post=889"}],"curies":[{"name":"wp","href":"https:\/\/api.w.org\/{rel}","templated":true}]}}