{"id":876,"date":"2019-02-07T14:29:35","date_gmt":"2019-02-07T13:29:35","guid":{"rendered":"http:\/\/www.slatinska-banka.hr\/?page_id=876"},"modified":"2026-04-01T10:58:35","modified_gmt":"2026-04-01T08:58:35","slug":"stambeni-kredit","status":"publish","type":"page","link":"https:\/\/www.slatinska-banka.hr\/en\/gradani\/krediti-i-financiranja\/stambeni-kredit\/","title":{"rendered":"Stambeni kredit"},"content":{"rendered":"<h3 class=\"intro\">Kupuje\u0161 ili gradi\u0161 svoj novi dom ili pak ku\u0107u za odmor?<\/h3>\r\n<h4 class=\"intro\">Energetski obnavlja\u0161, dovr\u0161ava\u0161 ili adaptira\u0161 ku\u0107u ili stan?<\/h4>\r\n<h4>Uz du\u017ei rok povrata, velike iznose i fiksnu kamatnu stopu tu su na\u0161i stambeni krediti.<\/h4>\r\n<h4><\/h4>\r\n<table class=\"contentTable\">\r\n<tbody>\r\n<tr>\r\n<td style=\"text-align: center;\">IZNOS:<\/td>\r\n<td style=\"text-align: center;\">ROK POVRATA<\/td>\r\n<td style=\"text-align: center;\">NAKNADA<\/td>\r\n<\/tr>\r\n<tr>\r\n<td style=\"text-align: center;\">30.000,00 do 250.000,00 EUR<\/td>\r\n<td style=\"text-align: center;\">10 do 20 godina<\/td>\r\n<td style=\"text-align: center;\">bez naknade<\/td>\r\n<\/tr>\r\n<\/tbody>\r\n<\/table>\r\n<strong>Mogu\u0107nost po\u010deka roka otplate od 3 do 12 mjeseci!<\/strong>\r\n<table style=\"height: 104px; width: 74.6597%; border-style: solid; border-color: #000000;\">\r\n<tbody>\r\n<tr style=\"height: 35px;\">\r\n<td style=\"height: 35px; width: 48.4155%;\">Fiksna kamatna stopa<\/td>\r\n<td style=\"height: 35px; width: 50.4804%;\">Promjenjiva kamatna stopa*<\/td>\r\n<\/tr>\r\n<tr style=\"height: 10px;\">\r\n<td style=\"height: 10px; width: 48.4155%;\">4,60%<\/td>\r\n<td style=\"height: 10px; width: 50.4804%;\">3,87%<\/td>\r\n<\/tr>\r\n<tr style=\"height: 10px;\">\r\n<td style=\"height: 10px; width: 48.4155%;\">&#8211;<\/td>\r\n<td style=\"height: 10px; width: 50.4804%;\">Fiksni dio: 1,37%<\/td>\r\n<\/tr>\r\n<tr style=\"height: 25px;\">\r\n<td style=\"height: 25px; width: 48.4155%;\">&#8211;<\/td>\r\n<td style=\"height: 25px; width: 50.4804%;\">Varijabilni dio: 6M EURIBOR*<\/td>\r\n<\/tr>\r\n<tr style=\"height: 24px;\">\r\n<td style=\"height: 24px; width: 48.4155%;\">EKS 5,07%<\/td>\r\n<td style=\"height: 24px; width: 50.4804%;\">EKS 4,28%<\/td>\r\n<\/tr>\r\n<\/tbody>\r\n<\/table>\r\n*visina 6M EURIBOR objavljena na dan 27.03.2026. godine iznosi 2,504%. Redovito uskla\u0111enje varijabilnog dijela kamatne stope s promjenom 6M EURIBOR provodi se \u0161estomjese\u010dno, 30.06. i 31.12. svake godine.\r\n<p style=\"text-align: center;\"><a class=\"button primary\" href=\"\/en\/kreditni-kalkulator\/\">izra\u010dunaj anuitet<\/a><\/p>\r\n&nbsp;\r\n\r\n<div class=\"accordeon\">\r\n\r\n<h2><span class=\"naslov\">Instrumenti osiguranja<\/span><\/h2><div><p>&nbsp;<\/p>\n<ul style=\"list-style-type: disc;\">\n<li>Zadu\u017enice<\/li>\n<li>Izjava o\u00a0 zapljeni<\/li>\n<li>Administrativna zabrana<\/li>\n<li>Kreditno sposoban jamac-platac s vlastitim instrumentima osiguranja<\/li>\n<li>Zalog\/fiducija nekretnine (neoptere\u0107ena)<\/li>\n<li>Polica osiguranja nekretnine<\/li>\n<li>Polica osiguranja \u017eivota za slu\u010daj smrti i do\u017eivljenja &#8211; osigurana svota minimalno 10% od iznosa kredita<\/li>\n<\/ul>\n<\/div>\r\n\r\n<h2><span class=\"naslov\">Dokumentacija<\/span><\/h2><div><ul>\n<li><a href=\"https:\/\/www.slatinska-banka.hr\/wp-content\/uploads\/Zahtjev_za_kredit_potrosaca_20250314-1-2-1.pdf\">Zahtjev za kredit<\/a><\/li>\n<li><a href=\"https:\/\/www.slatinska-banka.hr\/wp-content\/uploads\/Obrazac-za-jamca-platca-suduznika-u-zahtjevu-za-kredit_20230101.pdf\">Obrazac za jamca-platca; sudu\u017enika u zahtjevu za kredit<\/a><\/li>\n<li><a href=\"https:\/\/www.slatinska-banka.hr\/wp-content\/uploads\/Potvrda-poslodavca.pdf\">Potvrda poslodavca<\/a><\/li>\n<li><a href=\"https:\/\/www.slatinska-banka.hr\/wp-content\/uploads\/20260401-INFORMATIVNI-OBRAZAC-Stambeni_kredit-.pdf\">Informativni obrazac<\/a><\/li>\n<li><a href=\"https:\/\/www.slatinska-banka.hr\/wp-content\/uploads\/POUP049-01-2023-Izjava_o_privatnosti_krediti_kreditne-kartice_MBPlus_listopad2025-1.pdf\">Izjava o privatnosti<\/a><\/li>\n<li><a href=\"https:\/\/www.slatinska-banka.hr\/wp-content\/uploads\/Dokumentacija-koju-je-potrebno-priloziti-uz-zahtjev-za-kredit-sijecanj-2026.pdf\">Popis dokumentacije<\/a><\/li>\n<li><a href=\"https:\/\/www.slatinska-banka.hr\/wp-content\/uploads\/Informacije-o-obradi-osobnih-podataka-u-OSR_sijecanj2025_.pdf\">Informacije o obradi osobnih podataka u OSR sustavu<\/a><\/li>\n<\/ul>\n<\/div>\r\n\r\n<h2><span class=\"naslov\">Reprezentativni primjer<\/span><\/h2><div><table style=\"width: 50.1494%; height: 336px;\">\n<tbody>\n<tr style=\"height: 24px;\">\n<td style=\"height: 24px; width: 30.3337%;\">Status klijenta<\/td>\n<td style=\"height: 24px; width: 18.7076%;\">Klijent \/ Neklijent<\/td>\n<td style=\"height: 24px; width: 36.266%;\">Status klijenta<\/td>\n<td style=\"width: 79.744%;\">Klijent \/ Neklijent<\/td>\n<\/tr>\n<tr style=\"height: 24px;\">\n<td style=\"height: 24px; width: 30.3337%;\">Valuta kredita<\/td>\n<td style=\"height: 24px; width: 18.7076%;\">EUR<\/td>\n<td style=\"width: 36.266%;\">Valuta kredita<\/td>\n<td style=\"height: 24px; width: 79.744%;\">EUR<\/td>\n<\/tr>\n<tr style=\"height: 24px;\">\n<td style=\"height: 24px; width: 30.3337%;\">Iznos kredita<\/td>\n<td style=\"height: 24px; width: 18.7076%;\">40.000,00<\/td>\n<td style=\"width: 36.266%;\">Iznos kredita<\/td>\n<td style=\"height: 24px; width: 79.744%;\">40.000,00<\/td>\n<\/tr>\n<tr style=\"height: 24px;\">\n<td style=\"height: 24px; width: 30.3337%;\">Rok otplate<\/td>\n<td style=\"height: 24px; width: 18.7076%;\">240 mj<\/td>\n<td style=\"width: 36.266%;\">Rok otplate<\/td>\n<td style=\"height: 24px; width: 79.744%;\">240 mj<\/td>\n<\/tr>\n<tr style=\"height: 24px;\">\n<td style=\"height: 24px; width: 30.3337%;\">Naknada za obradu kreditnog zahtjeva %<\/td>\n<td style=\"height: 24px; width: 18.7076%;\">BEZ NAKNADE<\/td>\n<td style=\"width: 36.266%;\">Naknada za obradu kreditnog zahtjeva %<\/td>\n<td style=\"height: 24px; width: 79.744%;\">BEZ NAKNADE<\/td>\n<\/tr>\n<tr style=\"height: 24px;\">\n<td style=\"height: 24px; width: 30.3337%;\">Tro\u0161ak procjene nekretnine<\/td>\n<td style=\"height: 24px; width: 18.7076%;\">200,00<\/td>\n<td style=\"width: 36.266%;\">Tro\u0161ak procjene nekretnine<\/td>\n<td style=\"height: 24px; width: 79.744%;\">200,00<\/td>\n<\/tr>\n<tr style=\"height: 24px;\">\n<td style=\"height: 24px; width: 30.3337%;\">Godi\u0161nja premija osiguranja nekretnine<\/td>\n<td style=\"height: 24px; width: 18.7076%;\">35,00<\/td>\n<td style=\"width: 36.266%;\">Godi\u0161nja premija osiguranja nekretnine<\/td>\n<td style=\"height: 24px; width: 79.744%;\">35,00<\/td>\n<\/tr>\n<tr style=\"height: 24px;\">\n<td style=\"height: 24px; width: 30.3337%;\">Godi\u0161nja premija osiguranja \u017eivota<\/td>\n<td style=\"height: 24px; width: 18.7076%;\">240,52<\/td>\n<td style=\"width: 36.266%;\">Godi\u0161nja premija osiguranja \u017eivota<\/td>\n<td style=\"height: 24px; width: 79.744%;\">240,52<\/td>\n<\/tr>\n<tr style=\"height: 24px;\">\n<td style=\"height: 24px; width: 30.3337%;\">Kamatna stopa fiksna<\/td>\n<td style=\"height: 24px; width: 18.7076%;\">4,60%<\/td>\n<td style=\"width: 36.266%;\">Kamatna stopa promjenjiva<\/td>\n<td style=\"height: 24px; width: 79.744%;\">3,87%<\/td>\n<\/tr>\n<tr style=\"height: 24px;\">\n<td style=\"height: 24px; width: 30.3337%;\">EKS<\/td>\n<td style=\"height: 24px; width: 18.7076%;\">5,07%<\/td>\n<td style=\"width: 36.266%;\">EKS<\/td>\n<td style=\"height: 24px; width: 79.744%;\">4,28%<\/td>\n<\/tr>\n<tr style=\"height: 24px;\">\n<td style=\"height: 24px; width: 30.3337%;\">Intercalary interest rate<\/td>\n<td style=\"height: 24px; width: 18.7076%;\">151,23<\/td>\n<td style=\"width: 36.266%;\">Intercalary interest rate<\/td>\n<td style=\"height: 24px; width: 79.744%;\">127,23<\/td>\n<\/tr>\n<tr style=\"height: 24px;\">\n<td style=\"height: 24px; width: 30.3337%;\">Iznos kamate za razdoblje otplate<\/td>\n<td style=\"height: 24px; width: 18.7076%;\">21.405,64<\/td>\n<td style=\"width: 36.266%;\">Iznos kamate za razdoblje otplate<\/td>\n<td style=\"height: 24px; width: 79.744%;\">17.646,02<\/td>\n<\/tr>\n<tr style=\"height: 24px;\">\n<td style=\"height: 24px; width: 30.3337%;\">Visina mjese\u010dnog anuiteta za razdoblje otplate<\/td>\n<td style=\"height: 24px; width: 18.7076%;\">255,22<\/td>\n<td style=\"width: 36.266%;\">Visina mjese\u010dnog anuiteta za razdoblje otplate<\/td>\n<td style=\"height: 24px; width: 79.744%;\">239,66<\/td>\n<\/tr>\n<tr style=\"height: 24px;\">\n<td style=\"height: 24px; width: 30.3337%;\"><strong>Ukupan iznos za otplatu*<\/strong><\/td>\n<td style=\"height: 24px; width: 18.7076%;\"><b>67.116,04<\/b><\/td>\n<td style=\"width: 36.266%;\"><b>Ukupan iznos za otplatu*<\/b><\/td>\n<td style=\"height: 24px; width: 79.744%;\"><b>63.356,42<\/b><\/td>\n<\/tr>\n<\/tbody>\n<\/table>\n<p style=\"text-align: justify;\"><b><\/b>*Ukupan iznos za otplatu uklju\u010duje iznos glavnice kredita, kamatu obra\u010dunatu do dospije\u0107a, tro\u0161ak procjene nekretnine, godi\u0161nju premiju osiguranja nekretnine (35 EUR x 20 godina) i godi\u0161nju premiju osiguranja \u017eivota (240,52 EUR x 20 godina) koja se ispla\u0107uje po dospije\u0107u kredita, uz pretpostavku isplate kredita 01.01.<\/p>\n<p>&nbsp;<\/p>\n<\/div>\r\n\r\n<\/div>\r\n\r\nAKO TE ZANIMA VI\u0160E INFORMACIJA, POPUNI SLIJEDE\u0106I OBRAZAC I KONTAKTIRATI \u0106EMO TE U KRATKOM ROKU:","protected":false},"excerpt":{"rendered":"<p>Kupuje\u0161 ili gradi\u0161 svoj novi dom ili pak ku\u0107u za odmor? Energetski obnavlja\u0161, dovr\u0161ava\u0161 ili adaptira\u0161 ku\u0107u ili stan? Uz du\u017ei rok povrata, velike iznose i fiksnu kamatnu stopu tu [&hellip;]<\/p>","protected":false},"author":14,"featured_media":535677,"parent":22,"menu_order":3,"comment_status":"closed","ping_status":"closed","template":"page-template-4.php","meta":{"_acf_changed":false,"footnotes":""},"categories":[],"tags":[],"class_list":["post-876","page","type-page","status-publish","has-post-thumbnail","hentry"],"acf":[],"yoast_head":"<!-- This site is optimized with the Yoast SEO plugin v25.4 - https:\/\/yoast.com\/wordpress\/plugins\/seo\/ -->\n<title>Stambeni kredit - Slatinska Banka<\/title>\n<meta name=\"robots\" content=\"index, follow, max-snippet:-1, max-image-preview:large, max-video-preview:-1\" \/>\n<link rel=\"canonical\" href=\"https:\/\/www.slatinska-banka.hr\/en\/gradani\/krediti-i-financiranja\/stambeni-kredit\/\" \/>\n<meta property=\"og:locale\" content=\"en_US\" \/>\n<meta property=\"og:type\" content=\"article\" \/>\n<meta property=\"og:title\" content=\"Stambeni kredit - Slatinska Banka\" \/>\n<meta property=\"og:description\" content=\"Kupuje\u0161 ili gradi\u0161 svoj novi dom ili pak ku\u0107u za odmor? Energetski obnavlja\u0161, dovr\u0161ava\u0161 ili adaptira\u0161 ku\u0107u ili stan? Uz du\u017ei rok povrata, velike iznose i fiksnu kamatnu stopu tu [&hellip;]\" \/>\n<meta property=\"og:url\" content=\"https:\/\/www.slatinska-banka.hr\/en\/gradani\/krediti-i-financiranja\/stambeni-kredit\/\" \/>\n<meta property=\"og:site_name\" content=\"Slatinska Banka\" \/>\n<meta property=\"article:publisher\" content=\"https:\/\/www.facebook.com\/slatinskabanka\/\" \/>\n<meta property=\"article:modified_time\" content=\"2026-04-01T08:58:35+00:00\" \/>\n<meta property=\"og:image\" content=\"https:\/\/www.slatinska-banka.hr\/wp-content\/uploads\/STAMBENI-IKONA.png\" \/>\n\t<meta property=\"og:image:width\" content=\"376\" \/>\n\t<meta property=\"og:image:height\" content=\"372\" \/>\n\t<meta property=\"og:image:type\" content=\"image\/png\" \/>\n<meta name=\"twitter:card\" content=\"summary_large_image\" \/>\n<meta name=\"twitter:label1\" content=\"Est. reading time\" \/>\n\t<meta name=\"twitter:data1\" content=\"2 minutes\" \/>\n<script type=\"application\/ld+json\" class=\"yoast-schema-graph\">{\"@context\":\"https:\/\/schema.org\",\"@graph\":[{\"@type\":\"WebPage\",\"@id\":\"https:\/\/www.slatinska-banka.hr\/gradani\/krediti-i-financiranja\/stambeni-kredit\/\",\"url\":\"https:\/\/www.slatinska-banka.hr\/gradani\/krediti-i-financiranja\/stambeni-kredit\/\",\"name\":\"Stambeni kredit - Slatinska Banka\",\"isPartOf\":{\"@id\":\"https:\/\/www.slatinska-banka.hr\/#website\"},\"primaryImageOfPage\":{\"@id\":\"https:\/\/www.slatinska-banka.hr\/gradani\/krediti-i-financiranja\/stambeni-kredit\/#primaryimage\"},\"image\":{\"@id\":\"https:\/\/www.slatinska-banka.hr\/gradani\/krediti-i-financiranja\/stambeni-kredit\/#primaryimage\"},\"thumbnailUrl\":\"https:\/\/www.slatinska-banka.hr\/wp-content\/uploads\/STAMBENI-IKONA.png\",\"datePublished\":\"2019-02-07T13:29:35+00:00\",\"dateModified\":\"2026-04-01T08:58:35+00:00\",\"breadcrumb\":{\"@id\":\"https:\/\/www.slatinska-banka.hr\/gradani\/krediti-i-financiranja\/stambeni-kredit\/#breadcrumb\"},\"inLanguage\":\"en-US\",\"potentialAction\":[{\"@type\":\"ReadAction\",\"target\":[\"https:\/\/www.slatinska-banka.hr\/gradani\/krediti-i-financiranja\/stambeni-kredit\/\"]}]},{\"@type\":\"ImageObject\",\"inLanguage\":\"en-US\",\"@id\":\"https:\/\/www.slatinska-banka.hr\/gradani\/krediti-i-financiranja\/stambeni-kredit\/#primaryimage\",\"url\":\"https:\/\/www.slatinska-banka.hr\/wp-content\/uploads\/STAMBENI-IKONA.png\",\"contentUrl\":\"https:\/\/www.slatinska-banka.hr\/wp-content\/uploads\/STAMBENI-IKONA.png\",\"width\":376,\"height\":372},{\"@type\":\"BreadcrumbList\",\"@id\":\"https:\/\/www.slatinska-banka.hr\/gradani\/krediti-i-financiranja\/stambeni-kredit\/#breadcrumb\",\"itemListElement\":[{\"@type\":\"ListItem\",\"position\":1,\"name\":\"Gra\u0111ani\",\"item\":\"https:\/\/www.slatinska-banka.hr\/gradani\/\"},{\"@type\":\"ListItem\",\"position\":2,\"name\":\"Krediti i financiranja\",\"item\":\"https:\/\/www.slatinska-banka.hr\/gradani\/krediti-i-financiranja\/\"},{\"@type\":\"ListItem\",\"position\":3,\"name\":\"Stambeni kredit\"}]},{\"@type\":\"WebSite\",\"@id\":\"https:\/\/www.slatinska-banka.hr\/#website\",\"url\":\"https:\/\/www.slatinska-banka.hr\/\",\"name\":\"Slatinska Banka\",\"description\":\"Razlika je u pristupu\",\"publisher\":{\"@id\":\"https:\/\/www.slatinska-banka.hr\/#organization\"},\"potentialAction\":[{\"@type\":\"SearchAction\",\"target\":{\"@type\":\"EntryPoint\",\"urlTemplate\":\"https:\/\/www.slatinska-banka.hr\/?s={search_term_string}\"},\"query-input\":{\"@type\":\"PropertyValueSpecification\",\"valueRequired\":true,\"valueName\":\"search_term_string\"}}],\"inLanguage\":\"en-US\"},{\"@type\":\"Organization\",\"@id\":\"https:\/\/www.slatinska-banka.hr\/#organization\",\"name\":\"Slatinska banka d.d.\",\"url\":\"https:\/\/www.slatinska-banka.hr\/\",\"logo\":{\"@type\":\"ImageObject\",\"inLanguage\":\"en-US\",\"@id\":\"https:\/\/www.slatinska-banka.hr\/#\/schema\/logo\/image\/\",\"url\":\"https:\/\/www.slatinska-banka.hr\/wp-content\/uploads\/2019\/02\/logo_big.png\",\"contentUrl\":\"https:\/\/www.slatinska-banka.hr\/wp-content\/uploads\/2019\/02\/logo_big.png\",\"width\":302,\"height\":244,\"caption\":\"Slatinska banka d.d.\"},\"image\":{\"@id\":\"https:\/\/www.slatinska-banka.hr\/#\/schema\/logo\/image\/\"},\"sameAs\":[\"https:\/\/www.facebook.com\/slatinskabanka\/\",\"https:\/\/www.linkedin.com\/company\/slatinska-banka-dd\"]}]}<\/script>\n<!-- \/ Yoast SEO plugin. -->","yoast_head_json":{"title":"Stambeni kredit - Slatinska Banka","robots":{"index":"index","follow":"follow","max-snippet":"max-snippet:-1","max-image-preview":"max-image-preview:large","max-video-preview":"max-video-preview:-1"},"canonical":"https:\/\/www.slatinska-banka.hr\/en\/gradani\/krediti-i-financiranja\/stambeni-kredit\/","og_locale":"en_US","og_type":"article","og_title":"Stambeni kredit - Slatinska Banka","og_description":"Kupuje\u0161 ili gradi\u0161 svoj novi dom ili pak ku\u0107u za odmor? Energetski obnavlja\u0161, dovr\u0161ava\u0161 ili adaptira\u0161 ku\u0107u ili stan? Uz du\u017ei rok povrata, velike iznose i fiksnu kamatnu stopu tu [&hellip;]","og_url":"https:\/\/www.slatinska-banka.hr\/en\/gradani\/krediti-i-financiranja\/stambeni-kredit\/","og_site_name":"Slatinska Banka","article_publisher":"https:\/\/www.facebook.com\/slatinskabanka\/","article_modified_time":"2026-04-01T08:58:35+00:00","og_image":[{"width":376,"height":372,"url":"https:\/\/www.slatinska-banka.hr\/wp-content\/uploads\/STAMBENI-IKONA.png","type":"image\/png"}],"twitter_card":"summary_large_image","twitter_misc":{"Est. reading time":"2 minutes"},"schema":{"@context":"https:\/\/schema.org","@graph":[{"@type":"WebPage","@id":"https:\/\/www.slatinska-banka.hr\/gradani\/krediti-i-financiranja\/stambeni-kredit\/","url":"https:\/\/www.slatinska-banka.hr\/gradani\/krediti-i-financiranja\/stambeni-kredit\/","name":"Stambeni kredit - Slatinska Banka","isPartOf":{"@id":"https:\/\/www.slatinska-banka.hr\/#website"},"primaryImageOfPage":{"@id":"https:\/\/www.slatinska-banka.hr\/gradani\/krediti-i-financiranja\/stambeni-kredit\/#primaryimage"},"image":{"@id":"https:\/\/www.slatinska-banka.hr\/gradani\/krediti-i-financiranja\/stambeni-kredit\/#primaryimage"},"thumbnailUrl":"https:\/\/www.slatinska-banka.hr\/wp-content\/uploads\/STAMBENI-IKONA.png","datePublished":"2019-02-07T13:29:35+00:00","dateModified":"2026-04-01T08:58:35+00:00","breadcrumb":{"@id":"https:\/\/www.slatinska-banka.hr\/gradani\/krediti-i-financiranja\/stambeni-kredit\/#breadcrumb"},"inLanguage":"en-US","potentialAction":[{"@type":"ReadAction","target":["https:\/\/www.slatinska-banka.hr\/gradani\/krediti-i-financiranja\/stambeni-kredit\/"]}]},{"@type":"ImageObject","inLanguage":"en-US","@id":"https:\/\/www.slatinska-banka.hr\/gradani\/krediti-i-financiranja\/stambeni-kredit\/#primaryimage","url":"https:\/\/www.slatinska-banka.hr\/wp-content\/uploads\/STAMBENI-IKONA.png","contentUrl":"https:\/\/www.slatinska-banka.hr\/wp-content\/uploads\/STAMBENI-IKONA.png","width":376,"height":372},{"@type":"BreadcrumbList","@id":"https:\/\/www.slatinska-banka.hr\/gradani\/krediti-i-financiranja\/stambeni-kredit\/#breadcrumb","itemListElement":[{"@type":"ListItem","position":1,"name":"Gra\u0111ani","item":"https:\/\/www.slatinska-banka.hr\/gradani\/"},{"@type":"ListItem","position":2,"name":"Krediti i financiranja","item":"https:\/\/www.slatinska-banka.hr\/gradani\/krediti-i-financiranja\/"},{"@type":"ListItem","position":3,"name":"Stambeni kredit"}]},{"@type":"WebSite","@id":"https:\/\/www.slatinska-banka.hr\/#website","url":"https:\/\/www.slatinska-banka.hr\/","name":"Slatinska Banka","description":"Razlika je u pristupu","publisher":{"@id":"https:\/\/www.slatinska-banka.hr\/#organization"},"potentialAction":[{"@type":"SearchAction","target":{"@type":"EntryPoint","urlTemplate":"https:\/\/www.slatinska-banka.hr\/?s={search_term_string}"},"query-input":{"@type":"PropertyValueSpecification","valueRequired":true,"valueName":"search_term_string"}}],"inLanguage":"en-US"},{"@type":"Organization","@id":"https:\/\/www.slatinska-banka.hr\/#organization","name":"Slatinska banka d.d.","url":"https:\/\/www.slatinska-banka.hr\/","logo":{"@type":"ImageObject","inLanguage":"en-US","@id":"https:\/\/www.slatinska-banka.hr\/#\/schema\/logo\/image\/","url":"https:\/\/www.slatinska-banka.hr\/wp-content\/uploads\/2019\/02\/logo_big.png","contentUrl":"https:\/\/www.slatinska-banka.hr\/wp-content\/uploads\/2019\/02\/logo_big.png","width":302,"height":244,"caption":"Slatinska banka d.d."},"image":{"@id":"https:\/\/www.slatinska-banka.hr\/#\/schema\/logo\/image\/"},"sameAs":["https:\/\/www.facebook.com\/slatinskabanka\/","https:\/\/www.linkedin.com\/company\/slatinska-banka-dd"]}]}},"_links":{"self":[{"href":"https:\/\/www.slatinska-banka.hr\/en\/wp-json\/wp\/v2\/pages\/876","targetHints":{"allow":["GET"]}}],"collection":[{"href":"https:\/\/www.slatinska-banka.hr\/en\/wp-json\/wp\/v2\/pages"}],"about":[{"href":"https:\/\/www.slatinska-banka.hr\/en\/wp-json\/wp\/v2\/types\/page"}],"author":[{"embeddable":true,"href":"https:\/\/www.slatinska-banka.hr\/en\/wp-json\/wp\/v2\/users\/14"}],"replies":[{"embeddable":true,"href":"https:\/\/www.slatinska-banka.hr\/en\/wp-json\/wp\/v2\/comments?post=876"}],"version-history":[{"count":119,"href":"https:\/\/www.slatinska-banka.hr\/en\/wp-json\/wp\/v2\/pages\/876\/revisions"}],"predecessor-version":[{"id":4687864,"href":"https:\/\/www.slatinska-banka.hr\/en\/wp-json\/wp\/v2\/pages\/876\/revisions\/4687864"}],"up":[{"embeddable":true,"href":"https:\/\/www.slatinska-banka.hr\/en\/wp-json\/wp\/v2\/pages\/22"}],"wp:featuredmedia":[{"embeddable":true,"href":"https:\/\/www.slatinska-banka.hr\/en\/wp-json\/wp\/v2\/media\/535677"}],"wp:attachment":[{"href":"https:\/\/www.slatinska-banka.hr\/en\/wp-json\/wp\/v2\/media?parent=876"}],"wp:term":[{"taxonomy":"category","embeddable":true,"href":"https:\/\/www.slatinska-banka.hr\/en\/wp-json\/wp\/v2\/categories?post=876"},{"taxonomy":"post_tag","embeddable":true,"href":"https:\/\/www.slatinska-banka.hr\/en\/wp-json\/wp\/v2\/tags?post=876"}],"curies":[{"name":"wp","href":"https:\/\/api.w.org\/{rel}","templated":true}]}}