{"id":868,"date":"2019-02-07T14:06:10","date_gmt":"2019-02-07T13:06:10","guid":{"rendered":"http:\/\/www.slatinska-banka.hr\/?page_id=868"},"modified":"2026-04-01T10:56:03","modified_gmt":"2026-04-01T08:56:03","slug":"dugorocni-nenamjenski-kredit-uz-zalog","status":"publish","type":"page","link":"https:\/\/www.slatinska-banka.hr\/en\/gradani\/krediti-i-financiranja\/gotovinski-krediti\/dugorocni-nenamjenski-kredit-uz-zalog\/","title":{"rendered":"Dugoro\u010dni nenamjenski kredit uz zalog"},"content":{"rendered":"Ukoliko su ti potrebna nenamjenska sredstva, s du\u017eim rokom otplate, te ve\u0107im iznosima, uz fiksnu kamatnu stopu, biraj dugoro\u010dni nenamjenski kredit uz zalog.\r\n\r\n&nbsp;\r\n<table class=\"contentTable\">\r\n<tbody>\r\n<tr>\r\n<td style=\"text-align: center;\"><strong>IZNOS:<\/strong><\/td>\r\n<td><strong>ROK POVRATA<\/strong><\/td>\r\n<td><strong>NAKNADA<\/strong><\/td>\r\n<\/tr>\r\n<tr>\r\n<td>40.000,00 do 70.000,00 EUR<\/td>\r\n<td>10 do 15 godina<\/td>\r\n<td>bez naknade<\/td>\r\n<\/tr>\r\n<\/tbody>\r\n<\/table>\r\nMogu\u0107nost po\u010deka roka otplate od 3 do 12 mjeseci!\r\n<table style=\"height: 104px; width: 74.6597%; border-style: solid; border-color: #000000;\">\r\n<tbody>\r\n<tr style=\"height: 35px;\">\r\n<td style=\"height: 35px; width: 48.4155%;\">Fiksna kamatna stopa<\/td>\r\n<td style=\"height: 35px; width: 50.4804%;\">Promjenjiva kamatna stopa*<\/td>\r\n<\/tr>\r\n<tr style=\"height: 10px;\">\r\n<td style=\"height: 10px; width: 48.4155%;\">4,75%<\/td>\r\n<td style=\"height: 10px; width: 50.4804%;\">3,87%<\/td>\r\n<\/tr>\r\n<tr style=\"height: 10px;\">\r\n<td style=\"height: 10px; width: 48.4155%;\">&#8211;<\/td>\r\n<td style=\"height: 10px; width: 50.4804%;\">Fiksni dio: 1,37%<\/td>\r\n<\/tr>\r\n<tr style=\"height: 25px;\">\r\n<td style=\"height: 25px; width: 48.4155%;\">&#8211;<\/td>\r\n<td style=\"height: 25px; width: 50.4804%;\">Varijabilni dio: 6M EURIBOR*<\/td>\r\n<\/tr>\r\n<tr style=\"height: 24px;\">\r\n<td style=\"height: 24px; width: 48.4155%;\">EKS 5,13%<\/td>\r\n<td style=\"height: 24px; width: 50.4804%;\">EKS 4,21%<\/td>\r\n<\/tr>\r\n<\/tbody>\r\n<\/table>\r\n*visina 6M EURIBOR objavljena na dan 27.03.2026. godine iznosi 2,504%. Redovito uskla\u0111enje varijabilnog dijela kamatne stope s promjenom 6M EURIBOR provodi se \u0161estomjese\u010dno, 30.06. i 31.12. svake godine.\r\n\r\n&nbsp;\r\n<p style=\"text-align: center;\"><a class=\"button primary\" href=\"http:\/\/www.slatinska-banka.hr\/en\/kreditni-kalkulator\/\">Izra\u010dunaj anuitet<\/a><\/p>\r\n&nbsp;\r\n\r\n<div class=\"accordeon\">\r\n\r\n<h2><span class=\"naslov\">Instrumenti osiguranja<\/span><\/h2><div><ul>\n<li>Zadu\u017enice svih sudionika u kreditu<\/li>\n<li>Izjava o\u00a0 zapljeni po pristanku du\u017enika<\/li>\n<li>Administrativna zabrana<\/li>\n<li>Kreditno sposoban jamac platac sa vlastitim instrumentima osiguranja<\/li>\n<li>Zalog\/fiducija nekretnine (neoptere\u0107ena)<\/li>\n<li>Polica osiguranja nekretnine<\/li>\n<\/ul>\n<\/div>\r\n\r\n<\/div>\r\n\r\n<div class=\"accordeon\">\r\n\r\n<h2><span class=\"naslov\">Dokumentacija<\/span><\/h2><div><ul>\n<li><a href=\"https:\/\/www.slatinska-banka.hr\/wp-content\/uploads\/Zahtjev_za_kredit_potrosaca_20250314.pdf\">Zahtjev za kredit<\/a><\/li>\n<li><a href=\"https:\/\/www.slatinska-banka.hr\/wp-content\/uploads\/20260401-INFORMATIVNI-OBRAZAC-Dugorocni_nenamjenski_kredit_uz_zalog.pdf\">Informativni obrazac<\/a><\/li>\n<li><a href=\"https:\/\/www.slatinska-banka.hr\/wp-content\/uploads\/Obrazac-za-jamca-platca-suduznika-u-zahtjevu-za-kredit_20230101.pdf\">Obrazac za jamca-platca; sudu\u017enika u zahtjevu za kredit<\/a><\/li>\n<li><a href=\"ttps:\/\/www.slatinska-banka.hr\/wp-content\/uploads\/Potvrda-poslodavca-1.pdf\">Potvrda poslodavca<\/a><\/li>\n<li><a href=\"https:\/\/www.slatinska-banka.hr\/wp-content\/uploads\/Dokumentacija-koju-je-potrebno-priloziti-uz-zahtjev-za-kredit-sijecanj-2026.pdf\">Popis potrebne dokumentacije<\/a><\/li>\n<li><a href=\"https:\/\/www.slatinska-banka.hr\/wp-content\/uploads\/POUP049-01-2023-Izjava_o_privatnosti_krediti_kreditne-kartice_MBPlus_listopad2025-1.pdf\">Izjava o privatnosti<\/a><\/li>\n<li><a href=\"https:\/\/www.slatinska-banka.hr\/wp-content\/uploads\/Informacije-o-obradi-osobnih-podataka-u-OSR_sijecanj2025_.pdf\">Informacije o obradi osobnih podataka u OSR sustavu<\/a><\/li>\n<\/ul>\n<\/div>\r\n\r\n<h2><span class=\"naslov\">Reprezentativni primjer<\/span><\/h2><div><p>&nbsp;<\/p>\n<table style=\"width: 66.1662%; height: 336px;\">\n<tbody>\n<tr style=\"height: 48px;\">\n<td style=\"height: 48px; width: 29.5127%;\">Status klijenta<\/td>\n<td style=\"width: 22.5507%; height: 48px;\">Klijent\/Ne klijent Banke<\/td>\n<td style=\"width: 28.3548%; height: 48px;\">Status klijenta<\/td>\n<td style=\"width: 28.8159%; height: 48px;\">Klijent\/Ne klijent Banke<\/td>\n<\/tr>\n<tr style=\"height: 24px;\">\n<td style=\"height: 24px; width: 29.5127%;\">Valuta kredita<\/td>\n<td style=\"width: 22.5507%; height: 24px;\">EUR<\/td>\n<td style=\"width: 28.3548%; height: 24px;\">Valuta kredita<\/td>\n<td style=\"width: 28.8159%; height: 24px;\">EUR<\/td>\n<\/tr>\n<tr style=\"height: 24px;\">\n<td style=\"height: 24px; width: 29.5127%;\">Iznos kredita<\/td>\n<td style=\"width: 22.5507%; height: 24px;\">40.000,00<\/td>\n<td style=\"width: 28.3548%; height: 24px;\">Iznos kredita<\/td>\n<td style=\"width: 28.8159%; height: 24px;\">40.000,00<\/td>\n<\/tr>\n<tr style=\"height: 24px;\">\n<td style=\"height: 24px; width: 29.5127%;\">Rok otplate<\/td>\n<td style=\"width: 22.5507%; height: 24px;\">120 mj<\/td>\n<td style=\"width: 28.3548%; height: 24px;\">Rok otplate<\/td>\n<td style=\"width: 28.8159%; height: 24px;\">120 mj<\/td>\n<\/tr>\n<tr style=\"height: 24px;\">\n<td style=\"height: 24px; width: 29.5127%;\">Godi\u0161nja premija osiguranja nekretnine<\/td>\n<td style=\"width: 22.5507%; height: 24px;\">35,00<\/td>\n<td style=\"width: 28.3548%; height: 24px;\">Godi\u0161nja premija osiguranja nekretnine<\/td>\n<td style=\"width: 28.8159%; height: 24px;\">35,00<\/td>\n<\/tr>\n<tr style=\"height: 24px;\">\n<td style=\"height: 24px; width: 29.5127%;\">Tro\u0161ak procjene nekretnine<\/td>\n<td style=\"width: 22.5507%; height: 24px;\">200,00<\/td>\n<td style=\"width: 28.3548%; height: 24px;\">Tro\u0161ak procjene nekretnine<\/td>\n<td style=\"width: 28.8159%; height: 24px;\">200,00<\/td>\n<\/tr>\n<tr style=\"height: 24px;\">\n<td style=\"height: 24px; width: 29.5127%;\">Kamatna stopa fiksna<\/td>\n<td style=\"width: 22.5507%; height: 24px;\">4,75%<\/td>\n<td style=\"width: 28.3548%; height: 24px;\">\u00a0Kamatna stopa promjenjiva<\/td>\n<td style=\"width: 28.8159%; height: 24px;\">\u00a03,87%<\/td>\n<\/tr>\n<tr style=\"height: 24px;\">\n<td style=\"height: 24px; width: 29.5127%;\">EKS<\/td>\n<td style=\"width: 22.5507%; height: 24px;\">5,13%<\/td>\n<td style=\"width: 28.3548%; height: 24px;\">EKS<\/td>\n<td style=\"width: 28.8159%; height: 24px;\">4,21%<\/td>\n<\/tr>\n<tr style=\"height: 24px;\">\n<td style=\"height: 24px; width: 29.5127%;\">Intercalary interest rate<\/td>\n<td style=\"width: 22.5507%; height: 24px;\">156,16<\/td>\n<td style=\"width: 28.3548%; height: 24px;\">Intercalary interest rate<\/td>\n<td style=\"width: 28.8159%; height: 24px;\">127,23<\/td>\n<\/tr>\n<tr style=\"height: 24px;\">\n<td style=\"height: 24px; width: 29.5127%;\">Iznos kamate za razdoblje otplate<\/td>\n<td style=\"width: 22.5507%; height: 24px;\">10.483,08<\/td>\n<td style=\"width: 28.3548%; height: 24px;\">Iznos kamate za razdoblje otplate<\/td>\n<td style=\"width: 28.8159%; height: 24px;\">8.429,06<\/td>\n<\/tr>\n<tr style=\"height: 48px;\">\n<td style=\"height: 48px; width: 29.5127%;\">Visina mjese\u010dnog anuiteta za razdoblje otplate<\/td>\n<td style=\"width: 22.5507%; height: 48px;\">419,39<\/td>\n<td style=\"width: 28.3548%; height: 48px;\">Visina mjese\u010dnog anuiteta za razdoblje otplate<\/td>\n<td style=\"width: 28.8159%; height: 48px;\">402,51<\/td>\n<\/tr>\n<tr style=\"height: 24px;\">\n<td style=\"width: 29.5127%; height: 24px;\"><strong>Ukupan iznos za otplatu*<\/strong><\/td>\n<td style=\"width: 22.5507%; height: 24px;\"><strong>51.033,08<\/strong><\/td>\n<td style=\"width: 28.3548%; height: 24px;\"><strong>Ukupan iznos za otplatu*<\/strong><\/td>\n<td style=\"width: 28.8159%; height: 24px;\"><strong>48.979,06<\/strong><\/td>\n<\/tr>\n<\/tbody>\n<\/table>\n<p>*Ukupan iznos za otplatu uklju\u010duje iznos glavnice kredita, kamatu obra\u010dunatu do dospije\u0107a te tro\u0161ak procjene nekretnine i godi\u0161nju premiju osiguranja nekretnine ( 10 godina * 35 eura), uz pretpostavku isplate kredita 01.01.<\/p>\n<\/div>\r\n\r\n<\/div>\r\n\r\nAKO TE ZANIMA VI\u0160E INFORMACIJA, POPUNI SLIJEDE\u0106I OBRAZAC I KONTAKTIRATI \u0106EMO TE U KRATKOM ROKU:","protected":false},"excerpt":{"rendered":"<p>Ukoliko su ti potrebna nenamjenska sredstva, s du\u017eim rokom otplate, te ve\u0107im iznosima, uz fiksnu kamatnu stopu, biraj dugoro\u010dni nenamjenski kredit uz zalog. &nbsp; IZNOS: ROK POVRATA NAKNADA 40.000,00 do [&hellip;]<\/p>","protected":false},"author":14,"featured_media":535674,"parent":789,"menu_order":3,"comment_status":"closed","ping_status":"closed","template":"page-template-3.php","meta":{"_acf_changed":false,"footnotes":""},"categories":[],"tags":[],"class_list":["post-868","page","type-page","status-publish","has-post-thumbnail","hentry"],"acf":[],"yoast_head":"<!-- This site is optimized with the Yoast SEO plugin v25.4 - https:\/\/yoast.com\/wordpress\/plugins\/seo\/ -->\n<title>Dugoro\u010dni nenamjenski kredit uz zalog - Slatinska Banka<\/title>\n<meta name=\"robots\" content=\"index, follow, max-snippet:-1, max-image-preview:large, max-video-preview:-1\" \/>\n<link rel=\"canonical\" href=\"https:\/\/www.slatinska-banka.hr\/en\/gradani\/krediti-i-financiranja\/gotovinski-krediti\/dugorocni-nenamjenski-kredit-uz-zalog\/\" \/>\n<meta property=\"og:locale\" content=\"en_US\" \/>\n<meta property=\"og:type\" content=\"article\" \/>\n<meta property=\"og:title\" content=\"Dugoro\u010dni nenamjenski kredit uz zalog - Slatinska Banka\" \/>\n<meta property=\"og:description\" content=\"Ukoliko su ti potrebna nenamjenska sredstva, s du\u017eim rokom otplate, te ve\u0107im iznosima, uz fiksnu kamatnu stopu, biraj dugoro\u010dni nenamjenski kredit uz zalog. &nbsp; IZNOS: ROK POVRATA NAKNADA 40.000,00 do [&hellip;]\" \/>\n<meta property=\"og:url\" content=\"https:\/\/www.slatinska-banka.hr\/en\/gradani\/krediti-i-financiranja\/gotovinski-krediti\/dugorocni-nenamjenski-kredit-uz-zalog\/\" \/>\n<meta property=\"og:site_name\" content=\"Slatinska Banka\" \/>\n<meta property=\"article:publisher\" content=\"https:\/\/www.facebook.com\/slatinskabanka\/\" \/>\n<meta property=\"article:modified_time\" content=\"2026-04-01T08:56:03+00:00\" \/>\n<meta property=\"og:image\" content=\"https:\/\/www.slatinska-banka.hr\/wp-content\/uploads\/DUGOROCNI-UZ-ZALOG-IKONA.png\" \/>\n\t<meta property=\"og:image:width\" content=\"376\" \/>\n\t<meta property=\"og:image:height\" content=\"372\" \/>\n\t<meta property=\"og:image:type\" content=\"image\/png\" \/>\n<meta name=\"twitter:card\" content=\"summary_large_image\" \/>\n<meta name=\"twitter:label1\" content=\"Est. reading time\" \/>\n\t<meta name=\"twitter:data1\" content=\"2 minutes\" \/>\n<script type=\"application\/ld+json\" class=\"yoast-schema-graph\">{\"@context\":\"https:\/\/schema.org\",\"@graph\":[{\"@type\":\"WebPage\",\"@id\":\"https:\/\/www.slatinska-banka.hr\/gradani\/krediti-i-financiranja\/gotovinski-krediti\/dugorocni-nenamjenski-kredit-uz-zalog\/\",\"url\":\"https:\/\/www.slatinska-banka.hr\/gradani\/krediti-i-financiranja\/gotovinski-krediti\/dugorocni-nenamjenski-kredit-uz-zalog\/\",\"name\":\"Dugoro\u010dni nenamjenski kredit uz zalog - Slatinska Banka\",\"isPartOf\":{\"@id\":\"https:\/\/www.slatinska-banka.hr\/#website\"},\"primaryImageOfPage\":{\"@id\":\"https:\/\/www.slatinska-banka.hr\/gradani\/krediti-i-financiranja\/gotovinski-krediti\/dugorocni-nenamjenski-kredit-uz-zalog\/#primaryimage\"},\"image\":{\"@id\":\"https:\/\/www.slatinska-banka.hr\/gradani\/krediti-i-financiranja\/gotovinski-krediti\/dugorocni-nenamjenski-kredit-uz-zalog\/#primaryimage\"},\"thumbnailUrl\":\"https:\/\/www.slatinska-banka.hr\/wp-content\/uploads\/DUGOROCNI-UZ-ZALOG-IKONA.png\",\"datePublished\":\"2019-02-07T13:06:10+00:00\",\"dateModified\":\"2026-04-01T08:56:03+00:00\",\"breadcrumb\":{\"@id\":\"https:\/\/www.slatinska-banka.hr\/gradani\/krediti-i-financiranja\/gotovinski-krediti\/dugorocni-nenamjenski-kredit-uz-zalog\/#breadcrumb\"},\"inLanguage\":\"en-US\",\"potentialAction\":[{\"@type\":\"ReadAction\",\"target\":[\"https:\/\/www.slatinska-banka.hr\/gradani\/krediti-i-financiranja\/gotovinski-krediti\/dugorocni-nenamjenski-kredit-uz-zalog\/\"]}]},{\"@type\":\"ImageObject\",\"inLanguage\":\"en-US\",\"@id\":\"https:\/\/www.slatinska-banka.hr\/gradani\/krediti-i-financiranja\/gotovinski-krediti\/dugorocni-nenamjenski-kredit-uz-zalog\/#primaryimage\",\"url\":\"https:\/\/www.slatinska-banka.hr\/wp-content\/uploads\/DUGOROCNI-UZ-ZALOG-IKONA.png\",\"contentUrl\":\"https:\/\/www.slatinska-banka.hr\/wp-content\/uploads\/DUGOROCNI-UZ-ZALOG-IKONA.png\",\"width\":376,\"height\":372},{\"@type\":\"BreadcrumbList\",\"@id\":\"https:\/\/www.slatinska-banka.hr\/gradani\/krediti-i-financiranja\/gotovinski-krediti\/dugorocni-nenamjenski-kredit-uz-zalog\/#breadcrumb\",\"itemListElement\":[{\"@type\":\"ListItem\",\"position\":1,\"name\":\"Gra\u0111ani\",\"item\":\"https:\/\/www.slatinska-banka.hr\/gradani\/\"},{\"@type\":\"ListItem\",\"position\":2,\"name\":\"Krediti i financiranja\",\"item\":\"https:\/\/www.slatinska-banka.hr\/gradani\/krediti-i-financiranja\/\"},{\"@type\":\"ListItem\",\"position\":3,\"name\":\"Gotovinski krediti\",\"item\":\"https:\/\/www.slatinska-banka.hr\/gradani\/krediti-i-financiranja\/gotovinski-krediti\/\"},{\"@type\":\"ListItem\",\"position\":4,\"name\":\"Dugoro\u010dni nenamjenski kredit uz zalog\"}]},{\"@type\":\"WebSite\",\"@id\":\"https:\/\/www.slatinska-banka.hr\/#website\",\"url\":\"https:\/\/www.slatinska-banka.hr\/\",\"name\":\"Slatinska Banka\",\"description\":\"Razlika je u pristupu\",\"publisher\":{\"@id\":\"https:\/\/www.slatinska-banka.hr\/#organization\"},\"potentialAction\":[{\"@type\":\"SearchAction\",\"target\":{\"@type\":\"EntryPoint\",\"urlTemplate\":\"https:\/\/www.slatinska-banka.hr\/?s={search_term_string}\"},\"query-input\":{\"@type\":\"PropertyValueSpecification\",\"valueRequired\":true,\"valueName\":\"search_term_string\"}}],\"inLanguage\":\"en-US\"},{\"@type\":\"Organization\",\"@id\":\"https:\/\/www.slatinska-banka.hr\/#organization\",\"name\":\"Slatinska banka d.d.\",\"url\":\"https:\/\/www.slatinska-banka.hr\/\",\"logo\":{\"@type\":\"ImageObject\",\"inLanguage\":\"en-US\",\"@id\":\"https:\/\/www.slatinska-banka.hr\/#\/schema\/logo\/image\/\",\"url\":\"https:\/\/www.slatinska-banka.hr\/wp-content\/uploads\/2019\/02\/logo_big.png\",\"contentUrl\":\"https:\/\/www.slatinska-banka.hr\/wp-content\/uploads\/2019\/02\/logo_big.png\",\"width\":302,\"height\":244,\"caption\":\"Slatinska banka d.d.\"},\"image\":{\"@id\":\"https:\/\/www.slatinska-banka.hr\/#\/schema\/logo\/image\/\"},\"sameAs\":[\"https:\/\/www.facebook.com\/slatinskabanka\/\",\"https:\/\/www.linkedin.com\/company\/slatinska-banka-dd\"]}]}<\/script>\n<!-- \/ Yoast SEO plugin. -->","yoast_head_json":{"title":"Dugoro\u010dni nenamjenski kredit uz zalog - Slatinska Banka","robots":{"index":"index","follow":"follow","max-snippet":"max-snippet:-1","max-image-preview":"max-image-preview:large","max-video-preview":"max-video-preview:-1"},"canonical":"https:\/\/www.slatinska-banka.hr\/en\/gradani\/krediti-i-financiranja\/gotovinski-krediti\/dugorocni-nenamjenski-kredit-uz-zalog\/","og_locale":"en_US","og_type":"article","og_title":"Dugoro\u010dni nenamjenski kredit uz zalog - Slatinska Banka","og_description":"Ukoliko su ti potrebna nenamjenska sredstva, s du\u017eim rokom otplate, te ve\u0107im iznosima, uz fiksnu kamatnu stopu, biraj dugoro\u010dni nenamjenski kredit uz zalog. &nbsp; IZNOS: ROK POVRATA NAKNADA 40.000,00 do [&hellip;]","og_url":"https:\/\/www.slatinska-banka.hr\/en\/gradani\/krediti-i-financiranja\/gotovinski-krediti\/dugorocni-nenamjenski-kredit-uz-zalog\/","og_site_name":"Slatinska Banka","article_publisher":"https:\/\/www.facebook.com\/slatinskabanka\/","article_modified_time":"2026-04-01T08:56:03+00:00","og_image":[{"width":376,"height":372,"url":"https:\/\/www.slatinska-banka.hr\/wp-content\/uploads\/DUGOROCNI-UZ-ZALOG-IKONA.png","type":"image\/png"}],"twitter_card":"summary_large_image","twitter_misc":{"Est. reading time":"2 minutes"},"schema":{"@context":"https:\/\/schema.org","@graph":[{"@type":"WebPage","@id":"https:\/\/www.slatinska-banka.hr\/gradani\/krediti-i-financiranja\/gotovinski-krediti\/dugorocni-nenamjenski-kredit-uz-zalog\/","url":"https:\/\/www.slatinska-banka.hr\/gradani\/krediti-i-financiranja\/gotovinski-krediti\/dugorocni-nenamjenski-kredit-uz-zalog\/","name":"Dugoro\u010dni nenamjenski kredit uz zalog - Slatinska Banka","isPartOf":{"@id":"https:\/\/www.slatinska-banka.hr\/#website"},"primaryImageOfPage":{"@id":"https:\/\/www.slatinska-banka.hr\/gradani\/krediti-i-financiranja\/gotovinski-krediti\/dugorocni-nenamjenski-kredit-uz-zalog\/#primaryimage"},"image":{"@id":"https:\/\/www.slatinska-banka.hr\/gradani\/krediti-i-financiranja\/gotovinski-krediti\/dugorocni-nenamjenski-kredit-uz-zalog\/#primaryimage"},"thumbnailUrl":"https:\/\/www.slatinska-banka.hr\/wp-content\/uploads\/DUGOROCNI-UZ-ZALOG-IKONA.png","datePublished":"2019-02-07T13:06:10+00:00","dateModified":"2026-04-01T08:56:03+00:00","breadcrumb":{"@id":"https:\/\/www.slatinska-banka.hr\/gradani\/krediti-i-financiranja\/gotovinski-krediti\/dugorocni-nenamjenski-kredit-uz-zalog\/#breadcrumb"},"inLanguage":"en-US","potentialAction":[{"@type":"ReadAction","target":["https:\/\/www.slatinska-banka.hr\/gradani\/krediti-i-financiranja\/gotovinski-krediti\/dugorocni-nenamjenski-kredit-uz-zalog\/"]}]},{"@type":"ImageObject","inLanguage":"en-US","@id":"https:\/\/www.slatinska-banka.hr\/gradani\/krediti-i-financiranja\/gotovinski-krediti\/dugorocni-nenamjenski-kredit-uz-zalog\/#primaryimage","url":"https:\/\/www.slatinska-banka.hr\/wp-content\/uploads\/DUGOROCNI-UZ-ZALOG-IKONA.png","contentUrl":"https:\/\/www.slatinska-banka.hr\/wp-content\/uploads\/DUGOROCNI-UZ-ZALOG-IKONA.png","width":376,"height":372},{"@type":"BreadcrumbList","@id":"https:\/\/www.slatinska-banka.hr\/gradani\/krediti-i-financiranja\/gotovinski-krediti\/dugorocni-nenamjenski-kredit-uz-zalog\/#breadcrumb","itemListElement":[{"@type":"ListItem","position":1,"name":"Gra\u0111ani","item":"https:\/\/www.slatinska-banka.hr\/gradani\/"},{"@type":"ListItem","position":2,"name":"Krediti i financiranja","item":"https:\/\/www.slatinska-banka.hr\/gradani\/krediti-i-financiranja\/"},{"@type":"ListItem","position":3,"name":"Gotovinski krediti","item":"https:\/\/www.slatinska-banka.hr\/gradani\/krediti-i-financiranja\/gotovinski-krediti\/"},{"@type":"ListItem","position":4,"name":"Dugoro\u010dni nenamjenski kredit uz zalog"}]},{"@type":"WebSite","@id":"https:\/\/www.slatinska-banka.hr\/#website","url":"https:\/\/www.slatinska-banka.hr\/","name":"Slatinska Banka","description":"Razlika je u pristupu","publisher":{"@id":"https:\/\/www.slatinska-banka.hr\/#organization"},"potentialAction":[{"@type":"SearchAction","target":{"@type":"EntryPoint","urlTemplate":"https:\/\/www.slatinska-banka.hr\/?s={search_term_string}"},"query-input":{"@type":"PropertyValueSpecification","valueRequired":true,"valueName":"search_term_string"}}],"inLanguage":"en-US"},{"@type":"Organization","@id":"https:\/\/www.slatinska-banka.hr\/#organization","name":"Slatinska banka d.d.","url":"https:\/\/www.slatinska-banka.hr\/","logo":{"@type":"ImageObject","inLanguage":"en-US","@id":"https:\/\/www.slatinska-banka.hr\/#\/schema\/logo\/image\/","url":"https:\/\/www.slatinska-banka.hr\/wp-content\/uploads\/2019\/02\/logo_big.png","contentUrl":"https:\/\/www.slatinska-banka.hr\/wp-content\/uploads\/2019\/02\/logo_big.png","width":302,"height":244,"caption":"Slatinska banka d.d."},"image":{"@id":"https:\/\/www.slatinska-banka.hr\/#\/schema\/logo\/image\/"},"sameAs":["https:\/\/www.facebook.com\/slatinskabanka\/","https:\/\/www.linkedin.com\/company\/slatinska-banka-dd"]}]}},"_links":{"self":[{"href":"https:\/\/www.slatinska-banka.hr\/en\/wp-json\/wp\/v2\/pages\/868","targetHints":{"allow":["GET"]}}],"collection":[{"href":"https:\/\/www.slatinska-banka.hr\/en\/wp-json\/wp\/v2\/pages"}],"about":[{"href":"https:\/\/www.slatinska-banka.hr\/en\/wp-json\/wp\/v2\/types\/page"}],"author":[{"embeddable":true,"href":"https:\/\/www.slatinska-banka.hr\/en\/wp-json\/wp\/v2\/users\/14"}],"replies":[{"embeddable":true,"href":"https:\/\/www.slatinska-banka.hr\/en\/wp-json\/wp\/v2\/comments?post=868"}],"version-history":[{"count":101,"href":"https:\/\/www.slatinska-banka.hr\/en\/wp-json\/wp\/v2\/pages\/868\/revisions"}],"predecessor-version":[{"id":4687863,"href":"https:\/\/www.slatinska-banka.hr\/en\/wp-json\/wp\/v2\/pages\/868\/revisions\/4687863"}],"up":[{"embeddable":true,"href":"https:\/\/www.slatinska-banka.hr\/en\/wp-json\/wp\/v2\/pages\/789"}],"wp:featuredmedia":[{"embeddable":true,"href":"https:\/\/www.slatinska-banka.hr\/en\/wp-json\/wp\/v2\/media\/535674"}],"wp:attachment":[{"href":"https:\/\/www.slatinska-banka.hr\/en\/wp-json\/wp\/v2\/media?parent=868"}],"wp:term":[{"taxonomy":"category","embeddable":true,"href":"https:\/\/www.slatinska-banka.hr\/en\/wp-json\/wp\/v2\/categories?post=868"},{"taxonomy":"post_tag","embeddable":true,"href":"https:\/\/www.slatinska-banka.hr\/en\/wp-json\/wp\/v2\/tags?post=868"}],"curies":[{"name":"wp","href":"https:\/\/api.w.org\/{rel}","templated":true}]}}