{"id":8072,"date":"2020-07-17T16:06:12","date_gmt":"2020-07-17T14:06:12","guid":{"rendered":"http:\/\/www.slatinska-banka.hr\/?page_id=8072"},"modified":"2023-04-06T11:47:47","modified_gmt":"2023-04-06T09:47:47","slug":"poticajni-krediti","status":"publish","type":"page","link":"https:\/\/www.slatinska-banka.hr\/en\/poljoprivreda\/krediti-i-financiranja\/priprema-sjetve\/poticajni-krediti\/","title":{"rendered":"Poticajni krediti"},"content":{"rendered":"&nbsp;\r\n\r\nKupi repromaterijal ranije. Ne mora\u0161 \u010dekati poticaje.\r\n\r\nDajemo ti kredit na osnovi poticaja a vra\u0107aj ga po vlastitoj dinamici!\r\n\r\n<img loading=\"lazy\" decoding=\"async\" class=\"alignnone size-full wp-image-2310 aligncenter\" src=\"http:\/\/www.slatinska-banka.hr\/wp-content\/uploads\/2019\/03\/tractor.png\" alt=\"\" width=\"48\" height=\"48\" \/>\r\n\r\n&nbsp;\r\n\r\n<div class=\"accordeon\">\r\n\r\n<h2><span class=\"naslov\">VI\u0160E INFORMACIJA<\/span><\/h2><div><ul>\n<li>Max iznos do 53.089,12 EUR<\/li>\n<li>Rok vra\u0107anja kredita: 3 do\u00a0 12 mjeseci<\/li>\n<li>Dinamika: jednokratno, ili sukcesivno bez naknade za prijevremeni povrat<\/li>\n<li>Iznos ovisi o visini poticaja<\/li>\n<li>Minimalna dokumentacija za obradu kreditnog zahtjeva!<\/li>\n<\/ul>\n<\/div>\r\n\r\n<\/div>\r\n\r\n<div class=\"accordeon\">\r\n\r\n<h2><span class=\"naslov\">DOKUMENTACIJA<\/span><\/h2><div><ul style=\"list-style-type: circle;\">\n<li>Skra\u0107eni kreditni zahtjev s pregledom kreditne izlo\u017eenosti<\/li>\n<li>Prijava poreza na dohodak s prilozima za posljednje tri godine za obveznike poreza na dohodak; za obveznike poreza na dobit, mjerodavan je El- koncept<\/li>\n<li>Odluka o visini poticaja za posljednje razdoblje (dostupno u Agronetu)<\/li>\n<li>Dva uzastopna zahtjeva za poticaje, odnosno Izjave o ekonomskoj veli\u010dini\u00a0 (za potrebe utvr\u0111ivanja odstupanja u poljoprivrednim povr\u0161inama)<\/li>\n<li>Potvrda o visini duga kod Porezne uprave, a ne starija od 30 dana od dana podno\u0161enja zahtjeva (klijenti s kojima Banka ima stalnu pozitivnu poslovnu suradnju mogu dostaviti poreznu knjigovodstvenu karticu s e-porezne)<\/li>\n<li>BON 2 (donose novi klijenti)<\/li>\n<\/ul>\n<\/div>\r\n\r\n<\/div>\r\n\r\n<div class=\"accordeon\">\r\n\r\n<h2><span class=\"naslov\">ZAHTJEV ZA KREDIT<\/span><\/h2><div><p><a href=\"https:\/\/www.slatinska-banka.hr\/wp-content\/uploads\/SBS_Zahtjev_Dodatne-tablice_2023.xlsx\">Zahtjev za kredit<\/a><\/p>\n<\/div>\r\n\r\n<\/div>\r\n\r\n&nbsp;\r\n\r\nObrati nam se bez obaveze!\r\n\r\nNa\u0161i stru\u010dnjaci pomo\u0107i \u0107e ti u pronalasku pravog rje\u0161enja!\r\n\r\n&nbsp;","protected":false},"excerpt":{"rendered":"<p>&nbsp; Kupi repromaterijal ranije. Ne mora\u0161 \u010dekati poticaje. Dajemo ti kredit na osnovi poticaja a vra\u0107aj ga po vlastitoj dinamici! &nbsp; &nbsp; Obrati nam se bez obaveze! Na\u0161i stru\u010dnjaci pomo\u0107i [&hellip;]<\/p>","protected":false},"author":14,"featured_media":1813,"parent":682,"menu_order":1,"comment_status":"closed","ping_status":"closed","template":"page-template-4.php","meta":{"_acf_changed":false,"footnotes":""},"categories":[],"tags":[],"class_list":["post-8072","page","type-page","status-publish","has-post-thumbnail","hentry"],"acf":[],"yoast_head":"<!-- This site is optimized with the Yoast SEO plugin v25.4 - https:\/\/yoast.com\/wordpress\/plugins\/seo\/ -->\n<title>Poticajni krediti - Slatinska Banka<\/title>\n<meta name=\"robots\" content=\"index, follow, max-snippet:-1, max-image-preview:large, max-video-preview:-1\" \/>\n<link rel=\"canonical\" href=\"https:\/\/www.slatinska-banka.hr\/en\/poljoprivreda\/krediti-i-financiranja\/priprema-sjetve\/poticajni-krediti\/\" \/>\n<meta property=\"og:locale\" content=\"en_US\" \/>\n<meta property=\"og:type\" content=\"article\" \/>\n<meta property=\"og:title\" content=\"Poticajni krediti - Slatinska Banka\" \/>\n<meta property=\"og:description\" content=\"&nbsp; Kupi repromaterijal ranije. Ne mora\u0161 \u010dekati poticaje. Dajemo ti kredit na osnovi poticaja a vra\u0107aj ga po vlastitoj dinamici! &nbsp; &nbsp; Obrati nam se bez obaveze! Na\u0161i stru\u010dnjaci pomo\u0107i [&hellip;]\" \/>\n<meta property=\"og:url\" content=\"https:\/\/www.slatinska-banka.hr\/en\/poljoprivreda\/krediti-i-financiranja\/priprema-sjetve\/poticajni-krediti\/\" \/>\n<meta property=\"og:site_name\" content=\"Slatinska Banka\" \/>\n<meta property=\"article:publisher\" content=\"https:\/\/www.facebook.com\/slatinskabanka\/\" \/>\n<meta property=\"article:modified_time\" content=\"2023-04-06T09:47:47+00:00\" \/>\n<meta property=\"og:image\" content=\"https:\/\/www.slatinska-banka.hr\/wp-content\/uploads\/2019\/02\/kai-oberhauser-252546-unsplash-1024x684.jpg\" \/>\n\t<meta property=\"og:image:width\" content=\"1024\" \/>\n\t<meta property=\"og:image:height\" content=\"684\" \/>\n\t<meta property=\"og:image:type\" content=\"image\/jpeg\" \/>\n<meta name=\"twitter:card\" content=\"summary_large_image\" \/>\n<meta name=\"twitter:label1\" content=\"Est. reading time\" \/>\n\t<meta name=\"twitter:data1\" content=\"1 minute\" \/>\n<script type=\"application\/ld+json\" class=\"yoast-schema-graph\">{\"@context\":\"https:\/\/schema.org\",\"@graph\":[{\"@type\":\"WebPage\",\"@id\":\"https:\/\/www.slatinska-banka.hr\/poljoprivreda\/krediti-i-financiranja\/priprema-sjetve\/poticajni-krediti\/\",\"url\":\"https:\/\/www.slatinska-banka.hr\/poljoprivreda\/krediti-i-financiranja\/priprema-sjetve\/poticajni-krediti\/\",\"name\":\"Poticajni krediti - Slatinska Banka\",\"isPartOf\":{\"@id\":\"https:\/\/www.slatinska-banka.hr\/#website\"},\"primaryImageOfPage\":{\"@id\":\"https:\/\/www.slatinska-banka.hr\/poljoprivreda\/krediti-i-financiranja\/priprema-sjetve\/poticajni-krediti\/#primaryimage\"},\"image\":{\"@id\":\"https:\/\/www.slatinska-banka.hr\/poljoprivreda\/krediti-i-financiranja\/priprema-sjetve\/poticajni-krediti\/#primaryimage\"},\"thumbnailUrl\":\"https:\/\/www.slatinska-banka.hr\/wp-content\/uploads\/2019\/02\/kai-oberhauser-252546-unsplash.jpg\",\"datePublished\":\"2020-07-17T14:06:12+00:00\",\"dateModified\":\"2023-04-06T09:47:47+00:00\",\"breadcrumb\":{\"@id\":\"https:\/\/www.slatinska-banka.hr\/poljoprivreda\/krediti-i-financiranja\/priprema-sjetve\/poticajni-krediti\/#breadcrumb\"},\"inLanguage\":\"en-US\",\"potentialAction\":[{\"@type\":\"ReadAction\",\"target\":[\"https:\/\/www.slatinska-banka.hr\/poljoprivreda\/krediti-i-financiranja\/priprema-sjetve\/poticajni-krediti\/\"]}]},{\"@type\":\"ImageObject\",\"inLanguage\":\"en-US\",\"@id\":\"https:\/\/www.slatinska-banka.hr\/poljoprivreda\/krediti-i-financiranja\/priprema-sjetve\/poticajni-krediti\/#primaryimage\",\"url\":\"https:\/\/www.slatinska-banka.hr\/wp-content\/uploads\/2019\/02\/kai-oberhauser-252546-unsplash.jpg\",\"contentUrl\":\"https:\/\/www.slatinska-banka.hr\/wp-content\/uploads\/2019\/02\/kai-oberhauser-252546-unsplash.jpg\",\"width\":5835,\"height\":3895},{\"@type\":\"BreadcrumbList\",\"@id\":\"https:\/\/www.slatinska-banka.hr\/poljoprivreda\/krediti-i-financiranja\/priprema-sjetve\/poticajni-krediti\/#breadcrumb\",\"itemListElement\":[{\"@type\":\"ListItem\",\"position\":1,\"name\":\"Poljoprivreda\",\"item\":\"https:\/\/www.slatinska-banka.hr\/poljoprivreda\/\"},{\"@type\":\"ListItem\",\"position\":2,\"name\":\"Krediti i financiranja\",\"item\":\"https:\/\/www.slatinska-banka.hr\/poljoprivreda\/krediti-i-financiranja\/\"},{\"@type\":\"ListItem\",\"position\":3,\"name\":\"Priprema sjetve\",\"item\":\"https:\/\/www.slatinska-banka.hr\/poljoprivreda\/krediti-i-financiranja\/priprema-sjetve\/\"},{\"@type\":\"ListItem\",\"position\":4,\"name\":\"Poticajni krediti\"}]},{\"@type\":\"WebSite\",\"@id\":\"https:\/\/www.slatinska-banka.hr\/#website\",\"url\":\"https:\/\/www.slatinska-banka.hr\/\",\"name\":\"Slatinska Banka\",\"description\":\"Razlika je u pristupu\",\"publisher\":{\"@id\":\"https:\/\/www.slatinska-banka.hr\/#organization\"},\"potentialAction\":[{\"@type\":\"SearchAction\",\"target\":{\"@type\":\"EntryPoint\",\"urlTemplate\":\"https:\/\/www.slatinska-banka.hr\/?s={search_term_string}\"},\"query-input\":{\"@type\":\"PropertyValueSpecification\",\"valueRequired\":true,\"valueName\":\"search_term_string\"}}],\"inLanguage\":\"en-US\"},{\"@type\":\"Organization\",\"@id\":\"https:\/\/www.slatinska-banka.hr\/#organization\",\"name\":\"Slatinska banka d.d.\",\"url\":\"https:\/\/www.slatinska-banka.hr\/\",\"logo\":{\"@type\":\"ImageObject\",\"inLanguage\":\"en-US\",\"@id\":\"https:\/\/www.slatinska-banka.hr\/#\/schema\/logo\/image\/\",\"url\":\"https:\/\/www.slatinska-banka.hr\/wp-content\/uploads\/2019\/02\/logo_big.png\",\"contentUrl\":\"https:\/\/www.slatinska-banka.hr\/wp-content\/uploads\/2019\/02\/logo_big.png\",\"width\":302,\"height\":244,\"caption\":\"Slatinska banka d.d.\"},\"image\":{\"@id\":\"https:\/\/www.slatinska-banka.hr\/#\/schema\/logo\/image\/\"},\"sameAs\":[\"https:\/\/www.facebook.com\/slatinskabanka\/\",\"https:\/\/www.linkedin.com\/company\/slatinska-banka-dd\"]}]}<\/script>\n<!-- \/ Yoast SEO plugin. -->","yoast_head_json":{"title":"Poticajni krediti - Slatinska Banka","robots":{"index":"index","follow":"follow","max-snippet":"max-snippet:-1","max-image-preview":"max-image-preview:large","max-video-preview":"max-video-preview:-1"},"canonical":"https:\/\/www.slatinska-banka.hr\/en\/poljoprivreda\/krediti-i-financiranja\/priprema-sjetve\/poticajni-krediti\/","og_locale":"en_US","og_type":"article","og_title":"Poticajni krediti - Slatinska Banka","og_description":"&nbsp; Kupi repromaterijal ranije. Ne mora\u0161 \u010dekati poticaje. Dajemo ti kredit na osnovi poticaja a vra\u0107aj ga po vlastitoj dinamici! &nbsp; &nbsp; Obrati nam se bez obaveze! Na\u0161i stru\u010dnjaci pomo\u0107i [&hellip;]","og_url":"https:\/\/www.slatinska-banka.hr\/en\/poljoprivreda\/krediti-i-financiranja\/priprema-sjetve\/poticajni-krediti\/","og_site_name":"Slatinska Banka","article_publisher":"https:\/\/www.facebook.com\/slatinskabanka\/","article_modified_time":"2023-04-06T09:47:47+00:00","og_image":[{"width":1024,"height":684,"url":"https:\/\/www.slatinska-banka.hr\/wp-content\/uploads\/2019\/02\/kai-oberhauser-252546-unsplash-1024x684.jpg","type":"image\/jpeg"}],"twitter_card":"summary_large_image","twitter_misc":{"Est. reading time":"1 minute"},"schema":{"@context":"https:\/\/schema.org","@graph":[{"@type":"WebPage","@id":"https:\/\/www.slatinska-banka.hr\/poljoprivreda\/krediti-i-financiranja\/priprema-sjetve\/poticajni-krediti\/","url":"https:\/\/www.slatinska-banka.hr\/poljoprivreda\/krediti-i-financiranja\/priprema-sjetve\/poticajni-krediti\/","name":"Poticajni krediti - Slatinska Banka","isPartOf":{"@id":"https:\/\/www.slatinska-banka.hr\/#website"},"primaryImageOfPage":{"@id":"https:\/\/www.slatinska-banka.hr\/poljoprivreda\/krediti-i-financiranja\/priprema-sjetve\/poticajni-krediti\/#primaryimage"},"image":{"@id":"https:\/\/www.slatinska-banka.hr\/poljoprivreda\/krediti-i-financiranja\/priprema-sjetve\/poticajni-krediti\/#primaryimage"},"thumbnailUrl":"https:\/\/www.slatinska-banka.hr\/wp-content\/uploads\/2019\/02\/kai-oberhauser-252546-unsplash.jpg","datePublished":"2020-07-17T14:06:12+00:00","dateModified":"2023-04-06T09:47:47+00:00","breadcrumb":{"@id":"https:\/\/www.slatinska-banka.hr\/poljoprivreda\/krediti-i-financiranja\/priprema-sjetve\/poticajni-krediti\/#breadcrumb"},"inLanguage":"en-US","potentialAction":[{"@type":"ReadAction","target":["https:\/\/www.slatinska-banka.hr\/poljoprivreda\/krediti-i-financiranja\/priprema-sjetve\/poticajni-krediti\/"]}]},{"@type":"ImageObject","inLanguage":"en-US","@id":"https:\/\/www.slatinska-banka.hr\/poljoprivreda\/krediti-i-financiranja\/priprema-sjetve\/poticajni-krediti\/#primaryimage","url":"https:\/\/www.slatinska-banka.hr\/wp-content\/uploads\/2019\/02\/kai-oberhauser-252546-unsplash.jpg","contentUrl":"https:\/\/www.slatinska-banka.hr\/wp-content\/uploads\/2019\/02\/kai-oberhauser-252546-unsplash.jpg","width":5835,"height":3895},{"@type":"BreadcrumbList","@id":"https:\/\/www.slatinska-banka.hr\/poljoprivreda\/krediti-i-financiranja\/priprema-sjetve\/poticajni-krediti\/#breadcrumb","itemListElement":[{"@type":"ListItem","position":1,"name":"Poljoprivreda","item":"https:\/\/www.slatinska-banka.hr\/poljoprivreda\/"},{"@type":"ListItem","position":2,"name":"Krediti i financiranja","item":"https:\/\/www.slatinska-banka.hr\/poljoprivreda\/krediti-i-financiranja\/"},{"@type":"ListItem","position":3,"name":"Priprema sjetve","item":"https:\/\/www.slatinska-banka.hr\/poljoprivreda\/krediti-i-financiranja\/priprema-sjetve\/"},{"@type":"ListItem","position":4,"name":"Poticajni krediti"}]},{"@type":"WebSite","@id":"https:\/\/www.slatinska-banka.hr\/#website","url":"https:\/\/www.slatinska-banka.hr\/","name":"Slatinska Banka","description":"Razlika je u pristupu","publisher":{"@id":"https:\/\/www.slatinska-banka.hr\/#organization"},"potentialAction":[{"@type":"SearchAction","target":{"@type":"EntryPoint","urlTemplate":"https:\/\/www.slatinska-banka.hr\/?s={search_term_string}"},"query-input":{"@type":"PropertyValueSpecification","valueRequired":true,"valueName":"search_term_string"}}],"inLanguage":"en-US"},{"@type":"Organization","@id":"https:\/\/www.slatinska-banka.hr\/#organization","name":"Slatinska banka d.d.","url":"https:\/\/www.slatinska-banka.hr\/","logo":{"@type":"ImageObject","inLanguage":"en-US","@id":"https:\/\/www.slatinska-banka.hr\/#\/schema\/logo\/image\/","url":"https:\/\/www.slatinska-banka.hr\/wp-content\/uploads\/2019\/02\/logo_big.png","contentUrl":"https:\/\/www.slatinska-banka.hr\/wp-content\/uploads\/2019\/02\/logo_big.png","width":302,"height":244,"caption":"Slatinska banka d.d."},"image":{"@id":"https:\/\/www.slatinska-banka.hr\/#\/schema\/logo\/image\/"},"sameAs":["https:\/\/www.facebook.com\/slatinskabanka\/","https:\/\/www.linkedin.com\/company\/slatinska-banka-dd"]}]}},"_links":{"self":[{"href":"https:\/\/www.slatinska-banka.hr\/en\/wp-json\/wp\/v2\/pages\/8072","targetHints":{"allow":["GET"]}}],"collection":[{"href":"https:\/\/www.slatinska-banka.hr\/en\/wp-json\/wp\/v2\/pages"}],"about":[{"href":"https:\/\/www.slatinska-banka.hr\/en\/wp-json\/wp\/v2\/types\/page"}],"author":[{"embeddable":true,"href":"https:\/\/www.slatinska-banka.hr\/en\/wp-json\/wp\/v2\/users\/14"}],"replies":[{"embeddable":true,"href":"https:\/\/www.slatinska-banka.hr\/en\/wp-json\/wp\/v2\/comments?post=8072"}],"version-history":[{"count":12,"href":"https:\/\/www.slatinska-banka.hr\/en\/wp-json\/wp\/v2\/pages\/8072\/revisions"}],"predecessor-version":[{"id":480280,"href":"https:\/\/www.slatinska-banka.hr\/en\/wp-json\/wp\/v2\/pages\/8072\/revisions\/480280"}],"up":[{"embeddable":true,"href":"https:\/\/www.slatinska-banka.hr\/en\/wp-json\/wp\/v2\/pages\/682"}],"wp:featuredmedia":[{"embeddable":true,"href":"https:\/\/www.slatinska-banka.hr\/en\/wp-json\/wp\/v2\/media\/1813"}],"wp:attachment":[{"href":"https:\/\/www.slatinska-banka.hr\/en\/wp-json\/wp\/v2\/media?parent=8072"}],"wp:term":[{"taxonomy":"category","embeddable":true,"href":"https:\/\/www.slatinska-banka.hr\/en\/wp-json\/wp\/v2\/categories?post=8072"},{"taxonomy":"post_tag","embeddable":true,"href":"https:\/\/www.slatinska-banka.hr\/en\/wp-json\/wp\/v2\/tags?post=8072"}],"curies":[{"name":"wp","href":"https:\/\/api.w.org\/{rel}","templated":true}]}}