{"id":7307,"date":"2020-06-01T13:55:06","date_gmt":"2020-06-01T11:55:06","guid":{"rendered":"http:\/\/www.slatinska-banka.hr\/?page_id=7307"},"modified":"2025-10-28T08:52:25","modified_gmt":"2025-10-28T07:52:25","slug":"reprogram-restrukturiranje","status":"publish","type":"page","link":"https:\/\/www.slatinska-banka.hr\/en\/gradani\/krediti-i-financiranja\/ostale-mogucnosti-financiranja\/reprogram-restrukturiranje\/","title":{"rendered":"Reprogram \/ restrukturiranje"},"content":{"rendered":"Ako ima\u0161 problema u podmirenju postoje\u0107ih kreditnih obveza odaberi jednu od mjera:\r\n<ul>\r\n \t<li>moratorij,<\/li>\r\n \t<li>produljenje roka otplate kredita,<\/li>\r\n \t<li>produljenje roka otplate kredita uz moratorij,<\/li>\r\n \t<li>restrukturiranje postoje\u0107ih obveza po razli\u010ditim vrstama kredita odobrenjem novog kredita uz mogu\u0107nost ugovaranja po\u010deka<\/li>\r\n<\/ul>\r\n&nbsp;\r\n<table class=\"contentTable\">\r\n<tbody>\r\n<tr>\r\n<td style=\"text-align: center;\">Iznos<\/td>\r\n<td style=\"text-align: center;\">\u00a0 Rok povrata<\/td>\r\n<\/tr>\r\n<tr>\r\n<td>\r\n<p style=\"text-align: center;\">1.000 do 40.000 EUR<\/p>\r\n<\/td>\r\n<td>\r\n<p style=\"text-align: center;\">3 do 10 godina\r\n(ra\u010dunaju\u0107i od inicijalnog datuma\r\nplasmana proizvoda koji se restrukturira)<\/p>\r\n<\/td>\r\n<\/tr>\r\n<\/tbody>\r\n<\/table>\r\n<blockquote>&nbsp;\r\n<table style=\"width: 97.9214%; height: 96px;\">\r\n<tbody>\r\n<tr style=\"height: 24px;\">\r\n<td style=\"width: 100%; height: 24px; text-align: center;\"><strong>kamata za EUR<\/strong><\/td>\r\n<\/tr>\r\n<tr style=\"height: 24px;\">\r\n<td style=\"width: 100%; height: 24px; text-align: center;\">\u00a0fiksna kamatna stopa od 6,70%, uz EKS 7,12%<\/td>\r\n<\/tr>\r\n<\/tbody>\r\n<\/table>\r\n<\/blockquote>\r\n&nbsp;\r\n<p style=\"text-align: justify;\">Navedene mjere prvenstveno su namijenjene klijentima Banke koji temeljem izostanka prihoda, smanjenja pla\u0107e, gubitka posla ili drugih objektivnih okolnosti (dugotrajno bolovanje, porodiljni dopust i drugo) imaju problema u podmirenju postoje\u0107ih kreditnih obveza.<\/p>\r\n<p style=\"text-align: justify;\">Stoga, ako ima\u0161 pote\u0161ko\u0107a ispuni zahtjev i javi se u najbli\u017eu <a href=\"https:\/\/www.slatinska-banka.hr\/en\/banka\/pos\/\">poslovnicu<\/a> Slatinske banke, gdje \u0107e\u0161 saznati detaljnije informacije.<\/p>\r\n<div class=\"accordeon\">\r\n\r\n<h2><span class=\"naslov\">Dokumentacija<\/span><\/h2><div><ul>\n<li><a href=\"https:\/\/www.slatinska-banka.hr\/wp-content\/uploads\/INFORMATIVNI-OBRAZAC-Kredit_za_refinanciranje_20250701.pdf\">Informativni obrazac<\/a><\/li>\n<li><a href=\"http:\/\/www.slatinska-banka.hr\/wp-content\/uploads\/Zahtjev-za-reprogram-reprogram-uz-moratorij_kolovoz_2021.pdf\">Zahtjev za reprogram uz moratorij<\/a><\/li>\n<li><a href=\"http:\/\/www.slatinska-banka.hr\/wp-content\/uploads\/Zahtjev-za-restrukturiranje_kolovoz_2021.pdf\">Zahtjev za restrukturiranje<\/a><\/li>\n<li><a href=\"http:\/\/www.slatinska-banka.hr\/wp-content\/uploads\/popis_dokumentacije_za_reprogram_restrukturiranje_svibanj_2020.pdf\">Popis dokumentacije<\/a><\/li>\n<li><a href=\"https:\/\/www.slatinska-banka.hr\/wp-content\/uploads\/POUP049-01-2023-Izjava_o_privatnosti_krediti_kreditne-kartice_MBPlus_listopad2025-1.pdf\">Izjava o privatnosti<\/a><\/li>\n<li><a href=\"https:\/\/www.slatinska-banka.hr\/wp-content\/uploads\/Informacije-o-obradi-osobnih-podataka-u-OSR_sijecanj2025_.pdf\">Informacije o obradi osobnih podataka u OSR sustavu<\/a><\/li>\n<\/ul>\n<\/div>\r\n\r\n<h2><span class=\"naslov\">Instrumenti osiguranja<\/span><\/h2><div><ul>\n<li>Vrijede instrumenti osiguranja ugovoreni po osnovnom Ugovoru<\/li>\n<li>Banka zadr\u017eava diskrecijsko pravo ukoliko procijeni anga\u017eirati i dodatan instrument osiguranja\/naplate<\/li>\n<\/ul>\n<\/div>\r\n\r\n<h2><span class=\"naslov\">Reprezentativni primjer<\/span><\/h2><div><p>&nbsp;<\/p>\n<table style=\"width: 78.6906%; height: 264px;\">\n<tbody>\n<tr style=\"height: 24px;\">\n<td style=\"height: 24px; width: 77.2727%;\">Valuta kredita<\/td>\n<td style=\"height: 24px; width: 159.233%;\">EUR<\/td>\n<\/tr>\n<tr style=\"height: 24px;\">\n<td style=\"height: 24px; width: 77.2727%;\">Iznos kredita<\/td>\n<td style=\"height: 24px; width: 159.233%;\">20.000,00<\/td>\n<\/tr>\n<tr style=\"height: 24px;\">\n<td style=\"height: 24px; width: 77.2727%;\">Rok otplate<\/td>\n<td style=\"height: 24px; width: 159.233%;\">120 mj<\/td>\n<\/tr>\n<tr style=\"height: 24px;\">\n<td style=\"height: 24px; width: 77.2727%;\">Naknada za obradu kreditnog zahtjeva %<\/td>\n<td style=\"height: 24px; width: 159.233%;\">bez naknade<\/td>\n<\/tr>\n<tr style=\"height: 24px;\">\n<td style=\"height: 24px; width: 77.2727%;\">Mjese\u010dna naknada za vo\u0111enje ra\u010duna<\/td>\n<td style=\"height: 24px; width: 159.233%;\">1,99<\/td>\n<\/tr>\n<tr style=\"height: 24px;\">\n<td style=\"height: 24px; width: 77.2727%;\">Kamatna stopa, fiksna<\/td>\n<td style=\"height: 24px; width: 159.233%;\">6,70%<\/td>\n<\/tr>\n<tr style=\"height: 24px;\">\n<td style=\"height: 24px; width: 77.2727%;\">EKS<\/td>\n<td style=\"height: 24px; width: 159.233%;\">7,12%<\/td>\n<\/tr>\n<tr style=\"height: 24px;\">\n<td style=\"height: 24px; width: 77.2727%;\">Intercalary interest rate<\/td>\n<td style=\"height: 24px; width: 159.233%;\">110,14<\/td>\n<\/tr>\n<tr style=\"height: 24px;\">\n<td style=\"height: 24px; width: 77.2727%;\">Iznos kamate za razdoblje otplate<\/td>\n<td style=\"height: 24px; width: 159.233%;\">7.606,40<\/td>\n<\/tr>\n<tr style=\"height: 24px;\">\n<td style=\"height: 24px; width: 77.2727%;\">Visina mjese\u010dnog anuiteta za razdoblje otplate<\/td>\n<td style=\"height: 24px; width: 159.233%;\">229,14<\/td>\n<\/tr>\n<tr style=\"height: 24px;\">\n<td style=\"height: 24px; width: 77.2727%;\">Ukupan iznos za otplatu*<\/td>\n<td style=\"height: 24px; width: 159.233%;\">27.845,20<\/td>\n<\/tr>\n<\/tbody>\n<\/table>\n<p>&nbsp;<\/p>\n<p>*Ukupan iznos za otplatu uklju\u010duje iznos glavnice kredita, kamatu obra\u010dunatu do dospije\u0107a i naknadu za vo\u0111enje teku\u0107eg ra\u010duna uz pretpostavku isplate kredita 01.01.<\/p>\n<\/div>\r\n\r\n<\/div>\r\n\r\n&nbsp;\r\n\r\n&nbsp;","protected":false},"excerpt":{"rendered":"<p>Ako ima\u0161 problema u podmirenju postoje\u0107ih kreditnih obveza odaberi jednu od mjera: moratorij, produljenje roka otplate kredita, produljenje roka otplate kredita uz moratorij, restrukturiranje postoje\u0107ih obveza po razli\u010ditim vrstama kredita [&hellip;]<\/p>","protected":false},"author":14,"featured_media":535693,"parent":878,"menu_order":5,"comment_status":"closed","ping_status":"closed","template":"page-template-4.php","meta":{"_acf_changed":false,"footnotes":""},"categories":[],"tags":[],"class_list":["post-7307","page","type-page","status-publish","has-post-thumbnail","hentry"],"acf":[],"yoast_head":"<!-- This site is optimized with the Yoast SEO plugin v25.4 - https:\/\/yoast.com\/wordpress\/plugins\/seo\/ -->\n<title>Reprogram \/ restrukturiranje - Slatinska Banka<\/title>\n<meta name=\"robots\" content=\"index, follow, max-snippet:-1, max-image-preview:large, max-video-preview:-1\" \/>\n<link rel=\"canonical\" href=\"https:\/\/www.slatinska-banka.hr\/en\/gradani\/krediti-i-financiranja\/ostale-mogucnosti-financiranja\/reprogram-restrukturiranje\/\" \/>\n<meta property=\"og:locale\" content=\"en_US\" \/>\n<meta property=\"og:type\" content=\"article\" \/>\n<meta property=\"og:title\" content=\"Reprogram \/ restrukturiranje - Slatinska Banka\" \/>\n<meta property=\"og:description\" content=\"Ako ima\u0161 problema u podmirenju postoje\u0107ih kreditnih obveza odaberi jednu od mjera: moratorij, produljenje roka otplate kredita, produljenje roka otplate kredita uz moratorij, restrukturiranje postoje\u0107ih obveza po razli\u010ditim vrstama kredita [&hellip;]\" \/>\n<meta property=\"og:url\" content=\"https:\/\/www.slatinska-banka.hr\/en\/gradani\/krediti-i-financiranja\/ostale-mogucnosti-financiranja\/reprogram-restrukturiranje\/\" \/>\n<meta property=\"og:site_name\" content=\"Slatinska Banka\" \/>\n<meta property=\"article:publisher\" content=\"https:\/\/www.facebook.com\/slatinskabanka\/\" \/>\n<meta property=\"article:modified_time\" content=\"2025-10-28T07:52:25+00:00\" \/>\n<meta property=\"og:image\" content=\"https:\/\/www.slatinska-banka.hr\/wp-content\/uploads\/reprogram.png\" \/>\n\t<meta property=\"og:image:width\" content=\"376\" \/>\n\t<meta property=\"og:image:height\" content=\"372\" \/>\n\t<meta property=\"og:image:type\" content=\"image\/png\" \/>\n<meta name=\"twitter:card\" content=\"summary_large_image\" \/>\n<meta name=\"twitter:label1\" content=\"Est. reading time\" \/>\n\t<meta name=\"twitter:data1\" content=\"2 minutes\" \/>\n<script type=\"application\/ld+json\" class=\"yoast-schema-graph\">{\"@context\":\"https:\/\/schema.org\",\"@graph\":[{\"@type\":\"WebPage\",\"@id\":\"https:\/\/www.slatinska-banka.hr\/gradani\/krediti-i-financiranja\/ostale-mogucnosti-financiranja\/reprogram-restrukturiranje\/\",\"url\":\"https:\/\/www.slatinska-banka.hr\/gradani\/krediti-i-financiranja\/ostale-mogucnosti-financiranja\/reprogram-restrukturiranje\/\",\"name\":\"Reprogram \/ restrukturiranje - Slatinska Banka\",\"isPartOf\":{\"@id\":\"https:\/\/www.slatinska-banka.hr\/#website\"},\"primaryImageOfPage\":{\"@id\":\"https:\/\/www.slatinska-banka.hr\/gradani\/krediti-i-financiranja\/ostale-mogucnosti-financiranja\/reprogram-restrukturiranje\/#primaryimage\"},\"image\":{\"@id\":\"https:\/\/www.slatinska-banka.hr\/gradani\/krediti-i-financiranja\/ostale-mogucnosti-financiranja\/reprogram-restrukturiranje\/#primaryimage\"},\"thumbnailUrl\":\"https:\/\/www.slatinska-banka.hr\/wp-content\/uploads\/reprogram.png\",\"datePublished\":\"2020-06-01T11:55:06+00:00\",\"dateModified\":\"2025-10-28T07:52:25+00:00\",\"breadcrumb\":{\"@id\":\"https:\/\/www.slatinska-banka.hr\/gradani\/krediti-i-financiranja\/ostale-mogucnosti-financiranja\/reprogram-restrukturiranje\/#breadcrumb\"},\"inLanguage\":\"en-US\",\"potentialAction\":[{\"@type\":\"ReadAction\",\"target\":[\"https:\/\/www.slatinska-banka.hr\/gradani\/krediti-i-financiranja\/ostale-mogucnosti-financiranja\/reprogram-restrukturiranje\/\"]}]},{\"@type\":\"ImageObject\",\"inLanguage\":\"en-US\",\"@id\":\"https:\/\/www.slatinska-banka.hr\/gradani\/krediti-i-financiranja\/ostale-mogucnosti-financiranja\/reprogram-restrukturiranje\/#primaryimage\",\"url\":\"https:\/\/www.slatinska-banka.hr\/wp-content\/uploads\/reprogram.png\",\"contentUrl\":\"https:\/\/www.slatinska-banka.hr\/wp-content\/uploads\/reprogram.png\",\"width\":376,\"height\":372},{\"@type\":\"BreadcrumbList\",\"@id\":\"https:\/\/www.slatinska-banka.hr\/gradani\/krediti-i-financiranja\/ostale-mogucnosti-financiranja\/reprogram-restrukturiranje\/#breadcrumb\",\"itemListElement\":[{\"@type\":\"ListItem\",\"position\":1,\"name\":\"Gra\u0111ani\",\"item\":\"https:\/\/www.slatinska-banka.hr\/gradani\/\"},{\"@type\":\"ListItem\",\"position\":2,\"name\":\"Krediti i financiranja\",\"item\":\"https:\/\/www.slatinska-banka.hr\/gradani\/krediti-i-financiranja\/\"},{\"@type\":\"ListItem\",\"position\":3,\"name\":\"Ostale mogu\u0107nosti financiranja\",\"item\":\"https:\/\/www.slatinska-banka.hr\/gradani\/krediti-i-financiranja\/ostale-mogucnosti-financiranja\/\"},{\"@type\":\"ListItem\",\"position\":4,\"name\":\"Reprogram \/ restrukturiranje\"}]},{\"@type\":\"WebSite\",\"@id\":\"https:\/\/www.slatinska-banka.hr\/#website\",\"url\":\"https:\/\/www.slatinska-banka.hr\/\",\"name\":\"Slatinska Banka\",\"description\":\"Razlika je u pristupu\",\"publisher\":{\"@id\":\"https:\/\/www.slatinska-banka.hr\/#organization\"},\"potentialAction\":[{\"@type\":\"SearchAction\",\"target\":{\"@type\":\"EntryPoint\",\"urlTemplate\":\"https:\/\/www.slatinska-banka.hr\/?s={search_term_string}\"},\"query-input\":{\"@type\":\"PropertyValueSpecification\",\"valueRequired\":true,\"valueName\":\"search_term_string\"}}],\"inLanguage\":\"en-US\"},{\"@type\":\"Organization\",\"@id\":\"https:\/\/www.slatinska-banka.hr\/#organization\",\"name\":\"Slatinska banka d.d.\",\"url\":\"https:\/\/www.slatinska-banka.hr\/\",\"logo\":{\"@type\":\"ImageObject\",\"inLanguage\":\"en-US\",\"@id\":\"https:\/\/www.slatinska-banka.hr\/#\/schema\/logo\/image\/\",\"url\":\"https:\/\/www.slatinska-banka.hr\/wp-content\/uploads\/2019\/02\/logo_big.png\",\"contentUrl\":\"https:\/\/www.slatinska-banka.hr\/wp-content\/uploads\/2019\/02\/logo_big.png\",\"width\":302,\"height\":244,\"caption\":\"Slatinska banka d.d.\"},\"image\":{\"@id\":\"https:\/\/www.slatinska-banka.hr\/#\/schema\/logo\/image\/\"},\"sameAs\":[\"https:\/\/www.facebook.com\/slatinskabanka\/\",\"https:\/\/www.linkedin.com\/company\/slatinska-banka-dd\"]}]}<\/script>\n<!-- \/ Yoast SEO plugin. -->","yoast_head_json":{"title":"Reprogram \/ restrukturiranje - Slatinska Banka","robots":{"index":"index","follow":"follow","max-snippet":"max-snippet:-1","max-image-preview":"max-image-preview:large","max-video-preview":"max-video-preview:-1"},"canonical":"https:\/\/www.slatinska-banka.hr\/en\/gradani\/krediti-i-financiranja\/ostale-mogucnosti-financiranja\/reprogram-restrukturiranje\/","og_locale":"en_US","og_type":"article","og_title":"Reprogram \/ restrukturiranje - Slatinska Banka","og_description":"Ako ima\u0161 problema u podmirenju postoje\u0107ih kreditnih obveza odaberi jednu od mjera: moratorij, produljenje roka otplate kredita, produljenje roka otplate kredita uz moratorij, restrukturiranje postoje\u0107ih obveza po razli\u010ditim vrstama kredita [&hellip;]","og_url":"https:\/\/www.slatinska-banka.hr\/en\/gradani\/krediti-i-financiranja\/ostale-mogucnosti-financiranja\/reprogram-restrukturiranje\/","og_site_name":"Slatinska Banka","article_publisher":"https:\/\/www.facebook.com\/slatinskabanka\/","article_modified_time":"2025-10-28T07:52:25+00:00","og_image":[{"width":376,"height":372,"url":"https:\/\/www.slatinska-banka.hr\/wp-content\/uploads\/reprogram.png","type":"image\/png"}],"twitter_card":"summary_large_image","twitter_misc":{"Est. reading time":"2 minutes"},"schema":{"@context":"https:\/\/schema.org","@graph":[{"@type":"WebPage","@id":"https:\/\/www.slatinska-banka.hr\/gradani\/krediti-i-financiranja\/ostale-mogucnosti-financiranja\/reprogram-restrukturiranje\/","url":"https:\/\/www.slatinska-banka.hr\/gradani\/krediti-i-financiranja\/ostale-mogucnosti-financiranja\/reprogram-restrukturiranje\/","name":"Reprogram \/ restrukturiranje - Slatinska Banka","isPartOf":{"@id":"https:\/\/www.slatinska-banka.hr\/#website"},"primaryImageOfPage":{"@id":"https:\/\/www.slatinska-banka.hr\/gradani\/krediti-i-financiranja\/ostale-mogucnosti-financiranja\/reprogram-restrukturiranje\/#primaryimage"},"image":{"@id":"https:\/\/www.slatinska-banka.hr\/gradani\/krediti-i-financiranja\/ostale-mogucnosti-financiranja\/reprogram-restrukturiranje\/#primaryimage"},"thumbnailUrl":"https:\/\/www.slatinska-banka.hr\/wp-content\/uploads\/reprogram.png","datePublished":"2020-06-01T11:55:06+00:00","dateModified":"2025-10-28T07:52:25+00:00","breadcrumb":{"@id":"https:\/\/www.slatinska-banka.hr\/gradani\/krediti-i-financiranja\/ostale-mogucnosti-financiranja\/reprogram-restrukturiranje\/#breadcrumb"},"inLanguage":"en-US","potentialAction":[{"@type":"ReadAction","target":["https:\/\/www.slatinska-banka.hr\/gradani\/krediti-i-financiranja\/ostale-mogucnosti-financiranja\/reprogram-restrukturiranje\/"]}]},{"@type":"ImageObject","inLanguage":"en-US","@id":"https:\/\/www.slatinska-banka.hr\/gradani\/krediti-i-financiranja\/ostale-mogucnosti-financiranja\/reprogram-restrukturiranje\/#primaryimage","url":"https:\/\/www.slatinska-banka.hr\/wp-content\/uploads\/reprogram.png","contentUrl":"https:\/\/www.slatinska-banka.hr\/wp-content\/uploads\/reprogram.png","width":376,"height":372},{"@type":"BreadcrumbList","@id":"https:\/\/www.slatinska-banka.hr\/gradani\/krediti-i-financiranja\/ostale-mogucnosti-financiranja\/reprogram-restrukturiranje\/#breadcrumb","itemListElement":[{"@type":"ListItem","position":1,"name":"Gra\u0111ani","item":"https:\/\/www.slatinska-banka.hr\/gradani\/"},{"@type":"ListItem","position":2,"name":"Krediti i financiranja","item":"https:\/\/www.slatinska-banka.hr\/gradani\/krediti-i-financiranja\/"},{"@type":"ListItem","position":3,"name":"Ostale mogu\u0107nosti financiranja","item":"https:\/\/www.slatinska-banka.hr\/gradani\/krediti-i-financiranja\/ostale-mogucnosti-financiranja\/"},{"@type":"ListItem","position":4,"name":"Reprogram \/ restrukturiranje"}]},{"@type":"WebSite","@id":"https:\/\/www.slatinska-banka.hr\/#website","url":"https:\/\/www.slatinska-banka.hr\/","name":"Slatinska Banka","description":"Razlika je u pristupu","publisher":{"@id":"https:\/\/www.slatinska-banka.hr\/#organization"},"potentialAction":[{"@type":"SearchAction","target":{"@type":"EntryPoint","urlTemplate":"https:\/\/www.slatinska-banka.hr\/?s={search_term_string}"},"query-input":{"@type":"PropertyValueSpecification","valueRequired":true,"valueName":"search_term_string"}}],"inLanguage":"en-US"},{"@type":"Organization","@id":"https:\/\/www.slatinska-banka.hr\/#organization","name":"Slatinska banka d.d.","url":"https:\/\/www.slatinska-banka.hr\/","logo":{"@type":"ImageObject","inLanguage":"en-US","@id":"https:\/\/www.slatinska-banka.hr\/#\/schema\/logo\/image\/","url":"https:\/\/www.slatinska-banka.hr\/wp-content\/uploads\/2019\/02\/logo_big.png","contentUrl":"https:\/\/www.slatinska-banka.hr\/wp-content\/uploads\/2019\/02\/logo_big.png","width":302,"height":244,"caption":"Slatinska banka d.d."},"image":{"@id":"https:\/\/www.slatinska-banka.hr\/#\/schema\/logo\/image\/"},"sameAs":["https:\/\/www.facebook.com\/slatinskabanka\/","https:\/\/www.linkedin.com\/company\/slatinska-banka-dd"]}]}},"_links":{"self":[{"href":"https:\/\/www.slatinska-banka.hr\/en\/wp-json\/wp\/v2\/pages\/7307","targetHints":{"allow":["GET"]}}],"collection":[{"href":"https:\/\/www.slatinska-banka.hr\/en\/wp-json\/wp\/v2\/pages"}],"about":[{"href":"https:\/\/www.slatinska-banka.hr\/en\/wp-json\/wp\/v2\/types\/page"}],"author":[{"embeddable":true,"href":"https:\/\/www.slatinska-banka.hr\/en\/wp-json\/wp\/v2\/users\/14"}],"replies":[{"embeddable":true,"href":"https:\/\/www.slatinska-banka.hr\/en\/wp-json\/wp\/v2\/comments?post=7307"}],"version-history":[{"count":73,"href":"https:\/\/www.slatinska-banka.hr\/en\/wp-json\/wp\/v2\/pages\/7307\/revisions"}],"predecessor-version":[{"id":4127030,"href":"https:\/\/www.slatinska-banka.hr\/en\/wp-json\/wp\/v2\/pages\/7307\/revisions\/4127030"}],"up":[{"embeddable":true,"href":"https:\/\/www.slatinska-banka.hr\/en\/wp-json\/wp\/v2\/pages\/878"}],"wp:featuredmedia":[{"embeddable":true,"href":"https:\/\/www.slatinska-banka.hr\/en\/wp-json\/wp\/v2\/media\/535693"}],"wp:attachment":[{"href":"https:\/\/www.slatinska-banka.hr\/en\/wp-json\/wp\/v2\/media?parent=7307"}],"wp:term":[{"taxonomy":"category","embeddable":true,"href":"https:\/\/www.slatinska-banka.hr\/en\/wp-json\/wp\/v2\/categories?post=7307"},{"taxonomy":"post_tag","embeddable":true,"href":"https:\/\/www.slatinska-banka.hr\/en\/wp-json\/wp\/v2\/tags?post=7307"}],"curies":[{"name":"wp","href":"https:\/\/api.w.org\/{rel}","templated":true}]}}