{"id":695,"date":"2019-02-06T12:42:24","date_gmt":"2019-02-06T11:42:24","guid":{"rendered":"http:\/\/www.slatinska-banka.hr\/?page_id=695"},"modified":"2019-03-21T18:54:20","modified_gmt":"2019-03-21T17:54:20","slug":"hbor","status":"publish","type":"page","link":"https:\/\/www.slatinska-banka.hr\/en\/poljoprivreda\/krediti-i-financiranja\/posebni-oblici-financiranja\/hbor\/","title":{"rendered":"HBOR"},"content":{"rendered":"<p>Sura\u0111ujemo s Hrvatskom bankom za obnovu i razvitak na slijede\u0107im kreditnim linijama, samostalno ili po modelu podjele rizika<\/p>\r\n<div class=\"accordeon\"><\/p>\r\n<p><h2><span class=\"naslov\">POLJOPRIVREDA<\/span><\/h2><div><\/p>\n<p>Sredstvima se kreditiraju ulaganja u poljoprivredu i preradu poljoprivrednih proizvoda uklju\u010duju\u0107i kupnju i pripremu poljoprivrednog i gra\u0111evinskog zemlji\u0161ta, kupnju rashladnih vozila, strojeva, opreme i alata, podizanje dugogodi\u0161njih nasada, povr\u0107arsku i cvje\u0107arsku proizvodnju, nabavu stoke, peradi i p\u010dela, marikulturu i slatkovodno ribarstvo, izgradnju, dogradnju i preure\u0111enje objekata i sli\u010dno.<\/p>\n<p>\n<\/div><\/p>\r\n<p><h2><span class=\"naslov\">KREDITIRANJE PRIPREME POLJOPRIVREDNE PROIZVODNJE<\/span><\/h2><div><\/p>\n<p>Kreditiranje obrtnih sredstava potrebnih za nesmetanu proizvodnju:<\/p>\n<ul>\n<li>za teku\u0107u proizvodnju (kupnja sirovina, repromaterijala i ostalog);<\/li>\n<li>otkup poljoprivrednih proizvoda\n<p>\n<\/div><\/p>\r\n<p><h2><span class=\"naslov\">KREDITIRANJE EU PROJEKATA RURALNOG RAZVOJA, RIBARSTVA I VINSKE OMOTNICE<\/span><\/h2><div><\/p>\n<p>Kreditiraju se ulaganja sukladno investiciji koja se prijavljuje temeljem natje\u010daja iz izvora nekog od EU poljoprivrednih i ribarstvenih fondova. Krediti su namijenjeni za financiranje tro\u0161kova prihvatljivih i neprihvatljivih izdataka.<\/p>\n<p>\n<\/div><\/p>\r\n<p><\/div>\r\n<\/li>\r\n<\/ul>\r\n<p>Za detaljnije informacije posjeti\u00a0<a href=\"http:\/\/hbor.hr\">http:\/\/hbor.hr<\/a> ili popuni slijede\u0107i obrazac, a na\u0161i stru\u010dnjaci kontaktirati \u0107e te u kratkom roku:<\/p>","protected":false},"excerpt":{"rendered":"<p>Sura\u0111ujemo s Hrvatskom bankom za obnovu i razvitak na slijede\u0107im kreditnim linijama, samostalno ili po modelu podjele rizika Za detaljnije informacije posjeti\u00a0http:\/\/hbor.hr ili popuni slijede\u0107i obrazac, a na\u0161i stru\u010dnjaci kontaktirati [&hellip;]<\/p>","protected":false},"author":14,"featured_media":1881,"parent":691,"menu_order":0,"comment_status":"closed","ping_status":"closed","template":"page-template-4.php","meta":{"_acf_changed":false,"footnotes":""},"categories":[],"tags":[],"class_list":["post-695","page","type-page","status-publish","has-post-thumbnail","hentry"],"acf":[],"yoast_head":"<!-- This site is optimized with the Yoast SEO plugin v25.4 - https:\/\/yoast.com\/wordpress\/plugins\/seo\/ -->\n<title>HBOR - Slatinska Banka<\/title>\n<meta name=\"robots\" content=\"index, follow, max-snippet:-1, max-image-preview:large, max-video-preview:-1\" \/>\n<link rel=\"canonical\" href=\"https:\/\/www.slatinska-banka.hr\/en\/poljoprivreda\/krediti-i-financiranja\/posebni-oblici-financiranja\/hbor\/\" \/>\n<meta property=\"og:locale\" content=\"en_US\" \/>\n<meta property=\"og:type\" content=\"article\" \/>\n<meta property=\"og:title\" content=\"HBOR - Slatinska Banka\" \/>\n<meta property=\"og:description\" content=\"Sura\u0111ujemo s Hrvatskom bankom za obnovu i razvitak na slijede\u0107im kreditnim linijama, samostalno ili po modelu podjele rizika Za detaljnije informacije posjeti\u00a0http:\/\/hbor.hr ili popuni slijede\u0107i obrazac, a na\u0161i stru\u010dnjaci kontaktirati [&hellip;]\" \/>\n<meta property=\"og:url\" content=\"https:\/\/www.slatinska-banka.hr\/en\/poljoprivreda\/krediti-i-financiranja\/posebni-oblici-financiranja\/hbor\/\" \/>\n<meta property=\"og:site_name\" content=\"Slatinska Banka\" \/>\n<meta property=\"article:publisher\" content=\"https:\/\/www.facebook.com\/slatinskabanka\/\" \/>\n<meta property=\"article:modified_time\" content=\"2019-03-21T17:54:20+00:00\" \/>\n<meta property=\"og:image\" content=\"https:\/\/www.slatinska-banka.hr\/wp-content\/uploads\/2019\/02\/rawpixel-587848-unsplash-1.jpg\" \/>\n\t<meta property=\"og:image:width\" content=\"2500\" \/>\n\t<meta property=\"og:image:height\" content=\"1653\" \/>\n\t<meta property=\"og:image:type\" content=\"image\/jpeg\" \/>\n<meta name=\"twitter:card\" content=\"summary_large_image\" \/>\n<meta name=\"twitter:label1\" content=\"Est. reading time\" \/>\n\t<meta name=\"twitter:data1\" content=\"1 minute\" \/>\n<script type=\"application\/ld+json\" class=\"yoast-schema-graph\">{\"@context\":\"https:\/\/schema.org\",\"@graph\":[{\"@type\":\"WebPage\",\"@id\":\"https:\/\/www.slatinska-banka.hr\/poljoprivreda\/krediti-i-financiranja\/posebni-oblici-financiranja\/hbor\/\",\"url\":\"https:\/\/www.slatinska-banka.hr\/poljoprivreda\/krediti-i-financiranja\/posebni-oblici-financiranja\/hbor\/\",\"name\":\"HBOR - Slatinska Banka\",\"isPartOf\":{\"@id\":\"https:\/\/www.slatinska-banka.hr\/#website\"},\"primaryImageOfPage\":{\"@id\":\"https:\/\/www.slatinska-banka.hr\/poljoprivreda\/krediti-i-financiranja\/posebni-oblici-financiranja\/hbor\/#primaryimage\"},\"image\":{\"@id\":\"https:\/\/www.slatinska-banka.hr\/poljoprivreda\/krediti-i-financiranja\/posebni-oblici-financiranja\/hbor\/#primaryimage\"},\"thumbnailUrl\":\"https:\/\/www.slatinska-banka.hr\/wp-content\/uploads\/2019\/02\/rawpixel-587848-unsplash-1.jpg\",\"datePublished\":\"2019-02-06T11:42:24+00:00\",\"dateModified\":\"2019-03-21T17:54:20+00:00\",\"breadcrumb\":{\"@id\":\"https:\/\/www.slatinska-banka.hr\/poljoprivreda\/krediti-i-financiranja\/posebni-oblici-financiranja\/hbor\/#breadcrumb\"},\"inLanguage\":\"en-US\",\"potentialAction\":[{\"@type\":\"ReadAction\",\"target\":[\"https:\/\/www.slatinska-banka.hr\/poljoprivreda\/krediti-i-financiranja\/posebni-oblici-financiranja\/hbor\/\"]}]},{\"@type\":\"ImageObject\",\"inLanguage\":\"en-US\",\"@id\":\"https:\/\/www.slatinska-banka.hr\/poljoprivreda\/krediti-i-financiranja\/posebni-oblici-financiranja\/hbor\/#primaryimage\",\"url\":\"https:\/\/www.slatinska-banka.hr\/wp-content\/uploads\/2019\/02\/rawpixel-587848-unsplash-1.jpg\",\"contentUrl\":\"https:\/\/www.slatinska-banka.hr\/wp-content\/uploads\/2019\/02\/rawpixel-587848-unsplash-1.jpg\",\"width\":2500,\"height\":1653},{\"@type\":\"BreadcrumbList\",\"@id\":\"https:\/\/www.slatinska-banka.hr\/poljoprivreda\/krediti-i-financiranja\/posebni-oblici-financiranja\/hbor\/#breadcrumb\",\"itemListElement\":[{\"@type\":\"ListItem\",\"position\":1,\"name\":\"Poljoprivreda\",\"item\":\"https:\/\/www.slatinska-banka.hr\/poljoprivreda\/\"},{\"@type\":\"ListItem\",\"position\":2,\"name\":\"Krediti i financiranja\",\"item\":\"https:\/\/www.slatinska-banka.hr\/poljoprivreda\/krediti-i-financiranja\/\"},{\"@type\":\"ListItem\",\"position\":3,\"name\":\"Posebni oblici financiranja\",\"item\":\"https:\/\/www.slatinska-banka.hr\/poljoprivreda\/krediti-i-financiranja\/posebni-oblici-financiranja\/\"},{\"@type\":\"ListItem\",\"position\":4,\"name\":\"HBOR\"}]},{\"@type\":\"WebSite\",\"@id\":\"https:\/\/www.slatinska-banka.hr\/#website\",\"url\":\"https:\/\/www.slatinska-banka.hr\/\",\"name\":\"Slatinska Banka\",\"description\":\"Razlika je u pristupu\",\"publisher\":{\"@id\":\"https:\/\/www.slatinska-banka.hr\/#organization\"},\"potentialAction\":[{\"@type\":\"SearchAction\",\"target\":{\"@type\":\"EntryPoint\",\"urlTemplate\":\"https:\/\/www.slatinska-banka.hr\/?s={search_term_string}\"},\"query-input\":{\"@type\":\"PropertyValueSpecification\",\"valueRequired\":true,\"valueName\":\"search_term_string\"}}],\"inLanguage\":\"en-US\"},{\"@type\":\"Organization\",\"@id\":\"https:\/\/www.slatinska-banka.hr\/#organization\",\"name\":\"Slatinska banka d.d.\",\"url\":\"https:\/\/www.slatinska-banka.hr\/\",\"logo\":{\"@type\":\"ImageObject\",\"inLanguage\":\"en-US\",\"@id\":\"https:\/\/www.slatinska-banka.hr\/#\/schema\/logo\/image\/\",\"url\":\"https:\/\/www.slatinska-banka.hr\/wp-content\/uploads\/2019\/02\/logo_big.png\",\"contentUrl\":\"https:\/\/www.slatinska-banka.hr\/wp-content\/uploads\/2019\/02\/logo_big.png\",\"width\":302,\"height\":244,\"caption\":\"Slatinska banka d.d.\"},\"image\":{\"@id\":\"https:\/\/www.slatinska-banka.hr\/#\/schema\/logo\/image\/\"},\"sameAs\":[\"https:\/\/www.facebook.com\/slatinskabanka\/\",\"https:\/\/www.linkedin.com\/company\/slatinska-banka-dd\"]}]}<\/script>\n<!-- \/ Yoast SEO plugin. -->","yoast_head_json":{"title":"HBOR - Slatinska Banka","robots":{"index":"index","follow":"follow","max-snippet":"max-snippet:-1","max-image-preview":"max-image-preview:large","max-video-preview":"max-video-preview:-1"},"canonical":"https:\/\/www.slatinska-banka.hr\/en\/poljoprivreda\/krediti-i-financiranja\/posebni-oblici-financiranja\/hbor\/","og_locale":"en_US","og_type":"article","og_title":"HBOR - Slatinska Banka","og_description":"Sura\u0111ujemo s Hrvatskom bankom za obnovu i razvitak na slijede\u0107im kreditnim linijama, samostalno ili po modelu podjele rizika Za detaljnije informacije posjeti\u00a0http:\/\/hbor.hr ili popuni slijede\u0107i obrazac, a na\u0161i stru\u010dnjaci kontaktirati [&hellip;]","og_url":"https:\/\/www.slatinska-banka.hr\/en\/poljoprivreda\/krediti-i-financiranja\/posebni-oblici-financiranja\/hbor\/","og_site_name":"Slatinska Banka","article_publisher":"https:\/\/www.facebook.com\/slatinskabanka\/","article_modified_time":"2019-03-21T17:54:20+00:00","og_image":[{"width":2500,"height":1653,"url":"https:\/\/www.slatinska-banka.hr\/wp-content\/uploads\/2019\/02\/rawpixel-587848-unsplash-1.jpg","type":"image\/jpeg"}],"twitter_card":"summary_large_image","twitter_misc":{"Est. reading time":"1 minute"},"schema":{"@context":"https:\/\/schema.org","@graph":[{"@type":"WebPage","@id":"https:\/\/www.slatinska-banka.hr\/poljoprivreda\/krediti-i-financiranja\/posebni-oblici-financiranja\/hbor\/","url":"https:\/\/www.slatinska-banka.hr\/poljoprivreda\/krediti-i-financiranja\/posebni-oblici-financiranja\/hbor\/","name":"HBOR - Slatinska Banka","isPartOf":{"@id":"https:\/\/www.slatinska-banka.hr\/#website"},"primaryImageOfPage":{"@id":"https:\/\/www.slatinska-banka.hr\/poljoprivreda\/krediti-i-financiranja\/posebni-oblici-financiranja\/hbor\/#primaryimage"},"image":{"@id":"https:\/\/www.slatinska-banka.hr\/poljoprivreda\/krediti-i-financiranja\/posebni-oblici-financiranja\/hbor\/#primaryimage"},"thumbnailUrl":"https:\/\/www.slatinska-banka.hr\/wp-content\/uploads\/2019\/02\/rawpixel-587848-unsplash-1.jpg","datePublished":"2019-02-06T11:42:24+00:00","dateModified":"2019-03-21T17:54:20+00:00","breadcrumb":{"@id":"https:\/\/www.slatinska-banka.hr\/poljoprivreda\/krediti-i-financiranja\/posebni-oblici-financiranja\/hbor\/#breadcrumb"},"inLanguage":"en-US","potentialAction":[{"@type":"ReadAction","target":["https:\/\/www.slatinska-banka.hr\/poljoprivreda\/krediti-i-financiranja\/posebni-oblici-financiranja\/hbor\/"]}]},{"@type":"ImageObject","inLanguage":"en-US","@id":"https:\/\/www.slatinska-banka.hr\/poljoprivreda\/krediti-i-financiranja\/posebni-oblici-financiranja\/hbor\/#primaryimage","url":"https:\/\/www.slatinska-banka.hr\/wp-content\/uploads\/2019\/02\/rawpixel-587848-unsplash-1.jpg","contentUrl":"https:\/\/www.slatinska-banka.hr\/wp-content\/uploads\/2019\/02\/rawpixel-587848-unsplash-1.jpg","width":2500,"height":1653},{"@type":"BreadcrumbList","@id":"https:\/\/www.slatinska-banka.hr\/poljoprivreda\/krediti-i-financiranja\/posebni-oblici-financiranja\/hbor\/#breadcrumb","itemListElement":[{"@type":"ListItem","position":1,"name":"Poljoprivreda","item":"https:\/\/www.slatinska-banka.hr\/poljoprivreda\/"},{"@type":"ListItem","position":2,"name":"Krediti i financiranja","item":"https:\/\/www.slatinska-banka.hr\/poljoprivreda\/krediti-i-financiranja\/"},{"@type":"ListItem","position":3,"name":"Posebni oblici financiranja","item":"https:\/\/www.slatinska-banka.hr\/poljoprivreda\/krediti-i-financiranja\/posebni-oblici-financiranja\/"},{"@type":"ListItem","position":4,"name":"HBOR"}]},{"@type":"WebSite","@id":"https:\/\/www.slatinska-banka.hr\/#website","url":"https:\/\/www.slatinska-banka.hr\/","name":"Slatinska Banka","description":"Razlika je u pristupu","publisher":{"@id":"https:\/\/www.slatinska-banka.hr\/#organization"},"potentialAction":[{"@type":"SearchAction","target":{"@type":"EntryPoint","urlTemplate":"https:\/\/www.slatinska-banka.hr\/?s={search_term_string}"},"query-input":{"@type":"PropertyValueSpecification","valueRequired":true,"valueName":"search_term_string"}}],"inLanguage":"en-US"},{"@type":"Organization","@id":"https:\/\/www.slatinska-banka.hr\/#organization","name":"Slatinska banka d.d.","url":"https:\/\/www.slatinska-banka.hr\/","logo":{"@type":"ImageObject","inLanguage":"en-US","@id":"https:\/\/www.slatinska-banka.hr\/#\/schema\/logo\/image\/","url":"https:\/\/www.slatinska-banka.hr\/wp-content\/uploads\/2019\/02\/logo_big.png","contentUrl":"https:\/\/www.slatinska-banka.hr\/wp-content\/uploads\/2019\/02\/logo_big.png","width":302,"height":244,"caption":"Slatinska banka d.d."},"image":{"@id":"https:\/\/www.slatinska-banka.hr\/#\/schema\/logo\/image\/"},"sameAs":["https:\/\/www.facebook.com\/slatinskabanka\/","https:\/\/www.linkedin.com\/company\/slatinska-banka-dd"]}]}},"_links":{"self":[{"href":"https:\/\/www.slatinska-banka.hr\/en\/wp-json\/wp\/v2\/pages\/695","targetHints":{"allow":["GET"]}}],"collection":[{"href":"https:\/\/www.slatinska-banka.hr\/en\/wp-json\/wp\/v2\/pages"}],"about":[{"href":"https:\/\/www.slatinska-banka.hr\/en\/wp-json\/wp\/v2\/types\/page"}],"author":[{"embeddable":true,"href":"https:\/\/www.slatinska-banka.hr\/en\/wp-json\/wp\/v2\/users\/14"}],"replies":[{"embeddable":true,"href":"https:\/\/www.slatinska-banka.hr\/en\/wp-json\/wp\/v2\/comments?post=695"}],"version-history":[{"count":9,"href":"https:\/\/www.slatinska-banka.hr\/en\/wp-json\/wp\/v2\/pages\/695\/revisions"}],"predecessor-version":[{"id":2616,"href":"https:\/\/www.slatinska-banka.hr\/en\/wp-json\/wp\/v2\/pages\/695\/revisions\/2616"}],"up":[{"embeddable":true,"href":"https:\/\/www.slatinska-banka.hr\/en\/wp-json\/wp\/v2\/pages\/691"}],"wp:featuredmedia":[{"embeddable":true,"href":"https:\/\/www.slatinska-banka.hr\/en\/wp-json\/wp\/v2\/media\/1881"}],"wp:attachment":[{"href":"https:\/\/www.slatinska-banka.hr\/en\/wp-json\/wp\/v2\/media?parent=695"}],"wp:term":[{"taxonomy":"category","embeddable":true,"href":"https:\/\/www.slatinska-banka.hr\/en\/wp-json\/wp\/v2\/categories?post=695"},{"taxonomy":"post_tag","embeddable":true,"href":"https:\/\/www.slatinska-banka.hr\/en\/wp-json\/wp\/v2\/tags?post=695"}],"curies":[{"name":"wp","href":"https:\/\/api.w.org\/{rel}","templated":true}]}}