{"id":693,"date":"2019-02-06T12:42:09","date_gmt":"2019-02-06T11:42:09","guid":{"rendered":"http:\/\/www.slatinska-banka.hr\/?page_id=693"},"modified":"2019-04-18T13:49:23","modified_gmt":"2019-04-18T11:49:23","slug":"hamag","status":"publish","type":"page","link":"https:\/\/www.slatinska-banka.hr\/en\/poljoprivreda\/krediti-i-financiranja\/posebni-oblici-financiranja\/hamag\/","title":{"rendered":"HAMAG"},"content":{"rendered":"<p>HAMAG BICRO ti nudi jamstvo za tvoj kredit prema uvjetima Programa ruralnog razvoja 2014.-2020. godine.\u00a0\u00a0<\/p>\r\n<p>&nbsp;<\/p>\r\n<table class=\"contentTable\">\r\n<tbody>\r\n<tr>\r\n<td style=\"text-align: center;\">maksimalna stopa jamstva\u00a0<\/td>\r\n<td style=\"text-align: center;\">Minimalno trajanje jamstva<\/td>\r\n<td style=\"text-align: center;\">Maksimalno trajanje jamstva<\/td>\r\n<\/tr>\r\n<tr>\r\n<td style=\"text-align: center;\">do 70%<br \/>\r\ndo 80% za mlade poljoprivrednike i mljekarski sektor<\/td>\r\n<td style=\"text-align: center;\">12 MONTHS<\/td>\r\n<td style=\"text-align: center;\">15 godina<\/td>\r\n<\/tr>\r\n<\/tbody>\r\n<\/table>\r\n<p>&nbsp;<\/p>\r\n<div class=\"accordeon\"><\/p>\r\n<p><img loading=\"lazy\" decoding=\"async\" class=\"size-medium wp-image-2859 aligncenter\" src=\"http:\/\/www.slatinska-banka.hr\/wp-content\/uploads\/vidljivost-300x112.png\" alt=\"\" width=\"300\" height=\"112\" srcset=\"https:\/\/www.slatinska-banka.hr\/wp-content\/uploads\/vidljivost-300x112.png 300w, https:\/\/www.slatinska-banka.hr\/wp-content\/uploads\/vidljivost.png 556w\" sizes=\"auto, (max-width: 300px) 100vw, 300px\" \/><\/p>\r\n<p><h2><span class=\"naslov\">Mjere za koje je mogu\u0107e kori\u0161tenje jamstva<\/span><\/h2><div><\/p>\n<p>&nbsp;<\/p>\n<ul>\n<li>Mjera 4 &#8211; Ulaganja u fizi\u010dku imovinu, podmjera 4.1 Potpora za ulaganja u poljoprivredna<br \/>\ngospodarstva i podmjera 4.2. Potpora za ulaganja u preradu, marketing i\/ili razvoj<br \/>\npoljoprivrednih proizvoda<\/li>\n<\/ul>\n<p>&nbsp;<\/p>\n<p>&nbsp;<\/p>\n<ul>\n<li>Mjera 6 &#8211; Razvoj poljoprivrednih gospodarstava i poslovanja, podmjera 6.4.Ulaganja u razvoj nepoljoprivrednih djelatnosti u ruralnim podru\u010djima<\/li>\n<\/ul>\n<p>&nbsp;<\/p>\n<p>&nbsp;<\/p>\n<ul>\n<li>Mjera 8 &#8211; Ulaganja u razvoj \u0161umskih podru\u010dja i pobolj\u0161anje odr\u017eivosti \u0161uma,\u00a0 podmjera 8.6 Potpora za ulaganja u \u0161umarske tehnologije te u preradu, mobilizaciju i marketing \u0161umskih proizvoda<\/li>\n<\/ul>\n<p>&nbsp;<\/p>\n<p>\n<\/div><\/p>\r\n<p><h2><span class=\"naslov\">Vi\u0161e informacija<\/span><\/h2><div><\/p>\n<table class=\"contentTable\">\n<tbody>\n<tr>\n<td>Premija rizika (naknada za izdavanje jamstva)<\/td>\n<td>0,25% iznosa odobrenog jamstva <br \/>\n0,10% za mlade poljoprivrednike i mljekarski sektor<\/td>\n<\/tr>\n<tr>\n<td>Instrumenti osiguranja<\/td>\n<td>Zadu\u017enice subjekta, vlasnika i ostali instrumenti osiguranja prema procjeni rizika<\/td>\n<\/tr>\n<\/tbody>\n<\/table>\n<p>ili na <a href=\"https:\/\/hamagbicro.hr\/financijski-instrumenti\/kako-do-jamstva\/poljoprivreda\/pojedinacna-jamstva-za-ruralni-razvoj\/\">HAMAG<\/a><\/p>\n<\/div><\/p>\r\n<p><div class=\"accordeon\"><\/div><\/p>\r\n<p><h2><span class=\"naslov\">Dokumentacija<\/span><\/h2><div><\/p>\n<p><a href=\"https:\/\/hamagbicro.hr\/financijski-instrumenti\/kako-do-jamstva\/msp\/esif-jamstva\/pojedinacna\/dokumentacija\/\">Obrasci za jamstvo<\/a><\/p>\n<p>\n<\/div><\/p>\r\n<p><\/div>\r\n<p>&nbsp;<\/p>\r\n<p>Ako te zanima vi\u0161e detalja, popuni obrazac a na\u0161i stru\u010dnjaci \u0107e ti se javiti u kratkom roku.\u00a0<\/p>","protected":false},"excerpt":{"rendered":"<p>HAMAG BICRO ti nudi jamstvo za tvoj kredit prema uvjetima Programa ruralnog razvoja 2014.-2020. godine.\u00a0\u00a0 &nbsp; maksimalna stopa jamstva\u00a0 Minimalno trajanje jamstva Maksimalno trajanje jamstva do 70% do 80% za [&hellip;]<\/p>","protected":false},"author":14,"featured_media":1566,"parent":691,"menu_order":0,"comment_status":"closed","ping_status":"closed","template":"page-template-4.php","meta":{"_acf_changed":false,"footnotes":""},"categories":[],"tags":[],"class_list":["post-693","page","type-page","status-publish","has-post-thumbnail","hentry"],"acf":[],"yoast_head":"<!-- This site is optimized with the Yoast SEO plugin v25.4 - https:\/\/yoast.com\/wordpress\/plugins\/seo\/ -->\n<title>HAMAG - Slatinska Banka<\/title>\n<meta name=\"robots\" content=\"index, follow, max-snippet:-1, max-image-preview:large, max-video-preview:-1\" \/>\n<link rel=\"canonical\" href=\"https:\/\/www.slatinska-banka.hr\/en\/poljoprivreda\/krediti-i-financiranja\/posebni-oblici-financiranja\/hamag\/\" \/>\n<meta property=\"og:locale\" content=\"en_US\" \/>\n<meta property=\"og:type\" content=\"article\" \/>\n<meta property=\"og:title\" content=\"HAMAG - Slatinska Banka\" \/>\n<meta property=\"og:description\" content=\"HAMAG BICRO ti nudi jamstvo za tvoj kredit prema uvjetima Programa ruralnog razvoja 2014.-2020. godine.\u00a0\u00a0 &nbsp; maksimalna stopa jamstva\u00a0 Minimalno trajanje jamstva Maksimalno trajanje jamstva do 70% do 80% za [&hellip;]\" \/>\n<meta property=\"og:url\" content=\"https:\/\/www.slatinska-banka.hr\/en\/poljoprivreda\/krediti-i-financiranja\/posebni-oblici-financiranja\/hamag\/\" \/>\n<meta property=\"og:site_name\" content=\"Slatinska Banka\" \/>\n<meta property=\"article:publisher\" content=\"https:\/\/www.facebook.com\/slatinskabanka\/\" \/>\n<meta property=\"article:modified_time\" content=\"2019-04-18T11:49:23+00:00\" \/>\n<meta property=\"og:image\" content=\"https:\/\/www.slatinska-banka.hr\/wp-content\/uploads\/2019\/02\/moja-msanii-514249-unsplash.jpg\" \/>\n\t<meta property=\"og:image:width\" content=\"5472\" \/>\n\t<meta property=\"og:image:height\" content=\"3648\" \/>\n\t<meta property=\"og:image:type\" content=\"image\/jpeg\" \/>\n<meta name=\"twitter:card\" content=\"summary_large_image\" \/>\n<meta name=\"twitter:label1\" content=\"Est. reading time\" \/>\n\t<meta name=\"twitter:data1\" content=\"1 minute\" \/>\n<script type=\"application\/ld+json\" class=\"yoast-schema-graph\">{\"@context\":\"https:\/\/schema.org\",\"@graph\":[{\"@type\":\"WebPage\",\"@id\":\"https:\/\/www.slatinska-banka.hr\/poljoprivreda\/krediti-i-financiranja\/posebni-oblici-financiranja\/hamag\/\",\"url\":\"https:\/\/www.slatinska-banka.hr\/poljoprivreda\/krediti-i-financiranja\/posebni-oblici-financiranja\/hamag\/\",\"name\":\"HAMAG - Slatinska Banka\",\"isPartOf\":{\"@id\":\"https:\/\/www.slatinska-banka.hr\/#website\"},\"primaryImageOfPage\":{\"@id\":\"https:\/\/www.slatinska-banka.hr\/poljoprivreda\/krediti-i-financiranja\/posebni-oblici-financiranja\/hamag\/#primaryimage\"},\"image\":{\"@id\":\"https:\/\/www.slatinska-banka.hr\/poljoprivreda\/krediti-i-financiranja\/posebni-oblici-financiranja\/hamag\/#primaryimage\"},\"thumbnailUrl\":\"https:\/\/www.slatinska-banka.hr\/wp-content\/uploads\/2019\/02\/moja-msanii-514249-unsplash.jpg\",\"datePublished\":\"2019-02-06T11:42:09+00:00\",\"dateModified\":\"2019-04-18T11:49:23+00:00\",\"breadcrumb\":{\"@id\":\"https:\/\/www.slatinska-banka.hr\/poljoprivreda\/krediti-i-financiranja\/posebni-oblici-financiranja\/hamag\/#breadcrumb\"},\"inLanguage\":\"en-US\",\"potentialAction\":[{\"@type\":\"ReadAction\",\"target\":[\"https:\/\/www.slatinska-banka.hr\/poljoprivreda\/krediti-i-financiranja\/posebni-oblici-financiranja\/hamag\/\"]}]},{\"@type\":\"ImageObject\",\"inLanguage\":\"en-US\",\"@id\":\"https:\/\/www.slatinska-banka.hr\/poljoprivreda\/krediti-i-financiranja\/posebni-oblici-financiranja\/hamag\/#primaryimage\",\"url\":\"https:\/\/www.slatinska-banka.hr\/wp-content\/uploads\/2019\/02\/moja-msanii-514249-unsplash.jpg\",\"contentUrl\":\"https:\/\/www.slatinska-banka.hr\/wp-content\/uploads\/2019\/02\/moja-msanii-514249-unsplash.jpg\",\"width\":5472,\"height\":3648},{\"@type\":\"BreadcrumbList\",\"@id\":\"https:\/\/www.slatinska-banka.hr\/poljoprivreda\/krediti-i-financiranja\/posebni-oblici-financiranja\/hamag\/#breadcrumb\",\"itemListElement\":[{\"@type\":\"ListItem\",\"position\":1,\"name\":\"Poljoprivreda\",\"item\":\"https:\/\/www.slatinska-banka.hr\/poljoprivreda\/\"},{\"@type\":\"ListItem\",\"position\":2,\"name\":\"Krediti i financiranja\",\"item\":\"https:\/\/www.slatinska-banka.hr\/poljoprivreda\/krediti-i-financiranja\/\"},{\"@type\":\"ListItem\",\"position\":3,\"name\":\"Posebni oblici financiranja\",\"item\":\"https:\/\/www.slatinska-banka.hr\/poljoprivreda\/krediti-i-financiranja\/posebni-oblici-financiranja\/\"},{\"@type\":\"ListItem\",\"position\":4,\"name\":\"HAMAG\"}]},{\"@type\":\"WebSite\",\"@id\":\"https:\/\/www.slatinska-banka.hr\/#website\",\"url\":\"https:\/\/www.slatinska-banka.hr\/\",\"name\":\"Slatinska Banka\",\"description\":\"Razlika je u pristupu\",\"publisher\":{\"@id\":\"https:\/\/www.slatinska-banka.hr\/#organization\"},\"potentialAction\":[{\"@type\":\"SearchAction\",\"target\":{\"@type\":\"EntryPoint\",\"urlTemplate\":\"https:\/\/www.slatinska-banka.hr\/?s={search_term_string}\"},\"query-input\":{\"@type\":\"PropertyValueSpecification\",\"valueRequired\":true,\"valueName\":\"search_term_string\"}}],\"inLanguage\":\"en-US\"},{\"@type\":\"Organization\",\"@id\":\"https:\/\/www.slatinska-banka.hr\/#organization\",\"name\":\"Slatinska banka d.d.\",\"url\":\"https:\/\/www.slatinska-banka.hr\/\",\"logo\":{\"@type\":\"ImageObject\",\"inLanguage\":\"en-US\",\"@id\":\"https:\/\/www.slatinska-banka.hr\/#\/schema\/logo\/image\/\",\"url\":\"https:\/\/www.slatinska-banka.hr\/wp-content\/uploads\/2019\/02\/logo_big.png\",\"contentUrl\":\"https:\/\/www.slatinska-banka.hr\/wp-content\/uploads\/2019\/02\/logo_big.png\",\"width\":302,\"height\":244,\"caption\":\"Slatinska banka d.d.\"},\"image\":{\"@id\":\"https:\/\/www.slatinska-banka.hr\/#\/schema\/logo\/image\/\"},\"sameAs\":[\"https:\/\/www.facebook.com\/slatinskabanka\/\",\"https:\/\/www.linkedin.com\/company\/slatinska-banka-dd\"]}]}<\/script>\n<!-- \/ Yoast SEO plugin. -->","yoast_head_json":{"title":"HAMAG - Slatinska Banka","robots":{"index":"index","follow":"follow","max-snippet":"max-snippet:-1","max-image-preview":"max-image-preview:large","max-video-preview":"max-video-preview:-1"},"canonical":"https:\/\/www.slatinska-banka.hr\/en\/poljoprivreda\/krediti-i-financiranja\/posebni-oblici-financiranja\/hamag\/","og_locale":"en_US","og_type":"article","og_title":"HAMAG - Slatinska Banka","og_description":"HAMAG BICRO ti nudi jamstvo za tvoj kredit prema uvjetima Programa ruralnog razvoja 2014.-2020. godine.\u00a0\u00a0 &nbsp; maksimalna stopa jamstva\u00a0 Minimalno trajanje jamstva Maksimalno trajanje jamstva do 70% do 80% za [&hellip;]","og_url":"https:\/\/www.slatinska-banka.hr\/en\/poljoprivreda\/krediti-i-financiranja\/posebni-oblici-financiranja\/hamag\/","og_site_name":"Slatinska Banka","article_publisher":"https:\/\/www.facebook.com\/slatinskabanka\/","article_modified_time":"2019-04-18T11:49:23+00:00","og_image":[{"width":5472,"height":3648,"url":"https:\/\/www.slatinska-banka.hr\/wp-content\/uploads\/2019\/02\/moja-msanii-514249-unsplash.jpg","type":"image\/jpeg"}],"twitter_card":"summary_large_image","twitter_misc":{"Est. reading time":"1 minute"},"schema":{"@context":"https:\/\/schema.org","@graph":[{"@type":"WebPage","@id":"https:\/\/www.slatinska-banka.hr\/poljoprivreda\/krediti-i-financiranja\/posebni-oblici-financiranja\/hamag\/","url":"https:\/\/www.slatinska-banka.hr\/poljoprivreda\/krediti-i-financiranja\/posebni-oblici-financiranja\/hamag\/","name":"HAMAG - Slatinska Banka","isPartOf":{"@id":"https:\/\/www.slatinska-banka.hr\/#website"},"primaryImageOfPage":{"@id":"https:\/\/www.slatinska-banka.hr\/poljoprivreda\/krediti-i-financiranja\/posebni-oblici-financiranja\/hamag\/#primaryimage"},"image":{"@id":"https:\/\/www.slatinska-banka.hr\/poljoprivreda\/krediti-i-financiranja\/posebni-oblici-financiranja\/hamag\/#primaryimage"},"thumbnailUrl":"https:\/\/www.slatinska-banka.hr\/wp-content\/uploads\/2019\/02\/moja-msanii-514249-unsplash.jpg","datePublished":"2019-02-06T11:42:09+00:00","dateModified":"2019-04-18T11:49:23+00:00","breadcrumb":{"@id":"https:\/\/www.slatinska-banka.hr\/poljoprivreda\/krediti-i-financiranja\/posebni-oblici-financiranja\/hamag\/#breadcrumb"},"inLanguage":"en-US","potentialAction":[{"@type":"ReadAction","target":["https:\/\/www.slatinska-banka.hr\/poljoprivreda\/krediti-i-financiranja\/posebni-oblici-financiranja\/hamag\/"]}]},{"@type":"ImageObject","inLanguage":"en-US","@id":"https:\/\/www.slatinska-banka.hr\/poljoprivreda\/krediti-i-financiranja\/posebni-oblici-financiranja\/hamag\/#primaryimage","url":"https:\/\/www.slatinska-banka.hr\/wp-content\/uploads\/2019\/02\/moja-msanii-514249-unsplash.jpg","contentUrl":"https:\/\/www.slatinska-banka.hr\/wp-content\/uploads\/2019\/02\/moja-msanii-514249-unsplash.jpg","width":5472,"height":3648},{"@type":"BreadcrumbList","@id":"https:\/\/www.slatinska-banka.hr\/poljoprivreda\/krediti-i-financiranja\/posebni-oblici-financiranja\/hamag\/#breadcrumb","itemListElement":[{"@type":"ListItem","position":1,"name":"Poljoprivreda","item":"https:\/\/www.slatinska-banka.hr\/poljoprivreda\/"},{"@type":"ListItem","position":2,"name":"Krediti i financiranja","item":"https:\/\/www.slatinska-banka.hr\/poljoprivreda\/krediti-i-financiranja\/"},{"@type":"ListItem","position":3,"name":"Posebni oblici financiranja","item":"https:\/\/www.slatinska-banka.hr\/poljoprivreda\/krediti-i-financiranja\/posebni-oblici-financiranja\/"},{"@type":"ListItem","position":4,"name":"HAMAG"}]},{"@type":"WebSite","@id":"https:\/\/www.slatinska-banka.hr\/#website","url":"https:\/\/www.slatinska-banka.hr\/","name":"Slatinska Banka","description":"Razlika je u pristupu","publisher":{"@id":"https:\/\/www.slatinska-banka.hr\/#organization"},"potentialAction":[{"@type":"SearchAction","target":{"@type":"EntryPoint","urlTemplate":"https:\/\/www.slatinska-banka.hr\/?s={search_term_string}"},"query-input":{"@type":"PropertyValueSpecification","valueRequired":true,"valueName":"search_term_string"}}],"inLanguage":"en-US"},{"@type":"Organization","@id":"https:\/\/www.slatinska-banka.hr\/#organization","name":"Slatinska banka d.d.","url":"https:\/\/www.slatinska-banka.hr\/","logo":{"@type":"ImageObject","inLanguage":"en-US","@id":"https:\/\/www.slatinska-banka.hr\/#\/schema\/logo\/image\/","url":"https:\/\/www.slatinska-banka.hr\/wp-content\/uploads\/2019\/02\/logo_big.png","contentUrl":"https:\/\/www.slatinska-banka.hr\/wp-content\/uploads\/2019\/02\/logo_big.png","width":302,"height":244,"caption":"Slatinska banka d.d."},"image":{"@id":"https:\/\/www.slatinska-banka.hr\/#\/schema\/logo\/image\/"},"sameAs":["https:\/\/www.facebook.com\/slatinskabanka\/","https:\/\/www.linkedin.com\/company\/slatinska-banka-dd"]}]}},"_links":{"self":[{"href":"https:\/\/www.slatinska-banka.hr\/en\/wp-json\/wp\/v2\/pages\/693","targetHints":{"allow":["GET"]}}],"collection":[{"href":"https:\/\/www.slatinska-banka.hr\/en\/wp-json\/wp\/v2\/pages"}],"about":[{"href":"https:\/\/www.slatinska-banka.hr\/en\/wp-json\/wp\/v2\/types\/page"}],"author":[{"embeddable":true,"href":"https:\/\/www.slatinska-banka.hr\/en\/wp-json\/wp\/v2\/users\/14"}],"replies":[{"embeddable":true,"href":"https:\/\/www.slatinska-banka.hr\/en\/wp-json\/wp\/v2\/comments?post=693"}],"version-history":[{"count":17,"href":"https:\/\/www.slatinska-banka.hr\/en\/wp-json\/wp\/v2\/pages\/693\/revisions"}],"predecessor-version":[{"id":2862,"href":"https:\/\/www.slatinska-banka.hr\/en\/wp-json\/wp\/v2\/pages\/693\/revisions\/2862"}],"up":[{"embeddable":true,"href":"https:\/\/www.slatinska-banka.hr\/en\/wp-json\/wp\/v2\/pages\/691"}],"wp:featuredmedia":[{"embeddable":true,"href":"https:\/\/www.slatinska-banka.hr\/en\/wp-json\/wp\/v2\/media\/1566"}],"wp:attachment":[{"href":"https:\/\/www.slatinska-banka.hr\/en\/wp-json\/wp\/v2\/media?parent=693"}],"wp:term":[{"taxonomy":"category","embeddable":true,"href":"https:\/\/www.slatinska-banka.hr\/en\/wp-json\/wp\/v2\/categories?post=693"},{"taxonomy":"post_tag","embeddable":true,"href":"https:\/\/www.slatinska-banka.hr\/en\/wp-json\/wp\/v2\/tags?post=693"}],"curies":[{"name":"wp","href":"https:\/\/api.w.org\/{rel}","templated":true}]}}