{"id":683431,"date":"2023-11-13T12:22:59","date_gmt":"2023-11-13T11:22:59","guid":{"rendered":"https:\/\/www.slatinska-banka.hr\/?page_id=683431"},"modified":"2023-11-13T12:28:30","modified_gmt":"2023-11-13T11:28:30","slug":"visa-svijet-pogodnosti","status":"publish","type":"page","link":"https:\/\/www.slatinska-banka.hr\/en\/gradani\/racuni-i-kartice\/kartice\/visa-svijet-pogodnosti\/","title":{"rendered":"VISA SVIJET POGODNOSTI"},"content":{"rendered":"<table style=\"width: 76.6441%; height: 313px;\">\r\n<tbody>\r\n<tr style=\"height: 57px;\">\r\n<td style=\"width: 100%; height: 57px;\" width=\"602\">\r\n<h4><strong>UZ VISA KARTICE, U\u017dIVAJTE U <\/strong><strong>SVIJETU POGODNOSTI<\/strong><\/h4>\r\n<\/td>\r\n<\/tr>\r\n<tr style=\"height: 66px;\">\r\n<td style=\"width: 100%; height: 66px;\" width=\"602\">\r\n<h4><strong>ISKORISTITE IZNIMNE BENEFITE U HRVATSKOJ I INOZEMSTVU UZ PLA\u0106ANJE VISA KARTICAMA.<\/strong><\/h4>\r\n<\/td>\r\n<\/tr>\r\n<tr style=\"height: 95px;\">\r\n<td style=\"width: 100%; height: 95px;\" width=\"602\"><strong>Birani partneri omogu\u0107avaju brojne popuste i pogodnosti<\/strong>\r\n\r\n<strong>za razli\u010dite \u017eelje i potrebe.<\/strong><\/td>\r\n<\/tr>\r\n<\/tbody>\r\n<\/table>\r\n<table style=\"width: 77.3466%; height: 766px;\">\r\n<tbody>\r\n<tr style=\"height: 305px;\">\r\n<td style=\"width: 36.9893%; height: 305px;\" width=\"210\"><img loading=\"lazy\" decoding=\"async\" class=\"alignnone wp-image-683437 size-full\" src=\"https:\/\/www.slatinska-banka.hr\/wp-content\/uploads\/ZOOCITY.jpg\" alt=\"\" width=\"151\" height=\"85\" srcset=\"https:\/\/www.slatinska-banka.hr\/wp-content\/uploads\/\/ZOOCITY.jpg 151w, https:\/\/www.slatinska-banka.hr\/wp-content\/uploads\/\/ZOOCITY-18x10.jpg 18w\" sizes=\"auto, (max-width: 151px) 100vw, 151px\" \/>\r\n\r\n<u><a href=\"https:\/\/www.visa.com.hr\/hr_hr\/visa-ponude-i-pogodnosti\/zoocity\/154778\">Atraktivni popusti i \u0161iroki izbor artikala za ljubitelje ku\u0107nih ljubimaca koji su \u010dlanovi ZOOCITY kluba vjernosti<\/a><\/u><\/td>\r\n<td style=\"width: 31.955%; height: 305px;\" width=\"199\"><img loading=\"lazy\" decoding=\"async\" class=\"alignnone wp-image-683466 size-full\" src=\"https:\/\/www.slatinska-banka.hr\/wp-content\/uploads\/MALL-HR.jpg\" alt=\"\" width=\"143\" height=\"85\" srcset=\"https:\/\/www.slatinska-banka.hr\/wp-content\/uploads\/\/MALL-HR.jpg 143w, https:\/\/www.slatinska-banka.hr\/wp-content\/uploads\/\/MALL-HR-18x12.jpg 18w\" sizes=\"auto, (max-width: 143px) 100vw, 143px\" \/>\r\n\r\n<a href=\"https:\/\/www.visa.com.hr\/hr_hr\/visa-ponude-i-pogodnosti\/mallhr\/156362\">Pla\u0107ajte Visa karticama i ostvarite atraktivne popuste na \u0161irok izbor artikala na mall.hr<\/a><\/td>\r\n<td style=\"width: 98.6789%; height: 305px;\" width=\"192\">&nbsp;\r\n\r\n<img loading=\"lazy\" decoding=\"async\" class=\"alignnone wp-image-683475 size-full\" src=\"https:\/\/www.slatinska-banka.hr\/wp-content\/uploads\/ZKM.jpg\" alt=\"\" width=\"173\" height=\"130\" srcset=\"https:\/\/www.slatinska-banka.hr\/wp-content\/uploads\/\/ZKM.jpg 173w, https:\/\/www.slatinska-banka.hr\/wp-content\/uploads\/\/ZKM-16x12.jpg 16w\" sizes=\"auto, (max-width: 173px) 100vw, 173px\" \/>\r\n\r\n<a href=\"https:\/\/www.visa.com.hr\/hr_hr\/visa-ponude-i-pogodnosti\/zkm\/154460\">3 eura popusta na redovnu cijenu ulaznice<\/a><\/td>\r\n<\/tr>\r\n<tr style=\"height: 217px;\">\r\n<td style=\"width: 36.9893%; height: 217px;\" width=\"210\"><img loading=\"lazy\" decoding=\"async\" class=\"alignnone wp-image-683456 size-full\" src=\"https:\/\/www.slatinska-banka.hr\/wp-content\/uploads\/ARITHERA-2.jpg\" alt=\"\" width=\"138\" height=\"104\" srcset=\"https:\/\/www.slatinska-banka.hr\/wp-content\/uploads\/\/ARITHERA-2.jpg 138w, https:\/\/www.slatinska-banka.hr\/wp-content\/uploads\/\/ARITHERA-2-16x12.jpg 16w\" sizes=\"auto, (max-width: 138px) 100vw, 138px\" \/>\r\n\r\n<a href=\"https:\/\/www.visa.com.hr\/hr_hr\/visa-ponude-i-pogodnosti\/specijalna-bolnica-arithera\/154444\">Pogodnost za pla\u0107anje Visa karticama<\/a><\/td>\r\n<td style=\"width: 31.955%; height: 217px;\" width=\"199\"><img loading=\"lazy\" decoding=\"async\" class=\"alignnone wp-image-683456 size-full\" src=\"https:\/\/www.slatinska-banka.hr\/wp-content\/uploads\/ARITHERA-2.jpg\" alt=\"\" width=\"138\" height=\"104\" srcset=\"https:\/\/www.slatinska-banka.hr\/wp-content\/uploads\/\/ARITHERA-2.jpg 138w, https:\/\/www.slatinska-banka.hr\/wp-content\/uploads\/\/ARITHERA-2-16x12.jpg 16w\" sizes=\"auto, (max-width: 138px) 100vw, 138px\" \/>\r\n\r\n<a href=\"https:\/\/www.visa.com.hr\/hr_hr\/visa-ponude-i-pogodnosti\/specijalna-bolnica-arithera\/154445\">Pogodnost za pla\u0107anje Visa karticama<\/a><\/td>\r\n<td style=\"width: 98.6789%; height: 217px;\">&nbsp;\r\n<h4 data-wp-editing=\"1\"><img loading=\"lazy\" decoding=\"async\" class=\"alignnone wp-image-683453 size-full\" src=\"https:\/\/www.slatinska-banka.hr\/wp-content\/uploads\/AIRREFUND.jpg\" alt=\"\" width=\"173\" height=\"124\" srcset=\"https:\/\/www.slatinska-banka.hr\/wp-content\/uploads\/\/AIRREFUND.jpg 173w, https:\/\/www.slatinska-banka.hr\/wp-content\/uploads\/\/AIRREFUND-18x12.jpg 18w\" sizes=\"auto, (max-width: 173px) 100vw, 173px\" \/><\/h4>\r\n<a href=\"https:\/\/www.visa.com.hr\/hr_hr\/visa-ponude-i-pogodnosti\/airrefund\/154388\">Iskoristite pogodnosti Air Refund-a i osvratite povrat novca za odgo\u0111eni ili otkazani let u iznosu do 600 eura!<\/a><\/td>\r\n<\/tr>\r\n<tr style=\"height: 244px;\">\r\n<td style=\"width: 36.9893%; height: 244px;\" width=\"210\"><img loading=\"lazy\" decoding=\"async\" class=\"alignnone wp-image-683458 size-full\" src=\"https:\/\/www.slatinska-banka.hr\/wp-content\/uploads\/BIDROOM.jpg\" alt=\"\" width=\"173\" height=\"124\" srcset=\"https:\/\/www.slatinska-banka.hr\/wp-content\/uploads\/\/BIDROOM.jpg 173w, https:\/\/www.slatinska-banka.hr\/wp-content\/uploads\/\/BIDROOM-18x12.jpg 18w\" sizes=\"auto, (max-width: 173px) 100vw, 173px\" \/>\r\n\r\n<a href=\"https:\/\/www.visa.com.hr\/hr_hr\/visa-ponude-i-pogodnosti\/bidroom\/154389\">Ekskluzivne ponude i besplatne hotelske pogodnosti s besplatnim \u010dlanstvom u Bidroomu<\/a><\/td>\r\n<td style=\"width: 31.955%; height: 244px;\" width=\"199\"><img loading=\"lazy\" decoding=\"async\" class=\"alignnone wp-image-683464 size-full\" src=\"https:\/\/www.slatinska-banka.hr\/wp-content\/uploads\/HERTZ.jpg\" alt=\"\" width=\"173\" height=\"124\" srcset=\"https:\/\/www.slatinska-banka.hr\/wp-content\/uploads\/\/HERTZ.jpg 173w, https:\/\/www.slatinska-banka.hr\/wp-content\/uploads\/\/HERTZ-18x12.jpg 18w\" sizes=\"auto, (max-width: 173px) 100vw, 173px\" \/>\r\n\r\n<a href=\"https:\/\/www.visa.com.hr\/hr_hr\/visa-ponude-i-pogodnosti\/hertz\/154390\">Iskoristite nevjerojatne popuste i pogodnosti koje vam donosi Hertz<\/a><\/td>\r\n<td style=\"width: 98.6789%; height: 244px;\" width=\"192\"><img loading=\"lazy\" decoding=\"async\" class=\"alignnone wp-image-683474 size-full\" src=\"https:\/\/www.slatinska-banka.hr\/wp-content\/uploads\/VISA.jpg\" alt=\"\" width=\"173\" height=\"124\" srcset=\"https:\/\/www.slatinska-banka.hr\/wp-content\/uploads\/\/VISA.jpg 173w, https:\/\/www.slatinska-banka.hr\/wp-content\/uploads\/\/VISA-18x12.jpg 18w\" sizes=\"auto, (max-width: 173px) 100vw, 173px\" \/>\r\n\r\n<a href=\"https:\/\/www.visa.com.hr\/hr_hr\/visa-ponude-i-pogodnosti\/visa-luxury-hotel-collection\/154391\">Istra\u017eite svijet sa Visom i u\u017eivajte u ekskluzivnim pogodnostima!<\/a><\/td>\r\n<\/tr>\r\n<\/tbody>\r\n<\/table>\r\n<table class=\"contentTable\">\r\n<tbody>\r\n<tr>\r\n<td width=\"602\">\r\nUz ovaj izbor partnera ne propustite priliku iskoristiti sve prednosti Visa kartica i zaslu\u017eeno u\u017eivajte u pogodnostima iz svih segmenata \u017eivota.<\/td>\r\n<\/tr>\r\n<tr>\r\n<td width=\"602\">Saznajte sve o VISA pogodnostima i partnerima na <a href=\"http:\/\/www.visa.com.hr\/benefiti\">http:\/\/www.visa.com.hr\/benefiti<\/a><\/td>\r\n<\/tr>\r\n<\/tbody>\r\n<\/table>","protected":false},"excerpt":{"rendered":"<p>UZ VISA KARTICE, U\u017dIVAJTE U SVIJETU POGODNOSTI ISKORISTITE IZNIMNE BENEFITE U HRVATSKOJ I INOZEMSTVU UZ PLA\u0106ANJE VISA KARTICAMA. Birani partneri omogu\u0107avaju brojne popuste i pogodnosti za razli\u010dite \u017eelje i potrebe. [&hellip;]<\/p>","protected":false},"author":14,"featured_media":683507,"parent":1353,"menu_order":0,"comment_status":"closed","ping_status":"closed","template":"page-template-4.php","meta":{"_acf_changed":false,"footnotes":""},"categories":[],"tags":[],"class_list":["post-683431","page","type-page","status-publish","has-post-thumbnail","hentry"],"acf":[],"yoast_head":"<!-- This site is optimized with the Yoast SEO plugin v25.4 - https:\/\/yoast.com\/wordpress\/plugins\/seo\/ -->\n<title>VISA SVIJET POGODNOSTI - Slatinska Banka<\/title>\n<meta name=\"robots\" content=\"index, follow, max-snippet:-1, max-image-preview:large, max-video-preview:-1\" \/>\n<link rel=\"canonical\" href=\"https:\/\/www.slatinska-banka.hr\/en\/gradani\/racuni-i-kartice\/kartice\/visa-svijet-pogodnosti\/\" \/>\n<meta property=\"og:locale\" content=\"en_US\" \/>\n<meta property=\"og:type\" content=\"article\" \/>\n<meta property=\"og:title\" content=\"VISA SVIJET POGODNOSTI - Slatinska Banka\" \/>\n<meta property=\"og:description\" content=\"UZ VISA KARTICE, U\u017dIVAJTE U SVIJETU POGODNOSTI ISKORISTITE IZNIMNE BENEFITE U HRVATSKOJ I INOZEMSTVU UZ PLA\u0106ANJE VISA KARTICAMA. Birani partneri omogu\u0107avaju brojne popuste i pogodnosti za razli\u010dite \u017eelje i potrebe. [&hellip;]\" \/>\n<meta property=\"og:url\" content=\"https:\/\/www.slatinska-banka.hr\/en\/gradani\/racuni-i-kartice\/kartice\/visa-svijet-pogodnosti\/\" \/>\n<meta property=\"og:site_name\" content=\"Slatinska Banka\" \/>\n<meta property=\"article:publisher\" content=\"https:\/\/www.facebook.com\/slatinskabanka\/\" \/>\n<meta property=\"article:modified_time\" content=\"2023-11-13T11:28:30+00:00\" \/>\n<meta property=\"og:image\" content=\"https:\/\/www.slatinska-banka.hr\/wp-content\/uploads\/VISA-POGODNOSTI.jpg\" \/>\n\t<meta property=\"og:image:width\" content=\"753\" \/>\n\t<meta property=\"og:image:height\" content=\"395\" \/>\n\t<meta property=\"og:image:type\" content=\"image\/jpeg\" \/>\n<meta name=\"twitter:card\" content=\"summary_large_image\" \/>\n<meta name=\"twitter:label1\" content=\"Est. reading time\" \/>\n\t<meta name=\"twitter:data1\" content=\"1 minute\" \/>\n<script type=\"application\/ld+json\" class=\"yoast-schema-graph\">{\"@context\":\"https:\/\/schema.org\",\"@graph\":[{\"@type\":\"WebPage\",\"@id\":\"https:\/\/www.slatinska-banka.hr\/gradani\/racuni-i-kartice\/kartice\/visa-svijet-pogodnosti\/\",\"url\":\"https:\/\/www.slatinska-banka.hr\/gradani\/racuni-i-kartice\/kartice\/visa-svijet-pogodnosti\/\",\"name\":\"VISA SVIJET POGODNOSTI - Slatinska Banka\",\"isPartOf\":{\"@id\":\"https:\/\/www.slatinska-banka.hr\/#website\"},\"primaryImageOfPage\":{\"@id\":\"https:\/\/www.slatinska-banka.hr\/gradani\/racuni-i-kartice\/kartice\/visa-svijet-pogodnosti\/#primaryimage\"},\"image\":{\"@id\":\"https:\/\/www.slatinska-banka.hr\/gradani\/racuni-i-kartice\/kartice\/visa-svijet-pogodnosti\/#primaryimage\"},\"thumbnailUrl\":\"https:\/\/www.slatinska-banka.hr\/wp-content\/uploads\/VISA-POGODNOSTI.jpg\",\"datePublished\":\"2023-11-13T11:22:59+00:00\",\"dateModified\":\"2023-11-13T11:28:30+00:00\",\"breadcrumb\":{\"@id\":\"https:\/\/www.slatinska-banka.hr\/gradani\/racuni-i-kartice\/kartice\/visa-svijet-pogodnosti\/#breadcrumb\"},\"inLanguage\":\"en-US\",\"potentialAction\":[{\"@type\":\"ReadAction\",\"target\":[\"https:\/\/www.slatinska-banka.hr\/gradani\/racuni-i-kartice\/kartice\/visa-svijet-pogodnosti\/\"]}]},{\"@type\":\"ImageObject\",\"inLanguage\":\"en-US\",\"@id\":\"https:\/\/www.slatinska-banka.hr\/gradani\/racuni-i-kartice\/kartice\/visa-svijet-pogodnosti\/#primaryimage\",\"url\":\"https:\/\/www.slatinska-banka.hr\/wp-content\/uploads\/VISA-POGODNOSTI.jpg\",\"contentUrl\":\"https:\/\/www.slatinska-banka.hr\/wp-content\/uploads\/VISA-POGODNOSTI.jpg\",\"width\":753,\"height\":395},{\"@type\":\"BreadcrumbList\",\"@id\":\"https:\/\/www.slatinska-banka.hr\/gradani\/racuni-i-kartice\/kartice\/visa-svijet-pogodnosti\/#breadcrumb\",\"itemListElement\":[{\"@type\":\"ListItem\",\"position\":1,\"name\":\"Gra\u0111ani\",\"item\":\"https:\/\/www.slatinska-banka.hr\/gradani\/\"},{\"@type\":\"ListItem\",\"position\":2,\"name\":\"Ra\u010duni i kartice\",\"item\":\"https:\/\/www.slatinska-banka.hr\/gradani\/racuni-i-kartice\/\"},{\"@type\":\"ListItem\",\"position\":3,\"name\":\"Kartice\",\"item\":\"https:\/\/www.slatinska-banka.hr\/gradani\/racuni-i-kartice\/kartice\/\"},{\"@type\":\"ListItem\",\"position\":4,\"name\":\"VISA SVIJET POGODNOSTI\"}]},{\"@type\":\"WebSite\",\"@id\":\"https:\/\/www.slatinska-banka.hr\/#website\",\"url\":\"https:\/\/www.slatinska-banka.hr\/\",\"name\":\"Slatinska Banka\",\"description\":\"Razlika je u pristupu\",\"publisher\":{\"@id\":\"https:\/\/www.slatinska-banka.hr\/#organization\"},\"potentialAction\":[{\"@type\":\"SearchAction\",\"target\":{\"@type\":\"EntryPoint\",\"urlTemplate\":\"https:\/\/www.slatinska-banka.hr\/?s={search_term_string}\"},\"query-input\":{\"@type\":\"PropertyValueSpecification\",\"valueRequired\":true,\"valueName\":\"search_term_string\"}}],\"inLanguage\":\"en-US\"},{\"@type\":\"Organization\",\"@id\":\"https:\/\/www.slatinska-banka.hr\/#organization\",\"name\":\"Slatinska banka d.d.\",\"url\":\"https:\/\/www.slatinska-banka.hr\/\",\"logo\":{\"@type\":\"ImageObject\",\"inLanguage\":\"en-US\",\"@id\":\"https:\/\/www.slatinska-banka.hr\/#\/schema\/logo\/image\/\",\"url\":\"https:\/\/www.slatinska-banka.hr\/wp-content\/uploads\/2019\/02\/logo_big.png\",\"contentUrl\":\"https:\/\/www.slatinska-banka.hr\/wp-content\/uploads\/2019\/02\/logo_big.png\",\"width\":302,\"height\":244,\"caption\":\"Slatinska banka d.d.\"},\"image\":{\"@id\":\"https:\/\/www.slatinska-banka.hr\/#\/schema\/logo\/image\/\"},\"sameAs\":[\"https:\/\/www.facebook.com\/slatinskabanka\/\",\"https:\/\/www.linkedin.com\/company\/slatinska-banka-dd\"]}]}<\/script>\n<!-- \/ Yoast SEO plugin. -->","yoast_head_json":{"title":"VISA SVIJET POGODNOSTI - Slatinska Banka","robots":{"index":"index","follow":"follow","max-snippet":"max-snippet:-1","max-image-preview":"max-image-preview:large","max-video-preview":"max-video-preview:-1"},"canonical":"https:\/\/www.slatinska-banka.hr\/en\/gradani\/racuni-i-kartice\/kartice\/visa-svijet-pogodnosti\/","og_locale":"en_US","og_type":"article","og_title":"VISA SVIJET POGODNOSTI - Slatinska Banka","og_description":"UZ VISA KARTICE, U\u017dIVAJTE U SVIJETU POGODNOSTI ISKORISTITE IZNIMNE BENEFITE U HRVATSKOJ I INOZEMSTVU UZ PLA\u0106ANJE VISA KARTICAMA. Birani partneri omogu\u0107avaju brojne popuste i pogodnosti za razli\u010dite \u017eelje i potrebe. [&hellip;]","og_url":"https:\/\/www.slatinska-banka.hr\/en\/gradani\/racuni-i-kartice\/kartice\/visa-svijet-pogodnosti\/","og_site_name":"Slatinska Banka","article_publisher":"https:\/\/www.facebook.com\/slatinskabanka\/","article_modified_time":"2023-11-13T11:28:30+00:00","og_image":[{"width":753,"height":395,"url":"https:\/\/www.slatinska-banka.hr\/wp-content\/uploads\/VISA-POGODNOSTI.jpg","type":"image\/jpeg"}],"twitter_card":"summary_large_image","twitter_misc":{"Est. reading time":"1 minute"},"schema":{"@context":"https:\/\/schema.org","@graph":[{"@type":"WebPage","@id":"https:\/\/www.slatinska-banka.hr\/gradani\/racuni-i-kartice\/kartice\/visa-svijet-pogodnosti\/","url":"https:\/\/www.slatinska-banka.hr\/gradani\/racuni-i-kartice\/kartice\/visa-svijet-pogodnosti\/","name":"VISA SVIJET POGODNOSTI - Slatinska Banka","isPartOf":{"@id":"https:\/\/www.slatinska-banka.hr\/#website"},"primaryImageOfPage":{"@id":"https:\/\/www.slatinska-banka.hr\/gradani\/racuni-i-kartice\/kartice\/visa-svijet-pogodnosti\/#primaryimage"},"image":{"@id":"https:\/\/www.slatinska-banka.hr\/gradani\/racuni-i-kartice\/kartice\/visa-svijet-pogodnosti\/#primaryimage"},"thumbnailUrl":"https:\/\/www.slatinska-banka.hr\/wp-content\/uploads\/VISA-POGODNOSTI.jpg","datePublished":"2023-11-13T11:22:59+00:00","dateModified":"2023-11-13T11:28:30+00:00","breadcrumb":{"@id":"https:\/\/www.slatinska-banka.hr\/gradani\/racuni-i-kartice\/kartice\/visa-svijet-pogodnosti\/#breadcrumb"},"inLanguage":"en-US","potentialAction":[{"@type":"ReadAction","target":["https:\/\/www.slatinska-banka.hr\/gradani\/racuni-i-kartice\/kartice\/visa-svijet-pogodnosti\/"]}]},{"@type":"ImageObject","inLanguage":"en-US","@id":"https:\/\/www.slatinska-banka.hr\/gradani\/racuni-i-kartice\/kartice\/visa-svijet-pogodnosti\/#primaryimage","url":"https:\/\/www.slatinska-banka.hr\/wp-content\/uploads\/VISA-POGODNOSTI.jpg","contentUrl":"https:\/\/www.slatinska-banka.hr\/wp-content\/uploads\/VISA-POGODNOSTI.jpg","width":753,"height":395},{"@type":"BreadcrumbList","@id":"https:\/\/www.slatinska-banka.hr\/gradani\/racuni-i-kartice\/kartice\/visa-svijet-pogodnosti\/#breadcrumb","itemListElement":[{"@type":"ListItem","position":1,"name":"Gra\u0111ani","item":"https:\/\/www.slatinska-banka.hr\/gradani\/"},{"@type":"ListItem","position":2,"name":"Ra\u010duni i kartice","item":"https:\/\/www.slatinska-banka.hr\/gradani\/racuni-i-kartice\/"},{"@type":"ListItem","position":3,"name":"Kartice","item":"https:\/\/www.slatinska-banka.hr\/gradani\/racuni-i-kartice\/kartice\/"},{"@type":"ListItem","position":4,"name":"VISA SVIJET POGODNOSTI"}]},{"@type":"WebSite","@id":"https:\/\/www.slatinska-banka.hr\/#website","url":"https:\/\/www.slatinska-banka.hr\/","name":"Slatinska Banka","description":"Razlika je u pristupu","publisher":{"@id":"https:\/\/www.slatinska-banka.hr\/#organization"},"potentialAction":[{"@type":"SearchAction","target":{"@type":"EntryPoint","urlTemplate":"https:\/\/www.slatinska-banka.hr\/?s={search_term_string}"},"query-input":{"@type":"PropertyValueSpecification","valueRequired":true,"valueName":"search_term_string"}}],"inLanguage":"en-US"},{"@type":"Organization","@id":"https:\/\/www.slatinska-banka.hr\/#organization","name":"Slatinska banka d.d.","url":"https:\/\/www.slatinska-banka.hr\/","logo":{"@type":"ImageObject","inLanguage":"en-US","@id":"https:\/\/www.slatinska-banka.hr\/#\/schema\/logo\/image\/","url":"https:\/\/www.slatinska-banka.hr\/wp-content\/uploads\/2019\/02\/logo_big.png","contentUrl":"https:\/\/www.slatinska-banka.hr\/wp-content\/uploads\/2019\/02\/logo_big.png","width":302,"height":244,"caption":"Slatinska banka d.d."},"image":{"@id":"https:\/\/www.slatinska-banka.hr\/#\/schema\/logo\/image\/"},"sameAs":["https:\/\/www.facebook.com\/slatinskabanka\/","https:\/\/www.linkedin.com\/company\/slatinska-banka-dd"]}]}},"_links":{"self":[{"href":"https:\/\/www.slatinska-banka.hr\/en\/wp-json\/wp\/v2\/pages\/683431","targetHints":{"allow":["GET"]}}],"collection":[{"href":"https:\/\/www.slatinska-banka.hr\/en\/wp-json\/wp\/v2\/pages"}],"about":[{"href":"https:\/\/www.slatinska-banka.hr\/en\/wp-json\/wp\/v2\/types\/page"}],"author":[{"embeddable":true,"href":"https:\/\/www.slatinska-banka.hr\/en\/wp-json\/wp\/v2\/users\/14"}],"replies":[{"embeddable":true,"href":"https:\/\/www.slatinska-banka.hr\/en\/wp-json\/wp\/v2\/comments?post=683431"}],"version-history":[{"count":13,"href":"https:\/\/www.slatinska-banka.hr\/en\/wp-json\/wp\/v2\/pages\/683431\/revisions"}],"predecessor-version":[{"id":683509,"href":"https:\/\/www.slatinska-banka.hr\/en\/wp-json\/wp\/v2\/pages\/683431\/revisions\/683509"}],"up":[{"embeddable":true,"href":"https:\/\/www.slatinska-banka.hr\/en\/wp-json\/wp\/v2\/pages\/1353"}],"wp:featuredmedia":[{"embeddable":true,"href":"https:\/\/www.slatinska-banka.hr\/en\/wp-json\/wp\/v2\/media\/683507"}],"wp:attachment":[{"href":"https:\/\/www.slatinska-banka.hr\/en\/wp-json\/wp\/v2\/media?parent=683431"}],"wp:term":[{"taxonomy":"category","embeddable":true,"href":"https:\/\/www.slatinska-banka.hr\/en\/wp-json\/wp\/v2\/categories?post=683431"},{"taxonomy":"post_tag","embeddable":true,"href":"https:\/\/www.slatinska-banka.hr\/en\/wp-json\/wp\/v2\/tags?post=683431"}],"curies":[{"name":"wp","href":"https:\/\/api.w.org\/{rel}","templated":true}]}}