{"id":680,"date":"2019-02-06T12:36:46","date_gmt":"2019-02-06T11:36:46","guid":{"rendered":"http:\/\/www.slatinska-banka.hr\/?page_id=680"},"modified":"2021-03-17T12:09:06","modified_gmt":"2021-03-17T11:09:06","slug":"krediti-za-financiranje-projekata-eu","status":"publish","type":"page","link":"https:\/\/www.slatinska-banka.hr\/en\/poljoprivreda\/krediti-i-financiranja\/krediti-za-financiranje-projekata-eu\/","title":{"rendered":"Loans for financing EU projects"},"content":{"rendered":"<p class=\"big\">Odobren ti je EU projekt i treba\u0161 sredstva za financiranje?<\/p>\r\n<p class=\"big\">U kratkom roku i uz povoljne uvjete odobravamo kredite na rokove do 10 godina.<\/p>\r\n<p>&nbsp;<\/p>\r\n<p>IZNOS: cjelokupna vrijednost investicije<\/p>\r\n<p>POVRAT KREDITA: po tvojim potrebama, uz mogu\u0107nost sukcesivnog povrata, <strong>bez naknade<\/strong><\/p>\r\n<p>ISPLATA KREDITA: namjenski, na ra\u010dun dobavlja\u010da, prema odabranoj ponudi.<\/p>\r\n<p>&nbsp;<\/p>\r\n<div class=\"accordeon\"><\/p>\r\n<p><h2><span class=\"naslov\">OSIGURANJE<\/span><\/h2><div><\/p>\n<ul>\n<li>zalog na pokretninama koje se financiraju projektom, odnosno drugi instrument osiguranja sukladno uvjetima Banke<\/li>\n<\/ul>\n<p>\n<\/div><\/p>\r\n<p><h2><span class=\"naslov\">Potrebna dokumentacija<\/span><\/h2><div><\/p>\n<ul>\n<li>Poslovni plan (ra\u010dunski i opisni dio iz prijave projekta na bespovratna EU sredstva)<\/li>\n<li>Rje\u0161enje\/Odluka o dodjeli EU potpore od strane Ministarstva poljoprivrede \/ Lokalne akcijske grupe \/ Ugovor o d-dodjeli potpore<\/li>\n<li>Financijska izvje\u0161\u0107a o poslovanju podnositelja zahtjeva<\/li>\n<li>Potvrda o visini duga kod Porezne uprave<\/li>\n<li>Obrazac BON-2<\/li>\n<\/ul>\n<p>\n<\/div><\/p>\r\n<p><\/div>\r\n<p style=\"text-align: center;\"><span style=\"color: #ffcc00;\">POPUNI OBRAZAC I NA\u0160I STRU\u010cNJACI \u0106E TE KONTAKTIRATI U KRATKOM ROKU!<\/span><\/p>","protected":false},"excerpt":{"rendered":"<p>Odobren ti je EU projekt i treba\u0161 sredstva za financiranje? U kratkom roku i uz povoljne uvjete odobravamo kredite na rokove do 10 godina. &nbsp; IZNOS: cjelokupna vrijednost investicije POVRAT [&hellip;]<\/p>","protected":false},"author":14,"featured_media":1785,"parent":42,"menu_order":0,"comment_status":"closed","ping_status":"closed","template":"page-template-4.php","meta":{"_acf_changed":false,"footnotes":""},"categories":[],"tags":[],"class_list":["post-680","page","type-page","status-publish","has-post-thumbnail","hentry"],"acf":[],"yoast_head":"<!-- This site is optimized with the Yoast SEO plugin v25.4 - https:\/\/yoast.com\/wordpress\/plugins\/seo\/ -->\n<title>Krediti za financiranje projekata EU - Slatinska Banka<\/title>\n<meta name=\"robots\" content=\"index, follow, max-snippet:-1, max-image-preview:large, max-video-preview:-1\" \/>\n<link rel=\"canonical\" href=\"https:\/\/www.slatinska-banka.hr\/en\/poljoprivreda\/krediti-i-financiranja\/krediti-za-financiranje-projekata-eu\/\" \/>\n<meta property=\"og:locale\" content=\"en_US\" \/>\n<meta property=\"og:type\" content=\"article\" \/>\n<meta property=\"og:title\" content=\"Krediti za financiranje projekata EU - Slatinska Banka\" \/>\n<meta property=\"og:description\" content=\"Odobren ti je EU projekt i treba\u0161 sredstva za financiranje? U kratkom roku i uz povoljne uvjete odobravamo kredite na rokove do 10 godina. &nbsp; IZNOS: cjelokupna vrijednost investicije POVRAT [&hellip;]\" \/>\n<meta property=\"og:url\" content=\"https:\/\/www.slatinska-banka.hr\/en\/poljoprivreda\/krediti-i-financiranja\/krediti-za-financiranje-projekata-eu\/\" \/>\n<meta property=\"og:site_name\" content=\"Slatinska Banka\" \/>\n<meta property=\"article:publisher\" content=\"https:\/\/www.facebook.com\/slatinskabanka\/\" \/>\n<meta property=\"article:modified_time\" content=\"2021-03-17T11:09:06+00:00\" \/>\n<meta property=\"og:image\" content=\"https:\/\/www.slatinska-banka.hr\/wp-content\/uploads\/2019\/02\/agriculture-cereal-clouds-175389-1024x683.jpg\" \/>\n\t<meta property=\"og:image:width\" content=\"1024\" \/>\n\t<meta property=\"og:image:height\" content=\"683\" \/>\n\t<meta property=\"og:image:type\" content=\"image\/jpeg\" \/>\n<meta name=\"twitter:card\" content=\"summary_large_image\" \/>\n<meta name=\"twitter:label1\" content=\"Est. reading time\" \/>\n\t<meta name=\"twitter:data1\" content=\"1 minute\" \/>\n<script type=\"application\/ld+json\" class=\"yoast-schema-graph\">{\"@context\":\"https:\/\/schema.org\",\"@graph\":[{\"@type\":\"WebPage\",\"@id\":\"https:\/\/www.slatinska-banka.hr\/poljoprivreda\/krediti-i-financiranja\/krediti-za-financiranje-projekata-eu\/\",\"url\":\"https:\/\/www.slatinska-banka.hr\/poljoprivreda\/krediti-i-financiranja\/krediti-za-financiranje-projekata-eu\/\",\"name\":\"Krediti za financiranje projekata EU - Slatinska Banka\",\"isPartOf\":{\"@id\":\"https:\/\/www.slatinska-banka.hr\/#website\"},\"primaryImageOfPage\":{\"@id\":\"https:\/\/www.slatinska-banka.hr\/poljoprivreda\/krediti-i-financiranja\/krediti-za-financiranje-projekata-eu\/#primaryimage\"},\"image\":{\"@id\":\"https:\/\/www.slatinska-banka.hr\/poljoprivreda\/krediti-i-financiranja\/krediti-za-financiranje-projekata-eu\/#primaryimage\"},\"thumbnailUrl\":\"https:\/\/www.slatinska-banka.hr\/wp-content\/uploads\/2019\/02\/agriculture-cereal-clouds-175389.jpg\",\"datePublished\":\"2019-02-06T11:36:46+00:00\",\"dateModified\":\"2021-03-17T11:09:06+00:00\",\"breadcrumb\":{\"@id\":\"https:\/\/www.slatinska-banka.hr\/poljoprivreda\/krediti-i-financiranja\/krediti-za-financiranje-projekata-eu\/#breadcrumb\"},\"inLanguage\":\"en-US\",\"potentialAction\":[{\"@type\":\"ReadAction\",\"target\":[\"https:\/\/www.slatinska-banka.hr\/poljoprivreda\/krediti-i-financiranja\/krediti-za-financiranje-projekata-eu\/\"]}]},{\"@type\":\"ImageObject\",\"inLanguage\":\"en-US\",\"@id\":\"https:\/\/www.slatinska-banka.hr\/poljoprivreda\/krediti-i-financiranja\/krediti-za-financiranje-projekata-eu\/#primaryimage\",\"url\":\"https:\/\/www.slatinska-banka.hr\/wp-content\/uploads\/2019\/02\/agriculture-cereal-clouds-175389.jpg\",\"contentUrl\":\"https:\/\/www.slatinska-banka.hr\/wp-content\/uploads\/2019\/02\/agriculture-cereal-clouds-175389.jpg\",\"width\":4363,\"height\":2909},{\"@type\":\"BreadcrumbList\",\"@id\":\"https:\/\/www.slatinska-banka.hr\/poljoprivreda\/krediti-i-financiranja\/krediti-za-financiranje-projekata-eu\/#breadcrumb\",\"itemListElement\":[{\"@type\":\"ListItem\",\"position\":1,\"name\":\"Poljoprivreda\",\"item\":\"https:\/\/www.slatinska-banka.hr\/poljoprivreda\/\"},{\"@type\":\"ListItem\",\"position\":2,\"name\":\"Krediti i financiranja\",\"item\":\"https:\/\/www.slatinska-banka.hr\/poljoprivreda\/krediti-i-financiranja\/\"},{\"@type\":\"ListItem\",\"position\":3,\"name\":\"Krediti za financiranje projekata EU\"}]},{\"@type\":\"WebSite\",\"@id\":\"https:\/\/www.slatinska-banka.hr\/#website\",\"url\":\"https:\/\/www.slatinska-banka.hr\/\",\"name\":\"Slatinska Banka\",\"description\":\"Razlika je u pristupu\",\"publisher\":{\"@id\":\"https:\/\/www.slatinska-banka.hr\/#organization\"},\"potentialAction\":[{\"@type\":\"SearchAction\",\"target\":{\"@type\":\"EntryPoint\",\"urlTemplate\":\"https:\/\/www.slatinska-banka.hr\/?s={search_term_string}\"},\"query-input\":{\"@type\":\"PropertyValueSpecification\",\"valueRequired\":true,\"valueName\":\"search_term_string\"}}],\"inLanguage\":\"en-US\"},{\"@type\":\"Organization\",\"@id\":\"https:\/\/www.slatinska-banka.hr\/#organization\",\"name\":\"Slatinska banka d.d.\",\"url\":\"https:\/\/www.slatinska-banka.hr\/\",\"logo\":{\"@type\":\"ImageObject\",\"inLanguage\":\"en-US\",\"@id\":\"https:\/\/www.slatinska-banka.hr\/#\/schema\/logo\/image\/\",\"url\":\"https:\/\/www.slatinska-banka.hr\/wp-content\/uploads\/2019\/02\/logo_big.png\",\"contentUrl\":\"https:\/\/www.slatinska-banka.hr\/wp-content\/uploads\/2019\/02\/logo_big.png\",\"width\":302,\"height\":244,\"caption\":\"Slatinska banka d.d.\"},\"image\":{\"@id\":\"https:\/\/www.slatinska-banka.hr\/#\/schema\/logo\/image\/\"},\"sameAs\":[\"https:\/\/www.facebook.com\/slatinskabanka\/\",\"https:\/\/www.linkedin.com\/company\/slatinska-banka-dd\"]}]}<\/script>\n<!-- \/ Yoast SEO plugin. -->","yoast_head_json":{"title":"Krediti za financiranje projekata EU - Slatinska Banka","robots":{"index":"index","follow":"follow","max-snippet":"max-snippet:-1","max-image-preview":"max-image-preview:large","max-video-preview":"max-video-preview:-1"},"canonical":"https:\/\/www.slatinska-banka.hr\/en\/poljoprivreda\/krediti-i-financiranja\/krediti-za-financiranje-projekata-eu\/","og_locale":"en_US","og_type":"article","og_title":"Krediti za financiranje projekata EU - Slatinska Banka","og_description":"Odobren ti je EU projekt i treba\u0161 sredstva za financiranje? U kratkom roku i uz povoljne uvjete odobravamo kredite na rokove do 10 godina. &nbsp; IZNOS: cjelokupna vrijednost investicije POVRAT [&hellip;]","og_url":"https:\/\/www.slatinska-banka.hr\/en\/poljoprivreda\/krediti-i-financiranja\/krediti-za-financiranje-projekata-eu\/","og_site_name":"Slatinska Banka","article_publisher":"https:\/\/www.facebook.com\/slatinskabanka\/","article_modified_time":"2021-03-17T11:09:06+00:00","og_image":[{"width":1024,"height":683,"url":"https:\/\/www.slatinska-banka.hr\/wp-content\/uploads\/2019\/02\/agriculture-cereal-clouds-175389-1024x683.jpg","type":"image\/jpeg"}],"twitter_card":"summary_large_image","twitter_misc":{"Est. reading time":"1 minute"},"schema":{"@context":"https:\/\/schema.org","@graph":[{"@type":"WebPage","@id":"https:\/\/www.slatinska-banka.hr\/poljoprivreda\/krediti-i-financiranja\/krediti-za-financiranje-projekata-eu\/","url":"https:\/\/www.slatinska-banka.hr\/poljoprivreda\/krediti-i-financiranja\/krediti-za-financiranje-projekata-eu\/","name":"Krediti za financiranje projekata EU - Slatinska Banka","isPartOf":{"@id":"https:\/\/www.slatinska-banka.hr\/#website"},"primaryImageOfPage":{"@id":"https:\/\/www.slatinska-banka.hr\/poljoprivreda\/krediti-i-financiranja\/krediti-za-financiranje-projekata-eu\/#primaryimage"},"image":{"@id":"https:\/\/www.slatinska-banka.hr\/poljoprivreda\/krediti-i-financiranja\/krediti-za-financiranje-projekata-eu\/#primaryimage"},"thumbnailUrl":"https:\/\/www.slatinska-banka.hr\/wp-content\/uploads\/2019\/02\/agriculture-cereal-clouds-175389.jpg","datePublished":"2019-02-06T11:36:46+00:00","dateModified":"2021-03-17T11:09:06+00:00","breadcrumb":{"@id":"https:\/\/www.slatinska-banka.hr\/poljoprivreda\/krediti-i-financiranja\/krediti-za-financiranje-projekata-eu\/#breadcrumb"},"inLanguage":"en-US","potentialAction":[{"@type":"ReadAction","target":["https:\/\/www.slatinska-banka.hr\/poljoprivreda\/krediti-i-financiranja\/krediti-za-financiranje-projekata-eu\/"]}]},{"@type":"ImageObject","inLanguage":"en-US","@id":"https:\/\/www.slatinska-banka.hr\/poljoprivreda\/krediti-i-financiranja\/krediti-za-financiranje-projekata-eu\/#primaryimage","url":"https:\/\/www.slatinska-banka.hr\/wp-content\/uploads\/2019\/02\/agriculture-cereal-clouds-175389.jpg","contentUrl":"https:\/\/www.slatinska-banka.hr\/wp-content\/uploads\/2019\/02\/agriculture-cereal-clouds-175389.jpg","width":4363,"height":2909},{"@type":"BreadcrumbList","@id":"https:\/\/www.slatinska-banka.hr\/poljoprivreda\/krediti-i-financiranja\/krediti-za-financiranje-projekata-eu\/#breadcrumb","itemListElement":[{"@type":"ListItem","position":1,"name":"Poljoprivreda","item":"https:\/\/www.slatinska-banka.hr\/poljoprivreda\/"},{"@type":"ListItem","position":2,"name":"Krediti i financiranja","item":"https:\/\/www.slatinska-banka.hr\/poljoprivreda\/krediti-i-financiranja\/"},{"@type":"ListItem","position":3,"name":"Krediti za financiranje projekata EU"}]},{"@type":"WebSite","@id":"https:\/\/www.slatinska-banka.hr\/#website","url":"https:\/\/www.slatinska-banka.hr\/","name":"Slatinska Banka","description":"Razlika je u pristupu","publisher":{"@id":"https:\/\/www.slatinska-banka.hr\/#organization"},"potentialAction":[{"@type":"SearchAction","target":{"@type":"EntryPoint","urlTemplate":"https:\/\/www.slatinska-banka.hr\/?s={search_term_string}"},"query-input":{"@type":"PropertyValueSpecification","valueRequired":true,"valueName":"search_term_string"}}],"inLanguage":"en-US"},{"@type":"Organization","@id":"https:\/\/www.slatinska-banka.hr\/#organization","name":"Slatinska banka d.d.","url":"https:\/\/www.slatinska-banka.hr\/","logo":{"@type":"ImageObject","inLanguage":"en-US","@id":"https:\/\/www.slatinska-banka.hr\/#\/schema\/logo\/image\/","url":"https:\/\/www.slatinska-banka.hr\/wp-content\/uploads\/2019\/02\/logo_big.png","contentUrl":"https:\/\/www.slatinska-banka.hr\/wp-content\/uploads\/2019\/02\/logo_big.png","width":302,"height":244,"caption":"Slatinska banka d.d."},"image":{"@id":"https:\/\/www.slatinska-banka.hr\/#\/schema\/logo\/image\/"},"sameAs":["https:\/\/www.facebook.com\/slatinskabanka\/","https:\/\/www.linkedin.com\/company\/slatinska-banka-dd"]}]}},"_links":{"self":[{"href":"https:\/\/www.slatinska-banka.hr\/en\/wp-json\/wp\/v2\/pages\/680","targetHints":{"allow":["GET"]}}],"collection":[{"href":"https:\/\/www.slatinska-banka.hr\/en\/wp-json\/wp\/v2\/pages"}],"about":[{"href":"https:\/\/www.slatinska-banka.hr\/en\/wp-json\/wp\/v2\/types\/page"}],"author":[{"embeddable":true,"href":"https:\/\/www.slatinska-banka.hr\/en\/wp-json\/wp\/v2\/users\/14"}],"replies":[{"embeddable":true,"href":"https:\/\/www.slatinska-banka.hr\/en\/wp-json\/wp\/v2\/comments?post=680"}],"version-history":[{"count":19,"href":"https:\/\/www.slatinska-banka.hr\/en\/wp-json\/wp\/v2\/pages\/680\/revisions"}],"predecessor-version":[{"id":11581,"href":"https:\/\/www.slatinska-banka.hr\/en\/wp-json\/wp\/v2\/pages\/680\/revisions\/11581"}],"up":[{"embeddable":true,"href":"https:\/\/www.slatinska-banka.hr\/en\/wp-json\/wp\/v2\/pages\/42"}],"wp:featuredmedia":[{"embeddable":true,"href":"https:\/\/www.slatinska-banka.hr\/en\/wp-json\/wp\/v2\/media\/1785"}],"wp:attachment":[{"href":"https:\/\/www.slatinska-banka.hr\/en\/wp-json\/wp\/v2\/media?parent=680"}],"wp:term":[{"taxonomy":"category","embeddable":true,"href":"https:\/\/www.slatinska-banka.hr\/en\/wp-json\/wp\/v2\/categories?post=680"},{"taxonomy":"post_tag","embeddable":true,"href":"https:\/\/www.slatinska-banka.hr\/en\/wp-json\/wp\/v2\/tags?post=680"}],"curies":[{"name":"wp","href":"https:\/\/api.w.org\/{rel}","templated":true}]}}