{"id":672,"date":"2019-02-06T12:30:57","date_gmt":"2019-02-06T11:30:57","guid":{"rendered":"http:\/\/www.slatinska-banka.hr\/?page_id=672"},"modified":"2023-04-06T12:11:31","modified_gmt":"2023-04-06T10:11:31","slug":"krediti-za-investicije","status":"publish","type":"page","link":"https:\/\/www.slatinska-banka.hr\/en\/poljoprivreda\/krediti-i-financiranja\/krediti-za-investicije\/","title":{"rendered":"Loans for investments"},"content":{"rendered":"<p class=\"big\">Investira\u0161? Gradi\u0161 skladi\u0161ta, su\u0161are, ula\u017ee\u0161 u obnovljive izvore energije<\/p>\r\n<p class=\"big\">Za tebe su savr\u0161eni investicijski krediti!<\/p>\r\n<p class=\"big\">Nudimo ti kredite s dugim rokovima otplate i mogu\u0107no\u0161\u0107u po\u010deka do 24 mjeseca.<\/p>\r\n&nbsp;\r\n\r\nNe treba\u0161 imati u\u010de\u0161\u0107e jer financiramo cijelu investiciju!\r\n\r\nAko nema\u0161 dovoljno osiguranja, mo\u017eemo ti pomo\u0107i s <a href=\"\/en\/poljoprivreda\/krediti-i-financiranja\/posebni-oblici-financiranja\/hamag\/\">HAMAG-ovim jamstvima<\/a>\r\n\r\n<div class=\"accordeon\">\r\n\r\n<h2><span class=\"naslov\">VI\u0160E INFORMACIJA<\/span><\/h2><div><ul>\n<li>Rok dospije\u0107a: do 10 godina<\/li>\n<li>Po\u010dek: do 2 godine<\/li>\n<li>Minimalna dokumentacija za obradu kreditnog zahtjeva!<\/li>\n<\/ul>\n<\/div>\r\n\r\n<h2><span class=\"naslov\">ZAHTJEV ZA KREDIT<\/span><\/h2><div><p><a href=\"https:\/\/www.slatinska-banka.hr\/wp-content\/uploads\/SBS_Zahtjev_Dodatne-tablice_2023.xlsx\">Zahtjev za kredit<\/a><\/p>\n<\/div>\r\n\r\n<\/div>\r\n\r\n&nbsp;\r\n<p class=\"big\" style=\"text-align: center;\"><span style=\"color: #ffcc00;\">OBRATI NAM SE! NA\u0160I STRU\u010cNJACI \u0106E TI POMO\u0106I U PRONALASKU PRAVOG RJE\u0160ENJA!<\/span><\/p>\r\n<p class=\"big\"><\/p>","protected":false},"excerpt":{"rendered":"<p>Investira\u0161? Gradi\u0161 skladi\u0161ta, su\u0161are, ula\u017ee\u0161 u obnovljive izvore energije Za tebe su savr\u0161eni investicijski krediti! Nudimo ti kredite s dugim rokovima otplate i mogu\u0107no\u0161\u0107u po\u010deka do 24 mjeseca. &nbsp; Ne [&hellip;]<\/p>","protected":false},"author":14,"featured_media":1782,"parent":42,"menu_order":0,"comment_status":"closed","ping_status":"closed","template":"page-template-4.php","meta":{"_acf_changed":false,"footnotes":""},"categories":[],"tags":[],"class_list":["post-672","page","type-page","status-publish","has-post-thumbnail","hentry"],"acf":[],"yoast_head":"<!-- This site is optimized with the Yoast SEO plugin v25.4 - https:\/\/yoast.com\/wordpress\/plugins\/seo\/ -->\n<title>Krediti za investicije - Slatinska Banka<\/title>\n<meta name=\"robots\" content=\"index, follow, max-snippet:-1, max-image-preview:large, max-video-preview:-1\" \/>\n<link rel=\"canonical\" href=\"https:\/\/www.slatinska-banka.hr\/en\/poljoprivreda\/krediti-i-financiranja\/krediti-za-investicije\/\" \/>\n<meta property=\"og:locale\" content=\"en_US\" \/>\n<meta property=\"og:type\" content=\"article\" \/>\n<meta property=\"og:title\" content=\"Krediti za investicije - Slatinska Banka\" \/>\n<meta property=\"og:description\" content=\"Investira\u0161? Gradi\u0161 skladi\u0161ta, su\u0161are, ula\u017ee\u0161 u obnovljive izvore energije Za tebe su savr\u0161eni investicijski krediti! Nudimo ti kredite s dugim rokovima otplate i mogu\u0107no\u0161\u0107u po\u010deka do 24 mjeseca. &nbsp; Ne [&hellip;]\" \/>\n<meta property=\"og:url\" content=\"https:\/\/www.slatinska-banka.hr\/en\/poljoprivreda\/krediti-i-financiranja\/krediti-za-investicije\/\" \/>\n<meta property=\"og:site_name\" content=\"Slatinska Banka\" \/>\n<meta property=\"article:publisher\" content=\"https:\/\/www.facebook.com\/slatinskabanka\/\" \/>\n<meta property=\"article:modified_time\" content=\"2023-04-06T10:11:31+00:00\" \/>\n<meta property=\"og:image\" content=\"https:\/\/www.slatinska-banka.hr\/wp-content\/uploads\/2019\/02\/electricity-energy-pollution-236060.jpg\" \/>\n\t<meta property=\"og:image:width\" content=\"1536\" \/>\n\t<meta property=\"og:image:height\" content=\"1920\" \/>\n\t<meta property=\"og:image:type\" content=\"image\/jpeg\" \/>\n<meta name=\"twitter:card\" content=\"summary_large_image\" \/>\n<meta name=\"twitter:label1\" content=\"Est. reading time\" \/>\n\t<meta name=\"twitter:data1\" content=\"1 minute\" \/>\n<script type=\"application\/ld+json\" class=\"yoast-schema-graph\">{\"@context\":\"https:\/\/schema.org\",\"@graph\":[{\"@type\":\"WebPage\",\"@id\":\"https:\/\/www.slatinska-banka.hr\/poljoprivreda\/krediti-i-financiranja\/krediti-za-investicije\/\",\"url\":\"https:\/\/www.slatinska-banka.hr\/poljoprivreda\/krediti-i-financiranja\/krediti-za-investicije\/\",\"name\":\"Krediti za investicije - Slatinska Banka\",\"isPartOf\":{\"@id\":\"https:\/\/www.slatinska-banka.hr\/#website\"},\"primaryImageOfPage\":{\"@id\":\"https:\/\/www.slatinska-banka.hr\/poljoprivreda\/krediti-i-financiranja\/krediti-za-investicije\/#primaryimage\"},\"image\":{\"@id\":\"https:\/\/www.slatinska-banka.hr\/poljoprivreda\/krediti-i-financiranja\/krediti-za-investicije\/#primaryimage\"},\"thumbnailUrl\":\"https:\/\/www.slatinska-banka.hr\/wp-content\/uploads\/2019\/02\/electricity-energy-pollution-236060.jpg\",\"datePublished\":\"2019-02-06T11:30:57+00:00\",\"dateModified\":\"2023-04-06T10:11:31+00:00\",\"breadcrumb\":{\"@id\":\"https:\/\/www.slatinska-banka.hr\/poljoprivreda\/krediti-i-financiranja\/krediti-za-investicije\/#breadcrumb\"},\"inLanguage\":\"en-US\",\"potentialAction\":[{\"@type\":\"ReadAction\",\"target\":[\"https:\/\/www.slatinska-banka.hr\/poljoprivreda\/krediti-i-financiranja\/krediti-za-investicije\/\"]}]},{\"@type\":\"ImageObject\",\"inLanguage\":\"en-US\",\"@id\":\"https:\/\/www.slatinska-banka.hr\/poljoprivreda\/krediti-i-financiranja\/krediti-za-investicije\/#primaryimage\",\"url\":\"https:\/\/www.slatinska-banka.hr\/wp-content\/uploads\/2019\/02\/electricity-energy-pollution-236060.jpg\",\"contentUrl\":\"https:\/\/www.slatinska-banka.hr\/wp-content\/uploads\/2019\/02\/electricity-energy-pollution-236060.jpg\",\"width\":1536,\"height\":1920},{\"@type\":\"BreadcrumbList\",\"@id\":\"https:\/\/www.slatinska-banka.hr\/poljoprivreda\/krediti-i-financiranja\/krediti-za-investicije\/#breadcrumb\",\"itemListElement\":[{\"@type\":\"ListItem\",\"position\":1,\"name\":\"Poljoprivreda\",\"item\":\"https:\/\/www.slatinska-banka.hr\/poljoprivreda\/\"},{\"@type\":\"ListItem\",\"position\":2,\"name\":\"Krediti i financiranja\",\"item\":\"https:\/\/www.slatinska-banka.hr\/poljoprivreda\/krediti-i-financiranja\/\"},{\"@type\":\"ListItem\",\"position\":3,\"name\":\"Krediti za investicije\"}]},{\"@type\":\"WebSite\",\"@id\":\"https:\/\/www.slatinska-banka.hr\/#website\",\"url\":\"https:\/\/www.slatinska-banka.hr\/\",\"name\":\"Slatinska Banka\",\"description\":\"Razlika je u pristupu\",\"publisher\":{\"@id\":\"https:\/\/www.slatinska-banka.hr\/#organization\"},\"potentialAction\":[{\"@type\":\"SearchAction\",\"target\":{\"@type\":\"EntryPoint\",\"urlTemplate\":\"https:\/\/www.slatinska-banka.hr\/?s={search_term_string}\"},\"query-input\":{\"@type\":\"PropertyValueSpecification\",\"valueRequired\":true,\"valueName\":\"search_term_string\"}}],\"inLanguage\":\"en-US\"},{\"@type\":\"Organization\",\"@id\":\"https:\/\/www.slatinska-banka.hr\/#organization\",\"name\":\"Slatinska banka d.d.\",\"url\":\"https:\/\/www.slatinska-banka.hr\/\",\"logo\":{\"@type\":\"ImageObject\",\"inLanguage\":\"en-US\",\"@id\":\"https:\/\/www.slatinska-banka.hr\/#\/schema\/logo\/image\/\",\"url\":\"https:\/\/www.slatinska-banka.hr\/wp-content\/uploads\/2019\/02\/logo_big.png\",\"contentUrl\":\"https:\/\/www.slatinska-banka.hr\/wp-content\/uploads\/2019\/02\/logo_big.png\",\"width\":302,\"height\":244,\"caption\":\"Slatinska banka d.d.\"},\"image\":{\"@id\":\"https:\/\/www.slatinska-banka.hr\/#\/schema\/logo\/image\/\"},\"sameAs\":[\"https:\/\/www.facebook.com\/slatinskabanka\/\",\"https:\/\/www.linkedin.com\/company\/slatinska-banka-dd\"]}]}<\/script>\n<!-- \/ Yoast SEO plugin. -->","yoast_head_json":{"title":"Krediti za investicije - Slatinska Banka","robots":{"index":"index","follow":"follow","max-snippet":"max-snippet:-1","max-image-preview":"max-image-preview:large","max-video-preview":"max-video-preview:-1"},"canonical":"https:\/\/www.slatinska-banka.hr\/en\/poljoprivreda\/krediti-i-financiranja\/krediti-za-investicije\/","og_locale":"en_US","og_type":"article","og_title":"Krediti za investicije - Slatinska Banka","og_description":"Investira\u0161? Gradi\u0161 skladi\u0161ta, su\u0161are, ula\u017ee\u0161 u obnovljive izvore energije Za tebe su savr\u0161eni investicijski krediti! Nudimo ti kredite s dugim rokovima otplate i mogu\u0107no\u0161\u0107u po\u010deka do 24 mjeseca. &nbsp; Ne [&hellip;]","og_url":"https:\/\/www.slatinska-banka.hr\/en\/poljoprivreda\/krediti-i-financiranja\/krediti-za-investicije\/","og_site_name":"Slatinska Banka","article_publisher":"https:\/\/www.facebook.com\/slatinskabanka\/","article_modified_time":"2023-04-06T10:11:31+00:00","og_image":[{"width":1536,"height":1920,"url":"https:\/\/www.slatinska-banka.hr\/wp-content\/uploads\/2019\/02\/electricity-energy-pollution-236060.jpg","type":"image\/jpeg"}],"twitter_card":"summary_large_image","twitter_misc":{"Est. reading time":"1 minute"},"schema":{"@context":"https:\/\/schema.org","@graph":[{"@type":"WebPage","@id":"https:\/\/www.slatinska-banka.hr\/poljoprivreda\/krediti-i-financiranja\/krediti-za-investicije\/","url":"https:\/\/www.slatinska-banka.hr\/poljoprivreda\/krediti-i-financiranja\/krediti-za-investicije\/","name":"Krediti za investicije - Slatinska Banka","isPartOf":{"@id":"https:\/\/www.slatinska-banka.hr\/#website"},"primaryImageOfPage":{"@id":"https:\/\/www.slatinska-banka.hr\/poljoprivreda\/krediti-i-financiranja\/krediti-za-investicije\/#primaryimage"},"image":{"@id":"https:\/\/www.slatinska-banka.hr\/poljoprivreda\/krediti-i-financiranja\/krediti-za-investicije\/#primaryimage"},"thumbnailUrl":"https:\/\/www.slatinska-banka.hr\/wp-content\/uploads\/2019\/02\/electricity-energy-pollution-236060.jpg","datePublished":"2019-02-06T11:30:57+00:00","dateModified":"2023-04-06T10:11:31+00:00","breadcrumb":{"@id":"https:\/\/www.slatinska-banka.hr\/poljoprivreda\/krediti-i-financiranja\/krediti-za-investicije\/#breadcrumb"},"inLanguage":"en-US","potentialAction":[{"@type":"ReadAction","target":["https:\/\/www.slatinska-banka.hr\/poljoprivreda\/krediti-i-financiranja\/krediti-za-investicije\/"]}]},{"@type":"ImageObject","inLanguage":"en-US","@id":"https:\/\/www.slatinska-banka.hr\/poljoprivreda\/krediti-i-financiranja\/krediti-za-investicije\/#primaryimage","url":"https:\/\/www.slatinska-banka.hr\/wp-content\/uploads\/2019\/02\/electricity-energy-pollution-236060.jpg","contentUrl":"https:\/\/www.slatinska-banka.hr\/wp-content\/uploads\/2019\/02\/electricity-energy-pollution-236060.jpg","width":1536,"height":1920},{"@type":"BreadcrumbList","@id":"https:\/\/www.slatinska-banka.hr\/poljoprivreda\/krediti-i-financiranja\/krediti-za-investicije\/#breadcrumb","itemListElement":[{"@type":"ListItem","position":1,"name":"Poljoprivreda","item":"https:\/\/www.slatinska-banka.hr\/poljoprivreda\/"},{"@type":"ListItem","position":2,"name":"Krediti i financiranja","item":"https:\/\/www.slatinska-banka.hr\/poljoprivreda\/krediti-i-financiranja\/"},{"@type":"ListItem","position":3,"name":"Krediti za investicije"}]},{"@type":"WebSite","@id":"https:\/\/www.slatinska-banka.hr\/#website","url":"https:\/\/www.slatinska-banka.hr\/","name":"Slatinska Banka","description":"Razlika je u pristupu","publisher":{"@id":"https:\/\/www.slatinska-banka.hr\/#organization"},"potentialAction":[{"@type":"SearchAction","target":{"@type":"EntryPoint","urlTemplate":"https:\/\/www.slatinska-banka.hr\/?s={search_term_string}"},"query-input":{"@type":"PropertyValueSpecification","valueRequired":true,"valueName":"search_term_string"}}],"inLanguage":"en-US"},{"@type":"Organization","@id":"https:\/\/www.slatinska-banka.hr\/#organization","name":"Slatinska banka d.d.","url":"https:\/\/www.slatinska-banka.hr\/","logo":{"@type":"ImageObject","inLanguage":"en-US","@id":"https:\/\/www.slatinska-banka.hr\/#\/schema\/logo\/image\/","url":"https:\/\/www.slatinska-banka.hr\/wp-content\/uploads\/2019\/02\/logo_big.png","contentUrl":"https:\/\/www.slatinska-banka.hr\/wp-content\/uploads\/2019\/02\/logo_big.png","width":302,"height":244,"caption":"Slatinska banka d.d."},"image":{"@id":"https:\/\/www.slatinska-banka.hr\/#\/schema\/logo\/image\/"},"sameAs":["https:\/\/www.facebook.com\/slatinskabanka\/","https:\/\/www.linkedin.com\/company\/slatinska-banka-dd"]}]}},"_links":{"self":[{"href":"https:\/\/www.slatinska-banka.hr\/en\/wp-json\/wp\/v2\/pages\/672","targetHints":{"allow":["GET"]}}],"collection":[{"href":"https:\/\/www.slatinska-banka.hr\/en\/wp-json\/wp\/v2\/pages"}],"about":[{"href":"https:\/\/www.slatinska-banka.hr\/en\/wp-json\/wp\/v2\/types\/page"}],"author":[{"embeddable":true,"href":"https:\/\/www.slatinska-banka.hr\/en\/wp-json\/wp\/v2\/users\/14"}],"replies":[{"embeddable":true,"href":"https:\/\/www.slatinska-banka.hr\/en\/wp-json\/wp\/v2\/comments?post=672"}],"version-history":[{"count":26,"href":"https:\/\/www.slatinska-banka.hr\/en\/wp-json\/wp\/v2\/pages\/672\/revisions"}],"predecessor-version":[{"id":480297,"href":"https:\/\/www.slatinska-banka.hr\/en\/wp-json\/wp\/v2\/pages\/672\/revisions\/480297"}],"up":[{"embeddable":true,"href":"https:\/\/www.slatinska-banka.hr\/en\/wp-json\/wp\/v2\/pages\/42"}],"wp:featuredmedia":[{"embeddable":true,"href":"https:\/\/www.slatinska-banka.hr\/en\/wp-json\/wp\/v2\/media\/1782"}],"wp:attachment":[{"href":"https:\/\/www.slatinska-banka.hr\/en\/wp-json\/wp\/v2\/media?parent=672"}],"wp:term":[{"taxonomy":"category","embeddable":true,"href":"https:\/\/www.slatinska-banka.hr\/en\/wp-json\/wp\/v2\/categories?post=672"},{"taxonomy":"post_tag","embeddable":true,"href":"https:\/\/www.slatinska-banka.hr\/en\/wp-json\/wp\/v2\/tags?post=672"}],"curies":[{"name":"wp","href":"https:\/\/api.w.org\/{rel}","templated":true}]}}