{"id":667,"date":"2019-02-06T12:22:53","date_gmt":"2019-02-06T11:22:53","guid":{"rendered":"http:\/\/www.slatinska-banka.hr\/?page_id=667"},"modified":"2024-01-11T15:26:24","modified_gmt":"2024-01-11T14:26:24","slug":"poslovno-planiranje","status":"publish","type":"page","link":"https:\/\/www.slatinska-banka.hr\/en\/poslovni-subjekti\/vas-savjetnik\/poslovno-planiranje\/","title":{"rendered":"Poslovno planiranje"},"content":{"rendered":"<p style=\"text-align: justify;\">Osnovni preduvjet za kvalitetno i u\u010dinkovito upravljanje poslovanjem jest pravovremeno <strong>planiranje<\/strong>. Ono postaje sve va\u017enije, a polazna to\u010dka planiranja jest odre\u0111ivanje ciljeva poslovanja.<\/p>\r\n<p style=\"text-align: justify;\">Izradi svoj poslovni plan jer njime dokazuje\u0161 da ti je poslovanje odr\u017eivo. Izradi ga prvenstveno za sebe, a potom ga predstavi kreditorima i investitorima.<\/p>\r\n<p style=\"text-align: justify;\">Najva\u017enije je izradi pristupiti realno, uzimaju\u0107i u obzir objektivno ostvarive prihode, sve mogu\u0107e tro\u0161kove i svakako pripremiti rje\u0161enja za potencijalne rizike.<\/p>\r\n<p style=\"text-align: justify;\">Kvalitetno planiranje poma\u017ee ti u pobolj\u0161anju izgleda za upravljanje, pravovremene reakcije na potencijalne probleme, u stvaranju u\u010dinkovitijiih operativnih procesa pa sve do stvaranja uvjeta za kontrolu i kvalitetnu analizu.<\/p>\r\n<div class=\"accordeon\">\r\n\r\n<h2><span class=\"naslov\">Smjernice za izradu poslovnog plana<\/span><\/h2><div><div class=\"page-body\">\n<p>Preporu\u010deni sadr\u017eaj poslovnog plana do 93.000,00 eura predra\u010dunske vrijednosti ulaganja<\/p>\n<p>&nbsp;<\/p>\n<p><strong>1. PODACI O PODUZETNIKU<\/strong><\/p>\n<p>1.1. O OSOBI PODUZETNIKA<br \/>\n1.2. PROCJENA PODUZETNI\u010cKE SPOSOBNOSTI<\/p>\n<p>&nbsp;<\/p>\n<p><strong>2. POLAZI\u0160TE<\/strong><\/p>\n<p>2.1. NASTANAK PODUZETNI\u010cKE IDEJE<br \/>\n2.2. RAZLOZI OSNIVANJA<br \/>\n2.3. VIZIJA I ZADA\u0106A PODUZETNI\u010cKOG POTHVATA<\/p>\n<p>&nbsp;<\/p>\n<p><strong>3. PREDMET POSLOVANJA (PROIZVODI ILI USLUGE)<\/strong><\/p>\n<p>&nbsp;<\/p>\n<p><strong>4. TR\u017dI\u0160NA OPRAVDANOST<\/strong><\/p>\n<p>4.1. TR\u017dI\u0160TE NABAVE<br \/>\n4.2. TR\u017dI\u0160TE PRODAJE<\/p>\n<p>&nbsp;<\/p>\n<p><strong>5. TEHNOLO\u0160KO-TEHNI\u010cKI ELEMENTI POTHVATA<\/strong><\/p>\n<p>5.1. OPIS TEHNOLOGIJE<br \/>\n5.2. STRUKTURA TRO\u0160KOVA<br \/>\n5.3. STRUKTURA I BROJ ZAPOSLENIH<\/p>\n<p>&nbsp;<\/p>\n<p><strong>6. LOKACIJA<\/strong><\/p>\n<p>&nbsp;<\/p>\n<p><strong>7. ZA\u0160TITA OKOLINE<\/strong><\/p>\n<p>&nbsp;<\/p>\n<p><strong>8. FINANCIJSKI ELEMENTI POTHVATA<\/strong><\/p>\n<p>8.1. INVESTICIJE U OSNOVNA SREDSTVA<br \/>\n8.2. PRORA\u010cUN AMORTIZACIJE<br \/>\n8.3. KALKULACIJA CIJENA<br \/>\n8.4. TRO\u0160KOVI POSLOVANJA<br \/>\n8.5. INVESTICIJE U OBRTNA SREDSTVA<br \/>\n8.6. IZVORI FINANCIRANJA<br \/>\n8.7. RA\u010cUN DOBITI (DOHOTKA)<br \/>\n8.8. POKAZATELJI U\u010cINKOVITOSTI<br \/>\n8.8.1. FINANCIJSKI TOK (PRIMICI I IZDACI)<\/p>\n<p>&nbsp;<\/p>\n<p>9. ZAKLJU\u010cAK<\/p>\n<\/div>\r\n\r\n<\/div>\r\n\r\n<\/div>","protected":false},"excerpt":{"rendered":"<p>Osnovni preduvjet za kvalitetno i u\u010dinkovito upravljanje poslovanjem jest pravovremeno planiranje. Ono postaje sve va\u017enije, a polazna to\u010dka planiranja jest odre\u0111ivanje ciljeva poslovanja. Izradi svoj poslovni plan jer njime dokazuje\u0161 [&hellip;]<\/p>","protected":false},"author":14,"featured_media":2331,"parent":38,"menu_order":0,"comment_status":"closed","ping_status":"closed","template":"page-template-4.php","meta":{"_acf_changed":false,"footnotes":""},"categories":[],"tags":[],"class_list":["post-667","page","type-page","status-publish","has-post-thumbnail","hentry"],"acf":[],"yoast_head":"<!-- This site is optimized with the Yoast SEO plugin v25.4 - https:\/\/yoast.com\/wordpress\/plugins\/seo\/ -->\n<title>Poslovno planiranje - Slatinska Banka<\/title>\n<meta name=\"robots\" content=\"index, follow, max-snippet:-1, max-image-preview:large, max-video-preview:-1\" \/>\n<link rel=\"canonical\" href=\"https:\/\/www.slatinska-banka.hr\/en\/poslovni-subjekti\/vas-savjetnik\/poslovno-planiranje\/\" \/>\n<meta property=\"og:locale\" content=\"en_US\" \/>\n<meta property=\"og:type\" content=\"article\" \/>\n<meta property=\"og:title\" content=\"Poslovno planiranje - Slatinska Banka\" \/>\n<meta property=\"og:description\" content=\"Osnovni preduvjet za kvalitetno i u\u010dinkovito upravljanje poslovanjem jest pravovremeno planiranje. Ono postaje sve va\u017enije, a polazna to\u010dka planiranja jest odre\u0111ivanje ciljeva poslovanja. Izradi svoj poslovni plan jer njime dokazuje\u0161 [&hellip;]\" \/>\n<meta property=\"og:url\" content=\"https:\/\/www.slatinska-banka.hr\/en\/poslovni-subjekti\/vas-savjetnik\/poslovno-planiranje\/\" \/>\n<meta property=\"og:site_name\" content=\"Slatinska Banka\" \/>\n<meta property=\"article:publisher\" content=\"https:\/\/www.facebook.com\/slatinskabanka\/\" \/>\n<meta property=\"article:modified_time\" content=\"2024-01-11T14:26:24+00:00\" \/>\n<meta property=\"og:image\" content=\"https:\/\/www.slatinska-banka.hr\/wp-content\/uploads\/2019\/03\/apple-macbook-air-notepad-7377.jpg\" \/>\n\t<meta property=\"og:image:width\" content=\"3000\" \/>\n\t<meta property=\"og:image:height\" content=\"2000\" \/>\n\t<meta property=\"og:image:type\" content=\"image\/jpeg\" \/>\n<meta name=\"twitter:card\" content=\"summary_large_image\" \/>\n<meta name=\"twitter:label1\" content=\"Est. reading time\" \/>\n\t<meta name=\"twitter:data1\" content=\"1 minute\" \/>\n<script type=\"application\/ld+json\" class=\"yoast-schema-graph\">{\"@context\":\"https:\/\/schema.org\",\"@graph\":[{\"@type\":\"WebPage\",\"@id\":\"https:\/\/www.slatinska-banka.hr\/poslovni-subjekti\/vas-savjetnik\/poslovno-planiranje\/\",\"url\":\"https:\/\/www.slatinska-banka.hr\/poslovni-subjekti\/vas-savjetnik\/poslovno-planiranje\/\",\"name\":\"Poslovno planiranje - Slatinska Banka\",\"isPartOf\":{\"@id\":\"https:\/\/www.slatinska-banka.hr\/#website\"},\"primaryImageOfPage\":{\"@id\":\"https:\/\/www.slatinska-banka.hr\/poslovni-subjekti\/vas-savjetnik\/poslovno-planiranje\/#primaryimage\"},\"image\":{\"@id\":\"https:\/\/www.slatinska-banka.hr\/poslovni-subjekti\/vas-savjetnik\/poslovno-planiranje\/#primaryimage\"},\"thumbnailUrl\":\"https:\/\/www.slatinska-banka.hr\/wp-content\/uploads\/2019\/03\/apple-macbook-air-notepad-7377.jpg\",\"datePublished\":\"2019-02-06T11:22:53+00:00\",\"dateModified\":\"2024-01-11T14:26:24+00:00\",\"breadcrumb\":{\"@id\":\"https:\/\/www.slatinska-banka.hr\/poslovni-subjekti\/vas-savjetnik\/poslovno-planiranje\/#breadcrumb\"},\"inLanguage\":\"en-US\",\"potentialAction\":[{\"@type\":\"ReadAction\",\"target\":[\"https:\/\/www.slatinska-banka.hr\/poslovni-subjekti\/vas-savjetnik\/poslovno-planiranje\/\"]}]},{\"@type\":\"ImageObject\",\"inLanguage\":\"en-US\",\"@id\":\"https:\/\/www.slatinska-banka.hr\/poslovni-subjekti\/vas-savjetnik\/poslovno-planiranje\/#primaryimage\",\"url\":\"https:\/\/www.slatinska-banka.hr\/wp-content\/uploads\/2019\/03\/apple-macbook-air-notepad-7377.jpg\",\"contentUrl\":\"https:\/\/www.slatinska-banka.hr\/wp-content\/uploads\/2019\/03\/apple-macbook-air-notepad-7377.jpg\",\"width\":3000,\"height\":2000},{\"@type\":\"BreadcrumbList\",\"@id\":\"https:\/\/www.slatinska-banka.hr\/poslovni-subjekti\/vas-savjetnik\/poslovno-planiranje\/#breadcrumb\",\"itemListElement\":[{\"@type\":\"ListItem\",\"position\":1,\"name\":\"Poslovni subjekti\",\"item\":\"https:\/\/www.slatinska-banka.hr\/poslovni-subjekti\/\"},{\"@type\":\"ListItem\",\"position\":2,\"name\":\"Poslovni savjeti\",\"item\":\"https:\/\/www.slatinska-banka.hr\/poslovni-subjekti\/vas-savjetnik\/\"},{\"@type\":\"ListItem\",\"position\":3,\"name\":\"Poslovno planiranje\"}]},{\"@type\":\"WebSite\",\"@id\":\"https:\/\/www.slatinska-banka.hr\/#website\",\"url\":\"https:\/\/www.slatinska-banka.hr\/\",\"name\":\"Slatinska Banka\",\"description\":\"Razlika je u pristupu\",\"publisher\":{\"@id\":\"https:\/\/www.slatinska-banka.hr\/#organization\"},\"potentialAction\":[{\"@type\":\"SearchAction\",\"target\":{\"@type\":\"EntryPoint\",\"urlTemplate\":\"https:\/\/www.slatinska-banka.hr\/?s={search_term_string}\"},\"query-input\":{\"@type\":\"PropertyValueSpecification\",\"valueRequired\":true,\"valueName\":\"search_term_string\"}}],\"inLanguage\":\"en-US\"},{\"@type\":\"Organization\",\"@id\":\"https:\/\/www.slatinska-banka.hr\/#organization\",\"name\":\"Slatinska banka d.d.\",\"url\":\"https:\/\/www.slatinska-banka.hr\/\",\"logo\":{\"@type\":\"ImageObject\",\"inLanguage\":\"en-US\",\"@id\":\"https:\/\/www.slatinska-banka.hr\/#\/schema\/logo\/image\/\",\"url\":\"https:\/\/www.slatinska-banka.hr\/wp-content\/uploads\/2019\/02\/logo_big.png\",\"contentUrl\":\"https:\/\/www.slatinska-banka.hr\/wp-content\/uploads\/2019\/02\/logo_big.png\",\"width\":302,\"height\":244,\"caption\":\"Slatinska banka d.d.\"},\"image\":{\"@id\":\"https:\/\/www.slatinska-banka.hr\/#\/schema\/logo\/image\/\"},\"sameAs\":[\"https:\/\/www.facebook.com\/slatinskabanka\/\",\"https:\/\/www.linkedin.com\/company\/slatinska-banka-dd\"]}]}<\/script>\n<!-- \/ Yoast SEO plugin. -->","yoast_head_json":{"title":"Poslovno planiranje - Slatinska Banka","robots":{"index":"index","follow":"follow","max-snippet":"max-snippet:-1","max-image-preview":"max-image-preview:large","max-video-preview":"max-video-preview:-1"},"canonical":"https:\/\/www.slatinska-banka.hr\/en\/poslovni-subjekti\/vas-savjetnik\/poslovno-planiranje\/","og_locale":"en_US","og_type":"article","og_title":"Poslovno planiranje - Slatinska Banka","og_description":"Osnovni preduvjet za kvalitetno i u\u010dinkovito upravljanje poslovanjem jest pravovremeno planiranje. Ono postaje sve va\u017enije, a polazna to\u010dka planiranja jest odre\u0111ivanje ciljeva poslovanja. Izradi svoj poslovni plan jer njime dokazuje\u0161 [&hellip;]","og_url":"https:\/\/www.slatinska-banka.hr\/en\/poslovni-subjekti\/vas-savjetnik\/poslovno-planiranje\/","og_site_name":"Slatinska Banka","article_publisher":"https:\/\/www.facebook.com\/slatinskabanka\/","article_modified_time":"2024-01-11T14:26:24+00:00","og_image":[{"width":3000,"height":2000,"url":"https:\/\/www.slatinska-banka.hr\/wp-content\/uploads\/2019\/03\/apple-macbook-air-notepad-7377.jpg","type":"image\/jpeg"}],"twitter_card":"summary_large_image","twitter_misc":{"Est. reading time":"1 minute"},"schema":{"@context":"https:\/\/schema.org","@graph":[{"@type":"WebPage","@id":"https:\/\/www.slatinska-banka.hr\/poslovni-subjekti\/vas-savjetnik\/poslovno-planiranje\/","url":"https:\/\/www.slatinska-banka.hr\/poslovni-subjekti\/vas-savjetnik\/poslovno-planiranje\/","name":"Poslovno planiranje - Slatinska Banka","isPartOf":{"@id":"https:\/\/www.slatinska-banka.hr\/#website"},"primaryImageOfPage":{"@id":"https:\/\/www.slatinska-banka.hr\/poslovni-subjekti\/vas-savjetnik\/poslovno-planiranje\/#primaryimage"},"image":{"@id":"https:\/\/www.slatinska-banka.hr\/poslovni-subjekti\/vas-savjetnik\/poslovno-planiranje\/#primaryimage"},"thumbnailUrl":"https:\/\/www.slatinska-banka.hr\/wp-content\/uploads\/2019\/03\/apple-macbook-air-notepad-7377.jpg","datePublished":"2019-02-06T11:22:53+00:00","dateModified":"2024-01-11T14:26:24+00:00","breadcrumb":{"@id":"https:\/\/www.slatinska-banka.hr\/poslovni-subjekti\/vas-savjetnik\/poslovno-planiranje\/#breadcrumb"},"inLanguage":"en-US","potentialAction":[{"@type":"ReadAction","target":["https:\/\/www.slatinska-banka.hr\/poslovni-subjekti\/vas-savjetnik\/poslovno-planiranje\/"]}]},{"@type":"ImageObject","inLanguage":"en-US","@id":"https:\/\/www.slatinska-banka.hr\/poslovni-subjekti\/vas-savjetnik\/poslovno-planiranje\/#primaryimage","url":"https:\/\/www.slatinska-banka.hr\/wp-content\/uploads\/2019\/03\/apple-macbook-air-notepad-7377.jpg","contentUrl":"https:\/\/www.slatinska-banka.hr\/wp-content\/uploads\/2019\/03\/apple-macbook-air-notepad-7377.jpg","width":3000,"height":2000},{"@type":"BreadcrumbList","@id":"https:\/\/www.slatinska-banka.hr\/poslovni-subjekti\/vas-savjetnik\/poslovno-planiranje\/#breadcrumb","itemListElement":[{"@type":"ListItem","position":1,"name":"Poslovni subjekti","item":"https:\/\/www.slatinska-banka.hr\/poslovni-subjekti\/"},{"@type":"ListItem","position":2,"name":"Poslovni savjeti","item":"https:\/\/www.slatinska-banka.hr\/poslovni-subjekti\/vas-savjetnik\/"},{"@type":"ListItem","position":3,"name":"Poslovno planiranje"}]},{"@type":"WebSite","@id":"https:\/\/www.slatinska-banka.hr\/#website","url":"https:\/\/www.slatinska-banka.hr\/","name":"Slatinska Banka","description":"Razlika je u pristupu","publisher":{"@id":"https:\/\/www.slatinska-banka.hr\/#organization"},"potentialAction":[{"@type":"SearchAction","target":{"@type":"EntryPoint","urlTemplate":"https:\/\/www.slatinska-banka.hr\/?s={search_term_string}"},"query-input":{"@type":"PropertyValueSpecification","valueRequired":true,"valueName":"search_term_string"}}],"inLanguage":"en-US"},{"@type":"Organization","@id":"https:\/\/www.slatinska-banka.hr\/#organization","name":"Slatinska banka d.d.","url":"https:\/\/www.slatinska-banka.hr\/","logo":{"@type":"ImageObject","inLanguage":"en-US","@id":"https:\/\/www.slatinska-banka.hr\/#\/schema\/logo\/image\/","url":"https:\/\/www.slatinska-banka.hr\/wp-content\/uploads\/2019\/02\/logo_big.png","contentUrl":"https:\/\/www.slatinska-banka.hr\/wp-content\/uploads\/2019\/02\/logo_big.png","width":302,"height":244,"caption":"Slatinska banka d.d."},"image":{"@id":"https:\/\/www.slatinska-banka.hr\/#\/schema\/logo\/image\/"},"sameAs":["https:\/\/www.facebook.com\/slatinskabanka\/","https:\/\/www.linkedin.com\/company\/slatinska-banka-dd"]}]}},"_links":{"self":[{"href":"https:\/\/www.slatinska-banka.hr\/en\/wp-json\/wp\/v2\/pages\/667","targetHints":{"allow":["GET"]}}],"collection":[{"href":"https:\/\/www.slatinska-banka.hr\/en\/wp-json\/wp\/v2\/pages"}],"about":[{"href":"https:\/\/www.slatinska-banka.hr\/en\/wp-json\/wp\/v2\/types\/page"}],"author":[{"embeddable":true,"href":"https:\/\/www.slatinska-banka.hr\/en\/wp-json\/wp\/v2\/users\/14"}],"replies":[{"embeddable":true,"href":"https:\/\/www.slatinska-banka.hr\/en\/wp-json\/wp\/v2\/comments?post=667"}],"version-history":[{"count":12,"href":"https:\/\/www.slatinska-banka.hr\/en\/wp-json\/wp\/v2\/pages\/667\/revisions"}],"predecessor-version":[{"id":841431,"href":"https:\/\/www.slatinska-banka.hr\/en\/wp-json\/wp\/v2\/pages\/667\/revisions\/841431"}],"up":[{"embeddable":true,"href":"https:\/\/www.slatinska-banka.hr\/en\/wp-json\/wp\/v2\/pages\/38"}],"wp:featuredmedia":[{"embeddable":true,"href":"https:\/\/www.slatinska-banka.hr\/en\/wp-json\/wp\/v2\/media\/2331"}],"wp:attachment":[{"href":"https:\/\/www.slatinska-banka.hr\/en\/wp-json\/wp\/v2\/media?parent=667"}],"wp:term":[{"taxonomy":"category","embeddable":true,"href":"https:\/\/www.slatinska-banka.hr\/en\/wp-json\/wp\/v2\/categories?post=667"},{"taxonomy":"post_tag","embeddable":true,"href":"https:\/\/www.slatinska-banka.hr\/en\/wp-json\/wp\/v2\/tags?post=667"}],"curies":[{"name":"wp","href":"https:\/\/api.w.org\/{rel}","templated":true}]}}