{"id":658,"date":"2024-10-23T09:00:09","date_gmt":"2024-10-23T07:00:09","guid":{"rendered":"http:\/\/www.slatinska-banka.hr\/?page_id=658"},"modified":"2024-10-23T09:36:00","modified_gmt":"2024-10-23T07:36:00","slug":"hamag","status":"publish","type":"page","link":"https:\/\/www.slatinska-banka.hr\/en\/poslovni-subjekti\/financiranje\/posebni-oblici-financiranja\/hamag\/","title":{"rendered":"HAMAG-BICRO"},"content":{"rendered":"<h4 style=\"padding-left: 40px;\">\ud83d\udcbcSlatinska Banka i HAMAG-BICRO potpisali sporazum o suradnji koji omogu\u0107uje povoljnije financiranje poduzetnika kroz Nacionalni jamstveni program &#8220;PLUS&#8221; \ud83d\udce2<\/h4>\r\n<p style=\"padding-left: 40px;\">Mali i srednji poduzetnici sada imaju priliku ostvariti povoljnije financiranje za svoje investicije, obrtna sredstva ili refinanciranje. \ud83c\udfe2<\/p>\r\n<p style=\"padding-left: 40px;\">\u2705 Jamstva do 2 milijuna eura za investicijske kredite (pokri\u0107e do 80% glavnice)<\/p>\r\n<p style=\"padding-left: 40px;\">\u2705 Subvencije kamatnih stopa iz NPOO-a do 50%<\/p>\r\n<p style=\"padding-left: 40px;\">\u2705 Podr\u0161ka projektima zelene tranzicije i digitalizacije<\/p>\r\n<p style=\"padding-left: 40px;\">\u2705 Povoljniji uvjeti za refinanciranje postoje\u0107ih kredita<\/p>\r\n<p style=\"padding-left: 40px;\">\ud83d\udcbc Potpisivanjem sporazuma potvr\u0111ujemo svoju predanost ja\u010danju doma\u0107eg gospodarstva kroz podr\u0161ku malim i srednjim poduzetnicima.<\/p>\r\n<div class=\"accordeon\">\r\n\r\n<h2><span class=\"naslov\">Kome je namijenjen<\/span><\/h2><div><p>Mali i srednji poduzetnici<\/p>\n<\/div>\r\n\r\n<h2><span class=\"naslov\">Vi\u0161e informacija<\/span><\/h2><div><p>Detaljnije informacije pogledaj na <a href=\"https:\/\/hamagbicro.hr\/financijski-instrumenti\/kako-do-jamstva\/msp\/nacionalna-jamstva\/plus\/\">HAMAG-BICRO<\/a><\/p>\n<\/div>\r\n\r\n<\/div>\r\n\r\n&nbsp;\r\n\r\n&nbsp;\r\n<h4>Za vi\u0161e informacija po\u0161aljite upit na <strong>sg@slatinska-banka.hr<\/strong> ili ispunite kontakt formu te \u0107e vas kontaktirati na\u0161i financijski stru\u010dnjaci.<\/h4>","protected":false},"excerpt":{"rendered":"<p>\ud83d\udcbcSlatinska Banka i HAMAG-BICRO potpisali sporazum o suradnji koji omogu\u0107uje povoljnije financiranje poduzetnika kroz Nacionalni jamstveni program &#8220;PLUS&#8221; \ud83d\udce2 Mali i srednji poduzetnici sada imaju priliku ostvariti povoljnije financiranje za [&hellip;]<\/p>","protected":false},"author":14,"featured_media":2277,"parent":652,"menu_order":0,"comment_status":"closed","ping_status":"closed","template":"page-template-3.php","meta":{"_acf_changed":false,"footnotes":""},"categories":[3],"tags":[],"class_list":["post-658","page","type-page","status-publish","has-post-thumbnail","hentry","category-izdvojeno-na-naslovnici"],"acf":[],"yoast_head":"<!-- This site is optimized with the Yoast SEO plugin v25.4 - https:\/\/yoast.com\/wordpress\/plugins\/seo\/ -->\n<title>HAMAG-BICRO - Slatinska Banka<\/title>\n<meta name=\"robots\" content=\"index, follow, max-snippet:-1, max-image-preview:large, max-video-preview:-1\" \/>\n<link rel=\"canonical\" href=\"https:\/\/www.slatinska-banka.hr\/en\/poslovni-subjekti\/financiranje\/posebni-oblici-financiranja\/hamag\/\" \/>\n<meta property=\"og:locale\" content=\"en_US\" \/>\n<meta property=\"og:type\" content=\"article\" \/>\n<meta property=\"og:title\" content=\"HAMAG-BICRO - Slatinska Banka\" \/>\n<meta property=\"og:description\" content=\"\ud83d\udcbcSlatinska Banka i HAMAG-BICRO potpisali sporazum o suradnji koji omogu\u0107uje povoljnije financiranje poduzetnika kroz Nacionalni jamstveni program &#8220;PLUS&#8221; \ud83d\udce2 Mali i srednji poduzetnici sada imaju priliku ostvariti povoljnije financiranje za [&hellip;]\" \/>\n<meta property=\"og:url\" content=\"https:\/\/www.slatinska-banka.hr\/en\/poslovni-subjekti\/financiranje\/posebni-oblici-financiranja\/hamag\/\" \/>\n<meta property=\"og:site_name\" content=\"Slatinska Banka\" \/>\n<meta property=\"article:publisher\" content=\"https:\/\/www.facebook.com\/slatinskabanka\/\" \/>\n<meta property=\"article:modified_time\" content=\"2024-10-23T07:36:00+00:00\" \/>\n<meta property=\"og:image\" content=\"https:\/\/www.slatinska-banka.hr\/wp-content\/uploads\/2019\/03\/HAMAG-LOGO-WEB.jpg\" \/>\n\t<meta property=\"og:image:width\" content=\"290\" \/>\n\t<meta property=\"og:image:height\" content=\"296\" \/>\n\t<meta property=\"og:image:type\" content=\"image\/jpeg\" \/>\n<meta name=\"twitter:card\" content=\"summary_large_image\" \/>\n<meta name=\"twitter:label1\" content=\"Est. reading time\" \/>\n\t<meta name=\"twitter:data1\" content=\"1 minute\" \/>\n<script type=\"application\/ld+json\" class=\"yoast-schema-graph\">{\"@context\":\"https:\/\/schema.org\",\"@graph\":[{\"@type\":\"WebPage\",\"@id\":\"https:\/\/www.slatinska-banka.hr\/poslovni-subjekti\/financiranje\/posebni-oblici-financiranja\/hamag\/\",\"url\":\"https:\/\/www.slatinska-banka.hr\/poslovni-subjekti\/financiranje\/posebni-oblici-financiranja\/hamag\/\",\"name\":\"HAMAG-BICRO - Slatinska Banka\",\"isPartOf\":{\"@id\":\"https:\/\/www.slatinska-banka.hr\/#website\"},\"primaryImageOfPage\":{\"@id\":\"https:\/\/www.slatinska-banka.hr\/poslovni-subjekti\/financiranje\/posebni-oblici-financiranja\/hamag\/#primaryimage\"},\"image\":{\"@id\":\"https:\/\/www.slatinska-banka.hr\/poslovni-subjekti\/financiranje\/posebni-oblici-financiranja\/hamag\/#primaryimage\"},\"thumbnailUrl\":\"https:\/\/www.slatinska-banka.hr\/wp-content\/uploads\/2019\/03\/HAMAG-LOGO-WEB.jpg\",\"datePublished\":\"2024-10-23T07:00:09+00:00\",\"dateModified\":\"2024-10-23T07:36:00+00:00\",\"breadcrumb\":{\"@id\":\"https:\/\/www.slatinska-banka.hr\/poslovni-subjekti\/financiranje\/posebni-oblici-financiranja\/hamag\/#breadcrumb\"},\"inLanguage\":\"en-US\",\"potentialAction\":[{\"@type\":\"ReadAction\",\"target\":[\"https:\/\/www.slatinska-banka.hr\/poslovni-subjekti\/financiranje\/posebni-oblici-financiranja\/hamag\/\"]}]},{\"@type\":\"ImageObject\",\"inLanguage\":\"en-US\",\"@id\":\"https:\/\/www.slatinska-banka.hr\/poslovni-subjekti\/financiranje\/posebni-oblici-financiranja\/hamag\/#primaryimage\",\"url\":\"https:\/\/www.slatinska-banka.hr\/wp-content\/uploads\/2019\/03\/HAMAG-LOGO-WEB.jpg\",\"contentUrl\":\"https:\/\/www.slatinska-banka.hr\/wp-content\/uploads\/2019\/03\/HAMAG-LOGO-WEB.jpg\",\"width\":290,\"height\":296},{\"@type\":\"BreadcrumbList\",\"@id\":\"https:\/\/www.slatinska-banka.hr\/poslovni-subjekti\/financiranje\/posebni-oblici-financiranja\/hamag\/#breadcrumb\",\"itemListElement\":[{\"@type\":\"ListItem\",\"position\":1,\"name\":\"Poslovni subjekti\",\"item\":\"https:\/\/www.slatinska-banka.hr\/poslovni-subjekti\/\"},{\"@type\":\"ListItem\",\"position\":2,\"name\":\"Financiranje\",\"item\":\"https:\/\/www.slatinska-banka.hr\/poslovni-subjekti\/financiranje\/\"},{\"@type\":\"ListItem\",\"position\":3,\"name\":\"Posebni oblici financiranja\",\"item\":\"https:\/\/www.slatinska-banka.hr\/poslovni-subjekti\/financiranje\/posebni-oblici-financiranja\/\"},{\"@type\":\"ListItem\",\"position\":4,\"name\":\"HAMAG-BICRO\"}]},{\"@type\":\"WebSite\",\"@id\":\"https:\/\/www.slatinska-banka.hr\/#website\",\"url\":\"https:\/\/www.slatinska-banka.hr\/\",\"name\":\"Slatinska Banka\",\"description\":\"Razlika je u pristupu\",\"publisher\":{\"@id\":\"https:\/\/www.slatinska-banka.hr\/#organization\"},\"potentialAction\":[{\"@type\":\"SearchAction\",\"target\":{\"@type\":\"EntryPoint\",\"urlTemplate\":\"https:\/\/www.slatinska-banka.hr\/?s={search_term_string}\"},\"query-input\":{\"@type\":\"PropertyValueSpecification\",\"valueRequired\":true,\"valueName\":\"search_term_string\"}}],\"inLanguage\":\"en-US\"},{\"@type\":\"Organization\",\"@id\":\"https:\/\/www.slatinska-banka.hr\/#organization\",\"name\":\"Slatinska banka d.d.\",\"url\":\"https:\/\/www.slatinska-banka.hr\/\",\"logo\":{\"@type\":\"ImageObject\",\"inLanguage\":\"en-US\",\"@id\":\"https:\/\/www.slatinska-banka.hr\/#\/schema\/logo\/image\/\",\"url\":\"https:\/\/www.slatinska-banka.hr\/wp-content\/uploads\/2019\/02\/logo_big.png\",\"contentUrl\":\"https:\/\/www.slatinska-banka.hr\/wp-content\/uploads\/2019\/02\/logo_big.png\",\"width\":302,\"height\":244,\"caption\":\"Slatinska banka d.d.\"},\"image\":{\"@id\":\"https:\/\/www.slatinska-banka.hr\/#\/schema\/logo\/image\/\"},\"sameAs\":[\"https:\/\/www.facebook.com\/slatinskabanka\/\",\"https:\/\/www.linkedin.com\/company\/slatinska-banka-dd\"]}]}<\/script>\n<!-- \/ Yoast SEO plugin. -->","yoast_head_json":{"title":"HAMAG-BICRO - Slatinska Banka","robots":{"index":"index","follow":"follow","max-snippet":"max-snippet:-1","max-image-preview":"max-image-preview:large","max-video-preview":"max-video-preview:-1"},"canonical":"https:\/\/www.slatinska-banka.hr\/en\/poslovni-subjekti\/financiranje\/posebni-oblici-financiranja\/hamag\/","og_locale":"en_US","og_type":"article","og_title":"HAMAG-BICRO - Slatinska Banka","og_description":"\ud83d\udcbcSlatinska Banka i HAMAG-BICRO potpisali sporazum o suradnji koji omogu\u0107uje povoljnije financiranje poduzetnika kroz Nacionalni jamstveni program &#8220;PLUS&#8221; \ud83d\udce2 Mali i srednji poduzetnici sada imaju priliku ostvariti povoljnije financiranje za [&hellip;]","og_url":"https:\/\/www.slatinska-banka.hr\/en\/poslovni-subjekti\/financiranje\/posebni-oblici-financiranja\/hamag\/","og_site_name":"Slatinska Banka","article_publisher":"https:\/\/www.facebook.com\/slatinskabanka\/","article_modified_time":"2024-10-23T07:36:00+00:00","og_image":[{"width":290,"height":296,"url":"https:\/\/www.slatinska-banka.hr\/wp-content\/uploads\/2019\/03\/HAMAG-LOGO-WEB.jpg","type":"image\/jpeg"}],"twitter_card":"summary_large_image","twitter_misc":{"Est. reading time":"1 minute"},"schema":{"@context":"https:\/\/schema.org","@graph":[{"@type":"WebPage","@id":"https:\/\/www.slatinska-banka.hr\/poslovni-subjekti\/financiranje\/posebni-oblici-financiranja\/hamag\/","url":"https:\/\/www.slatinska-banka.hr\/poslovni-subjekti\/financiranje\/posebni-oblici-financiranja\/hamag\/","name":"HAMAG-BICRO - Slatinska Banka","isPartOf":{"@id":"https:\/\/www.slatinska-banka.hr\/#website"},"primaryImageOfPage":{"@id":"https:\/\/www.slatinska-banka.hr\/poslovni-subjekti\/financiranje\/posebni-oblici-financiranja\/hamag\/#primaryimage"},"image":{"@id":"https:\/\/www.slatinska-banka.hr\/poslovni-subjekti\/financiranje\/posebni-oblici-financiranja\/hamag\/#primaryimage"},"thumbnailUrl":"https:\/\/www.slatinska-banka.hr\/wp-content\/uploads\/2019\/03\/HAMAG-LOGO-WEB.jpg","datePublished":"2024-10-23T07:00:09+00:00","dateModified":"2024-10-23T07:36:00+00:00","breadcrumb":{"@id":"https:\/\/www.slatinska-banka.hr\/poslovni-subjekti\/financiranje\/posebni-oblici-financiranja\/hamag\/#breadcrumb"},"inLanguage":"en-US","potentialAction":[{"@type":"ReadAction","target":["https:\/\/www.slatinska-banka.hr\/poslovni-subjekti\/financiranje\/posebni-oblici-financiranja\/hamag\/"]}]},{"@type":"ImageObject","inLanguage":"en-US","@id":"https:\/\/www.slatinska-banka.hr\/poslovni-subjekti\/financiranje\/posebni-oblici-financiranja\/hamag\/#primaryimage","url":"https:\/\/www.slatinska-banka.hr\/wp-content\/uploads\/2019\/03\/HAMAG-LOGO-WEB.jpg","contentUrl":"https:\/\/www.slatinska-banka.hr\/wp-content\/uploads\/2019\/03\/HAMAG-LOGO-WEB.jpg","width":290,"height":296},{"@type":"BreadcrumbList","@id":"https:\/\/www.slatinska-banka.hr\/poslovni-subjekti\/financiranje\/posebni-oblici-financiranja\/hamag\/#breadcrumb","itemListElement":[{"@type":"ListItem","position":1,"name":"Poslovni subjekti","item":"https:\/\/www.slatinska-banka.hr\/poslovni-subjekti\/"},{"@type":"ListItem","position":2,"name":"Financiranje","item":"https:\/\/www.slatinska-banka.hr\/poslovni-subjekti\/financiranje\/"},{"@type":"ListItem","position":3,"name":"Posebni oblici financiranja","item":"https:\/\/www.slatinska-banka.hr\/poslovni-subjekti\/financiranje\/posebni-oblici-financiranja\/"},{"@type":"ListItem","position":4,"name":"HAMAG-BICRO"}]},{"@type":"WebSite","@id":"https:\/\/www.slatinska-banka.hr\/#website","url":"https:\/\/www.slatinska-banka.hr\/","name":"Slatinska Banka","description":"Razlika je u pristupu","publisher":{"@id":"https:\/\/www.slatinska-banka.hr\/#organization"},"potentialAction":[{"@type":"SearchAction","target":{"@type":"EntryPoint","urlTemplate":"https:\/\/www.slatinska-banka.hr\/?s={search_term_string}"},"query-input":{"@type":"PropertyValueSpecification","valueRequired":true,"valueName":"search_term_string"}}],"inLanguage":"en-US"},{"@type":"Organization","@id":"https:\/\/www.slatinska-banka.hr\/#organization","name":"Slatinska banka d.d.","url":"https:\/\/www.slatinska-banka.hr\/","logo":{"@type":"ImageObject","inLanguage":"en-US","@id":"https:\/\/www.slatinska-banka.hr\/#\/schema\/logo\/image\/","url":"https:\/\/www.slatinska-banka.hr\/wp-content\/uploads\/2019\/02\/logo_big.png","contentUrl":"https:\/\/www.slatinska-banka.hr\/wp-content\/uploads\/2019\/02\/logo_big.png","width":302,"height":244,"caption":"Slatinska banka d.d."},"image":{"@id":"https:\/\/www.slatinska-banka.hr\/#\/schema\/logo\/image\/"},"sameAs":["https:\/\/www.facebook.com\/slatinskabanka\/","https:\/\/www.linkedin.com\/company\/slatinska-banka-dd"]}]}},"_links":{"self":[{"href":"https:\/\/www.slatinska-banka.hr\/en\/wp-json\/wp\/v2\/pages\/658","targetHints":{"allow":["GET"]}}],"collection":[{"href":"https:\/\/www.slatinska-banka.hr\/en\/wp-json\/wp\/v2\/pages"}],"about":[{"href":"https:\/\/www.slatinska-banka.hr\/en\/wp-json\/wp\/v2\/types\/page"}],"author":[{"embeddable":true,"href":"https:\/\/www.slatinska-banka.hr\/en\/wp-json\/wp\/v2\/users\/14"}],"replies":[{"embeddable":true,"href":"https:\/\/www.slatinska-banka.hr\/en\/wp-json\/wp\/v2\/comments?post=658"}],"version-history":[{"count":25,"href":"https:\/\/www.slatinska-banka.hr\/en\/wp-json\/wp\/v2\/pages\/658\/revisions"}],"predecessor-version":[{"id":2153846,"href":"https:\/\/www.slatinska-banka.hr\/en\/wp-json\/wp\/v2\/pages\/658\/revisions\/2153846"}],"up":[{"embeddable":true,"href":"https:\/\/www.slatinska-banka.hr\/en\/wp-json\/wp\/v2\/pages\/652"}],"wp:featuredmedia":[{"embeddable":true,"href":"https:\/\/www.slatinska-banka.hr\/en\/wp-json\/wp\/v2\/media\/2277"}],"wp:attachment":[{"href":"https:\/\/www.slatinska-banka.hr\/en\/wp-json\/wp\/v2\/media?parent=658"}],"wp:term":[{"taxonomy":"category","embeddable":true,"href":"https:\/\/www.slatinska-banka.hr\/en\/wp-json\/wp\/v2\/categories?post=658"},{"taxonomy":"post_tag","embeddable":true,"href":"https:\/\/www.slatinska-banka.hr\/en\/wp-json\/wp\/v2\/tags?post=658"}],"curies":[{"name":"wp","href":"https:\/\/api.w.org\/{rel}","templated":true}]}}