{"id":654,"date":"2019-02-06T11:22:25","date_gmt":"2019-02-06T10:22:25","guid":{"rendered":"http:\/\/www.slatinska-banka.hr\/?page_id=654"},"modified":"2023-01-19T12:22:41","modified_gmt":"2023-01-19T11:22:41","slug":"hbor","status":"publish","type":"page","link":"https:\/\/www.slatinska-banka.hr\/en\/poslovni-subjekti\/financiranje\/posebni-oblici-financiranja\/hbor\/","title":{"rendered":"HBOR"},"content":{"rendered":"<p class=\"intro\">Sura\u0111ujemo s Hrvatskom bankom za obnovu i razvitak na sljede\u0107im kreditnim programima, samostalno ili po modelu podjele rizika<\/p>\r\n&nbsp;\r\n\r\n<div class=\"accordeon\">\r\n\r\n<h2><span class=\"naslov\">NPOO- INVESTICIJE POSEBNIH SEGMENATA MSP-ova<\/span><\/h2><div><p><img decoding=\"async\" src=\"https:\/\/www.slatinska-banka.hr\/wp-admin\/admin-ajax.php?action=imgedit-preview&amp;_ajax_nonce=8b11cf3550&amp;postid=299936&amp;rand=85340\" \/><\/p>\n<p>Za ulaganje u projekte zelene ili digitalne tranzicije kamatna stopa za korisnika kredita mo\u017ee biti umanjena do 75 posto; za ulaganja na posebna podru\u010dja RH, uklju\u010duju\u0107i i ulaganja javnog sektora u oporavak od potresa, te ulaganja u RDI projekte do 65 posto, a za ostala ulaganja kojima se pove\u0107ava konkurentnost i otpornost do 50 posto.<\/p>\n<p>KORISNICI KREDITA<\/p>\n<p>Mikro, mali i srednji poslovni subjekti privatnog sektora \u2013 trgova\u010dka dru\u0161tva, obrtnici, fizi\u010dke osobe koje samostalno obavljaju djelatnost, obiteljska poljoprivredna gospodarstva (OPG) u sustavu PDV-a, zadruge i ustanove, koji zadovoljavaju najmanje jedan od sljede\u0107ih uvjeta**:<\/p>\n<ul>\n<li>poduzetnici po\u010detnici,<\/li>\n<li>mladi poduzetnici,<\/li>\n<li>\u017eene u poduzetni\u0161tvu,<\/li>\n<li>poduzetnici koji ula\u017eu na posebna podru\u010dja RH (potpomognuta podru\u010dja, brdsko-planinska podru\u010dja, otoke),<\/li>\n<li>poduzetnici koji ula\u017eu u komercijalizaciju projekata temeljenih na istra\u017eivanjima, razvoju i inovacijama (RDI).<\/li>\n<\/ul>\n<p>Subjekti koji pripadaju kategoriji dru\u0161tava u pote\u0161ko\u0107ama ne mogu biti korisnici kredita.<\/p>\n<p>Korisnik kredita, najkasnije prije isplate kredita, mora imati poslovni nastan u Republici Hrvatskoj.<\/p>\n<p>NAMJENA<\/p>\n<p>Sredstva NPOO-a namijenjena su za financiranje ulaganja na podru\u010dju Republike Hrvatske u:<\/p>\n<ul>\n<li>zelenu tranziciju i\/ili<\/li>\n<li>digitalnu tranziciju i\/ili<\/li>\n<li>ja\u010danje konkurentnosti i otpornosti.<\/li>\n<\/ul>\n<p>Kredit je mogu\u0107e odobriti za:<\/p>\n<ul>\n<li>ulaganja u osnovna sredstva (materijalnu i nematerijalnu imovinu) s ciljem pokretanja poslovanja, modernizacije poslovanja, uvo\u0111enja novih tehnologija, pove\u0107anja kapaciteta (uklju\u010duju\u0107i i turisti\u010dke), razvoja i uvo\u0111enja novih proizvoda ili usluga, digitalizacije poslovanja, ulaganje u ekolo\u0161ki prihvatljive proizvodne procese i u\u010dinkovitost resursa, istra\u017eivanje i razvoj i sl.<\/li>\n<\/ul>\n<p>Razdoblje provedbe Programa (krajnji rok za potpisivanje ugovora o kreditu) je do iskori\u0161tenja raspolo\u017eivih sredstava NPOO-a, a najkasnije do 30.6.2026.<\/p>\n<\/div>\r\n\r\n<h2><span class=\"naslov\">PODUZETNI\u0160TVO MLADIH, \u017dENA I PO\u010cETNIKA<\/span><\/h2><div><p>MLADE PODUZETNIKE<\/p>\n<ul>\n<li>poslovni subjekti u kojima najmanje jedna ili vi\u0161e osoba u dobnoj skupini\u00a0<strong>do navr\u0161enih 40 godina \u017eivota<\/strong> u trenutku podno\u0161enja zahtjeva za kredit zajedno posjeduju vi\u0161e od 50 % vlasni\u0161tva.<\/li>\n<\/ul>\n<p>\u017dENE U PODUZETNI\u0160TVU<\/p>\n<ul>\n<li>poslovni subjekti u kojima najmanje<strong>\u00a0jedna ili vi\u0161e \u017eena zajedno posjeduju vi\u0161e od 50 % vlasni\u0161tva i kojima ujedno upravlja \u017eena<\/strong>. Kod poduze\u0107a koje nije mikro ili malo, \u017eena ili \u017eene zajedno mogu imati i manje od 50 % vlasni\u0161tva uz uvjet da je najmanje jedna \u017eena na nekoj od klju\u010dnih upravlja\u010dkih pozicija vezanoj uz financije i\/ili operativne poslove i\/ili strategiju.<\/li>\n<\/ul>\n<p>PODUZETNIKE PO\u010cETNIKE<\/p>\n<ul>\n<li>poduzetnici koji po\u00a0<strong>prvi put osnivaju poslovni subjekt<\/strong>\u00a0ili poslovni subjekti mikro, malog i srednjeg poduzetni\u0161tva koji\u00a0<strong>posluju kra\u0107e od 3 godine<\/strong>\u00a0u trenutku podno\u0161enja zahtjeva za kredit. Poduzetnici po\u010detnici nisu ranije bili niti su trenutno vlasnici ili suvlasnici drugog poslovnog subjekta s udjelom ve\u0107im od 30 %.<\/li>\n<\/ul>\n<\/div>\r\n\r\n<h2><span class=\"naslov\">INVESTICIJE PRIVATNOG SEKTORA<\/span><\/h2><div><p>KORISNICI KREDITA<\/p>\n<p>Poslovni subjekti privatnog sektora \u2013 trgova\u010dka dru\u0161tva, obrtnici, fizi\u010dke osobe koje samostalno obavljaju djelatnost, obiteljska poljoprivredna gospodarstva (OPG), zadruge i ustanove.<\/p>\n<p>Za namjenu oporavka od posljedica potresa i poticanja gospodarskog razvitka Sisa\u010dko-moslava\u010dke \u017eupanije \u2013 poslovni subjekti privatnog sektora koji ula\u017eu na podru\u010dju Sisa\u010dko-moslava\u010dke \u017eupanije*.<\/p>\n<p>*HBOR mo\u017ee razmotriti i zahtjeve za kredite za oporavak od posljedica potresa poslovnih subjekata privatnog sektora koji ula\u017eu na podru\u010dju Zagreba\u010dke i Karlova\u010dke \u017eupanije.<\/p>\n<p>NAMJENA KREDITA<\/p>\n<ul>\n<li>ulaganja u\u00a0<strong>osnovna sredstva<\/strong>\u00a0(materijalnu i nematerijalnu imovinu) s ciljem modernizacije poslovanja, uvo\u0111enja novih tehnologija, pove\u0107anja kapaciteta, ulaganja u istra\u017eivanje i razvoj i uvo\u0111enje novih proizvoda ili usluga, poticanja projekata za\u0161tite okoli\u0161a, energetske u\u010dinkovitosti i obnovljivih izvora energije, turisti\u010dkih kapaciteta i sadr\u017eaja te poticanja novog zapo\u0161ljavanja.<\/li>\n<li>ulaganja u osnovna sredstva (materijalnu i nematerijalnu imovinu) s ciljem oporavka od posljedica potresa i poticanja gospodarskog razvitka Sisa\u010dko-moslava\u010dke \u017eupanije<sup>*<\/sup>.<\/li>\n<\/ul>\n<\/div>\r\n\r\n<h2><span class=\"naslov\">EU PROJEKTI<\/span><\/h2><div><p>Krediti za sufinanciranje projekata koji zadovoljavaju uvjete natje\u010daja za bespovratna sredstva koji su financirani iz prora\u010duna Europske unije i\/ili nacionalnih izvora te drugih inozemnih javnih izvora.<\/p>\n<ul>\n<li>posebne pogodnosti za pojedine vrste ulaganja i javni sektor<\/li>\n<\/ul>\n<p>KORISNICI KREDITA<\/p>\n<div class=\"content\">\n<p>Poslovni subjekti privatnog sektora \u2013 trgova\u010dka dru\u0161tva, obrtnici, fizi\u010dke osobe koje samostalno obavljaju djelatnost, obiteljska poljoprivredna gospodarstva (OPG), zadruge, ustanove i udruge;<\/p>\n<p>Poslovni subjekti javnog sektora \u2013 jedinice lokalne i podru\u010dne (regionalne) samouprave (op\u0107ine, gradovi i \u017eupanije \u2013 u daljnjem tekstu: JLP(R)S) te dru\u0161tva, ustanove i agencije u vlasni\u0161tvu ili ve\u0107inskom vlasni\u0161tvu JLP(R)S i\/ili Republike Hrvatske;<\/p>\n<p>koji zadovoljavaju uvjete natje\u010daja za bespovratna sredstva koji su financirani iz prora\u010duna Europske unije i\/ili nacionalnih izvora te drugih inozemnih javnih izvora.<\/p>\n<p>NAMJENA KREDITA<\/p>\n<p>svi prihvatljivi i neprihvatljivi tro\u0161kovi projekta (uklju\u010duju\u0107i tro\u0161kove koje korisnik kredita nije uklju\u010dio u prijavu na natje\u010daj, a sastavni su dio projekta)<\/p>\n<p>&nbsp;<\/p>\n<\/div>\n<\/div>\r\n\r\n<h2><span class=\"naslov\">INVESTICIJE JAVNOG SEKTORA<\/span><\/h2><div><p>KORISNICI KREDITA<\/p>\n<p>Poslovni subjekti javnog sektora \u2013 jedinice lokalne i podru\u010dne (regionalne) samouprave (op\u0107ine, gradovi i \u017eupanije \u2013 u daljnjem tekstu: JLP(R)S) te dru\u0161tva, ustanove i agencije u vlasni\u0161tvu ili u ve\u0107inskom vlasni\u0161tvu JLP(R)S i\/ili Republike Hrvatske.<\/p>\n<p>Za namjenu oporavka od posljedica potresa i poticanje gospodarskog razvitka Sisa\u010dko-moslava\u010dke \u017eupanije \u2013 poslovni subjekti javnog sektora koji ula\u017eu na podru\u010dju Sisa\u010dko-moslava\u010dke \u017eupanije*.<\/p>\n<p>*HBOR mo\u017ee razmotriti i zahtjeve za kredite za oporavak od posljedica potresa poslovnih subjekata javnog sektora koji ula\u017eu na podru\u010dju Zagreba\u010dke i Karlova\u010dke \u017eupanije.<\/p>\n<p>NAMJENA KREDITA<\/p>\n<ul>\n<li>investicijska ulaganja poslovnih subjekata javnog sektora s ciljevima poticanja projekata za\u0161tite okoli\u0161a, energetske u\u010dinkovitosti i obnovljivih izvora energije te op\u0107enito izgradnje dru\u0161tvene i poslovne infrastrukture<\/li>\n<li>investicijska ulaganja poslovnih subjekata javnog sektora s ciljem oporavka od posljedica potresa i poticanja gospodarskog razvitka Sisa\u010dko-moslava\u010dke \u017eupanije<sup>*<\/sup><\/li>\n<li>obrtna sredstva najvi\u0161e do 30% ugovorenog iznosa kredita<\/li>\n<\/ul>\n<p>&nbsp;<\/p>\n<\/div>\r\n\r\n<h2><span class=\"naslov\">OBRTNA SREDSTVA<\/span><\/h2><div><p>KORISNICI KREDITA<\/p>\n<ul>\n<li>Poslovni subjekti privatnog sektora \u2013 trgova\u010dka dru\u0161tva, obrtnici, fizi\u010dke osobe koje samostalno obavljaju djelatnost, obiteljska poljoprivredna gospodarstva (OPG), zadruge i ustanove.<\/li>\n<li>Poslovni subjekti javnog sektora \u2013 trgova\u010dka dru\u0161tva i ostali subjekti (agencije i ustanove i sl.) u vlasni\u0161tvu ili ve\u0107inskom vlasni\u0161tvu jedinica lokalne i podru\u010dne (regionalne) samouprave i\/ili Republike Hrvatske.<\/li>\n<li>Za namjenu oporavka od posljedica potresa i poticanje gospodarskog razvitka Sisa\u010dko-moslava\u010dke \u017eupanije \u2013 poslovni subjekti privatnog i javnog sektora koji ula\u017eu na podru\u010dju Sisa\u010dko-moslava\u010dke \u017eupanije.<\/li>\n<\/ul>\n<p>NAMJENA KREDITA<\/p>\n<ul>\n<li>financiranje teku\u0107eg poslovanja (npr. nabava sirovine, repromaterijala, poluproizvoda, sitnog inventara, podmirenje obveza prema dobavlja\u010dima, tro\u0161kovi radne snage, op\u0107i tro\u0161kovi teku\u0107eg poslovanja),<\/li>\n<li>podmirenje kratkoro\u010dnih obveza prema financijskim institucijama, dr\u017eavi i drugih kratkoro\u010dnih obveza, isklju\u010duju\u0107i povrat pozajmica vlasniku, povezanim osobama i ostalim tre\u0107im osobama.<\/li>\n<\/ul>\n<p>&nbsp;<\/p>\n<\/div>\r\n\r\n<\/div>\r\n\r\n&nbsp;\r\n\r\nZa detaljnije informacije posjeti\u00a0<a href=\"https:\/\/www.hbor.hr\/investicijski-krediti\/\">http:\/\/hbor.hr<\/a> ili popuni sljede\u0107i obrazac, a na\u0161i stru\u010dnjaci kontaktirat \u0107e te u kratkom roku:","protected":false},"excerpt":{"rendered":"<p>Sura\u0111ujemo s Hrvatskom bankom za obnovu i razvitak na sljede\u0107im kreditnim programima, samostalno ili po modelu podjele rizika &nbsp; &nbsp; Za detaljnije informacije posjeti\u00a0http:\/\/hbor.hr ili popuni sljede\u0107i obrazac, a na\u0161i [&hellip;]<\/p>","protected":false},"author":14,"featured_media":4356,"parent":652,"menu_order":0,"comment_status":"closed","ping_status":"closed","template":"page-template-3.php","meta":{"_acf_changed":false,"footnotes":""},"categories":[],"tags":[],"class_list":["post-654","page","type-page","status-publish","has-post-thumbnail","hentry"],"acf":[],"yoast_head":"<!-- This site is optimized with the Yoast SEO plugin v25.4 - https:\/\/yoast.com\/wordpress\/plugins\/seo\/ -->\n<title>HBOR - Slatinska Banka<\/title>\n<meta name=\"robots\" content=\"index, follow, max-snippet:-1, max-image-preview:large, max-video-preview:-1\" \/>\n<link rel=\"canonical\" href=\"https:\/\/www.slatinska-banka.hr\/en\/poslovni-subjekti\/financiranje\/posebni-oblici-financiranja\/hbor\/\" \/>\n<meta property=\"og:locale\" content=\"en_US\" \/>\n<meta property=\"og:type\" content=\"article\" \/>\n<meta property=\"og:title\" content=\"HBOR - Slatinska Banka\" \/>\n<meta property=\"og:description\" content=\"Sura\u0111ujemo s Hrvatskom bankom za obnovu i razvitak na sljede\u0107im kreditnim programima, samostalno ili po modelu podjele rizika &nbsp; &nbsp; Za detaljnije informacije posjeti\u00a0http:\/\/hbor.hr ili popuni sljede\u0107i obrazac, a na\u0161i [&hellip;]\" \/>\n<meta property=\"og:url\" content=\"https:\/\/www.slatinska-banka.hr\/en\/poslovni-subjekti\/financiranje\/posebni-oblici-financiranja\/hbor\/\" \/>\n<meta property=\"og:site_name\" content=\"Slatinska Banka\" \/>\n<meta property=\"article:publisher\" content=\"https:\/\/www.facebook.com\/slatinskabanka\/\" \/>\n<meta property=\"article:modified_time\" content=\"2023-01-19T11:22:41+00:00\" \/>\n<meta property=\"og:image\" content=\"https:\/\/www.slatinska-banka.hr\/wp-content\/uploads\/hbor.png\" \/>\n\t<meta property=\"og:image:width\" content=\"200\" \/>\n\t<meta property=\"og:image:height\" content=\"200\" \/>\n\t<meta property=\"og:image:type\" content=\"image\/png\" \/>\n<meta name=\"twitter:card\" content=\"summary_large_image\" \/>\n<meta name=\"twitter:label1\" content=\"Est. reading time\" \/>\n\t<meta name=\"twitter:data1\" content=\"5 minutes\" \/>\n<script type=\"application\/ld+json\" class=\"yoast-schema-graph\">{\"@context\":\"https:\/\/schema.org\",\"@graph\":[{\"@type\":\"WebPage\",\"@id\":\"https:\/\/www.slatinska-banka.hr\/poslovni-subjekti\/financiranje\/posebni-oblici-financiranja\/hbor\/\",\"url\":\"https:\/\/www.slatinska-banka.hr\/poslovni-subjekti\/financiranje\/posebni-oblici-financiranja\/hbor\/\",\"name\":\"HBOR - Slatinska Banka\",\"isPartOf\":{\"@id\":\"https:\/\/www.slatinska-banka.hr\/#website\"},\"primaryImageOfPage\":{\"@id\":\"https:\/\/www.slatinska-banka.hr\/poslovni-subjekti\/financiranje\/posebni-oblici-financiranja\/hbor\/#primaryimage\"},\"image\":{\"@id\":\"https:\/\/www.slatinska-banka.hr\/poslovni-subjekti\/financiranje\/posebni-oblici-financiranja\/hbor\/#primaryimage\"},\"thumbnailUrl\":\"https:\/\/www.slatinska-banka.hr\/wp-content\/uploads\/hbor.png\",\"datePublished\":\"2019-02-06T10:22:25+00:00\",\"dateModified\":\"2023-01-19T11:22:41+00:00\",\"breadcrumb\":{\"@id\":\"https:\/\/www.slatinska-banka.hr\/poslovni-subjekti\/financiranje\/posebni-oblici-financiranja\/hbor\/#breadcrumb\"},\"inLanguage\":\"en-US\",\"potentialAction\":[{\"@type\":\"ReadAction\",\"target\":[\"https:\/\/www.slatinska-banka.hr\/poslovni-subjekti\/financiranje\/posebni-oblici-financiranja\/hbor\/\"]}]},{\"@type\":\"ImageObject\",\"inLanguage\":\"en-US\",\"@id\":\"https:\/\/www.slatinska-banka.hr\/poslovni-subjekti\/financiranje\/posebni-oblici-financiranja\/hbor\/#primaryimage\",\"url\":\"https:\/\/www.slatinska-banka.hr\/wp-content\/uploads\/hbor.png\",\"contentUrl\":\"https:\/\/www.slatinska-banka.hr\/wp-content\/uploads\/hbor.png\",\"width\":200,\"height\":200},{\"@type\":\"BreadcrumbList\",\"@id\":\"https:\/\/www.slatinska-banka.hr\/poslovni-subjekti\/financiranje\/posebni-oblici-financiranja\/hbor\/#breadcrumb\",\"itemListElement\":[{\"@type\":\"ListItem\",\"position\":1,\"name\":\"Poslovni subjekti\",\"item\":\"https:\/\/www.slatinska-banka.hr\/poslovni-subjekti\/\"},{\"@type\":\"ListItem\",\"position\":2,\"name\":\"Financiranje\",\"item\":\"https:\/\/www.slatinska-banka.hr\/poslovni-subjekti\/financiranje\/\"},{\"@type\":\"ListItem\",\"position\":3,\"name\":\"Posebni oblici financiranja\",\"item\":\"https:\/\/www.slatinska-banka.hr\/poslovni-subjekti\/financiranje\/posebni-oblici-financiranja\/\"},{\"@type\":\"ListItem\",\"position\":4,\"name\":\"HBOR\"}]},{\"@type\":\"WebSite\",\"@id\":\"https:\/\/www.slatinska-banka.hr\/#website\",\"url\":\"https:\/\/www.slatinska-banka.hr\/\",\"name\":\"Slatinska Banka\",\"description\":\"Razlika je u pristupu\",\"publisher\":{\"@id\":\"https:\/\/www.slatinska-banka.hr\/#organization\"},\"potentialAction\":[{\"@type\":\"SearchAction\",\"target\":{\"@type\":\"EntryPoint\",\"urlTemplate\":\"https:\/\/www.slatinska-banka.hr\/?s={search_term_string}\"},\"query-input\":{\"@type\":\"PropertyValueSpecification\",\"valueRequired\":true,\"valueName\":\"search_term_string\"}}],\"inLanguage\":\"en-US\"},{\"@type\":\"Organization\",\"@id\":\"https:\/\/www.slatinska-banka.hr\/#organization\",\"name\":\"Slatinska banka d.d.\",\"url\":\"https:\/\/www.slatinska-banka.hr\/\",\"logo\":{\"@type\":\"ImageObject\",\"inLanguage\":\"en-US\",\"@id\":\"https:\/\/www.slatinska-banka.hr\/#\/schema\/logo\/image\/\",\"url\":\"https:\/\/www.slatinska-banka.hr\/wp-content\/uploads\/2019\/02\/logo_big.png\",\"contentUrl\":\"https:\/\/www.slatinska-banka.hr\/wp-content\/uploads\/2019\/02\/logo_big.png\",\"width\":302,\"height\":244,\"caption\":\"Slatinska banka d.d.\"},\"image\":{\"@id\":\"https:\/\/www.slatinska-banka.hr\/#\/schema\/logo\/image\/\"},\"sameAs\":[\"https:\/\/www.facebook.com\/slatinskabanka\/\",\"https:\/\/www.linkedin.com\/company\/slatinska-banka-dd\"]}]}<\/script>\n<!-- \/ Yoast SEO plugin. -->","yoast_head_json":{"title":"HBOR - Slatinska Banka","robots":{"index":"index","follow":"follow","max-snippet":"max-snippet:-1","max-image-preview":"max-image-preview:large","max-video-preview":"max-video-preview:-1"},"canonical":"https:\/\/www.slatinska-banka.hr\/en\/poslovni-subjekti\/financiranje\/posebni-oblici-financiranja\/hbor\/","og_locale":"en_US","og_type":"article","og_title":"HBOR - Slatinska Banka","og_description":"Sura\u0111ujemo s Hrvatskom bankom za obnovu i razvitak na sljede\u0107im kreditnim programima, samostalno ili po modelu podjele rizika &nbsp; &nbsp; Za detaljnije informacije posjeti\u00a0http:\/\/hbor.hr ili popuni sljede\u0107i obrazac, a na\u0161i [&hellip;]","og_url":"https:\/\/www.slatinska-banka.hr\/en\/poslovni-subjekti\/financiranje\/posebni-oblici-financiranja\/hbor\/","og_site_name":"Slatinska Banka","article_publisher":"https:\/\/www.facebook.com\/slatinskabanka\/","article_modified_time":"2023-01-19T11:22:41+00:00","og_image":[{"width":200,"height":200,"url":"https:\/\/www.slatinska-banka.hr\/wp-content\/uploads\/hbor.png","type":"image\/png"}],"twitter_card":"summary_large_image","twitter_misc":{"Est. reading time":"5 minutes"},"schema":{"@context":"https:\/\/schema.org","@graph":[{"@type":"WebPage","@id":"https:\/\/www.slatinska-banka.hr\/poslovni-subjekti\/financiranje\/posebni-oblici-financiranja\/hbor\/","url":"https:\/\/www.slatinska-banka.hr\/poslovni-subjekti\/financiranje\/posebni-oblici-financiranja\/hbor\/","name":"HBOR - Slatinska Banka","isPartOf":{"@id":"https:\/\/www.slatinska-banka.hr\/#website"},"primaryImageOfPage":{"@id":"https:\/\/www.slatinska-banka.hr\/poslovni-subjekti\/financiranje\/posebni-oblici-financiranja\/hbor\/#primaryimage"},"image":{"@id":"https:\/\/www.slatinska-banka.hr\/poslovni-subjekti\/financiranje\/posebni-oblici-financiranja\/hbor\/#primaryimage"},"thumbnailUrl":"https:\/\/www.slatinska-banka.hr\/wp-content\/uploads\/hbor.png","datePublished":"2019-02-06T10:22:25+00:00","dateModified":"2023-01-19T11:22:41+00:00","breadcrumb":{"@id":"https:\/\/www.slatinska-banka.hr\/poslovni-subjekti\/financiranje\/posebni-oblici-financiranja\/hbor\/#breadcrumb"},"inLanguage":"en-US","potentialAction":[{"@type":"ReadAction","target":["https:\/\/www.slatinska-banka.hr\/poslovni-subjekti\/financiranje\/posebni-oblici-financiranja\/hbor\/"]}]},{"@type":"ImageObject","inLanguage":"en-US","@id":"https:\/\/www.slatinska-banka.hr\/poslovni-subjekti\/financiranje\/posebni-oblici-financiranja\/hbor\/#primaryimage","url":"https:\/\/www.slatinska-banka.hr\/wp-content\/uploads\/hbor.png","contentUrl":"https:\/\/www.slatinska-banka.hr\/wp-content\/uploads\/hbor.png","width":200,"height":200},{"@type":"BreadcrumbList","@id":"https:\/\/www.slatinska-banka.hr\/poslovni-subjekti\/financiranje\/posebni-oblici-financiranja\/hbor\/#breadcrumb","itemListElement":[{"@type":"ListItem","position":1,"name":"Poslovni subjekti","item":"https:\/\/www.slatinska-banka.hr\/poslovni-subjekti\/"},{"@type":"ListItem","position":2,"name":"Financiranje","item":"https:\/\/www.slatinska-banka.hr\/poslovni-subjekti\/financiranje\/"},{"@type":"ListItem","position":3,"name":"Posebni oblici financiranja","item":"https:\/\/www.slatinska-banka.hr\/poslovni-subjekti\/financiranje\/posebni-oblici-financiranja\/"},{"@type":"ListItem","position":4,"name":"HBOR"}]},{"@type":"WebSite","@id":"https:\/\/www.slatinska-banka.hr\/#website","url":"https:\/\/www.slatinska-banka.hr\/","name":"Slatinska Banka","description":"Razlika je u pristupu","publisher":{"@id":"https:\/\/www.slatinska-banka.hr\/#organization"},"potentialAction":[{"@type":"SearchAction","target":{"@type":"EntryPoint","urlTemplate":"https:\/\/www.slatinska-banka.hr\/?s={search_term_string}"},"query-input":{"@type":"PropertyValueSpecification","valueRequired":true,"valueName":"search_term_string"}}],"inLanguage":"en-US"},{"@type":"Organization","@id":"https:\/\/www.slatinska-banka.hr\/#organization","name":"Slatinska banka d.d.","url":"https:\/\/www.slatinska-banka.hr\/","logo":{"@type":"ImageObject","inLanguage":"en-US","@id":"https:\/\/www.slatinska-banka.hr\/#\/schema\/logo\/image\/","url":"https:\/\/www.slatinska-banka.hr\/wp-content\/uploads\/2019\/02\/logo_big.png","contentUrl":"https:\/\/www.slatinska-banka.hr\/wp-content\/uploads\/2019\/02\/logo_big.png","width":302,"height":244,"caption":"Slatinska banka d.d."},"image":{"@id":"https:\/\/www.slatinska-banka.hr\/#\/schema\/logo\/image\/"},"sameAs":["https:\/\/www.facebook.com\/slatinskabanka\/","https:\/\/www.linkedin.com\/company\/slatinska-banka-dd"]}]}},"_links":{"self":[{"href":"https:\/\/www.slatinska-banka.hr\/en\/wp-json\/wp\/v2\/pages\/654","targetHints":{"allow":["GET"]}}],"collection":[{"href":"https:\/\/www.slatinska-banka.hr\/en\/wp-json\/wp\/v2\/pages"}],"about":[{"href":"https:\/\/www.slatinska-banka.hr\/en\/wp-json\/wp\/v2\/types\/page"}],"author":[{"embeddable":true,"href":"https:\/\/www.slatinska-banka.hr\/en\/wp-json\/wp\/v2\/users\/14"}],"replies":[{"embeddable":true,"href":"https:\/\/www.slatinska-banka.hr\/en\/wp-json\/wp\/v2\/comments?post=654"}],"version-history":[{"count":13,"href":"https:\/\/www.slatinska-banka.hr\/en\/wp-json\/wp\/v2\/pages\/654\/revisions"}],"predecessor-version":[{"id":300009,"href":"https:\/\/www.slatinska-banka.hr\/en\/wp-json\/wp\/v2\/pages\/654\/revisions\/300009"}],"up":[{"embeddable":true,"href":"https:\/\/www.slatinska-banka.hr\/en\/wp-json\/wp\/v2\/pages\/652"}],"wp:featuredmedia":[{"embeddable":true,"href":"https:\/\/www.slatinska-banka.hr\/en\/wp-json\/wp\/v2\/media\/4356"}],"wp:attachment":[{"href":"https:\/\/www.slatinska-banka.hr\/en\/wp-json\/wp\/v2\/media?parent=654"}],"wp:term":[{"taxonomy":"category","embeddable":true,"href":"https:\/\/www.slatinska-banka.hr\/en\/wp-json\/wp\/v2\/categories?post=654"},{"taxonomy":"post_tag","embeddable":true,"href":"https:\/\/www.slatinska-banka.hr\/en\/wp-json\/wp\/v2\/tags?post=654"}],"curies":[{"name":"wp","href":"https:\/\/api.w.org\/{rel}","templated":true}]}}