{"id":648,"date":"2019-02-06T11:15:47","date_gmt":"2019-02-06T10:15:47","guid":{"rendered":"http:\/\/www.slatinska-banka.hr\/?page_id=648"},"modified":"2023-04-06T12:15:49","modified_gmt":"2023-04-06T10:15:49","slug":"minus-po-zircu","status":"publish","type":"page","link":"https:\/\/www.slatinska-banka.hr\/en\/poslovni-subjekti\/financiranje\/odrzavanje-likvidnosti\/minus-po-zircu\/","title":{"rendered":"Okvirni kredit po poslovnom ra\u010dunu"},"content":{"rendered":"\u017deli\u0161 si osigurati dodatna sredstva da ima\u0161 &#8220;kad zatreba&#8221;\r\n\r\nUgovori minus po poslovnom ra\u010dunu\r\n\r\n&nbsp;\r\n\r\n<div class=\"accordeon\">\r\n\r\n<h2><span class=\"naslov\">VI\u0160E INFORMACIJA<\/span><\/h2><div><ul>\n<li>Rok va\u017eenja: 3 godine<\/li>\n<li>Odobravamo iznos do 8% od ukupnog prihoda proteklog financijskog razdoblja<\/li>\n<li>Minimalna dokumentacija za obradu kreditnog zahtjeva!<\/li>\n<\/ul>\n<\/div>\r\n\r\n<h2><span class=\"naslov\">ZAHTJEV ZA KREDIT<\/span><\/h2><div><p><a href=\"https:\/\/www.slatinska-banka.hr\/wp-content\/uploads\/SBS_Zahtjev_Dodatne-tablice_2023.xlsx\">Zahtjev za kredit<\/a><\/p>\n<\/div>\r\n\r\n<\/div>\r\n\r\n&nbsp;\r\n<p class=\"big\">Obrati nam se! Na\u0161i stru\u010dnjaci pomo\u0107i \u0107e ti u pronalasku pravog rje\u0161enja!<\/p>\r\n<p class=\"big\">Popuni obrazac i kontaktirat \u0107emo te u kratkom roku!<\/p>","protected":false},"excerpt":{"rendered":"<p>\u017deli\u0161 si osigurati dodatna sredstva da ima\u0161 &#8220;kad zatreba&#8221; Ugovori minus po poslovnom ra\u010dunu &nbsp; &nbsp; Obrati nam se! Na\u0161i stru\u010dnjaci pomo\u0107i \u0107e ti u pronalasku pravog rje\u0161enja! Popuni obrazac [&hellip;]<\/p>","protected":false},"author":14,"featured_media":1490,"parent":641,"menu_order":0,"comment_status":"closed","ping_status":"closed","template":"page-template-4.php","meta":{"_acf_changed":false,"footnotes":""},"categories":[],"tags":[],"class_list":["post-648","page","type-page","status-publish","has-post-thumbnail","hentry"],"acf":[],"yoast_head":"<!-- This site is optimized with the Yoast SEO plugin v25.4 - https:\/\/yoast.com\/wordpress\/plugins\/seo\/ -->\n<title>Okvirni kredit po poslovnom ra\u010dunu - Slatinska Banka<\/title>\n<meta name=\"robots\" content=\"index, follow, max-snippet:-1, max-image-preview:large, max-video-preview:-1\" \/>\n<link rel=\"canonical\" href=\"https:\/\/www.slatinska-banka.hr\/en\/poslovni-subjekti\/financiranje\/odrzavanje-likvidnosti\/minus-po-zircu\/\" \/>\n<meta property=\"og:locale\" content=\"en_US\" \/>\n<meta property=\"og:type\" content=\"article\" \/>\n<meta property=\"og:title\" content=\"Okvirni kredit po poslovnom ra\u010dunu - Slatinska Banka\" \/>\n<meta property=\"og:description\" content=\"\u017deli\u0161 si osigurati dodatna sredstva da ima\u0161 &#8220;kad zatreba&#8221; Ugovori minus po poslovnom ra\u010dunu &nbsp; &nbsp; Obrati nam se! Na\u0161i stru\u010dnjaci pomo\u0107i \u0107e ti u pronalasku pravog rje\u0161enja! Popuni obrazac [&hellip;]\" \/>\n<meta property=\"og:url\" content=\"https:\/\/www.slatinska-banka.hr\/en\/poslovni-subjekti\/financiranje\/odrzavanje-likvidnosti\/minus-po-zircu\/\" \/>\n<meta property=\"og:site_name\" content=\"Slatinska Banka\" \/>\n<meta property=\"article:publisher\" content=\"https:\/\/www.facebook.com\/slatinskabanka\/\" \/>\n<meta property=\"article:modified_time\" content=\"2023-04-06T10:15:49+00:00\" \/>\n<meta property=\"og:image\" content=\"https:\/\/www.slatinska-banka.hr\/wp-content\/uploads\/2019\/02\/rawpixel-760028-unsplash-1024x697.jpg\" \/>\n\t<meta property=\"og:image:width\" content=\"1024\" \/>\n\t<meta property=\"og:image:height\" content=\"697\" \/>\n\t<meta property=\"og:image:type\" content=\"image\/jpeg\" \/>\n<meta name=\"twitter:card\" content=\"summary_large_image\" \/>\n<meta name=\"twitter:label1\" content=\"Est. reading time\" \/>\n\t<meta name=\"twitter:data1\" content=\"1 minute\" \/>\n<script type=\"application\/ld+json\" class=\"yoast-schema-graph\">{\"@context\":\"https:\/\/schema.org\",\"@graph\":[{\"@type\":\"WebPage\",\"@id\":\"https:\/\/www.slatinska-banka.hr\/poslovni-subjekti\/financiranje\/odrzavanje-likvidnosti\/minus-po-zircu\/\",\"url\":\"https:\/\/www.slatinska-banka.hr\/poslovni-subjekti\/financiranje\/odrzavanje-likvidnosti\/minus-po-zircu\/\",\"name\":\"Okvirni kredit po poslovnom ra\u010dunu - Slatinska Banka\",\"isPartOf\":{\"@id\":\"https:\/\/www.slatinska-banka.hr\/#website\"},\"primaryImageOfPage\":{\"@id\":\"https:\/\/www.slatinska-banka.hr\/poslovni-subjekti\/financiranje\/odrzavanje-likvidnosti\/minus-po-zircu\/#primaryimage\"},\"image\":{\"@id\":\"https:\/\/www.slatinska-banka.hr\/poslovni-subjekti\/financiranje\/odrzavanje-likvidnosti\/minus-po-zircu\/#primaryimage\"},\"thumbnailUrl\":\"https:\/\/www.slatinska-banka.hr\/wp-content\/uploads\/2019\/02\/rawpixel-760028-unsplash.jpg\",\"datePublished\":\"2019-02-06T10:15:47+00:00\",\"dateModified\":\"2023-04-06T10:15:49+00:00\",\"breadcrumb\":{\"@id\":\"https:\/\/www.slatinska-banka.hr\/poslovni-subjekti\/financiranje\/odrzavanje-likvidnosti\/minus-po-zircu\/#breadcrumb\"},\"inLanguage\":\"en-US\",\"potentialAction\":[{\"@type\":\"ReadAction\",\"target\":[\"https:\/\/www.slatinska-banka.hr\/poslovni-subjekti\/financiranje\/odrzavanje-likvidnosti\/minus-po-zircu\/\"]}]},{\"@type\":\"ImageObject\",\"inLanguage\":\"en-US\",\"@id\":\"https:\/\/www.slatinska-banka.hr\/poslovni-subjekti\/financiranje\/odrzavanje-likvidnosti\/minus-po-zircu\/#primaryimage\",\"url\":\"https:\/\/www.slatinska-banka.hr\/wp-content\/uploads\/2019\/02\/rawpixel-760028-unsplash.jpg\",\"contentUrl\":\"https:\/\/www.slatinska-banka.hr\/wp-content\/uploads\/2019\/02\/rawpixel-760028-unsplash.jpg\",\"width\":4000,\"height\":2723},{\"@type\":\"BreadcrumbList\",\"@id\":\"https:\/\/www.slatinska-banka.hr\/poslovni-subjekti\/financiranje\/odrzavanje-likvidnosti\/minus-po-zircu\/#breadcrumb\",\"itemListElement\":[{\"@type\":\"ListItem\",\"position\":1,\"name\":\"Poslovni subjekti\",\"item\":\"https:\/\/www.slatinska-banka.hr\/poslovni-subjekti\/\"},{\"@type\":\"ListItem\",\"position\":2,\"name\":\"Financiranje\",\"item\":\"https:\/\/www.slatinska-banka.hr\/poslovni-subjekti\/financiranje\/\"},{\"@type\":\"ListItem\",\"position\":3,\"name\":\"Odr\u017eavanje likvidnosti\",\"item\":\"https:\/\/www.slatinska-banka.hr\/poslovni-subjekti\/financiranje\/odrzavanje-likvidnosti\/\"},{\"@type\":\"ListItem\",\"position\":4,\"name\":\"Okvirni kredit po poslovnom ra\u010dunu\"}]},{\"@type\":\"WebSite\",\"@id\":\"https:\/\/www.slatinska-banka.hr\/#website\",\"url\":\"https:\/\/www.slatinska-banka.hr\/\",\"name\":\"Slatinska Banka\",\"description\":\"Razlika je u pristupu\",\"publisher\":{\"@id\":\"https:\/\/www.slatinska-banka.hr\/#organization\"},\"potentialAction\":[{\"@type\":\"SearchAction\",\"target\":{\"@type\":\"EntryPoint\",\"urlTemplate\":\"https:\/\/www.slatinska-banka.hr\/?s={search_term_string}\"},\"query-input\":{\"@type\":\"PropertyValueSpecification\",\"valueRequired\":true,\"valueName\":\"search_term_string\"}}],\"inLanguage\":\"en-US\"},{\"@type\":\"Organization\",\"@id\":\"https:\/\/www.slatinska-banka.hr\/#organization\",\"name\":\"Slatinska banka d.d.\",\"url\":\"https:\/\/www.slatinska-banka.hr\/\",\"logo\":{\"@type\":\"ImageObject\",\"inLanguage\":\"en-US\",\"@id\":\"https:\/\/www.slatinska-banka.hr\/#\/schema\/logo\/image\/\",\"url\":\"https:\/\/www.slatinska-banka.hr\/wp-content\/uploads\/2019\/02\/logo_big.png\",\"contentUrl\":\"https:\/\/www.slatinska-banka.hr\/wp-content\/uploads\/2019\/02\/logo_big.png\",\"width\":302,\"height\":244,\"caption\":\"Slatinska banka d.d.\"},\"image\":{\"@id\":\"https:\/\/www.slatinska-banka.hr\/#\/schema\/logo\/image\/\"},\"sameAs\":[\"https:\/\/www.facebook.com\/slatinskabanka\/\",\"https:\/\/www.linkedin.com\/company\/slatinska-banka-dd\"]}]}<\/script>\n<!-- \/ Yoast SEO plugin. -->","yoast_head_json":{"title":"Okvirni kredit po poslovnom ra\u010dunu - Slatinska Banka","robots":{"index":"index","follow":"follow","max-snippet":"max-snippet:-1","max-image-preview":"max-image-preview:large","max-video-preview":"max-video-preview:-1"},"canonical":"https:\/\/www.slatinska-banka.hr\/en\/poslovni-subjekti\/financiranje\/odrzavanje-likvidnosti\/minus-po-zircu\/","og_locale":"en_US","og_type":"article","og_title":"Okvirni kredit po poslovnom ra\u010dunu - Slatinska Banka","og_description":"\u017deli\u0161 si osigurati dodatna sredstva da ima\u0161 &#8220;kad zatreba&#8221; Ugovori minus po poslovnom ra\u010dunu &nbsp; &nbsp; Obrati nam se! Na\u0161i stru\u010dnjaci pomo\u0107i \u0107e ti u pronalasku pravog rje\u0161enja! Popuni obrazac [&hellip;]","og_url":"https:\/\/www.slatinska-banka.hr\/en\/poslovni-subjekti\/financiranje\/odrzavanje-likvidnosti\/minus-po-zircu\/","og_site_name":"Slatinska Banka","article_publisher":"https:\/\/www.facebook.com\/slatinskabanka\/","article_modified_time":"2023-04-06T10:15:49+00:00","og_image":[{"width":1024,"height":697,"url":"https:\/\/www.slatinska-banka.hr\/wp-content\/uploads\/2019\/02\/rawpixel-760028-unsplash-1024x697.jpg","type":"image\/jpeg"}],"twitter_card":"summary_large_image","twitter_misc":{"Est. reading time":"1 minute"},"schema":{"@context":"https:\/\/schema.org","@graph":[{"@type":"WebPage","@id":"https:\/\/www.slatinska-banka.hr\/poslovni-subjekti\/financiranje\/odrzavanje-likvidnosti\/minus-po-zircu\/","url":"https:\/\/www.slatinska-banka.hr\/poslovni-subjekti\/financiranje\/odrzavanje-likvidnosti\/minus-po-zircu\/","name":"Okvirni kredit po poslovnom ra\u010dunu - Slatinska Banka","isPartOf":{"@id":"https:\/\/www.slatinska-banka.hr\/#website"},"primaryImageOfPage":{"@id":"https:\/\/www.slatinska-banka.hr\/poslovni-subjekti\/financiranje\/odrzavanje-likvidnosti\/minus-po-zircu\/#primaryimage"},"image":{"@id":"https:\/\/www.slatinska-banka.hr\/poslovni-subjekti\/financiranje\/odrzavanje-likvidnosti\/minus-po-zircu\/#primaryimage"},"thumbnailUrl":"https:\/\/www.slatinska-banka.hr\/wp-content\/uploads\/2019\/02\/rawpixel-760028-unsplash.jpg","datePublished":"2019-02-06T10:15:47+00:00","dateModified":"2023-04-06T10:15:49+00:00","breadcrumb":{"@id":"https:\/\/www.slatinska-banka.hr\/poslovni-subjekti\/financiranje\/odrzavanje-likvidnosti\/minus-po-zircu\/#breadcrumb"},"inLanguage":"en-US","potentialAction":[{"@type":"ReadAction","target":["https:\/\/www.slatinska-banka.hr\/poslovni-subjekti\/financiranje\/odrzavanje-likvidnosti\/minus-po-zircu\/"]}]},{"@type":"ImageObject","inLanguage":"en-US","@id":"https:\/\/www.slatinska-banka.hr\/poslovni-subjekti\/financiranje\/odrzavanje-likvidnosti\/minus-po-zircu\/#primaryimage","url":"https:\/\/www.slatinska-banka.hr\/wp-content\/uploads\/2019\/02\/rawpixel-760028-unsplash.jpg","contentUrl":"https:\/\/www.slatinska-banka.hr\/wp-content\/uploads\/2019\/02\/rawpixel-760028-unsplash.jpg","width":4000,"height":2723},{"@type":"BreadcrumbList","@id":"https:\/\/www.slatinska-banka.hr\/poslovni-subjekti\/financiranje\/odrzavanje-likvidnosti\/minus-po-zircu\/#breadcrumb","itemListElement":[{"@type":"ListItem","position":1,"name":"Poslovni subjekti","item":"https:\/\/www.slatinska-banka.hr\/poslovni-subjekti\/"},{"@type":"ListItem","position":2,"name":"Financiranje","item":"https:\/\/www.slatinska-banka.hr\/poslovni-subjekti\/financiranje\/"},{"@type":"ListItem","position":3,"name":"Odr\u017eavanje likvidnosti","item":"https:\/\/www.slatinska-banka.hr\/poslovni-subjekti\/financiranje\/odrzavanje-likvidnosti\/"},{"@type":"ListItem","position":4,"name":"Okvirni kredit po poslovnom ra\u010dunu"}]},{"@type":"WebSite","@id":"https:\/\/www.slatinska-banka.hr\/#website","url":"https:\/\/www.slatinska-banka.hr\/","name":"Slatinska Banka","description":"Razlika je u pristupu","publisher":{"@id":"https:\/\/www.slatinska-banka.hr\/#organization"},"potentialAction":[{"@type":"SearchAction","target":{"@type":"EntryPoint","urlTemplate":"https:\/\/www.slatinska-banka.hr\/?s={search_term_string}"},"query-input":{"@type":"PropertyValueSpecification","valueRequired":true,"valueName":"search_term_string"}}],"inLanguage":"en-US"},{"@type":"Organization","@id":"https:\/\/www.slatinska-banka.hr\/#organization","name":"Slatinska banka d.d.","url":"https:\/\/www.slatinska-banka.hr\/","logo":{"@type":"ImageObject","inLanguage":"en-US","@id":"https:\/\/www.slatinska-banka.hr\/#\/schema\/logo\/image\/","url":"https:\/\/www.slatinska-banka.hr\/wp-content\/uploads\/2019\/02\/logo_big.png","contentUrl":"https:\/\/www.slatinska-banka.hr\/wp-content\/uploads\/2019\/02\/logo_big.png","width":302,"height":244,"caption":"Slatinska banka d.d."},"image":{"@id":"https:\/\/www.slatinska-banka.hr\/#\/schema\/logo\/image\/"},"sameAs":["https:\/\/www.facebook.com\/slatinskabanka\/","https:\/\/www.linkedin.com\/company\/slatinska-banka-dd"]}]}},"_links":{"self":[{"href":"https:\/\/www.slatinska-banka.hr\/en\/wp-json\/wp\/v2\/pages\/648","targetHints":{"allow":["GET"]}}],"collection":[{"href":"https:\/\/www.slatinska-banka.hr\/en\/wp-json\/wp\/v2\/pages"}],"about":[{"href":"https:\/\/www.slatinska-banka.hr\/en\/wp-json\/wp\/v2\/types\/page"}],"author":[{"embeddable":true,"href":"https:\/\/www.slatinska-banka.hr\/en\/wp-json\/wp\/v2\/users\/14"}],"replies":[{"embeddable":true,"href":"https:\/\/www.slatinska-banka.hr\/en\/wp-json\/wp\/v2\/comments?post=648"}],"version-history":[{"count":9,"href":"https:\/\/www.slatinska-banka.hr\/en\/wp-json\/wp\/v2\/pages\/648\/revisions"}],"predecessor-version":[{"id":480301,"href":"https:\/\/www.slatinska-banka.hr\/en\/wp-json\/wp\/v2\/pages\/648\/revisions\/480301"}],"up":[{"embeddable":true,"href":"https:\/\/www.slatinska-banka.hr\/en\/wp-json\/wp\/v2\/pages\/641"}],"wp:featuredmedia":[{"embeddable":true,"href":"https:\/\/www.slatinska-banka.hr\/en\/wp-json\/wp\/v2\/media\/1490"}],"wp:attachment":[{"href":"https:\/\/www.slatinska-banka.hr\/en\/wp-json\/wp\/v2\/media?parent=648"}],"wp:term":[{"taxonomy":"category","embeddable":true,"href":"https:\/\/www.slatinska-banka.hr\/en\/wp-json\/wp\/v2\/categories?post=648"},{"taxonomy":"post_tag","embeddable":true,"href":"https:\/\/www.slatinska-banka.hr\/en\/wp-json\/wp\/v2\/tags?post=648"}],"curies":[{"name":"wp","href":"https:\/\/api.w.org\/{rel}","templated":true}]}}