{"id":633,"date":"2019-02-06T11:08:28","date_gmt":"2019-02-06T10:08:28","guid":{"rendered":"http:\/\/www.slatinska-banka.hr\/?page_id=633"},"modified":"2023-04-06T12:09:16","modified_gmt":"2023-04-06T10:09:16","slug":"investicije","status":"publish","type":"page","link":"https:\/\/www.slatinska-banka.hr\/en\/poslovni-subjekti\/financiranje\/investicije\/","title":{"rendered":"Loans for investments"},"content":{"rendered":"Vrijeme je za pro\u0161irenje poslovanja? Ula\u017ee\u0161 u proizvodni pogon, skladi\u0161ta?\r\n\r\nIma\u0161 neku drugu investiciju? Onda ti treba dugoro\u010dni kredit.\r\n\r\n&nbsp;\r\n\r\nNe treba\u0161 imati u\u010de\u0161\u0107e jer financiramo cijelu investiciju!\r\n\r\nAko nema\u0161 dovoljno osiguranja, mo\u017eemo ti pomo\u0107i s <a href=\"https:\/\/hamagbicro.hr\/financijski-instrumenti\/kako-do-jamstva\/msp\/esif-jamstva\/pojedinacna\/\">HAMAG-ovim jamstvima.<\/a>\r\n\r\n<div class=\"accordeon\">\r\n\r\n<h2><span class=\"naslov\">VI\u0160E INFORMACIJA<\/span><\/h2><div><ul>\n<li>Rok dospije\u0107a: do 10 godina<\/li>\n<li>Po\u010dek: do 2 godine<\/li>\n<li>Minimalna dokumentacija za obradu kreditnog zahtjeva!<\/li>\n<\/ul>\n<\/div>\r\n\r\n<\/div>\r\n\r\n<div class=\"accordeon\">\r\n\r\n<h2><span class=\"naslov\">Dokumenti<\/span><\/h2><div><p><a href=\"https:\/\/www.slatinska-banka.hr\/wp-content\/uploads\/SBS_Zahtjev_Dodatne-tablice_2023.xlsx\">Zahtjev za kredit<\/a><\/p>\n<\/div>\r\n\r\n<\/div>\r\n\r\n&nbsp;\r\n<p class=\"big\">Obrati nam se! Na\u0161i stru\u010dnjaci pomo\u0107i \u0107e ti u pronalasku pravog rije\u0161enja!<\/p>\r\n<p class=\"big\">Popuni obrazac i kontaktirat \u0107emo te u kratkom roku!<\/p>","protected":false},"excerpt":{"rendered":"<p>Vrijeme je za pro\u0161irenje poslovanja? Ula\u017ee\u0161 u proizvodni pogon, skladi\u0161ta? Ima\u0161 neku drugu investiciju? Onda ti treba dugoro\u010dni kredit. &nbsp; Ne treba\u0161 imati u\u010de\u0161\u0107e jer financiramo cijelu investiciju! Ako nema\u0161 [&hellip;]<\/p>","protected":false},"author":14,"featured_media":2061,"parent":32,"menu_order":0,"comment_status":"closed","ping_status":"closed","template":"page-template-3.php","meta":{"_acf_changed":false,"footnotes":""},"categories":[],"tags":[],"class_list":["post-633","page","type-page","status-publish","has-post-thumbnail","hentry"],"acf":[],"yoast_head":"<!-- This site is optimized with the Yoast SEO plugin v25.4 - https:\/\/yoast.com\/wordpress\/plugins\/seo\/ -->\n<title>Krediti za investicije - Slatinska Banka<\/title>\n<meta name=\"robots\" content=\"index, follow, max-snippet:-1, max-image-preview:large, max-video-preview:-1\" \/>\n<link rel=\"canonical\" href=\"https:\/\/www.slatinska-banka.hr\/en\/poslovni-subjekti\/financiranje\/investicije\/\" \/>\n<meta property=\"og:locale\" content=\"en_US\" \/>\n<meta property=\"og:type\" content=\"article\" \/>\n<meta property=\"og:title\" content=\"Krediti za investicije - Slatinska Banka\" \/>\n<meta property=\"og:description\" content=\"Vrijeme je za pro\u0161irenje poslovanja? Ula\u017ee\u0161 u proizvodni pogon, skladi\u0161ta? Ima\u0161 neku drugu investiciju? Onda ti treba dugoro\u010dni kredit. &nbsp; Ne treba\u0161 imati u\u010de\u0161\u0107e jer financiramo cijelu investiciju! Ako nema\u0161 [&hellip;]\" \/>\n<meta property=\"og:url\" content=\"https:\/\/www.slatinska-banka.hr\/en\/poslovni-subjekti\/financiranje\/investicije\/\" \/>\n<meta property=\"og:site_name\" content=\"Slatinska Banka\" \/>\n<meta property=\"article:publisher\" content=\"https:\/\/www.facebook.com\/slatinskabanka\/\" \/>\n<meta property=\"article:modified_time\" content=\"2023-04-06T10:09:16+00:00\" \/>\n<meta property=\"og:image\" content=\"https:\/\/www.slatinska-banka.hr\/wp-content\/uploads\/2019\/02\/max-larochelle-406332-unsplash-680x1024.jpg\" \/>\n\t<meta property=\"og:image:width\" content=\"680\" \/>\n\t<meta property=\"og:image:height\" content=\"1024\" \/>\n\t<meta property=\"og:image:type\" content=\"image\/jpeg\" \/>\n<meta name=\"twitter:card\" content=\"summary_large_image\" \/>\n<meta name=\"twitter:label1\" content=\"Est. reading time\" \/>\n\t<meta name=\"twitter:data1\" content=\"1 minute\" \/>\n<script type=\"application\/ld+json\" class=\"yoast-schema-graph\">{\"@context\":\"https:\/\/schema.org\",\"@graph\":[{\"@type\":\"WebPage\",\"@id\":\"https:\/\/www.slatinska-banka.hr\/poslovni-subjekti\/financiranje\/investicije\/\",\"url\":\"https:\/\/www.slatinska-banka.hr\/poslovni-subjekti\/financiranje\/investicije\/\",\"name\":\"Krediti za investicije - Slatinska Banka\",\"isPartOf\":{\"@id\":\"https:\/\/www.slatinska-banka.hr\/#website\"},\"primaryImageOfPage\":{\"@id\":\"https:\/\/www.slatinska-banka.hr\/poslovni-subjekti\/financiranje\/investicije\/#primaryimage\"},\"image\":{\"@id\":\"https:\/\/www.slatinska-banka.hr\/poslovni-subjekti\/financiranje\/investicije\/#primaryimage\"},\"thumbnailUrl\":\"https:\/\/www.slatinska-banka.hr\/wp-content\/uploads\/2019\/02\/max-larochelle-406332-unsplash.jpg\",\"datePublished\":\"2019-02-06T10:08:28+00:00\",\"dateModified\":\"2023-04-06T10:09:16+00:00\",\"breadcrumb\":{\"@id\":\"https:\/\/www.slatinska-banka.hr\/poslovni-subjekti\/financiranje\/investicije\/#breadcrumb\"},\"inLanguage\":\"en-US\",\"potentialAction\":[{\"@type\":\"ReadAction\",\"target\":[\"https:\/\/www.slatinska-banka.hr\/poslovni-subjekti\/financiranje\/investicije\/\"]}]},{\"@type\":\"ImageObject\",\"inLanguage\":\"en-US\",\"@id\":\"https:\/\/www.slatinska-banka.hr\/poslovni-subjekti\/financiranje\/investicije\/#primaryimage\",\"url\":\"https:\/\/www.slatinska-banka.hr\/wp-content\/uploads\/2019\/02\/max-larochelle-406332-unsplash.jpg\",\"contentUrl\":\"https:\/\/www.slatinska-banka.hr\/wp-content\/uploads\/2019\/02\/max-larochelle-406332-unsplash.jpg\",\"width\":2848,\"height\":4288},{\"@type\":\"BreadcrumbList\",\"@id\":\"https:\/\/www.slatinska-banka.hr\/poslovni-subjekti\/financiranje\/investicije\/#breadcrumb\",\"itemListElement\":[{\"@type\":\"ListItem\",\"position\":1,\"name\":\"Poslovni subjekti\",\"item\":\"https:\/\/www.slatinska-banka.hr\/poslovni-subjekti\/\"},{\"@type\":\"ListItem\",\"position\":2,\"name\":\"Financiranje\",\"item\":\"https:\/\/www.slatinska-banka.hr\/poslovni-subjekti\/financiranje\/\"},{\"@type\":\"ListItem\",\"position\":3,\"name\":\"Krediti za investicije\"}]},{\"@type\":\"WebSite\",\"@id\":\"https:\/\/www.slatinska-banka.hr\/#website\",\"url\":\"https:\/\/www.slatinska-banka.hr\/\",\"name\":\"Slatinska Banka\",\"description\":\"Razlika je u pristupu\",\"publisher\":{\"@id\":\"https:\/\/www.slatinska-banka.hr\/#organization\"},\"potentialAction\":[{\"@type\":\"SearchAction\",\"target\":{\"@type\":\"EntryPoint\",\"urlTemplate\":\"https:\/\/www.slatinska-banka.hr\/?s={search_term_string}\"},\"query-input\":{\"@type\":\"PropertyValueSpecification\",\"valueRequired\":true,\"valueName\":\"search_term_string\"}}],\"inLanguage\":\"en-US\"},{\"@type\":\"Organization\",\"@id\":\"https:\/\/www.slatinska-banka.hr\/#organization\",\"name\":\"Slatinska banka d.d.\",\"url\":\"https:\/\/www.slatinska-banka.hr\/\",\"logo\":{\"@type\":\"ImageObject\",\"inLanguage\":\"en-US\",\"@id\":\"https:\/\/www.slatinska-banka.hr\/#\/schema\/logo\/image\/\",\"url\":\"https:\/\/www.slatinska-banka.hr\/wp-content\/uploads\/2019\/02\/logo_big.png\",\"contentUrl\":\"https:\/\/www.slatinska-banka.hr\/wp-content\/uploads\/2019\/02\/logo_big.png\",\"width\":302,\"height\":244,\"caption\":\"Slatinska banka d.d.\"},\"image\":{\"@id\":\"https:\/\/www.slatinska-banka.hr\/#\/schema\/logo\/image\/\"},\"sameAs\":[\"https:\/\/www.facebook.com\/slatinskabanka\/\",\"https:\/\/www.linkedin.com\/company\/slatinska-banka-dd\"]}]}<\/script>\n<!-- \/ Yoast SEO plugin. -->","yoast_head_json":{"title":"Krediti za investicije - Slatinska Banka","robots":{"index":"index","follow":"follow","max-snippet":"max-snippet:-1","max-image-preview":"max-image-preview:large","max-video-preview":"max-video-preview:-1"},"canonical":"https:\/\/www.slatinska-banka.hr\/en\/poslovni-subjekti\/financiranje\/investicije\/","og_locale":"en_US","og_type":"article","og_title":"Krediti za investicije - Slatinska Banka","og_description":"Vrijeme je za pro\u0161irenje poslovanja? Ula\u017ee\u0161 u proizvodni pogon, skladi\u0161ta? Ima\u0161 neku drugu investiciju? Onda ti treba dugoro\u010dni kredit. &nbsp; Ne treba\u0161 imati u\u010de\u0161\u0107e jer financiramo cijelu investiciju! Ako nema\u0161 [&hellip;]","og_url":"https:\/\/www.slatinska-banka.hr\/en\/poslovni-subjekti\/financiranje\/investicije\/","og_site_name":"Slatinska Banka","article_publisher":"https:\/\/www.facebook.com\/slatinskabanka\/","article_modified_time":"2023-04-06T10:09:16+00:00","og_image":[{"width":680,"height":1024,"url":"https:\/\/www.slatinska-banka.hr\/wp-content\/uploads\/2019\/02\/max-larochelle-406332-unsplash-680x1024.jpg","type":"image\/jpeg"}],"twitter_card":"summary_large_image","twitter_misc":{"Est. reading time":"1 minute"},"schema":{"@context":"https:\/\/schema.org","@graph":[{"@type":"WebPage","@id":"https:\/\/www.slatinska-banka.hr\/poslovni-subjekti\/financiranje\/investicije\/","url":"https:\/\/www.slatinska-banka.hr\/poslovni-subjekti\/financiranje\/investicije\/","name":"Krediti za investicije - Slatinska Banka","isPartOf":{"@id":"https:\/\/www.slatinska-banka.hr\/#website"},"primaryImageOfPage":{"@id":"https:\/\/www.slatinska-banka.hr\/poslovni-subjekti\/financiranje\/investicije\/#primaryimage"},"image":{"@id":"https:\/\/www.slatinska-banka.hr\/poslovni-subjekti\/financiranje\/investicije\/#primaryimage"},"thumbnailUrl":"https:\/\/www.slatinska-banka.hr\/wp-content\/uploads\/2019\/02\/max-larochelle-406332-unsplash.jpg","datePublished":"2019-02-06T10:08:28+00:00","dateModified":"2023-04-06T10:09:16+00:00","breadcrumb":{"@id":"https:\/\/www.slatinska-banka.hr\/poslovni-subjekti\/financiranje\/investicije\/#breadcrumb"},"inLanguage":"en-US","potentialAction":[{"@type":"ReadAction","target":["https:\/\/www.slatinska-banka.hr\/poslovni-subjekti\/financiranje\/investicije\/"]}]},{"@type":"ImageObject","inLanguage":"en-US","@id":"https:\/\/www.slatinska-banka.hr\/poslovni-subjekti\/financiranje\/investicije\/#primaryimage","url":"https:\/\/www.slatinska-banka.hr\/wp-content\/uploads\/2019\/02\/max-larochelle-406332-unsplash.jpg","contentUrl":"https:\/\/www.slatinska-banka.hr\/wp-content\/uploads\/2019\/02\/max-larochelle-406332-unsplash.jpg","width":2848,"height":4288},{"@type":"BreadcrumbList","@id":"https:\/\/www.slatinska-banka.hr\/poslovni-subjekti\/financiranje\/investicije\/#breadcrumb","itemListElement":[{"@type":"ListItem","position":1,"name":"Poslovni subjekti","item":"https:\/\/www.slatinska-banka.hr\/poslovni-subjekti\/"},{"@type":"ListItem","position":2,"name":"Financiranje","item":"https:\/\/www.slatinska-banka.hr\/poslovni-subjekti\/financiranje\/"},{"@type":"ListItem","position":3,"name":"Krediti za investicije"}]},{"@type":"WebSite","@id":"https:\/\/www.slatinska-banka.hr\/#website","url":"https:\/\/www.slatinska-banka.hr\/","name":"Slatinska Banka","description":"Razlika je u pristupu","publisher":{"@id":"https:\/\/www.slatinska-banka.hr\/#organization"},"potentialAction":[{"@type":"SearchAction","target":{"@type":"EntryPoint","urlTemplate":"https:\/\/www.slatinska-banka.hr\/?s={search_term_string}"},"query-input":{"@type":"PropertyValueSpecification","valueRequired":true,"valueName":"search_term_string"}}],"inLanguage":"en-US"},{"@type":"Organization","@id":"https:\/\/www.slatinska-banka.hr\/#organization","name":"Slatinska banka d.d.","url":"https:\/\/www.slatinska-banka.hr\/","logo":{"@type":"ImageObject","inLanguage":"en-US","@id":"https:\/\/www.slatinska-banka.hr\/#\/schema\/logo\/image\/","url":"https:\/\/www.slatinska-banka.hr\/wp-content\/uploads\/2019\/02\/logo_big.png","contentUrl":"https:\/\/www.slatinska-banka.hr\/wp-content\/uploads\/2019\/02\/logo_big.png","width":302,"height":244,"caption":"Slatinska banka d.d."},"image":{"@id":"https:\/\/www.slatinska-banka.hr\/#\/schema\/logo\/image\/"},"sameAs":["https:\/\/www.facebook.com\/slatinskabanka\/","https:\/\/www.linkedin.com\/company\/slatinska-banka-dd"]}]}},"_links":{"self":[{"href":"https:\/\/www.slatinska-banka.hr\/en\/wp-json\/wp\/v2\/pages\/633","targetHints":{"allow":["GET"]}}],"collection":[{"href":"https:\/\/www.slatinska-banka.hr\/en\/wp-json\/wp\/v2\/pages"}],"about":[{"href":"https:\/\/www.slatinska-banka.hr\/en\/wp-json\/wp\/v2\/types\/page"}],"author":[{"embeddable":true,"href":"https:\/\/www.slatinska-banka.hr\/en\/wp-json\/wp\/v2\/users\/14"}],"replies":[{"embeddable":true,"href":"https:\/\/www.slatinska-banka.hr\/en\/wp-json\/wp\/v2\/comments?post=633"}],"version-history":[{"count":14,"href":"https:\/\/www.slatinska-banka.hr\/en\/wp-json\/wp\/v2\/pages\/633\/revisions"}],"predecessor-version":[{"id":480296,"href":"https:\/\/www.slatinska-banka.hr\/en\/wp-json\/wp\/v2\/pages\/633\/revisions\/480296"}],"up":[{"embeddable":true,"href":"https:\/\/www.slatinska-banka.hr\/en\/wp-json\/wp\/v2\/pages\/32"}],"wp:featuredmedia":[{"embeddable":true,"href":"https:\/\/www.slatinska-banka.hr\/en\/wp-json\/wp\/v2\/media\/2061"}],"wp:attachment":[{"href":"https:\/\/www.slatinska-banka.hr\/en\/wp-json\/wp\/v2\/media?parent=633"}],"wp:term":[{"taxonomy":"category","embeddable":true,"href":"https:\/\/www.slatinska-banka.hr\/en\/wp-json\/wp\/v2\/categories?post=633"},{"taxonomy":"post_tag","embeddable":true,"href":"https:\/\/www.slatinska-banka.hr\/en\/wp-json\/wp\/v2\/tags?post=633"}],"curies":[{"name":"wp","href":"https:\/\/api.w.org\/{rel}","templated":true}]}}