{"id":6196,"date":"2020-04-02T07:58:42","date_gmt":"2020-04-02T05:58:42","guid":{"rendered":"http:\/\/www.slatinska-banka.hr\/?page_id=6196"},"modified":"2020-04-02T14:16:42","modified_gmt":"2020-04-02T12:16:42","slug":"zahtjev-za-moratorij-za-poslovne-subjekte","status":"publish","type":"page","link":"https:\/\/www.slatinska-banka.hr\/en\/zahtjev-za-moratorij-za-poslovne-subjekte\/","title":{"rendered":"Zahtjev za moratorij za poslovne subjekte"},"content":{"rendered":"<p>Kako bismo olak\u0161ali podno\u0161enje prijava, privremeno se slu\u017eimo kontakt obrascem.<\/p>\r\n<p>&nbsp;<\/p>\r\n<p><strong>Popunite zadana polja, a u polje Poruka dopi\u0161ite slijede\u0107e podatke:<\/strong><\/p>\r\n<p>Broj ugovora o kreditu\/partiju\u00a0<\/p>\r\n<p>te upi\u0161ite jedan ili vi\u0161e razloga podno\u0161enja zahtjeva:<\/p>\r\n<ul>\r\n\t<li>smanjenje izvora prihoda\/primitaka<\/li>\r\n\t<li>raskid ugovora s kupcima i\/ili dobavlja\u010dima<\/li>\r\n<\/ul>","protected":false},"excerpt":{"rendered":"<p>Kako bismo olak\u0161ali podno\u0161enje prijava, privremeno se slu\u017eimo kontakt obrascem. &nbsp; Popunite zadana polja, a u polje Poruka dopi\u0161ite slijede\u0107e podatke: Broj ugovora o kreditu\/partiju\u00a0 te upi\u0161ite jedan ili vi\u0161e [&hellip;]<\/p>","protected":false},"author":14,"featured_media":0,"parent":0,"menu_order":0,"comment_status":"closed","ping_status":"closed","template":"","meta":{"_acf_changed":false,"footnotes":""},"categories":[],"tags":[],"class_list":["post-6196","page","type-page","status-publish","hentry"],"acf":[],"yoast_head":"<!-- This site is optimized with the Yoast SEO plugin v25.4 - https:\/\/yoast.com\/wordpress\/plugins\/seo\/ -->\n<title>Zahtjev za moratorij za poslovne subjekte - Slatinska Banka<\/title>\n<meta name=\"robots\" content=\"index, follow, max-snippet:-1, max-image-preview:large, max-video-preview:-1\" \/>\n<link rel=\"canonical\" href=\"https:\/\/www.slatinska-banka.hr\/en\/zahtjev-za-moratorij-za-poslovne-subjekte\/\" \/>\n<meta property=\"og:locale\" content=\"en_US\" \/>\n<meta property=\"og:type\" content=\"article\" \/>\n<meta property=\"og:title\" content=\"Zahtjev za moratorij za poslovne subjekte - Slatinska Banka\" \/>\n<meta property=\"og:description\" content=\"Kako bismo olak\u0161ali podno\u0161enje prijava, privremeno se slu\u017eimo kontakt obrascem. &nbsp; Popunite zadana polja, a u polje Poruka dopi\u0161ite slijede\u0107e podatke: Broj ugovora o kreditu\/partiju\u00a0 te upi\u0161ite jedan ili vi\u0161e [&hellip;]\" \/>\n<meta property=\"og:url\" content=\"https:\/\/www.slatinska-banka.hr\/en\/zahtjev-za-moratorij-za-poslovne-subjekte\/\" \/>\n<meta property=\"og:site_name\" content=\"Slatinska Banka\" \/>\n<meta property=\"article:publisher\" content=\"https:\/\/www.facebook.com\/slatinskabanka\/\" \/>\n<meta property=\"article:modified_time\" content=\"2020-04-02T12:16:42+00:00\" \/>\n<meta name=\"twitter:card\" content=\"summary_large_image\" \/>\n<script type=\"application\/ld+json\" class=\"yoast-schema-graph\">{\"@context\":\"https:\/\/schema.org\",\"@graph\":[{\"@type\":\"WebPage\",\"@id\":\"https:\/\/www.slatinska-banka.hr\/en\/zahtjev-za-moratorij-za-poslovne-subjekte\/\",\"url\":\"https:\/\/www.slatinska-banka.hr\/en\/zahtjev-za-moratorij-za-poslovne-subjekte\/\",\"name\":\"Zahtjev za moratorij za poslovne subjekte - Slatinska Banka\",\"isPartOf\":{\"@id\":\"https:\/\/www.slatinska-banka.hr\/#website\"},\"datePublished\":\"2020-04-02T05:58:42+00:00\",\"dateModified\":\"2020-04-02T12:16:42+00:00\",\"inLanguage\":\"en-US\",\"potentialAction\":[{\"@type\":\"ReadAction\",\"target\":[\"https:\/\/www.slatinska-banka.hr\/en\/zahtjev-za-moratorij-za-poslovne-subjekte\/\"]}]},{\"@type\":\"WebSite\",\"@id\":\"https:\/\/www.slatinska-banka.hr\/#website\",\"url\":\"https:\/\/www.slatinska-banka.hr\/\",\"name\":\"Slatinska Banka\",\"description\":\"Razlika je u pristupu\",\"publisher\":{\"@id\":\"https:\/\/www.slatinska-banka.hr\/#organization\"},\"potentialAction\":[{\"@type\":\"SearchAction\",\"target\":{\"@type\":\"EntryPoint\",\"urlTemplate\":\"https:\/\/www.slatinska-banka.hr\/?s={search_term_string}\"},\"query-input\":{\"@type\":\"PropertyValueSpecification\",\"valueRequired\":true,\"valueName\":\"search_term_string\"}}],\"inLanguage\":\"en-US\"},{\"@type\":\"Organization\",\"@id\":\"https:\/\/www.slatinska-banka.hr\/#organization\",\"name\":\"Slatinska banka d.d.\",\"url\":\"https:\/\/www.slatinska-banka.hr\/\",\"logo\":{\"@type\":\"ImageObject\",\"inLanguage\":\"en-US\",\"@id\":\"https:\/\/www.slatinska-banka.hr\/#\/schema\/logo\/image\/\",\"url\":\"https:\/\/www.slatinska-banka.hr\/wp-content\/uploads\/2019\/02\/logo_big.png\",\"contentUrl\":\"https:\/\/www.slatinska-banka.hr\/wp-content\/uploads\/2019\/02\/logo_big.png\",\"width\":302,\"height\":244,\"caption\":\"Slatinska banka d.d.\"},\"image\":{\"@id\":\"https:\/\/www.slatinska-banka.hr\/#\/schema\/logo\/image\/\"},\"sameAs\":[\"https:\/\/www.facebook.com\/slatinskabanka\/\",\"https:\/\/www.linkedin.com\/company\/slatinska-banka-dd\"]}]}<\/script>\n<!-- \/ Yoast SEO plugin. -->","yoast_head_json":{"title":"Zahtjev za moratorij za poslovne subjekte - Slatinska Banka","robots":{"index":"index","follow":"follow","max-snippet":"max-snippet:-1","max-image-preview":"max-image-preview:large","max-video-preview":"max-video-preview:-1"},"canonical":"https:\/\/www.slatinska-banka.hr\/en\/zahtjev-za-moratorij-za-poslovne-subjekte\/","og_locale":"en_US","og_type":"article","og_title":"Zahtjev za moratorij za poslovne subjekte - Slatinska Banka","og_description":"Kako bismo olak\u0161ali podno\u0161enje prijava, privremeno se slu\u017eimo kontakt obrascem. &nbsp; Popunite zadana polja, a u polje Poruka dopi\u0161ite slijede\u0107e podatke: Broj ugovora o kreditu\/partiju\u00a0 te upi\u0161ite jedan ili vi\u0161e [&hellip;]","og_url":"https:\/\/www.slatinska-banka.hr\/en\/zahtjev-za-moratorij-za-poslovne-subjekte\/","og_site_name":"Slatinska Banka","article_publisher":"https:\/\/www.facebook.com\/slatinskabanka\/","article_modified_time":"2020-04-02T12:16:42+00:00","twitter_card":"summary_large_image","schema":{"@context":"https:\/\/schema.org","@graph":[{"@type":"WebPage","@id":"https:\/\/www.slatinska-banka.hr\/en\/zahtjev-za-moratorij-za-poslovne-subjekte\/","url":"https:\/\/www.slatinska-banka.hr\/en\/zahtjev-za-moratorij-za-poslovne-subjekte\/","name":"Zahtjev za moratorij za poslovne subjekte - Slatinska Banka","isPartOf":{"@id":"https:\/\/www.slatinska-banka.hr\/#website"},"datePublished":"2020-04-02T05:58:42+00:00","dateModified":"2020-04-02T12:16:42+00:00","inLanguage":"en-US","potentialAction":[{"@type":"ReadAction","target":["https:\/\/www.slatinska-banka.hr\/en\/zahtjev-za-moratorij-za-poslovne-subjekte\/"]}]},{"@type":"WebSite","@id":"https:\/\/www.slatinska-banka.hr\/#website","url":"https:\/\/www.slatinska-banka.hr\/","name":"Slatinska Banka","description":"Razlika je u pristupu","publisher":{"@id":"https:\/\/www.slatinska-banka.hr\/#organization"},"potentialAction":[{"@type":"SearchAction","target":{"@type":"EntryPoint","urlTemplate":"https:\/\/www.slatinska-banka.hr\/?s={search_term_string}"},"query-input":{"@type":"PropertyValueSpecification","valueRequired":true,"valueName":"search_term_string"}}],"inLanguage":"en-US"},{"@type":"Organization","@id":"https:\/\/www.slatinska-banka.hr\/#organization","name":"Slatinska banka d.d.","url":"https:\/\/www.slatinska-banka.hr\/","logo":{"@type":"ImageObject","inLanguage":"en-US","@id":"https:\/\/www.slatinska-banka.hr\/#\/schema\/logo\/image\/","url":"https:\/\/www.slatinska-banka.hr\/wp-content\/uploads\/2019\/02\/logo_big.png","contentUrl":"https:\/\/www.slatinska-banka.hr\/wp-content\/uploads\/2019\/02\/logo_big.png","width":302,"height":244,"caption":"Slatinska banka d.d."},"image":{"@id":"https:\/\/www.slatinska-banka.hr\/#\/schema\/logo\/image\/"},"sameAs":["https:\/\/www.facebook.com\/slatinskabanka\/","https:\/\/www.linkedin.com\/company\/slatinska-banka-dd"]}]}},"_links":{"self":[{"href":"https:\/\/www.slatinska-banka.hr\/en\/wp-json\/wp\/v2\/pages\/6196","targetHints":{"allow":["GET"]}}],"collection":[{"href":"https:\/\/www.slatinska-banka.hr\/en\/wp-json\/wp\/v2\/pages"}],"about":[{"href":"https:\/\/www.slatinska-banka.hr\/en\/wp-json\/wp\/v2\/types\/page"}],"author":[{"embeddable":true,"href":"https:\/\/www.slatinska-banka.hr\/en\/wp-json\/wp\/v2\/users\/14"}],"replies":[{"embeddable":true,"href":"https:\/\/www.slatinska-banka.hr\/en\/wp-json\/wp\/v2\/comments?post=6196"}],"version-history":[{"count":3,"href":"https:\/\/www.slatinska-banka.hr\/en\/wp-json\/wp\/v2\/pages\/6196\/revisions"}],"predecessor-version":[{"id":6241,"href":"https:\/\/www.slatinska-banka.hr\/en\/wp-json\/wp\/v2\/pages\/6196\/revisions\/6241"}],"wp:attachment":[{"href":"https:\/\/www.slatinska-banka.hr\/en\/wp-json\/wp\/v2\/media?parent=6196"}],"wp:term":[{"taxonomy":"category","embeddable":true,"href":"https:\/\/www.slatinska-banka.hr\/en\/wp-json\/wp\/v2\/categories?post=6196"},{"taxonomy":"post_tag","embeddable":true,"href":"https:\/\/www.slatinska-banka.hr\/en\/wp-json\/wp\/v2\/tags?post=6196"}],"curies":[{"name":"wp","href":"https:\/\/api.w.org\/{rel}","templated":true}]}}