{"id":617,"date":"2019-02-06T10:46:11","date_gmt":"2019-02-06T09:46:11","guid":{"rendered":"http:\/\/www.slatinska-banka.hr\/?page_id=617"},"modified":"2019-07-09T15:09:06","modified_gmt":"2019-07-09T13:09:06","slug":"b2g","status":"publish","type":"page","link":"https:\/\/www.slatinska-banka.hr\/en\/poslovni-subjekti\/racuni-i-placanja\/online-bankarstvo-i-dodatne-usluge\/b2g\/","title":{"rendered":"e-poslovanje s dr\u017eavnom upravom i javnim slu\u017ebama"},"content":{"rendered":"<p>Ima\u0161 samostalno knjigovodstvo &#8211; na\u0161im kriptografskim ure\u0111ajem omogu\u0107ujemo ti jednostavnije poslovanje s dr\u017eavnom upravom i javnim slu\u017ebama<\/p>\r\n<p>B2G (Business to Government) je skup elektroni\u010dkih usluga dr\u017eavne uprave i javnih slu\u017ebi dostupnih putem Interneta, namijenjena poslovnim subjektima. Za kori\u0161tenje B2G usluga potreban je kriptografski ure\u0111aj (USB &#8211; PKI) na koji se pohranjuje FINA certifikat.<\/p>\r\n<p>&nbsp;<\/p>\r\n<p class=\"big\">Novo! S na\u0161im ure\u0111ajem do e-Ra\u010duna!\u00a0<\/p>\r\n<div class=\"accordeon\"><\/p>\r\n<p><h2><span class=\"naslov\">Vi\u0161e o e-ra\u010dunu<\/span><\/h2><div><\/p>\n<p>Od 01.srpnja 2019.godine po\u010dinje puna primjena posebnog pravnog okvira koji u odre\u0111enim okolnostima name\u0107e upotrebu elektroni\u010dkog ra\u010duna (eRa\u010duna). \u00a0Rije\u010d je o Zakonu o elektroni\u010dkom izdavanju ra\u010duna u javnoj nabavi (NN 94\/18). Njegova obvezuju\u0107a primjena je u odnosu na osobe koje su obveznici primjene Zakona o javnoj nabavi (NN 120\/16).\u00a0 Naru\u010ditelji u sustavu javne nabave razvrstavaju se u javne i sektorske.\u00a0<\/p>\n<p>Poslovni subjekti koji posluju s naru\u010diteljima iz sustava javne nabave, od 1.7.2019. obvezni su izdavati e-ra\u010dun.<\/p>\n<p>Izdavanje e-ra\u010duna mo\u017ee se raditi samo preko ovla\u0161tenih Internet servisa, a ako koristite Internet bankarstvo Slatinske banke, servisu za e-ra\u010dune mo\u017eete pristupiti koriste\u0107i USB-PKI autentifikaciju. <br \/>\nDa biste imali pristup navedenom servisu, trebate popuniti <a href=\"http:\/\/www.slatinska-banka.hr\/wp-content\/uploads\/PCPP001-010F-2004-Pristupnica-za-internetski-servis-e-Ra\u010dun-v2.00.doc\">Pristupnicu za internetski servis<\/a> e-Ra\u010dun na temelju koje \u0107emo vam dodijeliti pravo pristupa\/rada na istom.<\/p>\n<p><span style=\"display: inline !important; float: none; background-color: #ffffff; color: #333333; cursor: text; font-family: Georgia,'Times New Roman','Bitstream Charter',Times,serif; font-size: 16px; font-style: normal; font-variant: normal; font-weight: 400; letter-spacing: normal; orphans: 2; text-align: left; text-decoration: none; text-indent: 0px; text-transform: none; -webkit-text-stroke-width: 0px; white-space: normal; word-spacing: 0px;\"><\/p>\n<\/div><\/span><\/p>\r\n<p>&nbsp;<\/p>\r\n<p><h2><span class=\"naslov\">Ostale usluge<\/span><\/h2><div><\/p>\n<p><strong>Registar godi\u0161njih financijskih izvje\u0161taja (RGFI)<\/strong><\/p>\n<p>Registar godi\u0161njih financijskih izvje\u0161taja je sredi\u0161nji izvor informacija o uspje\u0161nosti poslovanja i financijskom polo\u017eaju pravnih i fizi\u010dkih osoba koje su obveznici poreza na dobit. Usluga omogu\u0107ava predaju i preuzimanje godi\u0161njih i tromjese\u010dnih financijskih izvje\u0161taja.<\/p>\n<p><strong>Registar koncesija<\/strong><\/p>\n<p>Registar koncesija jedinstvena je elektroni\u010dka evidencija ugovora i sredi\u0161nji izvor informacija o svim koncesijama ugovorenim na podru\u010dju Republike Hrvatske. Usluga omogu\u0107ava pristup Internetom podacima koji se odnose na sve ugovore o koncesijama na podru\u010dju Republike Hrvatske.<\/p>\n<p><strong>WEB BON<\/strong><\/p>\n<p>Najbr\u017ei i najjednostavniji na\u010din preuzimanja bonitetnih informacija je putem Internet usluge WEB BON. Usluga omogu\u0107ava preuzimanje Obrasca BON-1 (na hrvatskom, engleskom i njema\u010dkom jeziku), te popis tra\u017eitelja Va\u0161eg Obrasca BON-1.<\/p>\n<p><strong>e-REGOS<\/strong><\/p>\n<p>Usluga e-REGOS omogu\u0107ava jednostavan, brz i suvremen na\u010din predaje Obrasca R-Sm (Specifikacija po osiguranicima o obra\u010dunatim doprinosima za obvezna mirovinska osiguranja) u Sredi\u0161nji registar osiguranika (REGOS).<\/p>\n<p><strong>e-BLOKADE<\/strong><\/p>\n<p>Servis e-Blokade\u00a0ovla\u0161tenom korisniku podataka (ovr\u0161eniku te ovrhovoditelju ili njihovom punomo\u0107niku), dalje u tekstu korisniku, omogu\u0107uje uvid u podatke odnosno sliku osnove za pla\u0107anje, propisane Pravilnikom o na\u010dinu i postupku provedbe ovrhe na nov\u010danim sredstvima sukladno Zakonu o provedbi ovrhe na nov\u010danim sredstvima.<\/p>\n<p>Servis e-Blokade korisniku omogu\u0107uje informacije o osnovama za pla\u0107anje koje su formalno ispravne i po kojima je zapo\u010deto izvr\u0161enje.<\/p>\n<p><strong>e-POREZNA<\/strong><\/p>\n<p>Obuhva\u0107a skup elektroni\u010dkih usluga Porezne uprave namijenjenih svim poreznim obveznicima u Republici Hrvatskoj. Usluga omogu\u0107ava elektroni\u010dku predaju digitalno potpisanih obrzaca, dohvat statusa poslanih obrazaca te uvid u porezno knjigovodstvenu karticu, a sve u cilju jednostavnijeg i br\u017eeg ispunjavanja obveza prema Poreznoj upravi. U sklopu usluge odvija se sigurna razmjena elektroni\u010dkih dokumenata izme\u0111u poreznog obveznika i Porezne uprave.<\/p>\n<p><strong>e-MIROVINSKO<\/strong><\/p>\n<p>Usluga omogu\u0107ava elektroni\u010dku komunikaciju izme\u0111u korisnika usluga i Hrvatskog zavoda za mirovinsko osiguranje. Korisnicima je omogu\u0107ena elektroni\u010dku prijavu po\u010detka poslovanja i sve prmjene tijekom poslovanja kao i prijave, promjene i prestanak osiguranja za svoje radnike\/ice, i to 24 sata na dan, 7 dana u tjednu, bez potrebe doaska na \u0161alter Zavoda.<\/p>\n<p><strong>e-ZDRAVSTVENO<\/strong><\/p>\n<p>Usluga Hrvatskog zavoda za zdravstveno osiguranje poslovnim subjektima (obveznicima uplate doprinosa) omogu\u0107ava podno\u0161enje prijave i odjave osiguranih osoba, promjenu podataka osiguranih osoba, te prijavu radnika i \u010dlanova obitelji elektroni\u010dkim putem.<\/p>\n<p>Podnesena prijava na mirovinsko osiguranje, elektronskom razmjenom s Hrvatskim zavodom za mirovinsko osiguranje (HZMO) ujedno predstavlja i prijavu na obvezno zdravstveno osiguranje \u010dime radno aktivni osiguranici ne\u0107e trebati dolaziti na \u0161alter HZZO-a kako bi regulirali svoj status u obveznom zdravstvenom osiguranju.<\/p>\n<p><strong>e-CARINA<\/strong><\/p>\n<p>Usluga omogu\u0107ava podno\u0161enje jedinstvene carinske deklaracije u elektroni\u010dkom obliku izme\u0111u sudionika u carinskom postupku, \u010dime je omogu\u0107eno direktno sudjelovanje svih sudionika carinskog postupka (otpremnika, uvoznika, izvoznika).<\/p>\n<p>\n<\/div><\/p>\r\n<p><\/div>","protected":false},"excerpt":{"rendered":"<p>Ima\u0161 samostalno knjigovodstvo &#8211; na\u0161im kriptografskim ure\u0111ajem omogu\u0107ujemo ti jednostavnije poslovanje s dr\u017eavnom upravom i javnim slu\u017ebama B2G (Business to Government) je skup elektroni\u010dkih usluga dr\u017eavne uprave i javnih slu\u017ebi [&hellip;]<\/p>","protected":false},"author":14,"featured_media":2335,"parent":594,"menu_order":0,"comment_status":"closed","ping_status":"closed","template":"page-template-4.php","meta":{"_acf_changed":false,"footnotes":""},"categories":[],"tags":[],"class_list":["post-617","page","type-page","status-publish","has-post-thumbnail","hentry"],"acf":[],"yoast_head":"<!-- This site is optimized with the Yoast SEO plugin v25.4 - https:\/\/yoast.com\/wordpress\/plugins\/seo\/ -->\n<title>e-poslovanje s dr\u017eavnom upravom i javnim slu\u017ebama - Slatinska Banka<\/title>\n<meta name=\"robots\" content=\"index, follow, max-snippet:-1, max-image-preview:large, max-video-preview:-1\" \/>\n<link rel=\"canonical\" href=\"https:\/\/www.slatinska-banka.hr\/en\/poslovni-subjekti\/racuni-i-placanja\/online-bankarstvo-i-dodatne-usluge\/b2g\/\" \/>\n<meta property=\"og:locale\" content=\"en_US\" \/>\n<meta property=\"og:type\" content=\"article\" \/>\n<meta property=\"og:title\" content=\"e-poslovanje s dr\u017eavnom upravom i javnim slu\u017ebama - Slatinska Banka\" \/>\n<meta property=\"og:description\" content=\"Ima\u0161 samostalno knjigovodstvo &#8211; na\u0161im kriptografskim ure\u0111ajem omogu\u0107ujemo ti jednostavnije poslovanje s dr\u017eavnom upravom i javnim slu\u017ebama B2G (Business to Government) je skup elektroni\u010dkih usluga dr\u017eavne uprave i javnih slu\u017ebi [&hellip;]\" \/>\n<meta property=\"og:url\" content=\"https:\/\/www.slatinska-banka.hr\/en\/poslovni-subjekti\/racuni-i-placanja\/online-bankarstvo-i-dodatne-usluge\/b2g\/\" \/>\n<meta property=\"og:site_name\" content=\"Slatinska Banka\" \/>\n<meta property=\"article:publisher\" content=\"https:\/\/www.facebook.com\/slatinskabanka\/\" \/>\n<meta property=\"article:modified_time\" content=\"2019-07-09T13:09:06+00:00\" \/>\n<meta property=\"og:image\" content=\"https:\/\/www.slatinska-banka.hr\/wp-content\/uploads\/2019\/03\/EPOREZNA1.jpg\" \/>\n\t<meta property=\"og:image:width\" content=\"317\" \/>\n\t<meta property=\"og:image:height\" content=\"200\" \/>\n\t<meta property=\"og:image:type\" content=\"image\/jpeg\" \/>\n<meta name=\"twitter:card\" content=\"summary_large_image\" \/>\n<meta name=\"twitter:label1\" content=\"Est. reading time\" \/>\n\t<meta name=\"twitter:data1\" content=\"4 minutes\" \/>\n<script type=\"application\/ld+json\" class=\"yoast-schema-graph\">{\"@context\":\"https:\/\/schema.org\",\"@graph\":[{\"@type\":\"WebPage\",\"@id\":\"https:\/\/www.slatinska-banka.hr\/poslovni-subjekti\/racuni-i-placanja\/online-bankarstvo-i-dodatne-usluge\/b2g\/\",\"url\":\"https:\/\/www.slatinska-banka.hr\/poslovni-subjekti\/racuni-i-placanja\/online-bankarstvo-i-dodatne-usluge\/b2g\/\",\"name\":\"e-poslovanje s dr\u017eavnom upravom i javnim slu\u017ebama - Slatinska Banka\",\"isPartOf\":{\"@id\":\"https:\/\/www.slatinska-banka.hr\/#website\"},\"primaryImageOfPage\":{\"@id\":\"https:\/\/www.slatinska-banka.hr\/poslovni-subjekti\/racuni-i-placanja\/online-bankarstvo-i-dodatne-usluge\/b2g\/#primaryimage\"},\"image\":{\"@id\":\"https:\/\/www.slatinska-banka.hr\/poslovni-subjekti\/racuni-i-placanja\/online-bankarstvo-i-dodatne-usluge\/b2g\/#primaryimage\"},\"thumbnailUrl\":\"https:\/\/www.slatinska-banka.hr\/wp-content\/uploads\/2019\/03\/EPOREZNA1.jpg\",\"datePublished\":\"2019-02-06T09:46:11+00:00\",\"dateModified\":\"2019-07-09T13:09:06+00:00\",\"breadcrumb\":{\"@id\":\"https:\/\/www.slatinska-banka.hr\/poslovni-subjekti\/racuni-i-placanja\/online-bankarstvo-i-dodatne-usluge\/b2g\/#breadcrumb\"},\"inLanguage\":\"en-US\",\"potentialAction\":[{\"@type\":\"ReadAction\",\"target\":[\"https:\/\/www.slatinska-banka.hr\/poslovni-subjekti\/racuni-i-placanja\/online-bankarstvo-i-dodatne-usluge\/b2g\/\"]}]},{\"@type\":\"ImageObject\",\"inLanguage\":\"en-US\",\"@id\":\"https:\/\/www.slatinska-banka.hr\/poslovni-subjekti\/racuni-i-placanja\/online-bankarstvo-i-dodatne-usluge\/b2g\/#primaryimage\",\"url\":\"https:\/\/www.slatinska-banka.hr\/wp-content\/uploads\/2019\/03\/EPOREZNA1.jpg\",\"contentUrl\":\"https:\/\/www.slatinska-banka.hr\/wp-content\/uploads\/2019\/03\/EPOREZNA1.jpg\",\"width\":317,\"height\":200},{\"@type\":\"BreadcrumbList\",\"@id\":\"https:\/\/www.slatinska-banka.hr\/poslovni-subjekti\/racuni-i-placanja\/online-bankarstvo-i-dodatne-usluge\/b2g\/#breadcrumb\",\"itemListElement\":[{\"@type\":\"ListItem\",\"position\":1,\"name\":\"Poslovni subjekti\",\"item\":\"https:\/\/www.slatinska-banka.hr\/poslovni-subjekti\/\"},{\"@type\":\"ListItem\",\"position\":2,\"name\":\"Ra\u010duni i pla\u0107anja\",\"item\":\"https:\/\/www.slatinska-banka.hr\/poslovni-subjekti\/racuni-i-placanja\/\"},{\"@type\":\"ListItem\",\"position\":3,\"name\":\"Online Bankarstvo i dodatne usluge\",\"item\":\"https:\/\/www.slatinska-banka.hr\/poslovni-subjekti\/racuni-i-placanja\/online-bankarstvo-i-dodatne-usluge\/\"},{\"@type\":\"ListItem\",\"position\":4,\"name\":\"e-poslovanje s dr\u017eavnom upravom i javnim slu\u017ebama\"}]},{\"@type\":\"WebSite\",\"@id\":\"https:\/\/www.slatinska-banka.hr\/#website\",\"url\":\"https:\/\/www.slatinska-banka.hr\/\",\"name\":\"Slatinska Banka\",\"description\":\"Razlika je u pristupu\",\"publisher\":{\"@id\":\"https:\/\/www.slatinska-banka.hr\/#organization\"},\"potentialAction\":[{\"@type\":\"SearchAction\",\"target\":{\"@type\":\"EntryPoint\",\"urlTemplate\":\"https:\/\/www.slatinska-banka.hr\/?s={search_term_string}\"},\"query-input\":{\"@type\":\"PropertyValueSpecification\",\"valueRequired\":true,\"valueName\":\"search_term_string\"}}],\"inLanguage\":\"en-US\"},{\"@type\":\"Organization\",\"@id\":\"https:\/\/www.slatinska-banka.hr\/#organization\",\"name\":\"Slatinska banka d.d.\",\"url\":\"https:\/\/www.slatinska-banka.hr\/\",\"logo\":{\"@type\":\"ImageObject\",\"inLanguage\":\"en-US\",\"@id\":\"https:\/\/www.slatinska-banka.hr\/#\/schema\/logo\/image\/\",\"url\":\"https:\/\/www.slatinska-banka.hr\/wp-content\/uploads\/2019\/02\/logo_big.png\",\"contentUrl\":\"https:\/\/www.slatinska-banka.hr\/wp-content\/uploads\/2019\/02\/logo_big.png\",\"width\":302,\"height\":244,\"caption\":\"Slatinska banka d.d.\"},\"image\":{\"@id\":\"https:\/\/www.slatinska-banka.hr\/#\/schema\/logo\/image\/\"},\"sameAs\":[\"https:\/\/www.facebook.com\/slatinskabanka\/\",\"https:\/\/www.linkedin.com\/company\/slatinska-banka-dd\"]}]}<\/script>\n<!-- \/ Yoast SEO plugin. -->","yoast_head_json":{"title":"e-poslovanje s dr\u017eavnom upravom i javnim slu\u017ebama - Slatinska Banka","robots":{"index":"index","follow":"follow","max-snippet":"max-snippet:-1","max-image-preview":"max-image-preview:large","max-video-preview":"max-video-preview:-1"},"canonical":"https:\/\/www.slatinska-banka.hr\/en\/poslovni-subjekti\/racuni-i-placanja\/online-bankarstvo-i-dodatne-usluge\/b2g\/","og_locale":"en_US","og_type":"article","og_title":"e-poslovanje s dr\u017eavnom upravom i javnim slu\u017ebama - Slatinska Banka","og_description":"Ima\u0161 samostalno knjigovodstvo &#8211; na\u0161im kriptografskim ure\u0111ajem omogu\u0107ujemo ti jednostavnije poslovanje s dr\u017eavnom upravom i javnim slu\u017ebama B2G (Business to Government) je skup elektroni\u010dkih usluga dr\u017eavne uprave i javnih slu\u017ebi [&hellip;]","og_url":"https:\/\/www.slatinska-banka.hr\/en\/poslovni-subjekti\/racuni-i-placanja\/online-bankarstvo-i-dodatne-usluge\/b2g\/","og_site_name":"Slatinska Banka","article_publisher":"https:\/\/www.facebook.com\/slatinskabanka\/","article_modified_time":"2019-07-09T13:09:06+00:00","og_image":[{"width":317,"height":200,"url":"https:\/\/www.slatinska-banka.hr\/wp-content\/uploads\/2019\/03\/EPOREZNA1.jpg","type":"image\/jpeg"}],"twitter_card":"summary_large_image","twitter_misc":{"Est. reading time":"4 minutes"},"schema":{"@context":"https:\/\/schema.org","@graph":[{"@type":"WebPage","@id":"https:\/\/www.slatinska-banka.hr\/poslovni-subjekti\/racuni-i-placanja\/online-bankarstvo-i-dodatne-usluge\/b2g\/","url":"https:\/\/www.slatinska-banka.hr\/poslovni-subjekti\/racuni-i-placanja\/online-bankarstvo-i-dodatne-usluge\/b2g\/","name":"e-poslovanje s dr\u017eavnom upravom i javnim slu\u017ebama - Slatinska Banka","isPartOf":{"@id":"https:\/\/www.slatinska-banka.hr\/#website"},"primaryImageOfPage":{"@id":"https:\/\/www.slatinska-banka.hr\/poslovni-subjekti\/racuni-i-placanja\/online-bankarstvo-i-dodatne-usluge\/b2g\/#primaryimage"},"image":{"@id":"https:\/\/www.slatinska-banka.hr\/poslovni-subjekti\/racuni-i-placanja\/online-bankarstvo-i-dodatne-usluge\/b2g\/#primaryimage"},"thumbnailUrl":"https:\/\/www.slatinska-banka.hr\/wp-content\/uploads\/2019\/03\/EPOREZNA1.jpg","datePublished":"2019-02-06T09:46:11+00:00","dateModified":"2019-07-09T13:09:06+00:00","breadcrumb":{"@id":"https:\/\/www.slatinska-banka.hr\/poslovni-subjekti\/racuni-i-placanja\/online-bankarstvo-i-dodatne-usluge\/b2g\/#breadcrumb"},"inLanguage":"en-US","potentialAction":[{"@type":"ReadAction","target":["https:\/\/www.slatinska-banka.hr\/poslovni-subjekti\/racuni-i-placanja\/online-bankarstvo-i-dodatne-usluge\/b2g\/"]}]},{"@type":"ImageObject","inLanguage":"en-US","@id":"https:\/\/www.slatinska-banka.hr\/poslovni-subjekti\/racuni-i-placanja\/online-bankarstvo-i-dodatne-usluge\/b2g\/#primaryimage","url":"https:\/\/www.slatinska-banka.hr\/wp-content\/uploads\/2019\/03\/EPOREZNA1.jpg","contentUrl":"https:\/\/www.slatinska-banka.hr\/wp-content\/uploads\/2019\/03\/EPOREZNA1.jpg","width":317,"height":200},{"@type":"BreadcrumbList","@id":"https:\/\/www.slatinska-banka.hr\/poslovni-subjekti\/racuni-i-placanja\/online-bankarstvo-i-dodatne-usluge\/b2g\/#breadcrumb","itemListElement":[{"@type":"ListItem","position":1,"name":"Poslovni subjekti","item":"https:\/\/www.slatinska-banka.hr\/poslovni-subjekti\/"},{"@type":"ListItem","position":2,"name":"Ra\u010duni i pla\u0107anja","item":"https:\/\/www.slatinska-banka.hr\/poslovni-subjekti\/racuni-i-placanja\/"},{"@type":"ListItem","position":3,"name":"Online Bankarstvo i dodatne usluge","item":"https:\/\/www.slatinska-banka.hr\/poslovni-subjekti\/racuni-i-placanja\/online-bankarstvo-i-dodatne-usluge\/"},{"@type":"ListItem","position":4,"name":"e-poslovanje s dr\u017eavnom upravom i javnim slu\u017ebama"}]},{"@type":"WebSite","@id":"https:\/\/www.slatinska-banka.hr\/#website","url":"https:\/\/www.slatinska-banka.hr\/","name":"Slatinska Banka","description":"Razlika je u pristupu","publisher":{"@id":"https:\/\/www.slatinska-banka.hr\/#organization"},"potentialAction":[{"@type":"SearchAction","target":{"@type":"EntryPoint","urlTemplate":"https:\/\/www.slatinska-banka.hr\/?s={search_term_string}"},"query-input":{"@type":"PropertyValueSpecification","valueRequired":true,"valueName":"search_term_string"}}],"inLanguage":"en-US"},{"@type":"Organization","@id":"https:\/\/www.slatinska-banka.hr\/#organization","name":"Slatinska banka d.d.","url":"https:\/\/www.slatinska-banka.hr\/","logo":{"@type":"ImageObject","inLanguage":"en-US","@id":"https:\/\/www.slatinska-banka.hr\/#\/schema\/logo\/image\/","url":"https:\/\/www.slatinska-banka.hr\/wp-content\/uploads\/2019\/02\/logo_big.png","contentUrl":"https:\/\/www.slatinska-banka.hr\/wp-content\/uploads\/2019\/02\/logo_big.png","width":302,"height":244,"caption":"Slatinska banka d.d."},"image":{"@id":"https:\/\/www.slatinska-banka.hr\/#\/schema\/logo\/image\/"},"sameAs":["https:\/\/www.facebook.com\/slatinskabanka\/","https:\/\/www.linkedin.com\/company\/slatinska-banka-dd"]}]}},"_links":{"self":[{"href":"https:\/\/www.slatinska-banka.hr\/en\/wp-json\/wp\/v2\/pages\/617","targetHints":{"allow":["GET"]}}],"collection":[{"href":"https:\/\/www.slatinska-banka.hr\/en\/wp-json\/wp\/v2\/pages"}],"about":[{"href":"https:\/\/www.slatinska-banka.hr\/en\/wp-json\/wp\/v2\/types\/page"}],"author":[{"embeddable":true,"href":"https:\/\/www.slatinska-banka.hr\/en\/wp-json\/wp\/v2\/users\/14"}],"replies":[{"embeddable":true,"href":"https:\/\/www.slatinska-banka.hr\/en\/wp-json\/wp\/v2\/comments?post=617"}],"version-history":[{"count":8,"href":"https:\/\/www.slatinska-banka.hr\/en\/wp-json\/wp\/v2\/pages\/617\/revisions"}],"predecessor-version":[{"id":3836,"href":"https:\/\/www.slatinska-banka.hr\/en\/wp-json\/wp\/v2\/pages\/617\/revisions\/3836"}],"up":[{"embeddable":true,"href":"https:\/\/www.slatinska-banka.hr\/en\/wp-json\/wp\/v2\/pages\/594"}],"wp:featuredmedia":[{"embeddable":true,"href":"https:\/\/www.slatinska-banka.hr\/en\/wp-json\/wp\/v2\/media\/2335"}],"wp:attachment":[{"href":"https:\/\/www.slatinska-banka.hr\/en\/wp-json\/wp\/v2\/media?parent=617"}],"wp:term":[{"taxonomy":"category","embeddable":true,"href":"https:\/\/www.slatinska-banka.hr\/en\/wp-json\/wp\/v2\/categories?post=617"},{"taxonomy":"post_tag","embeddable":true,"href":"https:\/\/www.slatinska-banka.hr\/en\/wp-json\/wp\/v2\/tags?post=617"}],"curies":[{"name":"wp","href":"https:\/\/api.w.org\/{rel}","templated":true}]}}