{"id":615,"date":"2019-02-06T10:45:57","date_gmt":"2019-02-06T09:45:57","guid":{"rendered":"http:\/\/www.slatinska-banka.hr\/?page_id=615"},"modified":"2025-09-29T10:55:33","modified_gmt":"2025-09-29T08:55:33","slug":"mobilno-bankarstvo","status":"publish","type":"page","link":"https:\/\/www.slatinska-banka.hr\/en\/poslovni-subjekti\/racuni-i-placanja\/online-bankarstvo-i-dodatne-usluge\/mobilno-bankarstvo\/","title":{"rendered":"Mobile banking"},"content":{"rendered":"<h2>Olak\u0161aj si vo\u0111enje financija!<\/h2>\r\n<h3>Neograni\u010deno provjeravaj uplate i pla\u0107aj u vrijeme koje ti odgovara, i kada si na putu, 24 sata dnevno uz povoljnije naknade.<\/h3>\r\n<h4>S mobilnim bankarstvom platne usluge dostupne su ti u trenu.<\/h4>\r\n&nbsp;\r\n\r\n<div class=\"accordeon\">\r\n\r\n<h2><span class=\"naslov\">Koje su mogu\u0107nosti mobilnog bankarstva<\/span><\/h2><div><ul>\n<li>slikanjem platiti ra\u010dune (putem 2D bar koda)<\/li>\n<li>pla\u0107anje svih ra\u010duna u nacionalnoj valuti na podru\u010dju cijele Republike Hrvatske<\/li>\n<li>pla\u0107anje rate kredita<\/li>\n<li>prijenosi sredstava s ra\u010duna na ra\u010dun<\/li>\n<li>kupoprodaja deviza<\/li>\n<li>provjeravanje stanja nacionalih, deviznih i kreditnih ra\u010duna,<\/li>\n<li>pregledavanje prometa po nacionalnim i deviznim ra\u010dunima,<\/li>\n<li>stvoriti predlo\u0161ke za u\u010destala pla\u0107anja<\/li>\n<li>pretra\u017eivati pla\u0107anja po platitelju\/primatelju, ra\u010dunu, iznosu&#8230;<\/li>\n<li>pregledati dnevnu te\u010dajnu listu, kao i pro\u0161le te\u010dajne liste (arhiva)<\/li>\n<\/ul>\n<\/div>\r\n\r\n<h2><span class=\"naslov\">Kako funkcionira<\/span><\/h2><div><p>Ugovori uslugu u najbli\u017eoj poslovnici preuzmi aplikaciju na svoj pametni telefon i u\u017eivaj u svim prednostima Mobilnog bankarstva.<\/p>\n<\/div>\r\n\r\n<h2><span class=\"naslov\">\u010cesta pitanja<\/span><\/h2><div><p><strong>Koju aplikaciju trebam preuzeti?<\/strong><\/p>\n<p>Ako se spaja\u0161 kao pravna osoba preuzmi aplikaciju mSLB Corp.<\/p>\n<p><strong>Aplikacija me tra\u017ei unos Aktivacijskog koda?<\/strong><\/p>\n<p>Nakon ugovaranja usluge Mobilnog bankarstva dobit \u0107e\u0161 SMS poruku sa aktivacijskim kodom kojeg treba\u0161 unijeti u aplikaciji.<\/p>\n<p><strong>\u0160to ako izgubim ili promijenim mobitel?<\/strong><\/p>\n<p>U slu\u010daju gubitka ili promjene mobitela javite se u poslovnicu ili svojem referentu koji \u0107e vam pomo\u0107i u daljnjem procesu.<\/p>\n<p>&nbsp;<\/p>\n<p><strong>Mogu li izvr\u0161avati devizne doznake putem mobilnog bankarstva u Slatinskoj banci.<\/strong><\/p>\n<p>Na \u017ealost, na\u0161e mobilno bankarstvo jo\u0161 ne podr\u017eava devizne doznake<\/p>\n<p>&nbsp;<\/p>\n<\/div>\r\n\r\n<h2><span class=\"naslov\">Dokumenti<\/span><\/h2><div><p><a href=\"https:\/\/www.slatinska-banka.hr\/wp-content\/uploads\/Zahtjev_Ogranicenje_Ovlast_On-line-bankarstvo_poslovni-subjekti-2.pdf\">Zahtjev za ograni\u010denje ovlasti na digitalnim kanalima za poslovne subjekte<\/a><\/p>\n<p><a href=\"https:\/\/www.slatinska-banka.hr\/wp-content\/uploads\/Zahtjev-za-uslugu-On-line-bankarstvo-Mobilno-bankarstvo-11.3.2024.pdf\">Zahtjev za Mobilno bankarstvo<\/a><\/p>\n<p><a href=\"https:\/\/www.slatinska-banka.hr\/wp-content\/uploads\/PCUP020-03-2014-Pristupnica-za-koristenje-usluge-On-line-bankarstvo-Mobilno-bankarstvo-za-poslovne-subjekte-31.8.2023-002.pdf\">Pristupnica za kori\u0161tenje usluge Online bankarstvo \u2013 Mobilno bankarstvo<\/a><\/p>\n<\/div>\r\n\r\n<h2><span class=\"naslov\">Upute<\/span><\/h2><div><p><a href=\"https:\/\/www.slatinska-banka.hr\/wp-content\/uploads\/Korisnicke-upute-za-mobilne-telefone-PO-v1.4.1.pdf\">Korisni\u010dke upute za mobilne telefone &#8211; PO<\/a><\/p>\n<\/div>\r\n\r\n<\/div>\r\n<h4>Preuzimanje aplikacije<\/h4>\r\n<a href=\"https:\/\/play.google.com\/store\/apps\/details?id=hr.banksoft.mobile.mSLBCorp\"><img loading=\"lazy\" decoding=\"async\" class=\"alignnone wp-image-1139 size-medium\" src=\"http:\/\/www.slatinska-banka.hr\/wp-content\/uploads\/2019\/02\/Google_play-300x100.jpg\" alt=\"\" width=\"300\" height=\"100\" srcset=\"https:\/\/www.slatinska-banka.hr\/wp-content\/uploads\/2019\/02\/Google_play-300x100.jpg 300w, https:\/\/www.slatinska-banka.hr\/wp-content\/uploads\/2019\/02\/Google_play.jpg 400w\" sizes=\"auto, (max-width: 300px) 100vw, 300px\" \/><\/a>\r\n\r\n<a href=\"https:\/\/itunes.apple.com\/hr\/app\/mslb-corp\/id864007656?mt=8\"><img loading=\"lazy\" decoding=\"async\" class=\"alignnone wp-image-1138 size-medium\" src=\"http:\/\/www.slatinska-banka.hr\/wp-content\/uploads\/2019\/02\/App_store-300x93.jpg\" alt=\"\" width=\"300\" height=\"93\" srcset=\"https:\/\/www.slatinska-banka.hr\/wp-content\/uploads\/2019\/02\/App_store-300x93.jpg 300w, https:\/\/www.slatinska-banka.hr\/wp-content\/uploads\/2019\/02\/App_store.jpg 400w\" sizes=\"auto, (max-width: 300px) 100vw, 300px\" \/><\/a>","protected":false},"excerpt":{"rendered":"<p>Olak\u0161aj si vo\u0111enje financija! Neograni\u010deno provjeravaj uplate i pla\u0107aj u vrijeme koje ti odgovara, i kada si na putu, 24 sata dnevno uz povoljnije naknade. S mobilnim bankarstvom platne usluge [&hellip;]<\/p>","protected":false},"author":14,"featured_media":2059,"parent":594,"menu_order":0,"comment_status":"closed","ping_status":"closed","template":"page-template-4.php","meta":{"_acf_changed":false,"footnotes":""},"categories":[3,6],"tags":[],"class_list":["post-615","page","type-page","status-publish","has-post-thumbnail","hentry","category-izdvojeno-na-naslovnici","category-poslovni-subjekti"],"acf":[],"yoast_head":"<!-- This site is optimized with the Yoast SEO plugin v25.4 - https:\/\/yoast.com\/wordpress\/plugins\/seo\/ -->\n<title>Mobilno bankarstvo - Slatinska Banka Slatinska Banka<\/title>\n<meta name=\"description\" content=\"Nema\u0161 vremena za dolazak u banku, a pla\u0107anja treba\u0161 obaviti. Mobilno bankarstvo omogu\u0107uje ti platne usluge u trenu. Bilo gdje i u bilo koje doba. Povoljnije\" \/>\n<meta name=\"robots\" content=\"index, follow, max-snippet:-1, max-image-preview:large, max-video-preview:-1\" \/>\n<link rel=\"canonical\" href=\"https:\/\/www.slatinska-banka.hr\/en\/poslovni-subjekti\/racuni-i-placanja\/online-bankarstvo-i-dodatne-usluge\/mobilno-bankarstvo\/\" \/>\n<meta property=\"og:locale\" content=\"en_US\" \/>\n<meta property=\"og:type\" content=\"article\" \/>\n<meta property=\"og:title\" content=\"Upravljaj svojim financijama i u hodu\" \/>\n<meta property=\"og:description\" content=\"Ne brini za IBAN, poziv na broj ....samo USLIKAJ I PLATI\" \/>\n<meta property=\"og:url\" content=\"https:\/\/www.slatinska-banka.hr\/en\/poslovni-subjekti\/racuni-i-placanja\/online-bankarstvo-i-dodatne-usluge\/mobilno-bankarstvo\/\" \/>\n<meta property=\"og:site_name\" content=\"Slatinska Banka\" \/>\n<meta property=\"article:publisher\" content=\"https:\/\/www.facebook.com\/slatinskabanka\/\" \/>\n<meta property=\"article:modified_time\" content=\"2025-09-29T08:55:33+00:00\" \/>\n<meta property=\"og:image\" content=\"https:\/\/www.slatinska-banka.hr\/wp-content\/uploads\/2019\/02\/maliha-mannan-63635-unsplash-1.jpg\" \/>\n\t<meta property=\"og:image:width\" content=\"3504\" \/>\n\t<meta property=\"og:image:height\" content=\"2336\" \/>\n\t<meta property=\"og:image:type\" content=\"image\/jpeg\" \/>\n<meta name=\"twitter:card\" content=\"summary_large_image\" \/>\n<meta name=\"twitter:label1\" content=\"Est. reading time\" \/>\n\t<meta name=\"twitter:data1\" content=\"2 minutes\" \/>\n<script type=\"application\/ld+json\" class=\"yoast-schema-graph\">{\"@context\":\"https:\/\/schema.org\",\"@graph\":[{\"@type\":\"WebPage\",\"@id\":\"https:\/\/www.slatinska-banka.hr\/poslovni-subjekti\/racuni-i-placanja\/online-bankarstvo-i-dodatne-usluge\/mobilno-bankarstvo\/\",\"url\":\"https:\/\/www.slatinska-banka.hr\/poslovni-subjekti\/racuni-i-placanja\/online-bankarstvo-i-dodatne-usluge\/mobilno-bankarstvo\/\",\"name\":\"Mobilno bankarstvo - Slatinska Banka Slatinska Banka\",\"isPartOf\":{\"@id\":\"https:\/\/www.slatinska-banka.hr\/#website\"},\"primaryImageOfPage\":{\"@id\":\"https:\/\/www.slatinska-banka.hr\/poslovni-subjekti\/racuni-i-placanja\/online-bankarstvo-i-dodatne-usluge\/mobilno-bankarstvo\/#primaryimage\"},\"image\":{\"@id\":\"https:\/\/www.slatinska-banka.hr\/poslovni-subjekti\/racuni-i-placanja\/online-bankarstvo-i-dodatne-usluge\/mobilno-bankarstvo\/#primaryimage\"},\"thumbnailUrl\":\"https:\/\/www.slatinska-banka.hr\/wp-content\/uploads\/2019\/02\/maliha-mannan-63635-unsplash-1.jpg\",\"datePublished\":\"2019-02-06T09:45:57+00:00\",\"dateModified\":\"2025-09-29T08:55:33+00:00\",\"description\":\"Nema\u0161 vremena za dolazak u banku, a pla\u0107anja treba\u0161 obaviti. Mobilno bankarstvo omogu\u0107uje ti platne usluge u trenu. Bilo gdje i u bilo koje doba. Povoljnije\",\"breadcrumb\":{\"@id\":\"https:\/\/www.slatinska-banka.hr\/poslovni-subjekti\/racuni-i-placanja\/online-bankarstvo-i-dodatne-usluge\/mobilno-bankarstvo\/#breadcrumb\"},\"inLanguage\":\"en-US\",\"potentialAction\":[{\"@type\":\"ReadAction\",\"target\":[\"https:\/\/www.slatinska-banka.hr\/poslovni-subjekti\/racuni-i-placanja\/online-bankarstvo-i-dodatne-usluge\/mobilno-bankarstvo\/\"]}]},{\"@type\":\"ImageObject\",\"inLanguage\":\"en-US\",\"@id\":\"https:\/\/www.slatinska-banka.hr\/poslovni-subjekti\/racuni-i-placanja\/online-bankarstvo-i-dodatne-usluge\/mobilno-bankarstvo\/#primaryimage\",\"url\":\"https:\/\/www.slatinska-banka.hr\/wp-content\/uploads\/2019\/02\/maliha-mannan-63635-unsplash-1.jpg\",\"contentUrl\":\"https:\/\/www.slatinska-banka.hr\/wp-content\/uploads\/2019\/02\/maliha-mannan-63635-unsplash-1.jpg\",\"width\":3504,\"height\":2336},{\"@type\":\"BreadcrumbList\",\"@id\":\"https:\/\/www.slatinska-banka.hr\/poslovni-subjekti\/racuni-i-placanja\/online-bankarstvo-i-dodatne-usluge\/mobilno-bankarstvo\/#breadcrumb\",\"itemListElement\":[{\"@type\":\"ListItem\",\"position\":1,\"name\":\"Poslovni subjekti\",\"item\":\"https:\/\/www.slatinska-banka.hr\/poslovni-subjekti\/\"},{\"@type\":\"ListItem\",\"position\":2,\"name\":\"Ra\u010duni i pla\u0107anja\",\"item\":\"https:\/\/www.slatinska-banka.hr\/poslovni-subjekti\/racuni-i-placanja\/\"},{\"@type\":\"ListItem\",\"position\":3,\"name\":\"Online Bankarstvo i dodatne usluge\",\"item\":\"https:\/\/www.slatinska-banka.hr\/poslovni-subjekti\/racuni-i-placanja\/online-bankarstvo-i-dodatne-usluge\/\"},{\"@type\":\"ListItem\",\"position\":4,\"name\":\"Mobilno bankarstvo\"}]},{\"@type\":\"WebSite\",\"@id\":\"https:\/\/www.slatinska-banka.hr\/#website\",\"url\":\"https:\/\/www.slatinska-banka.hr\/\",\"name\":\"Slatinska Banka\",\"description\":\"Razlika je u pristupu\",\"publisher\":{\"@id\":\"https:\/\/www.slatinska-banka.hr\/#organization\"},\"potentialAction\":[{\"@type\":\"SearchAction\",\"target\":{\"@type\":\"EntryPoint\",\"urlTemplate\":\"https:\/\/www.slatinska-banka.hr\/?s={search_term_string}\"},\"query-input\":{\"@type\":\"PropertyValueSpecification\",\"valueRequired\":true,\"valueName\":\"search_term_string\"}}],\"inLanguage\":\"en-US\"},{\"@type\":\"Organization\",\"@id\":\"https:\/\/www.slatinska-banka.hr\/#organization\",\"name\":\"Slatinska banka d.d.\",\"url\":\"https:\/\/www.slatinska-banka.hr\/\",\"logo\":{\"@type\":\"ImageObject\",\"inLanguage\":\"en-US\",\"@id\":\"https:\/\/www.slatinska-banka.hr\/#\/schema\/logo\/image\/\",\"url\":\"https:\/\/www.slatinska-banka.hr\/wp-content\/uploads\/2019\/02\/logo_big.png\",\"contentUrl\":\"https:\/\/www.slatinska-banka.hr\/wp-content\/uploads\/2019\/02\/logo_big.png\",\"width\":302,\"height\":244,\"caption\":\"Slatinska banka d.d.\"},\"image\":{\"@id\":\"https:\/\/www.slatinska-banka.hr\/#\/schema\/logo\/image\/\"},\"sameAs\":[\"https:\/\/www.facebook.com\/slatinskabanka\/\",\"https:\/\/www.linkedin.com\/company\/slatinska-banka-dd\"]}]}<\/script>\n<!-- \/ Yoast SEO plugin. -->","yoast_head_json":{"title":"Mobilno bankarstvo - Slatinska Banka Slatinska Banka","description":"Nema\u0161 vremena za dolazak u banku, a pla\u0107anja treba\u0161 obaviti. Mobilno bankarstvo omogu\u0107uje ti platne usluge u trenu. Bilo gdje i u bilo koje doba. Povoljnije","robots":{"index":"index","follow":"follow","max-snippet":"max-snippet:-1","max-image-preview":"max-image-preview:large","max-video-preview":"max-video-preview:-1"},"canonical":"https:\/\/www.slatinska-banka.hr\/en\/poslovni-subjekti\/racuni-i-placanja\/online-bankarstvo-i-dodatne-usluge\/mobilno-bankarstvo\/","og_locale":"en_US","og_type":"article","og_title":"Upravljaj svojim financijama i u hodu","og_description":"Ne brini za IBAN, poziv na broj ....samo USLIKAJ I PLATI","og_url":"https:\/\/www.slatinska-banka.hr\/en\/poslovni-subjekti\/racuni-i-placanja\/online-bankarstvo-i-dodatne-usluge\/mobilno-bankarstvo\/","og_site_name":"Slatinska Banka","article_publisher":"https:\/\/www.facebook.com\/slatinskabanka\/","article_modified_time":"2025-09-29T08:55:33+00:00","og_image":[{"width":3504,"height":2336,"url":"https:\/\/www.slatinska-banka.hr\/wp-content\/uploads\/2019\/02\/maliha-mannan-63635-unsplash-1.jpg","type":"image\/jpeg"}],"twitter_card":"summary_large_image","twitter_misc":{"Est. reading time":"2 minutes"},"schema":{"@context":"https:\/\/schema.org","@graph":[{"@type":"WebPage","@id":"https:\/\/www.slatinska-banka.hr\/poslovni-subjekti\/racuni-i-placanja\/online-bankarstvo-i-dodatne-usluge\/mobilno-bankarstvo\/","url":"https:\/\/www.slatinska-banka.hr\/poslovni-subjekti\/racuni-i-placanja\/online-bankarstvo-i-dodatne-usluge\/mobilno-bankarstvo\/","name":"Mobilno bankarstvo - Slatinska Banka Slatinska Banka","isPartOf":{"@id":"https:\/\/www.slatinska-banka.hr\/#website"},"primaryImageOfPage":{"@id":"https:\/\/www.slatinska-banka.hr\/poslovni-subjekti\/racuni-i-placanja\/online-bankarstvo-i-dodatne-usluge\/mobilno-bankarstvo\/#primaryimage"},"image":{"@id":"https:\/\/www.slatinska-banka.hr\/poslovni-subjekti\/racuni-i-placanja\/online-bankarstvo-i-dodatne-usluge\/mobilno-bankarstvo\/#primaryimage"},"thumbnailUrl":"https:\/\/www.slatinska-banka.hr\/wp-content\/uploads\/2019\/02\/maliha-mannan-63635-unsplash-1.jpg","datePublished":"2019-02-06T09:45:57+00:00","dateModified":"2025-09-29T08:55:33+00:00","description":"Nema\u0161 vremena za dolazak u banku, a pla\u0107anja treba\u0161 obaviti. Mobilno bankarstvo omogu\u0107uje ti platne usluge u trenu. Bilo gdje i u bilo koje doba. Povoljnije","breadcrumb":{"@id":"https:\/\/www.slatinska-banka.hr\/poslovni-subjekti\/racuni-i-placanja\/online-bankarstvo-i-dodatne-usluge\/mobilno-bankarstvo\/#breadcrumb"},"inLanguage":"en-US","potentialAction":[{"@type":"ReadAction","target":["https:\/\/www.slatinska-banka.hr\/poslovni-subjekti\/racuni-i-placanja\/online-bankarstvo-i-dodatne-usluge\/mobilno-bankarstvo\/"]}]},{"@type":"ImageObject","inLanguage":"en-US","@id":"https:\/\/www.slatinska-banka.hr\/poslovni-subjekti\/racuni-i-placanja\/online-bankarstvo-i-dodatne-usluge\/mobilno-bankarstvo\/#primaryimage","url":"https:\/\/www.slatinska-banka.hr\/wp-content\/uploads\/2019\/02\/maliha-mannan-63635-unsplash-1.jpg","contentUrl":"https:\/\/www.slatinska-banka.hr\/wp-content\/uploads\/2019\/02\/maliha-mannan-63635-unsplash-1.jpg","width":3504,"height":2336},{"@type":"BreadcrumbList","@id":"https:\/\/www.slatinska-banka.hr\/poslovni-subjekti\/racuni-i-placanja\/online-bankarstvo-i-dodatne-usluge\/mobilno-bankarstvo\/#breadcrumb","itemListElement":[{"@type":"ListItem","position":1,"name":"Poslovni subjekti","item":"https:\/\/www.slatinska-banka.hr\/poslovni-subjekti\/"},{"@type":"ListItem","position":2,"name":"Ra\u010duni i pla\u0107anja","item":"https:\/\/www.slatinska-banka.hr\/poslovni-subjekti\/racuni-i-placanja\/"},{"@type":"ListItem","position":3,"name":"Online Bankarstvo i dodatne usluge","item":"https:\/\/www.slatinska-banka.hr\/poslovni-subjekti\/racuni-i-placanja\/online-bankarstvo-i-dodatne-usluge\/"},{"@type":"ListItem","position":4,"name":"Mobilno bankarstvo"}]},{"@type":"WebSite","@id":"https:\/\/www.slatinska-banka.hr\/#website","url":"https:\/\/www.slatinska-banka.hr\/","name":"Slatinska Banka","description":"Razlika je u pristupu","publisher":{"@id":"https:\/\/www.slatinska-banka.hr\/#organization"},"potentialAction":[{"@type":"SearchAction","target":{"@type":"EntryPoint","urlTemplate":"https:\/\/www.slatinska-banka.hr\/?s={search_term_string}"},"query-input":{"@type":"PropertyValueSpecification","valueRequired":true,"valueName":"search_term_string"}}],"inLanguage":"en-US"},{"@type":"Organization","@id":"https:\/\/www.slatinska-banka.hr\/#organization","name":"Slatinska banka d.d.","url":"https:\/\/www.slatinska-banka.hr\/","logo":{"@type":"ImageObject","inLanguage":"en-US","@id":"https:\/\/www.slatinska-banka.hr\/#\/schema\/logo\/image\/","url":"https:\/\/www.slatinska-banka.hr\/wp-content\/uploads\/2019\/02\/logo_big.png","contentUrl":"https:\/\/www.slatinska-banka.hr\/wp-content\/uploads\/2019\/02\/logo_big.png","width":302,"height":244,"caption":"Slatinska banka d.d."},"image":{"@id":"https:\/\/www.slatinska-banka.hr\/#\/schema\/logo\/image\/"},"sameAs":["https:\/\/www.facebook.com\/slatinskabanka\/","https:\/\/www.linkedin.com\/company\/slatinska-banka-dd"]}]}},"_links":{"self":[{"href":"https:\/\/www.slatinska-banka.hr\/en\/wp-json\/wp\/v2\/pages\/615","targetHints":{"allow":["GET"]}}],"collection":[{"href":"https:\/\/www.slatinska-banka.hr\/en\/wp-json\/wp\/v2\/pages"}],"about":[{"href":"https:\/\/www.slatinska-banka.hr\/en\/wp-json\/wp\/v2\/types\/page"}],"author":[{"embeddable":true,"href":"https:\/\/www.slatinska-banka.hr\/en\/wp-json\/wp\/v2\/users\/14"}],"replies":[{"embeddable":true,"href":"https:\/\/www.slatinska-banka.hr\/en\/wp-json\/wp\/v2\/comments?post=615"}],"version-history":[{"count":23,"href":"https:\/\/www.slatinska-banka.hr\/en\/wp-json\/wp\/v2\/pages\/615\/revisions"}],"predecessor-version":[{"id":3968151,"href":"https:\/\/www.slatinska-banka.hr\/en\/wp-json\/wp\/v2\/pages\/615\/revisions\/3968151"}],"up":[{"embeddable":true,"href":"https:\/\/www.slatinska-banka.hr\/en\/wp-json\/wp\/v2\/pages\/594"}],"wp:featuredmedia":[{"embeddable":true,"href":"https:\/\/www.slatinska-banka.hr\/en\/wp-json\/wp\/v2\/media\/2059"}],"wp:attachment":[{"href":"https:\/\/www.slatinska-banka.hr\/en\/wp-json\/wp\/v2\/media?parent=615"}],"wp:term":[{"taxonomy":"category","embeddable":true,"href":"https:\/\/www.slatinska-banka.hr\/en\/wp-json\/wp\/v2\/categories?post=615"},{"taxonomy":"post_tag","embeddable":true,"href":"https:\/\/www.slatinska-banka.hr\/en\/wp-json\/wp\/v2\/tags?post=615"}],"curies":[{"name":"wp","href":"https:\/\/api.w.org\/{rel}","templated":true}]}}