{"id":613,"date":"2019-02-06T10:45:12","date_gmt":"2019-02-06T09:45:12","guid":{"rendered":"http:\/\/www.slatinska-banka.hr\/?page_id=613"},"modified":"2025-09-19T11:28:21","modified_gmt":"2025-09-19T09:28:21","slug":"internet-bankarstvo","status":"publish","type":"page","link":"https:\/\/www.slatinska-banka.hr\/en\/poslovni-subjekti\/racuni-i-placanja\/online-bankarstvo-i-dodatne-usluge\/internet-bankarstvo\/","title":{"rendered":"Internet banking"},"content":{"rendered":"<h2>Olak\u0161aj si vo\u0111enje financija!<\/h2>\r\n<h3>Pla\u0107aj u vrijeme koje ti odgovara, 24 sata dnevno uz povoljnije naknade.<\/h3>\r\n<h4>Preuzimaj izvode u vrijeme koje ti odgovara. Pretra\u017euj ra\u010dun, provjeri pla\u0107anja.<\/h4>\r\n<h4>Sve to sa svojeg ra\u010dunala.<\/h4>\r\n<h3><\/h3>\r\n<div class=\"accordeon\">\r\n\r\n<h2><span class=\"naslov\">Koje su mogu\u0107nosti internet bankarstva?<\/span><\/h2><div><ul>\n<li>pla\u0107anje svih ra\u010duna u nacionalnoj valuti na podru\u010dju cijele Republike Hrvatske<\/li>\n<li>pla\u0107anje u inozemstvo prijenosi sredstava s ra\u010duna na ra\u010dun<\/li>\n<li>kupoprodaja deviza<\/li>\n<li>provjeravanje stanja nacionalnih, deviznih i kreditnih ra\u010duna,<\/li>\n<li>pregledavanje prometa po nacionalnim i deviznim ra\u010dunima,<\/li>\n<li>pregledati i preuzeti izvadak prometa,<\/li>\n<li>stvoriti predlo\u0161ke za u\u010destala pla\u0107anja<\/li>\n<li>pretra\u017eivati pla\u0107anja po platitelju\/primatelju, ra\u010dunu, iznosu&#8230;<\/li>\n<li>pregledati dnevnu te\u010dajnu listu, kao i pro\u0161le te\u010dajne liste (arhiva)<\/li>\n<\/ul>\n<\/div>\r\n\r\n<h2><span class=\"naslov\">Kako funkcionira<\/span><\/h2><div><p style=\"text-align: justify;\">Internet bankarstvu mo\u017ee\u0161 pristupiti uz upotrebu mTokena, tokena ili USB PKI ure\u0111aja. USB PKI ure\u0111aj koristi\u0161 za povezivanje i slanje dokumenata na e-poreznu, HZMO i drugim nadle\u017enim institucijama i time si dodatno olak\u0161ava\u0161 poslovanje<\/p>\n<\/div>\r\n\r\n<h2><span class=\"naslov\">\u010cesta pitanja<\/span><\/h2><div><p style=\"text-align: justify;\"><strong>Kod poku\u0161aja prijave u Internet bankarstvo prikazuje mi se poruka \u201e<em>Gre\u0161ka prilikom pokretanja SIGNERGY aplikacije. Instalirajte SIGNERGY aplikaciju ili joj dopustite pokretanje.\u201c<\/em><\/strong><\/p>\n<p style=\"text-align: justify;\">Potrebno je instalirati Signergy aplikaciju koja je dostupna na stranici Banke odnosno u slu\u010daju da je ista ve\u0107 instalirana napraviti deinstalaciju, ponovno pokrenuti ra\u010dunalo i ponovno instalirati aplikaciju SignErgy.<\/p>\n<p style=\"text-align: justify;\"><strong>Nakon preuzimanja certifikata poku\u0161avam se prijaviti na Internet bankarstvo ali prikazuje mi se poruka <em>\u201eType 1 Gen Error\u201c.<\/em><\/strong><\/p>\n<p style=\"text-align: justify;\">Ukoliko ste upravo preuzeli ili obnovili certifikate potrebno je sa\u010dekati oko 30 minuta prije prijave u Internet bankarstvo.<\/p>\n<p style=\"text-align: justify;\"><strong>Mogu li se kao pravna osoba prijaviti preko mTokena ili Tokena u Internet bankarstvo?<\/strong><\/p>\n<p style=\"text-align: justify;\">Omogu\u0107ena je prijava u Internet bankarstvo putem mTokena odnosno Tokena.<\/p>\n<p>&nbsp;<\/p>\n<p><strong>Kako se prijavljujem u Internet bankarstvo<\/strong><\/p>\n<p>Za prijavu koristi\u0161 ure\u0111aj Token (koji su ugovorio i dobio u Banci) ili Mobilni Token<\/p>\n<p>Na po\u010detnoj stranici za prijavu u Internet bankarstvo, odabere\u0161 opciju prijave tokenom.<\/p>\n<p>U polje &#8220;Serijski broj tokena&#8221; unese\u0161 ili serijski broj ure\u0111aja ili Mobilnog tokena (mToken).<\/p>\n<p>U polje &#8220;Token OTP (APPLI1)&#8221; unese\u0161 broj kojeg generira\u0161 na tokenu.<\/p>\n<p>&nbsp;<\/p>\n<p><strong>Kako aktiviram ure\u0111aj Token, a kako Mobilni Token (mToken)<\/strong><\/p>\n<p>Za ure\u0111aj Token kojeg si dobio u Banci, dobije\u0161 PIN.<\/p>\n<p>Mobilni Token je aplikacija koju skine\u0161 na ure\u0111aj. Zove se mToken SLB. Za aktivaciju mobilnog tokena\u00a0 Banka ti po\u0161alje aktivacijski klju\u010d. Aktivacijski klju\u010d generiran je kao \u0161esnaesteroznamenkasti broj. Prvi dio klju\u010da od osam znamenki zaprimi\u0161 putem e-mail adrese, a drugi dio klju\u010da od osam znamenki putem sms-a na broj mobitela naveden prilikom otvaranja usluge IB. Za aktivaciju mTokena mora\u0161 unijeti cijeli aktivacijski klju\u010d od 16 znamenki i tek onda potvrditi unos.<\/p>\n<p>&nbsp;<\/p>\n<p><strong>Za\u0161to ne mogu platiti iznos ve\u0107i od 200 eura?<\/strong><\/p>\n<p>Primatelje iznosa ve\u0107ih od 200,00 eura potrebno je autorizirati, a to je mogu\u0107e:<\/p>\n<ul>\n<li>Generiranjem autorizacijskog broja na drugom ure\u0111aju ili Mobilnom Tokenu<\/li>\n<li>Popunjavanjem i slanjem Jednokratnog zahtjeva za autorizaciju u Banku (slanjem sa e- e-mail adrese prijavljene kod ugovaranja usluge, ili donijeti u poslovnicu Banke gdje \u0107e djelatnik utvrditi da li je na Zahtjevu potpisana osoba za zastupanje u skladu s potpisnim kartonom deponiranim u Banci. U protivnom Zahtjev ne\u0107e mo\u0107i biti obra\u0111en.)<\/li>\n<\/ul>\n<p>&nbsp;<\/p>\n<p><strong>Kako mogu akvitirati Mobilni Token na novom mobilnom ure\u0111aju.<\/strong><\/p>\n<p>Potreban je novi aktivacijski klju\u010d a zatra\u017eit ga mo\u017ee\u0161 putem svoje poslovnice. Tako je definirano radi sigurnosti klijenata.<\/p>\n<p>&nbsp;<\/p>\n<p><strong>Blokiran mi je pristup radi pogre\u0161no unesene lozinke?<\/strong><\/p>\n<p>Kontaktiraj poslovnicu ili svog referenta radi dogovora.<\/p>\n<p>&nbsp;<\/p>\n<p><strong>Mo\u017ee li se ugovoriti dvojno potpisavanje naloga<\/strong><\/p>\n<p><strong>\u00a0<\/strong>Da, u tom slu\u010daju jedan unosi i potpisuje a drugi sa svojim zasebnim ure\u0111ajem autorizira naloge<\/p>\n<p>&nbsp;<\/p>\n<p><strong>Mogu li izvr\u0161avati devizne doznake putem internet bankarstva u Slatinskoj banci.<\/strong><\/p>\n<p>Na \u017ealost, na\u0161e internet bankarstvo jo\u0161 ne podr\u017eava devizne doznake<\/p>\n<p>&nbsp;<\/p>\n<p style=\"text-align: justify;\"><strong>Koje Internet preglednike mogu koristiti za prijavu u Internet bankarstvo?<\/strong><\/p>\n<p style=\"text-align: justify;\">Podr\u017eani su preglednici: Google Chrome, Mozilla Firefox, Edge, Internet Explorer uz obaveznu prethodnu instalaciju SignErgy aplikacije ukoliko se koristi USB PKI ure\u0111aj.<\/p>\n<\/div>\r\n\r\n<h2><span class=\"naslov\">Korisni\u010dke upute<\/span><\/h2><div><p><a href=\"\/wp-content\/uploads\/2019\/02\/Pet_koraka_do_Internet_bankarstva_PKI_-_pravne_osobe.pdf\">Pet koraka do Internet bankarstva &#8211; pravne osobe<\/a><\/p>\n<p><a href=\"\/upute\/Uputa_za_instalaciju_i_koristenje_podrske_za_Gemalto_PKI_uredaje.pdf\">Uputa za instalaciju i kori\u0161tenje podr\u0161ke\u00a0 za Gemalto PKI ure\u0111aje<\/a><\/p>\n<p><a href=\"http:\/\/www.slatinska-banka.hr\/wp-content\/uploads\/2019\/02\/DekripcijaPin.pdf\">Uputa za dekripciju PIN-a<\/a><\/p>\n<p><a href=\"http:\/\/www.slatinska-banka.hr\/wp-content\/uploads\/2019\/02\/Uputa_za_udaljeno_izdavanje_i_obnovu_korisnickih_certifikata.pdf\">Uputa za udaljeno izdavanje i obnovu korisni\u010dkih certifikata<\/a><\/p>\n<p><a href=\"http:\/\/www.slatinska-banka.hr\/wp-content\/uploads\/2019\/02\/slbanka_signergy.pdf\">Uputa za instalaciju aplikacije SignErgy<\/a><\/p>\n<p><a href=\"https:\/\/www.slatinska-banka.hr\/wp-content\/uploads\/SLB-Korisnicke-upute-za-Internet-bankarstvo-poslovni-subjekti-v1.9.pdf\">Korisni\u010dke upute za Internet bankarstvo &#8211; pravne osobe<\/a><\/p>\n<p><a href=\"https:\/\/www.slatinska-banka.hr\/wp-content\/uploads\/Korisnicke_upute_za_mToken.pdf\">Korisni\u010dke upute za Mobilni token<\/a><\/p>\n<p><a href=\"\/wp-content\/uploads\/2019\/02\/Korisnicke_upute_za_token_v1.01.pdf\">Korisni\u010dke upute za Token<\/a><\/p>\n<\/div>\r\n\r\n<h2><span class=\"naslov\">Dokumenti<\/span><\/h2><div><p><a href=\"https:\/\/www.slatinska-banka.hr\/wp-content\/uploads\/Zahtjev_Ogranicenje_Ovlast_On-line-bankarstvo_poslovni-subjekti-2.pdf\">Zahtjev za ograni\u010denje ovlasti na digitalnim kanalima za poslovne subjekte<\/a><\/p>\n<p><a href=\"https:\/\/www.slatinska-banka.hr\/wp-content\/uploads\/Zahtjev-za-uslugu-On-line-bankarstvo-Internet-bankarstvo-dodavanje-drugog-uredaja-token-usb_31.8.2023.pdf\">Zahtjev za Internet bankarstvo poslovni subjekti<\/a><\/p>\n<p><a href=\"\/wp-content\/uploads\/PCPP001_Jednokratan_zahtjev_za_autorizacijom_naloga_dodavanjem_ra\u010duna_primatelja_na_bijelu_listu_v4.00.pdf\">Zahtjev za autorizaciju naloga \/ dodavanje ra\u010duna primatelja na bijelu listu<\/a><\/p>\n<p><a href=\"https:\/\/www.slatinska-banka.hr\/wp-content\/uploads\/PCPP001-14-2004-Pristupnica-za-koristenje-usluge-On-line-bankarstvo-Internet-bankarstvo-za-poslovne-subjekte-2_31.8.2023.pdf\">Pristupnica za kori\u0161tenje usluge Online bankarstvo \u2013 Internet bankarstvo<\/a><\/p>\n<p><a href=\"https:\/\/www.slatinska-banka.hr\/wp-content\/uploads\/Sigurnosne-preporuke-za-pravilno-kori%C5%A1tenje-usluge-Internet-bankarstva.pdf\">Internet banking service security<\/a><\/p>\n<\/div>\r\n\r\n[\/item]\r\n\r\n<\/div>","protected":false},"excerpt":{"rendered":"<p>Olak\u0161aj si vo\u0111enje financija! Pla\u0107aj u vrijeme koje ti odgovara, 24 sata dnevno uz povoljnije naknade. Preuzimaj izvode u vrijeme koje ti odgovara. Pretra\u017euj ra\u010dun, provjeri pla\u0107anja. Sve to sa [&hellip;]<\/p>","protected":false},"author":14,"featured_media":1661,"parent":594,"menu_order":0,"comment_status":"closed","ping_status":"closed","template":"page-template-4.php","meta":{"_acf_changed":false,"footnotes":""},"categories":[],"tags":[],"class_list":["post-613","page","type-page","status-publish","has-post-thumbnail","hentry"],"acf":[],"yoast_head":"<!-- This site is optimized with the Yoast SEO plugin v25.4 - https:\/\/yoast.com\/wordpress\/plugins\/seo\/ -->\n<title>Internet bankarstvo - Slatinska Banka<\/title>\n<meta name=\"robots\" content=\"index, follow, max-snippet:-1, max-image-preview:large, max-video-preview:-1\" \/>\n<link rel=\"canonical\" href=\"https:\/\/www.slatinska-banka.hr\/en\/poslovni-subjekti\/racuni-i-placanja\/online-bankarstvo-i-dodatne-usluge\/internet-bankarstvo\/\" \/>\n<meta property=\"og:locale\" content=\"en_US\" \/>\n<meta property=\"og:type\" content=\"article\" \/>\n<meta property=\"og:title\" content=\"Internet bankarstvo - Slatinska Banka\" \/>\n<meta property=\"og:description\" content=\"Olak\u0161aj si vo\u0111enje financija! Pla\u0107aj u vrijeme koje ti odgovara, 24 sata dnevno uz povoljnije naknade. Preuzimaj izvode u vrijeme koje ti odgovara. Pretra\u017euj ra\u010dun, provjeri pla\u0107anja. Sve to sa [&hellip;]\" \/>\n<meta property=\"og:url\" content=\"https:\/\/www.slatinska-banka.hr\/en\/poslovni-subjekti\/racuni-i-placanja\/online-bankarstvo-i-dodatne-usluge\/internet-bankarstvo\/\" \/>\n<meta property=\"og:site_name\" content=\"Slatinska Banka\" \/>\n<meta property=\"article:publisher\" content=\"https:\/\/www.facebook.com\/slatinskabanka\/\" \/>\n<meta property=\"article:modified_time\" content=\"2025-09-19T09:28:21+00:00\" \/>\n<meta property=\"og:image\" content=\"https:\/\/www.slatinska-banka.hr\/wp-content\/uploads\/2019\/02\/IMG-710fd49927ace7a0d82a125c034b95c5-V.jpg\" \/>\n\t<meta property=\"og:image:width\" content=\"1000\" \/>\n\t<meta property=\"og:image:height\" content=\"667\" \/>\n\t<meta property=\"og:image:type\" content=\"image\/jpeg\" \/>\n<meta name=\"twitter:card\" content=\"summary_large_image\" \/>\n<meta name=\"twitter:label1\" content=\"Est. reading time\" \/>\n\t<meta name=\"twitter:data1\" content=\"4 minutes\" \/>\n<script type=\"application\/ld+json\" class=\"yoast-schema-graph\">{\"@context\":\"https:\/\/schema.org\",\"@graph\":[{\"@type\":\"WebPage\",\"@id\":\"https:\/\/www.slatinska-banka.hr\/poslovni-subjekti\/racuni-i-placanja\/online-bankarstvo-i-dodatne-usluge\/internet-bankarstvo\/\",\"url\":\"https:\/\/www.slatinska-banka.hr\/poslovni-subjekti\/racuni-i-placanja\/online-bankarstvo-i-dodatne-usluge\/internet-bankarstvo\/\",\"name\":\"Internet bankarstvo - Slatinska Banka\",\"isPartOf\":{\"@id\":\"https:\/\/www.slatinska-banka.hr\/#website\"},\"primaryImageOfPage\":{\"@id\":\"https:\/\/www.slatinska-banka.hr\/poslovni-subjekti\/racuni-i-placanja\/online-bankarstvo-i-dodatne-usluge\/internet-bankarstvo\/#primaryimage\"},\"image\":{\"@id\":\"https:\/\/www.slatinska-banka.hr\/poslovni-subjekti\/racuni-i-placanja\/online-bankarstvo-i-dodatne-usluge\/internet-bankarstvo\/#primaryimage\"},\"thumbnailUrl\":\"https:\/\/www.slatinska-banka.hr\/wp-content\/uploads\/2019\/02\/IMG-710fd49927ace7a0d82a125c034b95c5-V.jpg\",\"datePublished\":\"2019-02-06T09:45:12+00:00\",\"dateModified\":\"2025-09-19T09:28:21+00:00\",\"breadcrumb\":{\"@id\":\"https:\/\/www.slatinska-banka.hr\/poslovni-subjekti\/racuni-i-placanja\/online-bankarstvo-i-dodatne-usluge\/internet-bankarstvo\/#breadcrumb\"},\"inLanguage\":\"en-US\",\"potentialAction\":[{\"@type\":\"ReadAction\",\"target\":[\"https:\/\/www.slatinska-banka.hr\/poslovni-subjekti\/racuni-i-placanja\/online-bankarstvo-i-dodatne-usluge\/internet-bankarstvo\/\"]}]},{\"@type\":\"ImageObject\",\"inLanguage\":\"en-US\",\"@id\":\"https:\/\/www.slatinska-banka.hr\/poslovni-subjekti\/racuni-i-placanja\/online-bankarstvo-i-dodatne-usluge\/internet-bankarstvo\/#primaryimage\",\"url\":\"https:\/\/www.slatinska-banka.hr\/wp-content\/uploads\/2019\/02\/IMG-710fd49927ace7a0d82a125c034b95c5-V.jpg\",\"contentUrl\":\"https:\/\/www.slatinska-banka.hr\/wp-content\/uploads\/2019\/02\/IMG-710fd49927ace7a0d82a125c034b95c5-V.jpg\",\"width\":1000,\"height\":667},{\"@type\":\"BreadcrumbList\",\"@id\":\"https:\/\/www.slatinska-banka.hr\/poslovni-subjekti\/racuni-i-placanja\/online-bankarstvo-i-dodatne-usluge\/internet-bankarstvo\/#breadcrumb\",\"itemListElement\":[{\"@type\":\"ListItem\",\"position\":1,\"name\":\"Poslovni subjekti\",\"item\":\"https:\/\/www.slatinska-banka.hr\/poslovni-subjekti\/\"},{\"@type\":\"ListItem\",\"position\":2,\"name\":\"Ra\u010duni i pla\u0107anja\",\"item\":\"https:\/\/www.slatinska-banka.hr\/poslovni-subjekti\/racuni-i-placanja\/\"},{\"@type\":\"ListItem\",\"position\":3,\"name\":\"Online Bankarstvo i dodatne usluge\",\"item\":\"https:\/\/www.slatinska-banka.hr\/poslovni-subjekti\/racuni-i-placanja\/online-bankarstvo-i-dodatne-usluge\/\"},{\"@type\":\"ListItem\",\"position\":4,\"name\":\"Internet bankarstvo\"}]},{\"@type\":\"WebSite\",\"@id\":\"https:\/\/www.slatinska-banka.hr\/#website\",\"url\":\"https:\/\/www.slatinska-banka.hr\/\",\"name\":\"Slatinska Banka\",\"description\":\"Razlika je u pristupu\",\"publisher\":{\"@id\":\"https:\/\/www.slatinska-banka.hr\/#organization\"},\"potentialAction\":[{\"@type\":\"SearchAction\",\"target\":{\"@type\":\"EntryPoint\",\"urlTemplate\":\"https:\/\/www.slatinska-banka.hr\/?s={search_term_string}\"},\"query-input\":{\"@type\":\"PropertyValueSpecification\",\"valueRequired\":true,\"valueName\":\"search_term_string\"}}],\"inLanguage\":\"en-US\"},{\"@type\":\"Organization\",\"@id\":\"https:\/\/www.slatinska-banka.hr\/#organization\",\"name\":\"Slatinska banka d.d.\",\"url\":\"https:\/\/www.slatinska-banka.hr\/\",\"logo\":{\"@type\":\"ImageObject\",\"inLanguage\":\"en-US\",\"@id\":\"https:\/\/www.slatinska-banka.hr\/#\/schema\/logo\/image\/\",\"url\":\"https:\/\/www.slatinska-banka.hr\/wp-content\/uploads\/2019\/02\/logo_big.png\",\"contentUrl\":\"https:\/\/www.slatinska-banka.hr\/wp-content\/uploads\/2019\/02\/logo_big.png\",\"width\":302,\"height\":244,\"caption\":\"Slatinska banka d.d.\"},\"image\":{\"@id\":\"https:\/\/www.slatinska-banka.hr\/#\/schema\/logo\/image\/\"},\"sameAs\":[\"https:\/\/www.facebook.com\/slatinskabanka\/\",\"https:\/\/www.linkedin.com\/company\/slatinska-banka-dd\"]}]}<\/script>\n<!-- \/ Yoast SEO plugin. -->","yoast_head_json":{"title":"Internet bankarstvo - Slatinska Banka","robots":{"index":"index","follow":"follow","max-snippet":"max-snippet:-1","max-image-preview":"max-image-preview:large","max-video-preview":"max-video-preview:-1"},"canonical":"https:\/\/www.slatinska-banka.hr\/en\/poslovni-subjekti\/racuni-i-placanja\/online-bankarstvo-i-dodatne-usluge\/internet-bankarstvo\/","og_locale":"en_US","og_type":"article","og_title":"Internet bankarstvo - Slatinska Banka","og_description":"Olak\u0161aj si vo\u0111enje financija! Pla\u0107aj u vrijeme koje ti odgovara, 24 sata dnevno uz povoljnije naknade. Preuzimaj izvode u vrijeme koje ti odgovara. Pretra\u017euj ra\u010dun, provjeri pla\u0107anja. Sve to sa [&hellip;]","og_url":"https:\/\/www.slatinska-banka.hr\/en\/poslovni-subjekti\/racuni-i-placanja\/online-bankarstvo-i-dodatne-usluge\/internet-bankarstvo\/","og_site_name":"Slatinska Banka","article_publisher":"https:\/\/www.facebook.com\/slatinskabanka\/","article_modified_time":"2025-09-19T09:28:21+00:00","og_image":[{"width":1000,"height":667,"url":"https:\/\/www.slatinska-banka.hr\/wp-content\/uploads\/2019\/02\/IMG-710fd49927ace7a0d82a125c034b95c5-V.jpg","type":"image\/jpeg"}],"twitter_card":"summary_large_image","twitter_misc":{"Est. reading time":"4 minutes"},"schema":{"@context":"https:\/\/schema.org","@graph":[{"@type":"WebPage","@id":"https:\/\/www.slatinska-banka.hr\/poslovni-subjekti\/racuni-i-placanja\/online-bankarstvo-i-dodatne-usluge\/internet-bankarstvo\/","url":"https:\/\/www.slatinska-banka.hr\/poslovni-subjekti\/racuni-i-placanja\/online-bankarstvo-i-dodatne-usluge\/internet-bankarstvo\/","name":"Internet bankarstvo - Slatinska Banka","isPartOf":{"@id":"https:\/\/www.slatinska-banka.hr\/#website"},"primaryImageOfPage":{"@id":"https:\/\/www.slatinska-banka.hr\/poslovni-subjekti\/racuni-i-placanja\/online-bankarstvo-i-dodatne-usluge\/internet-bankarstvo\/#primaryimage"},"image":{"@id":"https:\/\/www.slatinska-banka.hr\/poslovni-subjekti\/racuni-i-placanja\/online-bankarstvo-i-dodatne-usluge\/internet-bankarstvo\/#primaryimage"},"thumbnailUrl":"https:\/\/www.slatinska-banka.hr\/wp-content\/uploads\/2019\/02\/IMG-710fd49927ace7a0d82a125c034b95c5-V.jpg","datePublished":"2019-02-06T09:45:12+00:00","dateModified":"2025-09-19T09:28:21+00:00","breadcrumb":{"@id":"https:\/\/www.slatinska-banka.hr\/poslovni-subjekti\/racuni-i-placanja\/online-bankarstvo-i-dodatne-usluge\/internet-bankarstvo\/#breadcrumb"},"inLanguage":"en-US","potentialAction":[{"@type":"ReadAction","target":["https:\/\/www.slatinska-banka.hr\/poslovni-subjekti\/racuni-i-placanja\/online-bankarstvo-i-dodatne-usluge\/internet-bankarstvo\/"]}]},{"@type":"ImageObject","inLanguage":"en-US","@id":"https:\/\/www.slatinska-banka.hr\/poslovni-subjekti\/racuni-i-placanja\/online-bankarstvo-i-dodatne-usluge\/internet-bankarstvo\/#primaryimage","url":"https:\/\/www.slatinska-banka.hr\/wp-content\/uploads\/2019\/02\/IMG-710fd49927ace7a0d82a125c034b95c5-V.jpg","contentUrl":"https:\/\/www.slatinska-banka.hr\/wp-content\/uploads\/2019\/02\/IMG-710fd49927ace7a0d82a125c034b95c5-V.jpg","width":1000,"height":667},{"@type":"BreadcrumbList","@id":"https:\/\/www.slatinska-banka.hr\/poslovni-subjekti\/racuni-i-placanja\/online-bankarstvo-i-dodatne-usluge\/internet-bankarstvo\/#breadcrumb","itemListElement":[{"@type":"ListItem","position":1,"name":"Poslovni subjekti","item":"https:\/\/www.slatinska-banka.hr\/poslovni-subjekti\/"},{"@type":"ListItem","position":2,"name":"Ra\u010duni i pla\u0107anja","item":"https:\/\/www.slatinska-banka.hr\/poslovni-subjekti\/racuni-i-placanja\/"},{"@type":"ListItem","position":3,"name":"Online Bankarstvo i dodatne usluge","item":"https:\/\/www.slatinska-banka.hr\/poslovni-subjekti\/racuni-i-placanja\/online-bankarstvo-i-dodatne-usluge\/"},{"@type":"ListItem","position":4,"name":"Internet bankarstvo"}]},{"@type":"WebSite","@id":"https:\/\/www.slatinska-banka.hr\/#website","url":"https:\/\/www.slatinska-banka.hr\/","name":"Slatinska Banka","description":"Razlika je u pristupu","publisher":{"@id":"https:\/\/www.slatinska-banka.hr\/#organization"},"potentialAction":[{"@type":"SearchAction","target":{"@type":"EntryPoint","urlTemplate":"https:\/\/www.slatinska-banka.hr\/?s={search_term_string}"},"query-input":{"@type":"PropertyValueSpecification","valueRequired":true,"valueName":"search_term_string"}}],"inLanguage":"en-US"},{"@type":"Organization","@id":"https:\/\/www.slatinska-banka.hr\/#organization","name":"Slatinska banka d.d.","url":"https:\/\/www.slatinska-banka.hr\/","logo":{"@type":"ImageObject","inLanguage":"en-US","@id":"https:\/\/www.slatinska-banka.hr\/#\/schema\/logo\/image\/","url":"https:\/\/www.slatinska-banka.hr\/wp-content\/uploads\/2019\/02\/logo_big.png","contentUrl":"https:\/\/www.slatinska-banka.hr\/wp-content\/uploads\/2019\/02\/logo_big.png","width":302,"height":244,"caption":"Slatinska banka d.d."},"image":{"@id":"https:\/\/www.slatinska-banka.hr\/#\/schema\/logo\/image\/"},"sameAs":["https:\/\/www.facebook.com\/slatinskabanka\/","https:\/\/www.linkedin.com\/company\/slatinska-banka-dd"]}]}},"_links":{"self":[{"href":"https:\/\/www.slatinska-banka.hr\/en\/wp-json\/wp\/v2\/pages\/613","targetHints":{"allow":["GET"]}}],"collection":[{"href":"https:\/\/www.slatinska-banka.hr\/en\/wp-json\/wp\/v2\/pages"}],"about":[{"href":"https:\/\/www.slatinska-banka.hr\/en\/wp-json\/wp\/v2\/types\/page"}],"author":[{"embeddable":true,"href":"https:\/\/www.slatinska-banka.hr\/en\/wp-json\/wp\/v2\/users\/14"}],"replies":[{"embeddable":true,"href":"https:\/\/www.slatinska-banka.hr\/en\/wp-json\/wp\/v2\/comments?post=613"}],"version-history":[{"count":30,"href":"https:\/\/www.slatinska-banka.hr\/en\/wp-json\/wp\/v2\/pages\/613\/revisions"}],"predecessor-version":[{"id":3960131,"href":"https:\/\/www.slatinska-banka.hr\/en\/wp-json\/wp\/v2\/pages\/613\/revisions\/3960131"}],"up":[{"embeddable":true,"href":"https:\/\/www.slatinska-banka.hr\/en\/wp-json\/wp\/v2\/pages\/594"}],"wp:featuredmedia":[{"embeddable":true,"href":"https:\/\/www.slatinska-banka.hr\/en\/wp-json\/wp\/v2\/media\/1661"}],"wp:attachment":[{"href":"https:\/\/www.slatinska-banka.hr\/en\/wp-json\/wp\/v2\/media?parent=613"}],"wp:term":[{"taxonomy":"category","embeddable":true,"href":"https:\/\/www.slatinska-banka.hr\/en\/wp-json\/wp\/v2\/categories?post=613"},{"taxonomy":"post_tag","embeddable":true,"href":"https:\/\/www.slatinska-banka.hr\/en\/wp-json\/wp\/v2\/tags?post=613"}],"curies":[{"name":"wp","href":"https:\/\/api.w.org\/{rel}","templated":true}]}}