{"id":6058,"date":"2020-04-14T12:56:09","date_gmt":"2020-04-14T10:56:09","guid":{"rendered":"http:\/\/www.slatinska-banka.hr\/?page_id=6058"},"modified":"2020-10-21T09:11:39","modified_gmt":"2020-10-21T07:11:39","slug":"mjere-za-financijsku-likvidnost","status":"publish","type":"page","link":"https:\/\/www.slatinska-banka.hr\/en\/mjere-za-financijsku-likvidnost\/","title":{"rendered":"FINA-in portal MJERE"},"content":{"rendered":"<p><strong>PROVEDBA MJERA ZA FINANCIJSKU LIKVIDNOST<\/strong>\u00a0\u00a0<\/p>\r\n<p>Gospodarskim subjektima \u010dije je poslovanje ugro\u017eeno uslijed epidemije koronavirusa omogu\u0107ena je online prijava za mjere Vlade Republike Hrvatske u cilju o\u010duvanja razine gospodarske aktivnosti i likvidnosti.<br \/>\r\n<br \/>\r\nZa potrebe o\u010duvanja gospodarske aktivnosti i likvidnosti sljede\u0107ih dana biti \u0107e dostupno podno\u0161enje prijava za mjere: <br \/>\r\n<br \/>\r\n&#8211; krediti za o\u010duvanje financijske likvidnosti, <br \/>\r\n&#8211; odgoda kredita<br \/>\r\n&#8211; reprogram kredita<br \/>\r\n<strong><br \/>\r\n<\/strong><br \/>\r\n<br \/>\r\nTKO SE MO\u017dE PRIJAVITI<\/p>\r\n<p>Trgova\u010dka dru\u0161tva, obrti te obiteljska poljoprivredna gospodarstva \u010dije su poslovne aktivnosti u okolnostima epidemije ugro\u017eene ili u potpunosti onemogu\u0107ene.<\/p>\r\n<p>TKO ZAPRIMA PRIJAVE ZA KREDITE<\/p>\r\n<p>Sve banke u Republici Hrvatskoj, HBOR, te HAMAG-BICRO.<\/p>\r\n<p>U realizaciji uspostave informacijskog rje\u0161enja za provedbu gospodarskih mjera sudjeluju Ministarstvo Financija, Hrvatska narodna banka i FINA.<\/p>\r\n<p>KAKO FUNKCIONIRA<br \/>\r\nSustav centralizirano prikuplja prijave i nakon provjere unesenih podataka \u0161alje podatke iz prijave kreditnim instucijama.<\/p>\r\n<p>Svaka kreditna institucija po primitku i obradi podataka iz prijave povratno kontaktira prijavitelja mjere i izravno preuzima daljnji proces odobrenja kredita.<\/p>\r\n<p>Da bi se korisnik mogao prijaviti na mjeru, prethodno se treba registrirati na sustav.<\/p>\r\n<p>REGISTRACIJA PRIJAVITELJA U SUSTAV<\/p>\r\n<p>Registracija i prijava korisnika omogu\u0107ena je \u00a0putem poveznice: <a href=\"https:\/\/gospodarskemjere.fina.hr\/\">https:\/\/gospodarskemjere.fina.hr<\/a>.\u00a0\u00a0<\/p>\r\n<p>Za registraciju u sustav prijavitelj upisuje nekoliko osnovnih podataka nakon \u010dije provjere na adresu e-po\u0161te dobiva link za aktivaciju lozinke. Prilikom pripreme registracijskih podataka korisnik daje suglasnost za obradu osobnih i ostalih podataka u svrhu obrade njegove prijave (GDPR). Nakon \u0161to se uspje\u0161no registrirao, korisnik se mo\u017ee prijaviti u sustav te po\u010deti unositi podatke za gospodarski subjekt za koji \u017eeli ostvariti mjeru.<\/p>\r\n<p>Nakon odra\u0111ene prijave, podnositelji zahtjeva nastavljaju komunikaciju vezanu uz samu realizaciju zahtjeva sa odabranom kreditnom institucijom.<\/p>\r\n<p><br \/>\r\nVa\u017ena napomena za podnositelje zahtjeva:\u00a0<br \/>\r\nOd ponedjeljka, 30.3. je podnositeljima zahtjeva dostupna opcija prijave za mjeru kredita za o\u010duvanje financijske likvidnosti.<\/p>\r\n<p>Omogu\u0107ena je registracija u sustav, unos podataka za gospodarski subjekt koji je predmet prijave, odabir kreditne institucije u kojoj \u017eeli da se razmotri njegova prijava te slijede\u0107e obvezne izjave:<\/p>\r\n<ul>\r\n\t<li>Izjava o smanjenju prihoda u o\u017eujku 2020. g. u odnosu na o\u017eujak 2019.g.<\/li>\r\n\t<li>Izjava o procijenjenom smanjenju prihoda za travanj, svibanj i lipanj 2020.g.<\/li>\r\n\t<li>Izjava o visini potrebnih kreditnih sredstava.<\/li>\r\n<\/ul>\r\n<p>U idu\u0107ih nekoliko dana kroz sustav \u0107e biti omogu\u0107en unos i drugih potrebnih podataka nu\u017enih kreditnim institucijama za evaluaciju zahtjeva za sve tri mjere.\u00a0<br \/>\r\n<br \/>\r\nPodnositelj zahtjeva daje <strong>izjavu kojom jam\u010di za istinitost i to\u010dnost podataka<\/strong> nakon \u010dega \u0107e se prijava za mjeru i pripadni set podataka automatski dostaviti odabranoj kreditnoj instituciji.\u00a0<br \/>\r\n<br \/>\r\n\u010cESTA PITANJA I ODGOVORI<br \/>\r\nInformacije \u0107e biti dostupne u vidu \u010destih pitanja i odgovora (FAQ), korisni\u010dkih uputa i video materijala koji su izra\u0111eni kako bi olak\u0161ali registraciju i prijavu.<br \/>\r\n<br \/>\r\nPodr\u0161ku korisnicima u postupku registracije i tijekom rada u sustavu pru\u017eati \u0107e Fina a pitanja se zaprimaju na mail adresi: <a href=\"mailto:amjere.podrska@fina.hr\"><strong>mjere.podrska@fina.hr<\/strong><\/a>\u00a0<\/p>\r\n<p>&nbsp;<\/p>\r\n<p>NAPOMENA<br \/>\r\nUsprkos nastalim okolnostima, ula\u017eu se ogromni napori kako bi se u najkra\u0107em roku omogu\u0107io \u00a0cjeloviti postupak on line prijave koji \u0107e uklju\u010divati sve tri mjere za financijsku likvidnost, te kako bi se u postupku prijave pru\u017eila potrebna pomo\u0107 i podr\u0161ka.<br \/>\r\nKako bi bili u mogu\u0107nosti pravovremeno pru\u017eiti potrebnu podr\u0161ku , molimo da slijedite sve popratne smjernice za rad sa sustavom te pratite informacije koje \u0107e biti objavljivane na ovim mre\u017enim stranicama.\u00a0<br \/>\r\n<br \/>\r\n<br \/>\r\n<\/p>","protected":false},"excerpt":{"rendered":"<p>PROVEDBA MJERA ZA FINANCIJSKU LIKVIDNOST\u00a0\u00a0 Gospodarskim subjektima \u010dije je poslovanje ugro\u017eeno uslijed epidemije koronavirusa omogu\u0107ena je online prijava za mjere Vlade Republike Hrvatske u cilju o\u010duvanja razine gospodarske aktivnosti i [&hellip;]<\/p>","protected":false},"author":14,"featured_media":1782,"parent":0,"menu_order":1,"comment_status":"closed","ping_status":"closed","template":"","meta":{"_acf_changed":false,"footnotes":""},"categories":[6],"tags":[],"class_list":["post-6058","page","type-page","status-publish","has-post-thumbnail","hentry","category-poslovni-subjekti"],"acf":[],"yoast_head":"<!-- This site is optimized with the Yoast SEO plugin v25.4 - https:\/\/yoast.com\/wordpress\/plugins\/seo\/ -->\n<title>FINA-in portal MJERE - Slatinska Banka<\/title>\n<meta name=\"robots\" content=\"index, follow, max-snippet:-1, max-image-preview:large, max-video-preview:-1\" \/>\n<link rel=\"canonical\" href=\"https:\/\/www.slatinska-banka.hr\/en\/mjere-za-financijsku-likvidnost\/\" \/>\n<meta property=\"og:locale\" content=\"en_US\" \/>\n<meta property=\"og:type\" content=\"article\" \/>\n<meta property=\"og:title\" content=\"FINA-in portal MJERE - Slatinska Banka\" \/>\n<meta property=\"og:description\" content=\"PROVEDBA MJERA ZA FINANCIJSKU LIKVIDNOST\u00a0\u00a0 Gospodarskim subjektima \u010dije je poslovanje ugro\u017eeno uslijed epidemije koronavirusa omogu\u0107ena je online prijava za mjere Vlade Republike Hrvatske u cilju o\u010duvanja razine gospodarske aktivnosti i [&hellip;]\" \/>\n<meta property=\"og:url\" content=\"https:\/\/www.slatinska-banka.hr\/en\/mjere-za-financijsku-likvidnost\/\" \/>\n<meta property=\"og:site_name\" content=\"Slatinska Banka\" \/>\n<meta property=\"article:publisher\" content=\"https:\/\/www.facebook.com\/slatinskabanka\/\" \/>\n<meta property=\"article:modified_time\" content=\"2020-10-21T07:11:39+00:00\" \/>\n<meta property=\"og:image\" content=\"https:\/\/www.slatinska-banka.hr\/wp-content\/uploads\/2019\/02\/electricity-energy-pollution-236060.jpg\" \/>\n\t<meta property=\"og:image:width\" content=\"1536\" \/>\n\t<meta property=\"og:image:height\" content=\"1920\" \/>\n\t<meta property=\"og:image:type\" content=\"image\/jpeg\" \/>\n<meta name=\"twitter:card\" content=\"summary_large_image\" \/>\n<meta name=\"twitter:label1\" content=\"Est. reading time\" \/>\n\t<meta name=\"twitter:data1\" content=\"3 minutes\" \/>\n<script type=\"application\/ld+json\" class=\"yoast-schema-graph\">{\"@context\":\"https:\/\/schema.org\",\"@graph\":[{\"@type\":\"WebPage\",\"@id\":\"https:\/\/www.slatinska-banka.hr\/mjere-za-financijsku-likvidnost\/\",\"url\":\"https:\/\/www.slatinska-banka.hr\/mjere-za-financijsku-likvidnost\/\",\"name\":\"FINA-in portal MJERE - Slatinska Banka\",\"isPartOf\":{\"@id\":\"https:\/\/www.slatinska-banka.hr\/#website\"},\"primaryImageOfPage\":{\"@id\":\"https:\/\/www.slatinska-banka.hr\/mjere-za-financijsku-likvidnost\/#primaryimage\"},\"image\":{\"@id\":\"https:\/\/www.slatinska-banka.hr\/mjere-za-financijsku-likvidnost\/#primaryimage\"},\"thumbnailUrl\":\"https:\/\/www.slatinska-banka.hr\/wp-content\/uploads\/2019\/02\/electricity-energy-pollution-236060.jpg\",\"datePublished\":\"2020-04-14T10:56:09+00:00\",\"dateModified\":\"2020-10-21T07:11:39+00:00\",\"inLanguage\":\"en-US\",\"potentialAction\":[{\"@type\":\"ReadAction\",\"target\":[\"https:\/\/www.slatinska-banka.hr\/mjere-za-financijsku-likvidnost\/\"]}]},{\"@type\":\"ImageObject\",\"inLanguage\":\"en-US\",\"@id\":\"https:\/\/www.slatinska-banka.hr\/mjere-za-financijsku-likvidnost\/#primaryimage\",\"url\":\"https:\/\/www.slatinska-banka.hr\/wp-content\/uploads\/2019\/02\/electricity-energy-pollution-236060.jpg\",\"contentUrl\":\"https:\/\/www.slatinska-banka.hr\/wp-content\/uploads\/2019\/02\/electricity-energy-pollution-236060.jpg\",\"width\":1536,\"height\":1920},{\"@type\":\"WebSite\",\"@id\":\"https:\/\/www.slatinska-banka.hr\/#website\",\"url\":\"https:\/\/www.slatinska-banka.hr\/\",\"name\":\"Slatinska Banka\",\"description\":\"Razlika je u pristupu\",\"publisher\":{\"@id\":\"https:\/\/www.slatinska-banka.hr\/#organization\"},\"potentialAction\":[{\"@type\":\"SearchAction\",\"target\":{\"@type\":\"EntryPoint\",\"urlTemplate\":\"https:\/\/www.slatinska-banka.hr\/?s={search_term_string}\"},\"query-input\":{\"@type\":\"PropertyValueSpecification\",\"valueRequired\":true,\"valueName\":\"search_term_string\"}}],\"inLanguage\":\"en-US\"},{\"@type\":\"Organization\",\"@id\":\"https:\/\/www.slatinska-banka.hr\/#organization\",\"name\":\"Slatinska banka d.d.\",\"url\":\"https:\/\/www.slatinska-banka.hr\/\",\"logo\":{\"@type\":\"ImageObject\",\"inLanguage\":\"en-US\",\"@id\":\"https:\/\/www.slatinska-banka.hr\/#\/schema\/logo\/image\/\",\"url\":\"https:\/\/www.slatinska-banka.hr\/wp-content\/uploads\/2019\/02\/logo_big.png\",\"contentUrl\":\"https:\/\/www.slatinska-banka.hr\/wp-content\/uploads\/2019\/02\/logo_big.png\",\"width\":302,\"height\":244,\"caption\":\"Slatinska banka d.d.\"},\"image\":{\"@id\":\"https:\/\/www.slatinska-banka.hr\/#\/schema\/logo\/image\/\"},\"sameAs\":[\"https:\/\/www.facebook.com\/slatinskabanka\/\",\"https:\/\/www.linkedin.com\/company\/slatinska-banka-dd\"]}]}<\/script>\n<!-- \/ Yoast SEO plugin. -->","yoast_head_json":{"title":"FINA-in portal MJERE - Slatinska Banka","robots":{"index":"index","follow":"follow","max-snippet":"max-snippet:-1","max-image-preview":"max-image-preview:large","max-video-preview":"max-video-preview:-1"},"canonical":"https:\/\/www.slatinska-banka.hr\/en\/mjere-za-financijsku-likvidnost\/","og_locale":"en_US","og_type":"article","og_title":"FINA-in portal MJERE - Slatinska Banka","og_description":"PROVEDBA MJERA ZA FINANCIJSKU LIKVIDNOST\u00a0\u00a0 Gospodarskim subjektima \u010dije je poslovanje ugro\u017eeno uslijed epidemije koronavirusa omogu\u0107ena je online prijava za mjere Vlade Republike Hrvatske u cilju o\u010duvanja razine gospodarske aktivnosti i [&hellip;]","og_url":"https:\/\/www.slatinska-banka.hr\/en\/mjere-za-financijsku-likvidnost\/","og_site_name":"Slatinska Banka","article_publisher":"https:\/\/www.facebook.com\/slatinskabanka\/","article_modified_time":"2020-10-21T07:11:39+00:00","og_image":[{"width":1536,"height":1920,"url":"https:\/\/www.slatinska-banka.hr\/wp-content\/uploads\/2019\/02\/electricity-energy-pollution-236060.jpg","type":"image\/jpeg"}],"twitter_card":"summary_large_image","twitter_misc":{"Est. reading time":"3 minutes"},"schema":{"@context":"https:\/\/schema.org","@graph":[{"@type":"WebPage","@id":"https:\/\/www.slatinska-banka.hr\/mjere-za-financijsku-likvidnost\/","url":"https:\/\/www.slatinska-banka.hr\/mjere-za-financijsku-likvidnost\/","name":"FINA-in portal MJERE - Slatinska Banka","isPartOf":{"@id":"https:\/\/www.slatinska-banka.hr\/#website"},"primaryImageOfPage":{"@id":"https:\/\/www.slatinska-banka.hr\/mjere-za-financijsku-likvidnost\/#primaryimage"},"image":{"@id":"https:\/\/www.slatinska-banka.hr\/mjere-za-financijsku-likvidnost\/#primaryimage"},"thumbnailUrl":"https:\/\/www.slatinska-banka.hr\/wp-content\/uploads\/2019\/02\/electricity-energy-pollution-236060.jpg","datePublished":"2020-04-14T10:56:09+00:00","dateModified":"2020-10-21T07:11:39+00:00","inLanguage":"en-US","potentialAction":[{"@type":"ReadAction","target":["https:\/\/www.slatinska-banka.hr\/mjere-za-financijsku-likvidnost\/"]}]},{"@type":"ImageObject","inLanguage":"en-US","@id":"https:\/\/www.slatinska-banka.hr\/mjere-za-financijsku-likvidnost\/#primaryimage","url":"https:\/\/www.slatinska-banka.hr\/wp-content\/uploads\/2019\/02\/electricity-energy-pollution-236060.jpg","contentUrl":"https:\/\/www.slatinska-banka.hr\/wp-content\/uploads\/2019\/02\/electricity-energy-pollution-236060.jpg","width":1536,"height":1920},{"@type":"WebSite","@id":"https:\/\/www.slatinska-banka.hr\/#website","url":"https:\/\/www.slatinska-banka.hr\/","name":"Slatinska Banka","description":"Razlika je u pristupu","publisher":{"@id":"https:\/\/www.slatinska-banka.hr\/#organization"},"potentialAction":[{"@type":"SearchAction","target":{"@type":"EntryPoint","urlTemplate":"https:\/\/www.slatinska-banka.hr\/?s={search_term_string}"},"query-input":{"@type":"PropertyValueSpecification","valueRequired":true,"valueName":"search_term_string"}}],"inLanguage":"en-US"},{"@type":"Organization","@id":"https:\/\/www.slatinska-banka.hr\/#organization","name":"Slatinska banka d.d.","url":"https:\/\/www.slatinska-banka.hr\/","logo":{"@type":"ImageObject","inLanguage":"en-US","@id":"https:\/\/www.slatinska-banka.hr\/#\/schema\/logo\/image\/","url":"https:\/\/www.slatinska-banka.hr\/wp-content\/uploads\/2019\/02\/logo_big.png","contentUrl":"https:\/\/www.slatinska-banka.hr\/wp-content\/uploads\/2019\/02\/logo_big.png","width":302,"height":244,"caption":"Slatinska banka d.d."},"image":{"@id":"https:\/\/www.slatinska-banka.hr\/#\/schema\/logo\/image\/"},"sameAs":["https:\/\/www.facebook.com\/slatinskabanka\/","https:\/\/www.linkedin.com\/company\/slatinska-banka-dd"]}]}},"_links":{"self":[{"href":"https:\/\/www.slatinska-banka.hr\/en\/wp-json\/wp\/v2\/pages\/6058","targetHints":{"allow":["GET"]}}],"collection":[{"href":"https:\/\/www.slatinska-banka.hr\/en\/wp-json\/wp\/v2\/pages"}],"about":[{"href":"https:\/\/www.slatinska-banka.hr\/en\/wp-json\/wp\/v2\/types\/page"}],"author":[{"embeddable":true,"href":"https:\/\/www.slatinska-banka.hr\/en\/wp-json\/wp\/v2\/users\/14"}],"replies":[{"embeddable":true,"href":"https:\/\/www.slatinska-banka.hr\/en\/wp-json\/wp\/v2\/comments?post=6058"}],"version-history":[{"count":8,"href":"https:\/\/www.slatinska-banka.hr\/en\/wp-json\/wp\/v2\/pages\/6058\/revisions"}],"predecessor-version":[{"id":6439,"href":"https:\/\/www.slatinska-banka.hr\/en\/wp-json\/wp\/v2\/pages\/6058\/revisions\/6439"}],"wp:featuredmedia":[{"embeddable":true,"href":"https:\/\/www.slatinska-banka.hr\/en\/wp-json\/wp\/v2\/media\/1782"}],"wp:attachment":[{"href":"https:\/\/www.slatinska-banka.hr\/en\/wp-json\/wp\/v2\/media?parent=6058"}],"wp:term":[{"taxonomy":"category","embeddable":true,"href":"https:\/\/www.slatinska-banka.hr\/en\/wp-json\/wp\/v2\/categories?post=6058"},{"taxonomy":"post_tag","embeddable":true,"href":"https:\/\/www.slatinska-banka.hr\/en\/wp-json\/wp\/v2\/tags?post=6058"}],"curies":[{"name":"wp","href":"https:\/\/api.w.org\/{rel}","templated":true}]}}