{"id":5992,"date":"2020-03-23T15:05:57","date_gmt":"2020-03-23T14:05:57","guid":{"rendered":"http:\/\/www.slatinska-banka.hr\/?page_id=5992"},"modified":"2020-03-25T14:22:02","modified_gmt":"2020-03-25T13:22:02","slug":"isplate-mirovina-na-bankomatima-vec-od-28-3","status":"publish","type":"page","link":"https:\/\/www.slatinska-banka.hr\/en\/isplate-mirovina-na-bankomatima-vec-od-28-3\/","title":{"rendered":"Isplate mirovina na bankomatima ve\u0107 od 28.3."},"content":{"rendered":"<p>Dragi na\u0161i korisnici mirovina, svoje mirovine mo\u0107i \u0107ete podizati ve\u0107 od subote, 28.3. na bankomatima, a od <strong>srijede, 1.4.<\/strong> i u poslovnicama na\u0161e banke.<\/p>\r\n<p>Koristimo priliku naglasiti da smo ukinuli naknadu za podizanje gotovine debitnim karticama na bankomatima drugih banaka da bismo vam olak\u0161ali funkcioniranje u ovoj situaciji.<\/p>\r\n<p><strong>Koristite bankomate \u0161to vi\u0161e kako biste izbjegli dolazak u poslovnicu samo zbog gotovine. Pitajte rodbinu i osobe od povjerenja za pomo\u0107 oko rukovanja bankomatom ako niste sigurni, ali budite oprezni. PIN svakako unesite sami i pri tom se za\u0161titite da drugi ne vide. U na\u0161oj centrali u Slatini bit \u0107e vam osigurana pomo\u0107 i s na\u0161e strane.<\/strong><\/p>\r\n<p>Podsje\u0107amo da pla\u0107anja u trgovinama mo\u017eete obavljati karticama.<\/p>\r\n<p>Ako se slu\u017eite internetom, i\/ili imate pametni telefon, preporu\u010damo da se usmjerite na usluge <strong>mobilnog<\/strong>\u00a0i\/ili\u00a0<strong>internet<\/strong>\u00a0bankarstva. Ukoliko nemate ugovorenu uslugu, mogu\u0107e je ugovoriti uslugu pri samo jednom dolasku, bez naknade za prva 3 mjeseca vo\u0111enja.<\/p>\r\n<p>Ukoliko je va\u0161 dolazak u poslovnicu neophodan, molimo vas da se pridr\u017eavate uputa izdanih od Hrvatskog zavoda za javno zdravstvo i naputaka u samoj poslovnici. U poslovnicu ulazi po jedan klijent, a dok \u010dekate u redu pripazite na sigurnu udaljenost od 2m.<\/p>\r\n<p>Napominjemo da radi osiguranja kontinuiteta poslovanja, sve na\u0161e poslovnice rade smanjenim kapacitetom, radnim danom od 9:00 do 13:00 sati, a poslovnicu Pitoma\u010da smo privremeno zatvorili. \u00a0<\/p>\r\n<p><em>Sve mjere koje provodimo su radi prevencije \u0161irenja korona virusa jer zdravlje nam je najva\u017enije! Provedbom mjera za\u0161tite brinemo o sebi i drugima.<\/em><\/p>\r\n<p>&nbsp;<\/p>\r\n<p>Va\u0161a Slatinska banka<\/p>","protected":false},"excerpt":{"rendered":"<p>Dragi na\u0161i korisnici mirovina, svoje mirovine mo\u0107i \u0107ete podizati ve\u0107 od subote, 28.3. na bankomatima, a od srijede, 1.4. i u poslovnicama na\u0161e banke. Koristimo priliku naglasiti da smo ukinuli [&hellip;]<\/p>","protected":false},"author":14,"featured_media":6025,"parent":0,"menu_order":1,"comment_status":"closed","ping_status":"closed","template":"","meta":{"_acf_changed":false,"footnotes":""},"categories":[7,3],"tags":[],"class_list":["post-5992","page","type-page","status-publish","has-post-thumbnail","hentry","category-gradani","category-izdvojeno-na-naslovnici"],"acf":[],"yoast_head":"<!-- This site is optimized with the Yoast SEO plugin v25.4 - https:\/\/yoast.com\/wordpress\/plugins\/seo\/ -->\n<title>Isplate mirovina na bankomatima ve\u0107 od 28.3. - Slatinska Banka<\/title>\n<meta name=\"robots\" content=\"index, follow, max-snippet:-1, max-image-preview:large, max-video-preview:-1\" \/>\n<link rel=\"canonical\" href=\"https:\/\/www.slatinska-banka.hr\/en\/isplate-mirovina-na-bankomatima-vec-od-28-3\/\" \/>\n<meta property=\"og:locale\" content=\"en_US\" \/>\n<meta property=\"og:type\" content=\"article\" \/>\n<meta property=\"og:title\" content=\"Isplate mirovina na bankomatima ve\u0107 od 28.3. - Slatinska Banka\" \/>\n<meta property=\"og:description\" content=\"Dragi na\u0161i korisnici mirovina, svoje mirovine mo\u0107i \u0107ete podizati ve\u0107 od subote, 28.3. na bankomatima, a od srijede, 1.4. i u poslovnicama na\u0161e banke. Koristimo priliku naglasiti da smo ukinuli [&hellip;]\" \/>\n<meta property=\"og:url\" content=\"https:\/\/www.slatinska-banka.hr\/en\/isplate-mirovina-na-bankomatima-vec-od-28-3\/\" \/>\n<meta property=\"og:site_name\" content=\"Slatinska Banka\" \/>\n<meta property=\"article:publisher\" content=\"https:\/\/www.facebook.com\/slatinskabanka\/\" \/>\n<meta property=\"article:modified_time\" content=\"2020-03-25T13:22:02+00:00\" \/>\n<meta property=\"og:image\" content=\"https:\/\/www.slatinska-banka.hr\/wp-content\/uploads\/baka-sb123.png\" \/>\n\t<meta property=\"og:image:width\" content=\"280\" \/>\n\t<meta property=\"og:image:height\" content=\"202\" \/>\n\t<meta property=\"og:image:type\" content=\"image\/png\" \/>\n<meta name=\"twitter:card\" content=\"summary_large_image\" \/>\n<meta name=\"twitter:label1\" content=\"Est. reading time\" \/>\n\t<meta name=\"twitter:data1\" content=\"1 minute\" \/>\n<script type=\"application\/ld+json\" class=\"yoast-schema-graph\">{\"@context\":\"https:\/\/schema.org\",\"@graph\":[{\"@type\":\"WebPage\",\"@id\":\"https:\/\/www.slatinska-banka.hr\/isplate-mirovina-na-bankomatima-vec-od-28-3\/\",\"url\":\"https:\/\/www.slatinska-banka.hr\/isplate-mirovina-na-bankomatima-vec-od-28-3\/\",\"name\":\"Isplate mirovina na bankomatima ve\u0107 od 28.3. - Slatinska Banka\",\"isPartOf\":{\"@id\":\"https:\/\/www.slatinska-banka.hr\/#website\"},\"primaryImageOfPage\":{\"@id\":\"https:\/\/www.slatinska-banka.hr\/isplate-mirovina-na-bankomatima-vec-od-28-3\/#primaryimage\"},\"image\":{\"@id\":\"https:\/\/www.slatinska-banka.hr\/isplate-mirovina-na-bankomatima-vec-od-28-3\/#primaryimage\"},\"thumbnailUrl\":\"https:\/\/www.slatinska-banka.hr\/wp-content\/uploads\/baka-sb123.png\",\"datePublished\":\"2020-03-23T14:05:57+00:00\",\"dateModified\":\"2020-03-25T13:22:02+00:00\",\"inLanguage\":\"en-US\",\"potentialAction\":[{\"@type\":\"ReadAction\",\"target\":[\"https:\/\/www.slatinska-banka.hr\/isplate-mirovina-na-bankomatima-vec-od-28-3\/\"]}]},{\"@type\":\"ImageObject\",\"inLanguage\":\"en-US\",\"@id\":\"https:\/\/www.slatinska-banka.hr\/isplate-mirovina-na-bankomatima-vec-od-28-3\/#primaryimage\",\"url\":\"https:\/\/www.slatinska-banka.hr\/wp-content\/uploads\/baka-sb123.png\",\"contentUrl\":\"https:\/\/www.slatinska-banka.hr\/wp-content\/uploads\/baka-sb123.png\",\"width\":280,\"height\":202},{\"@type\":\"WebSite\",\"@id\":\"https:\/\/www.slatinska-banka.hr\/#website\",\"url\":\"https:\/\/www.slatinska-banka.hr\/\",\"name\":\"Slatinska Banka\",\"description\":\"Razlika je u pristupu\",\"publisher\":{\"@id\":\"https:\/\/www.slatinska-banka.hr\/#organization\"},\"potentialAction\":[{\"@type\":\"SearchAction\",\"target\":{\"@type\":\"EntryPoint\",\"urlTemplate\":\"https:\/\/www.slatinska-banka.hr\/?s={search_term_string}\"},\"query-input\":{\"@type\":\"PropertyValueSpecification\",\"valueRequired\":true,\"valueName\":\"search_term_string\"}}],\"inLanguage\":\"en-US\"},{\"@type\":\"Organization\",\"@id\":\"https:\/\/www.slatinska-banka.hr\/#organization\",\"name\":\"Slatinska banka d.d.\",\"url\":\"https:\/\/www.slatinska-banka.hr\/\",\"logo\":{\"@type\":\"ImageObject\",\"inLanguage\":\"en-US\",\"@id\":\"https:\/\/www.slatinska-banka.hr\/#\/schema\/logo\/image\/\",\"url\":\"https:\/\/www.slatinska-banka.hr\/wp-content\/uploads\/2019\/02\/logo_big.png\",\"contentUrl\":\"https:\/\/www.slatinska-banka.hr\/wp-content\/uploads\/2019\/02\/logo_big.png\",\"width\":302,\"height\":244,\"caption\":\"Slatinska banka d.d.\"},\"image\":{\"@id\":\"https:\/\/www.slatinska-banka.hr\/#\/schema\/logo\/image\/\"},\"sameAs\":[\"https:\/\/www.facebook.com\/slatinskabanka\/\",\"https:\/\/www.linkedin.com\/company\/slatinska-banka-dd\"]}]}<\/script>\n<!-- \/ Yoast SEO plugin. -->","yoast_head_json":{"title":"Isplate mirovina na bankomatima ve\u0107 od 28.3. - Slatinska Banka","robots":{"index":"index","follow":"follow","max-snippet":"max-snippet:-1","max-image-preview":"max-image-preview:large","max-video-preview":"max-video-preview:-1"},"canonical":"https:\/\/www.slatinska-banka.hr\/en\/isplate-mirovina-na-bankomatima-vec-od-28-3\/","og_locale":"en_US","og_type":"article","og_title":"Isplate mirovina na bankomatima ve\u0107 od 28.3. - Slatinska Banka","og_description":"Dragi na\u0161i korisnici mirovina, svoje mirovine mo\u0107i \u0107ete podizati ve\u0107 od subote, 28.3. na bankomatima, a od srijede, 1.4. i u poslovnicama na\u0161e banke. Koristimo priliku naglasiti da smo ukinuli [&hellip;]","og_url":"https:\/\/www.slatinska-banka.hr\/en\/isplate-mirovina-na-bankomatima-vec-od-28-3\/","og_site_name":"Slatinska Banka","article_publisher":"https:\/\/www.facebook.com\/slatinskabanka\/","article_modified_time":"2020-03-25T13:22:02+00:00","og_image":[{"width":280,"height":202,"url":"https:\/\/www.slatinska-banka.hr\/wp-content\/uploads\/baka-sb123.png","type":"image\/png"}],"twitter_card":"summary_large_image","twitter_misc":{"Est. reading time":"1 minute"},"schema":{"@context":"https:\/\/schema.org","@graph":[{"@type":"WebPage","@id":"https:\/\/www.slatinska-banka.hr\/isplate-mirovina-na-bankomatima-vec-od-28-3\/","url":"https:\/\/www.slatinska-banka.hr\/isplate-mirovina-na-bankomatima-vec-od-28-3\/","name":"Isplate mirovina na bankomatima ve\u0107 od 28.3. - Slatinska Banka","isPartOf":{"@id":"https:\/\/www.slatinska-banka.hr\/#website"},"primaryImageOfPage":{"@id":"https:\/\/www.slatinska-banka.hr\/isplate-mirovina-na-bankomatima-vec-od-28-3\/#primaryimage"},"image":{"@id":"https:\/\/www.slatinska-banka.hr\/isplate-mirovina-na-bankomatima-vec-od-28-3\/#primaryimage"},"thumbnailUrl":"https:\/\/www.slatinska-banka.hr\/wp-content\/uploads\/baka-sb123.png","datePublished":"2020-03-23T14:05:57+00:00","dateModified":"2020-03-25T13:22:02+00:00","inLanguage":"en-US","potentialAction":[{"@type":"ReadAction","target":["https:\/\/www.slatinska-banka.hr\/isplate-mirovina-na-bankomatima-vec-od-28-3\/"]}]},{"@type":"ImageObject","inLanguage":"en-US","@id":"https:\/\/www.slatinska-banka.hr\/isplate-mirovina-na-bankomatima-vec-od-28-3\/#primaryimage","url":"https:\/\/www.slatinska-banka.hr\/wp-content\/uploads\/baka-sb123.png","contentUrl":"https:\/\/www.slatinska-banka.hr\/wp-content\/uploads\/baka-sb123.png","width":280,"height":202},{"@type":"WebSite","@id":"https:\/\/www.slatinska-banka.hr\/#website","url":"https:\/\/www.slatinska-banka.hr\/","name":"Slatinska Banka","description":"Razlika je u pristupu","publisher":{"@id":"https:\/\/www.slatinska-banka.hr\/#organization"},"potentialAction":[{"@type":"SearchAction","target":{"@type":"EntryPoint","urlTemplate":"https:\/\/www.slatinska-banka.hr\/?s={search_term_string}"},"query-input":{"@type":"PropertyValueSpecification","valueRequired":true,"valueName":"search_term_string"}}],"inLanguage":"en-US"},{"@type":"Organization","@id":"https:\/\/www.slatinska-banka.hr\/#organization","name":"Slatinska banka d.d.","url":"https:\/\/www.slatinska-banka.hr\/","logo":{"@type":"ImageObject","inLanguage":"en-US","@id":"https:\/\/www.slatinska-banka.hr\/#\/schema\/logo\/image\/","url":"https:\/\/www.slatinska-banka.hr\/wp-content\/uploads\/2019\/02\/logo_big.png","contentUrl":"https:\/\/www.slatinska-banka.hr\/wp-content\/uploads\/2019\/02\/logo_big.png","width":302,"height":244,"caption":"Slatinska banka d.d."},"image":{"@id":"https:\/\/www.slatinska-banka.hr\/#\/schema\/logo\/image\/"},"sameAs":["https:\/\/www.facebook.com\/slatinskabanka\/","https:\/\/www.linkedin.com\/company\/slatinska-banka-dd"]}]}},"_links":{"self":[{"href":"https:\/\/www.slatinska-banka.hr\/en\/wp-json\/wp\/v2\/pages\/5992","targetHints":{"allow":["GET"]}}],"collection":[{"href":"https:\/\/www.slatinska-banka.hr\/en\/wp-json\/wp\/v2\/pages"}],"about":[{"href":"https:\/\/www.slatinska-banka.hr\/en\/wp-json\/wp\/v2\/types\/page"}],"author":[{"embeddable":true,"href":"https:\/\/www.slatinska-banka.hr\/en\/wp-json\/wp\/v2\/users\/14"}],"replies":[{"embeddable":true,"href":"https:\/\/www.slatinska-banka.hr\/en\/wp-json\/wp\/v2\/comments?post=5992"}],"version-history":[{"count":4,"href":"https:\/\/www.slatinska-banka.hr\/en\/wp-json\/wp\/v2\/pages\/5992\/revisions"}],"predecessor-version":[{"id":6018,"href":"https:\/\/www.slatinska-banka.hr\/en\/wp-json\/wp\/v2\/pages\/5992\/revisions\/6018"}],"wp:featuredmedia":[{"embeddable":true,"href":"https:\/\/www.slatinska-banka.hr\/en\/wp-json\/wp\/v2\/media\/6025"}],"wp:attachment":[{"href":"https:\/\/www.slatinska-banka.hr\/en\/wp-json\/wp\/v2\/media?parent=5992"}],"wp:term":[{"taxonomy":"category","embeddable":true,"href":"https:\/\/www.slatinska-banka.hr\/en\/wp-json\/wp\/v2\/categories?post=5992"},{"taxonomy":"post_tag","embeddable":true,"href":"https:\/\/www.slatinska-banka.hr\/en\/wp-json\/wp\/v2\/tags?post=5992"}],"curies":[{"name":"wp","href":"https:\/\/api.w.org\/{rel}","templated":true}]}}