{"id":5918,"date":"2020-03-19T14:27:15","date_gmt":"2020-03-19T13:27:15","guid":{"rendered":"http:\/\/www.slatinska-banka.hr\/?page_id=5918"},"modified":"2020-03-27T12:54:00","modified_gmt":"2020-03-27T11:54:00","slug":"banke-ce-razmatrati-i-odobravati-zahtjeve-za-odgodom","status":"publish","type":"page","link":"https:\/\/www.slatinska-banka.hr\/en\/banke-ce-razmatrati-i-odobravati-zahtjeve-za-odgodom\/","title":{"rendered":"Banke \u0107e razmatrati i odobravati zahtjeve za odgodom pla\u0107anja kredita"},"content":{"rendered":"<p style=\"text-align: justify;\">Po\u0161tovani klijenti,<\/p>\r\n<p style=\"text-align: justify;\">razumijemo probleme i potrebe koje nastaju u ovoj situaciji. Zato pripremamo modele olak\u0161anih otplata kredita kao jednu od mjera kojima nastojimo olak\u0161ati va\u0161e funkcioniranje i \u017eivot.<\/p>\r\n<p>Vi\u0161e informacija o na\u010dinu provo\u0111enja mjera za olak\u0161anje otplate kao i na\u010dine komuniciranja prema klijentima, objavit \u0107emo po stupanju istih na snagu.<\/p>\r\n<p style=\"text-align: justify;\">U redovitoj smo komunikaciji s Hrvatskom narodnom bankom, a kao \u010dlanica Hrvatske udruge banaka, prenosimo obavijest s pregledom gospodarskih mjera koje se odnose na poslovanje banaka.<\/p>\r\n<p style=\"text-align: justify;\">Hrvatska udruga banaka u proteklom razdoblju sudjelovala je na sastancima s predstavnicima Vlade Republike Hrvatske, Hrvatske narodne bake i Hrvatske banke za obnovu i razvitak te je proaktivno iznosila mjere s ciljem pomo\u0107i gospodarstvu Republike Hrvatske. Banke su predlo\u017eile niz gospodarskih mjera s ciljem pomo\u0107i poduze\u0107ima i fizi\u010dkim osobama na \u010dije je poslovanje utjecala epidemija korona virusa.<\/p>\r\n<p style=\"text-align: justify;\">\u201e<em>U ovom iznimno osjetljivom razdoblju, banke u Hrvatskoj proaktivno su djelovale te iznijele niz prijedloga gospodarskih mjera koje imaju za cilj olak\u0161ati poslovanje i \u017eivot gra\u0111ana Republike Hrvatske. Od klju\u010dne va\u017enosti prilikom kreiranja optimalnih rje\u0161enja i mjera bila je suradnja banaka s predstavnicima Vlade RH, poslodavaca, HNB-a, HBOR-a i ostalih relevantnih institucija. Zajedni\u010dki interes je za\u0161titi gra\u0111ane Republike Hrvatske te osigurati likvidnost poduze\u0107a pogo\u0111enih epidemijom korona virusa. Vjerujem kako \u0107e donesene mjere pru\u017eiti optimizam cijelom dru\u0161tvu te dokazati da zajedni\u010dkom suradnjom mo\u017eemo odgovoriti na izazove koje nam donosi izvanredna situacija<\/em>\u201c, izjavio je <strong>direktor Hrvatske udruge banaka Zdenko Adrovi\u0107<\/strong>.<\/p>\r\n<p style=\"text-align: justify;\">O\u010dekujemo da Hrvatska narodna banka u \u0161to kra\u0107em roku donese odgovaraju\u0107e zakonske propise koji \u0107e\u00a0 u potpunosti regulirati odgode raznih pla\u0107anja za narednih 90 dana.<\/p>\r\n<p style=\"text-align: justify;\">Slijedom navedenog, u nastavku donosimo pregled gospodarskih mjera koje se odnose na poslovanje banaka te su dogovorene u koordinaciji s predstavnicima Ministarstva financija i Hrvatske narodne banke s ciljem pomo\u0107i gra\u0111anima i poduze\u0107ima u Hrvatskoj:<\/p>\r\n<ol style=\"text-align: justify;\">\r\n\t<li><strong>U svrhu o\u010duvanja financijske stabilnosti i likvidnosti \u010dimbenika gospodarstva u Republici Hrvatskoj, kreditne institucije \u0107e u svojim internim aktima usvojiti odluku prema kojoj ne\u0107e poduzimati mjere prisilne naplate (ovrha, aktiviranje instrumenata osiguranja) radi naplate duga svojih du\u017enika (fizi\u010dkih i pravnih osoba) koji u tri mjeseca uzastopno po\u010dev\u0161i od travnja 2020. godine ne podmire tri rate\/anuiteta svojih kreditnih obveza, pod uvjetom da time kao vjerovnici nisu dovedeni u neravnopravan polo\u017eaj u odnosu na druge vjerovnike.<\/strong><\/li>\r\n<\/ol>\r\n<p style=\"text-align: justify;\"><strong>\u00a0<\/strong><\/p>\r\n<ol style=\"text-align: justify;\" start=\"2\">\r\n\t<li><strong> Kreditne institucije \u0107e savjesno i urgentno razmatrati i odobravati zahtjeve klijenata (gra\u0111ana i poduzetnika) za odgodom pla\u0107anja na rok od najmanje tri mjeseca, a \u010diji je bonitet ozbiljno naru\u0161en u postoje\u0107im okolnostima uslijed gubitka ili smanjenja stalnih izvora prihoda, te u korist poduzetnika \u010diji je prihod bitno umanjen u odnosu na ukupan prihod u prethodnom razdoblju.<\/strong><\/li>\r\n<\/ol>\r\n<p style=\"text-align: justify;\"><strong>\u00a0<\/strong><\/p>\r\n<ol style=\"text-align: justify;\" start=\"3\">\r\n\t<li><strong> Kreditne institucije \u0107e za vrijeme odgode pla\u0107anja obra\u010dunavati isklju\u010divo redovno ugovorene kamate bez dodatnih naknada.<\/strong><\/li>\r\n<\/ol>\r\n<p style=\"text-align: justify;\"><strong>\u00a0<\/strong><\/p>\r\n<ol style=\"text-align: justify;\" start=\"4\">\r\n\t<li><strong> Za uspjeh mjera koje se o\u010dekuju od kreditnih institucija bit \u0107e va\u017eno osigurati solidarnost drugih grupa vjerovnika, kako bi se osigurala pomo\u0107 gra\u0111anima i poduzetnicima koji su u postoje\u0107im okolnostima doista ekonomski pogo\u0111eni.<\/strong><\/li>\r\n<\/ol>\r\n<p style=\"text-align: justify;\"><strong>\u00a0<\/strong><\/p>\r\n<p style=\"text-align: justify;\">Vi\u0161e informacija prona\u0111ite u objavi za medije koja se nalazi u <a href=\"http:\/\/www.slatinska-banka.hr\/wp-content\/uploads\/HUB-Objava-za-medije-Banke-idu\u0107a-tri-mjeseca-ne\u0107e-poduzimati-mjere-prisilne-naplate.pdf\">privitku<\/a>.<\/p>","protected":false},"excerpt":{"rendered":"<p>Po\u0161tovani klijenti, razumijemo probleme i potrebe koje nastaju u ovoj situaciji. Zato pripremamo modele olak\u0161anih otplata kredita kao jednu od mjera kojima nastojimo olak\u0161ati va\u0161e funkcioniranje i \u017eivot. Vi\u0161e informacija [&hellip;]<\/p>","protected":false},"author":14,"featured_media":5924,"parent":0,"menu_order":0,"comment_status":"closed","ping_status":"closed","template":"","meta":{"_acf_changed":false,"footnotes":""},"categories":[3,6],"tags":[],"class_list":["post-5918","page","type-page","status-publish","has-post-thumbnail","hentry","category-izdvojeno-na-naslovnici","category-poslovni-subjekti"],"acf":[],"yoast_head":"<!-- This site is optimized with the Yoast SEO plugin v25.4 - https:\/\/yoast.com\/wordpress\/plugins\/seo\/ -->\n<title>Banke \u0107e razmatrati i odobravati zahtjeve za odgodom pla\u0107anja kredita - Slatinska Banka<\/title>\n<meta name=\"robots\" content=\"index, follow, max-snippet:-1, max-image-preview:large, max-video-preview:-1\" \/>\n<link rel=\"canonical\" href=\"https:\/\/www.slatinska-banka.hr\/en\/banke-ce-razmatrati-i-odobravati-zahtjeve-za-odgodom\/\" \/>\n<meta property=\"og:locale\" content=\"en_US\" \/>\n<meta property=\"og:type\" content=\"article\" \/>\n<meta property=\"og:title\" content=\"Banke \u0107e razmatrati i odobravati zahtjeve za odgodom pla\u0107anja kredita - Slatinska Banka\" \/>\n<meta property=\"og:description\" content=\"Po\u0161tovani klijenti, razumijemo probleme i potrebe koje nastaju u ovoj situaciji. Zato pripremamo modele olak\u0161anih otplata kredita kao jednu od mjera kojima nastojimo olak\u0161ati va\u0161e funkcioniranje i \u017eivot. Vi\u0161e informacija [&hellip;]\" \/>\n<meta property=\"og:url\" content=\"https:\/\/www.slatinska-banka.hr\/en\/banke-ce-razmatrati-i-odobravati-zahtjeve-za-odgodom\/\" \/>\n<meta property=\"og:site_name\" content=\"Slatinska Banka\" \/>\n<meta property=\"article:publisher\" content=\"https:\/\/www.facebook.com\/slatinskabanka\/\" \/>\n<meta property=\"article:modified_time\" content=\"2020-03-27T11:54:00+00:00\" \/>\n<meta property=\"og:image\" content=\"https:\/\/www.slatinska-banka.hr\/wp-content\/uploads\/logo-hub.png\" \/>\n\t<meta property=\"og:image:width\" content=\"504\" \/>\n\t<meta property=\"og:image:height\" content=\"295\" \/>\n\t<meta property=\"og:image:type\" content=\"image\/png\" \/>\n<meta name=\"twitter:card\" content=\"summary_large_image\" \/>\n<meta name=\"twitter:label1\" content=\"Est. reading time\" \/>\n\t<meta name=\"twitter:data1\" content=\"3 minutes\" \/>\n<script type=\"application\/ld+json\" class=\"yoast-schema-graph\">{\"@context\":\"https:\/\/schema.org\",\"@graph\":[{\"@type\":\"WebPage\",\"@id\":\"https:\/\/www.slatinska-banka.hr\/banke-ce-razmatrati-i-odobravati-zahtjeve-za-odgodom\/\",\"url\":\"https:\/\/www.slatinska-banka.hr\/banke-ce-razmatrati-i-odobravati-zahtjeve-za-odgodom\/\",\"name\":\"Banke \u0107e razmatrati i odobravati zahtjeve za odgodom pla\u0107anja kredita - Slatinska Banka\",\"isPartOf\":{\"@id\":\"https:\/\/www.slatinska-banka.hr\/#website\"},\"primaryImageOfPage\":{\"@id\":\"https:\/\/www.slatinska-banka.hr\/banke-ce-razmatrati-i-odobravati-zahtjeve-za-odgodom\/#primaryimage\"},\"image\":{\"@id\":\"https:\/\/www.slatinska-banka.hr\/banke-ce-razmatrati-i-odobravati-zahtjeve-za-odgodom\/#primaryimage\"},\"thumbnailUrl\":\"https:\/\/www.slatinska-banka.hr\/wp-content\/uploads\/logo-hub.png\",\"datePublished\":\"2020-03-19T13:27:15+00:00\",\"dateModified\":\"2020-03-27T11:54:00+00:00\",\"inLanguage\":\"en-US\",\"potentialAction\":[{\"@type\":\"ReadAction\",\"target\":[\"https:\/\/www.slatinska-banka.hr\/banke-ce-razmatrati-i-odobravati-zahtjeve-za-odgodom\/\"]}]},{\"@type\":\"ImageObject\",\"inLanguage\":\"en-US\",\"@id\":\"https:\/\/www.slatinska-banka.hr\/banke-ce-razmatrati-i-odobravati-zahtjeve-za-odgodom\/#primaryimage\",\"url\":\"https:\/\/www.slatinska-banka.hr\/wp-content\/uploads\/logo-hub.png\",\"contentUrl\":\"https:\/\/www.slatinska-banka.hr\/wp-content\/uploads\/logo-hub.png\",\"width\":504,\"height\":295},{\"@type\":\"WebSite\",\"@id\":\"https:\/\/www.slatinska-banka.hr\/#website\",\"url\":\"https:\/\/www.slatinska-banka.hr\/\",\"name\":\"Slatinska Banka\",\"description\":\"Razlika je u pristupu\",\"publisher\":{\"@id\":\"https:\/\/www.slatinska-banka.hr\/#organization\"},\"potentialAction\":[{\"@type\":\"SearchAction\",\"target\":{\"@type\":\"EntryPoint\",\"urlTemplate\":\"https:\/\/www.slatinska-banka.hr\/?s={search_term_string}\"},\"query-input\":{\"@type\":\"PropertyValueSpecification\",\"valueRequired\":true,\"valueName\":\"search_term_string\"}}],\"inLanguage\":\"en-US\"},{\"@type\":\"Organization\",\"@id\":\"https:\/\/www.slatinska-banka.hr\/#organization\",\"name\":\"Slatinska banka d.d.\",\"url\":\"https:\/\/www.slatinska-banka.hr\/\",\"logo\":{\"@type\":\"ImageObject\",\"inLanguage\":\"en-US\",\"@id\":\"https:\/\/www.slatinska-banka.hr\/#\/schema\/logo\/image\/\",\"url\":\"https:\/\/www.slatinska-banka.hr\/wp-content\/uploads\/2019\/02\/logo_big.png\",\"contentUrl\":\"https:\/\/www.slatinska-banka.hr\/wp-content\/uploads\/2019\/02\/logo_big.png\",\"width\":302,\"height\":244,\"caption\":\"Slatinska banka d.d.\"},\"image\":{\"@id\":\"https:\/\/www.slatinska-banka.hr\/#\/schema\/logo\/image\/\"},\"sameAs\":[\"https:\/\/www.facebook.com\/slatinskabanka\/\",\"https:\/\/www.linkedin.com\/company\/slatinska-banka-dd\"]}]}<\/script>\n<!-- \/ Yoast SEO plugin. -->","yoast_head_json":{"title":"Banke \u0107e razmatrati i odobravati zahtjeve za odgodom pla\u0107anja kredita - Slatinska Banka","robots":{"index":"index","follow":"follow","max-snippet":"max-snippet:-1","max-image-preview":"max-image-preview:large","max-video-preview":"max-video-preview:-1"},"canonical":"https:\/\/www.slatinska-banka.hr\/en\/banke-ce-razmatrati-i-odobravati-zahtjeve-za-odgodom\/","og_locale":"en_US","og_type":"article","og_title":"Banke \u0107e razmatrati i odobravati zahtjeve za odgodom pla\u0107anja kredita - Slatinska Banka","og_description":"Po\u0161tovani klijenti, razumijemo probleme i potrebe koje nastaju u ovoj situaciji. Zato pripremamo modele olak\u0161anih otplata kredita kao jednu od mjera kojima nastojimo olak\u0161ati va\u0161e funkcioniranje i \u017eivot. Vi\u0161e informacija [&hellip;]","og_url":"https:\/\/www.slatinska-banka.hr\/en\/banke-ce-razmatrati-i-odobravati-zahtjeve-za-odgodom\/","og_site_name":"Slatinska Banka","article_publisher":"https:\/\/www.facebook.com\/slatinskabanka\/","article_modified_time":"2020-03-27T11:54:00+00:00","og_image":[{"width":504,"height":295,"url":"https:\/\/www.slatinska-banka.hr\/wp-content\/uploads\/logo-hub.png","type":"image\/png"}],"twitter_card":"summary_large_image","twitter_misc":{"Est. reading time":"3 minutes"},"schema":{"@context":"https:\/\/schema.org","@graph":[{"@type":"WebPage","@id":"https:\/\/www.slatinska-banka.hr\/banke-ce-razmatrati-i-odobravati-zahtjeve-za-odgodom\/","url":"https:\/\/www.slatinska-banka.hr\/banke-ce-razmatrati-i-odobravati-zahtjeve-za-odgodom\/","name":"Banke \u0107e razmatrati i odobravati zahtjeve za odgodom pla\u0107anja kredita - Slatinska Banka","isPartOf":{"@id":"https:\/\/www.slatinska-banka.hr\/#website"},"primaryImageOfPage":{"@id":"https:\/\/www.slatinska-banka.hr\/banke-ce-razmatrati-i-odobravati-zahtjeve-za-odgodom\/#primaryimage"},"image":{"@id":"https:\/\/www.slatinska-banka.hr\/banke-ce-razmatrati-i-odobravati-zahtjeve-za-odgodom\/#primaryimage"},"thumbnailUrl":"https:\/\/www.slatinska-banka.hr\/wp-content\/uploads\/logo-hub.png","datePublished":"2020-03-19T13:27:15+00:00","dateModified":"2020-03-27T11:54:00+00:00","inLanguage":"en-US","potentialAction":[{"@type":"ReadAction","target":["https:\/\/www.slatinska-banka.hr\/banke-ce-razmatrati-i-odobravati-zahtjeve-za-odgodom\/"]}]},{"@type":"ImageObject","inLanguage":"en-US","@id":"https:\/\/www.slatinska-banka.hr\/banke-ce-razmatrati-i-odobravati-zahtjeve-za-odgodom\/#primaryimage","url":"https:\/\/www.slatinska-banka.hr\/wp-content\/uploads\/logo-hub.png","contentUrl":"https:\/\/www.slatinska-banka.hr\/wp-content\/uploads\/logo-hub.png","width":504,"height":295},{"@type":"WebSite","@id":"https:\/\/www.slatinska-banka.hr\/#website","url":"https:\/\/www.slatinska-banka.hr\/","name":"Slatinska Banka","description":"Razlika je u pristupu","publisher":{"@id":"https:\/\/www.slatinska-banka.hr\/#organization"},"potentialAction":[{"@type":"SearchAction","target":{"@type":"EntryPoint","urlTemplate":"https:\/\/www.slatinska-banka.hr\/?s={search_term_string}"},"query-input":{"@type":"PropertyValueSpecification","valueRequired":true,"valueName":"search_term_string"}}],"inLanguage":"en-US"},{"@type":"Organization","@id":"https:\/\/www.slatinska-banka.hr\/#organization","name":"Slatinska banka d.d.","url":"https:\/\/www.slatinska-banka.hr\/","logo":{"@type":"ImageObject","inLanguage":"en-US","@id":"https:\/\/www.slatinska-banka.hr\/#\/schema\/logo\/image\/","url":"https:\/\/www.slatinska-banka.hr\/wp-content\/uploads\/2019\/02\/logo_big.png","contentUrl":"https:\/\/www.slatinska-banka.hr\/wp-content\/uploads\/2019\/02\/logo_big.png","width":302,"height":244,"caption":"Slatinska banka d.d."},"image":{"@id":"https:\/\/www.slatinska-banka.hr\/#\/schema\/logo\/image\/"},"sameAs":["https:\/\/www.facebook.com\/slatinskabanka\/","https:\/\/www.linkedin.com\/company\/slatinska-banka-dd"]}]}},"_links":{"self":[{"href":"https:\/\/www.slatinska-banka.hr\/en\/wp-json\/wp\/v2\/pages\/5918","targetHints":{"allow":["GET"]}}],"collection":[{"href":"https:\/\/www.slatinska-banka.hr\/en\/wp-json\/wp\/v2\/pages"}],"about":[{"href":"https:\/\/www.slatinska-banka.hr\/en\/wp-json\/wp\/v2\/types\/page"}],"author":[{"embeddable":true,"href":"https:\/\/www.slatinska-banka.hr\/en\/wp-json\/wp\/v2\/users\/14"}],"replies":[{"embeddable":true,"href":"https:\/\/www.slatinska-banka.hr\/en\/wp-json\/wp\/v2\/comments?post=5918"}],"version-history":[{"count":10,"href":"https:\/\/www.slatinska-banka.hr\/en\/wp-json\/wp\/v2\/pages\/5918\/revisions"}],"predecessor-version":[{"id":6046,"href":"https:\/\/www.slatinska-banka.hr\/en\/wp-json\/wp\/v2\/pages\/5918\/revisions\/6046"}],"wp:featuredmedia":[{"embeddable":true,"href":"https:\/\/www.slatinska-banka.hr\/en\/wp-json\/wp\/v2\/media\/5924"}],"wp:attachment":[{"href":"https:\/\/www.slatinska-banka.hr\/en\/wp-json\/wp\/v2\/media?parent=5918"}],"wp:term":[{"taxonomy":"category","embeddable":true,"href":"https:\/\/www.slatinska-banka.hr\/en\/wp-json\/wp\/v2\/categories?post=5918"},{"taxonomy":"post_tag","embeddable":true,"href":"https:\/\/www.slatinska-banka.hr\/en\/wp-json\/wp\/v2\/tags?post=5918"}],"curies":[{"name":"wp","href":"https:\/\/api.w.org\/{rel}","templated":true}]}}