{"id":557859,"date":"2023-09-26T14:35:21","date_gmt":"2023-09-26T12:35:21","guid":{"rendered":"https:\/\/www.slatinska-banka.hr\/?page_id=557859"},"modified":"2023-10-06T10:42:53","modified_gmt":"2023-10-06T08:42:53","slug":"sepa-kreditni-transfer-sct-novi-format-poruka-pain-001-001-09-u-primjeni-od-19-11-2023","status":"publish","type":"page","link":"https:\/\/www.slatinska-banka.hr\/en\/banka\/novosti\/sepa-kreditni-transfer-sct-novi-format-poruka-pain-001-001-09-u-primjeni-od-19-11-2023\/","title":{"rendered":"SEPA kreditni transfer (SCT) \u2013 novi format poruka pain.001.001.09 u primjeni od 19.11.2023."},"content":{"rendered":"<p style=\"padding-left: 40px;\">Od 19. studenog 2023. godine u primjeni je nova dokumentacija za SEPA kreditni transfer kojom je podr\u017eana zamjena ISO 20022 verzije 2009. verzijom 2019.\r\nVezano za promjenu formata pripremljena je nova verzija Upute za klijente pain.001 i Upute za klijente pain.002 te je a\u017euriran dokument Pravila SCT sheme.\r\nNova dokumentacija objavljena je na <a href=\"https:\/\/www.sepa.hr\/upute-za-korisnike\/shema-za-sepa-kreditnitransfer\/sct-dokumentacija-za-primjenu-od-19-11-2023\/\">https:\/\/www.sepa.hr\/upute-za-korisnike\/shema-za-sepa-kreditnitransfer\/sct-dokumentacija-za-primjenu-od-19-11-2023\/<\/a><\/p>\r\n<p style=\"padding-left: 40px;\">Skre\u0107emo pa\u017enju na va\u017ene promjene koje se nalaze u Uputi za klijente pain.001:\r\n\u2022 popunjavanje adrese u strukturiranom obliku,\r\n\u2022 adresu je mogu\u0107e popunjavati i na postoje\u0107i, nestrukturirani na\u010din, do studenog 2025. godine kada \u0107e strukturirana adresa biti jedina opcija,\r\n\u2022 izra\u0111ena je nova xsd shema pain.001.001.09.<\/p>\r\n<p style=\"padding-left: 40px;\">Za sve nejasno\u0107e stojimo Vam na raspolaganju.<\/p>\r\n&nbsp;\r\n\r\n&nbsp;\r\n\r\n&nbsp;\r\n\r\n&nbsp;","protected":false},"excerpt":{"rendered":"<p>Od 19. studenog 2023. godine u primjeni je nova dokumentacija za SEPA kreditni transfer kojom je podr\u017eana zamjena ISO 20022 verzije 2009. verzijom 2019. Vezano za promjenu formata pripremljena je [&hellip;]<\/p>","protected":false},"author":14,"featured_media":0,"parent":13864,"menu_order":2,"comment_status":"closed","ping_status":"closed","template":"page-template-3.php","meta":{"_acf_changed":false,"footnotes":""},"categories":[],"tags":[],"class_list":["post-557859","page","type-page","status-publish","hentry"],"acf":[],"yoast_head":"<!-- This site is optimized with the Yoast SEO plugin v25.4 - https:\/\/yoast.com\/wordpress\/plugins\/seo\/ -->\n<title>SEPA kreditni transfer (SCT) \u2013 novi format poruka pain.001.001.09 u primjeni od 19.11.2023. - Slatinska Banka<\/title>\n<meta name=\"robots\" content=\"index, follow, max-snippet:-1, max-image-preview:large, max-video-preview:-1\" \/>\n<link rel=\"canonical\" href=\"https:\/\/www.slatinska-banka.hr\/en\/banka\/novosti\/sepa-kreditni-transfer-sct-novi-format-poruka-pain-001-001-09-u-primjeni-od-19-11-2023\/\" \/>\n<meta property=\"og:locale\" content=\"en_US\" \/>\n<meta property=\"og:type\" content=\"article\" \/>\n<meta property=\"og:title\" content=\"SEPA kreditni transfer (SCT) \u2013 novi format poruka pain.001.001.09 u primjeni od 19.11.2023. - Slatinska Banka\" \/>\n<meta property=\"og:description\" content=\"Od 19. studenog 2023. godine u primjeni je nova dokumentacija za SEPA kreditni transfer kojom je podr\u017eana zamjena ISO 20022 verzije 2009. verzijom 2019. Vezano za promjenu formata pripremljena je [&hellip;]\" \/>\n<meta property=\"og:url\" content=\"https:\/\/www.slatinska-banka.hr\/en\/banka\/novosti\/sepa-kreditni-transfer-sct-novi-format-poruka-pain-001-001-09-u-primjeni-od-19-11-2023\/\" \/>\n<meta property=\"og:site_name\" content=\"Slatinska Banka\" \/>\n<meta property=\"article:publisher\" content=\"https:\/\/www.facebook.com\/slatinskabanka\/\" \/>\n<meta property=\"article:modified_time\" content=\"2023-10-06T08:42:53+00:00\" \/>\n<meta name=\"twitter:card\" content=\"summary_large_image\" \/>\n<meta name=\"twitter:label1\" content=\"Est. reading time\" \/>\n\t<meta name=\"twitter:data1\" content=\"1 minute\" \/>\n<script type=\"application\/ld+json\" class=\"yoast-schema-graph\">{\"@context\":\"https:\/\/schema.org\",\"@graph\":[{\"@type\":\"WebPage\",\"@id\":\"https:\/\/www.slatinska-banka.hr\/banka\/novosti\/sepa-kreditni-transfer-sct-novi-format-poruka-pain-001-001-09-u-primjeni-od-19-11-2023\/\",\"url\":\"https:\/\/www.slatinska-banka.hr\/banka\/novosti\/sepa-kreditni-transfer-sct-novi-format-poruka-pain-001-001-09-u-primjeni-od-19-11-2023\/\",\"name\":\"SEPA kreditni transfer (SCT) \u2013 novi format poruka pain.001.001.09 u primjeni od 19.11.2023. - Slatinska Banka\",\"isPartOf\":{\"@id\":\"https:\/\/www.slatinska-banka.hr\/#website\"},\"datePublished\":\"2023-09-26T12:35:21+00:00\",\"dateModified\":\"2023-10-06T08:42:53+00:00\",\"breadcrumb\":{\"@id\":\"https:\/\/www.slatinska-banka.hr\/banka\/novosti\/sepa-kreditni-transfer-sct-novi-format-poruka-pain-001-001-09-u-primjeni-od-19-11-2023\/#breadcrumb\"},\"inLanguage\":\"en-US\",\"potentialAction\":[{\"@type\":\"ReadAction\",\"target\":[\"https:\/\/www.slatinska-banka.hr\/banka\/novosti\/sepa-kreditni-transfer-sct-novi-format-poruka-pain-001-001-09-u-primjeni-od-19-11-2023\/\"]}]},{\"@type\":\"BreadcrumbList\",\"@id\":\"https:\/\/www.slatinska-banka.hr\/banka\/novosti\/sepa-kreditni-transfer-sct-novi-format-poruka-pain-001-001-09-u-primjeni-od-19-11-2023\/#breadcrumb\",\"itemListElement\":[{\"@type\":\"ListItem\",\"position\":1,\"name\":\"Banka\",\"item\":\"https:\/\/www.slatinska-banka.hr\/banka\/\"},{\"@type\":\"ListItem\",\"position\":2,\"name\":\"Novosti\",\"item\":\"https:\/\/www.slatinska-banka.hr\/banka\/novosti\/\"},{\"@type\":\"ListItem\",\"position\":3,\"name\":\"SEPA kreditni transfer (SCT) \u2013 novi format poruka pain.001.001.09 u primjeni od 19.11.2023.\"}]},{\"@type\":\"WebSite\",\"@id\":\"https:\/\/www.slatinska-banka.hr\/#website\",\"url\":\"https:\/\/www.slatinska-banka.hr\/\",\"name\":\"Slatinska Banka\",\"description\":\"Razlika je u pristupu\",\"publisher\":{\"@id\":\"https:\/\/www.slatinska-banka.hr\/#organization\"},\"potentialAction\":[{\"@type\":\"SearchAction\",\"target\":{\"@type\":\"EntryPoint\",\"urlTemplate\":\"https:\/\/www.slatinska-banka.hr\/?s={search_term_string}\"},\"query-input\":{\"@type\":\"PropertyValueSpecification\",\"valueRequired\":true,\"valueName\":\"search_term_string\"}}],\"inLanguage\":\"en-US\"},{\"@type\":\"Organization\",\"@id\":\"https:\/\/www.slatinska-banka.hr\/#organization\",\"name\":\"Slatinska banka d.d.\",\"url\":\"https:\/\/www.slatinska-banka.hr\/\",\"logo\":{\"@type\":\"ImageObject\",\"inLanguage\":\"en-US\",\"@id\":\"https:\/\/www.slatinska-banka.hr\/#\/schema\/logo\/image\/\",\"url\":\"https:\/\/www.slatinska-banka.hr\/wp-content\/uploads\/2019\/02\/logo_big.png\",\"contentUrl\":\"https:\/\/www.slatinska-banka.hr\/wp-content\/uploads\/2019\/02\/logo_big.png\",\"width\":302,\"height\":244,\"caption\":\"Slatinska banka d.d.\"},\"image\":{\"@id\":\"https:\/\/www.slatinska-banka.hr\/#\/schema\/logo\/image\/\"},\"sameAs\":[\"https:\/\/www.facebook.com\/slatinskabanka\/\",\"https:\/\/www.linkedin.com\/company\/slatinska-banka-dd\"]}]}<\/script>\n<!-- \/ Yoast SEO plugin. -->","yoast_head_json":{"title":"SEPA kreditni transfer (SCT) \u2013 novi format poruka pain.001.001.09 u primjeni od 19.11.2023. - Slatinska Banka","robots":{"index":"index","follow":"follow","max-snippet":"max-snippet:-1","max-image-preview":"max-image-preview:large","max-video-preview":"max-video-preview:-1"},"canonical":"https:\/\/www.slatinska-banka.hr\/en\/banka\/novosti\/sepa-kreditni-transfer-sct-novi-format-poruka-pain-001-001-09-u-primjeni-od-19-11-2023\/","og_locale":"en_US","og_type":"article","og_title":"SEPA kreditni transfer (SCT) \u2013 novi format poruka pain.001.001.09 u primjeni od 19.11.2023. - Slatinska Banka","og_description":"Od 19. studenog 2023. godine u primjeni je nova dokumentacija za SEPA kreditni transfer kojom je podr\u017eana zamjena ISO 20022 verzije 2009. verzijom 2019. Vezano za promjenu formata pripremljena je [&hellip;]","og_url":"https:\/\/www.slatinska-banka.hr\/en\/banka\/novosti\/sepa-kreditni-transfer-sct-novi-format-poruka-pain-001-001-09-u-primjeni-od-19-11-2023\/","og_site_name":"Slatinska Banka","article_publisher":"https:\/\/www.facebook.com\/slatinskabanka\/","article_modified_time":"2023-10-06T08:42:53+00:00","twitter_card":"summary_large_image","twitter_misc":{"Est. reading time":"1 minute"},"schema":{"@context":"https:\/\/schema.org","@graph":[{"@type":"WebPage","@id":"https:\/\/www.slatinska-banka.hr\/banka\/novosti\/sepa-kreditni-transfer-sct-novi-format-poruka-pain-001-001-09-u-primjeni-od-19-11-2023\/","url":"https:\/\/www.slatinska-banka.hr\/banka\/novosti\/sepa-kreditni-transfer-sct-novi-format-poruka-pain-001-001-09-u-primjeni-od-19-11-2023\/","name":"SEPA kreditni transfer (SCT) \u2013 novi format poruka pain.001.001.09 u primjeni od 19.11.2023. - Slatinska Banka","isPartOf":{"@id":"https:\/\/www.slatinska-banka.hr\/#website"},"datePublished":"2023-09-26T12:35:21+00:00","dateModified":"2023-10-06T08:42:53+00:00","breadcrumb":{"@id":"https:\/\/www.slatinska-banka.hr\/banka\/novosti\/sepa-kreditni-transfer-sct-novi-format-poruka-pain-001-001-09-u-primjeni-od-19-11-2023\/#breadcrumb"},"inLanguage":"en-US","potentialAction":[{"@type":"ReadAction","target":["https:\/\/www.slatinska-banka.hr\/banka\/novosti\/sepa-kreditni-transfer-sct-novi-format-poruka-pain-001-001-09-u-primjeni-od-19-11-2023\/"]}]},{"@type":"BreadcrumbList","@id":"https:\/\/www.slatinska-banka.hr\/banka\/novosti\/sepa-kreditni-transfer-sct-novi-format-poruka-pain-001-001-09-u-primjeni-od-19-11-2023\/#breadcrumb","itemListElement":[{"@type":"ListItem","position":1,"name":"Banka","item":"https:\/\/www.slatinska-banka.hr\/banka\/"},{"@type":"ListItem","position":2,"name":"Novosti","item":"https:\/\/www.slatinska-banka.hr\/banka\/novosti\/"},{"@type":"ListItem","position":3,"name":"SEPA kreditni transfer (SCT) \u2013 novi format poruka pain.001.001.09 u primjeni od 19.11.2023."}]},{"@type":"WebSite","@id":"https:\/\/www.slatinska-banka.hr\/#website","url":"https:\/\/www.slatinska-banka.hr\/","name":"Slatinska Banka","description":"Razlika je u pristupu","publisher":{"@id":"https:\/\/www.slatinska-banka.hr\/#organization"},"potentialAction":[{"@type":"SearchAction","target":{"@type":"EntryPoint","urlTemplate":"https:\/\/www.slatinska-banka.hr\/?s={search_term_string}"},"query-input":{"@type":"PropertyValueSpecification","valueRequired":true,"valueName":"search_term_string"}}],"inLanguage":"en-US"},{"@type":"Organization","@id":"https:\/\/www.slatinska-banka.hr\/#organization","name":"Slatinska banka d.d.","url":"https:\/\/www.slatinska-banka.hr\/","logo":{"@type":"ImageObject","inLanguage":"en-US","@id":"https:\/\/www.slatinska-banka.hr\/#\/schema\/logo\/image\/","url":"https:\/\/www.slatinska-banka.hr\/wp-content\/uploads\/2019\/02\/logo_big.png","contentUrl":"https:\/\/www.slatinska-banka.hr\/wp-content\/uploads\/2019\/02\/logo_big.png","width":302,"height":244,"caption":"Slatinska banka d.d."},"image":{"@id":"https:\/\/www.slatinska-banka.hr\/#\/schema\/logo\/image\/"},"sameAs":["https:\/\/www.facebook.com\/slatinskabanka\/","https:\/\/www.linkedin.com\/company\/slatinska-banka-dd"]}]}},"_links":{"self":[{"href":"https:\/\/www.slatinska-banka.hr\/en\/wp-json\/wp\/v2\/pages\/557859","targetHints":{"allow":["GET"]}}],"collection":[{"href":"https:\/\/www.slatinska-banka.hr\/en\/wp-json\/wp\/v2\/pages"}],"about":[{"href":"https:\/\/www.slatinska-banka.hr\/en\/wp-json\/wp\/v2\/types\/page"}],"author":[{"embeddable":true,"href":"https:\/\/www.slatinska-banka.hr\/en\/wp-json\/wp\/v2\/users\/14"}],"replies":[{"embeddable":true,"href":"https:\/\/www.slatinska-banka.hr\/en\/wp-json\/wp\/v2\/comments?post=557859"}],"version-history":[{"count":4,"href":"https:\/\/www.slatinska-banka.hr\/en\/wp-json\/wp\/v2\/pages\/557859\/revisions"}],"predecessor-version":[{"id":561219,"href":"https:\/\/www.slatinska-banka.hr\/en\/wp-json\/wp\/v2\/pages\/557859\/revisions\/561219"}],"up":[{"embeddable":true,"href":"https:\/\/www.slatinska-banka.hr\/en\/wp-json\/wp\/v2\/pages\/13864"}],"wp:attachment":[{"href":"https:\/\/www.slatinska-banka.hr\/en\/wp-json\/wp\/v2\/media?parent=557859"}],"wp:term":[{"taxonomy":"category","embeddable":true,"href":"https:\/\/www.slatinska-banka.hr\/en\/wp-json\/wp\/v2\/categories?post=557859"},{"taxonomy":"post_tag","embeddable":true,"href":"https:\/\/www.slatinska-banka.hr\/en\/wp-json\/wp\/v2\/tags?post=557859"}],"curies":[{"name":"wp","href":"https:\/\/api.w.org\/{rel}","templated":true}]}}