{"id":5546,"date":"2020-02-18T10:50:29","date_gmt":"2020-02-18T09:50:29","guid":{"rendered":"http:\/\/www.slatinska-banka.hr\/?page_id=5546"},"modified":"2023-08-07T10:20:26","modified_gmt":"2023-08-07T08:20:26","slug":"poslovnica-dakovo","status":"publish","type":"page","link":"https:\/\/www.slatinska-banka.hr\/en\/poslovnica-dakovo\/","title":{"rendered":"Poslovnica \u0110akovo"},"content":{"rendered":"&nbsp;\r\n<p style=\"padding-left: 40px;\"><strong>Adresa:<\/strong> <a href=\"https:\/\/www.google.com\/maps\/search\/radi%C4%87eva+ulica+9+%C4%91akovo\/\">Radi\u0107eva 9, 31 400 \u0110akovo<\/a><\/p>\r\n<p style=\"padding-left: 40px;\"><strong>Mobitel:<\/strong> <a href=\"tel:00385997117339\">0997117339<\/a><\/p>\r\n<p style=\"padding-left: 40px;\"><strong>Telefon:<\/strong> <a href=\"tel:0038531628455\">031 628 455<\/a><\/p>\r\n<p style=\"padding-left: 40px;\"><strong>e-mail:<\/strong> <a href=\"mailto:poslovnica-dakovo@slatinska-banka.hr\">poslovnica-dakovo@slatinska-banka.hr<\/a><\/p>\r\n\r\n<h4 style=\"padding-left: 40px;\">RADNO VRIJEME<\/h4>\r\n<p style=\"padding-left: 40px;\"><strong>Ponedjeljak &#8211; Petak: <\/strong>08:30- 16:00 h<\/p>\r\n<p style=\"padding-left: 40px;\"><strong>Subota: <\/strong>ne radi<\/p>\r\n<p style=\"padding-left: 40px;\"><strong>Nedjelja: <\/strong>ne radi<\/p>","protected":false},"excerpt":{"rendered":"<p>&nbsp; Adresa: Radi\u0107eva 9, 31 400 \u0110akovo Mobitel: 0997117339 Telefon: 031 628 455 e-mail: poslovnica-dakovo@slatinska-banka.hr RADNO VRIJEME Ponedjeljak &#8211; Petak: 08:30- 16:00 h Subota: ne radi Nedjelja: ne radi<\/p>","protected":false},"author":14,"featured_media":0,"parent":0,"menu_order":0,"comment_status":"closed","ping_status":"closed","template":"","meta":{"_acf_changed":false,"footnotes":""},"categories":[],"tags":[],"class_list":["post-5546","page","type-page","status-publish","hentry"],"acf":[],"yoast_head":"<!-- This site is optimized with the Yoast SEO plugin v25.4 - https:\/\/yoast.com\/wordpress\/plugins\/seo\/ -->\n<title>Poslovnica \u0110akovo - Slatinska Banka<\/title>\n<meta name=\"robots\" content=\"index, follow, max-snippet:-1, max-image-preview:large, max-video-preview:-1\" \/>\n<link rel=\"canonical\" href=\"https:\/\/www.slatinska-banka.hr\/en\/poslovnica-dakovo\/\" \/>\n<meta property=\"og:locale\" content=\"en_US\" \/>\n<meta property=\"og:type\" content=\"article\" \/>\n<meta property=\"og:title\" content=\"Poslovnica \u0110akovo - Slatinska Banka\" \/>\n<meta property=\"og:description\" content=\"&nbsp; Adresa: Radi\u0107eva 9, 31 400 \u0110akovo Mobitel: 0997117339 Telefon: 031 628 455 e-mail: poslovnica-dakovo@slatinska-banka.hr RADNO VRIJEME Ponedjeljak &#8211; Petak: 08:30- 16:00 h Subota: ne radi Nedjelja: ne radi\" \/>\n<meta property=\"og:url\" content=\"https:\/\/www.slatinska-banka.hr\/en\/poslovnica-dakovo\/\" \/>\n<meta property=\"og:site_name\" content=\"Slatinska Banka\" \/>\n<meta property=\"article:publisher\" content=\"https:\/\/www.facebook.com\/slatinskabanka\/\" \/>\n<meta property=\"article:modified_time\" content=\"2023-08-07T08:20:26+00:00\" \/>\n<meta name=\"twitter:card\" content=\"summary_large_image\" \/>\n<meta name=\"twitter:label1\" content=\"Est. reading time\" \/>\n\t<meta name=\"twitter:data1\" content=\"1 minute\" \/>\n<script type=\"application\/ld+json\" class=\"yoast-schema-graph\">{\"@context\":\"https:\/\/schema.org\",\"@graph\":[{\"@type\":\"WebPage\",\"@id\":\"https:\/\/www.slatinska-banka.hr\/poslovnica-dakovo\/\",\"url\":\"https:\/\/www.slatinska-banka.hr\/poslovnica-dakovo\/\",\"name\":\"Poslovnica \u0110akovo - Slatinska Banka\",\"isPartOf\":{\"@id\":\"https:\/\/www.slatinska-banka.hr\/#website\"},\"datePublished\":\"2020-02-18T09:50:29+00:00\",\"dateModified\":\"2023-08-07T08:20:26+00:00\",\"inLanguage\":\"en-US\",\"potentialAction\":[{\"@type\":\"ReadAction\",\"target\":[\"https:\/\/www.slatinska-banka.hr\/poslovnica-dakovo\/\"]}]},{\"@type\":\"WebSite\",\"@id\":\"https:\/\/www.slatinska-banka.hr\/#website\",\"url\":\"https:\/\/www.slatinska-banka.hr\/\",\"name\":\"Slatinska Banka\",\"description\":\"Razlika je u pristupu\",\"publisher\":{\"@id\":\"https:\/\/www.slatinska-banka.hr\/#organization\"},\"potentialAction\":[{\"@type\":\"SearchAction\",\"target\":{\"@type\":\"EntryPoint\",\"urlTemplate\":\"https:\/\/www.slatinska-banka.hr\/?s={search_term_string}\"},\"query-input\":{\"@type\":\"PropertyValueSpecification\",\"valueRequired\":true,\"valueName\":\"search_term_string\"}}],\"inLanguage\":\"en-US\"},{\"@type\":\"Organization\",\"@id\":\"https:\/\/www.slatinska-banka.hr\/#organization\",\"name\":\"Slatinska banka d.d.\",\"url\":\"https:\/\/www.slatinska-banka.hr\/\",\"logo\":{\"@type\":\"ImageObject\",\"inLanguage\":\"en-US\",\"@id\":\"https:\/\/www.slatinska-banka.hr\/#\/schema\/logo\/image\/\",\"url\":\"https:\/\/www.slatinska-banka.hr\/wp-content\/uploads\/2019\/02\/logo_big.png\",\"contentUrl\":\"https:\/\/www.slatinska-banka.hr\/wp-content\/uploads\/2019\/02\/logo_big.png\",\"width\":302,\"height\":244,\"caption\":\"Slatinska banka d.d.\"},\"image\":{\"@id\":\"https:\/\/www.slatinska-banka.hr\/#\/schema\/logo\/image\/\"},\"sameAs\":[\"https:\/\/www.facebook.com\/slatinskabanka\/\",\"https:\/\/www.linkedin.com\/company\/slatinska-banka-dd\"]}]}<\/script>\n<!-- \/ Yoast SEO plugin. -->","yoast_head_json":{"title":"Poslovnica \u0110akovo - Slatinska Banka","robots":{"index":"index","follow":"follow","max-snippet":"max-snippet:-1","max-image-preview":"max-image-preview:large","max-video-preview":"max-video-preview:-1"},"canonical":"https:\/\/www.slatinska-banka.hr\/en\/poslovnica-dakovo\/","og_locale":"en_US","og_type":"article","og_title":"Poslovnica \u0110akovo - Slatinska Banka","og_description":"&nbsp; Adresa: Radi\u0107eva 9, 31 400 \u0110akovo Mobitel: 0997117339 Telefon: 031 628 455 e-mail: poslovnica-dakovo@slatinska-banka.hr RADNO VRIJEME Ponedjeljak &#8211; Petak: 08:30- 16:00 h Subota: ne radi Nedjelja: ne radi","og_url":"https:\/\/www.slatinska-banka.hr\/en\/poslovnica-dakovo\/","og_site_name":"Slatinska Banka","article_publisher":"https:\/\/www.facebook.com\/slatinskabanka\/","article_modified_time":"2023-08-07T08:20:26+00:00","twitter_card":"summary_large_image","twitter_misc":{"Est. reading time":"1 minute"},"schema":{"@context":"https:\/\/schema.org","@graph":[{"@type":"WebPage","@id":"https:\/\/www.slatinska-banka.hr\/poslovnica-dakovo\/","url":"https:\/\/www.slatinska-banka.hr\/poslovnica-dakovo\/","name":"Poslovnica \u0110akovo - Slatinska Banka","isPartOf":{"@id":"https:\/\/www.slatinska-banka.hr\/#website"},"datePublished":"2020-02-18T09:50:29+00:00","dateModified":"2023-08-07T08:20:26+00:00","inLanguage":"en-US","potentialAction":[{"@type":"ReadAction","target":["https:\/\/www.slatinska-banka.hr\/poslovnica-dakovo\/"]}]},{"@type":"WebSite","@id":"https:\/\/www.slatinska-banka.hr\/#website","url":"https:\/\/www.slatinska-banka.hr\/","name":"Slatinska Banka","description":"Razlika je u pristupu","publisher":{"@id":"https:\/\/www.slatinska-banka.hr\/#organization"},"potentialAction":[{"@type":"SearchAction","target":{"@type":"EntryPoint","urlTemplate":"https:\/\/www.slatinska-banka.hr\/?s={search_term_string}"},"query-input":{"@type":"PropertyValueSpecification","valueRequired":true,"valueName":"search_term_string"}}],"inLanguage":"en-US"},{"@type":"Organization","@id":"https:\/\/www.slatinska-banka.hr\/#organization","name":"Slatinska banka d.d.","url":"https:\/\/www.slatinska-banka.hr\/","logo":{"@type":"ImageObject","inLanguage":"en-US","@id":"https:\/\/www.slatinska-banka.hr\/#\/schema\/logo\/image\/","url":"https:\/\/www.slatinska-banka.hr\/wp-content\/uploads\/2019\/02\/logo_big.png","contentUrl":"https:\/\/www.slatinska-banka.hr\/wp-content\/uploads\/2019\/02\/logo_big.png","width":302,"height":244,"caption":"Slatinska banka d.d."},"image":{"@id":"https:\/\/www.slatinska-banka.hr\/#\/schema\/logo\/image\/"},"sameAs":["https:\/\/www.facebook.com\/slatinskabanka\/","https:\/\/www.linkedin.com\/company\/slatinska-banka-dd"]}]}},"_links":{"self":[{"href":"https:\/\/www.slatinska-banka.hr\/en\/wp-json\/wp\/v2\/pages\/5546","targetHints":{"allow":["GET"]}}],"collection":[{"href":"https:\/\/www.slatinska-banka.hr\/en\/wp-json\/wp\/v2\/pages"}],"about":[{"href":"https:\/\/www.slatinska-banka.hr\/en\/wp-json\/wp\/v2\/types\/page"}],"author":[{"embeddable":true,"href":"https:\/\/www.slatinska-banka.hr\/en\/wp-json\/wp\/v2\/users\/14"}],"replies":[{"embeddable":true,"href":"https:\/\/www.slatinska-banka.hr\/en\/wp-json\/wp\/v2\/comments?post=5546"}],"version-history":[{"count":6,"href":"https:\/\/www.slatinska-banka.hr\/en\/wp-json\/wp\/v2\/pages\/5546\/revisions"}],"predecessor-version":[{"id":541224,"href":"https:\/\/www.slatinska-banka.hr\/en\/wp-json\/wp\/v2\/pages\/5546\/revisions\/541224"}],"wp:attachment":[{"href":"https:\/\/www.slatinska-banka.hr\/en\/wp-json\/wp\/v2\/media?parent=5546"}],"wp:term":[{"taxonomy":"category","embeddable":true,"href":"https:\/\/www.slatinska-banka.hr\/en\/wp-json\/wp\/v2\/categories?post=5546"},{"taxonomy":"post_tag","embeddable":true,"href":"https:\/\/www.slatinska-banka.hr\/en\/wp-json\/wp\/v2\/tags?post=5546"}],"curies":[{"name":"wp","href":"https:\/\/api.w.org\/{rel}","templated":true}]}}