{"id":5518,"date":"2020-02-18T10:51:14","date_gmt":"2020-02-18T09:51:14","guid":{"rendered":"http:\/\/www.slatinska-banka.hr\/?page_id=5518"},"modified":"2026-03-27T16:39:00","modified_gmt":"2026-03-27T15:39:00","slug":"poslovnica-nasice","status":"publish","type":"page","link":"https:\/\/www.slatinska-banka.hr\/en\/poslovnica-nasice\/","title":{"rendered":"Poslovnica Na\u0161ice"},"content":{"rendered":"&nbsp;\r\n<p style=\"padding-left: 40px;\"><strong>Adresa: <a href=\"https:\/\/www.google.com\/maps\/search\/Trg+I.+Kr%C5%A1njavog+3,+31+500+Na%C5%A1ice\/\">Trg I. Kr\u0161njavog 3, 31 500 Na\u0161ice<\/a><\/strong><\/p>\r\n<p style=\"padding-left: 40px;\"><strong>Mobitel: \u00a0<a href=\"tel:00385992493716\">099 2493 716<\/a><\/strong><\/p>\r\n<p style=\"padding-left: 40px;\"><strong>Telefon: <a href=\"tel:0038531628145\">031 628 145<\/a><\/strong><\/p>\r\n<p style=\"padding-left: 40px;\"><strong>e-mail: <a href=\"mailto:poslovnica-nasice@slatinska-banka.hr\">poslovnica-nasice@slatinska-banka.hr<\/a><\/strong><\/p>\r\n\r\n<h4 style=\"padding-left: 40px;\"><strong>RADNO VRIJEME<\/strong><\/h4>\r\n<p style=\"padding-left: 40px;\"><strong>Ponedjeljak: <\/strong>07:30 -15:00 h<\/p>\r\n<p style=\"padding-left: 40px;\"><strong>Utorak: <\/strong>10:30 -18:00 h<\/p>\r\n<p style=\"padding-left: 40px;\"><strong>Srijeda: <\/strong>07:30 -15:00 h<\/p>\r\n<p style=\"padding-left: 40px;\"><strong>\u010cetvrtak: <\/strong>07:30 -15:00 h<\/p>\r\n<p style=\"padding-left: 40px;\"><strong>Petak: <\/strong>07:30 -15:00 h<\/p>\r\n<p style=\"padding-left: 40px;\"><strong>Subota: <\/strong>ne radi<\/p>\r\n<p style=\"padding-left: 40px;\"><strong>Nedjelja: <\/strong>ne radi<\/p>","protected":false},"excerpt":{"rendered":"<p>&nbsp; Adresa: Trg I. Kr\u0161njavog 3, 31 500 Na\u0161ice Mobitel: \u00a0099 2493 716 Telefon: 031 628 145 e-mail: poslovnica-nasice@slatinska-banka.hr RADNO VRIJEME Ponedjeljak: 07:30 -15:00 h Utorak: 10:30 -18:00 h Srijeda: [&hellip;]<\/p>","protected":false},"author":14,"featured_media":0,"parent":0,"menu_order":0,"comment_status":"closed","ping_status":"closed","template":"","meta":{"_acf_changed":false,"footnotes":""},"categories":[],"tags":[],"class_list":["post-5518","page","type-page","status-publish","hentry"],"acf":[],"yoast_head":"<!-- This site is optimized with the Yoast SEO plugin v25.4 - https:\/\/yoast.com\/wordpress\/plugins\/seo\/ -->\n<title>Poslovnica Na\u0161ice - Slatinska Banka<\/title>\n<meta name=\"robots\" content=\"index, follow, max-snippet:-1, max-image-preview:large, max-video-preview:-1\" \/>\n<link rel=\"canonical\" href=\"https:\/\/www.slatinska-banka.hr\/en\/poslovnica-nasice\/\" \/>\n<meta property=\"og:locale\" content=\"en_US\" \/>\n<meta property=\"og:type\" content=\"article\" \/>\n<meta property=\"og:title\" content=\"Poslovnica Na\u0161ice - Slatinska Banka\" \/>\n<meta property=\"og:description\" content=\"&nbsp; Adresa: Trg I. Kr\u0161njavog 3, 31 500 Na\u0161ice Mobitel: \u00a0099 2493 716 Telefon: 031 628 145 e-mail: poslovnica-nasice@slatinska-banka.hr RADNO VRIJEME Ponedjeljak: 07:30 -15:00 h Utorak: 10:30 -18:00 h Srijeda: [&hellip;]\" \/>\n<meta property=\"og:url\" content=\"https:\/\/www.slatinska-banka.hr\/en\/poslovnica-nasice\/\" \/>\n<meta property=\"og:site_name\" content=\"Slatinska Banka\" \/>\n<meta property=\"article:publisher\" content=\"https:\/\/www.facebook.com\/slatinskabanka\/\" \/>\n<meta property=\"article:modified_time\" content=\"2026-03-27T15:39:00+00:00\" \/>\n<meta name=\"twitter:card\" content=\"summary_large_image\" \/>\n<meta name=\"twitter:label1\" content=\"Est. reading time\" \/>\n\t<meta name=\"twitter:data1\" content=\"1 minute\" \/>\n<script type=\"application\/ld+json\" class=\"yoast-schema-graph\">{\"@context\":\"https:\/\/schema.org\",\"@graph\":[{\"@type\":\"WebPage\",\"@id\":\"https:\/\/www.slatinska-banka.hr\/poslovnica-nasice\/\",\"url\":\"https:\/\/www.slatinska-banka.hr\/poslovnica-nasice\/\",\"name\":\"Poslovnica Na\u0161ice - Slatinska Banka\",\"isPartOf\":{\"@id\":\"https:\/\/www.slatinska-banka.hr\/#website\"},\"datePublished\":\"2020-02-18T09:51:14+00:00\",\"dateModified\":\"2026-03-27T15:39:00+00:00\",\"inLanguage\":\"en-US\",\"potentialAction\":[{\"@type\":\"ReadAction\",\"target\":[\"https:\/\/www.slatinska-banka.hr\/poslovnica-nasice\/\"]}]},{\"@type\":\"WebSite\",\"@id\":\"https:\/\/www.slatinska-banka.hr\/#website\",\"url\":\"https:\/\/www.slatinska-banka.hr\/\",\"name\":\"Slatinska Banka\",\"description\":\"Razlika je u pristupu\",\"publisher\":{\"@id\":\"https:\/\/www.slatinska-banka.hr\/#organization\"},\"potentialAction\":[{\"@type\":\"SearchAction\",\"target\":{\"@type\":\"EntryPoint\",\"urlTemplate\":\"https:\/\/www.slatinska-banka.hr\/?s={search_term_string}\"},\"query-input\":{\"@type\":\"PropertyValueSpecification\",\"valueRequired\":true,\"valueName\":\"search_term_string\"}}],\"inLanguage\":\"en-US\"},{\"@type\":\"Organization\",\"@id\":\"https:\/\/www.slatinska-banka.hr\/#organization\",\"name\":\"Slatinska banka d.d.\",\"url\":\"https:\/\/www.slatinska-banka.hr\/\",\"logo\":{\"@type\":\"ImageObject\",\"inLanguage\":\"en-US\",\"@id\":\"https:\/\/www.slatinska-banka.hr\/#\/schema\/logo\/image\/\",\"url\":\"https:\/\/www.slatinska-banka.hr\/wp-content\/uploads\/2019\/02\/logo_big.png\",\"contentUrl\":\"https:\/\/www.slatinska-banka.hr\/wp-content\/uploads\/2019\/02\/logo_big.png\",\"width\":302,\"height\":244,\"caption\":\"Slatinska banka d.d.\"},\"image\":{\"@id\":\"https:\/\/www.slatinska-banka.hr\/#\/schema\/logo\/image\/\"},\"sameAs\":[\"https:\/\/www.facebook.com\/slatinskabanka\/\",\"https:\/\/www.linkedin.com\/company\/slatinska-banka-dd\"]}]}<\/script>\n<!-- \/ Yoast SEO plugin. -->","yoast_head_json":{"title":"Poslovnica Na\u0161ice - Slatinska Banka","robots":{"index":"index","follow":"follow","max-snippet":"max-snippet:-1","max-image-preview":"max-image-preview:large","max-video-preview":"max-video-preview:-1"},"canonical":"https:\/\/www.slatinska-banka.hr\/en\/poslovnica-nasice\/","og_locale":"en_US","og_type":"article","og_title":"Poslovnica Na\u0161ice - Slatinska Banka","og_description":"&nbsp; Adresa: Trg I. Kr\u0161njavog 3, 31 500 Na\u0161ice Mobitel: \u00a0099 2493 716 Telefon: 031 628 145 e-mail: poslovnica-nasice@slatinska-banka.hr RADNO VRIJEME Ponedjeljak: 07:30 -15:00 h Utorak: 10:30 -18:00 h Srijeda: [&hellip;]","og_url":"https:\/\/www.slatinska-banka.hr\/en\/poslovnica-nasice\/","og_site_name":"Slatinska Banka","article_publisher":"https:\/\/www.facebook.com\/slatinskabanka\/","article_modified_time":"2026-03-27T15:39:00+00:00","twitter_card":"summary_large_image","twitter_misc":{"Est. reading time":"1 minute"},"schema":{"@context":"https:\/\/schema.org","@graph":[{"@type":"WebPage","@id":"https:\/\/www.slatinska-banka.hr\/poslovnica-nasice\/","url":"https:\/\/www.slatinska-banka.hr\/poslovnica-nasice\/","name":"Poslovnica Na\u0161ice - Slatinska Banka","isPartOf":{"@id":"https:\/\/www.slatinska-banka.hr\/#website"},"datePublished":"2020-02-18T09:51:14+00:00","dateModified":"2026-03-27T15:39:00+00:00","inLanguage":"en-US","potentialAction":[{"@type":"ReadAction","target":["https:\/\/www.slatinska-banka.hr\/poslovnica-nasice\/"]}]},{"@type":"WebSite","@id":"https:\/\/www.slatinska-banka.hr\/#website","url":"https:\/\/www.slatinska-banka.hr\/","name":"Slatinska Banka","description":"Razlika je u pristupu","publisher":{"@id":"https:\/\/www.slatinska-banka.hr\/#organization"},"potentialAction":[{"@type":"SearchAction","target":{"@type":"EntryPoint","urlTemplate":"https:\/\/www.slatinska-banka.hr\/?s={search_term_string}"},"query-input":{"@type":"PropertyValueSpecification","valueRequired":true,"valueName":"search_term_string"}}],"inLanguage":"en-US"},{"@type":"Organization","@id":"https:\/\/www.slatinska-banka.hr\/#organization","name":"Slatinska banka d.d.","url":"https:\/\/www.slatinska-banka.hr\/","logo":{"@type":"ImageObject","inLanguage":"en-US","@id":"https:\/\/www.slatinska-banka.hr\/#\/schema\/logo\/image\/","url":"https:\/\/www.slatinska-banka.hr\/wp-content\/uploads\/2019\/02\/logo_big.png","contentUrl":"https:\/\/www.slatinska-banka.hr\/wp-content\/uploads\/2019\/02\/logo_big.png","width":302,"height":244,"caption":"Slatinska banka d.d."},"image":{"@id":"https:\/\/www.slatinska-banka.hr\/#\/schema\/logo\/image\/"},"sameAs":["https:\/\/www.facebook.com\/slatinskabanka\/","https:\/\/www.linkedin.com\/company\/slatinska-banka-dd"]}]}},"_links":{"self":[{"href":"https:\/\/www.slatinska-banka.hr\/en\/wp-json\/wp\/v2\/pages\/5518","targetHints":{"allow":["GET"]}}],"collection":[{"href":"https:\/\/www.slatinska-banka.hr\/en\/wp-json\/wp\/v2\/pages"}],"about":[{"href":"https:\/\/www.slatinska-banka.hr\/en\/wp-json\/wp\/v2\/types\/page"}],"author":[{"embeddable":true,"href":"https:\/\/www.slatinska-banka.hr\/en\/wp-json\/wp\/v2\/users\/14"}],"replies":[{"embeddable":true,"href":"https:\/\/www.slatinska-banka.hr\/en\/wp-json\/wp\/v2\/comments?post=5518"}],"version-history":[{"count":12,"href":"https:\/\/www.slatinska-banka.hr\/en\/wp-json\/wp\/v2\/pages\/5518\/revisions"}],"predecessor-version":[{"id":4683736,"href":"https:\/\/www.slatinska-banka.hr\/en\/wp-json\/wp\/v2\/pages\/5518\/revisions\/4683736"}],"wp:attachment":[{"href":"https:\/\/www.slatinska-banka.hr\/en\/wp-json\/wp\/v2\/media?parent=5518"}],"wp:term":[{"taxonomy":"category","embeddable":true,"href":"https:\/\/www.slatinska-banka.hr\/en\/wp-json\/wp\/v2\/categories?post=5518"},{"taxonomy":"post_tag","embeddable":true,"href":"https:\/\/www.slatinska-banka.hr\/en\/wp-json\/wp\/v2\/tags?post=5518"}],"curies":[{"name":"wp","href":"https:\/\/api.w.org\/{rel}","templated":true}]}}