{"id":539087,"date":"2024-09-10T15:20:59","date_gmt":"2024-09-10T13:20:59","guid":{"rendered":"https:\/\/www.slatinska-banka.hr\/?page_id=539087"},"modified":"2024-09-18T14:23:29","modified_gmt":"2024-09-18T12:23:29","slug":"krediti-za-sjetvu-uz-subvenciju-obz","status":"publish","type":"page","link":"https:\/\/www.slatinska-banka.hr\/en\/poljoprivreda\/krediti-i-financiranja\/priprema-sjetve\/krediti-za-sjetvu-uz-subvenciju-obz\/","title":{"rendered":"Krediti za sjetvu uz subvenciju OB\u017d"},"content":{"rendered":"<p class=\"intro\"><strong>Ako si s podru\u010dja Osje\u010dko-baranjske \u017eupanije, ostvari 2,00% kamate uz subvenciju Osje\u010dko baranjske \u017eupanije.<\/strong><\/p>\r\n<p class=\"intro\"><strong>Prijavi se, rok je do iskori\u0161tenja sredstava!<\/strong><\/p>\r\n<img loading=\"lazy\" decoding=\"async\" class=\"wp-image-539090 aligncenter\" src=\"https:\/\/www.slatinska-banka.hr\/wp-content\/uploads\/web-mini-fotka-300x94.png\" alt=\"\" width=\"623\" height=\"195\" srcset=\"https:\/\/www.slatinska-banka.hr\/wp-content\/uploads\/web-mini-fotka-300x94.png 300w, https:\/\/www.slatinska-banka.hr\/wp-content\/uploads\/web-mini-fotka-18x6.png 18w, https:\/\/www.slatinska-banka.hr\/wp-content\/uploads\/web-mini-fotka.png 504w\" sizes=\"auto, (max-width: 623px) 100vw, 623px\" \/>\r\n\r\n&nbsp;\r\n\r\n&nbsp;\r\n\r\n<div class=\"accordeon\">\r\n\r\n<h2><span class=\"naslov\">VI\u0160E INFORMACIJA<\/span><\/h2><div><p>&nbsp;<\/p>\n<table style=\"border-collapse: collapse; width: 100%; height: 117px;\">\n<tbody>\n<tr style=\"height: 25px;\">\n<td style=\"width: 50%; height: 25px;\"><span style=\"color: #ffcc00;\"><strong>IZNOSI\u00a0\u00a0\u00a0<\/strong><\/span><\/td>\n<td style=\"width: 50%; height: 25px;\"><strong>do 66.361,40 EUR<\/strong><\/td>\n<\/tr>\n<tr style=\"height: 23px;\">\n<td style=\"width: 50%; height: 23px;\"><span style=\"color: #ffcc00;\"><strong>KAMATA<\/strong><\/span><\/td>\n<td style=\"width: 50%; height: 23px;\"><strong>2% fiksna uz subvenciju OB\u017d<\/strong><\/td>\n<\/tr>\n<tr style=\"height: 23px;\">\n<td style=\"width: 50%; height: 23px;\"><span style=\"color: #ffcc00;\"><strong>NAKNADA\u00a0<\/strong><\/span><\/td>\n<td style=\"width: 50%; height: 23px;\"><strong>1% jednokratno<\/strong><\/td>\n<\/tr>\n<tr style=\"height: 23px;\">\n<td style=\"width: 50%; height: 23px;\"><span style=\"color: #ffcc00;\"><strong>ROK VRA\u0106ANJA<\/strong><\/span><\/td>\n<td style=\"width: 50%; height: 23px;\"><strong>maksimalno 10 mjeseci<\/strong><\/td>\n<\/tr>\n<tr style=\"height: 23px;\">\n<td style=\"width: 50%; height: 23px;\"><span style=\"color: #ffcc00;\"><strong>NA\u010cIN VRA\u0106ANJA\u00a0<\/strong><\/span><\/td>\n<td style=\"width: 50%; height: 23px;\"><strong>jednokratno ili sukcesivno<\/strong><\/td>\n<\/tr>\n<\/tbody>\n<\/table>\n<\/div>\r\n\r\n<\/div>\r\n\r\n<div class=\"accordeon\">\r\n\r\n<h2><span class=\"naslov\">DOKUMENTACIJA<\/span><\/h2><div><ul style=\"list-style-type: square;\">\n<li>obrazac zahtjeva za kreditiranje proljetne i jesenske sjetve na podru\u010dju Osje\u010dko baranjske \u017eupanije,<\/li>\n<li>izjavu o kori\u0161tenim dr\u017eavnim potporama male vrijednosti,<\/li>\n<li>izjavu o povezanim osobama,<\/li>\n<li>izjavu o kori\u0161tenim dr\u017eavnim potporama male vrijednosti povezanih osoba,<\/li>\n<li>izjavu o nepostojanju duga prema zaposlenicima,<\/li>\n<li>privolu za prikupljanje i obradu osobnih podataka,<\/li>\n<li>presliku Rje\u0161enja o upisu u Upisnik poljoprivrednih gospodarstava ili Upisnik poljoprivrednika,<\/li>\n<li>presliku Rje\u0161enja o upisu u sudski registar (ili izvatka iz sudskog registra) za trgova\u010dka dru\u0161tva, odnosno presliku Rje\u0161enja o upisu obrta i po\u010detku obavljanja djelatnosti iz obrtnog registra (ili obrtnice) za obrte. U slu\u010daju vi\u0161e osniva\u010da trgova\u010dkog dru\u0161tva prilo\u017eiti i presliku dru\u0161tvenog ugovora u kojem je vidljiva struktura vlasni\u0161tva, odnosno u slu\u010daju zajedni\u010dkog obrta prilo\u017eiti presliku ugovora o orta\u0161tvu,<\/li>\n<li>presliku obavijesti o razvrstavanju poslovnog subjekta prema NKD-u Dr\u017eavnog zavoda za statistiku za trgova\u010dka dru\u0161tva, odnosno izvadak iz obrtnog registra za obrte,<\/li>\n<li>potvrdu Porezne uprave o nepostojanju duga po osnovi javnih davanja ne stariju od 30 dana od dana podno\u0161enja zahtjeva,<\/li>\n<li>preslika liste zahtjeva za potporu izdanog od Agencije za pla\u0107anje u poljoprivredi, ribarstvu i ruralnom razvoju,<\/li>\n<li>presliku Godi\u0161njeg financijskog izvije\u0161\u0107a (GFI) za posljednje tri godine (predani Registru godi\u0161njih financijskih izvje\u0161taja i potvr\u0111enog od strane FINA-e za subjekte koji posluju u sustavu poreza na dobit,<\/li>\n<li>presliku Prijave poreza na dohodak (obrazac DOH) za prethodnu kalendarsku godinu potvr\u0111en od FINA-e uz koji je potrebno prilo\u017eiti i pregled primitaka i izdataka, te Popis dugotrajne imovine za subjekte koji posluju u sustavu poreza na dohodak,<\/li>\n<li>BON-2 ne stariji od 30 dana od dana podno\u0161enja zahtjeva,<\/li>\n<li>pregled poslovanja teku\u0107eg razdoblja (bruto bilanca\/pregled primitaka i izdataka),<\/li>\n<li>ostalu dokumentaciju na zahtjev Banke ili Povjerenstva<\/li>\n<\/ul>\n<p>Detaljnije informacije nalaze se <a href=\"https:\/\/www.obz.hr\/images\/Javni_poziv_za_prikupljanje_zahtjeva_za_kreditirane_proljetne_i_jesenske_sjetve_na_podrucju_OBZ_u_2023.pdf\">ovdje<\/a><\/p>\n<\/div>\r\n\r\n<\/div>\r\n\r\n<div class=\"accordeon\">\r\n\r\n<h2><span class=\"naslov\">KAKO SE PODNOSI ZAHTJEV?<\/span><\/h2><div><p>Obrazac zahtjeva, obrasce potrebnih izjava i dodatne informacije mogu se dobiti u Upravnom odjelu za poljoprivredu i ruralni razvoj Osje\u010dko-baranjske \u017eupanije, \u017dupanijska 4, Osijek<\/p>\n<p>ili na internetskoj stranici Osje\u010dko-baranjske \u017eupanije <a href=\"https:\/\/www.obz.hr\/index.php\/krediti-u-poljoprivredi\">www.obz.hr.<\/a><\/p>\n<p style=\"text-align: left;\">Zahtjevi s propisanom dokumentacijom predaju se u 2 (dva) primjerka osobno ili po\u0161tom na adresu:<\/p>\n<p style=\"text-align: center;\"><strong>Osje\u010dko-baranjska \u017eupanija<\/strong><\/p>\n<p style=\"text-align: center;\"><strong>Upravni odjel za poljoprivredu i ruralni razvoj putem Pisarnice<\/strong><\/p>\n<p style=\"text-align: center;\"><strong>\u017dupanijska 4, 31000 Osijek<\/strong><\/p>\n<\/div>\r\n\r\n<\/div>\r\n\r\n<div class=\"accordeon\">\r\n\r\n<h2><span class=\"naslov\">KONTAKTI<\/span><\/h2><div><table style=\"border-collapse: collapse; width: 70.4659%; height: 192px;\">\n<tbody>\n<tr style=\"height: 24px;\">\n<td style=\"width: 22.5795%; height: 24px; text-align: center;\"><strong>Sektor gospodarstva<\/strong><\/td>\n<td style=\"width: 22.8403%; height: 24px; text-align: center;\"><\/td>\n<td style=\"width: 27.5867%; height: 24px; text-align: center;\"><\/td>\n<\/tr>\n<tr style=\"height: 24px;\">\n<td style=\"width: 22.5795%; height: 24px; text-align: center;\">Ivan Zeli\u0107<\/td>\n<td style=\"width: 22.8403%; height: 24px; text-align: center;\"><a href=\"mailto:izelic@slatinska-banka.hr\">izelic@slatinska-banka.hr<\/a><\/td>\n<td style=\"width: 27.5867%; height: 24px; text-align: center;\"><a href=\"tel:00385993739416\">099 373 9416<\/a><\/td>\n<\/tr>\n<tr style=\"height: 24px;\">\n<td style=\"width: 22.5795%; height: 24px; text-align: center;\">Domagoj Kade\u017eabek<\/td>\n<td style=\"width: 22.8403%; height: 24px; text-align: center;\"><a href=\"mailto:dkadezabek@slatinska-banka.hr\">dkadezabek@slatinska-banka.hr<\/a><\/td>\n<td style=\"width: 27.5867%; height: 24px; text-align: center;\"><a href=\"tel:00385954009116\">095 400 9116<\/a><\/td>\n<\/tr>\n<\/tbody>\n<\/table>\n<p style=\"text-align: left;\">e-mail:<a href=\"mailto:sg@slatinska-banka.hr\"> sg@slatinska-banka.hr<\/a><\/p>\n<p>&nbsp;<\/p>\n<\/div>\r\n\r\n<\/div>\r\n\r\n&nbsp;","protected":false},"excerpt":{"rendered":"<p>Ako si s podru\u010dja Osje\u010dko-baranjske \u017eupanije, ostvari 2,00% kamate uz subvenciju Osje\u010dko baranjske \u017eupanije. Prijavi se, rok je do iskori\u0161tenja sredstava! &nbsp; &nbsp; &nbsp;<\/p>","protected":false},"author":14,"featured_media":539104,"parent":682,"menu_order":4,"comment_status":"closed","ping_status":"closed","template":"page-template-4.php","meta":{"_acf_changed":false,"footnotes":""},"categories":[3],"tags":[],"class_list":["post-539087","page","type-page","status-publish","has-post-thumbnail","hentry","category-izdvojeno-na-naslovnici"],"acf":[],"yoast_head":"<!-- This site is optimized with the Yoast SEO plugin v25.4 - https:\/\/yoast.com\/wordpress\/plugins\/seo\/ -->\n<title>Krediti za sjetvu uz subvenciju OB\u017d - Slatinska Banka<\/title>\n<meta name=\"robots\" content=\"index, follow, max-snippet:-1, max-image-preview:large, max-video-preview:-1\" \/>\n<link rel=\"canonical\" href=\"https:\/\/www.slatinska-banka.hr\/en\/poljoprivreda\/krediti-i-financiranja\/priprema-sjetve\/krediti-za-sjetvu-uz-subvenciju-obz\/\" \/>\n<meta property=\"og:locale\" content=\"en_US\" \/>\n<meta property=\"og:type\" content=\"article\" \/>\n<meta property=\"og:title\" content=\"Krediti za sjetvu uz subvenciju OB\u017d - Slatinska Banka\" \/>\n<meta property=\"og:description\" content=\"Ako si s podru\u010dja Osje\u010dko-baranjske \u017eupanije, ostvari 2,00% kamate uz subvenciju Osje\u010dko baranjske \u017eupanije. Prijavi se, rok je do iskori\u0161tenja sredstava! &nbsp; &nbsp; &nbsp;\" \/>\n<meta property=\"og:url\" content=\"https:\/\/www.slatinska-banka.hr\/en\/poljoprivreda\/krediti-i-financiranja\/priprema-sjetve\/krediti-za-sjetvu-uz-subvenciju-obz\/\" \/>\n<meta property=\"og:site_name\" content=\"Slatinska Banka\" \/>\n<meta property=\"article:publisher\" content=\"https:\/\/www.facebook.com\/slatinskabanka\/\" \/>\n<meta property=\"article:modified_time\" content=\"2024-09-18T12:23:29+00:00\" \/>\n<meta property=\"og:image\" content=\"https:\/\/www.slatinska-banka.hr\/wp-content\/uploads\/FE99BB54-2249-4827-AA7A-4270A083469D.png\" \/>\n\t<meta property=\"og:image:width\" content=\"376\" \/>\n\t<meta property=\"og:image:height\" content=\"372\" \/>\n\t<meta property=\"og:image:type\" content=\"image\/png\" \/>\n<meta name=\"twitter:card\" content=\"summary_large_image\" \/>\n<meta name=\"twitter:label1\" content=\"Est. reading time\" \/>\n\t<meta name=\"twitter:data1\" content=\"3 minutes\" \/>\n<script type=\"application\/ld+json\" class=\"yoast-schema-graph\">{\"@context\":\"https:\/\/schema.org\",\"@graph\":[{\"@type\":\"WebPage\",\"@id\":\"https:\/\/www.slatinska-banka.hr\/poljoprivreda\/krediti-i-financiranja\/priprema-sjetve\/krediti-za-sjetvu-uz-subvenciju-obz\/\",\"url\":\"https:\/\/www.slatinska-banka.hr\/poljoprivreda\/krediti-i-financiranja\/priprema-sjetve\/krediti-za-sjetvu-uz-subvenciju-obz\/\",\"name\":\"Krediti za sjetvu uz subvenciju OB\u017d - Slatinska Banka\",\"isPartOf\":{\"@id\":\"https:\/\/www.slatinska-banka.hr\/#website\"},\"primaryImageOfPage\":{\"@id\":\"https:\/\/www.slatinska-banka.hr\/poljoprivreda\/krediti-i-financiranja\/priprema-sjetve\/krediti-za-sjetvu-uz-subvenciju-obz\/#primaryimage\"},\"image\":{\"@id\":\"https:\/\/www.slatinska-banka.hr\/poljoprivreda\/krediti-i-financiranja\/priprema-sjetve\/krediti-za-sjetvu-uz-subvenciju-obz\/#primaryimage\"},\"thumbnailUrl\":\"https:\/\/www.slatinska-banka.hr\/wp-content\/uploads\/FE99BB54-2249-4827-AA7A-4270A083469D.png\",\"datePublished\":\"2024-09-10T13:20:59+00:00\",\"dateModified\":\"2024-09-18T12:23:29+00:00\",\"breadcrumb\":{\"@id\":\"https:\/\/www.slatinska-banka.hr\/poljoprivreda\/krediti-i-financiranja\/priprema-sjetve\/krediti-za-sjetvu-uz-subvenciju-obz\/#breadcrumb\"},\"inLanguage\":\"en-US\",\"potentialAction\":[{\"@type\":\"ReadAction\",\"target\":[\"https:\/\/www.slatinska-banka.hr\/poljoprivreda\/krediti-i-financiranja\/priprema-sjetve\/krediti-za-sjetvu-uz-subvenciju-obz\/\"]}]},{\"@type\":\"ImageObject\",\"inLanguage\":\"en-US\",\"@id\":\"https:\/\/www.slatinska-banka.hr\/poljoprivreda\/krediti-i-financiranja\/priprema-sjetve\/krediti-za-sjetvu-uz-subvenciju-obz\/#primaryimage\",\"url\":\"https:\/\/www.slatinska-banka.hr\/wp-content\/uploads\/FE99BB54-2249-4827-AA7A-4270A083469D.png\",\"contentUrl\":\"https:\/\/www.slatinska-banka.hr\/wp-content\/uploads\/FE99BB54-2249-4827-AA7A-4270A083469D.png\",\"width\":376,\"height\":372},{\"@type\":\"BreadcrumbList\",\"@id\":\"https:\/\/www.slatinska-banka.hr\/poljoprivreda\/krediti-i-financiranja\/priprema-sjetve\/krediti-za-sjetvu-uz-subvenciju-obz\/#breadcrumb\",\"itemListElement\":[{\"@type\":\"ListItem\",\"position\":1,\"name\":\"Poljoprivreda\",\"item\":\"https:\/\/www.slatinska-banka.hr\/poljoprivreda\/\"},{\"@type\":\"ListItem\",\"position\":2,\"name\":\"Krediti i financiranja\",\"item\":\"https:\/\/www.slatinska-banka.hr\/poljoprivreda\/krediti-i-financiranja\/\"},{\"@type\":\"ListItem\",\"position\":3,\"name\":\"Priprema sjetve\",\"item\":\"https:\/\/www.slatinska-banka.hr\/poljoprivreda\/krediti-i-financiranja\/priprema-sjetve\/\"},{\"@type\":\"ListItem\",\"position\":4,\"name\":\"Krediti za sjetvu uz subvenciju OB\u017d\"}]},{\"@type\":\"WebSite\",\"@id\":\"https:\/\/www.slatinska-banka.hr\/#website\",\"url\":\"https:\/\/www.slatinska-banka.hr\/\",\"name\":\"Slatinska Banka\",\"description\":\"Razlika je u pristupu\",\"publisher\":{\"@id\":\"https:\/\/www.slatinska-banka.hr\/#organization\"},\"potentialAction\":[{\"@type\":\"SearchAction\",\"target\":{\"@type\":\"EntryPoint\",\"urlTemplate\":\"https:\/\/www.slatinska-banka.hr\/?s={search_term_string}\"},\"query-input\":{\"@type\":\"PropertyValueSpecification\",\"valueRequired\":true,\"valueName\":\"search_term_string\"}}],\"inLanguage\":\"en-US\"},{\"@type\":\"Organization\",\"@id\":\"https:\/\/www.slatinska-banka.hr\/#organization\",\"name\":\"Slatinska banka d.d.\",\"url\":\"https:\/\/www.slatinska-banka.hr\/\",\"logo\":{\"@type\":\"ImageObject\",\"inLanguage\":\"en-US\",\"@id\":\"https:\/\/www.slatinska-banka.hr\/#\/schema\/logo\/image\/\",\"url\":\"https:\/\/www.slatinska-banka.hr\/wp-content\/uploads\/2019\/02\/logo_big.png\",\"contentUrl\":\"https:\/\/www.slatinska-banka.hr\/wp-content\/uploads\/2019\/02\/logo_big.png\",\"width\":302,\"height\":244,\"caption\":\"Slatinska banka d.d.\"},\"image\":{\"@id\":\"https:\/\/www.slatinska-banka.hr\/#\/schema\/logo\/image\/\"},\"sameAs\":[\"https:\/\/www.facebook.com\/slatinskabanka\/\",\"https:\/\/www.linkedin.com\/company\/slatinska-banka-dd\"]}]}<\/script>\n<!-- \/ Yoast SEO plugin. -->","yoast_head_json":{"title":"Krediti za sjetvu uz subvenciju OB\u017d - Slatinska Banka","robots":{"index":"index","follow":"follow","max-snippet":"max-snippet:-1","max-image-preview":"max-image-preview:large","max-video-preview":"max-video-preview:-1"},"canonical":"https:\/\/www.slatinska-banka.hr\/en\/poljoprivreda\/krediti-i-financiranja\/priprema-sjetve\/krediti-za-sjetvu-uz-subvenciju-obz\/","og_locale":"en_US","og_type":"article","og_title":"Krediti za sjetvu uz subvenciju OB\u017d - Slatinska Banka","og_description":"Ako si s podru\u010dja Osje\u010dko-baranjske \u017eupanije, ostvari 2,00% kamate uz subvenciju Osje\u010dko baranjske \u017eupanije. Prijavi se, rok je do iskori\u0161tenja sredstava! &nbsp; &nbsp; &nbsp;","og_url":"https:\/\/www.slatinska-banka.hr\/en\/poljoprivreda\/krediti-i-financiranja\/priprema-sjetve\/krediti-za-sjetvu-uz-subvenciju-obz\/","og_site_name":"Slatinska Banka","article_publisher":"https:\/\/www.facebook.com\/slatinskabanka\/","article_modified_time":"2024-09-18T12:23:29+00:00","og_image":[{"width":376,"height":372,"url":"https:\/\/www.slatinska-banka.hr\/wp-content\/uploads\/FE99BB54-2249-4827-AA7A-4270A083469D.png","type":"image\/png"}],"twitter_card":"summary_large_image","twitter_misc":{"Est. reading time":"3 minutes"},"schema":{"@context":"https:\/\/schema.org","@graph":[{"@type":"WebPage","@id":"https:\/\/www.slatinska-banka.hr\/poljoprivreda\/krediti-i-financiranja\/priprema-sjetve\/krediti-za-sjetvu-uz-subvenciju-obz\/","url":"https:\/\/www.slatinska-banka.hr\/poljoprivreda\/krediti-i-financiranja\/priprema-sjetve\/krediti-za-sjetvu-uz-subvenciju-obz\/","name":"Krediti za sjetvu uz subvenciju OB\u017d - Slatinska Banka","isPartOf":{"@id":"https:\/\/www.slatinska-banka.hr\/#website"},"primaryImageOfPage":{"@id":"https:\/\/www.slatinska-banka.hr\/poljoprivreda\/krediti-i-financiranja\/priprema-sjetve\/krediti-za-sjetvu-uz-subvenciju-obz\/#primaryimage"},"image":{"@id":"https:\/\/www.slatinska-banka.hr\/poljoprivreda\/krediti-i-financiranja\/priprema-sjetve\/krediti-za-sjetvu-uz-subvenciju-obz\/#primaryimage"},"thumbnailUrl":"https:\/\/www.slatinska-banka.hr\/wp-content\/uploads\/FE99BB54-2249-4827-AA7A-4270A083469D.png","datePublished":"2024-09-10T13:20:59+00:00","dateModified":"2024-09-18T12:23:29+00:00","breadcrumb":{"@id":"https:\/\/www.slatinska-banka.hr\/poljoprivreda\/krediti-i-financiranja\/priprema-sjetve\/krediti-za-sjetvu-uz-subvenciju-obz\/#breadcrumb"},"inLanguage":"en-US","potentialAction":[{"@type":"ReadAction","target":["https:\/\/www.slatinska-banka.hr\/poljoprivreda\/krediti-i-financiranja\/priprema-sjetve\/krediti-za-sjetvu-uz-subvenciju-obz\/"]}]},{"@type":"ImageObject","inLanguage":"en-US","@id":"https:\/\/www.slatinska-banka.hr\/poljoprivreda\/krediti-i-financiranja\/priprema-sjetve\/krediti-za-sjetvu-uz-subvenciju-obz\/#primaryimage","url":"https:\/\/www.slatinska-banka.hr\/wp-content\/uploads\/FE99BB54-2249-4827-AA7A-4270A083469D.png","contentUrl":"https:\/\/www.slatinska-banka.hr\/wp-content\/uploads\/FE99BB54-2249-4827-AA7A-4270A083469D.png","width":376,"height":372},{"@type":"BreadcrumbList","@id":"https:\/\/www.slatinska-banka.hr\/poljoprivreda\/krediti-i-financiranja\/priprema-sjetve\/krediti-za-sjetvu-uz-subvenciju-obz\/#breadcrumb","itemListElement":[{"@type":"ListItem","position":1,"name":"Poljoprivreda","item":"https:\/\/www.slatinska-banka.hr\/poljoprivreda\/"},{"@type":"ListItem","position":2,"name":"Krediti i financiranja","item":"https:\/\/www.slatinska-banka.hr\/poljoprivreda\/krediti-i-financiranja\/"},{"@type":"ListItem","position":3,"name":"Priprema sjetve","item":"https:\/\/www.slatinska-banka.hr\/poljoprivreda\/krediti-i-financiranja\/priprema-sjetve\/"},{"@type":"ListItem","position":4,"name":"Krediti za sjetvu uz subvenciju OB\u017d"}]},{"@type":"WebSite","@id":"https:\/\/www.slatinska-banka.hr\/#website","url":"https:\/\/www.slatinska-banka.hr\/","name":"Slatinska Banka","description":"Razlika je u pristupu","publisher":{"@id":"https:\/\/www.slatinska-banka.hr\/#organization"},"potentialAction":[{"@type":"SearchAction","target":{"@type":"EntryPoint","urlTemplate":"https:\/\/www.slatinska-banka.hr\/?s={search_term_string}"},"query-input":{"@type":"PropertyValueSpecification","valueRequired":true,"valueName":"search_term_string"}}],"inLanguage":"en-US"},{"@type":"Organization","@id":"https:\/\/www.slatinska-banka.hr\/#organization","name":"Slatinska banka d.d.","url":"https:\/\/www.slatinska-banka.hr\/","logo":{"@type":"ImageObject","inLanguage":"en-US","@id":"https:\/\/www.slatinska-banka.hr\/#\/schema\/logo\/image\/","url":"https:\/\/www.slatinska-banka.hr\/wp-content\/uploads\/2019\/02\/logo_big.png","contentUrl":"https:\/\/www.slatinska-banka.hr\/wp-content\/uploads\/2019\/02\/logo_big.png","width":302,"height":244,"caption":"Slatinska banka d.d."},"image":{"@id":"https:\/\/www.slatinska-banka.hr\/#\/schema\/logo\/image\/"},"sameAs":["https:\/\/www.facebook.com\/slatinskabanka\/","https:\/\/www.linkedin.com\/company\/slatinska-banka-dd"]}]}},"_links":{"self":[{"href":"https:\/\/www.slatinska-banka.hr\/en\/wp-json\/wp\/v2\/pages\/539087","targetHints":{"allow":["GET"]}}],"collection":[{"href":"https:\/\/www.slatinska-banka.hr\/en\/wp-json\/wp\/v2\/pages"}],"about":[{"href":"https:\/\/www.slatinska-banka.hr\/en\/wp-json\/wp\/v2\/types\/page"}],"author":[{"embeddable":true,"href":"https:\/\/www.slatinska-banka.hr\/en\/wp-json\/wp\/v2\/users\/14"}],"replies":[{"embeddable":true,"href":"https:\/\/www.slatinska-banka.hr\/en\/wp-json\/wp\/v2\/comments?post=539087"}],"version-history":[{"count":18,"href":"https:\/\/www.slatinska-banka.hr\/en\/wp-json\/wp\/v2\/pages\/539087\/revisions"}],"predecessor-version":[{"id":2019877,"href":"https:\/\/www.slatinska-banka.hr\/en\/wp-json\/wp\/v2\/pages\/539087\/revisions\/2019877"}],"up":[{"embeddable":true,"href":"https:\/\/www.slatinska-banka.hr\/en\/wp-json\/wp\/v2\/pages\/682"}],"wp:featuredmedia":[{"embeddable":true,"href":"https:\/\/www.slatinska-banka.hr\/en\/wp-json\/wp\/v2\/media\/539104"}],"wp:attachment":[{"href":"https:\/\/www.slatinska-banka.hr\/en\/wp-json\/wp\/v2\/media?parent=539087"}],"wp:term":[{"taxonomy":"category","embeddable":true,"href":"https:\/\/www.slatinska-banka.hr\/en\/wp-json\/wp\/v2\/categories?post=539087"},{"taxonomy":"post_tag","embeddable":true,"href":"https:\/\/www.slatinska-banka.hr\/en\/wp-json\/wp\/v2\/tags?post=539087"}],"curies":[{"name":"wp","href":"https:\/\/api.w.org\/{rel}","templated":true}]}}