{"id":4624366,"date":"2026-03-09T13:33:17","date_gmt":"2026-03-09T12:33:17","guid":{"rendered":"https:\/\/www.slatinska-banka.hr\/?page_id=4624366"},"modified":"2026-04-16T09:54:34","modified_gmt":"2026-04-16T07:54:34","slug":"proljetna-stednja","status":"publish","type":"page","link":"https:\/\/www.slatinska-banka.hr\/en\/gradani\/stednja-i-investicije\/proljetna-stednja\/","title":{"rendered":"\u0160tedite pametnije: ostvarite 3% kamate uz posebnu ponudu"},"content":{"rendered":"&nbsp;\r\n\r\n<img loading=\"lazy\" decoding=\"async\" class=\"alignnone wp-image-4701261\" src=\"https:\/\/www.slatinska-banka.hr\/wp-content\/uploads\/slb_proljetnastednja_6mj-300x125.png\" alt=\"\" width=\"787\" height=\"328\" srcset=\"https:\/\/www.slatinska-banka.hr\/wp-content\/uploads\/slb_proljetnastednja_6mj-300x125.png 300w, https:\/\/www.slatinska-banka.hr\/wp-content\/uploads\/slb_proljetnastednja_6mj-18x8.png 18w, https:\/\/www.slatinska-banka.hr\/wp-content\/uploads\/slb_proljetnastednja_6mj.png 600w\" sizes=\"auto, (max-width: 787px) 100vw, 787px\" \/>\r\n\r\n&nbsp;\r\n<p class=\"pageTitle\">Iskoristite posebnu ponudu i oro\u010dite svoju \u0161tednju na <strong data-start=\"480\" data-end=\"500\">6 mjeseci, <\/strong>uz mogu\u0107nost ulaganja do <strong data-start=\"545\" data-end=\"560\">100.000 EUR<\/strong>, Proljetnu \u0161tednju mo\u017eete jednostavno ugovoriti u najbli\u017eoj poslovnici.<\/p>\r\n\r\n<h4><strong>Za\u0161to odabrati Proljetnu \u0161tednju?<\/strong><\/h4>\r\n<ul>\r\n \t<li data-start=\"263\" data-end=\"346\"><strong data-start=\"263\" data-end=\"287\">Fiksna kamatna stopa<\/strong> \u2013 bez promjene uvjeta tijekom cijelog razdoblja oro\u010denja<\/li>\r\n \t<li data-start=\"349\" data-end=\"400\"><strong data-start=\"349\" data-end=\"377\">Rok oro\u010denja<\/strong> &#8211; 6 mjeseci<\/li>\r\n \t<li data-start=\"403\" data-end=\"464\"><strong data-start=\"403\" data-end=\"431\">Maksimalni iznos \u0161tednje<\/strong> do <strong data-start=\"435\" data-end=\"462\">100.000 EUR po klijentu<\/strong><\/li>\r\n \t<li data-start=\"467\" data-end=\"505\"><strong data-start=\"467\" data-end=\"503\">Posebna ponuda za nova sredstva<\/strong><\/li>\r\n \t<li data-start=\"508\" data-end=\"565\"><strong data-start=\"508\" data-end=\"543\">Sigurna i transparentna \u0161tednja<\/strong> bez skrivenih naknada<\/li>\r\n<\/ul>\r\n<h4><strong>Kako ugovoriti \u0161tednju ?<\/strong><\/h4>\r\nPosjetite nas u jednoj od na\u0161ih <a href=\"https:\/\/www.slatinska-banka.hr\/en\/banka\/pos\/\">poslovnica<\/a> ili ispunite kontakt obrazac za vi\u0161e informacija.\r\n\r\nNa\u0161i stru\u010dnjaci \u0107e vas kontaktirati u kratkom roku i pomo\u0107i vam prona\u0107i najpovoljniju opciju \u0161tednje prilago\u0111enu va\u0161im financijskim ciljevima i potrebama.\r\n<h4>Maksimalna vrijednost za va\u0161 novac, bez rizika:<\/h4>\r\nHrvatska agencija za osiguranje depozita osigurava depozite potro\u0161a\u010da u svakoj kreditnoj instituciji do uklju\u010divo visine od 100.000,00 eura, neovisno o broju bankovnih ra\u010duna, visini sredstava po njima, valuti i mjestu gdje se ti bankovni ra\u010duni vode.Vi\u0161e informacija dostupno je na slu\u017eenoj stranici <a href=\"http:\/\/www.haod.hr\">http:\/\/www.haod.hr<\/a>\r\n\r\n&nbsp;\r\n<h4><strong>Informativni obrasci i dokumentacija:<\/strong><\/h4>\r\n<div class=\"accordeon\">\r\n\r\n<h2><span class=\"naslov\">Dokumentacija<\/span><\/h2><div><ul>\n<li><a href=\"https:\/\/www.slatinska-banka.hr\/wp-content\/uploads\/INFORMATIVNI-OBRAZAC-depoziti_20240701.pdf\">Informativni obrazac za depozite<\/a><\/li>\n<li><a href=\"https:\/\/www.slatinska-banka.hr\/wp-content\/uploads\/POUP049-01-2023-Izjava_o_privatnosti_depozita_potrosaca_listopad2025-1.pdf\">Izjava o privatnosti za depozite<\/a><\/li>\n<li><a href=\"https:\/\/www.slatinska-banka.hr\/wp-content\/uploads\/INFORMATIVNI-PREDLOZAK-ZA-DEPONENTE_primjena20230101-1-1.pdf\">Informativan predlo\u017eak za deponente<\/a><\/li>\n<li><a href=\"https:\/\/www.slatinska-banka.hr\/wp-content\/uploads\/OBRAZAC_kamatne_stope_proljetni-depoziti-primjena_20260416.pdf\">Godi\u0161nje kamatne stope<\/a><\/li>\n<\/ul>\n<\/div>\r\n\r\n<\/div>\r\n<h4>\u010cesto ostavljena pitanja:<\/h4>\r\n<div class=\"accordeon\">\r\n\r\n<h2><span class=\"naslov\">Napla\u0107uje li se vo\u0111enje ra\u010duna za depozit?<\/span><\/h2><div><ul>Ne, za ra\u010dun na kojem se vodi depozit ne napla\u0107uje se naknada za vo\u0111enje ra\u010duna.<\/ul>\n<\/div>\r\n\r\n<\/div>\r\n\r\n<div class=\"accordeon\">\r\n\r\n<h2><span class=\"naslov\">Kada se ispla\u0107uje kamata?<\/span><\/h2><div><ul>Kamata se obra\u010dunava po fiksnoj kamatnoj stopi i ispla\u0107uje po isteku oro\u010denja.<\/ul>\n<\/div>\r\n\r\n<\/div>\r\n\r\n<div class=\"accordeon\">\r\n\r\n<h2><span class=\"naslov\">Kako mogu uplatiti sredstva za oro\u010denje?<\/span><\/h2><div><ul>Sredstva mo\u017eete uplatiti gotovinski u poslovnici banke ili bezgotovinskim prijenosom putem internetskog bankarstva s va\u0161eg ra\u010duna.<\/ul>\n<\/div>\r\n\r\n<\/div>\r\n\r\n<div class=\"accordeon\">\r\n\r\n<h2><span class=\"naslov\">Mogu li prijevremeno raskinuti depozit?<\/span><\/h2><div><ul>Prijevremeni raskid mogu\u0107 je sukladno uvjetima Banke. U tom slu\u010daju primjenjuje se a vista kamatna stopa od 0,01 % te se napla\u0107uje naknada za prijevremeni raskid.<\/ul>\n<\/div>\r\n\r\n<\/div>\r\n<h4>Zatra\u017eite dodatne informacije:<\/h4>\r\n<p data-start=\"480\" data-end=\"596\">Za dodatne informacije ispunite obrazac i uskoro \u0107emo vas kontaktirati.<\/p>","protected":false},"excerpt":{"rendered":"<p>&nbsp; &nbsp; Iskoristite posebnu ponudu i oro\u010dite svoju \u0161tednju na 6 mjeseci, uz mogu\u0107nost ulaganja do 100.000 EUR, Proljetnu \u0161tednju mo\u017eete jednostavno ugovoriti u najbli\u017eoj poslovnici. Za\u0161to odabrati Proljetnu \u0161tednju? [&hellip;]<\/p>","protected":false},"author":30,"featured_media":1229849,"parent":24,"menu_order":1,"comment_status":"closed","ping_status":"closed","template":"page-template-4.php","meta":{"_acf_changed":false,"footnotes":""},"categories":[7,3],"tags":[],"class_list":["post-4624366","page","type-page","status-publish","has-post-thumbnail","hentry","category-gradani","category-izdvojeno-na-naslovnici"],"acf":[],"yoast_head":"<!-- This site is optimized with the Yoast SEO plugin v25.4 - https:\/\/yoast.com\/wordpress\/plugins\/seo\/ -->\n<title>\u0160tedite pametnije: ostvarite 3% kamate uz posebnu ponudu - Slatinska Banka<\/title>\n<meta name=\"robots\" content=\"index, follow, max-snippet:-1, max-image-preview:large, max-video-preview:-1\" \/>\n<link rel=\"canonical\" href=\"https:\/\/www.slatinska-banka.hr\/en\/gradani\/stednja-i-investicije\/proljetna-stednja\/\" \/>\n<meta property=\"og:locale\" content=\"en_US\" \/>\n<meta property=\"og:type\" content=\"article\" \/>\n<meta property=\"og:title\" content=\"\u0160tedite pametnije: ostvarite 3% kamate uz posebnu ponudu - Slatinska Banka\" \/>\n<meta property=\"og:description\" content=\"&nbsp; &nbsp; Iskoristite posebnu ponudu i oro\u010dite svoju \u0161tednju na 6 mjeseci, uz mogu\u0107nost ulaganja do 100.000 EUR, Proljetnu \u0161tednju mo\u017eete jednostavno ugovoriti u najbli\u017eoj poslovnici. Za\u0161to odabrati Proljetnu \u0161tednju? [&hellip;]\" \/>\n<meta property=\"og:url\" content=\"https:\/\/www.slatinska-banka.hr\/en\/gradani\/stednja-i-investicije\/proljetna-stednja\/\" \/>\n<meta property=\"og:site_name\" content=\"Slatinska Banka\" \/>\n<meta property=\"article:publisher\" content=\"https:\/\/www.facebook.com\/slatinskabanka\/\" \/>\n<meta property=\"article:modified_time\" content=\"2026-04-16T07:54:34+00:00\" \/>\n<meta property=\"og:image\" content=\"https:\/\/www.slatinska-banka.hr\/wp-content\/uploads\/akcijski-depozit-376x372-1.jpg\" \/>\n\t<meta property=\"og:image:width\" content=\"376\" \/>\n\t<meta property=\"og:image:height\" content=\"372\" \/>\n\t<meta property=\"og:image:type\" content=\"image\/png\" \/>\n<meta name=\"twitter:card\" content=\"summary_large_image\" \/>\n<meta name=\"twitter:label1\" content=\"Est. reading time\" \/>\n\t<meta name=\"twitter:data1\" content=\"2 minutes\" \/>\n<script type=\"application\/ld+json\" class=\"yoast-schema-graph\">{\"@context\":\"https:\/\/schema.org\",\"@graph\":[{\"@type\":\"WebPage\",\"@id\":\"https:\/\/www.slatinska-banka.hr\/gradani\/stednja-i-investicije\/proljetna-stednja\/\",\"url\":\"https:\/\/www.slatinska-banka.hr\/gradani\/stednja-i-investicije\/proljetna-stednja\/\",\"name\":\"\u0160tedite pametnije: ostvarite 3% kamate uz posebnu ponudu - Slatinska Banka\",\"isPartOf\":{\"@id\":\"https:\/\/www.slatinska-banka.hr\/#website\"},\"primaryImageOfPage\":{\"@id\":\"https:\/\/www.slatinska-banka.hr\/gradani\/stednja-i-investicije\/proljetna-stednja\/#primaryimage\"},\"image\":{\"@id\":\"https:\/\/www.slatinska-banka.hr\/gradani\/stednja-i-investicije\/proljetna-stednja\/#primaryimage\"},\"thumbnailUrl\":\"https:\/\/www.slatinska-banka.hr\/wp-content\/uploads\/akcijski-depozit-376x372-1.jpg\",\"datePublished\":\"2026-03-09T12:33:17+00:00\",\"dateModified\":\"2026-04-16T07:54:34+00:00\",\"breadcrumb\":{\"@id\":\"https:\/\/www.slatinska-banka.hr\/gradani\/stednja-i-investicije\/proljetna-stednja\/#breadcrumb\"},\"inLanguage\":\"en-US\",\"potentialAction\":[{\"@type\":\"ReadAction\",\"target\":[\"https:\/\/www.slatinska-banka.hr\/gradani\/stednja-i-investicije\/proljetna-stednja\/\"]}]},{\"@type\":\"ImageObject\",\"inLanguage\":\"en-US\",\"@id\":\"https:\/\/www.slatinska-banka.hr\/gradani\/stednja-i-investicije\/proljetna-stednja\/#primaryimage\",\"url\":\"https:\/\/www.slatinska-banka.hr\/wp-content\/uploads\/akcijski-depozit-376x372-1.jpg\",\"contentUrl\":\"https:\/\/www.slatinska-banka.hr\/wp-content\/uploads\/akcijski-depozit-376x372-1.jpg\",\"width\":376,\"height\":372},{\"@type\":\"BreadcrumbList\",\"@id\":\"https:\/\/www.slatinska-banka.hr\/gradani\/stednja-i-investicije\/proljetna-stednja\/#breadcrumb\",\"itemListElement\":[{\"@type\":\"ListItem\",\"position\":1,\"name\":\"Gra\u0111ani\",\"item\":\"https:\/\/www.slatinska-banka.hr\/gradani\/\"},{\"@type\":\"ListItem\",\"position\":2,\"name\":\"\u0160tednja i investicije\",\"item\":\"https:\/\/www.slatinska-banka.hr\/gradani\/stednja-i-investicije\/\"},{\"@type\":\"ListItem\",\"position\":3,\"name\":\"\u0160tedite pametnije: ostvarite 3% kamate uz posebnu ponudu\"}]},{\"@type\":\"WebSite\",\"@id\":\"https:\/\/www.slatinska-banka.hr\/#website\",\"url\":\"https:\/\/www.slatinska-banka.hr\/\",\"name\":\"Slatinska Banka\",\"description\":\"Razlika je u pristupu\",\"publisher\":{\"@id\":\"https:\/\/www.slatinska-banka.hr\/#organization\"},\"potentialAction\":[{\"@type\":\"SearchAction\",\"target\":{\"@type\":\"EntryPoint\",\"urlTemplate\":\"https:\/\/www.slatinska-banka.hr\/?s={search_term_string}\"},\"query-input\":{\"@type\":\"PropertyValueSpecification\",\"valueRequired\":true,\"valueName\":\"search_term_string\"}}],\"inLanguage\":\"en-US\"},{\"@type\":\"Organization\",\"@id\":\"https:\/\/www.slatinska-banka.hr\/#organization\",\"name\":\"Slatinska banka d.d.\",\"url\":\"https:\/\/www.slatinska-banka.hr\/\",\"logo\":{\"@type\":\"ImageObject\",\"inLanguage\":\"en-US\",\"@id\":\"https:\/\/www.slatinska-banka.hr\/#\/schema\/logo\/image\/\",\"url\":\"https:\/\/www.slatinska-banka.hr\/wp-content\/uploads\/2019\/02\/logo_big.png\",\"contentUrl\":\"https:\/\/www.slatinska-banka.hr\/wp-content\/uploads\/2019\/02\/logo_big.png\",\"width\":302,\"height\":244,\"caption\":\"Slatinska banka d.d.\"},\"image\":{\"@id\":\"https:\/\/www.slatinska-banka.hr\/#\/schema\/logo\/image\/\"},\"sameAs\":[\"https:\/\/www.facebook.com\/slatinskabanka\/\",\"https:\/\/www.linkedin.com\/company\/slatinska-banka-dd\"]}]}<\/script>\n<!-- \/ Yoast SEO plugin. -->","yoast_head_json":{"title":"\u0160tedite pametnije: ostvarite 3% kamate uz posebnu ponudu - Slatinska Banka","robots":{"index":"index","follow":"follow","max-snippet":"max-snippet:-1","max-image-preview":"max-image-preview:large","max-video-preview":"max-video-preview:-1"},"canonical":"https:\/\/www.slatinska-banka.hr\/en\/gradani\/stednja-i-investicije\/proljetna-stednja\/","og_locale":"en_US","og_type":"article","og_title":"\u0160tedite pametnije: ostvarite 3% kamate uz posebnu ponudu - Slatinska Banka","og_description":"&nbsp; &nbsp; Iskoristite posebnu ponudu i oro\u010dite svoju \u0161tednju na 6 mjeseci, uz mogu\u0107nost ulaganja do 100.000 EUR, Proljetnu \u0161tednju mo\u017eete jednostavno ugovoriti u najbli\u017eoj poslovnici. Za\u0161to odabrati Proljetnu \u0161tednju? [&hellip;]","og_url":"https:\/\/www.slatinska-banka.hr\/en\/gradani\/stednja-i-investicije\/proljetna-stednja\/","og_site_name":"Slatinska Banka","article_publisher":"https:\/\/www.facebook.com\/slatinskabanka\/","article_modified_time":"2026-04-16T07:54:34+00:00","og_image":[{"width":376,"height":372,"url":"https:\/\/www.slatinska-banka.hr\/wp-content\/uploads\/akcijski-depozit-376x372-1.jpg","type":"image\/png"}],"twitter_card":"summary_large_image","twitter_misc":{"Est. reading time":"2 minutes"},"schema":{"@context":"https:\/\/schema.org","@graph":[{"@type":"WebPage","@id":"https:\/\/www.slatinska-banka.hr\/gradani\/stednja-i-investicije\/proljetna-stednja\/","url":"https:\/\/www.slatinska-banka.hr\/gradani\/stednja-i-investicije\/proljetna-stednja\/","name":"\u0160tedite pametnije: ostvarite 3% kamate uz posebnu ponudu - Slatinska Banka","isPartOf":{"@id":"https:\/\/www.slatinska-banka.hr\/#website"},"primaryImageOfPage":{"@id":"https:\/\/www.slatinska-banka.hr\/gradani\/stednja-i-investicije\/proljetna-stednja\/#primaryimage"},"image":{"@id":"https:\/\/www.slatinska-banka.hr\/gradani\/stednja-i-investicije\/proljetna-stednja\/#primaryimage"},"thumbnailUrl":"https:\/\/www.slatinska-banka.hr\/wp-content\/uploads\/akcijski-depozit-376x372-1.jpg","datePublished":"2026-03-09T12:33:17+00:00","dateModified":"2026-04-16T07:54:34+00:00","breadcrumb":{"@id":"https:\/\/www.slatinska-banka.hr\/gradani\/stednja-i-investicije\/proljetna-stednja\/#breadcrumb"},"inLanguage":"en-US","potentialAction":[{"@type":"ReadAction","target":["https:\/\/www.slatinska-banka.hr\/gradani\/stednja-i-investicije\/proljetna-stednja\/"]}]},{"@type":"ImageObject","inLanguage":"en-US","@id":"https:\/\/www.slatinska-banka.hr\/gradani\/stednja-i-investicije\/proljetna-stednja\/#primaryimage","url":"https:\/\/www.slatinska-banka.hr\/wp-content\/uploads\/akcijski-depozit-376x372-1.jpg","contentUrl":"https:\/\/www.slatinska-banka.hr\/wp-content\/uploads\/akcijski-depozit-376x372-1.jpg","width":376,"height":372},{"@type":"BreadcrumbList","@id":"https:\/\/www.slatinska-banka.hr\/gradani\/stednja-i-investicije\/proljetna-stednja\/#breadcrumb","itemListElement":[{"@type":"ListItem","position":1,"name":"Gra\u0111ani","item":"https:\/\/www.slatinska-banka.hr\/gradani\/"},{"@type":"ListItem","position":2,"name":"\u0160tednja i investicije","item":"https:\/\/www.slatinska-banka.hr\/gradani\/stednja-i-investicije\/"},{"@type":"ListItem","position":3,"name":"\u0160tedite pametnije: ostvarite 3% kamate uz posebnu ponudu"}]},{"@type":"WebSite","@id":"https:\/\/www.slatinska-banka.hr\/#website","url":"https:\/\/www.slatinska-banka.hr\/","name":"Slatinska Banka","description":"Razlika je u pristupu","publisher":{"@id":"https:\/\/www.slatinska-banka.hr\/#organization"},"potentialAction":[{"@type":"SearchAction","target":{"@type":"EntryPoint","urlTemplate":"https:\/\/www.slatinska-banka.hr\/?s={search_term_string}"},"query-input":{"@type":"PropertyValueSpecification","valueRequired":true,"valueName":"search_term_string"}}],"inLanguage":"en-US"},{"@type":"Organization","@id":"https:\/\/www.slatinska-banka.hr\/#organization","name":"Slatinska banka d.d.","url":"https:\/\/www.slatinska-banka.hr\/","logo":{"@type":"ImageObject","inLanguage":"en-US","@id":"https:\/\/www.slatinska-banka.hr\/#\/schema\/logo\/image\/","url":"https:\/\/www.slatinska-banka.hr\/wp-content\/uploads\/2019\/02\/logo_big.png","contentUrl":"https:\/\/www.slatinska-banka.hr\/wp-content\/uploads\/2019\/02\/logo_big.png","width":302,"height":244,"caption":"Slatinska banka d.d."},"image":{"@id":"https:\/\/www.slatinska-banka.hr\/#\/schema\/logo\/image\/"},"sameAs":["https:\/\/www.facebook.com\/slatinskabanka\/","https:\/\/www.linkedin.com\/company\/slatinska-banka-dd"]}]}},"_links":{"self":[{"href":"https:\/\/www.slatinska-banka.hr\/en\/wp-json\/wp\/v2\/pages\/4624366","targetHints":{"allow":["GET"]}}],"collection":[{"href":"https:\/\/www.slatinska-banka.hr\/en\/wp-json\/wp\/v2\/pages"}],"about":[{"href":"https:\/\/www.slatinska-banka.hr\/en\/wp-json\/wp\/v2\/types\/page"}],"author":[{"embeddable":true,"href":"https:\/\/www.slatinska-banka.hr\/en\/wp-json\/wp\/v2\/users\/30"}],"replies":[{"embeddable":true,"href":"https:\/\/www.slatinska-banka.hr\/en\/wp-json\/wp\/v2\/comments?post=4624366"}],"version-history":[{"count":65,"href":"https:\/\/www.slatinska-banka.hr\/en\/wp-json\/wp\/v2\/pages\/4624366\/revisions"}],"predecessor-version":[{"id":4701026,"href":"https:\/\/www.slatinska-banka.hr\/en\/wp-json\/wp\/v2\/pages\/4624366\/revisions\/4701026"}],"up":[{"embeddable":true,"href":"https:\/\/www.slatinska-banka.hr\/en\/wp-json\/wp\/v2\/pages\/24"}],"wp:featuredmedia":[{"embeddable":true,"href":"https:\/\/www.slatinska-banka.hr\/en\/wp-json\/wp\/v2\/media\/1229849"}],"wp:attachment":[{"href":"https:\/\/www.slatinska-banka.hr\/en\/wp-json\/wp\/v2\/media?parent=4624366"}],"wp:term":[{"taxonomy":"category","embeddable":true,"href":"https:\/\/www.slatinska-banka.hr\/en\/wp-json\/wp\/v2\/categories?post=4624366"},{"taxonomy":"post_tag","embeddable":true,"href":"https:\/\/www.slatinska-banka.hr\/en\/wp-json\/wp\/v2\/tags?post=4624366"}],"curies":[{"name":"wp","href":"https:\/\/api.w.org\/{rel}","templated":true}]}}