{"id":4361904,"date":"2025-12-31T10:45:44","date_gmt":"2025-12-31T09:45:44","guid":{"rendered":"https:\/\/www.slatinska-banka.hr\/?page_id=4361904"},"modified":"2025-12-31T11:45:21","modified_gmt":"2025-12-31T10:45:21","slug":"besplatni-regulatorni-paket","status":"publish","type":"page","link":"https:\/\/www.slatinska-banka.hr\/en\/gradani\/racuni-i-kartice\/tekuci-i-ziro-racuni\/besplatni-regulatorni-paket\/","title":{"rendered":"Paketi po ra\u010dunu-Besplatni regulatorni paket"},"content":{"rendered":"<strong>Besplatni regulatorni paket predstavlja kombinaciju vi\u0161e usluga Banke koje vlasnik teku\u0107eg ra\u010duna ugovara i aktivira ili namjerava ugovoriti i aktivirati a koje su sadr\u017eane u paketu usluga Banke s jedinstvenom naknadom.<\/strong>\r\n\r\n<strong>Paket sadr\u017ei sljede\u0107e usluge:<\/strong>\r\n<ol>\r\n \t<li><strong>usluge otvaranja, vo\u0111enja i zatvaranja ra\u010duna za pla\u0107anje<\/strong><\/li>\r\n \t<li><strong>usluge internetskog bankarstva<\/strong><\/li>\r\n \t<li><strong>usluge koje omogu\u0107uju polaganje gotovog novca na ra\u010dun za pla\u0107anje na \u0161alteru ili bankomatu, izuzev obrade kovanog novca<\/strong><\/li>\r\n \t<li><strong>usluge koje omogu\u0107uju podizanje gotovog novca s ra\u010duna za pla\u0107anje na \u0161alteru i bankomatu kreditne institucije koja vodi ra\u010dun za pla\u0107anje<\/strong><\/li>\r\n \t<li><strong>priljev nacionalnih i prekograni\u010dnih platnih transakcija u eurima<\/strong><\/li>\r\n \t<li><strong>usluge redovnog izdavanja debitne kartice i njezino kori\u0161tenje<\/strong><\/li>\r\n \t<li><strong>usluge izvr\u0161enja pla\u0107anja debitnom karticom na fizi\u010dkim prodajnim mjestima<\/strong><\/li>\r\n<\/ol>\r\n<strong>Vlasnik teku\u0107eg ra\u010duna treba podnijeti zahtjev u poslovnicama Banke za Paket po teku\u0107em ra\u010dunu.<\/strong>\r\n\r\n<strong>Preduvjet za ugovaranje jest da vlasnik teku\u0107eg ra\u010duna ima aktiviran teku\u0107i ra\u010dun na koji prima redovna primanja.<\/strong>\r\n\r\n<strong>Naknada za Besplatni regulatorni paket iznosi 0,00 EUR mjese\u010dno.<\/strong>","protected":false},"excerpt":{"rendered":"<p>Besplatni regulatorni paket predstavlja kombinaciju vi\u0161e usluga Banke koje vlasnik teku\u0107eg ra\u010duna ugovara i aktivira ili namjerava ugovoriti i aktivirati a koje su sadr\u017eane u paketu usluga Banke s jedinstvenom [&hellip;]<\/p>","protected":false},"author":27,"featured_media":2550567,"parent":773,"menu_order":4,"comment_status":"closed","ping_status":"closed","template":"","meta":{"_acf_changed":false,"footnotes":""},"categories":[],"tags":[],"class_list":["post-4361904","page","type-page","status-publish","has-post-thumbnail","hentry"],"acf":[],"yoast_head":"<!-- This site is optimized with the Yoast SEO plugin v25.4 - https:\/\/yoast.com\/wordpress\/plugins\/seo\/ -->\n<title>Paketi po ra\u010dunu-Besplatni regulatorni paket - Slatinska Banka<\/title>\n<meta name=\"robots\" content=\"index, follow, max-snippet:-1, max-image-preview:large, max-video-preview:-1\" \/>\n<link rel=\"canonical\" href=\"https:\/\/www.slatinska-banka.hr\/en\/gradani\/racuni-i-kartice\/tekuci-i-ziro-racuni\/besplatni-regulatorni-paket\/\" \/>\n<meta property=\"og:locale\" content=\"en_US\" \/>\n<meta property=\"og:type\" content=\"article\" \/>\n<meta property=\"og:title\" content=\"Paketi po ra\u010dunu-Besplatni regulatorni paket - Slatinska Banka\" \/>\n<meta property=\"og:description\" content=\"Besplatni regulatorni paket predstavlja kombinaciju vi\u0161e usluga Banke koje vlasnik teku\u0107eg ra\u010duna ugovara i aktivira ili namjerava ugovoriti i aktivirati a koje su sadr\u017eane u paketu usluga Banke s jedinstvenom [&hellip;]\" \/>\n<meta property=\"og:url\" content=\"https:\/\/www.slatinska-banka.hr\/en\/gradani\/racuni-i-kartice\/tekuci-i-ziro-racuni\/besplatni-regulatorni-paket\/\" \/>\n<meta property=\"og:site_name\" content=\"Slatinska Banka\" \/>\n<meta property=\"article:publisher\" content=\"https:\/\/www.facebook.com\/slatinskabanka\/\" \/>\n<meta property=\"article:modified_time\" content=\"2025-12-31T10:45:21+00:00\" \/>\n<meta property=\"og:image\" content=\"https:\/\/www.slatinska-banka.hr\/wp-content\/uploads\/kasica-mala-ikona.jpg\" \/>\n\t<meta property=\"og:image:width\" content=\"300\" \/>\n\t<meta property=\"og:image:height\" content=\"297\" \/>\n\t<meta property=\"og:image:type\" content=\"image\/jpeg\" \/>\n<meta name=\"twitter:card\" content=\"summary_large_image\" \/>\n<meta name=\"twitter:label1\" content=\"Est. reading time\" \/>\n\t<meta name=\"twitter:data1\" content=\"1 minute\" \/>\n<script type=\"application\/ld+json\" class=\"yoast-schema-graph\">{\"@context\":\"https:\/\/schema.org\",\"@graph\":[{\"@type\":\"WebPage\",\"@id\":\"https:\/\/www.slatinska-banka.hr\/gradani\/racuni-i-kartice\/tekuci-i-ziro-racuni\/besplatni-regulatorni-paket\/\",\"url\":\"https:\/\/www.slatinska-banka.hr\/gradani\/racuni-i-kartice\/tekuci-i-ziro-racuni\/besplatni-regulatorni-paket\/\",\"name\":\"Paketi po ra\u010dunu-Besplatni regulatorni paket - Slatinska Banka\",\"isPartOf\":{\"@id\":\"https:\/\/www.slatinska-banka.hr\/#website\"},\"primaryImageOfPage\":{\"@id\":\"https:\/\/www.slatinska-banka.hr\/gradani\/racuni-i-kartice\/tekuci-i-ziro-racuni\/besplatni-regulatorni-paket\/#primaryimage\"},\"image\":{\"@id\":\"https:\/\/www.slatinska-banka.hr\/gradani\/racuni-i-kartice\/tekuci-i-ziro-racuni\/besplatni-regulatorni-paket\/#primaryimage\"},\"thumbnailUrl\":\"https:\/\/www.slatinska-banka.hr\/wp-content\/uploads\/kasica-mala-ikona.jpg\",\"datePublished\":\"2025-12-31T09:45:44+00:00\",\"dateModified\":\"2025-12-31T10:45:21+00:00\",\"breadcrumb\":{\"@id\":\"https:\/\/www.slatinska-banka.hr\/gradani\/racuni-i-kartice\/tekuci-i-ziro-racuni\/besplatni-regulatorni-paket\/#breadcrumb\"},\"inLanguage\":\"en-US\",\"potentialAction\":[{\"@type\":\"ReadAction\",\"target\":[\"https:\/\/www.slatinska-banka.hr\/gradani\/racuni-i-kartice\/tekuci-i-ziro-racuni\/besplatni-regulatorni-paket\/\"]}]},{\"@type\":\"ImageObject\",\"inLanguage\":\"en-US\",\"@id\":\"https:\/\/www.slatinska-banka.hr\/gradani\/racuni-i-kartice\/tekuci-i-ziro-racuni\/besplatni-regulatorni-paket\/#primaryimage\",\"url\":\"https:\/\/www.slatinska-banka.hr\/wp-content\/uploads\/kasica-mala-ikona.jpg\",\"contentUrl\":\"https:\/\/www.slatinska-banka.hr\/wp-content\/uploads\/kasica-mala-ikona.jpg\",\"width\":376,\"height\":372},{\"@type\":\"BreadcrumbList\",\"@id\":\"https:\/\/www.slatinska-banka.hr\/gradani\/racuni-i-kartice\/tekuci-i-ziro-racuni\/besplatni-regulatorni-paket\/#breadcrumb\",\"itemListElement\":[{\"@type\":\"ListItem\",\"position\":1,\"name\":\"Gra\u0111ani\",\"item\":\"https:\/\/www.slatinska-banka.hr\/gradani\/\"},{\"@type\":\"ListItem\",\"position\":2,\"name\":\"Ra\u010duni i kartice\",\"item\":\"https:\/\/www.slatinska-banka.hr\/gradani\/racuni-i-kartice\/\"},{\"@type\":\"ListItem\",\"position\":3,\"name\":\"Teku\u0107i i \u017eiro ra\u010duni\",\"item\":\"https:\/\/www.slatinska-banka.hr\/gradani\/racuni-i-kartice\/tekuci-i-ziro-racuni\/\"},{\"@type\":\"ListItem\",\"position\":4,\"name\":\"Paketi po ra\u010dunu-Besplatni regulatorni paket\"}]},{\"@type\":\"WebSite\",\"@id\":\"https:\/\/www.slatinska-banka.hr\/#website\",\"url\":\"https:\/\/www.slatinska-banka.hr\/\",\"name\":\"Slatinska Banka\",\"description\":\"Razlika je u pristupu\",\"publisher\":{\"@id\":\"https:\/\/www.slatinska-banka.hr\/#organization\"},\"potentialAction\":[{\"@type\":\"SearchAction\",\"target\":{\"@type\":\"EntryPoint\",\"urlTemplate\":\"https:\/\/www.slatinska-banka.hr\/?s={search_term_string}\"},\"query-input\":{\"@type\":\"PropertyValueSpecification\",\"valueRequired\":true,\"valueName\":\"search_term_string\"}}],\"inLanguage\":\"en-US\"},{\"@type\":\"Organization\",\"@id\":\"https:\/\/www.slatinska-banka.hr\/#organization\",\"name\":\"Slatinska banka d.d.\",\"url\":\"https:\/\/www.slatinska-banka.hr\/\",\"logo\":{\"@type\":\"ImageObject\",\"inLanguage\":\"en-US\",\"@id\":\"https:\/\/www.slatinska-banka.hr\/#\/schema\/logo\/image\/\",\"url\":\"https:\/\/www.slatinska-banka.hr\/wp-content\/uploads\/2019\/02\/logo_big.png\",\"contentUrl\":\"https:\/\/www.slatinska-banka.hr\/wp-content\/uploads\/2019\/02\/logo_big.png\",\"width\":302,\"height\":244,\"caption\":\"Slatinska banka d.d.\"},\"image\":{\"@id\":\"https:\/\/www.slatinska-banka.hr\/#\/schema\/logo\/image\/\"},\"sameAs\":[\"https:\/\/www.facebook.com\/slatinskabanka\/\",\"https:\/\/www.linkedin.com\/company\/slatinska-banka-dd\"]}]}<\/script>\n<!-- \/ Yoast SEO plugin. -->","yoast_head_json":{"title":"Paketi po ra\u010dunu-Besplatni regulatorni paket - Slatinska Banka","robots":{"index":"index","follow":"follow","max-snippet":"max-snippet:-1","max-image-preview":"max-image-preview:large","max-video-preview":"max-video-preview:-1"},"canonical":"https:\/\/www.slatinska-banka.hr\/en\/gradani\/racuni-i-kartice\/tekuci-i-ziro-racuni\/besplatni-regulatorni-paket\/","og_locale":"en_US","og_type":"article","og_title":"Paketi po ra\u010dunu-Besplatni regulatorni paket - Slatinska Banka","og_description":"Besplatni regulatorni paket predstavlja kombinaciju vi\u0161e usluga Banke koje vlasnik teku\u0107eg ra\u010duna ugovara i aktivira ili namjerava ugovoriti i aktivirati a koje su sadr\u017eane u paketu usluga Banke s jedinstvenom [&hellip;]","og_url":"https:\/\/www.slatinska-banka.hr\/en\/gradani\/racuni-i-kartice\/tekuci-i-ziro-racuni\/besplatni-regulatorni-paket\/","og_site_name":"Slatinska Banka","article_publisher":"https:\/\/www.facebook.com\/slatinskabanka\/","article_modified_time":"2025-12-31T10:45:21+00:00","og_image":[{"width":300,"height":297,"url":"https:\/\/www.slatinska-banka.hr\/wp-content\/uploads\/kasica-mala-ikona.jpg","type":"image\/jpeg"}],"twitter_card":"summary_large_image","twitter_misc":{"Est. reading time":"1 minute"},"schema":{"@context":"https:\/\/schema.org","@graph":[{"@type":"WebPage","@id":"https:\/\/www.slatinska-banka.hr\/gradani\/racuni-i-kartice\/tekuci-i-ziro-racuni\/besplatni-regulatorni-paket\/","url":"https:\/\/www.slatinska-banka.hr\/gradani\/racuni-i-kartice\/tekuci-i-ziro-racuni\/besplatni-regulatorni-paket\/","name":"Paketi po ra\u010dunu-Besplatni regulatorni paket - Slatinska Banka","isPartOf":{"@id":"https:\/\/www.slatinska-banka.hr\/#website"},"primaryImageOfPage":{"@id":"https:\/\/www.slatinska-banka.hr\/gradani\/racuni-i-kartice\/tekuci-i-ziro-racuni\/besplatni-regulatorni-paket\/#primaryimage"},"image":{"@id":"https:\/\/www.slatinska-banka.hr\/gradani\/racuni-i-kartice\/tekuci-i-ziro-racuni\/besplatni-regulatorni-paket\/#primaryimage"},"thumbnailUrl":"https:\/\/www.slatinska-banka.hr\/wp-content\/uploads\/kasica-mala-ikona.jpg","datePublished":"2025-12-31T09:45:44+00:00","dateModified":"2025-12-31T10:45:21+00:00","breadcrumb":{"@id":"https:\/\/www.slatinska-banka.hr\/gradani\/racuni-i-kartice\/tekuci-i-ziro-racuni\/besplatni-regulatorni-paket\/#breadcrumb"},"inLanguage":"en-US","potentialAction":[{"@type":"ReadAction","target":["https:\/\/www.slatinska-banka.hr\/gradani\/racuni-i-kartice\/tekuci-i-ziro-racuni\/besplatni-regulatorni-paket\/"]}]},{"@type":"ImageObject","inLanguage":"en-US","@id":"https:\/\/www.slatinska-banka.hr\/gradani\/racuni-i-kartice\/tekuci-i-ziro-racuni\/besplatni-regulatorni-paket\/#primaryimage","url":"https:\/\/www.slatinska-banka.hr\/wp-content\/uploads\/kasica-mala-ikona.jpg","contentUrl":"https:\/\/www.slatinska-banka.hr\/wp-content\/uploads\/kasica-mala-ikona.jpg","width":376,"height":372},{"@type":"BreadcrumbList","@id":"https:\/\/www.slatinska-banka.hr\/gradani\/racuni-i-kartice\/tekuci-i-ziro-racuni\/besplatni-regulatorni-paket\/#breadcrumb","itemListElement":[{"@type":"ListItem","position":1,"name":"Gra\u0111ani","item":"https:\/\/www.slatinska-banka.hr\/gradani\/"},{"@type":"ListItem","position":2,"name":"Ra\u010duni i kartice","item":"https:\/\/www.slatinska-banka.hr\/gradani\/racuni-i-kartice\/"},{"@type":"ListItem","position":3,"name":"Teku\u0107i i \u017eiro ra\u010duni","item":"https:\/\/www.slatinska-banka.hr\/gradani\/racuni-i-kartice\/tekuci-i-ziro-racuni\/"},{"@type":"ListItem","position":4,"name":"Paketi po ra\u010dunu-Besplatni regulatorni paket"}]},{"@type":"WebSite","@id":"https:\/\/www.slatinska-banka.hr\/#website","url":"https:\/\/www.slatinska-banka.hr\/","name":"Slatinska Banka","description":"Razlika je u pristupu","publisher":{"@id":"https:\/\/www.slatinska-banka.hr\/#organization"},"potentialAction":[{"@type":"SearchAction","target":{"@type":"EntryPoint","urlTemplate":"https:\/\/www.slatinska-banka.hr\/?s={search_term_string}"},"query-input":{"@type":"PropertyValueSpecification","valueRequired":true,"valueName":"search_term_string"}}],"inLanguage":"en-US"},{"@type":"Organization","@id":"https:\/\/www.slatinska-banka.hr\/#organization","name":"Slatinska banka d.d.","url":"https:\/\/www.slatinska-banka.hr\/","logo":{"@type":"ImageObject","inLanguage":"en-US","@id":"https:\/\/www.slatinska-banka.hr\/#\/schema\/logo\/image\/","url":"https:\/\/www.slatinska-banka.hr\/wp-content\/uploads\/2019\/02\/logo_big.png","contentUrl":"https:\/\/www.slatinska-banka.hr\/wp-content\/uploads\/2019\/02\/logo_big.png","width":302,"height":244,"caption":"Slatinska banka d.d."},"image":{"@id":"https:\/\/www.slatinska-banka.hr\/#\/schema\/logo\/image\/"},"sameAs":["https:\/\/www.facebook.com\/slatinskabanka\/","https:\/\/www.linkedin.com\/company\/slatinska-banka-dd"]}]}},"_links":{"self":[{"href":"https:\/\/www.slatinska-banka.hr\/en\/wp-json\/wp\/v2\/pages\/4361904","targetHints":{"allow":["GET"]}}],"collection":[{"href":"https:\/\/www.slatinska-banka.hr\/en\/wp-json\/wp\/v2\/pages"}],"about":[{"href":"https:\/\/www.slatinska-banka.hr\/en\/wp-json\/wp\/v2\/types\/page"}],"author":[{"embeddable":true,"href":"https:\/\/www.slatinska-banka.hr\/en\/wp-json\/wp\/v2\/users\/27"}],"replies":[{"embeddable":true,"href":"https:\/\/www.slatinska-banka.hr\/en\/wp-json\/wp\/v2\/comments?post=4361904"}],"version-history":[{"count":7,"href":"https:\/\/www.slatinska-banka.hr\/en\/wp-json\/wp\/v2\/pages\/4361904\/revisions"}],"predecessor-version":[{"id":4361925,"href":"https:\/\/www.slatinska-banka.hr\/en\/wp-json\/wp\/v2\/pages\/4361904\/revisions\/4361925"}],"up":[{"embeddable":true,"href":"https:\/\/www.slatinska-banka.hr\/en\/wp-json\/wp\/v2\/pages\/773"}],"wp:featuredmedia":[{"embeddable":true,"href":"https:\/\/www.slatinska-banka.hr\/en\/wp-json\/wp\/v2\/media\/2550567"}],"wp:attachment":[{"href":"https:\/\/www.slatinska-banka.hr\/en\/wp-json\/wp\/v2\/media?parent=4361904"}],"wp:term":[{"taxonomy":"category","embeddable":true,"href":"https:\/\/www.slatinska-banka.hr\/en\/wp-json\/wp\/v2\/categories?post=4361904"},{"taxonomy":"post_tag","embeddable":true,"href":"https:\/\/www.slatinska-banka.hr\/en\/wp-json\/wp\/v2\/tags?post=4361904"}],"curies":[{"name":"wp","href":"https:\/\/api.w.org\/{rel}","templated":true}]}}