{"id":4339,"date":"2019-10-07T14:41:14","date_gmt":"2019-10-07T12:41:14","guid":{"rendered":"http:\/\/www.slatinska-banka.hr\/?page_id=4339"},"modified":"2024-01-04T15:07:37","modified_gmt":"2024-01-04T14:07:37","slug":"kreditom-do-konkurentnosti-vpz","status":"publish","type":"page","link":"https:\/\/www.slatinska-banka.hr\/en\/poslovni-subjekti\/financiranje\/posebni-oblici-financiranja\/kreditom-do-konkurentnosti-vpz\/","title":{"rendered":"KREDITOM DO KONKURENTNOSTI &#8211; VP\u017d"},"content":{"rendered":"Planirate ulagati u razvoj proizvodne djelatnosti, otvarate nova radna mjesta, imate projekt od zna\u010daja za gospodarski razvoj \u017dupanije, prijavite se za kredit uz subvenciju kamate.\r\n\r\nMinistarstvo gospodarstva, poduzetni\u0161tva i obrta i Viroviti\u010dko-podravska \u017eupanija subvencioniraju vam kamatu na kredit- za vas kamata mo\u017ee iznositi samo <strong>2,5%.<\/strong>\r\n\r\n&nbsp;\r\n<table class=\"contentTable\">\r\n<tbody>\r\n<tr>\r\n<td style=\"width: 42.1989%; text-align: center; height: 24px;\">Iznos:<\/td>\r\n<td style=\"width: 70.4678%; text-align: center; height: 24px;\">13.300,00 eura do 663.600,00 eura<\/td>\r\n<\/tr>\r\n<tr>\r\n<td style=\"width: 42.1989%; text-align: center; height: 24px;\">Namjena<\/td>\r\n<td style=\"width: 70.4678%; height: 24px; text-align: center;\">\r\n<ul>\r\n \t<li style=\"text-align: left;\">Kupnja, izgradnja, ure\u0111enje ili pro\u0161irenje gospodarskih objekata<\/li>\r\n \t<li style=\"text-align: left;\">Kupnja nove opreme ili pojedinih dijelova opreme<\/li>\r\n \t<li style=\"text-align: left;\"><span style=\"font-family: inherit; font-size: inherit;\">Obrtna sredstva (20, odnosno 30%)<\/span><\/li>\r\n<\/ul>\r\n<\/td>\r\n<\/tr>\r\n<tr>\r\n<td style=\"width: 42.1989%; text-align: center; height: 24px;\">Rok otplate<\/td>\r\n<td style=\"width: 70.4678%; height: 24px; text-align: center;\">\r\n<ul>\r\n \t<li style=\"text-align: left;\">Do 10 godina \u2013 kupnja izgradnja ure\u0111enje ili pro\u0161irenje gospodarskih objekata<\/li>\r\n \t<li style=\"text-align: left;\">Do 7 godina \u2013 kupnja nove opreme<\/li>\r\n<\/ul>\r\n<\/td>\r\n<\/tr>\r\n<tr>\r\n<td style=\"width: 42.1989%; text-align: center; height: 24px;\">Dinamika otplate<\/td>\r\n<td style=\"width: 70.4678%; height: 24px; text-align: center;\">Po dogovoru<\/td>\r\n<\/tr>\r\n<tr>\r\n<td style=\"width: 42.1989%; text-align: center; height: 24px;\">Nominalna kamatna stopa<\/td>\r\n<td style=\"width: 70.4678%; height: 24px; text-align: center;\"><span style=\"font-family: inherit; font-size: inherit;\">Do najvi\u0161e 6,5%, uz kori\u0161tenje jamstva HAMAG BICRO-a<\/span><\/td>\r\n<\/tr>\r\n<tr>\r\n<td style=\"width: 42.1989%; text-align: center; height: 24px;\">Subvencija:\r\n\r\nMinistarstvo gospodarstva, poduzetni\u0161tva i obrta<\/td>\r\n<td style=\"width: 70.4678%; height: 24px; text-align: center;\"><strong>2<\/strong> postotna poena za projekte iz proizvodne djelatnosti\r\n\r\n<strong>1<\/strong> postotni poen za projekte iz uslu\u017ene djelatnosti<\/td>\r\n<\/tr>\r\n<tr>\r\n<td style=\"width: 42.1989%; text-align: center; height: 56px;\">Subvencija:\r\n\r\nViroviti\u010dko-podravska \u017eupanija<\/td>\r\n<td style=\"width: 70.4678%; height: 56px; text-align: center;\"><strong>2<\/strong> postotna poena za projekte iz proizvodne djelatnosti\r\n\r\n<strong>1<\/strong>\u00a0postotni poen za projekte iz uslu\u017ene djelatnosti<\/td>\r\n<\/tr>\r\n<\/tbody>\r\n<\/table>\r\n&nbsp;\r\n\r\nAko te zanima vi\u0161e detalja, popuni kontakt obrazac, a na\u0161i stru\u010dnjaci \u0107e ti se javiti u kratkom roku.","protected":false},"excerpt":{"rendered":"<p>Planirate ulagati u razvoj proizvodne djelatnosti, otvarate nova radna mjesta, imate projekt od zna\u010daja za gospodarski razvoj \u017dupanije, prijavite se za kredit uz subvenciju kamate. Ministarstvo gospodarstva, poduzetni\u0161tva i obrta [&hellip;]<\/p>","protected":false},"author":14,"featured_media":4360,"parent":652,"menu_order":0,"comment_status":"closed","ping_status":"closed","template":"page-template-3.php","meta":{"_acf_changed":false,"footnotes":""},"categories":[3,6],"tags":[],"class_list":["post-4339","page","type-page","status-publish","has-post-thumbnail","hentry","category-izdvojeno-na-naslovnici","category-poslovni-subjekti"],"acf":[],"yoast_head":"<!-- This site is optimized with the Yoast SEO plugin v25.4 - https:\/\/yoast.com\/wordpress\/plugins\/seo\/ -->\n<title>KREDITOM DO KONKURENTNOSTI - VP\u017d - Slatinska Banka<\/title>\n<meta name=\"description\" content=\"Subvencionirani krediti za poduzetnike VP\u017d- za vas kamata mo\u017ee iznositi samo 2,5%.\" \/>\n<meta name=\"robots\" content=\"index, follow, max-snippet:-1, max-image-preview:large, max-video-preview:-1\" \/>\n<link rel=\"canonical\" href=\"https:\/\/www.slatinska-banka.hr\/en\/poslovni-subjekti\/financiranje\/posebni-oblici-financiranja\/kreditom-do-konkurentnosti-vpz\/\" \/>\n<meta property=\"og:locale\" content=\"en_US\" \/>\n<meta property=\"og:type\" content=\"article\" \/>\n<meta property=\"og:title\" content=\"KREDITOM DO KONKURENTNOSTI - VP\u017d - Slatinska Banka\" \/>\n<meta property=\"og:description\" content=\"Subvencionirani krediti za poduzetnike VP\u017d- za vas kamata mo\u017ee iznositi samo 2,5%.\" \/>\n<meta property=\"og:url\" content=\"https:\/\/www.slatinska-banka.hr\/en\/poslovni-subjekti\/financiranje\/posebni-oblici-financiranja\/kreditom-do-konkurentnosti-vpz\/\" \/>\n<meta property=\"og:site_name\" content=\"Slatinska Banka\" \/>\n<meta property=\"article:publisher\" content=\"https:\/\/www.facebook.com\/slatinskabanka\/\" \/>\n<meta property=\"article:modified_time\" content=\"2024-01-04T14:07:37+00:00\" \/>\n<meta property=\"og:image\" content=\"https:\/\/www.slatinska-banka.hr\/wp-content\/uploads\/konkurentnost-1.jpg\" \/>\n\t<meta property=\"og:image:width\" content=\"500\" \/>\n\t<meta property=\"og:image:height\" content=\"401\" \/>\n\t<meta property=\"og:image:type\" content=\"image\/jpeg\" \/>\n<meta name=\"twitter:card\" content=\"summary_large_image\" \/>\n<meta name=\"twitter:label1\" content=\"Est. reading time\" \/>\n\t<meta name=\"twitter:data1\" content=\"1 minute\" \/>\n<script type=\"application\/ld+json\" class=\"yoast-schema-graph\">{\"@context\":\"https:\/\/schema.org\",\"@graph\":[{\"@type\":\"WebPage\",\"@id\":\"https:\/\/www.slatinska-banka.hr\/poslovni-subjekti\/financiranje\/posebni-oblici-financiranja\/kreditom-do-konkurentnosti-vpz\/\",\"url\":\"https:\/\/www.slatinska-banka.hr\/poslovni-subjekti\/financiranje\/posebni-oblici-financiranja\/kreditom-do-konkurentnosti-vpz\/\",\"name\":\"KREDITOM DO KONKURENTNOSTI - VP\u017d - Slatinska Banka\",\"isPartOf\":{\"@id\":\"https:\/\/www.slatinska-banka.hr\/#website\"},\"primaryImageOfPage\":{\"@id\":\"https:\/\/www.slatinska-banka.hr\/poslovni-subjekti\/financiranje\/posebni-oblici-financiranja\/kreditom-do-konkurentnosti-vpz\/#primaryimage\"},\"image\":{\"@id\":\"https:\/\/www.slatinska-banka.hr\/poslovni-subjekti\/financiranje\/posebni-oblici-financiranja\/kreditom-do-konkurentnosti-vpz\/#primaryimage\"},\"thumbnailUrl\":\"https:\/\/www.slatinska-banka.hr\/wp-content\/uploads\/konkurentnost-1.jpg\",\"datePublished\":\"2019-10-07T12:41:14+00:00\",\"dateModified\":\"2024-01-04T14:07:37+00:00\",\"description\":\"Subvencionirani krediti za poduzetnike VP\u017d- za vas kamata mo\u017ee iznositi samo 2,5%.\",\"breadcrumb\":{\"@id\":\"https:\/\/www.slatinska-banka.hr\/poslovni-subjekti\/financiranje\/posebni-oblici-financiranja\/kreditom-do-konkurentnosti-vpz\/#breadcrumb\"},\"inLanguage\":\"en-US\",\"potentialAction\":[{\"@type\":\"ReadAction\",\"target\":[\"https:\/\/www.slatinska-banka.hr\/poslovni-subjekti\/financiranje\/posebni-oblici-financiranja\/kreditom-do-konkurentnosti-vpz\/\"]}]},{\"@type\":\"ImageObject\",\"inLanguage\":\"en-US\",\"@id\":\"https:\/\/www.slatinska-banka.hr\/poslovni-subjekti\/financiranje\/posebni-oblici-financiranja\/kreditom-do-konkurentnosti-vpz\/#primaryimage\",\"url\":\"https:\/\/www.slatinska-banka.hr\/wp-content\/uploads\/konkurentnost-1.jpg\",\"contentUrl\":\"https:\/\/www.slatinska-banka.hr\/wp-content\/uploads\/konkurentnost-1.jpg\",\"width\":500,\"height\":401},{\"@type\":\"BreadcrumbList\",\"@id\":\"https:\/\/www.slatinska-banka.hr\/poslovni-subjekti\/financiranje\/posebni-oblici-financiranja\/kreditom-do-konkurentnosti-vpz\/#breadcrumb\",\"itemListElement\":[{\"@type\":\"ListItem\",\"position\":1,\"name\":\"Poslovni subjekti\",\"item\":\"https:\/\/www.slatinska-banka.hr\/poslovni-subjekti\/\"},{\"@type\":\"ListItem\",\"position\":2,\"name\":\"Financiranje\",\"item\":\"https:\/\/www.slatinska-banka.hr\/poslovni-subjekti\/financiranje\/\"},{\"@type\":\"ListItem\",\"position\":3,\"name\":\"Posebni oblici financiranja\",\"item\":\"https:\/\/www.slatinska-banka.hr\/poslovni-subjekti\/financiranje\/posebni-oblici-financiranja\/\"},{\"@type\":\"ListItem\",\"position\":4,\"name\":\"KREDITOM DO KONKURENTNOSTI &#8211; VP\u017d\"}]},{\"@type\":\"WebSite\",\"@id\":\"https:\/\/www.slatinska-banka.hr\/#website\",\"url\":\"https:\/\/www.slatinska-banka.hr\/\",\"name\":\"Slatinska Banka\",\"description\":\"Razlika je u pristupu\",\"publisher\":{\"@id\":\"https:\/\/www.slatinska-banka.hr\/#organization\"},\"potentialAction\":[{\"@type\":\"SearchAction\",\"target\":{\"@type\":\"EntryPoint\",\"urlTemplate\":\"https:\/\/www.slatinska-banka.hr\/?s={search_term_string}\"},\"query-input\":{\"@type\":\"PropertyValueSpecification\",\"valueRequired\":true,\"valueName\":\"search_term_string\"}}],\"inLanguage\":\"en-US\"},{\"@type\":\"Organization\",\"@id\":\"https:\/\/www.slatinska-banka.hr\/#organization\",\"name\":\"Slatinska banka d.d.\",\"url\":\"https:\/\/www.slatinska-banka.hr\/\",\"logo\":{\"@type\":\"ImageObject\",\"inLanguage\":\"en-US\",\"@id\":\"https:\/\/www.slatinska-banka.hr\/#\/schema\/logo\/image\/\",\"url\":\"https:\/\/www.slatinska-banka.hr\/wp-content\/uploads\/2019\/02\/logo_big.png\",\"contentUrl\":\"https:\/\/www.slatinska-banka.hr\/wp-content\/uploads\/2019\/02\/logo_big.png\",\"width\":302,\"height\":244,\"caption\":\"Slatinska banka d.d.\"},\"image\":{\"@id\":\"https:\/\/www.slatinska-banka.hr\/#\/schema\/logo\/image\/\"},\"sameAs\":[\"https:\/\/www.facebook.com\/slatinskabanka\/\",\"https:\/\/www.linkedin.com\/company\/slatinska-banka-dd\"]}]}<\/script>\n<!-- \/ Yoast SEO plugin. -->","yoast_head_json":{"title":"KREDITOM DO KONKURENTNOSTI - VP\u017d - Slatinska Banka","description":"Subvencionirani krediti za poduzetnike VP\u017d- za vas kamata mo\u017ee iznositi samo 2,5%.","robots":{"index":"index","follow":"follow","max-snippet":"max-snippet:-1","max-image-preview":"max-image-preview:large","max-video-preview":"max-video-preview:-1"},"canonical":"https:\/\/www.slatinska-banka.hr\/en\/poslovni-subjekti\/financiranje\/posebni-oblici-financiranja\/kreditom-do-konkurentnosti-vpz\/","og_locale":"en_US","og_type":"article","og_title":"KREDITOM DO KONKURENTNOSTI - VP\u017d - Slatinska Banka","og_description":"Subvencionirani krediti za poduzetnike VP\u017d- za vas kamata mo\u017ee iznositi samo 2,5%.","og_url":"https:\/\/www.slatinska-banka.hr\/en\/poslovni-subjekti\/financiranje\/posebni-oblici-financiranja\/kreditom-do-konkurentnosti-vpz\/","og_site_name":"Slatinska Banka","article_publisher":"https:\/\/www.facebook.com\/slatinskabanka\/","article_modified_time":"2024-01-04T14:07:37+00:00","og_image":[{"width":500,"height":401,"url":"https:\/\/www.slatinska-banka.hr\/wp-content\/uploads\/konkurentnost-1.jpg","type":"image\/jpeg"}],"twitter_card":"summary_large_image","twitter_misc":{"Est. reading time":"1 minute"},"schema":{"@context":"https:\/\/schema.org","@graph":[{"@type":"WebPage","@id":"https:\/\/www.slatinska-banka.hr\/poslovni-subjekti\/financiranje\/posebni-oblici-financiranja\/kreditom-do-konkurentnosti-vpz\/","url":"https:\/\/www.slatinska-banka.hr\/poslovni-subjekti\/financiranje\/posebni-oblici-financiranja\/kreditom-do-konkurentnosti-vpz\/","name":"KREDITOM DO KONKURENTNOSTI - VP\u017d - Slatinska Banka","isPartOf":{"@id":"https:\/\/www.slatinska-banka.hr\/#website"},"primaryImageOfPage":{"@id":"https:\/\/www.slatinska-banka.hr\/poslovni-subjekti\/financiranje\/posebni-oblici-financiranja\/kreditom-do-konkurentnosti-vpz\/#primaryimage"},"image":{"@id":"https:\/\/www.slatinska-banka.hr\/poslovni-subjekti\/financiranje\/posebni-oblici-financiranja\/kreditom-do-konkurentnosti-vpz\/#primaryimage"},"thumbnailUrl":"https:\/\/www.slatinska-banka.hr\/wp-content\/uploads\/konkurentnost-1.jpg","datePublished":"2019-10-07T12:41:14+00:00","dateModified":"2024-01-04T14:07:37+00:00","description":"Subvencionirani krediti za poduzetnike VP\u017d- za vas kamata mo\u017ee iznositi samo 2,5%.","breadcrumb":{"@id":"https:\/\/www.slatinska-banka.hr\/poslovni-subjekti\/financiranje\/posebni-oblici-financiranja\/kreditom-do-konkurentnosti-vpz\/#breadcrumb"},"inLanguage":"en-US","potentialAction":[{"@type":"ReadAction","target":["https:\/\/www.slatinska-banka.hr\/poslovni-subjekti\/financiranje\/posebni-oblici-financiranja\/kreditom-do-konkurentnosti-vpz\/"]}]},{"@type":"ImageObject","inLanguage":"en-US","@id":"https:\/\/www.slatinska-banka.hr\/poslovni-subjekti\/financiranje\/posebni-oblici-financiranja\/kreditom-do-konkurentnosti-vpz\/#primaryimage","url":"https:\/\/www.slatinska-banka.hr\/wp-content\/uploads\/konkurentnost-1.jpg","contentUrl":"https:\/\/www.slatinska-banka.hr\/wp-content\/uploads\/konkurentnost-1.jpg","width":500,"height":401},{"@type":"BreadcrumbList","@id":"https:\/\/www.slatinska-banka.hr\/poslovni-subjekti\/financiranje\/posebni-oblici-financiranja\/kreditom-do-konkurentnosti-vpz\/#breadcrumb","itemListElement":[{"@type":"ListItem","position":1,"name":"Poslovni subjekti","item":"https:\/\/www.slatinska-banka.hr\/poslovni-subjekti\/"},{"@type":"ListItem","position":2,"name":"Financiranje","item":"https:\/\/www.slatinska-banka.hr\/poslovni-subjekti\/financiranje\/"},{"@type":"ListItem","position":3,"name":"Posebni oblici financiranja","item":"https:\/\/www.slatinska-banka.hr\/poslovni-subjekti\/financiranje\/posebni-oblici-financiranja\/"},{"@type":"ListItem","position":4,"name":"KREDITOM DO KONKURENTNOSTI &#8211; VP\u017d"}]},{"@type":"WebSite","@id":"https:\/\/www.slatinska-banka.hr\/#website","url":"https:\/\/www.slatinska-banka.hr\/","name":"Slatinska Banka","description":"Razlika je u pristupu","publisher":{"@id":"https:\/\/www.slatinska-banka.hr\/#organization"},"potentialAction":[{"@type":"SearchAction","target":{"@type":"EntryPoint","urlTemplate":"https:\/\/www.slatinska-banka.hr\/?s={search_term_string}"},"query-input":{"@type":"PropertyValueSpecification","valueRequired":true,"valueName":"search_term_string"}}],"inLanguage":"en-US"},{"@type":"Organization","@id":"https:\/\/www.slatinska-banka.hr\/#organization","name":"Slatinska banka d.d.","url":"https:\/\/www.slatinska-banka.hr\/","logo":{"@type":"ImageObject","inLanguage":"en-US","@id":"https:\/\/www.slatinska-banka.hr\/#\/schema\/logo\/image\/","url":"https:\/\/www.slatinska-banka.hr\/wp-content\/uploads\/2019\/02\/logo_big.png","contentUrl":"https:\/\/www.slatinska-banka.hr\/wp-content\/uploads\/2019\/02\/logo_big.png","width":302,"height":244,"caption":"Slatinska banka d.d."},"image":{"@id":"https:\/\/www.slatinska-banka.hr\/#\/schema\/logo\/image\/"},"sameAs":["https:\/\/www.facebook.com\/slatinskabanka\/","https:\/\/www.linkedin.com\/company\/slatinska-banka-dd"]}]}},"_links":{"self":[{"href":"https:\/\/www.slatinska-banka.hr\/en\/wp-json\/wp\/v2\/pages\/4339","targetHints":{"allow":["GET"]}}],"collection":[{"href":"https:\/\/www.slatinska-banka.hr\/en\/wp-json\/wp\/v2\/pages"}],"about":[{"href":"https:\/\/www.slatinska-banka.hr\/en\/wp-json\/wp\/v2\/types\/page"}],"author":[{"embeddable":true,"href":"https:\/\/www.slatinska-banka.hr\/en\/wp-json\/wp\/v2\/users\/14"}],"replies":[{"embeddable":true,"href":"https:\/\/www.slatinska-banka.hr\/en\/wp-json\/wp\/v2\/comments?post=4339"}],"version-history":[{"count":8,"href":"https:\/\/www.slatinska-banka.hr\/en\/wp-json\/wp\/v2\/pages\/4339\/revisions"}],"predecessor-version":[{"id":838986,"href":"https:\/\/www.slatinska-banka.hr\/en\/wp-json\/wp\/v2\/pages\/4339\/revisions\/838986"}],"up":[{"embeddable":true,"href":"https:\/\/www.slatinska-banka.hr\/en\/wp-json\/wp\/v2\/pages\/652"}],"wp:featuredmedia":[{"embeddable":true,"href":"https:\/\/www.slatinska-banka.hr\/en\/wp-json\/wp\/v2\/media\/4360"}],"wp:attachment":[{"href":"https:\/\/www.slatinska-banka.hr\/en\/wp-json\/wp\/v2\/media?parent=4339"}],"wp:term":[{"taxonomy":"category","embeddable":true,"href":"https:\/\/www.slatinska-banka.hr\/en\/wp-json\/wp\/v2\/categories?post=4339"},{"taxonomy":"post_tag","embeddable":true,"href":"https:\/\/www.slatinska-banka.hr\/en\/wp-json\/wp\/v2\/tags?post=4339"}],"curies":[{"name":"wp","href":"https:\/\/api.w.org\/{rel}","templated":true}]}}