{"id":3957,"date":"2019-07-31T16:00:17","date_gmt":"2019-07-31T14:00:17","guid":{"rendered":"http:\/\/www.slatinska-banka.hr\/?page_id=3957"},"modified":"2024-07-08T09:30:33","modified_gmt":"2024-07-08T07:30:33","slug":"prigovori","status":"publish","type":"page","link":"https:\/\/www.slatinska-banka.hr\/en\/prigovori\/","title":{"rendered":"Complaints and praise"},"content":{"rendered":"<h3>COMPLAINTS<\/h3>\r\n<p class=\"big\">Ne\u0161to ti je u poslovanju s Bankom izazvalo nezadovoljstvo. Smatra\u0161 da ti je povrije\u0111eno neko pravo?<\/p>\r\n<p class=\"big\">Predla\u017eemo da najprije poku\u0161a\u0161 razgovarati s na\u0161im djelatnicima. Ako je nezadovoljstvo i dalje prisutno, slobodno nam po\u0161alji prigovor!<\/p>\r\nNa\u010dini podno\u0161enja prigovora:\r\n<table style=\"border-collapse: collapse; width: 100.399%;\">\r\n<tbody>\r\n<tr>\r\n<td style=\"width: 33.3333%;\"><img loading=\"lazy\" decoding=\"async\" class=\"alignnone wp-image-3962 aligncenter\" src=\"http:\/\/www.slatinska-banka.hr\/wp-content\/uploads\/document-1.png\" alt=\"\" width=\"110\" height=\"110\" srcset=\"https:\/\/www.slatinska-banka.hr\/wp-content\/uploads\/document-1.png 256w, https:\/\/www.slatinska-banka.hr\/wp-content\/uploads\/document-1-150x150.png 150w\" sizes=\"auto, (max-width: 110px) 100vw, 110px\" \/>\r\n<p style=\"text-align: center;\">u poslovnici Banke<\/p>\r\n<div class=\"accordeon\">\r\n\r\n<h2><span class=\"naslov\">Vi\u0161e<\/span><\/h2><div><p>Popuni <a href=\"https:\/\/www.slatinska-banka.hr\/wp-content\/uploads\/INFORMACIJE-O-NACINU-PODNOSENJA-PRIGOVORA-20240701.pdf\">obrazac<\/a> i predaj u najbli\u017eoj ti poslovnici Banke<\/p>\n<\/div>\r\n\r\n<\/div><\/td>\r\n<td style=\"width: 33.3333%;\"><img loading=\"lazy\" decoding=\"async\" class=\"alignnone wp-image-3959 aligncenter\" src=\"http:\/\/www.slatinska-banka.hr\/wp-content\/uploads\/email.png\" alt=\"\" width=\"106\" height=\"106\" srcset=\"https:\/\/www.slatinska-banka.hr\/wp-content\/uploads\/email.png 225w, https:\/\/www.slatinska-banka.hr\/wp-content\/uploads\/email-150x150.png 150w\" sizes=\"auto, (max-width: 106px) 100vw, 106px\" \/>\r\n<p style=\"text-align: center;\">\u00a0e-mailom<\/p>\r\n<div class=\"accordeon\">\r\n\r\n<h2><span class=\"naslov\">Vi\u0161e<\/span><\/h2><div><p>Po\u0161alji nam e-mail na:<\/p>\n<p><a href=\"mailto:prigovori@slatinska-banka.hr\">prigovori@slatinska-banka.hr<\/a><\/p>\n<\/div>\r\n\r\n<\/div><\/td>\r\n<td style=\"width: 33.7321%;\"><img loading=\"lazy\" decoding=\"async\" class=\"wp-image-3960 aligncenter\" src=\"http:\/\/www.slatinska-banka.hr\/wp-content\/uploads\/po\u0161ta.png\" alt=\"\" width=\"103\" height=\"103\" srcset=\"https:\/\/www.slatinska-banka.hr\/wp-content\/uploads\/po\u0161ta.png 225w, https:\/\/www.slatinska-banka.hr\/wp-content\/uploads\/po\u0161ta-150x150.png 150w\" sizes=\"auto, (max-width: 103px) 100vw, 103px\" \/>\r\n<p style=\"text-align: center;\">po\u0161tom ili faxom<\/p>\r\n<div class=\"accordeon\">\r\n\r\n<h2><span class=\"naslov\">Vi\u0161e<\/span><\/h2><div><p>Po\u0161alji nam prigovor po\u0161tom na adresu:<\/p>\n<p>Slatinska banka d.d.<\/p>\n<p>V. Nazora 2<\/p>\n<p>33520 Slatina<\/p>\n<p><em>s naznakom \u201cprigovor\u201d<\/em><\/p>\n<p>ili na broj faxa 033\/ 637 029<\/p>\n<\/div>\r\n\r\n<\/div><\/td>\r\n<\/tr>\r\n<\/tbody>\r\n<\/table>\r\nZa rje\u0161avanje prigovora, podatci koji nam trebaju su:\r\n<ul>\r\n \t<li>tvoji osobni podatci\u00a0 (ime i prezime, tvrtka, adresa, OIB);<\/li>\r\n \t<li>detaljan opis doga\u0111aja\/situacije;<\/li>\r\n \t<li>dokaz iz kojeg je razvidno da je prigovor osnovan (ukoliko je mogu\u0107e).<\/li>\r\n<\/ul>\r\n<div class=\"accordeon\">\r\n\r\n<h2><span class=\"naslov\">Vi\u0161e o podno\u0161enju prigovora<\/span><\/h2><div><p><a href=\"https:\/\/www.slatinska-banka.hr\/wp-content\/uploads\/INFORMACIJE-O-NACINU-PODNOSENJA-PRIGOVORA-20240701.pdf\">Informacije o podno\u0161enju prigovora potro\u0161a\u010da<\/a><\/p>\n<\/div>\r\n\r\n<h2><span class=\"naslov\">Other contacts<\/span><\/h2><div><p>Ako ima\u0161 pitanja\u00a0 ili pote\u0161ko\u0107a s nekim od proizvoda, ovdje mo\u017ee\u0161 prona\u0107i kontakte:<\/p>\n<p style=\"text-align: center;\"><a href=\"https:\/\/www.slatinska-banka.hr\/en\/banka\/kontakti\/\">Contacts<\/a><\/p>\n<\/div>\r\n\r\n<\/div>\r\n<h3>Pohvale<\/h3>\r\n<strong>UKOLIKO SI ZADOVOLJAN NA\u0160IM USLUGAMA I\/ILI PROIZVODIMA I \u017dELI\u0160 NAS POHVALITI, UPI\u0160I U SLIJEDE\u0106I KONTAKT OBRAZAC!<\/strong>\r\n\r\n<strong>TVOJE MI\u0160LJENJE NAM JE JAKO VA\u017dNO!<\/strong>","protected":false},"excerpt":{"rendered":"<p>Prigovori Ne\u0161to ti je u poslovanju s Bankom izazvalo nezadovoljstvo. Smatra\u0161 da ti je povrije\u0111eno neko pravo? Predla\u017eemo da najprije poku\u0161a\u0161 razgovarati s na\u0161im djelatnicima. Ako je nezadovoljstvo i dalje [&hellip;]<\/p>","protected":false},"author":14,"featured_media":1298,"parent":0,"menu_order":0,"comment_status":"closed","ping_status":"closed","template":"","meta":{"_acf_changed":false,"footnotes":""},"categories":[1],"tags":[],"class_list":["post-3957","page","type-page","status-publish","has-post-thumbnail","hentry","category-nekategorizirano"],"acf":[],"yoast_head":"<!-- This site is optimized with the Yoast SEO plugin v25.4 - https:\/\/yoast.com\/wordpress\/plugins\/seo\/ -->\n<title>Prigovori i pohvale - Slatinska Banka<\/title>\n<meta name=\"robots\" content=\"index, follow, max-snippet:-1, max-image-preview:large, max-video-preview:-1\" \/>\n<link rel=\"canonical\" href=\"https:\/\/www.slatinska-banka.hr\/en\/prigovori\/\" \/>\n<meta property=\"og:locale\" content=\"en_US\" \/>\n<meta property=\"og:type\" content=\"article\" \/>\n<meta property=\"og:title\" content=\"Prigovori i pohvale - Slatinska Banka\" \/>\n<meta property=\"og:description\" content=\"Prigovori Ne\u0161to ti je u poslovanju s Bankom izazvalo nezadovoljstvo. Smatra\u0161 da ti je povrije\u0111eno neko pravo? Predla\u017eemo da najprije poku\u0161a\u0161 razgovarati s na\u0161im djelatnicima. Ako je nezadovoljstvo i dalje [&hellip;]\" \/>\n<meta property=\"og:url\" content=\"https:\/\/www.slatinska-banka.hr\/en\/prigovori\/\" \/>\n<meta property=\"og:site_name\" content=\"Slatinska Banka\" \/>\n<meta property=\"article:publisher\" content=\"https:\/\/www.facebook.com\/slatinskabanka\/\" \/>\n<meta property=\"article:modified_time\" content=\"2024-07-08T07:30:33+00:00\" \/>\n<meta property=\"og:image\" content=\"https:\/\/www.slatinska-banka.hr\/wp-content\/uploads\/2019\/02\/ITsupport-e1550598131767.jpg\" \/>\n\t<meta property=\"og:image:width\" content=\"1174\" \/>\n\t<meta property=\"og:image:height\" content=\"366\" \/>\n\t<meta property=\"og:image:type\" content=\"image\/jpeg\" \/>\n<meta name=\"twitter:card\" content=\"summary_large_image\" \/>\n<meta name=\"twitter:label1\" content=\"Est. reading time\" \/>\n\t<meta name=\"twitter:data1\" content=\"2 minutes\" \/>\n<script type=\"application\/ld+json\" class=\"yoast-schema-graph\">{\"@context\":\"https:\/\/schema.org\",\"@graph\":[{\"@type\":\"WebPage\",\"@id\":\"https:\/\/www.slatinska-banka.hr\/prigovori\/\",\"url\":\"https:\/\/www.slatinska-banka.hr\/prigovori\/\",\"name\":\"Prigovori i pohvale - Slatinska Banka\",\"isPartOf\":{\"@id\":\"https:\/\/www.slatinska-banka.hr\/#website\"},\"primaryImageOfPage\":{\"@id\":\"https:\/\/www.slatinska-banka.hr\/prigovori\/#primaryimage\"},\"image\":{\"@id\":\"https:\/\/www.slatinska-banka.hr\/prigovori\/#primaryimage\"},\"thumbnailUrl\":\"https:\/\/www.slatinska-banka.hr\/wp-content\/uploads\/2019\/02\/ITsupport-e1550598131767.jpg\",\"datePublished\":\"2019-07-31T14:00:17+00:00\",\"dateModified\":\"2024-07-08T07:30:33+00:00\",\"inLanguage\":\"en-US\",\"potentialAction\":[{\"@type\":\"ReadAction\",\"target\":[\"https:\/\/www.slatinska-banka.hr\/prigovori\/\"]}]},{\"@type\":\"ImageObject\",\"inLanguage\":\"en-US\",\"@id\":\"https:\/\/www.slatinska-banka.hr\/prigovori\/#primaryimage\",\"url\":\"https:\/\/www.slatinska-banka.hr\/wp-content\/uploads\/2019\/02\/ITsupport-e1550598131767.jpg\",\"contentUrl\":\"https:\/\/www.slatinska-banka.hr\/wp-content\/uploads\/2019\/02\/ITsupport-e1550598131767.jpg\",\"width\":1174,\"height\":366},{\"@type\":\"WebSite\",\"@id\":\"https:\/\/www.slatinska-banka.hr\/#website\",\"url\":\"https:\/\/www.slatinska-banka.hr\/\",\"name\":\"Slatinska Banka\",\"description\":\"Razlika je u pristupu\",\"publisher\":{\"@id\":\"https:\/\/www.slatinska-banka.hr\/#organization\"},\"potentialAction\":[{\"@type\":\"SearchAction\",\"target\":{\"@type\":\"EntryPoint\",\"urlTemplate\":\"https:\/\/www.slatinska-banka.hr\/?s={search_term_string}\"},\"query-input\":{\"@type\":\"PropertyValueSpecification\",\"valueRequired\":true,\"valueName\":\"search_term_string\"}}],\"inLanguage\":\"en-US\"},{\"@type\":\"Organization\",\"@id\":\"https:\/\/www.slatinska-banka.hr\/#organization\",\"name\":\"Slatinska banka d.d.\",\"url\":\"https:\/\/www.slatinska-banka.hr\/\",\"logo\":{\"@type\":\"ImageObject\",\"inLanguage\":\"en-US\",\"@id\":\"https:\/\/www.slatinska-banka.hr\/#\/schema\/logo\/image\/\",\"url\":\"https:\/\/www.slatinska-banka.hr\/wp-content\/uploads\/2019\/02\/logo_big.png\",\"contentUrl\":\"https:\/\/www.slatinska-banka.hr\/wp-content\/uploads\/2019\/02\/logo_big.png\",\"width\":302,\"height\":244,\"caption\":\"Slatinska banka d.d.\"},\"image\":{\"@id\":\"https:\/\/www.slatinska-banka.hr\/#\/schema\/logo\/image\/\"},\"sameAs\":[\"https:\/\/www.facebook.com\/slatinskabanka\/\",\"https:\/\/www.linkedin.com\/company\/slatinska-banka-dd\"]}]}<\/script>\n<!-- \/ Yoast SEO plugin. -->","yoast_head_json":{"title":"Prigovori i pohvale - Slatinska Banka","robots":{"index":"index","follow":"follow","max-snippet":"max-snippet:-1","max-image-preview":"max-image-preview:large","max-video-preview":"max-video-preview:-1"},"canonical":"https:\/\/www.slatinska-banka.hr\/en\/prigovori\/","og_locale":"en_US","og_type":"article","og_title":"Prigovori i pohvale - Slatinska Banka","og_description":"Prigovori Ne\u0161to ti je u poslovanju s Bankom izazvalo nezadovoljstvo. Smatra\u0161 da ti je povrije\u0111eno neko pravo? Predla\u017eemo da najprije poku\u0161a\u0161 razgovarati s na\u0161im djelatnicima. Ako je nezadovoljstvo i dalje [&hellip;]","og_url":"https:\/\/www.slatinska-banka.hr\/en\/prigovori\/","og_site_name":"Slatinska Banka","article_publisher":"https:\/\/www.facebook.com\/slatinskabanka\/","article_modified_time":"2024-07-08T07:30:33+00:00","og_image":[{"width":1174,"height":366,"url":"https:\/\/www.slatinska-banka.hr\/wp-content\/uploads\/2019\/02\/ITsupport-e1550598131767.jpg","type":"image\/jpeg"}],"twitter_card":"summary_large_image","twitter_misc":{"Est. reading time":"2 minutes"},"schema":{"@context":"https:\/\/schema.org","@graph":[{"@type":"WebPage","@id":"https:\/\/www.slatinska-banka.hr\/prigovori\/","url":"https:\/\/www.slatinska-banka.hr\/prigovori\/","name":"Prigovori i pohvale - Slatinska Banka","isPartOf":{"@id":"https:\/\/www.slatinska-banka.hr\/#website"},"primaryImageOfPage":{"@id":"https:\/\/www.slatinska-banka.hr\/prigovori\/#primaryimage"},"image":{"@id":"https:\/\/www.slatinska-banka.hr\/prigovori\/#primaryimage"},"thumbnailUrl":"https:\/\/www.slatinska-banka.hr\/wp-content\/uploads\/2019\/02\/ITsupport-e1550598131767.jpg","datePublished":"2019-07-31T14:00:17+00:00","dateModified":"2024-07-08T07:30:33+00:00","inLanguage":"en-US","potentialAction":[{"@type":"ReadAction","target":["https:\/\/www.slatinska-banka.hr\/prigovori\/"]}]},{"@type":"ImageObject","inLanguage":"en-US","@id":"https:\/\/www.slatinska-banka.hr\/prigovori\/#primaryimage","url":"https:\/\/www.slatinska-banka.hr\/wp-content\/uploads\/2019\/02\/ITsupport-e1550598131767.jpg","contentUrl":"https:\/\/www.slatinska-banka.hr\/wp-content\/uploads\/2019\/02\/ITsupport-e1550598131767.jpg","width":1174,"height":366},{"@type":"WebSite","@id":"https:\/\/www.slatinska-banka.hr\/#website","url":"https:\/\/www.slatinska-banka.hr\/","name":"Slatinska Banka","description":"Razlika je u pristupu","publisher":{"@id":"https:\/\/www.slatinska-banka.hr\/#organization"},"potentialAction":[{"@type":"SearchAction","target":{"@type":"EntryPoint","urlTemplate":"https:\/\/www.slatinska-banka.hr\/?s={search_term_string}"},"query-input":{"@type":"PropertyValueSpecification","valueRequired":true,"valueName":"search_term_string"}}],"inLanguage":"en-US"},{"@type":"Organization","@id":"https:\/\/www.slatinska-banka.hr\/#organization","name":"Slatinska banka d.d.","url":"https:\/\/www.slatinska-banka.hr\/","logo":{"@type":"ImageObject","inLanguage":"en-US","@id":"https:\/\/www.slatinska-banka.hr\/#\/schema\/logo\/image\/","url":"https:\/\/www.slatinska-banka.hr\/wp-content\/uploads\/2019\/02\/logo_big.png","contentUrl":"https:\/\/www.slatinska-banka.hr\/wp-content\/uploads\/2019\/02\/logo_big.png","width":302,"height":244,"caption":"Slatinska banka d.d."},"image":{"@id":"https:\/\/www.slatinska-banka.hr\/#\/schema\/logo\/image\/"},"sameAs":["https:\/\/www.facebook.com\/slatinskabanka\/","https:\/\/www.linkedin.com\/company\/slatinska-banka-dd"]}]}},"_links":{"self":[{"href":"https:\/\/www.slatinska-banka.hr\/en\/wp-json\/wp\/v2\/pages\/3957","targetHints":{"allow":["GET"]}}],"collection":[{"href":"https:\/\/www.slatinska-banka.hr\/en\/wp-json\/wp\/v2\/pages"}],"about":[{"href":"https:\/\/www.slatinska-banka.hr\/en\/wp-json\/wp\/v2\/types\/page"}],"author":[{"embeddable":true,"href":"https:\/\/www.slatinska-banka.hr\/en\/wp-json\/wp\/v2\/users\/14"}],"replies":[{"embeddable":true,"href":"https:\/\/www.slatinska-banka.hr\/en\/wp-json\/wp\/v2\/comments?post=3957"}],"version-history":[{"count":33,"href":"https:\/\/www.slatinska-banka.hr\/en\/wp-json\/wp\/v2\/pages\/3957\/revisions"}],"predecessor-version":[{"id":1656518,"href":"https:\/\/www.slatinska-banka.hr\/en\/wp-json\/wp\/v2\/pages\/3957\/revisions\/1656518"}],"wp:featuredmedia":[{"embeddable":true,"href":"https:\/\/www.slatinska-banka.hr\/en\/wp-json\/wp\/v2\/media\/1298"}],"wp:attachment":[{"href":"https:\/\/www.slatinska-banka.hr\/en\/wp-json\/wp\/v2\/media?parent=3957"}],"wp:term":[{"taxonomy":"category","embeddable":true,"href":"https:\/\/www.slatinska-banka.hr\/en\/wp-json\/wp\/v2\/categories?post=3957"},{"taxonomy":"post_tag","embeddable":true,"href":"https:\/\/www.slatinska-banka.hr\/en\/wp-json\/wp\/v2\/tags?post=3957"}],"curies":[{"name":"wp","href":"https:\/\/api.w.org\/{rel}","templated":true}]}}