{"id":3560,"date":"2019-06-14T15:49:16","date_gmt":"2019-06-14T13:49:16","guid":{"rendered":"http:\/\/www.slatinska-banka.hr\/?page_id=3560"},"modified":"2019-06-14T16:09:25","modified_gmt":"2019-06-14T14:09:25","slug":"psd2-novi-nacin-placanja-internetom","status":"publish","type":"page","link":"https:\/\/www.slatinska-banka.hr\/en\/poslovni-subjekti\/racuni-i-placanja\/online-bankarstvo-i-dodatne-usluge\/psd2-novi-nacin-placanja-internetom\/","title":{"rendered":"PSD2 &#8211; novi na\u010din pla\u0107anja internetom"},"content":{"rendered":"<p>Od rujna \u0107e se robe i usluge mo\u0107i pla\u0107ati internetom na novi na\u010dina.<\/p>\r\n<p>Novi na\u010din pla\u0107anja bit \u0107e omogu\u0107en na razini EU,\u00a0 a ure\u0111eno je novom regulativom Europske unije PSD2, tj. novim Zakonom o platnom prometu.\u00a0<\/p>\r\n<p>Glavni ciljevi PSD2:<\/p>\r\n<ul>\r\n\t<li>doprinijeti integriranijem i u\u010dinkovitijem europskom platnom tr\u017ei\u0161tu,<\/li>\r\n\t<li>daljnji razvoj\u00a0 platnog tr\u017ei\u0161ta za pru\u017eatelje usluga pla\u0107anja i ulazak novih pru\u017eatelja usluga,<\/li>\r\n\t<li>pla\u0107anja u\u010diniti sigurnijima i osiguranijima,<\/li>\r\n\t<li>pove\u0107ati za\u0161titu za potro\u0161a\u010de i poduzetnike,<\/li>\r\n\t<li>potaknuti ni\u017ee cijene platnih usluga.<\/li>\r\n<\/ul>\r\n<p>PSD2 podr\u017eava inovacije i konkurenciju u pla\u0107anjima u maloprodaji i pove\u0107ava sigurnost platnih transakcija i za\u0161titu podataka potro\u0161a\u010da.\u00a0<\/p>\r\n<p>&nbsp;<\/p>\r\n<p><span style=\"display: inline !important; float: none; background-color: #ffffff; color: #333333; cursor: text; font-family: Georgia,'Times New Roman','Bitstream Charter',Times,serif; font-size: 16px; font-style: normal; font-variant: normal; font-weight: 400; letter-spacing: normal; orphans: 2; text-align: left; text-decoration: none; text-indent: 0px; text-transform: none; -webkit-text-stroke-width: 0px; white-space: normal; word-spacing: 0px;\"><div class=\"accordeon\"><\/span><\/p>\r\n<h2><span class=\"naslov\">PSD2 -Open banking<\/span><\/h2><div><p><strong>Directive (EU) 2015\/2366 on payment services in the internal market<\/strong><\/p>\n<p>The main objectives of the PSD2:<\/p>\n<ul>\n<li>Contribute to a more integrated and efficient European payments market;<\/li>\n<li>Further level the playing field for payment service providers by including new players;<\/li>\n<li>Make payments safer and more secure;<\/li>\n<li>Enhance protection for consumers and businesses;<\/li>\n<li>Encourage lower prices for payments.<\/li>\n<\/ul>\n<p>The PSD2 supports innovation and competition in retail payments and enhances the security of payment transactions and the protection of consumer data.<\/p>\n<p>Third Party Providers (TPP) can access the Documentation and test API interface on:\u00a0<a href=\"https:\/\/www.finapay.hr\/psd2\/portal\/\"><strong>https:\/\/www.finapay.hr\/psd2\/portal\/<\/strong><\/a><\/p>\n<p>&nbsp;<\/p>\n<p>You can now use our production APIs, based on the Berlin Group guidelines, for the delivery of your services to customers with online accounts.<\/p>\n<p>Production API available on: <a href=\"https:\/\/psd2-api.slatinska-banka.hr\/\">https:\/\/psd2-api.slatinska-banka.hr<\/a><\/p>\n<p>For further informationa about PSD2 or reclamation related to operation of API, please send an e-mail to: psd2-api@slatinska-banka.hr<\/p>\n<p><span style=\"display: inline !important; float: none; background-color: #ffffff; color: #333333; cursor: text; font-family: Georgia,'Times New Roman','Bitstream Charter',Times,serif; font-size: 16px; font-style: normal; font-variant: normal; font-weight: 400; letter-spacing: normal; orphans: 2; text-align: left; text-decoration: none; text-indent: 0px; text-transform: none; -webkit-text-stroke-width: 0px; white-space: normal; word-spacing: 0px;\"><\/p>\n<\/div><\/span><\/p>\r\n<p><\/div><\/p>","protected":false},"excerpt":{"rendered":"<p>Od rujna \u0107e se robe i usluge mo\u0107i pla\u0107ati internetom na novi na\u010dina. Novi na\u010din pla\u0107anja bit \u0107e omogu\u0107en na razini EU,\u00a0 a ure\u0111eno je novom regulativom Europske unije PSD2, [&hellip;]<\/p>","protected":false},"author":14,"featured_media":2559,"parent":594,"menu_order":0,"comment_status":"closed","ping_status":"closed","template":"page-template-4.php","meta":{"_acf_changed":false,"footnotes":""},"categories":[],"tags":[],"class_list":["post-3560","page","type-page","status-publish","has-post-thumbnail","hentry"],"acf":[],"yoast_head":"<!-- This site is optimized with the Yoast SEO plugin v25.4 - https:\/\/yoast.com\/wordpress\/plugins\/seo\/ -->\n<title>PSD2 - novi na\u010din pla\u0107anja internetom - Slatinska Banka<\/title>\n<meta name=\"robots\" content=\"index, follow, max-snippet:-1, max-image-preview:large, max-video-preview:-1\" \/>\n<link rel=\"canonical\" href=\"https:\/\/www.slatinska-banka.hr\/en\/poslovni-subjekti\/racuni-i-placanja\/online-bankarstvo-i-dodatne-usluge\/psd2-novi-nacin-placanja-internetom\/\" \/>\n<meta property=\"og:locale\" content=\"en_US\" \/>\n<meta property=\"og:type\" content=\"article\" \/>\n<meta property=\"og:title\" content=\"PSD2 - novi na\u010din pla\u0107anja internetom - Slatinska Banka\" \/>\n<meta property=\"og:description\" content=\"Od rujna \u0107e se robe i usluge mo\u0107i pla\u0107ati internetom na novi na\u010dina. Novi na\u010din pla\u0107anja bit \u0107e omogu\u0107en na razini EU,\u00a0 a ure\u0111eno je novom regulativom Europske unije PSD2, [&hellip;]\" \/>\n<meta property=\"og:url\" content=\"https:\/\/www.slatinska-banka.hr\/en\/poslovni-subjekti\/racuni-i-placanja\/online-bankarstvo-i-dodatne-usluge\/psd2-novi-nacin-placanja-internetom\/\" \/>\n<meta property=\"og:site_name\" content=\"Slatinska Banka\" \/>\n<meta property=\"article:publisher\" content=\"https:\/\/www.facebook.com\/slatinskabanka\/\" \/>\n<meta property=\"article:modified_time\" content=\"2019-06-14T14:09:25+00:00\" \/>\n<meta property=\"og:image\" content=\"https:\/\/www.slatinska-banka.hr\/wp-content\/uploads\/2019\/03\/PSD2.png\" \/>\n\t<meta property=\"og:image:width\" content=\"602\" \/>\n\t<meta property=\"og:image:height\" content=\"208\" \/>\n\t<meta property=\"og:image:type\" content=\"image\/png\" \/>\n<meta name=\"twitter:card\" content=\"summary_large_image\" \/>\n<meta name=\"twitter:label1\" content=\"Est. reading time\" \/>\n\t<meta name=\"twitter:data1\" content=\"1 minute\" \/>\n<script type=\"application\/ld+json\" class=\"yoast-schema-graph\">{\"@context\":\"https:\/\/schema.org\",\"@graph\":[{\"@type\":\"WebPage\",\"@id\":\"https:\/\/www.slatinska-banka.hr\/poslovni-subjekti\/racuni-i-placanja\/online-bankarstvo-i-dodatne-usluge\/psd2-novi-nacin-placanja-internetom\/\",\"url\":\"https:\/\/www.slatinska-banka.hr\/poslovni-subjekti\/racuni-i-placanja\/online-bankarstvo-i-dodatne-usluge\/psd2-novi-nacin-placanja-internetom\/\",\"name\":\"PSD2 - novi na\u010din pla\u0107anja internetom - Slatinska Banka\",\"isPartOf\":{\"@id\":\"https:\/\/www.slatinska-banka.hr\/#website\"},\"primaryImageOfPage\":{\"@id\":\"https:\/\/www.slatinska-banka.hr\/poslovni-subjekti\/racuni-i-placanja\/online-bankarstvo-i-dodatne-usluge\/psd2-novi-nacin-placanja-internetom\/#primaryimage\"},\"image\":{\"@id\":\"https:\/\/www.slatinska-banka.hr\/poslovni-subjekti\/racuni-i-placanja\/online-bankarstvo-i-dodatne-usluge\/psd2-novi-nacin-placanja-internetom\/#primaryimage\"},\"thumbnailUrl\":\"https:\/\/www.slatinska-banka.hr\/wp-content\/uploads\/2019\/03\/PSD2.png\",\"datePublished\":\"2019-06-14T13:49:16+00:00\",\"dateModified\":\"2019-06-14T14:09:25+00:00\",\"breadcrumb\":{\"@id\":\"https:\/\/www.slatinska-banka.hr\/poslovni-subjekti\/racuni-i-placanja\/online-bankarstvo-i-dodatne-usluge\/psd2-novi-nacin-placanja-internetom\/#breadcrumb\"},\"inLanguage\":\"en-US\",\"potentialAction\":[{\"@type\":\"ReadAction\",\"target\":[\"https:\/\/www.slatinska-banka.hr\/poslovni-subjekti\/racuni-i-placanja\/online-bankarstvo-i-dodatne-usluge\/psd2-novi-nacin-placanja-internetom\/\"]}]},{\"@type\":\"ImageObject\",\"inLanguage\":\"en-US\",\"@id\":\"https:\/\/www.slatinska-banka.hr\/poslovni-subjekti\/racuni-i-placanja\/online-bankarstvo-i-dodatne-usluge\/psd2-novi-nacin-placanja-internetom\/#primaryimage\",\"url\":\"https:\/\/www.slatinska-banka.hr\/wp-content\/uploads\/2019\/03\/PSD2.png\",\"contentUrl\":\"https:\/\/www.slatinska-banka.hr\/wp-content\/uploads\/2019\/03\/PSD2.png\",\"width\":602,\"height\":208},{\"@type\":\"BreadcrumbList\",\"@id\":\"https:\/\/www.slatinska-banka.hr\/poslovni-subjekti\/racuni-i-placanja\/online-bankarstvo-i-dodatne-usluge\/psd2-novi-nacin-placanja-internetom\/#breadcrumb\",\"itemListElement\":[{\"@type\":\"ListItem\",\"position\":1,\"name\":\"Poslovni subjekti\",\"item\":\"https:\/\/www.slatinska-banka.hr\/poslovni-subjekti\/\"},{\"@type\":\"ListItem\",\"position\":2,\"name\":\"Ra\u010duni i pla\u0107anja\",\"item\":\"https:\/\/www.slatinska-banka.hr\/poslovni-subjekti\/racuni-i-placanja\/\"},{\"@type\":\"ListItem\",\"position\":3,\"name\":\"Online Bankarstvo i dodatne usluge\",\"item\":\"https:\/\/www.slatinska-banka.hr\/poslovni-subjekti\/racuni-i-placanja\/online-bankarstvo-i-dodatne-usluge\/\"},{\"@type\":\"ListItem\",\"position\":4,\"name\":\"PSD2 &#8211; novi na\u010din pla\u0107anja internetom\"}]},{\"@type\":\"WebSite\",\"@id\":\"https:\/\/www.slatinska-banka.hr\/#website\",\"url\":\"https:\/\/www.slatinska-banka.hr\/\",\"name\":\"Slatinska Banka\",\"description\":\"Razlika je u pristupu\",\"publisher\":{\"@id\":\"https:\/\/www.slatinska-banka.hr\/#organization\"},\"potentialAction\":[{\"@type\":\"SearchAction\",\"target\":{\"@type\":\"EntryPoint\",\"urlTemplate\":\"https:\/\/www.slatinska-banka.hr\/?s={search_term_string}\"},\"query-input\":{\"@type\":\"PropertyValueSpecification\",\"valueRequired\":true,\"valueName\":\"search_term_string\"}}],\"inLanguage\":\"en-US\"},{\"@type\":\"Organization\",\"@id\":\"https:\/\/www.slatinska-banka.hr\/#organization\",\"name\":\"Slatinska banka d.d.\",\"url\":\"https:\/\/www.slatinska-banka.hr\/\",\"logo\":{\"@type\":\"ImageObject\",\"inLanguage\":\"en-US\",\"@id\":\"https:\/\/www.slatinska-banka.hr\/#\/schema\/logo\/image\/\",\"url\":\"https:\/\/www.slatinska-banka.hr\/wp-content\/uploads\/2019\/02\/logo_big.png\",\"contentUrl\":\"https:\/\/www.slatinska-banka.hr\/wp-content\/uploads\/2019\/02\/logo_big.png\",\"width\":302,\"height\":244,\"caption\":\"Slatinska banka d.d.\"},\"image\":{\"@id\":\"https:\/\/www.slatinska-banka.hr\/#\/schema\/logo\/image\/\"},\"sameAs\":[\"https:\/\/www.facebook.com\/slatinskabanka\/\",\"https:\/\/www.linkedin.com\/company\/slatinska-banka-dd\"]}]}<\/script>\n<!-- \/ Yoast SEO plugin. -->","yoast_head_json":{"title":"PSD2 - novi na\u010din pla\u0107anja internetom - Slatinska Banka","robots":{"index":"index","follow":"follow","max-snippet":"max-snippet:-1","max-image-preview":"max-image-preview:large","max-video-preview":"max-video-preview:-1"},"canonical":"https:\/\/www.slatinska-banka.hr\/en\/poslovni-subjekti\/racuni-i-placanja\/online-bankarstvo-i-dodatne-usluge\/psd2-novi-nacin-placanja-internetom\/","og_locale":"en_US","og_type":"article","og_title":"PSD2 - novi na\u010din pla\u0107anja internetom - Slatinska Banka","og_description":"Od rujna \u0107e se robe i usluge mo\u0107i pla\u0107ati internetom na novi na\u010dina. Novi na\u010din pla\u0107anja bit \u0107e omogu\u0107en na razini EU,\u00a0 a ure\u0111eno je novom regulativom Europske unije PSD2, [&hellip;]","og_url":"https:\/\/www.slatinska-banka.hr\/en\/poslovni-subjekti\/racuni-i-placanja\/online-bankarstvo-i-dodatne-usluge\/psd2-novi-nacin-placanja-internetom\/","og_site_name":"Slatinska Banka","article_publisher":"https:\/\/www.facebook.com\/slatinskabanka\/","article_modified_time":"2019-06-14T14:09:25+00:00","og_image":[{"width":602,"height":208,"url":"https:\/\/www.slatinska-banka.hr\/wp-content\/uploads\/2019\/03\/PSD2.png","type":"image\/png"}],"twitter_card":"summary_large_image","twitter_misc":{"Est. reading time":"1 minute"},"schema":{"@context":"https:\/\/schema.org","@graph":[{"@type":"WebPage","@id":"https:\/\/www.slatinska-banka.hr\/poslovni-subjekti\/racuni-i-placanja\/online-bankarstvo-i-dodatne-usluge\/psd2-novi-nacin-placanja-internetom\/","url":"https:\/\/www.slatinska-banka.hr\/poslovni-subjekti\/racuni-i-placanja\/online-bankarstvo-i-dodatne-usluge\/psd2-novi-nacin-placanja-internetom\/","name":"PSD2 - novi na\u010din pla\u0107anja internetom - Slatinska Banka","isPartOf":{"@id":"https:\/\/www.slatinska-banka.hr\/#website"},"primaryImageOfPage":{"@id":"https:\/\/www.slatinska-banka.hr\/poslovni-subjekti\/racuni-i-placanja\/online-bankarstvo-i-dodatne-usluge\/psd2-novi-nacin-placanja-internetom\/#primaryimage"},"image":{"@id":"https:\/\/www.slatinska-banka.hr\/poslovni-subjekti\/racuni-i-placanja\/online-bankarstvo-i-dodatne-usluge\/psd2-novi-nacin-placanja-internetom\/#primaryimage"},"thumbnailUrl":"https:\/\/www.slatinska-banka.hr\/wp-content\/uploads\/2019\/03\/PSD2.png","datePublished":"2019-06-14T13:49:16+00:00","dateModified":"2019-06-14T14:09:25+00:00","breadcrumb":{"@id":"https:\/\/www.slatinska-banka.hr\/poslovni-subjekti\/racuni-i-placanja\/online-bankarstvo-i-dodatne-usluge\/psd2-novi-nacin-placanja-internetom\/#breadcrumb"},"inLanguage":"en-US","potentialAction":[{"@type":"ReadAction","target":["https:\/\/www.slatinska-banka.hr\/poslovni-subjekti\/racuni-i-placanja\/online-bankarstvo-i-dodatne-usluge\/psd2-novi-nacin-placanja-internetom\/"]}]},{"@type":"ImageObject","inLanguage":"en-US","@id":"https:\/\/www.slatinska-banka.hr\/poslovni-subjekti\/racuni-i-placanja\/online-bankarstvo-i-dodatne-usluge\/psd2-novi-nacin-placanja-internetom\/#primaryimage","url":"https:\/\/www.slatinska-banka.hr\/wp-content\/uploads\/2019\/03\/PSD2.png","contentUrl":"https:\/\/www.slatinska-banka.hr\/wp-content\/uploads\/2019\/03\/PSD2.png","width":602,"height":208},{"@type":"BreadcrumbList","@id":"https:\/\/www.slatinska-banka.hr\/poslovni-subjekti\/racuni-i-placanja\/online-bankarstvo-i-dodatne-usluge\/psd2-novi-nacin-placanja-internetom\/#breadcrumb","itemListElement":[{"@type":"ListItem","position":1,"name":"Poslovni subjekti","item":"https:\/\/www.slatinska-banka.hr\/poslovni-subjekti\/"},{"@type":"ListItem","position":2,"name":"Ra\u010duni i pla\u0107anja","item":"https:\/\/www.slatinska-banka.hr\/poslovni-subjekti\/racuni-i-placanja\/"},{"@type":"ListItem","position":3,"name":"Online Bankarstvo i dodatne usluge","item":"https:\/\/www.slatinska-banka.hr\/poslovni-subjekti\/racuni-i-placanja\/online-bankarstvo-i-dodatne-usluge\/"},{"@type":"ListItem","position":4,"name":"PSD2 &#8211; novi na\u010din pla\u0107anja internetom"}]},{"@type":"WebSite","@id":"https:\/\/www.slatinska-banka.hr\/#website","url":"https:\/\/www.slatinska-banka.hr\/","name":"Slatinska Banka","description":"Razlika je u pristupu","publisher":{"@id":"https:\/\/www.slatinska-banka.hr\/#organization"},"potentialAction":[{"@type":"SearchAction","target":{"@type":"EntryPoint","urlTemplate":"https:\/\/www.slatinska-banka.hr\/?s={search_term_string}"},"query-input":{"@type":"PropertyValueSpecification","valueRequired":true,"valueName":"search_term_string"}}],"inLanguage":"en-US"},{"@type":"Organization","@id":"https:\/\/www.slatinska-banka.hr\/#organization","name":"Slatinska banka d.d.","url":"https:\/\/www.slatinska-banka.hr\/","logo":{"@type":"ImageObject","inLanguage":"en-US","@id":"https:\/\/www.slatinska-banka.hr\/#\/schema\/logo\/image\/","url":"https:\/\/www.slatinska-banka.hr\/wp-content\/uploads\/2019\/02\/logo_big.png","contentUrl":"https:\/\/www.slatinska-banka.hr\/wp-content\/uploads\/2019\/02\/logo_big.png","width":302,"height":244,"caption":"Slatinska banka d.d."},"image":{"@id":"https:\/\/www.slatinska-banka.hr\/#\/schema\/logo\/image\/"},"sameAs":["https:\/\/www.facebook.com\/slatinskabanka\/","https:\/\/www.linkedin.com\/company\/slatinska-banka-dd"]}]}},"_links":{"self":[{"href":"https:\/\/www.slatinska-banka.hr\/en\/wp-json\/wp\/v2\/pages\/3560","targetHints":{"allow":["GET"]}}],"collection":[{"href":"https:\/\/www.slatinska-banka.hr\/en\/wp-json\/wp\/v2\/pages"}],"about":[{"href":"https:\/\/www.slatinska-banka.hr\/en\/wp-json\/wp\/v2\/types\/page"}],"author":[{"embeddable":true,"href":"https:\/\/www.slatinska-banka.hr\/en\/wp-json\/wp\/v2\/users\/14"}],"replies":[{"embeddable":true,"href":"https:\/\/www.slatinska-banka.hr\/en\/wp-json\/wp\/v2\/comments?post=3560"}],"version-history":[{"count":10,"href":"https:\/\/www.slatinska-banka.hr\/en\/wp-json\/wp\/v2\/pages\/3560\/revisions"}],"predecessor-version":[{"id":5492,"href":"https:\/\/www.slatinska-banka.hr\/en\/wp-json\/wp\/v2\/pages\/3560\/revisions\/5492"}],"up":[{"embeddable":true,"href":"https:\/\/www.slatinska-banka.hr\/en\/wp-json\/wp\/v2\/pages\/594"}],"wp:featuredmedia":[{"embeddable":true,"href":"https:\/\/www.slatinska-banka.hr\/en\/wp-json\/wp\/v2\/media\/2559"}],"wp:attachment":[{"href":"https:\/\/www.slatinska-banka.hr\/en\/wp-json\/wp\/v2\/media?parent=3560"}],"wp:term":[{"taxonomy":"category","embeddable":true,"href":"https:\/\/www.slatinska-banka.hr\/en\/wp-json\/wp\/v2\/categories?post=3560"},{"taxonomy":"post_tag","embeddable":true,"href":"https:\/\/www.slatinska-banka.hr\/en\/wp-json\/wp\/v2\/tags?post=3560"}],"curies":[{"name":"wp","href":"https:\/\/api.w.org\/{rel}","templated":true}]}}