{"id":2870,"date":"2019-04-18T15:20:31","date_gmt":"2019-04-18T13:20:31","guid":{"rendered":"http:\/\/www.slatinska-banka.hr\/?page_id=2870"},"modified":"2019-07-10T15:18:42","modified_gmt":"2019-07-10T13:18:42","slug":"riznica","status":"publish","type":"page","link":"https:\/\/www.slatinska-banka.hr\/en\/poslovni-subjekti\/investicijsko-bankarstvo\/riznica\/","title":{"rendered":"Treasury"},"content":{"rendered":"<p style=\"text-align: center;\">Ako kupuje\u0161 ili prodaje\u0161 devize u iznosu ve\u0107em<\/p>\r\n<p style=\"text-align: center;\">od 5.000,00 EUR (protuvrijednost), zatra\u017ei povoljniji te\u010daj!<\/p>\r\n<p>&nbsp;<\/p>\r\n<p style=\"text-align: center;\">Javi nam se od 8 do 16 h na telefon:<\/p>\r\n<p style=\"text-align: center;\">033\/637-038<\/p>\r\n<p style=\"text-align: center;\">\u00a0<\/p>\r\n<p style=\"text-align: center;\">ili nas kontaktiraj mailom na:<\/p>\r\n<p style=\"text-align: center;\"><a href=\"mailto:riznica@slatinska-banka.hr\">riznica@slatinska-banka.hr<\/a>\u00a0<\/p>\r\n<p>&nbsp;<\/p>","protected":false},"excerpt":{"rendered":"<p>Ako kupuje\u0161 ili prodaje\u0161 devize u iznosu ve\u0107em od 5.000,00 EUR (protuvrijednost), zatra\u017ei povoljniji te\u010daj! &nbsp; Javi nam se od 8 do 16 h na telefon: 033\/637-038 \u00a0 ili nas [&hellip;]<\/p>","protected":false},"author":14,"featured_media":2873,"parent":34,"menu_order":4,"comment_status":"closed","ping_status":"closed","template":"page-template-3.php","meta":{"_acf_changed":false,"footnotes":""},"categories":[],"tags":[],"class_list":["post-2870","page","type-page","status-publish","has-post-thumbnail","hentry"],"acf":[],"yoast_head":"<!-- This site is optimized with the Yoast SEO plugin v25.4 - https:\/\/yoast.com\/wordpress\/plugins\/seo\/ -->\n<title>Riznica - Slatinska Banka<\/title>\n<meta name=\"robots\" content=\"index, follow, max-snippet:-1, max-image-preview:large, max-video-preview:-1\" \/>\n<link rel=\"canonical\" href=\"https:\/\/www.slatinska-banka.hr\/en\/poslovni-subjekti\/investicijsko-bankarstvo\/riznica\/\" \/>\n<meta property=\"og:locale\" content=\"en_US\" \/>\n<meta property=\"og:type\" content=\"article\" \/>\n<meta property=\"og:title\" content=\"Riznica - Slatinska Banka\" \/>\n<meta property=\"og:description\" content=\"Ako kupuje\u0161 ili prodaje\u0161 devize u iznosu ve\u0107em od 5.000,00 EUR (protuvrijednost), zatra\u017ei povoljniji te\u010daj! &nbsp; Javi nam se od 8 do 16 h na telefon: 033\/637-038 \u00a0 ili nas [&hellip;]\" \/>\n<meta property=\"og:url\" content=\"https:\/\/www.slatinska-banka.hr\/en\/poslovni-subjekti\/investicijsko-bankarstvo\/riznica\/\" \/>\n<meta property=\"og:site_name\" content=\"Slatinska Banka\" \/>\n<meta property=\"article:publisher\" content=\"https:\/\/www.facebook.com\/slatinskabanka\/\" \/>\n<meta property=\"article:modified_time\" content=\"2019-07-10T13:18:42+00:00\" \/>\n<meta property=\"og:image\" content=\"https:\/\/www.slatinska-banka.hr\/wp-content\/uploads\/joanna-kosinska-129039-unsplash-e1555686421373.jpg\" \/>\n\t<meta property=\"og:image:width\" content=\"1920\" \/>\n\t<meta property=\"og:image:height\" content=\"1282\" \/>\n\t<meta property=\"og:image:type\" content=\"image\/jpeg\" \/>\n<meta name=\"twitter:card\" content=\"summary_large_image\" \/>\n<script type=\"application\/ld+json\" class=\"yoast-schema-graph\">{\"@context\":\"https:\/\/schema.org\",\"@graph\":[{\"@type\":\"WebPage\",\"@id\":\"https:\/\/www.slatinska-banka.hr\/poslovni-subjekti\/investicijsko-bankarstvo\/riznica\/\",\"url\":\"https:\/\/www.slatinska-banka.hr\/poslovni-subjekti\/investicijsko-bankarstvo\/riznica\/\",\"name\":\"Riznica - Slatinska Banka\",\"isPartOf\":{\"@id\":\"https:\/\/www.slatinska-banka.hr\/#website\"},\"primaryImageOfPage\":{\"@id\":\"https:\/\/www.slatinska-banka.hr\/poslovni-subjekti\/investicijsko-bankarstvo\/riznica\/#primaryimage\"},\"image\":{\"@id\":\"https:\/\/www.slatinska-banka.hr\/poslovni-subjekti\/investicijsko-bankarstvo\/riznica\/#primaryimage\"},\"thumbnailUrl\":\"https:\/\/www.slatinska-banka.hr\/wp-content\/uploads\/joanna-kosinska-129039-unsplash-e1555686421373.jpg\",\"datePublished\":\"2019-04-18T13:20:31+00:00\",\"dateModified\":\"2019-07-10T13:18:42+00:00\",\"breadcrumb\":{\"@id\":\"https:\/\/www.slatinska-banka.hr\/poslovni-subjekti\/investicijsko-bankarstvo\/riznica\/#breadcrumb\"},\"inLanguage\":\"en-US\",\"potentialAction\":[{\"@type\":\"ReadAction\",\"target\":[\"https:\/\/www.slatinska-banka.hr\/poslovni-subjekti\/investicijsko-bankarstvo\/riznica\/\"]}]},{\"@type\":\"ImageObject\",\"inLanguage\":\"en-US\",\"@id\":\"https:\/\/www.slatinska-banka.hr\/poslovni-subjekti\/investicijsko-bankarstvo\/riznica\/#primaryimage\",\"url\":\"https:\/\/www.slatinska-banka.hr\/wp-content\/uploads\/joanna-kosinska-129039-unsplash-e1555686421373.jpg\",\"contentUrl\":\"https:\/\/www.slatinska-banka.hr\/wp-content\/uploads\/joanna-kosinska-129039-unsplash-e1555686421373.jpg\",\"width\":1920,\"height\":1282},{\"@type\":\"BreadcrumbList\",\"@id\":\"https:\/\/www.slatinska-banka.hr\/poslovni-subjekti\/investicijsko-bankarstvo\/riznica\/#breadcrumb\",\"itemListElement\":[{\"@type\":\"ListItem\",\"position\":1,\"name\":\"Poslovni subjekti\",\"item\":\"https:\/\/www.slatinska-banka.hr\/poslovni-subjekti\/\"},{\"@type\":\"ListItem\",\"position\":2,\"name\":\"Riznica\",\"item\":\"https:\/\/www.slatinska-banka.hr\/poslovni-subjekti\/investicijsko-bankarstvo\/\"},{\"@type\":\"ListItem\",\"position\":3,\"name\":\"Riznica\"}]},{\"@type\":\"WebSite\",\"@id\":\"https:\/\/www.slatinska-banka.hr\/#website\",\"url\":\"https:\/\/www.slatinska-banka.hr\/\",\"name\":\"Slatinska Banka\",\"description\":\"Razlika je u pristupu\",\"publisher\":{\"@id\":\"https:\/\/www.slatinska-banka.hr\/#organization\"},\"potentialAction\":[{\"@type\":\"SearchAction\",\"target\":{\"@type\":\"EntryPoint\",\"urlTemplate\":\"https:\/\/www.slatinska-banka.hr\/?s={search_term_string}\"},\"query-input\":{\"@type\":\"PropertyValueSpecification\",\"valueRequired\":true,\"valueName\":\"search_term_string\"}}],\"inLanguage\":\"en-US\"},{\"@type\":\"Organization\",\"@id\":\"https:\/\/www.slatinska-banka.hr\/#organization\",\"name\":\"Slatinska banka d.d.\",\"url\":\"https:\/\/www.slatinska-banka.hr\/\",\"logo\":{\"@type\":\"ImageObject\",\"inLanguage\":\"en-US\",\"@id\":\"https:\/\/www.slatinska-banka.hr\/#\/schema\/logo\/image\/\",\"url\":\"https:\/\/www.slatinska-banka.hr\/wp-content\/uploads\/2019\/02\/logo_big.png\",\"contentUrl\":\"https:\/\/www.slatinska-banka.hr\/wp-content\/uploads\/2019\/02\/logo_big.png\",\"width\":302,\"height\":244,\"caption\":\"Slatinska banka d.d.\"},\"image\":{\"@id\":\"https:\/\/www.slatinska-banka.hr\/#\/schema\/logo\/image\/\"},\"sameAs\":[\"https:\/\/www.facebook.com\/slatinskabanka\/\",\"https:\/\/www.linkedin.com\/company\/slatinska-banka-dd\"]}]}<\/script>\n<!-- \/ Yoast SEO plugin. -->","yoast_head_json":{"title":"Riznica - Slatinska Banka","robots":{"index":"index","follow":"follow","max-snippet":"max-snippet:-1","max-image-preview":"max-image-preview:large","max-video-preview":"max-video-preview:-1"},"canonical":"https:\/\/www.slatinska-banka.hr\/en\/poslovni-subjekti\/investicijsko-bankarstvo\/riznica\/","og_locale":"en_US","og_type":"article","og_title":"Riznica - Slatinska Banka","og_description":"Ako kupuje\u0161 ili prodaje\u0161 devize u iznosu ve\u0107em od 5.000,00 EUR (protuvrijednost), zatra\u017ei povoljniji te\u010daj! &nbsp; Javi nam se od 8 do 16 h na telefon: 033\/637-038 \u00a0 ili nas [&hellip;]","og_url":"https:\/\/www.slatinska-banka.hr\/en\/poslovni-subjekti\/investicijsko-bankarstvo\/riznica\/","og_site_name":"Slatinska Banka","article_publisher":"https:\/\/www.facebook.com\/slatinskabanka\/","article_modified_time":"2019-07-10T13:18:42+00:00","og_image":[{"width":1920,"height":1282,"url":"https:\/\/www.slatinska-banka.hr\/wp-content\/uploads\/joanna-kosinska-129039-unsplash-e1555686421373.jpg","type":"image\/jpeg"}],"twitter_card":"summary_large_image","schema":{"@context":"https:\/\/schema.org","@graph":[{"@type":"WebPage","@id":"https:\/\/www.slatinska-banka.hr\/poslovni-subjekti\/investicijsko-bankarstvo\/riznica\/","url":"https:\/\/www.slatinska-banka.hr\/poslovni-subjekti\/investicijsko-bankarstvo\/riznica\/","name":"Riznica - Slatinska Banka","isPartOf":{"@id":"https:\/\/www.slatinska-banka.hr\/#website"},"primaryImageOfPage":{"@id":"https:\/\/www.slatinska-banka.hr\/poslovni-subjekti\/investicijsko-bankarstvo\/riznica\/#primaryimage"},"image":{"@id":"https:\/\/www.slatinska-banka.hr\/poslovni-subjekti\/investicijsko-bankarstvo\/riznica\/#primaryimage"},"thumbnailUrl":"https:\/\/www.slatinska-banka.hr\/wp-content\/uploads\/joanna-kosinska-129039-unsplash-e1555686421373.jpg","datePublished":"2019-04-18T13:20:31+00:00","dateModified":"2019-07-10T13:18:42+00:00","breadcrumb":{"@id":"https:\/\/www.slatinska-banka.hr\/poslovni-subjekti\/investicijsko-bankarstvo\/riznica\/#breadcrumb"},"inLanguage":"en-US","potentialAction":[{"@type":"ReadAction","target":["https:\/\/www.slatinska-banka.hr\/poslovni-subjekti\/investicijsko-bankarstvo\/riznica\/"]}]},{"@type":"ImageObject","inLanguage":"en-US","@id":"https:\/\/www.slatinska-banka.hr\/poslovni-subjekti\/investicijsko-bankarstvo\/riznica\/#primaryimage","url":"https:\/\/www.slatinska-banka.hr\/wp-content\/uploads\/joanna-kosinska-129039-unsplash-e1555686421373.jpg","contentUrl":"https:\/\/www.slatinska-banka.hr\/wp-content\/uploads\/joanna-kosinska-129039-unsplash-e1555686421373.jpg","width":1920,"height":1282},{"@type":"BreadcrumbList","@id":"https:\/\/www.slatinska-banka.hr\/poslovni-subjekti\/investicijsko-bankarstvo\/riznica\/#breadcrumb","itemListElement":[{"@type":"ListItem","position":1,"name":"Poslovni subjekti","item":"https:\/\/www.slatinska-banka.hr\/poslovni-subjekti\/"},{"@type":"ListItem","position":2,"name":"Riznica","item":"https:\/\/www.slatinska-banka.hr\/poslovni-subjekti\/investicijsko-bankarstvo\/"},{"@type":"ListItem","position":3,"name":"Riznica"}]},{"@type":"WebSite","@id":"https:\/\/www.slatinska-banka.hr\/#website","url":"https:\/\/www.slatinska-banka.hr\/","name":"Slatinska Banka","description":"Razlika je u pristupu","publisher":{"@id":"https:\/\/www.slatinska-banka.hr\/#organization"},"potentialAction":[{"@type":"SearchAction","target":{"@type":"EntryPoint","urlTemplate":"https:\/\/www.slatinska-banka.hr\/?s={search_term_string}"},"query-input":{"@type":"PropertyValueSpecification","valueRequired":true,"valueName":"search_term_string"}}],"inLanguage":"en-US"},{"@type":"Organization","@id":"https:\/\/www.slatinska-banka.hr\/#organization","name":"Slatinska banka d.d.","url":"https:\/\/www.slatinska-banka.hr\/","logo":{"@type":"ImageObject","inLanguage":"en-US","@id":"https:\/\/www.slatinska-banka.hr\/#\/schema\/logo\/image\/","url":"https:\/\/www.slatinska-banka.hr\/wp-content\/uploads\/2019\/02\/logo_big.png","contentUrl":"https:\/\/www.slatinska-banka.hr\/wp-content\/uploads\/2019\/02\/logo_big.png","width":302,"height":244,"caption":"Slatinska banka d.d."},"image":{"@id":"https:\/\/www.slatinska-banka.hr\/#\/schema\/logo\/image\/"},"sameAs":["https:\/\/www.facebook.com\/slatinskabanka\/","https:\/\/www.linkedin.com\/company\/slatinska-banka-dd"]}]}},"_links":{"self":[{"href":"https:\/\/www.slatinska-banka.hr\/en\/wp-json\/wp\/v2\/pages\/2870","targetHints":{"allow":["GET"]}}],"collection":[{"href":"https:\/\/www.slatinska-banka.hr\/en\/wp-json\/wp\/v2\/pages"}],"about":[{"href":"https:\/\/www.slatinska-banka.hr\/en\/wp-json\/wp\/v2\/types\/page"}],"author":[{"embeddable":true,"href":"https:\/\/www.slatinska-banka.hr\/en\/wp-json\/wp\/v2\/users\/14"}],"replies":[{"embeddable":true,"href":"https:\/\/www.slatinska-banka.hr\/en\/wp-json\/wp\/v2\/comments?post=2870"}],"version-history":[{"count":9,"href":"https:\/\/www.slatinska-banka.hr\/en\/wp-json\/wp\/v2\/pages\/2870\/revisions"}],"predecessor-version":[{"id":3859,"href":"https:\/\/www.slatinska-banka.hr\/en\/wp-json\/wp\/v2\/pages\/2870\/revisions\/3859"}],"up":[{"embeddable":true,"href":"https:\/\/www.slatinska-banka.hr\/en\/wp-json\/wp\/v2\/pages\/34"}],"wp:featuredmedia":[{"embeddable":true,"href":"https:\/\/www.slatinska-banka.hr\/en\/wp-json\/wp\/v2\/media\/2873"}],"wp:attachment":[{"href":"https:\/\/www.slatinska-banka.hr\/en\/wp-json\/wp\/v2\/media?parent=2870"}],"wp:term":[{"taxonomy":"category","embeddable":true,"href":"https:\/\/www.slatinska-banka.hr\/en\/wp-json\/wp\/v2\/categories?post=2870"},{"taxonomy":"post_tag","embeddable":true,"href":"https:\/\/www.slatinska-banka.hr\/en\/wp-json\/wp\/v2\/tags?post=2870"}],"curies":[{"name":"wp","href":"https:\/\/api.w.org\/{rel}","templated":true}]}}