{"id":28,"date":"2019-01-09T12:34:47","date_gmt":"2019-01-09T11:34:47","guid":{"rendered":"http:\/\/www.slatinska-banka.hr\/?page_id=28"},"modified":"2020-07-28T16:15:57","modified_gmt":"2020-07-28T14:15:57","slug":"online-bankarstvo","status":"publish","type":"page","link":"https:\/\/www.slatinska-banka.hr\/en\/gradani\/online-bankarstvo\/","title":{"rendered":"On-line banking"},"content":{"rendered":"<p class=\"big\">Treba\u0161 informaciju o stanju ra\u010duna 24 sata dnevno 7 dana u tjednu? Tu smo za tebe!<\/p>\r\n<p class=\"big\">\u017deli\u0161 pla\u0107ati ra\u010dune bez odlaska u banku? Ugovori neku od opcija on-line proizvoda i pla\u0107aj ra\u010dune uz povoljnije naknade.<\/p>\r\n<p>&nbsp;<\/p>\r\n<p style=\"text-align: center;\"><a class=\"button primary\" href=\"\/en\/gradani\/racuni-i-kartice\/tekuci-i-ziro-racuni\/tekuci-racuni\/dodatne-usluge\/internet-bankarstvo\/\">internet bankarstvo<\/a>\u00a0 \u00a0 \u00a0 \u00a0<a class=\"button primary\" href=\"\/en\/gradani\/racuni-i-kartice\/tekuci-i-ziro-racuni\/tekuci-racuni\/dodatne-usluge\/mobilno-bankarstvo\/\">Mobile banking<\/a><\/p>\r\n<p>&nbsp;<\/p>\r\n<p>&nbsp;<\/p>","protected":false},"excerpt":{"rendered":"<p>Treba\u0161 informaciju o stanju ra\u010duna 24 sata dnevno 7 dana u tjednu? Tu smo za tebe! \u017deli\u0161 pla\u0107ati ra\u010dune bez odlaska u banku? Ugovori neku od opcija on-line proizvoda i [&hellip;]<\/p>","protected":false},"author":14,"featured_media":1665,"parent":13,"menu_order":4,"comment_status":"closed","ping_status":"closed","template":"page-template-3.php","meta":{"_acf_changed":false,"footnotes":""},"categories":[],"tags":[],"class_list":["post-28","page","type-page","status-publish","has-post-thumbnail","hentry"],"acf":[],"yoast_head":"<!-- This site is optimized with the Yoast SEO plugin v25.4 - https:\/\/yoast.com\/wordpress\/plugins\/seo\/ -->\n<title>Online bankarstvo - Slatinska Banka<\/title>\n<meta name=\"robots\" content=\"index, follow, max-snippet:-1, max-image-preview:large, max-video-preview:-1\" \/>\n<link rel=\"canonical\" href=\"https:\/\/www.slatinska-banka.hr\/en\/gradani\/online-bankarstvo\/\" \/>\n<meta property=\"og:locale\" content=\"en_US\" \/>\n<meta property=\"og:type\" content=\"article\" \/>\n<meta property=\"og:title\" content=\"Online bankarstvo - Slatinska Banka\" \/>\n<meta property=\"og:description\" content=\"Treba\u0161 informaciju o stanju ra\u010duna 24 sata dnevno 7 dana u tjednu? Tu smo za tebe! \u017deli\u0161 pla\u0107ati ra\u010dune bez odlaska u banku? Ugovori neku od opcija on-line proizvoda i [&hellip;]\" \/>\n<meta property=\"og:url\" content=\"https:\/\/www.slatinska-banka.hr\/en\/gradani\/online-bankarstvo\/\" \/>\n<meta property=\"og:site_name\" content=\"Slatinska Banka\" \/>\n<meta property=\"article:publisher\" content=\"https:\/\/www.facebook.com\/slatinskabanka\/\" \/>\n<meta property=\"article:modified_time\" content=\"2020-07-28T14:15:57+00:00\" \/>\n<meta property=\"og:image\" content=\"https:\/\/www.slatinska-banka.hr\/wp-content\/uploads\/2019\/02\/IMG-50ee0aa6a773bf26d0547fc1e6b4e81f-V.jpg\" \/>\n\t<meta property=\"og:image:width\" content=\"1000\" \/>\n\t<meta property=\"og:image:height\" content=\"667\" \/>\n\t<meta property=\"og:image:type\" content=\"image\/jpeg\" \/>\n<meta name=\"twitter:card\" content=\"summary_large_image\" \/>\n<script type=\"application\/ld+json\" class=\"yoast-schema-graph\">{\"@context\":\"https:\/\/schema.org\",\"@graph\":[{\"@type\":\"WebPage\",\"@id\":\"https:\/\/www.slatinska-banka.hr\/gradani\/online-bankarstvo\/\",\"url\":\"https:\/\/www.slatinska-banka.hr\/gradani\/online-bankarstvo\/\",\"name\":\"Online bankarstvo - Slatinska Banka\",\"isPartOf\":{\"@id\":\"https:\/\/www.slatinska-banka.hr\/#website\"},\"primaryImageOfPage\":{\"@id\":\"https:\/\/www.slatinska-banka.hr\/gradani\/online-bankarstvo\/#primaryimage\"},\"image\":{\"@id\":\"https:\/\/www.slatinska-banka.hr\/gradani\/online-bankarstvo\/#primaryimage\"},\"thumbnailUrl\":\"https:\/\/www.slatinska-banka.hr\/wp-content\/uploads\/2019\/02\/IMG-50ee0aa6a773bf26d0547fc1e6b4e81f-V.jpg\",\"datePublished\":\"2019-01-09T11:34:47+00:00\",\"dateModified\":\"2020-07-28T14:15:57+00:00\",\"breadcrumb\":{\"@id\":\"https:\/\/www.slatinska-banka.hr\/gradani\/online-bankarstvo\/#breadcrumb\"},\"inLanguage\":\"en-US\",\"potentialAction\":[{\"@type\":\"ReadAction\",\"target\":[\"https:\/\/www.slatinska-banka.hr\/gradani\/online-bankarstvo\/\"]}]},{\"@type\":\"ImageObject\",\"inLanguage\":\"en-US\",\"@id\":\"https:\/\/www.slatinska-banka.hr\/gradani\/online-bankarstvo\/#primaryimage\",\"url\":\"https:\/\/www.slatinska-banka.hr\/wp-content\/uploads\/2019\/02\/IMG-50ee0aa6a773bf26d0547fc1e6b4e81f-V.jpg\",\"contentUrl\":\"https:\/\/www.slatinska-banka.hr\/wp-content\/uploads\/2019\/02\/IMG-50ee0aa6a773bf26d0547fc1e6b4e81f-V.jpg\",\"width\":1000,\"height\":667},{\"@type\":\"BreadcrumbList\",\"@id\":\"https:\/\/www.slatinska-banka.hr\/gradani\/online-bankarstvo\/#breadcrumb\",\"itemListElement\":[{\"@type\":\"ListItem\",\"position\":1,\"name\":\"Gra\u0111ani\",\"item\":\"https:\/\/www.slatinska-banka.hr\/gradani\/\"},{\"@type\":\"ListItem\",\"position\":2,\"name\":\"Online bankarstvo\"}]},{\"@type\":\"WebSite\",\"@id\":\"https:\/\/www.slatinska-banka.hr\/#website\",\"url\":\"https:\/\/www.slatinska-banka.hr\/\",\"name\":\"Slatinska Banka\",\"description\":\"Razlika je u pristupu\",\"publisher\":{\"@id\":\"https:\/\/www.slatinska-banka.hr\/#organization\"},\"potentialAction\":[{\"@type\":\"SearchAction\",\"target\":{\"@type\":\"EntryPoint\",\"urlTemplate\":\"https:\/\/www.slatinska-banka.hr\/?s={search_term_string}\"},\"query-input\":{\"@type\":\"PropertyValueSpecification\",\"valueRequired\":true,\"valueName\":\"search_term_string\"}}],\"inLanguage\":\"en-US\"},{\"@type\":\"Organization\",\"@id\":\"https:\/\/www.slatinska-banka.hr\/#organization\",\"name\":\"Slatinska banka d.d.\",\"url\":\"https:\/\/www.slatinska-banka.hr\/\",\"logo\":{\"@type\":\"ImageObject\",\"inLanguage\":\"en-US\",\"@id\":\"https:\/\/www.slatinska-banka.hr\/#\/schema\/logo\/image\/\",\"url\":\"https:\/\/www.slatinska-banka.hr\/wp-content\/uploads\/2019\/02\/logo_big.png\",\"contentUrl\":\"https:\/\/www.slatinska-banka.hr\/wp-content\/uploads\/2019\/02\/logo_big.png\",\"width\":302,\"height\":244,\"caption\":\"Slatinska banka d.d.\"},\"image\":{\"@id\":\"https:\/\/www.slatinska-banka.hr\/#\/schema\/logo\/image\/\"},\"sameAs\":[\"https:\/\/www.facebook.com\/slatinskabanka\/\",\"https:\/\/www.linkedin.com\/company\/slatinska-banka-dd\"]}]}<\/script>\n<!-- \/ Yoast SEO plugin. -->","yoast_head_json":{"title":"Online bankarstvo - Slatinska Banka","robots":{"index":"index","follow":"follow","max-snippet":"max-snippet:-1","max-image-preview":"max-image-preview:large","max-video-preview":"max-video-preview:-1"},"canonical":"https:\/\/www.slatinska-banka.hr\/en\/gradani\/online-bankarstvo\/","og_locale":"en_US","og_type":"article","og_title":"Online bankarstvo - Slatinska Banka","og_description":"Treba\u0161 informaciju o stanju ra\u010duna 24 sata dnevno 7 dana u tjednu? Tu smo za tebe! \u017deli\u0161 pla\u0107ati ra\u010dune bez odlaska u banku? Ugovori neku od opcija on-line proizvoda i [&hellip;]","og_url":"https:\/\/www.slatinska-banka.hr\/en\/gradani\/online-bankarstvo\/","og_site_name":"Slatinska Banka","article_publisher":"https:\/\/www.facebook.com\/slatinskabanka\/","article_modified_time":"2020-07-28T14:15:57+00:00","og_image":[{"width":1000,"height":667,"url":"https:\/\/www.slatinska-banka.hr\/wp-content\/uploads\/2019\/02\/IMG-50ee0aa6a773bf26d0547fc1e6b4e81f-V.jpg","type":"image\/jpeg"}],"twitter_card":"summary_large_image","schema":{"@context":"https:\/\/schema.org","@graph":[{"@type":"WebPage","@id":"https:\/\/www.slatinska-banka.hr\/gradani\/online-bankarstvo\/","url":"https:\/\/www.slatinska-banka.hr\/gradani\/online-bankarstvo\/","name":"Online bankarstvo - Slatinska Banka","isPartOf":{"@id":"https:\/\/www.slatinska-banka.hr\/#website"},"primaryImageOfPage":{"@id":"https:\/\/www.slatinska-banka.hr\/gradani\/online-bankarstvo\/#primaryimage"},"image":{"@id":"https:\/\/www.slatinska-banka.hr\/gradani\/online-bankarstvo\/#primaryimage"},"thumbnailUrl":"https:\/\/www.slatinska-banka.hr\/wp-content\/uploads\/2019\/02\/IMG-50ee0aa6a773bf26d0547fc1e6b4e81f-V.jpg","datePublished":"2019-01-09T11:34:47+00:00","dateModified":"2020-07-28T14:15:57+00:00","breadcrumb":{"@id":"https:\/\/www.slatinska-banka.hr\/gradani\/online-bankarstvo\/#breadcrumb"},"inLanguage":"en-US","potentialAction":[{"@type":"ReadAction","target":["https:\/\/www.slatinska-banka.hr\/gradani\/online-bankarstvo\/"]}]},{"@type":"ImageObject","inLanguage":"en-US","@id":"https:\/\/www.slatinska-banka.hr\/gradani\/online-bankarstvo\/#primaryimage","url":"https:\/\/www.slatinska-banka.hr\/wp-content\/uploads\/2019\/02\/IMG-50ee0aa6a773bf26d0547fc1e6b4e81f-V.jpg","contentUrl":"https:\/\/www.slatinska-banka.hr\/wp-content\/uploads\/2019\/02\/IMG-50ee0aa6a773bf26d0547fc1e6b4e81f-V.jpg","width":1000,"height":667},{"@type":"BreadcrumbList","@id":"https:\/\/www.slatinska-banka.hr\/gradani\/online-bankarstvo\/#breadcrumb","itemListElement":[{"@type":"ListItem","position":1,"name":"Gra\u0111ani","item":"https:\/\/www.slatinska-banka.hr\/gradani\/"},{"@type":"ListItem","position":2,"name":"Online bankarstvo"}]},{"@type":"WebSite","@id":"https:\/\/www.slatinska-banka.hr\/#website","url":"https:\/\/www.slatinska-banka.hr\/","name":"Slatinska Banka","description":"Razlika je u pristupu","publisher":{"@id":"https:\/\/www.slatinska-banka.hr\/#organization"},"potentialAction":[{"@type":"SearchAction","target":{"@type":"EntryPoint","urlTemplate":"https:\/\/www.slatinska-banka.hr\/?s={search_term_string}"},"query-input":{"@type":"PropertyValueSpecification","valueRequired":true,"valueName":"search_term_string"}}],"inLanguage":"en-US"},{"@type":"Organization","@id":"https:\/\/www.slatinska-banka.hr\/#organization","name":"Slatinska banka d.d.","url":"https:\/\/www.slatinska-banka.hr\/","logo":{"@type":"ImageObject","inLanguage":"en-US","@id":"https:\/\/www.slatinska-banka.hr\/#\/schema\/logo\/image\/","url":"https:\/\/www.slatinska-banka.hr\/wp-content\/uploads\/2019\/02\/logo_big.png","contentUrl":"https:\/\/www.slatinska-banka.hr\/wp-content\/uploads\/2019\/02\/logo_big.png","width":302,"height":244,"caption":"Slatinska banka d.d."},"image":{"@id":"https:\/\/www.slatinska-banka.hr\/#\/schema\/logo\/image\/"},"sameAs":["https:\/\/www.facebook.com\/slatinskabanka\/","https:\/\/www.linkedin.com\/company\/slatinska-banka-dd"]}]}},"_links":{"self":[{"href":"https:\/\/www.slatinska-banka.hr\/en\/wp-json\/wp\/v2\/pages\/28","targetHints":{"allow":["GET"]}}],"collection":[{"href":"https:\/\/www.slatinska-banka.hr\/en\/wp-json\/wp\/v2\/pages"}],"about":[{"href":"https:\/\/www.slatinska-banka.hr\/en\/wp-json\/wp\/v2\/types\/page"}],"author":[{"embeddable":true,"href":"https:\/\/www.slatinska-banka.hr\/en\/wp-json\/wp\/v2\/users\/14"}],"replies":[{"embeddable":true,"href":"https:\/\/www.slatinska-banka.hr\/en\/wp-json\/wp\/v2\/comments?post=28"}],"version-history":[{"count":13,"href":"https:\/\/www.slatinska-banka.hr\/en\/wp-json\/wp\/v2\/pages\/28\/revisions"}],"predecessor-version":[{"id":8295,"href":"https:\/\/www.slatinska-banka.hr\/en\/wp-json\/wp\/v2\/pages\/28\/revisions\/8295"}],"up":[{"embeddable":true,"href":"https:\/\/www.slatinska-banka.hr\/en\/wp-json\/wp\/v2\/pages\/13"}],"wp:featuredmedia":[{"embeddable":true,"href":"https:\/\/www.slatinska-banka.hr\/en\/wp-json\/wp\/v2\/media\/1665"}],"wp:attachment":[{"href":"https:\/\/www.slatinska-banka.hr\/en\/wp-json\/wp\/v2\/media?parent=28"}],"wp:term":[{"taxonomy":"category","embeddable":true,"href":"https:\/\/www.slatinska-banka.hr\/en\/wp-json\/wp\/v2\/categories?post=28"},{"taxonomy":"post_tag","embeddable":true,"href":"https:\/\/www.slatinska-banka.hr\/en\/wp-json\/wp\/v2\/tags?post=28"}],"curies":[{"name":"wp","href":"https:\/\/api.w.org\/{rel}","templated":true}]}}