{"id":2672,"date":"2019-03-29T12:19:39","date_gmt":"2019-03-29T11:19:39","guid":{"rendered":"http:\/\/www.slatinska-banka.hr\/?page_id=2672"},"modified":"2025-10-28T08:51:55","modified_gmt":"2025-10-28T07:51:55","slug":"kredit-za-refinanciranje-dopustenog-prekoracenja-po-tekucem-racunu-i-mbplus-usluzi","status":"publish","type":"page","link":"https:\/\/www.slatinska-banka.hr\/en\/gradani\/krediti-i-financiranja\/ostale-mogucnosti-financiranja\/kredit-za-refinanciranje-dopustenog-prekoracenja-po-tekucem-racunu-i-mbplus-usluzi\/","title":{"rendered":"Kredit za refinanciranje dopu\u0161tenog prekora\u010denja po teku\u0107em ra\u010dunu i MBPlus usluzi"},"content":{"rendered":"<p class=\"intro\">Kredit za refinanciranje duga s osnova:<\/p>\r\n\r\n<ul>\r\n \t<li>\r\n<h4>ugovorenog dopu\u0161tenog prekora\u010denja po teku\u0107em ra\u010dunu u Slatinskoj banci d.d. u slu\u010dajevima kada Banka ukida u cijelosti ili djelomi\u010dno dopu\u0161teno prekora\u010denje<\/h4>\r\n<\/li>\r\n \t<li>\r\n<h4>s osnova limita po MBPlus usluzi.<\/h4>\r\n<\/li>\r\n<\/ul>\r\n<table class=\"contentTable\">\r\n<tbody>\r\n<tr style=\"height: 96px;\">\r\n<td style=\"text-align: left; width: 222px; height: 96px;\">IZNOS KREDITA:<\/td>\r\n<td style=\"text-align: center; height: 96px;\" colspan=\"2\">&nbsp;\r\n\r\n130,00 EUR do 4.000,00 EUR<\/td>\r\n<\/tr>\r\n<tr style=\"height: 24px;\">\r\n<td style=\"text-align: left; width: 222px; height: 24px;\">KAMATA, fiksna:<\/td>\r\n<td style=\"text-align: center; height: 24px;\" colspan=\"2\">5,25%<\/td>\r\n<\/tr>\r\n<tr style=\"height: 24px;\">\r\n<td style=\"text-align: left; width: 222px; height: 24px;\">ROK OTPLATE:<\/td>\r\n<td style=\"text-align: center; width: 287px; height: 24px;\" colspan=\"2\">\u00a0do 12 mjeseci<\/td>\r\n<\/tr>\r\n<\/tbody>\r\n<\/table>\r\n<div class=\"accordeon\">\r\n\r\n<h2><span class=\"naslov\">Reprezentativni primjeri<\/span><\/h2><div><table class=\"contentTable\">\n<tbody>\n<tr>\n<td>Iznos kredita (dopu\u0161tenog prekora\u010denja)<\/td>\n<td>\u00a01.327,23 EUR<\/td>\n<\/tr>\n<tr>\n<td>Rok otplate<\/td>\n<td>12 mj<\/td>\n<\/tr>\n<tr>\n<td>Naknada za obradu kreditnog zahtjeva %<\/td>\n<td>bez naknade<\/td>\n<\/tr>\n<tr>\n<td>Naknada za vo\u0111enje ra\u010duna<\/td>\n<td>bez naknade<\/td>\n<\/tr>\n<tr>\n<td>Kamatna stopa fiksna<\/td>\n<td>5,25%<\/td>\n<\/tr>\n<tr>\n<td>EKS<\/td>\n<td>5,25%<\/td>\n<\/tr>\n<tr>\n<td>Intercalary interest rate<\/td>\n<td>5,59<\/td>\n<\/tr>\n<tr>\n<td>Iznos kamate za razdoblje otplate<\/td>\n<td>68,04<\/td>\n<\/tr>\n<tr>\n<td>Visina mjese\u010dnog anuiteta za razdoblje otplate<\/td>\n<td>110,60<\/td>\n<\/tr>\n<tr>\n<td>Ukupan iznos za otplatu*<\/td>\n<td>&nbsp;<\/p>\n<p><strong>1.395,27<\/strong> EUR<\/td>\n<\/tr>\n<\/tbody>\n<\/table>\n<p><b><\/b>*Ukupan iznos za otplatu uklju\u010duje iznos glavnice kredita, kamatu obra\u010dunatu do dospije\u0107a uz pretpostavku isplate kredita 01.01.<\/p>\n<\/div>\r\n\r\n<h2><span class=\"naslov\">Dokumenti<\/span><\/h2><div><ul>\n<li><a href=\"https:\/\/www.slatinska-banka.hr\/wp-content\/uploads\/INFORMATIVNI-OBRAZAC-nenamjenski_kredit_za_reprogramiranje-restrukturiranje_20250701.pdf\">Informativni obrazac &#8211; Kredit za refinanciranje<\/a><\/li>\n<li><a href=\"https:\/\/www.slatinska-banka.hr\/wp-content\/uploads\/POUP049-01-2023-Izjava_o_privatnosti_krediti_kreditne-kartice_MBPlus_listopad2025-1.pdf\">Izjava o privatnosti<\/a><\/li>\n<\/ul>\n<\/div>\r\n\r\n<\/div>","protected":false},"excerpt":{"rendered":"<p>Kredit za refinanciranje duga s osnova: ugovorenog dopu\u0161tenog prekora\u010denja po teku\u0107em ra\u010dunu u Slatinskoj banci d.d. u slu\u010dajevima kada Banka ukida u cijelosti ili djelomi\u010dno dopu\u0161teno prekora\u010denje s osnova limita [&hellip;]<\/p>","protected":false},"author":14,"featured_media":535700,"parent":878,"menu_order":4,"comment_status":"closed","ping_status":"closed","template":"page-template-4.php","meta":{"_acf_changed":false,"footnotes":""},"categories":[],"tags":[],"class_list":["post-2672","page","type-page","status-publish","has-post-thumbnail","hentry"],"acf":[],"yoast_head":"<!-- This site is optimized with the Yoast SEO plugin v25.4 - https:\/\/yoast.com\/wordpress\/plugins\/seo\/ -->\n<title>Kredit za refinanciranje dopu\u0161tenog prekora\u010denja po teku\u0107em ra\u010dunu i MBPlus usluzi - Slatinska Banka<\/title>\n<meta name=\"robots\" content=\"index, follow, max-snippet:-1, max-image-preview:large, max-video-preview:-1\" \/>\n<link rel=\"canonical\" href=\"https:\/\/www.slatinska-banka.hr\/en\/gradani\/krediti-i-financiranja\/ostale-mogucnosti-financiranja\/kredit-za-refinanciranje-dopustenog-prekoracenja-po-tekucem-racunu-i-mbplus-usluzi\/\" \/>\n<meta property=\"og:locale\" content=\"en_US\" \/>\n<meta property=\"og:type\" content=\"article\" \/>\n<meta property=\"og:title\" content=\"Kredit za refinanciranje dopu\u0161tenog prekora\u010denja po teku\u0107em ra\u010dunu i MBPlus usluzi - Slatinska Banka\" \/>\n<meta property=\"og:description\" content=\"Kredit za refinanciranje duga s osnova: ugovorenog dopu\u0161tenog prekora\u010denja po teku\u0107em ra\u010dunu u Slatinskoj banci d.d. u slu\u010dajevima kada Banka ukida u cijelosti ili djelomi\u010dno dopu\u0161teno prekora\u010denje s osnova limita [&hellip;]\" \/>\n<meta property=\"og:url\" content=\"https:\/\/www.slatinska-banka.hr\/en\/gradani\/krediti-i-financiranja\/ostale-mogucnosti-financiranja\/kredit-za-refinanciranje-dopustenog-prekoracenja-po-tekucem-racunu-i-mbplus-usluzi\/\" \/>\n<meta property=\"og:site_name\" content=\"Slatinska Banka\" \/>\n<meta property=\"article:publisher\" content=\"https:\/\/www.facebook.com\/slatinskabanka\/\" \/>\n<meta property=\"article:modified_time\" content=\"2025-10-28T07:51:55+00:00\" \/>\n<meta property=\"og:image\" content=\"https:\/\/www.slatinska-banka.hr\/wp-content\/uploads\/refinanciranje.png\" \/>\n\t<meta property=\"og:image:width\" content=\"376\" \/>\n\t<meta property=\"og:image:height\" content=\"372\" \/>\n\t<meta property=\"og:image:type\" content=\"image\/png\" \/>\n<meta name=\"twitter:card\" content=\"summary_large_image\" \/>\n<meta name=\"twitter:label1\" content=\"Est. reading time\" \/>\n\t<meta name=\"twitter:data1\" content=\"1 minute\" \/>\n<script type=\"application\/ld+json\" class=\"yoast-schema-graph\">{\"@context\":\"https:\/\/schema.org\",\"@graph\":[{\"@type\":\"WebPage\",\"@id\":\"https:\/\/www.slatinska-banka.hr\/gradani\/krediti-i-financiranja\/ostale-mogucnosti-financiranja\/kredit-za-refinanciranje-dopustenog-prekoracenja-po-tekucem-racunu-i-mbplus-usluzi\/\",\"url\":\"https:\/\/www.slatinska-banka.hr\/gradani\/krediti-i-financiranja\/ostale-mogucnosti-financiranja\/kredit-za-refinanciranje-dopustenog-prekoracenja-po-tekucem-racunu-i-mbplus-usluzi\/\",\"name\":\"Kredit za refinanciranje dopu\u0161tenog prekora\u010denja po teku\u0107em ra\u010dunu i MBPlus usluzi - Slatinska Banka\",\"isPartOf\":{\"@id\":\"https:\/\/www.slatinska-banka.hr\/#website\"},\"primaryImageOfPage\":{\"@id\":\"https:\/\/www.slatinska-banka.hr\/gradani\/krediti-i-financiranja\/ostale-mogucnosti-financiranja\/kredit-za-refinanciranje-dopustenog-prekoracenja-po-tekucem-racunu-i-mbplus-usluzi\/#primaryimage\"},\"image\":{\"@id\":\"https:\/\/www.slatinska-banka.hr\/gradani\/krediti-i-financiranja\/ostale-mogucnosti-financiranja\/kredit-za-refinanciranje-dopustenog-prekoracenja-po-tekucem-racunu-i-mbplus-usluzi\/#primaryimage\"},\"thumbnailUrl\":\"https:\/\/www.slatinska-banka.hr\/wp-content\/uploads\/refinanciranje.png\",\"datePublished\":\"2019-03-29T11:19:39+00:00\",\"dateModified\":\"2025-10-28T07:51:55+00:00\",\"breadcrumb\":{\"@id\":\"https:\/\/www.slatinska-banka.hr\/gradani\/krediti-i-financiranja\/ostale-mogucnosti-financiranja\/kredit-za-refinanciranje-dopustenog-prekoracenja-po-tekucem-racunu-i-mbplus-usluzi\/#breadcrumb\"},\"inLanguage\":\"en-US\",\"potentialAction\":[{\"@type\":\"ReadAction\",\"target\":[\"https:\/\/www.slatinska-banka.hr\/gradani\/krediti-i-financiranja\/ostale-mogucnosti-financiranja\/kredit-za-refinanciranje-dopustenog-prekoracenja-po-tekucem-racunu-i-mbplus-usluzi\/\"]}]},{\"@type\":\"ImageObject\",\"inLanguage\":\"en-US\",\"@id\":\"https:\/\/www.slatinska-banka.hr\/gradani\/krediti-i-financiranja\/ostale-mogucnosti-financiranja\/kredit-za-refinanciranje-dopustenog-prekoracenja-po-tekucem-racunu-i-mbplus-usluzi\/#primaryimage\",\"url\":\"https:\/\/www.slatinska-banka.hr\/wp-content\/uploads\/refinanciranje.png\",\"contentUrl\":\"https:\/\/www.slatinska-banka.hr\/wp-content\/uploads\/refinanciranje.png\",\"width\":376,\"height\":372},{\"@type\":\"BreadcrumbList\",\"@id\":\"https:\/\/www.slatinska-banka.hr\/gradani\/krediti-i-financiranja\/ostale-mogucnosti-financiranja\/kredit-za-refinanciranje-dopustenog-prekoracenja-po-tekucem-racunu-i-mbplus-usluzi\/#breadcrumb\",\"itemListElement\":[{\"@type\":\"ListItem\",\"position\":1,\"name\":\"Gra\u0111ani\",\"item\":\"https:\/\/www.slatinska-banka.hr\/gradani\/\"},{\"@type\":\"ListItem\",\"position\":2,\"name\":\"Krediti i financiranja\",\"item\":\"https:\/\/www.slatinska-banka.hr\/gradani\/krediti-i-financiranja\/\"},{\"@type\":\"ListItem\",\"position\":3,\"name\":\"Ostale mogu\u0107nosti financiranja\",\"item\":\"https:\/\/www.slatinska-banka.hr\/gradani\/krediti-i-financiranja\/ostale-mogucnosti-financiranja\/\"},{\"@type\":\"ListItem\",\"position\":4,\"name\":\"Kredit za refinanciranje dopu\u0161tenog prekora\u010denja po teku\u0107em ra\u010dunu i MBPlus usluzi\"}]},{\"@type\":\"WebSite\",\"@id\":\"https:\/\/www.slatinska-banka.hr\/#website\",\"url\":\"https:\/\/www.slatinska-banka.hr\/\",\"name\":\"Slatinska Banka\",\"description\":\"Razlika je u pristupu\",\"publisher\":{\"@id\":\"https:\/\/www.slatinska-banka.hr\/#organization\"},\"potentialAction\":[{\"@type\":\"SearchAction\",\"target\":{\"@type\":\"EntryPoint\",\"urlTemplate\":\"https:\/\/www.slatinska-banka.hr\/?s={search_term_string}\"},\"query-input\":{\"@type\":\"PropertyValueSpecification\",\"valueRequired\":true,\"valueName\":\"search_term_string\"}}],\"inLanguage\":\"en-US\"},{\"@type\":\"Organization\",\"@id\":\"https:\/\/www.slatinska-banka.hr\/#organization\",\"name\":\"Slatinska banka d.d.\",\"url\":\"https:\/\/www.slatinska-banka.hr\/\",\"logo\":{\"@type\":\"ImageObject\",\"inLanguage\":\"en-US\",\"@id\":\"https:\/\/www.slatinska-banka.hr\/#\/schema\/logo\/image\/\",\"url\":\"https:\/\/www.slatinska-banka.hr\/wp-content\/uploads\/2019\/02\/logo_big.png\",\"contentUrl\":\"https:\/\/www.slatinska-banka.hr\/wp-content\/uploads\/2019\/02\/logo_big.png\",\"width\":302,\"height\":244,\"caption\":\"Slatinska banka d.d.\"},\"image\":{\"@id\":\"https:\/\/www.slatinska-banka.hr\/#\/schema\/logo\/image\/\"},\"sameAs\":[\"https:\/\/www.facebook.com\/slatinskabanka\/\",\"https:\/\/www.linkedin.com\/company\/slatinska-banka-dd\"]}]}<\/script>\n<!-- \/ Yoast SEO plugin. -->","yoast_head_json":{"title":"Kredit za refinanciranje dopu\u0161tenog prekora\u010denja po teku\u0107em ra\u010dunu i MBPlus usluzi - Slatinska Banka","robots":{"index":"index","follow":"follow","max-snippet":"max-snippet:-1","max-image-preview":"max-image-preview:large","max-video-preview":"max-video-preview:-1"},"canonical":"https:\/\/www.slatinska-banka.hr\/en\/gradani\/krediti-i-financiranja\/ostale-mogucnosti-financiranja\/kredit-za-refinanciranje-dopustenog-prekoracenja-po-tekucem-racunu-i-mbplus-usluzi\/","og_locale":"en_US","og_type":"article","og_title":"Kredit za refinanciranje dopu\u0161tenog prekora\u010denja po teku\u0107em ra\u010dunu i MBPlus usluzi - Slatinska Banka","og_description":"Kredit za refinanciranje duga s osnova: ugovorenog dopu\u0161tenog prekora\u010denja po teku\u0107em ra\u010dunu u Slatinskoj banci d.d. u slu\u010dajevima kada Banka ukida u cijelosti ili djelomi\u010dno dopu\u0161teno prekora\u010denje s osnova limita [&hellip;]","og_url":"https:\/\/www.slatinska-banka.hr\/en\/gradani\/krediti-i-financiranja\/ostale-mogucnosti-financiranja\/kredit-za-refinanciranje-dopustenog-prekoracenja-po-tekucem-racunu-i-mbplus-usluzi\/","og_site_name":"Slatinska Banka","article_publisher":"https:\/\/www.facebook.com\/slatinskabanka\/","article_modified_time":"2025-10-28T07:51:55+00:00","og_image":[{"width":376,"height":372,"url":"https:\/\/www.slatinska-banka.hr\/wp-content\/uploads\/refinanciranje.png","type":"image\/png"}],"twitter_card":"summary_large_image","twitter_misc":{"Est. reading time":"1 minute"},"schema":{"@context":"https:\/\/schema.org","@graph":[{"@type":"WebPage","@id":"https:\/\/www.slatinska-banka.hr\/gradani\/krediti-i-financiranja\/ostale-mogucnosti-financiranja\/kredit-za-refinanciranje-dopustenog-prekoracenja-po-tekucem-racunu-i-mbplus-usluzi\/","url":"https:\/\/www.slatinska-banka.hr\/gradani\/krediti-i-financiranja\/ostale-mogucnosti-financiranja\/kredit-za-refinanciranje-dopustenog-prekoracenja-po-tekucem-racunu-i-mbplus-usluzi\/","name":"Kredit za refinanciranje dopu\u0161tenog prekora\u010denja po teku\u0107em ra\u010dunu i MBPlus usluzi - Slatinska Banka","isPartOf":{"@id":"https:\/\/www.slatinska-banka.hr\/#website"},"primaryImageOfPage":{"@id":"https:\/\/www.slatinska-banka.hr\/gradani\/krediti-i-financiranja\/ostale-mogucnosti-financiranja\/kredit-za-refinanciranje-dopustenog-prekoracenja-po-tekucem-racunu-i-mbplus-usluzi\/#primaryimage"},"image":{"@id":"https:\/\/www.slatinska-banka.hr\/gradani\/krediti-i-financiranja\/ostale-mogucnosti-financiranja\/kredit-za-refinanciranje-dopustenog-prekoracenja-po-tekucem-racunu-i-mbplus-usluzi\/#primaryimage"},"thumbnailUrl":"https:\/\/www.slatinska-banka.hr\/wp-content\/uploads\/refinanciranje.png","datePublished":"2019-03-29T11:19:39+00:00","dateModified":"2025-10-28T07:51:55+00:00","breadcrumb":{"@id":"https:\/\/www.slatinska-banka.hr\/gradani\/krediti-i-financiranja\/ostale-mogucnosti-financiranja\/kredit-za-refinanciranje-dopustenog-prekoracenja-po-tekucem-racunu-i-mbplus-usluzi\/#breadcrumb"},"inLanguage":"en-US","potentialAction":[{"@type":"ReadAction","target":["https:\/\/www.slatinska-banka.hr\/gradani\/krediti-i-financiranja\/ostale-mogucnosti-financiranja\/kredit-za-refinanciranje-dopustenog-prekoracenja-po-tekucem-racunu-i-mbplus-usluzi\/"]}]},{"@type":"ImageObject","inLanguage":"en-US","@id":"https:\/\/www.slatinska-banka.hr\/gradani\/krediti-i-financiranja\/ostale-mogucnosti-financiranja\/kredit-za-refinanciranje-dopustenog-prekoracenja-po-tekucem-racunu-i-mbplus-usluzi\/#primaryimage","url":"https:\/\/www.slatinska-banka.hr\/wp-content\/uploads\/refinanciranje.png","contentUrl":"https:\/\/www.slatinska-banka.hr\/wp-content\/uploads\/refinanciranje.png","width":376,"height":372},{"@type":"BreadcrumbList","@id":"https:\/\/www.slatinska-banka.hr\/gradani\/krediti-i-financiranja\/ostale-mogucnosti-financiranja\/kredit-za-refinanciranje-dopustenog-prekoracenja-po-tekucem-racunu-i-mbplus-usluzi\/#breadcrumb","itemListElement":[{"@type":"ListItem","position":1,"name":"Gra\u0111ani","item":"https:\/\/www.slatinska-banka.hr\/gradani\/"},{"@type":"ListItem","position":2,"name":"Krediti i financiranja","item":"https:\/\/www.slatinska-banka.hr\/gradani\/krediti-i-financiranja\/"},{"@type":"ListItem","position":3,"name":"Ostale mogu\u0107nosti financiranja","item":"https:\/\/www.slatinska-banka.hr\/gradani\/krediti-i-financiranja\/ostale-mogucnosti-financiranja\/"},{"@type":"ListItem","position":4,"name":"Kredit za refinanciranje dopu\u0161tenog prekora\u010denja po teku\u0107em ra\u010dunu i MBPlus usluzi"}]},{"@type":"WebSite","@id":"https:\/\/www.slatinska-banka.hr\/#website","url":"https:\/\/www.slatinska-banka.hr\/","name":"Slatinska Banka","description":"Razlika je u pristupu","publisher":{"@id":"https:\/\/www.slatinska-banka.hr\/#organization"},"potentialAction":[{"@type":"SearchAction","target":{"@type":"EntryPoint","urlTemplate":"https:\/\/www.slatinska-banka.hr\/?s={search_term_string}"},"query-input":{"@type":"PropertyValueSpecification","valueRequired":true,"valueName":"search_term_string"}}],"inLanguage":"en-US"},{"@type":"Organization","@id":"https:\/\/www.slatinska-banka.hr\/#organization","name":"Slatinska banka d.d.","url":"https:\/\/www.slatinska-banka.hr\/","logo":{"@type":"ImageObject","inLanguage":"en-US","@id":"https:\/\/www.slatinska-banka.hr\/#\/schema\/logo\/image\/","url":"https:\/\/www.slatinska-banka.hr\/wp-content\/uploads\/2019\/02\/logo_big.png","contentUrl":"https:\/\/www.slatinska-banka.hr\/wp-content\/uploads\/2019\/02\/logo_big.png","width":302,"height":244,"caption":"Slatinska banka d.d."},"image":{"@id":"https:\/\/www.slatinska-banka.hr\/#\/schema\/logo\/image\/"},"sameAs":["https:\/\/www.facebook.com\/slatinskabanka\/","https:\/\/www.linkedin.com\/company\/slatinska-banka-dd"]}]}},"_links":{"self":[{"href":"https:\/\/www.slatinska-banka.hr\/en\/wp-json\/wp\/v2\/pages\/2672","targetHints":{"allow":["GET"]}}],"collection":[{"href":"https:\/\/www.slatinska-banka.hr\/en\/wp-json\/wp\/v2\/pages"}],"about":[{"href":"https:\/\/www.slatinska-banka.hr\/en\/wp-json\/wp\/v2\/types\/page"}],"author":[{"embeddable":true,"href":"https:\/\/www.slatinska-banka.hr\/en\/wp-json\/wp\/v2\/users\/14"}],"replies":[{"embeddable":true,"href":"https:\/\/www.slatinska-banka.hr\/en\/wp-json\/wp\/v2\/comments?post=2672"}],"version-history":[{"count":52,"href":"https:\/\/www.slatinska-banka.hr\/en\/wp-json\/wp\/v2\/pages\/2672\/revisions"}],"predecessor-version":[{"id":4127028,"href":"https:\/\/www.slatinska-banka.hr\/en\/wp-json\/wp\/v2\/pages\/2672\/revisions\/4127028"}],"up":[{"embeddable":true,"href":"https:\/\/www.slatinska-banka.hr\/en\/wp-json\/wp\/v2\/pages\/878"}],"wp:featuredmedia":[{"embeddable":true,"href":"https:\/\/www.slatinska-banka.hr\/en\/wp-json\/wp\/v2\/media\/535700"}],"wp:attachment":[{"href":"https:\/\/www.slatinska-banka.hr\/en\/wp-json\/wp\/v2\/media?parent=2672"}],"wp:term":[{"taxonomy":"category","embeddable":true,"href":"https:\/\/www.slatinska-banka.hr\/en\/wp-json\/wp\/v2\/categories?post=2672"},{"taxonomy":"post_tag","embeddable":true,"href":"https:\/\/www.slatinska-banka.hr\/en\/wp-json\/wp\/v2\/tags?post=2672"}],"curies":[{"name":"wp","href":"https:\/\/api.w.org\/{rel}","templated":true}]}}