{"id":2558,"date":"2019-03-15T17:02:45","date_gmt":"2019-03-15T16:02:45","guid":{"rendered":"http:\/\/www.slatinska-banka.hr\/?page_id=2558"},"modified":"2020-01-17T09:05:05","modified_gmt":"2020-01-17T08:05:05","slug":"psd2","status":"publish","type":"page","link":"https:\/\/www.slatinska-banka.hr\/en\/psd2\/","title":{"rendered":"PSD2 &#8211; Open banking"},"content":{"rendered":"<p><b>Directive (EU) 2015\/2366 on payment services in the internal market<\/b><\/p>\r\n<p>The main objectives of the PSD2:<\/p>\r\n<ul class=\"list-sqorange\">\r\n\t<li>Contribute to a more integrated and efficient European payments market;<\/li>\r\n\t<li>Further level the playing field for payment service providers by including new players;<\/li>\r\n\t<li>Make payments safer and more secure;<\/li>\r\n\t<li>Enhance protection for consumers and businesses;<\/li>\r\n\t<li>Encourage lower prices for payments.<\/li>\r\n<\/ul>\r\n<p>The PSD2 supports innovation and competition in retail payments and enhances the security of payment transactions and the protection of consumer data.<\/p>\r\n<p><a href=\"http:\/\/www.slatinska-banka.hr\/wp-content\/uploads\/Bro\u0161uraopravimapotro\u0161a\u010daizpodru\u010djaplatnogprometa-2.pdf\">Bro\u0161ura o pravima potro\u0161a\u010da<\/a><\/p>\r\n<p>Third Party Providers (TPP) can access the Documentation and test API interface on:\u00a0<a href=\"https:\/\/www.finapay.hr\/psd2\/portal\/\">https:\/\/www.finapay.hr\/psd2\/portal\/<\/a><\/p>\r\n<p><img loading=\"lazy\" decoding=\"async\" class=\"aligncenter wp-image-2559 size-full\" src=\"http:\/\/www.slatinska-banka.hr\/wp-content\/uploads\/2019\/03\/PSD2.png\" alt=\"\" width=\"602\" height=\"208\" srcset=\"https:\/\/www.slatinska-banka.hr\/wp-content\/uploads\/2019\/03\/PSD2.png 602w, https:\/\/www.slatinska-banka.hr\/wp-content\/uploads\/2019\/03\/PSD2-300x104.png 300w\" sizes=\"auto, (max-width: 602px) 100vw, 602px\" \/><\/p>\r\n<p>&nbsp;<\/p>\r\n<p>You can now use our production APIs, based on the Berlin Group guidelines, for the delivery of your services to customers with online accounts.<\/p>\r\n<p>Production API available on: <a href=\"https:\/\/psd2-api.slatinska-banka.hr\/\">https:\/\/psd2-api.slatinska-banka.hr<\/a><\/p>\r\n<p>API statistics available on: <a href=\"https:\/\/finapay.hr\/psd2\/portal\/statistics?bank=SLB\">https:\/\/finapay.hr\/psd2\/portal\/statistics<\/a><\/p>\r\n<p>For further informationa about PSD2 or reclamation related to operation of API, please send an e-mail to: <a href=\"mailto:psd2-api@slatinska-banka.hr\">psd2-api@slatinska-banka.hr<\/a> \u00a0<\/p>\r\n<p>For reporting problems with API, please fill the form and send it to us:<\/p>\r\n<p style=\"text-align: center;\"><a class=\"button primary\" href=\"\/en\/psd2-api\/\">Contact form<\/a><\/p>","protected":false},"excerpt":{"rendered":"<p>Directive (EU) 2015\/2366 on payment services in the internal market The main objectives of the PSD2: Contribute to a more integrated and efficient European payments market; Further level the playing [&hellip;]<\/p>","protected":false},"author":14,"featured_media":0,"parent":0,"menu_order":0,"comment_status":"closed","ping_status":"closed","template":"","meta":{"_acf_changed":false,"footnotes":""},"categories":[],"tags":[],"class_list":["post-2558","page","type-page","status-publish","hentry"],"acf":[],"yoast_head":"<!-- This site is optimized with the Yoast SEO plugin v25.4 - https:\/\/yoast.com\/wordpress\/plugins\/seo\/ -->\n<title>PSD2 - Open banking - Slatinska Banka<\/title>\n<meta name=\"robots\" content=\"index, follow, max-snippet:-1, max-image-preview:large, max-video-preview:-1\" \/>\n<link rel=\"canonical\" href=\"https:\/\/www.slatinska-banka.hr\/en\/psd2\/\" \/>\n<meta property=\"og:locale\" content=\"en_US\" \/>\n<meta property=\"og:type\" content=\"article\" \/>\n<meta property=\"og:title\" content=\"PSD2 - Open banking - Slatinska Banka\" \/>\n<meta property=\"og:description\" content=\"Directive (EU) 2015\/2366 on payment services in the internal market The main objectives of the PSD2: Contribute to a more integrated and efficient European payments market; Further level the playing [&hellip;]\" \/>\n<meta property=\"og:url\" content=\"https:\/\/www.slatinska-banka.hr\/en\/psd2\/\" \/>\n<meta property=\"og:site_name\" content=\"Slatinska Banka\" \/>\n<meta property=\"article:publisher\" content=\"https:\/\/www.facebook.com\/slatinskabanka\/\" \/>\n<meta property=\"article:modified_time\" content=\"2020-01-17T08:05:05+00:00\" \/>\n<meta property=\"og:image\" content=\"http:\/\/www.slatinska-banka.hr\/wp-content\/uploads\/2019\/03\/PSD2.png\" \/>\n<meta name=\"twitter:card\" content=\"summary_large_image\" \/>\n<meta name=\"twitter:label1\" content=\"Est. reading time\" \/>\n\t<meta name=\"twitter:data1\" content=\"1 minute\" \/>\n<script type=\"application\/ld+json\" class=\"yoast-schema-graph\">{\"@context\":\"https:\/\/schema.org\",\"@graph\":[{\"@type\":\"WebPage\",\"@id\":\"https:\/\/www.slatinska-banka.hr\/psd2\/\",\"url\":\"https:\/\/www.slatinska-banka.hr\/psd2\/\",\"name\":\"PSD2 - Open banking - Slatinska Banka\",\"isPartOf\":{\"@id\":\"https:\/\/www.slatinska-banka.hr\/#website\"},\"primaryImageOfPage\":{\"@id\":\"https:\/\/www.slatinska-banka.hr\/psd2\/#primaryimage\"},\"image\":{\"@id\":\"https:\/\/www.slatinska-banka.hr\/psd2\/#primaryimage\"},\"thumbnailUrl\":\"http:\/\/www.slatinska-banka.hr\/wp-content\/uploads\/2019\/03\/PSD2.png\",\"datePublished\":\"2019-03-15T16:02:45+00:00\",\"dateModified\":\"2020-01-17T08:05:05+00:00\",\"inLanguage\":\"en-US\",\"potentialAction\":[{\"@type\":\"ReadAction\",\"target\":[\"https:\/\/www.slatinska-banka.hr\/psd2\/\"]}]},{\"@type\":\"ImageObject\",\"inLanguage\":\"en-US\",\"@id\":\"https:\/\/www.slatinska-banka.hr\/psd2\/#primaryimage\",\"url\":\"http:\/\/www.slatinska-banka.hr\/wp-content\/uploads\/2019\/03\/PSD2.png\",\"contentUrl\":\"http:\/\/www.slatinska-banka.hr\/wp-content\/uploads\/2019\/03\/PSD2.png\"},{\"@type\":\"WebSite\",\"@id\":\"https:\/\/www.slatinska-banka.hr\/#website\",\"url\":\"https:\/\/www.slatinska-banka.hr\/\",\"name\":\"Slatinska Banka\",\"description\":\"Razlika je u pristupu\",\"publisher\":{\"@id\":\"https:\/\/www.slatinska-banka.hr\/#organization\"},\"potentialAction\":[{\"@type\":\"SearchAction\",\"target\":{\"@type\":\"EntryPoint\",\"urlTemplate\":\"https:\/\/www.slatinska-banka.hr\/?s={search_term_string}\"},\"query-input\":{\"@type\":\"PropertyValueSpecification\",\"valueRequired\":true,\"valueName\":\"search_term_string\"}}],\"inLanguage\":\"en-US\"},{\"@type\":\"Organization\",\"@id\":\"https:\/\/www.slatinska-banka.hr\/#organization\",\"name\":\"Slatinska banka d.d.\",\"url\":\"https:\/\/www.slatinska-banka.hr\/\",\"logo\":{\"@type\":\"ImageObject\",\"inLanguage\":\"en-US\",\"@id\":\"https:\/\/www.slatinska-banka.hr\/#\/schema\/logo\/image\/\",\"url\":\"https:\/\/www.slatinska-banka.hr\/wp-content\/uploads\/2019\/02\/logo_big.png\",\"contentUrl\":\"https:\/\/www.slatinska-banka.hr\/wp-content\/uploads\/2019\/02\/logo_big.png\",\"width\":302,\"height\":244,\"caption\":\"Slatinska banka d.d.\"},\"image\":{\"@id\":\"https:\/\/www.slatinska-banka.hr\/#\/schema\/logo\/image\/\"},\"sameAs\":[\"https:\/\/www.facebook.com\/slatinskabanka\/\",\"https:\/\/www.linkedin.com\/company\/slatinska-banka-dd\"]}]}<\/script>\n<!-- \/ Yoast SEO plugin. -->","yoast_head_json":{"title":"PSD2 - Open banking - Slatinska Banka","robots":{"index":"index","follow":"follow","max-snippet":"max-snippet:-1","max-image-preview":"max-image-preview:large","max-video-preview":"max-video-preview:-1"},"canonical":"https:\/\/www.slatinska-banka.hr\/en\/psd2\/","og_locale":"en_US","og_type":"article","og_title":"PSD2 - Open banking - Slatinska Banka","og_description":"Directive (EU) 2015\/2366 on payment services in the internal market The main objectives of the PSD2: Contribute to a more integrated and efficient European payments market; Further level the playing [&hellip;]","og_url":"https:\/\/www.slatinska-banka.hr\/en\/psd2\/","og_site_name":"Slatinska Banka","article_publisher":"https:\/\/www.facebook.com\/slatinskabanka\/","article_modified_time":"2020-01-17T08:05:05+00:00","og_image":[{"url":"http:\/\/www.slatinska-banka.hr\/wp-content\/uploads\/2019\/03\/PSD2.png","type":"","width":"","height":""}],"twitter_card":"summary_large_image","twitter_misc":{"Est. reading time":"1 minute"},"schema":{"@context":"https:\/\/schema.org","@graph":[{"@type":"WebPage","@id":"https:\/\/www.slatinska-banka.hr\/psd2\/","url":"https:\/\/www.slatinska-banka.hr\/psd2\/","name":"PSD2 - Open banking - Slatinska Banka","isPartOf":{"@id":"https:\/\/www.slatinska-banka.hr\/#website"},"primaryImageOfPage":{"@id":"https:\/\/www.slatinska-banka.hr\/psd2\/#primaryimage"},"image":{"@id":"https:\/\/www.slatinska-banka.hr\/psd2\/#primaryimage"},"thumbnailUrl":"http:\/\/www.slatinska-banka.hr\/wp-content\/uploads\/2019\/03\/PSD2.png","datePublished":"2019-03-15T16:02:45+00:00","dateModified":"2020-01-17T08:05:05+00:00","inLanguage":"en-US","potentialAction":[{"@type":"ReadAction","target":["https:\/\/www.slatinska-banka.hr\/psd2\/"]}]},{"@type":"ImageObject","inLanguage":"en-US","@id":"https:\/\/www.slatinska-banka.hr\/psd2\/#primaryimage","url":"http:\/\/www.slatinska-banka.hr\/wp-content\/uploads\/2019\/03\/PSD2.png","contentUrl":"http:\/\/www.slatinska-banka.hr\/wp-content\/uploads\/2019\/03\/PSD2.png"},{"@type":"WebSite","@id":"https:\/\/www.slatinska-banka.hr\/#website","url":"https:\/\/www.slatinska-banka.hr\/","name":"Slatinska Banka","description":"Razlika je u pristupu","publisher":{"@id":"https:\/\/www.slatinska-banka.hr\/#organization"},"potentialAction":[{"@type":"SearchAction","target":{"@type":"EntryPoint","urlTemplate":"https:\/\/www.slatinska-banka.hr\/?s={search_term_string}"},"query-input":{"@type":"PropertyValueSpecification","valueRequired":true,"valueName":"search_term_string"}}],"inLanguage":"en-US"},{"@type":"Organization","@id":"https:\/\/www.slatinska-banka.hr\/#organization","name":"Slatinska banka d.d.","url":"https:\/\/www.slatinska-banka.hr\/","logo":{"@type":"ImageObject","inLanguage":"en-US","@id":"https:\/\/www.slatinska-banka.hr\/#\/schema\/logo\/image\/","url":"https:\/\/www.slatinska-banka.hr\/wp-content\/uploads\/2019\/02\/logo_big.png","contentUrl":"https:\/\/www.slatinska-banka.hr\/wp-content\/uploads\/2019\/02\/logo_big.png","width":302,"height":244,"caption":"Slatinska banka d.d."},"image":{"@id":"https:\/\/www.slatinska-banka.hr\/#\/schema\/logo\/image\/"},"sameAs":["https:\/\/www.facebook.com\/slatinskabanka\/","https:\/\/www.linkedin.com\/company\/slatinska-banka-dd"]}]}},"_links":{"self":[{"href":"https:\/\/www.slatinska-banka.hr\/en\/wp-json\/wp\/v2\/pages\/2558","targetHints":{"allow":["GET"]}}],"collection":[{"href":"https:\/\/www.slatinska-banka.hr\/en\/wp-json\/wp\/v2\/pages"}],"about":[{"href":"https:\/\/www.slatinska-banka.hr\/en\/wp-json\/wp\/v2\/types\/page"}],"author":[{"embeddable":true,"href":"https:\/\/www.slatinska-banka.hr\/en\/wp-json\/wp\/v2\/users\/14"}],"replies":[{"embeddable":true,"href":"https:\/\/www.slatinska-banka.hr\/en\/wp-json\/wp\/v2\/comments?post=2558"}],"version-history":[{"count":12,"href":"https:\/\/www.slatinska-banka.hr\/en\/wp-json\/wp\/v2\/pages\/2558\/revisions"}],"predecessor-version":[{"id":5184,"href":"https:\/\/www.slatinska-banka.hr\/en\/wp-json\/wp\/v2\/pages\/2558\/revisions\/5184"}],"wp:attachment":[{"href":"https:\/\/www.slatinska-banka.hr\/en\/wp-json\/wp\/v2\/media?parent=2558"}],"wp:term":[{"taxonomy":"category","embeddable":true,"href":"https:\/\/www.slatinska-banka.hr\/en\/wp-json\/wp\/v2\/categories?post=2558"},{"taxonomy":"post_tag","embeddable":true,"href":"https:\/\/www.slatinska-banka.hr\/en\/wp-json\/wp\/v2\/tags?post=2558"}],"curies":[{"name":"wp","href":"https:\/\/api.w.org\/{rel}","templated":true}]}}