{"id":2530,"date":"2019-03-13T15:42:37","date_gmt":"2019-03-13T14:42:37","guid":{"rendered":"http:\/\/www.slatinska-banka.hr\/?page_id=2530"},"modified":"2025-03-31T13:40:28","modified_gmt":"2025-03-31T11:40:28","slug":"sms-usluga","status":"publish","type":"page","link":"https:\/\/www.slatinska-banka.hr\/en\/gradani\/racuni-i-kartice\/tekuci-i-ziro-racuni\/tekuci-racuni\/dodatne-usluge\/sms-usluga\/","title":{"rendered":"SMS service"},"content":{"rendered":"<p class=\"big\">Ne koristi\u0161 nove tehnologije, a \u017eeli\u0161 primati obavijesti o promjenama po ra\u010dunu?<\/p>\r\nSMS usluga je pravo rije\u0161enje za tebe: omogu\u0107uje ti da na tvoj mobilni telefon dobije\u0161 sms obavijest:\r\n<ul>\r\n \t<li>o stanju ra\u010duna,<\/li>\r\n \t<li>o priljevu na ra\u010dun,<\/li>\r\n \t<li>o stanju na zahtjev,<\/li>\r\n \t<li>o novostima u poslovanju prije svih<\/li>\r\n<\/ul>\r\n<div class=\"accordeon\">\r\n\r\n<h2><span class=\"naslov\">Dokumenti<\/span><\/h2><div><p><a href=\"http:\/\/www.slatinska-banka.hr\/wp-content\/uploads\/Zahtjev_za_koristenje_SMS_usluge_gradjani.pdf\">Zahtjev za kori\u0161tenje SMS usluge<\/a><\/p>\n<p><a href=\"https:\/\/www.slatinska-banka.hr\/wp-content\/uploads\/INFORMATIVNI-OBRAZAC-SMS_usluga_20250401.pdf\">Informativni obrazac<\/a><\/p>\n<\/div>\r\n\r\n<\/div>","protected":false},"excerpt":{"rendered":"<p>Ne koristi\u0161 nove tehnologije, a \u017eeli\u0161 primati obavijesti o promjenama po ra\u010dunu? SMS usluga je pravo rije\u0161enje za tebe: omogu\u0107uje ti da na tvoj mobilni telefon dobije\u0161 sms obavijest: o [&hellip;]<\/p>","protected":false},"author":14,"featured_media":1671,"parent":2524,"menu_order":2,"comment_status":"closed","ping_status":"closed","template":"page-template-4.php","meta":{"_acf_changed":false,"footnotes":""},"categories":[],"tags":[],"class_list":["post-2530","page","type-page","status-publish","has-post-thumbnail","hentry"],"acf":[],"yoast_head":"<!-- This site is optimized with the Yoast SEO plugin v25.4 - https:\/\/yoast.com\/wordpress\/plugins\/seo\/ -->\n<title>SMS usluga - Slatinska Banka<\/title>\n<meta name=\"robots\" content=\"index, follow, max-snippet:-1, max-image-preview:large, max-video-preview:-1\" \/>\n<link rel=\"canonical\" href=\"https:\/\/www.slatinska-banka.hr\/en\/gradani\/racuni-i-kartice\/tekuci-i-ziro-racuni\/tekuci-racuni\/dodatne-usluge\/sms-usluga\/\" \/>\n<meta property=\"og:locale\" content=\"en_US\" \/>\n<meta property=\"og:type\" content=\"article\" \/>\n<meta property=\"og:title\" content=\"SMS usluga - Slatinska Banka\" \/>\n<meta property=\"og:description\" content=\"Ne koristi\u0161 nove tehnologije, a \u017eeli\u0161 primati obavijesti o promjenama po ra\u010dunu? SMS usluga je pravo rije\u0161enje za tebe: omogu\u0107uje ti da na tvoj mobilni telefon dobije\u0161 sms obavijest: o [&hellip;]\" \/>\n<meta property=\"og:url\" content=\"https:\/\/www.slatinska-banka.hr\/en\/gradani\/racuni-i-kartice\/tekuci-i-ziro-racuni\/tekuci-racuni\/dodatne-usluge\/sms-usluga\/\" \/>\n<meta property=\"og:site_name\" content=\"Slatinska Banka\" \/>\n<meta property=\"article:publisher\" content=\"https:\/\/www.facebook.com\/slatinskabanka\/\" \/>\n<meta property=\"article:modified_time\" content=\"2025-03-31T11:40:28+00:00\" \/>\n<meta property=\"og:image\" content=\"https:\/\/www.slatinska-banka.hr\/wp-content\/uploads\/2019\/02\/IMG-93e18762bbf6280977067246239621b7-V.jpg\" \/>\n\t<meta property=\"og:image:width\" content=\"1000\" \/>\n\t<meta property=\"og:image:height\" content=\"667\" \/>\n\t<meta property=\"og:image:type\" content=\"image\/jpeg\" \/>\n<meta name=\"twitter:card\" content=\"summary_large_image\" \/>\n<meta name=\"twitter:label1\" content=\"Est. reading time\" \/>\n\t<meta name=\"twitter:data1\" content=\"1 minute\" \/>\n<script type=\"application\/ld+json\" class=\"yoast-schema-graph\">{\"@context\":\"https:\/\/schema.org\",\"@graph\":[{\"@type\":\"WebPage\",\"@id\":\"https:\/\/www.slatinska-banka.hr\/gradani\/racuni-i-kartice\/tekuci-i-ziro-racuni\/tekuci-racuni\/dodatne-usluge\/sms-usluga\/\",\"url\":\"https:\/\/www.slatinska-banka.hr\/gradani\/racuni-i-kartice\/tekuci-i-ziro-racuni\/tekuci-racuni\/dodatne-usluge\/sms-usluga\/\",\"name\":\"SMS usluga - Slatinska Banka\",\"isPartOf\":{\"@id\":\"https:\/\/www.slatinska-banka.hr\/#website\"},\"primaryImageOfPage\":{\"@id\":\"https:\/\/www.slatinska-banka.hr\/gradani\/racuni-i-kartice\/tekuci-i-ziro-racuni\/tekuci-racuni\/dodatne-usluge\/sms-usluga\/#primaryimage\"},\"image\":{\"@id\":\"https:\/\/www.slatinska-banka.hr\/gradani\/racuni-i-kartice\/tekuci-i-ziro-racuni\/tekuci-racuni\/dodatne-usluge\/sms-usluga\/#primaryimage\"},\"thumbnailUrl\":\"https:\/\/www.slatinska-banka.hr\/wp-content\/uploads\/2019\/02\/IMG-93e18762bbf6280977067246239621b7-V.jpg\",\"datePublished\":\"2019-03-13T14:42:37+00:00\",\"dateModified\":\"2025-03-31T11:40:28+00:00\",\"breadcrumb\":{\"@id\":\"https:\/\/www.slatinska-banka.hr\/gradani\/racuni-i-kartice\/tekuci-i-ziro-racuni\/tekuci-racuni\/dodatne-usluge\/sms-usluga\/#breadcrumb\"},\"inLanguage\":\"en-US\",\"potentialAction\":[{\"@type\":\"ReadAction\",\"target\":[\"https:\/\/www.slatinska-banka.hr\/gradani\/racuni-i-kartice\/tekuci-i-ziro-racuni\/tekuci-racuni\/dodatne-usluge\/sms-usluga\/\"]}]},{\"@type\":\"ImageObject\",\"inLanguage\":\"en-US\",\"@id\":\"https:\/\/www.slatinska-banka.hr\/gradani\/racuni-i-kartice\/tekuci-i-ziro-racuni\/tekuci-racuni\/dodatne-usluge\/sms-usluga\/#primaryimage\",\"url\":\"https:\/\/www.slatinska-banka.hr\/wp-content\/uploads\/2019\/02\/IMG-93e18762bbf6280977067246239621b7-V.jpg\",\"contentUrl\":\"https:\/\/www.slatinska-banka.hr\/wp-content\/uploads\/2019\/02\/IMG-93e18762bbf6280977067246239621b7-V.jpg\",\"width\":1000,\"height\":667},{\"@type\":\"BreadcrumbList\",\"@id\":\"https:\/\/www.slatinska-banka.hr\/gradani\/racuni-i-kartice\/tekuci-i-ziro-racuni\/tekuci-racuni\/dodatne-usluge\/sms-usluga\/#breadcrumb\",\"itemListElement\":[{\"@type\":\"ListItem\",\"position\":1,\"name\":\"Gra\u0111ani\",\"item\":\"https:\/\/www.slatinska-banka.hr\/gradani\/\"},{\"@type\":\"ListItem\",\"position\":2,\"name\":\"Ra\u010duni i kartice\",\"item\":\"https:\/\/www.slatinska-banka.hr\/gradani\/racuni-i-kartice\/\"},{\"@type\":\"ListItem\",\"position\":3,\"name\":\"Teku\u0107i i \u017eiro ra\u010duni\",\"item\":\"https:\/\/www.slatinska-banka.hr\/gradani\/racuni-i-kartice\/tekuci-i-ziro-racuni\/\"},{\"@type\":\"ListItem\",\"position\":4,\"name\":\"Teku\u0107i ra\u010duni\",\"item\":\"https:\/\/www.slatinska-banka.hr\/gradani\/racuni-i-kartice\/tekuci-i-ziro-racuni\/tekuci-racuni\/\"},{\"@type\":\"ListItem\",\"position\":5,\"name\":\"Dodatne usluge\",\"item\":\"https:\/\/www.slatinska-banka.hr\/gradani\/racuni-i-kartice\/tekuci-i-ziro-racuni\/tekuci-racuni\/dodatne-usluge\/\"},{\"@type\":\"ListItem\",\"position\":6,\"name\":\"SMS usluga\"}]},{\"@type\":\"WebSite\",\"@id\":\"https:\/\/www.slatinska-banka.hr\/#website\",\"url\":\"https:\/\/www.slatinska-banka.hr\/\",\"name\":\"Slatinska Banka\",\"description\":\"Razlika je u pristupu\",\"publisher\":{\"@id\":\"https:\/\/www.slatinska-banka.hr\/#organization\"},\"potentialAction\":[{\"@type\":\"SearchAction\",\"target\":{\"@type\":\"EntryPoint\",\"urlTemplate\":\"https:\/\/www.slatinska-banka.hr\/?s={search_term_string}\"},\"query-input\":{\"@type\":\"PropertyValueSpecification\",\"valueRequired\":true,\"valueName\":\"search_term_string\"}}],\"inLanguage\":\"en-US\"},{\"@type\":\"Organization\",\"@id\":\"https:\/\/www.slatinska-banka.hr\/#organization\",\"name\":\"Slatinska banka d.d.\",\"url\":\"https:\/\/www.slatinska-banka.hr\/\",\"logo\":{\"@type\":\"ImageObject\",\"inLanguage\":\"en-US\",\"@id\":\"https:\/\/www.slatinska-banka.hr\/#\/schema\/logo\/image\/\",\"url\":\"https:\/\/www.slatinska-banka.hr\/wp-content\/uploads\/2019\/02\/logo_big.png\",\"contentUrl\":\"https:\/\/www.slatinska-banka.hr\/wp-content\/uploads\/2019\/02\/logo_big.png\",\"width\":302,\"height\":244,\"caption\":\"Slatinska banka d.d.\"},\"image\":{\"@id\":\"https:\/\/www.slatinska-banka.hr\/#\/schema\/logo\/image\/\"},\"sameAs\":[\"https:\/\/www.facebook.com\/slatinskabanka\/\",\"https:\/\/www.linkedin.com\/company\/slatinska-banka-dd\"]}]}<\/script>\n<!-- \/ Yoast SEO plugin. -->","yoast_head_json":{"title":"SMS usluga - Slatinska Banka","robots":{"index":"index","follow":"follow","max-snippet":"max-snippet:-1","max-image-preview":"max-image-preview:large","max-video-preview":"max-video-preview:-1"},"canonical":"https:\/\/www.slatinska-banka.hr\/en\/gradani\/racuni-i-kartice\/tekuci-i-ziro-racuni\/tekuci-racuni\/dodatne-usluge\/sms-usluga\/","og_locale":"en_US","og_type":"article","og_title":"SMS usluga - Slatinska Banka","og_description":"Ne koristi\u0161 nove tehnologije, a \u017eeli\u0161 primati obavijesti o promjenama po ra\u010dunu? SMS usluga je pravo rije\u0161enje za tebe: omogu\u0107uje ti da na tvoj mobilni telefon dobije\u0161 sms obavijest: o [&hellip;]","og_url":"https:\/\/www.slatinska-banka.hr\/en\/gradani\/racuni-i-kartice\/tekuci-i-ziro-racuni\/tekuci-racuni\/dodatne-usluge\/sms-usluga\/","og_site_name":"Slatinska Banka","article_publisher":"https:\/\/www.facebook.com\/slatinskabanka\/","article_modified_time":"2025-03-31T11:40:28+00:00","og_image":[{"width":1000,"height":667,"url":"https:\/\/www.slatinska-banka.hr\/wp-content\/uploads\/2019\/02\/IMG-93e18762bbf6280977067246239621b7-V.jpg","type":"image\/jpeg"}],"twitter_card":"summary_large_image","twitter_misc":{"Est. reading time":"1 minute"},"schema":{"@context":"https:\/\/schema.org","@graph":[{"@type":"WebPage","@id":"https:\/\/www.slatinska-banka.hr\/gradani\/racuni-i-kartice\/tekuci-i-ziro-racuni\/tekuci-racuni\/dodatne-usluge\/sms-usluga\/","url":"https:\/\/www.slatinska-banka.hr\/gradani\/racuni-i-kartice\/tekuci-i-ziro-racuni\/tekuci-racuni\/dodatne-usluge\/sms-usluga\/","name":"SMS usluga - Slatinska Banka","isPartOf":{"@id":"https:\/\/www.slatinska-banka.hr\/#website"},"primaryImageOfPage":{"@id":"https:\/\/www.slatinska-banka.hr\/gradani\/racuni-i-kartice\/tekuci-i-ziro-racuni\/tekuci-racuni\/dodatne-usluge\/sms-usluga\/#primaryimage"},"image":{"@id":"https:\/\/www.slatinska-banka.hr\/gradani\/racuni-i-kartice\/tekuci-i-ziro-racuni\/tekuci-racuni\/dodatne-usluge\/sms-usluga\/#primaryimage"},"thumbnailUrl":"https:\/\/www.slatinska-banka.hr\/wp-content\/uploads\/2019\/02\/IMG-93e18762bbf6280977067246239621b7-V.jpg","datePublished":"2019-03-13T14:42:37+00:00","dateModified":"2025-03-31T11:40:28+00:00","breadcrumb":{"@id":"https:\/\/www.slatinska-banka.hr\/gradani\/racuni-i-kartice\/tekuci-i-ziro-racuni\/tekuci-racuni\/dodatne-usluge\/sms-usluga\/#breadcrumb"},"inLanguage":"en-US","potentialAction":[{"@type":"ReadAction","target":["https:\/\/www.slatinska-banka.hr\/gradani\/racuni-i-kartice\/tekuci-i-ziro-racuni\/tekuci-racuni\/dodatne-usluge\/sms-usluga\/"]}]},{"@type":"ImageObject","inLanguage":"en-US","@id":"https:\/\/www.slatinska-banka.hr\/gradani\/racuni-i-kartice\/tekuci-i-ziro-racuni\/tekuci-racuni\/dodatne-usluge\/sms-usluga\/#primaryimage","url":"https:\/\/www.slatinska-banka.hr\/wp-content\/uploads\/2019\/02\/IMG-93e18762bbf6280977067246239621b7-V.jpg","contentUrl":"https:\/\/www.slatinska-banka.hr\/wp-content\/uploads\/2019\/02\/IMG-93e18762bbf6280977067246239621b7-V.jpg","width":1000,"height":667},{"@type":"BreadcrumbList","@id":"https:\/\/www.slatinska-banka.hr\/gradani\/racuni-i-kartice\/tekuci-i-ziro-racuni\/tekuci-racuni\/dodatne-usluge\/sms-usluga\/#breadcrumb","itemListElement":[{"@type":"ListItem","position":1,"name":"Gra\u0111ani","item":"https:\/\/www.slatinska-banka.hr\/gradani\/"},{"@type":"ListItem","position":2,"name":"Ra\u010duni i kartice","item":"https:\/\/www.slatinska-banka.hr\/gradani\/racuni-i-kartice\/"},{"@type":"ListItem","position":3,"name":"Teku\u0107i i \u017eiro ra\u010duni","item":"https:\/\/www.slatinska-banka.hr\/gradani\/racuni-i-kartice\/tekuci-i-ziro-racuni\/"},{"@type":"ListItem","position":4,"name":"Teku\u0107i ra\u010duni","item":"https:\/\/www.slatinska-banka.hr\/gradani\/racuni-i-kartice\/tekuci-i-ziro-racuni\/tekuci-racuni\/"},{"@type":"ListItem","position":5,"name":"Dodatne usluge","item":"https:\/\/www.slatinska-banka.hr\/gradani\/racuni-i-kartice\/tekuci-i-ziro-racuni\/tekuci-racuni\/dodatne-usluge\/"},{"@type":"ListItem","position":6,"name":"SMS usluga"}]},{"@type":"WebSite","@id":"https:\/\/www.slatinska-banka.hr\/#website","url":"https:\/\/www.slatinska-banka.hr\/","name":"Slatinska Banka","description":"Razlika je u pristupu","publisher":{"@id":"https:\/\/www.slatinska-banka.hr\/#organization"},"potentialAction":[{"@type":"SearchAction","target":{"@type":"EntryPoint","urlTemplate":"https:\/\/www.slatinska-banka.hr\/?s={search_term_string}"},"query-input":{"@type":"PropertyValueSpecification","valueRequired":true,"valueName":"search_term_string"}}],"inLanguage":"en-US"},{"@type":"Organization","@id":"https:\/\/www.slatinska-banka.hr\/#organization","name":"Slatinska banka d.d.","url":"https:\/\/www.slatinska-banka.hr\/","logo":{"@type":"ImageObject","inLanguage":"en-US","@id":"https:\/\/www.slatinska-banka.hr\/#\/schema\/logo\/image\/","url":"https:\/\/www.slatinska-banka.hr\/wp-content\/uploads\/2019\/02\/logo_big.png","contentUrl":"https:\/\/www.slatinska-banka.hr\/wp-content\/uploads\/2019\/02\/logo_big.png","width":302,"height":244,"caption":"Slatinska banka d.d."},"image":{"@id":"https:\/\/www.slatinska-banka.hr\/#\/schema\/logo\/image\/"},"sameAs":["https:\/\/www.facebook.com\/slatinskabanka\/","https:\/\/www.linkedin.com\/company\/slatinska-banka-dd"]}]}},"_links":{"self":[{"href":"https:\/\/www.slatinska-banka.hr\/en\/wp-json\/wp\/v2\/pages\/2530","targetHints":{"allow":["GET"]}}],"collection":[{"href":"https:\/\/www.slatinska-banka.hr\/en\/wp-json\/wp\/v2\/pages"}],"about":[{"href":"https:\/\/www.slatinska-banka.hr\/en\/wp-json\/wp\/v2\/types\/page"}],"author":[{"embeddable":true,"href":"https:\/\/www.slatinska-banka.hr\/en\/wp-json\/wp\/v2\/users\/14"}],"replies":[{"embeddable":true,"href":"https:\/\/www.slatinska-banka.hr\/en\/wp-json\/wp\/v2\/comments?post=2530"}],"version-history":[{"count":9,"href":"https:\/\/www.slatinska-banka.hr\/en\/wp-json\/wp\/v2\/pages\/2530\/revisions"}],"predecessor-version":[{"id":2793038,"href":"https:\/\/www.slatinska-banka.hr\/en\/wp-json\/wp\/v2\/pages\/2530\/revisions\/2793038"}],"up":[{"embeddable":true,"href":"https:\/\/www.slatinska-banka.hr\/en\/wp-json\/wp\/v2\/pages\/2524"}],"wp:featuredmedia":[{"embeddable":true,"href":"https:\/\/www.slatinska-banka.hr\/en\/wp-json\/wp\/v2\/media\/1671"}],"wp:attachment":[{"href":"https:\/\/www.slatinska-banka.hr\/en\/wp-json\/wp\/v2\/media?parent=2530"}],"wp:term":[{"taxonomy":"category","embeddable":true,"href":"https:\/\/www.slatinska-banka.hr\/en\/wp-json\/wp\/v2\/categories?post=2530"},{"taxonomy":"post_tag","embeddable":true,"href":"https:\/\/www.slatinska-banka.hr\/en\/wp-json\/wp\/v2\/tags?post=2530"}],"curies":[{"name":"wp","href":"https:\/\/api.w.org\/{rel}","templated":true}]}}