{"id":2528,"date":"2019-03-13T15:40:26","date_gmt":"2019-03-13T14:40:26","guid":{"rendered":"http:\/\/www.slatinska-banka.hr\/?page_id=2528"},"modified":"2025-09-05T14:24:11","modified_gmt":"2025-09-05T12:24:11","slug":"mobilno-bankarstvo","status":"publish","type":"page","link":"https:\/\/www.slatinska-banka.hr\/en\/gradani\/racuni-i-kartice\/tekuci-i-ziro-racuni\/tekuci-racuni\/dodatne-usluge\/mobilno-bankarstvo\/","title":{"rendered":"Mobile banking"},"content":{"rendered":"<p class=\"big\">&#8220;Slikaj i plati&#8221; 24 sata dnevno mobilnim bankarstvom!\u00a0Smart phone ve\u0107 ima\u0161.<\/p>\r\nUz uslugu mobilnog bankarstva ra\u010dune mo\u017ee\u0161 platiti bez odlaska u banku, bez upisivanja naloga, kad god ti odgovara\r\n\r\n&nbsp;\r\n\r\n<div class=\"accordeon\">\r\n\r\n<h2><span class=\"naslov\">Koje su mogu\u0107nosti mobilnog bankarstva<\/span><\/h2><div><ul>\n<li>slikaj i plati &#8211; pla\u0107anje ra\u010duna putem 2D bar koda<\/li>\n<li>pla\u0107anje svih ra\u010duna u EUR-ima na podru\u010dju cijele Republike Hrvatske<\/li>\n<li>pla\u0107anje rate kredita<\/li>\n<li>prijenosi sredstava s ra\u010duna na ra\u010dun<\/li>\n<li>kupoprodaja deviza<\/li>\n<li>provjeravanje stanja multivalutnog , deviznog i kreditnih ra\u010duna,<\/li>\n<li>pregledavanje prometa po multivalutnom ra\u010dunu<\/li>\n<li>kori\u0161tenje predlo\u017eaka za u\u010destala pla\u0107anja<\/li>\n<li>pretra\u017eivanje pla\u0107anja po platitelju\/primatelju, ra\u010dunu, iznosu&#8230;<\/li>\n<li>pregled dnevne te\u010dajnu listu, kao i pro\u0161lih te\u010dajnih lista (arhiva)<\/li>\n<\/ul>\n<p><strong>Visa+<\/strong> nova usluga za primanje novca<\/p>\n<p>Slatinska banka svojim je klijentima omogu\u0107ila kori\u0161tenje nove usluge Visa+.<\/p>\n<p>To je usluga koja korisnicima aplikacije Mobilno bankarstvo omogu\u0107ava primanje novca na karticu bez potrebe dijeljenja osjetljivih podataka s po\u0161iljateljem uplate. U aplikaciji Mobilno bankarstvo jednostavno pove\u017ei broj tvog mobitela i platnu vjerodajnicu, odnosno karticu koju ima\u0161 otvorenu kod Slatinske banke. Nakon povezivanja mo\u017ee\u0161 primati novac na svoju karticu od po\u0161iljatelja koji su uklju\u010deni korisnici u Visa+. Po\u0161iljatelju je dovoljno da zna tvoj broj mobitela kako bi ti sigurno i jednostavno poslao novac.<\/p>\n<\/div>\r\n\r\n<h2><span class=\"naslov\">Kako funkcionira<\/span><\/h2><div><p>Ugovori uslugu u najbli\u017eoj poslovnici preuzmi aplikaciju na svoj pametni telefon i u\u017eivaj u svim prednostima Mobilnog bankarstva.<\/p>\n<\/div>\r\n\r\n<h2><span class=\"naslov\">\u010cesta pitanja<\/span><\/h2><div><p><strong>Koju aplikaciju trebam preuzeti?<\/strong><\/p>\n<p>Ako se spaja\u0161 kao fizi\u010dka osoba preuzmi aplikaciju mSLB Ret.<\/p>\n<p><strong>Aplikacija me tra\u017ei unos Aktivacijskog koda?<\/strong><\/p>\n<p>Nakon ugovaranja usluge Mobilnog bankarstva dobit \u0107e\u0161 SMS poruku sa aktivacijskim kodom kojeg treba\u0161 unijeti u aplikaciji.<\/p>\n<p>Aktivacijski klju\u010d generiran je kao 16-eroznamenkasti broj. Prvi dio klju\u010da od osam znamenki zaprimit \u0107e\u0161 putem mail-a, a drugi dio od osam znamenki putem sms-a, na broj mobitela i na e-mail adresu koji si naveo prilikom otvaranja usluge MB.<\/p>\n<p>Prilikom aktiviranja mTokena potrebno je unijeti cijeli aktivacijski klju\u010d od \u0161esnaest znamenki i tek onda potvrditi unos.<\/p>\n<p><strong>\u0160to ako izgubim ili promjenim mobitel?<\/strong><\/p>\n<p>U slu\u010daju gubitka ili promjene mobitela treba\u0161 novi aktivacijski kod. Za to se javi u poslovnicu jer je va\u017eno da te identificiraju da ti se dodijeli novi kod.<\/p>\n<\/div>\r\n\r\n<h2><span class=\"naslov\">Dokumenti<\/span><\/h2><div><p><a href=\"http:\/\/www.slatinska-banka.hr\/wp-content\/uploads\/Zahtjev_za_Mobilno_bankarstvo_fizicke_osobe.pdf\">Zahtjev za Mobilno bankarstvo<\/a><\/p>\n<p><a href=\"https:\/\/www.slatinska-banka.hr\/wp-content\/uploads\/INFORMATIVNI-OBRAZAC-On-line-Mobilno_bankarstvo_20250908.pdf\">Informativni obrazac<\/a><\/p>\n<\/div>\r\n\r\n<h2><span class=\"naslov\">Upute<\/span><\/h2><div><p><a href=\"https:\/\/www.slatinska-banka.hr\/wp-content\/uploads\/SLB-Korisnicke-upute-za-Android-telefone-FO-v1.3-1.pdf\">SLB &#8211; Korisnicke upute za Android telefone &#8211; FO v1.3<\/a><\/p>\n<\/div>\r\n\r\n<\/div>\r\n<h6>Provjeri\u00a0 prava potro\u0161a\u010da u elektroni\u010dkom platnom prometu<\/h6>\r\n<h4><a href=\"https:\/\/www.slatinska-banka.hr\/wp-content\/uploads\/Bro%C5%A1uraopravimapotro%C5%A1a%C4%8Daizpodru%C4%8Djaplatnogprometa-2.pdf\"><img loading=\"lazy\" decoding=\"async\" class=\"wp-image-8328 alignleft\" src=\"http:\/\/www.slatinska-banka.hr\/wp-content\/uploads\/BRO\u0160URA-300x262.png\" alt=\"\" width=\"181\" height=\"158\" srcset=\"https:\/\/www.slatinska-banka.hr\/wp-content\/uploads\/BRO\u0160URA-300x262.png 300w, https:\/\/www.slatinska-banka.hr\/wp-content\/uploads\/BRO\u0160URA.png 445w\" sizes=\"auto, (max-width: 181px) 100vw, 181px\" \/><\/a><\/h4>\r\n<h4><\/h4>\r\n<h6><\/h6>\r\n<h6><\/h6>\r\n<h6><\/h6>\r\n<h6><\/h6>\r\n<h6><\/h6>\r\n<h6 style=\"text-align: right;\">Preuzimanje aplikacije<\/h6>\r\n<a href=\"https:\/\/play.google.com\/store\/apps\/details?id=hr.banksoft.mobile.mSLBRet\"><img loading=\"lazy\" decoding=\"async\" class=\"wp-image-1139 alignright\" src=\"http:\/\/www.slatinska-banka.hr\/wp-content\/uploads\/2019\/02\/Google_play-300x100.jpg\" alt=\"\" width=\"123\" height=\"41\" srcset=\"https:\/\/www.slatinska-banka.hr\/wp-content\/uploads\/2019\/02\/Google_play-300x100.jpg 300w, https:\/\/www.slatinska-banka.hr\/wp-content\/uploads\/2019\/02\/Google_play.jpg 400w\" sizes=\"auto, (max-width: 123px) 100vw, 123px\" \/><\/a>\r\n\r\n&nbsp;\r\n\r\n&nbsp;\r\n\r\n<a href=\"https:\/\/itunes.apple.com\/hr\/app\/mslb-ret\/id863989823?mt=8\"><img loading=\"lazy\" decoding=\"async\" class=\"wp-image-1138 alignright\" src=\"http:\/\/www.slatinska-banka.hr\/wp-content\/uploads\/2019\/02\/App_store-300x93.jpg\" alt=\"\" width=\"122\" height=\"38\" srcset=\"https:\/\/www.slatinska-banka.hr\/wp-content\/uploads\/2019\/02\/App_store-300x93.jpg 300w, https:\/\/www.slatinska-banka.hr\/wp-content\/uploads\/2019\/02\/App_store.jpg 400w\" sizes=\"auto, (max-width: 122px) 100vw, 122px\" \/><\/a>","protected":false},"excerpt":{"rendered":"<p>&#8220;Slikaj i plati&#8221; 24 sata dnevno mobilnim bankarstvom!\u00a0Smart phone ve\u0107 ima\u0161. Uz uslugu mobilnog bankarstva ra\u010dune mo\u017ee\u0161 platiti bez odlaska u banku, bez upisivanja naloga, kad god ti odgovara &nbsp; [&hellip;]<\/p>","protected":false},"author":14,"featured_media":535888,"parent":2524,"menu_order":1,"comment_status":"closed","ping_status":"closed","template":"page-template-4.php","meta":{"_acf_changed":false,"footnotes":""},"categories":[],"tags":[],"class_list":["post-2528","page","type-page","status-publish","has-post-thumbnail","hentry"],"acf":[],"yoast_head":"<!-- This site is optimized with the Yoast SEO plugin v25.4 - https:\/\/yoast.com\/wordpress\/plugins\/seo\/ -->\n<title>Mobilno bankarstvo - Slatinska Banka<\/title>\n<meta name=\"robots\" content=\"index, follow, max-snippet:-1, max-image-preview:large, max-video-preview:-1\" \/>\n<link rel=\"canonical\" href=\"https:\/\/www.slatinska-banka.hr\/en\/gradani\/racuni-i-kartice\/tekuci-i-ziro-racuni\/tekuci-racuni\/dodatne-usluge\/mobilno-bankarstvo\/\" \/>\n<meta property=\"og:locale\" content=\"en_US\" \/>\n<meta property=\"og:type\" content=\"article\" \/>\n<meta property=\"og:title\" content=\"Mobilno bankarstvo - Slatinska Banka\" \/>\n<meta property=\"og:description\" content=\"&#8220;Slikaj i plati&#8221; 24 sata dnevno mobilnim bankarstvom!\u00a0Smart phone ve\u0107 ima\u0161. Uz uslugu mobilnog bankarstva ra\u010dune mo\u017ee\u0161 platiti bez odlaska u banku, bez upisivanja naloga, kad god ti odgovara &nbsp; [&hellip;]\" \/>\n<meta property=\"og:url\" content=\"https:\/\/www.slatinska-banka.hr\/en\/gradani\/racuni-i-kartice\/tekuci-i-ziro-racuni\/tekuci-racuni\/dodatne-usluge\/mobilno-bankarstvo\/\" \/>\n<meta property=\"og:site_name\" content=\"Slatinska Banka\" \/>\n<meta property=\"article:publisher\" content=\"https:\/\/www.facebook.com\/slatinskabanka\/\" \/>\n<meta property=\"article:modified_time\" content=\"2025-09-05T12:24:11+00:00\" \/>\n<meta property=\"og:image\" content=\"https:\/\/www.slatinska-banka.hr\/wp-content\/uploads\/IMG-1993.png\" \/>\n\t<meta property=\"og:image:width\" content=\"376\" \/>\n\t<meta property=\"og:image:height\" content=\"372\" \/>\n\t<meta property=\"og:image:type\" content=\"image\/png\" \/>\n<meta name=\"twitter:card\" content=\"summary_large_image\" \/>\n<meta name=\"twitter:label1\" content=\"Est. reading time\" \/>\n\t<meta name=\"twitter:data1\" content=\"3 minutes\" \/>\n<script type=\"application\/ld+json\" class=\"yoast-schema-graph\">{\"@context\":\"https:\/\/schema.org\",\"@graph\":[{\"@type\":\"WebPage\",\"@id\":\"https:\/\/www.slatinska-banka.hr\/gradani\/racuni-i-kartice\/tekuci-i-ziro-racuni\/tekuci-racuni\/dodatne-usluge\/mobilno-bankarstvo\/\",\"url\":\"https:\/\/www.slatinska-banka.hr\/gradani\/racuni-i-kartice\/tekuci-i-ziro-racuni\/tekuci-racuni\/dodatne-usluge\/mobilno-bankarstvo\/\",\"name\":\"Mobilno bankarstvo - Slatinska Banka\",\"isPartOf\":{\"@id\":\"https:\/\/www.slatinska-banka.hr\/#website\"},\"primaryImageOfPage\":{\"@id\":\"https:\/\/www.slatinska-banka.hr\/gradani\/racuni-i-kartice\/tekuci-i-ziro-racuni\/tekuci-racuni\/dodatne-usluge\/mobilno-bankarstvo\/#primaryimage\"},\"image\":{\"@id\":\"https:\/\/www.slatinska-banka.hr\/gradani\/racuni-i-kartice\/tekuci-i-ziro-racuni\/tekuci-racuni\/dodatne-usluge\/mobilno-bankarstvo\/#primaryimage\"},\"thumbnailUrl\":\"https:\/\/www.slatinska-banka.hr\/wp-content\/uploads\/IMG-1993.png\",\"datePublished\":\"2019-03-13T14:40:26+00:00\",\"dateModified\":\"2025-09-05T12:24:11+00:00\",\"breadcrumb\":{\"@id\":\"https:\/\/www.slatinska-banka.hr\/gradani\/racuni-i-kartice\/tekuci-i-ziro-racuni\/tekuci-racuni\/dodatne-usluge\/mobilno-bankarstvo\/#breadcrumb\"},\"inLanguage\":\"en-US\",\"potentialAction\":[{\"@type\":\"ReadAction\",\"target\":[\"https:\/\/www.slatinska-banka.hr\/gradani\/racuni-i-kartice\/tekuci-i-ziro-racuni\/tekuci-racuni\/dodatne-usluge\/mobilno-bankarstvo\/\"]}]},{\"@type\":\"ImageObject\",\"inLanguage\":\"en-US\",\"@id\":\"https:\/\/www.slatinska-banka.hr\/gradani\/racuni-i-kartice\/tekuci-i-ziro-racuni\/tekuci-racuni\/dodatne-usluge\/mobilno-bankarstvo\/#primaryimage\",\"url\":\"https:\/\/www.slatinska-banka.hr\/wp-content\/uploads\/IMG-1993.png\",\"contentUrl\":\"https:\/\/www.slatinska-banka.hr\/wp-content\/uploads\/IMG-1993.png\",\"width\":376,\"height\":372},{\"@type\":\"BreadcrumbList\",\"@id\":\"https:\/\/www.slatinska-banka.hr\/gradani\/racuni-i-kartice\/tekuci-i-ziro-racuni\/tekuci-racuni\/dodatne-usluge\/mobilno-bankarstvo\/#breadcrumb\",\"itemListElement\":[{\"@type\":\"ListItem\",\"position\":1,\"name\":\"Gra\u0111ani\",\"item\":\"https:\/\/www.slatinska-banka.hr\/gradani\/\"},{\"@type\":\"ListItem\",\"position\":2,\"name\":\"Ra\u010duni i kartice\",\"item\":\"https:\/\/www.slatinska-banka.hr\/gradani\/racuni-i-kartice\/\"},{\"@type\":\"ListItem\",\"position\":3,\"name\":\"Teku\u0107i i \u017eiro ra\u010duni\",\"item\":\"https:\/\/www.slatinska-banka.hr\/gradani\/racuni-i-kartice\/tekuci-i-ziro-racuni\/\"},{\"@type\":\"ListItem\",\"position\":4,\"name\":\"Teku\u0107i ra\u010duni\",\"item\":\"https:\/\/www.slatinska-banka.hr\/gradani\/racuni-i-kartice\/tekuci-i-ziro-racuni\/tekuci-racuni\/\"},{\"@type\":\"ListItem\",\"position\":5,\"name\":\"Dodatne usluge\",\"item\":\"https:\/\/www.slatinska-banka.hr\/gradani\/racuni-i-kartice\/tekuci-i-ziro-racuni\/tekuci-racuni\/dodatne-usluge\/\"},{\"@type\":\"ListItem\",\"position\":6,\"name\":\"Mobilno bankarstvo\"}]},{\"@type\":\"WebSite\",\"@id\":\"https:\/\/www.slatinska-banka.hr\/#website\",\"url\":\"https:\/\/www.slatinska-banka.hr\/\",\"name\":\"Slatinska Banka\",\"description\":\"Razlika je u pristupu\",\"publisher\":{\"@id\":\"https:\/\/www.slatinska-banka.hr\/#organization\"},\"potentialAction\":[{\"@type\":\"SearchAction\",\"target\":{\"@type\":\"EntryPoint\",\"urlTemplate\":\"https:\/\/www.slatinska-banka.hr\/?s={search_term_string}\"},\"query-input\":{\"@type\":\"PropertyValueSpecification\",\"valueRequired\":true,\"valueName\":\"search_term_string\"}}],\"inLanguage\":\"en-US\"},{\"@type\":\"Organization\",\"@id\":\"https:\/\/www.slatinska-banka.hr\/#organization\",\"name\":\"Slatinska banka d.d.\",\"url\":\"https:\/\/www.slatinska-banka.hr\/\",\"logo\":{\"@type\":\"ImageObject\",\"inLanguage\":\"en-US\",\"@id\":\"https:\/\/www.slatinska-banka.hr\/#\/schema\/logo\/image\/\",\"url\":\"https:\/\/www.slatinska-banka.hr\/wp-content\/uploads\/2019\/02\/logo_big.png\",\"contentUrl\":\"https:\/\/www.slatinska-banka.hr\/wp-content\/uploads\/2019\/02\/logo_big.png\",\"width\":302,\"height\":244,\"caption\":\"Slatinska banka d.d.\"},\"image\":{\"@id\":\"https:\/\/www.slatinska-banka.hr\/#\/schema\/logo\/image\/\"},\"sameAs\":[\"https:\/\/www.facebook.com\/slatinskabanka\/\",\"https:\/\/www.linkedin.com\/company\/slatinska-banka-dd\"]}]}<\/script>\n<!-- \/ Yoast SEO plugin. -->","yoast_head_json":{"title":"Mobilno bankarstvo - Slatinska Banka","robots":{"index":"index","follow":"follow","max-snippet":"max-snippet:-1","max-image-preview":"max-image-preview:large","max-video-preview":"max-video-preview:-1"},"canonical":"https:\/\/www.slatinska-banka.hr\/en\/gradani\/racuni-i-kartice\/tekuci-i-ziro-racuni\/tekuci-racuni\/dodatne-usluge\/mobilno-bankarstvo\/","og_locale":"en_US","og_type":"article","og_title":"Mobilno bankarstvo - Slatinska Banka","og_description":"&#8220;Slikaj i plati&#8221; 24 sata dnevno mobilnim bankarstvom!\u00a0Smart phone ve\u0107 ima\u0161. Uz uslugu mobilnog bankarstva ra\u010dune mo\u017ee\u0161 platiti bez odlaska u banku, bez upisivanja naloga, kad god ti odgovara &nbsp; [&hellip;]","og_url":"https:\/\/www.slatinska-banka.hr\/en\/gradani\/racuni-i-kartice\/tekuci-i-ziro-racuni\/tekuci-racuni\/dodatne-usluge\/mobilno-bankarstvo\/","og_site_name":"Slatinska Banka","article_publisher":"https:\/\/www.facebook.com\/slatinskabanka\/","article_modified_time":"2025-09-05T12:24:11+00:00","og_image":[{"width":376,"height":372,"url":"https:\/\/www.slatinska-banka.hr\/wp-content\/uploads\/IMG-1993.png","type":"image\/png"}],"twitter_card":"summary_large_image","twitter_misc":{"Est. reading time":"3 minutes"},"schema":{"@context":"https:\/\/schema.org","@graph":[{"@type":"WebPage","@id":"https:\/\/www.slatinska-banka.hr\/gradani\/racuni-i-kartice\/tekuci-i-ziro-racuni\/tekuci-racuni\/dodatne-usluge\/mobilno-bankarstvo\/","url":"https:\/\/www.slatinska-banka.hr\/gradani\/racuni-i-kartice\/tekuci-i-ziro-racuni\/tekuci-racuni\/dodatne-usluge\/mobilno-bankarstvo\/","name":"Mobilno bankarstvo - Slatinska Banka","isPartOf":{"@id":"https:\/\/www.slatinska-banka.hr\/#website"},"primaryImageOfPage":{"@id":"https:\/\/www.slatinska-banka.hr\/gradani\/racuni-i-kartice\/tekuci-i-ziro-racuni\/tekuci-racuni\/dodatne-usluge\/mobilno-bankarstvo\/#primaryimage"},"image":{"@id":"https:\/\/www.slatinska-banka.hr\/gradani\/racuni-i-kartice\/tekuci-i-ziro-racuni\/tekuci-racuni\/dodatne-usluge\/mobilno-bankarstvo\/#primaryimage"},"thumbnailUrl":"https:\/\/www.slatinska-banka.hr\/wp-content\/uploads\/IMG-1993.png","datePublished":"2019-03-13T14:40:26+00:00","dateModified":"2025-09-05T12:24:11+00:00","breadcrumb":{"@id":"https:\/\/www.slatinska-banka.hr\/gradani\/racuni-i-kartice\/tekuci-i-ziro-racuni\/tekuci-racuni\/dodatne-usluge\/mobilno-bankarstvo\/#breadcrumb"},"inLanguage":"en-US","potentialAction":[{"@type":"ReadAction","target":["https:\/\/www.slatinska-banka.hr\/gradani\/racuni-i-kartice\/tekuci-i-ziro-racuni\/tekuci-racuni\/dodatne-usluge\/mobilno-bankarstvo\/"]}]},{"@type":"ImageObject","inLanguage":"en-US","@id":"https:\/\/www.slatinska-banka.hr\/gradani\/racuni-i-kartice\/tekuci-i-ziro-racuni\/tekuci-racuni\/dodatne-usluge\/mobilno-bankarstvo\/#primaryimage","url":"https:\/\/www.slatinska-banka.hr\/wp-content\/uploads\/IMG-1993.png","contentUrl":"https:\/\/www.slatinska-banka.hr\/wp-content\/uploads\/IMG-1993.png","width":376,"height":372},{"@type":"BreadcrumbList","@id":"https:\/\/www.slatinska-banka.hr\/gradani\/racuni-i-kartice\/tekuci-i-ziro-racuni\/tekuci-racuni\/dodatne-usluge\/mobilno-bankarstvo\/#breadcrumb","itemListElement":[{"@type":"ListItem","position":1,"name":"Gra\u0111ani","item":"https:\/\/www.slatinska-banka.hr\/gradani\/"},{"@type":"ListItem","position":2,"name":"Ra\u010duni i kartice","item":"https:\/\/www.slatinska-banka.hr\/gradani\/racuni-i-kartice\/"},{"@type":"ListItem","position":3,"name":"Teku\u0107i i \u017eiro ra\u010duni","item":"https:\/\/www.slatinska-banka.hr\/gradani\/racuni-i-kartice\/tekuci-i-ziro-racuni\/"},{"@type":"ListItem","position":4,"name":"Teku\u0107i ra\u010duni","item":"https:\/\/www.slatinska-banka.hr\/gradani\/racuni-i-kartice\/tekuci-i-ziro-racuni\/tekuci-racuni\/"},{"@type":"ListItem","position":5,"name":"Dodatne usluge","item":"https:\/\/www.slatinska-banka.hr\/gradani\/racuni-i-kartice\/tekuci-i-ziro-racuni\/tekuci-racuni\/dodatne-usluge\/"},{"@type":"ListItem","position":6,"name":"Mobilno bankarstvo"}]},{"@type":"WebSite","@id":"https:\/\/www.slatinska-banka.hr\/#website","url":"https:\/\/www.slatinska-banka.hr\/","name":"Slatinska Banka","description":"Razlika je u pristupu","publisher":{"@id":"https:\/\/www.slatinska-banka.hr\/#organization"},"potentialAction":[{"@type":"SearchAction","target":{"@type":"EntryPoint","urlTemplate":"https:\/\/www.slatinska-banka.hr\/?s={search_term_string}"},"query-input":{"@type":"PropertyValueSpecification","valueRequired":true,"valueName":"search_term_string"}}],"inLanguage":"en-US"},{"@type":"Organization","@id":"https:\/\/www.slatinska-banka.hr\/#organization","name":"Slatinska banka d.d.","url":"https:\/\/www.slatinska-banka.hr\/","logo":{"@type":"ImageObject","inLanguage":"en-US","@id":"https:\/\/www.slatinska-banka.hr\/#\/schema\/logo\/image\/","url":"https:\/\/www.slatinska-banka.hr\/wp-content\/uploads\/2019\/02\/logo_big.png","contentUrl":"https:\/\/www.slatinska-banka.hr\/wp-content\/uploads\/2019\/02\/logo_big.png","width":302,"height":244,"caption":"Slatinska banka d.d."},"image":{"@id":"https:\/\/www.slatinska-banka.hr\/#\/schema\/logo\/image\/"},"sameAs":["https:\/\/www.facebook.com\/slatinskabanka\/","https:\/\/www.linkedin.com\/company\/slatinska-banka-dd"]}]}},"_links":{"self":[{"href":"https:\/\/www.slatinska-banka.hr\/en\/wp-json\/wp\/v2\/pages\/2528","targetHints":{"allow":["GET"]}}],"collection":[{"href":"https:\/\/www.slatinska-banka.hr\/en\/wp-json\/wp\/v2\/pages"}],"about":[{"href":"https:\/\/www.slatinska-banka.hr\/en\/wp-json\/wp\/v2\/types\/page"}],"author":[{"embeddable":true,"href":"https:\/\/www.slatinska-banka.hr\/en\/wp-json\/wp\/v2\/users\/14"}],"replies":[{"embeddable":true,"href":"https:\/\/www.slatinska-banka.hr\/en\/wp-json\/wp\/v2\/comments?post=2528"}],"version-history":[{"count":29,"href":"https:\/\/www.slatinska-banka.hr\/en\/wp-json\/wp\/v2\/pages\/2528\/revisions"}],"predecessor-version":[{"id":3819429,"href":"https:\/\/www.slatinska-banka.hr\/en\/wp-json\/wp\/v2\/pages\/2528\/revisions\/3819429"}],"up":[{"embeddable":true,"href":"https:\/\/www.slatinska-banka.hr\/en\/wp-json\/wp\/v2\/pages\/2524"}],"wp:featuredmedia":[{"embeddable":true,"href":"https:\/\/www.slatinska-banka.hr\/en\/wp-json\/wp\/v2\/media\/535888"}],"wp:attachment":[{"href":"https:\/\/www.slatinska-banka.hr\/en\/wp-json\/wp\/v2\/media?parent=2528"}],"wp:term":[{"taxonomy":"category","embeddable":true,"href":"https:\/\/www.slatinska-banka.hr\/en\/wp-json\/wp\/v2\/categories?post=2528"},{"taxonomy":"post_tag","embeddable":true,"href":"https:\/\/www.slatinska-banka.hr\/en\/wp-json\/wp\/v2\/tags?post=2528"}],"curies":[{"name":"wp","href":"https:\/\/api.w.org\/{rel}","templated":true}]}}