{"id":2526,"date":"2019-03-13T15:38:43","date_gmt":"2019-03-13T14:38:43","guid":{"rendered":"http:\/\/www.slatinska-banka.hr\/?page_id=2526"},"modified":"2025-09-05T14:23:17","modified_gmt":"2025-09-05T12:23:17","slug":"internet-bankarstvo","status":"publish","type":"page","link":"https:\/\/www.slatinska-banka.hr\/en\/gradani\/racuni-i-kartice\/tekuci-i-ziro-racuni\/tekuci-racuni\/dodatne-usluge\/internet-bankarstvo\/","title":{"rendered":"Internet banking"},"content":{"rendered":"&nbsp;\r\n<p class=\"big intro\">\u017deli\u0161 pla\u0107ati bez stajanja u redu? Ugovori internet bankarstvo i pla\u0107aj s ra\u010dunala od 0 &#8211; 24 h!<\/p>\r\n<img loading=\"lazy\" decoding=\"async\" class=\"wp-image-5961 size-full aligncenter\" src=\"http:\/\/www.slatinska-banka.hr\/wp-content\/uploads\/SLATINSKA-BANKA-Web-banner_251x150.jpg\" alt=\"\" width=\"251\" height=\"150\" \/>\r\n\r\n&nbsp;\r\n\r\n&nbsp;\r\n<h4>Na\u0161e internet bankarstvo omogu\u0107uje ti:<\/h4>\r\n<ul>\r\n \t<li>pla\u0107anje u bilo koje vrijeme<\/li>\r\n \t<li>provjeru stanja i izvoda u bilo koje vrijeme<\/li>\r\n \t<li>za u\u010destala pla\u0107anja skra\u0107uje vrijeme unosa kori\u0161tenjem predlo\u017eaka<\/li>\r\n \t<li>prijenos sredstava s jednog ra\u010duna na drugi unutar Slatinske banke d.d. Slatina,<\/li>\r\n \t<li>pla\u0107anje kreditnih obveza,<\/li>\r\n \t<li>kupoprodaju deviza,<\/li>\r\n \t<li>pregled dnevne te\u010dajne liste, kao i pro\u0161le te\u010dajne liste (arhiva).<\/li>\r\n<\/ul>\r\n<div class=\"accordeon\">\r\n\r\n<h2><span class=\"naslov\">Koje su mogu\u0107nosti internet bankarstva?<\/span><\/h2><div><ul>\n<li>pla\u0107anje svih ra\u010duna na podru\u010dju cijele Republike Hrvatske<\/li>\n<li>pla\u0107anje u inozemstvo prijenosi sredstava s ra\u010duna na ra\u010dun<\/li>\n<li>kupoprodaja deviza<\/li>\n<li>provjeravanje stanja ra\u010duna,<\/li>\n<li>pregledavanje prometa po ra\u010dunima,<\/li>\n<li>pregledati i preuzeti izvadak prometa,<\/li>\n<li>stvoriti predlo\u0161ke za u\u010destala pla\u0107anja<\/li>\n<li>pretra\u017eivati pla\u0107anja po platitelju\/primatelju, ra\u010dunu, iznosu&#8230;<\/li>\n<li>pregledati dnevnu te\u010dajnu listu, kao i pro\u0161le te\u010dajne liste (arhiva)<\/li>\n<\/ul>\n<\/div>\r\n<h6 style=\"text-align: center;\">Provjeri\u00a0 prava potro\u0161a\u010da u elektroni\u010dkom platnom prometu<\/h6>\r\n<a href=\"https:\/\/www.slatinska-banka.hr\/wp-content\/uploads\/Bro%C5%A1uraopravimapotro%C5%A1a%C4%8Daizpodru%C4%8Djaplatnogprometa-2.pdf\"><img loading=\"lazy\" decoding=\"async\" class=\"alignnone wp-image-8328 aligncenter\" src=\"http:\/\/www.slatinska-banka.hr\/wp-content\/uploads\/BRO\u0160URA-300x262.png\" alt=\"\" width=\"181\" height=\"158\" srcset=\"https:\/\/www.slatinska-banka.hr\/wp-content\/uploads\/BRO\u0160URA-300x262.png 300w, https:\/\/www.slatinska-banka.hr\/wp-content\/uploads\/BRO\u0160URA.png 445w\" sizes=\"auto, (max-width: 181px) 100vw, 181px\" \/><\/a>\r\n\r\n&nbsp;\r\n\r\n<h2><span class=\"naslov\">Kako funkcionira<\/span><\/h2><div><p>Ugovori uslugu Internet bankarstva u najbli\u017eoj poslovnici, preuzmi svoj Token odnosno mToken te putem svog ra\u010dunala koristi sve prednosti Internet bankarstva.<\/p>\n<\/div>\r\n\r\n<h2><span class=\"naslov\">\u010cesta pitanja<\/span><\/h2><div><p style=\"text-align: justify;\"><strong>Koje Internet preglednike mogu koristiti za prijavu u Internet bankarstvo?<\/strong><\/p>\n<p style=\"text-align: justify;\">Podr\u017eani su preglednici: Google Chrome, Mozilla Firefox, Edge, Internet Explorer, Opera<\/p>\n<p>&nbsp;<\/p>\n<p style=\"text-align: justify;\"><strong>Za\u0161to ne mogu platiti ra\u010dune s iznosima ve\u0107im od 200 EUR-ima?<\/strong><\/p>\n<p>Radi tvoje za\u0161tite, postoji maksimalan limit za pla\u0107anje &#8220;nepoznatim&#8221; korisnicima.\u00a0 U tom slu\u010daju potrebno je autorizirati korisnika\u00a0 \u0161to mo\u017ee\u0161 u\u010diniti kori\u0161tenjem drugog autorizacijskog ure\u0111aja (token, mToken) na kojem \u0107e se generirati broj kojim potvr\u0111uje\u0161 autorizaciju.<\/p>\n<p>&nbsp;<\/p>\n<p><strong>Blokirana mi je usluga (pristup) radi pogre\u0161no unesene lozinke?<\/strong><\/p>\n<p>Kontaktiraj poslovnicu radi dogovora.<\/p>\n<p>&nbsp;<\/p>\n<p><strong>Kako se prijavljujem u Internet bankarstvo<\/strong><\/p>\n<p>Za prijavu koristi\u0161 ure\u0111aj Token (koji su ugovorio i dobio u Banci) ili Mobilni Token<\/p>\n<p>Na po\u010detnoj stranici za prijavu u Internet bankarstvo, odabere\u0161 opciju prijave tokenom.<\/p>\n<p>U polje &#8220;Serijski broj tokena&#8221; unese\u0161 ili serijski broj ure\u0111aja ili Mobilnog tokena (mToken).<\/p>\n<p>U polje &#8220;Token OTP (APPLI1)&#8221; unese\u0161 broj kojeg generira\u0161 na tokenu.<\/p>\n<p>&nbsp;<\/p>\n<p><strong>Kako aktiviram ure\u0111aj Token, a kako Mobilni Token (mToken)<\/strong><\/p>\n<p>Za ure\u0111aj Token kojeg si dobio u Banci, dobije\u0161 PIN.<\/p>\n<p>Mobilni Token je aplikacija koju skine\u0161 na ure\u0111aj. Zove se mToken SLB. Za aktivaciju mobilnog tokena\u00a0 Banka ti po\u0161alje aktivacijski klju\u010d. Aktivacijski klju\u010d generiran je kao \u0161esnaesteroznamenkasti broj. Prvi dio klju\u010da od osam znamenki zaprimi\u0161 putem e-mail adrese, a drugi dio klju\u010da od osam znamenki putem sms-a na broj mobitela naveden prilikom otvaranja usluge IB. Za aktivaciju mTokena mora\u0161 unijeti cijeli aktivacijski klju\u010d od 16 znamenki i tek onda potvrditi unos.<\/p>\n<p>&nbsp;<\/p>\n<p><strong>Za \u0161to koristim Token, odnosno Mobilni Token<\/strong><\/p>\n<p>Potrebni su za prijavu u Internet bankarstvo i dodavanje korisnika na Bijelu listu, odnosno za potvr\u0111ivanje primatelja kojima pla\u0107a\u0161 iznose ve\u0107e od 200,00 eura.<\/p>\n<p>&nbsp;<\/p>\n<p><strong>Kako mogu akvitirati Mobilni Token na novom mobilnom ure\u0111aju.<\/strong><\/p>\n<p>Potreban je novi aktivacijski klju\u010d a zatra\u017eit ga mo\u017ee\u0161 putem svoje poslovnice. Tako je definirano radi sigurnosti klijenata.<\/p>\n<p>&nbsp;<\/p>\n<p><strong>Mogu li izvr\u0161avati devizne doznake putem internet bankarstva u Slatinskoj banci.<\/strong><\/p>\n<p>Na \u017ealost, na\u0161e internet bankarstvo za gra\u0111ane jo\u0161 ne podr\u017eava devizne doznake<\/p>\n<p>&nbsp;<\/p>\n<\/div>\r\n\r\n<h2><span class=\"naslov\">Dokumenti<\/span><\/h2><div><p><a href=\"https:\/\/www.slatinska-banka.hr\/wp-content\/uploads\/INFORMATIVNI-OBRAZAC-on_line-Internet-bankarstvo_20250908.pdf\">Informativni obrazac<\/a><\/p>\n<p><a href=\"http:\/\/www.slatinska-banka.hr\/wp-content\/uploads\/Zahtjev_za_internet_bankarstvo_fizicke_osobe.pdf\">Zahtjev za Internet bankarstvo<\/a><\/p>\n<p><a href=\"\/wp-content\/uploads\/2019\/02\/SLB_Korisnicke_upute_internet_bankarstvo_FO.pdf\">Korisni\u010dke upute za uslugu Internet bankarstva<\/a><\/p>\n<p><a href=\"https:\/\/www.slatinska-banka.hr\/wp-content\/uploads\/Korisnicke_upute_za_mToken.pdf\">Korisni\u010dke upute za Mobilni token<\/a><\/p>\n<p><a href=\"\/wp-content\/uploads\/2019\/02\/Korisnicke_upute_za_token_v1.01.pdf\">Korisni\u010dke upute za token<\/a><\/p>\n<p><a href=\"\/wp-content\/uploads\/PCPP001_Jednokratan_zahtjev_za_autorizacijom_naloga_dodavanjem_ra\u010duna_primatelja_na_bijelu_listu_v4.00.pdf\">Zahtjev za autorizacijom naloga dodavanjem ra\u010duna primatelja na Bijelu listu<\/a><\/p>\n<p><a href=\"\/wp-content\/uploads\/Sigurnosne-preporuke-za-pravilno-kori\u0161tenje-usluge-Internet-bankarstva.pdf\">Internet banking service security<\/a><\/p>\n<\/div>\r\n\r\n<h2><span class=\"naslov\">Upute<\/span><\/h2><div><p><a href=\"\/wp-content\/uploads\/2019\/02\/SLB_Korisnicke_upute_internet_bankarstvo_FO.pdf\">Korisni\u010dke upute za uslugu Internet bankarstva<\/a><\/p>\n<p><a href=\"https:\/\/www.slatinska-banka.hr\/wp-content\/uploads\/Korisnicke_upute_za_mToken.pdf\">Korisni\u010dke upute za Mobilni token<\/a><\/p>\n<p><a href=\"\/wp-content\/uploads\/2019\/02\/Korisnicke_upute_za_token_v1.01.pdf\">Korisni\u010dke upute za token<\/a><\/p>\n<p><a href=\"\/wp-content\/uploads\/Sigurnosne-preporuke-za-pravilno-kori\u0161tenje-usluge-Internet-bankarstva.pdf\">Internet banking service security<\/a><\/p>\n<\/div>\r\n\r\n<\/div>\r\n\r\n&nbsp;","protected":false},"excerpt":{"rendered":"<p>&nbsp; \u017deli\u0161 pla\u0107ati bez stajanja u redu? Ugovori internet bankarstvo i pla\u0107aj s ra\u010dunala od 0 &#8211; 24 h! &nbsp; &nbsp; Na\u0161e internet bankarstvo omogu\u0107uje ti: pla\u0107anje u bilo koje [&hellip;]<\/p>","protected":false},"author":14,"featured_media":535694,"parent":2524,"menu_order":0,"comment_status":"closed","ping_status":"closed","template":"page-template-4.php","meta":{"_acf_changed":false,"footnotes":""},"categories":[],"tags":[],"class_list":["post-2526","page","type-page","status-publish","has-post-thumbnail","hentry"],"acf":[],"yoast_head":"<!-- This site is optimized with the Yoast SEO plugin v25.4 - https:\/\/yoast.com\/wordpress\/plugins\/seo\/ -->\n<title>Internet bankarstvo - Slatinska Banka<\/title>\n<meta name=\"robots\" content=\"index, follow, max-snippet:-1, max-image-preview:large, max-video-preview:-1\" \/>\n<link rel=\"canonical\" href=\"https:\/\/www.slatinska-banka.hr\/en\/gradani\/racuni-i-kartice\/tekuci-i-ziro-racuni\/tekuci-racuni\/dodatne-usluge\/internet-bankarstvo\/\" \/>\n<meta property=\"og:locale\" content=\"en_US\" \/>\n<meta property=\"og:type\" content=\"article\" \/>\n<meta property=\"og:title\" content=\"Internet bankarstvo - Slatinska Banka\" \/>\n<meta property=\"og:description\" content=\"&nbsp; \u017deli\u0161 pla\u0107ati bez stajanja u redu? Ugovori internet bankarstvo i pla\u0107aj s ra\u010dunala od 0 &#8211; 24 h! &nbsp; &nbsp; Na\u0161e internet bankarstvo omogu\u0107uje ti: pla\u0107anje u bilo koje [&hellip;]\" \/>\n<meta property=\"og:url\" content=\"https:\/\/www.slatinska-banka.hr\/en\/gradani\/racuni-i-kartice\/tekuci-i-ziro-racuni\/tekuci-racuni\/dodatne-usluge\/internet-bankarstvo\/\" \/>\n<meta property=\"og:site_name\" content=\"Slatinska Banka\" \/>\n<meta property=\"article:publisher\" content=\"https:\/\/www.facebook.com\/slatinskabanka\/\" \/>\n<meta property=\"article:modified_time\" content=\"2025-09-05T12:23:17+00:00\" \/>\n<meta property=\"og:image\" content=\"https:\/\/www.slatinska-banka.hr\/wp-content\/uploads\/dopusteno-prekoracenje.png\" \/>\n\t<meta property=\"og:image:width\" content=\"376\" \/>\n\t<meta property=\"og:image:height\" content=\"372\" \/>\n\t<meta property=\"og:image:type\" content=\"image\/png\" \/>\n<meta name=\"twitter:card\" content=\"summary_large_image\" \/>\n<meta name=\"twitter:label1\" content=\"Est. reading time\" \/>\n\t<meta name=\"twitter:data1\" content=\"3 minutes\" \/>\n<script type=\"application\/ld+json\" class=\"yoast-schema-graph\">{\"@context\":\"https:\/\/schema.org\",\"@graph\":[{\"@type\":\"WebPage\",\"@id\":\"https:\/\/www.slatinska-banka.hr\/gradani\/racuni-i-kartice\/tekuci-i-ziro-racuni\/tekuci-racuni\/dodatne-usluge\/internet-bankarstvo\/\",\"url\":\"https:\/\/www.slatinska-banka.hr\/gradani\/racuni-i-kartice\/tekuci-i-ziro-racuni\/tekuci-racuni\/dodatne-usluge\/internet-bankarstvo\/\",\"name\":\"Internet bankarstvo - Slatinska Banka\",\"isPartOf\":{\"@id\":\"https:\/\/www.slatinska-banka.hr\/#website\"},\"primaryImageOfPage\":{\"@id\":\"https:\/\/www.slatinska-banka.hr\/gradani\/racuni-i-kartice\/tekuci-i-ziro-racuni\/tekuci-racuni\/dodatne-usluge\/internet-bankarstvo\/#primaryimage\"},\"image\":{\"@id\":\"https:\/\/www.slatinska-banka.hr\/gradani\/racuni-i-kartice\/tekuci-i-ziro-racuni\/tekuci-racuni\/dodatne-usluge\/internet-bankarstvo\/#primaryimage\"},\"thumbnailUrl\":\"https:\/\/www.slatinska-banka.hr\/wp-content\/uploads\/dopusteno-prekoracenje.png\",\"datePublished\":\"2019-03-13T14:38:43+00:00\",\"dateModified\":\"2025-09-05T12:23:17+00:00\",\"breadcrumb\":{\"@id\":\"https:\/\/www.slatinska-banka.hr\/gradani\/racuni-i-kartice\/tekuci-i-ziro-racuni\/tekuci-racuni\/dodatne-usluge\/internet-bankarstvo\/#breadcrumb\"},\"inLanguage\":\"en-US\",\"potentialAction\":[{\"@type\":\"ReadAction\",\"target\":[\"https:\/\/www.slatinska-banka.hr\/gradani\/racuni-i-kartice\/tekuci-i-ziro-racuni\/tekuci-racuni\/dodatne-usluge\/internet-bankarstvo\/\"]}]},{\"@type\":\"ImageObject\",\"inLanguage\":\"en-US\",\"@id\":\"https:\/\/www.slatinska-banka.hr\/gradani\/racuni-i-kartice\/tekuci-i-ziro-racuni\/tekuci-racuni\/dodatne-usluge\/internet-bankarstvo\/#primaryimage\",\"url\":\"https:\/\/www.slatinska-banka.hr\/wp-content\/uploads\/dopusteno-prekoracenje.png\",\"contentUrl\":\"https:\/\/www.slatinska-banka.hr\/wp-content\/uploads\/dopusteno-prekoracenje.png\",\"width\":376,\"height\":372},{\"@type\":\"BreadcrumbList\",\"@id\":\"https:\/\/www.slatinska-banka.hr\/gradani\/racuni-i-kartice\/tekuci-i-ziro-racuni\/tekuci-racuni\/dodatne-usluge\/internet-bankarstvo\/#breadcrumb\",\"itemListElement\":[{\"@type\":\"ListItem\",\"position\":1,\"name\":\"Gra\u0111ani\",\"item\":\"https:\/\/www.slatinska-banka.hr\/gradani\/\"},{\"@type\":\"ListItem\",\"position\":2,\"name\":\"Ra\u010duni i kartice\",\"item\":\"https:\/\/www.slatinska-banka.hr\/gradani\/racuni-i-kartice\/\"},{\"@type\":\"ListItem\",\"position\":3,\"name\":\"Teku\u0107i i \u017eiro ra\u010duni\",\"item\":\"https:\/\/www.slatinska-banka.hr\/gradani\/racuni-i-kartice\/tekuci-i-ziro-racuni\/\"},{\"@type\":\"ListItem\",\"position\":4,\"name\":\"Teku\u0107i ra\u010duni\",\"item\":\"https:\/\/www.slatinska-banka.hr\/gradani\/racuni-i-kartice\/tekuci-i-ziro-racuni\/tekuci-racuni\/\"},{\"@type\":\"ListItem\",\"position\":5,\"name\":\"Dodatne usluge\",\"item\":\"https:\/\/www.slatinska-banka.hr\/gradani\/racuni-i-kartice\/tekuci-i-ziro-racuni\/tekuci-racuni\/dodatne-usluge\/\"},{\"@type\":\"ListItem\",\"position\":6,\"name\":\"Internet bankarstvo\"}]},{\"@type\":\"WebSite\",\"@id\":\"https:\/\/www.slatinska-banka.hr\/#website\",\"url\":\"https:\/\/www.slatinska-banka.hr\/\",\"name\":\"Slatinska Banka\",\"description\":\"Razlika je u pristupu\",\"publisher\":{\"@id\":\"https:\/\/www.slatinska-banka.hr\/#organization\"},\"potentialAction\":[{\"@type\":\"SearchAction\",\"target\":{\"@type\":\"EntryPoint\",\"urlTemplate\":\"https:\/\/www.slatinska-banka.hr\/?s={search_term_string}\"},\"query-input\":{\"@type\":\"PropertyValueSpecification\",\"valueRequired\":true,\"valueName\":\"search_term_string\"}}],\"inLanguage\":\"en-US\"},{\"@type\":\"Organization\",\"@id\":\"https:\/\/www.slatinska-banka.hr\/#organization\",\"name\":\"Slatinska banka d.d.\",\"url\":\"https:\/\/www.slatinska-banka.hr\/\",\"logo\":{\"@type\":\"ImageObject\",\"inLanguage\":\"en-US\",\"@id\":\"https:\/\/www.slatinska-banka.hr\/#\/schema\/logo\/image\/\",\"url\":\"https:\/\/www.slatinska-banka.hr\/wp-content\/uploads\/2019\/02\/logo_big.png\",\"contentUrl\":\"https:\/\/www.slatinska-banka.hr\/wp-content\/uploads\/2019\/02\/logo_big.png\",\"width\":302,\"height\":244,\"caption\":\"Slatinska banka d.d.\"},\"image\":{\"@id\":\"https:\/\/www.slatinska-banka.hr\/#\/schema\/logo\/image\/\"},\"sameAs\":[\"https:\/\/www.facebook.com\/slatinskabanka\/\",\"https:\/\/www.linkedin.com\/company\/slatinska-banka-dd\"]}]}<\/script>\n<!-- \/ Yoast SEO plugin. -->","yoast_head_json":{"title":"Internet bankarstvo - Slatinska Banka","robots":{"index":"index","follow":"follow","max-snippet":"max-snippet:-1","max-image-preview":"max-image-preview:large","max-video-preview":"max-video-preview:-1"},"canonical":"https:\/\/www.slatinska-banka.hr\/en\/gradani\/racuni-i-kartice\/tekuci-i-ziro-racuni\/tekuci-racuni\/dodatne-usluge\/internet-bankarstvo\/","og_locale":"en_US","og_type":"article","og_title":"Internet bankarstvo - Slatinska Banka","og_description":"&nbsp; \u017deli\u0161 pla\u0107ati bez stajanja u redu? Ugovori internet bankarstvo i pla\u0107aj s ra\u010dunala od 0 &#8211; 24 h! &nbsp; &nbsp; Na\u0161e internet bankarstvo omogu\u0107uje ti: pla\u0107anje u bilo koje [&hellip;]","og_url":"https:\/\/www.slatinska-banka.hr\/en\/gradani\/racuni-i-kartice\/tekuci-i-ziro-racuni\/tekuci-racuni\/dodatne-usluge\/internet-bankarstvo\/","og_site_name":"Slatinska Banka","article_publisher":"https:\/\/www.facebook.com\/slatinskabanka\/","article_modified_time":"2025-09-05T12:23:17+00:00","og_image":[{"width":376,"height":372,"url":"https:\/\/www.slatinska-banka.hr\/wp-content\/uploads\/dopusteno-prekoracenje.png","type":"image\/png"}],"twitter_card":"summary_large_image","twitter_misc":{"Est. reading time":"3 minutes"},"schema":{"@context":"https:\/\/schema.org","@graph":[{"@type":"WebPage","@id":"https:\/\/www.slatinska-banka.hr\/gradani\/racuni-i-kartice\/tekuci-i-ziro-racuni\/tekuci-racuni\/dodatne-usluge\/internet-bankarstvo\/","url":"https:\/\/www.slatinska-banka.hr\/gradani\/racuni-i-kartice\/tekuci-i-ziro-racuni\/tekuci-racuni\/dodatne-usluge\/internet-bankarstvo\/","name":"Internet bankarstvo - Slatinska Banka","isPartOf":{"@id":"https:\/\/www.slatinska-banka.hr\/#website"},"primaryImageOfPage":{"@id":"https:\/\/www.slatinska-banka.hr\/gradani\/racuni-i-kartice\/tekuci-i-ziro-racuni\/tekuci-racuni\/dodatne-usluge\/internet-bankarstvo\/#primaryimage"},"image":{"@id":"https:\/\/www.slatinska-banka.hr\/gradani\/racuni-i-kartice\/tekuci-i-ziro-racuni\/tekuci-racuni\/dodatne-usluge\/internet-bankarstvo\/#primaryimage"},"thumbnailUrl":"https:\/\/www.slatinska-banka.hr\/wp-content\/uploads\/dopusteno-prekoracenje.png","datePublished":"2019-03-13T14:38:43+00:00","dateModified":"2025-09-05T12:23:17+00:00","breadcrumb":{"@id":"https:\/\/www.slatinska-banka.hr\/gradani\/racuni-i-kartice\/tekuci-i-ziro-racuni\/tekuci-racuni\/dodatne-usluge\/internet-bankarstvo\/#breadcrumb"},"inLanguage":"en-US","potentialAction":[{"@type":"ReadAction","target":["https:\/\/www.slatinska-banka.hr\/gradani\/racuni-i-kartice\/tekuci-i-ziro-racuni\/tekuci-racuni\/dodatne-usluge\/internet-bankarstvo\/"]}]},{"@type":"ImageObject","inLanguage":"en-US","@id":"https:\/\/www.slatinska-banka.hr\/gradani\/racuni-i-kartice\/tekuci-i-ziro-racuni\/tekuci-racuni\/dodatne-usluge\/internet-bankarstvo\/#primaryimage","url":"https:\/\/www.slatinska-banka.hr\/wp-content\/uploads\/dopusteno-prekoracenje.png","contentUrl":"https:\/\/www.slatinska-banka.hr\/wp-content\/uploads\/dopusteno-prekoracenje.png","width":376,"height":372},{"@type":"BreadcrumbList","@id":"https:\/\/www.slatinska-banka.hr\/gradani\/racuni-i-kartice\/tekuci-i-ziro-racuni\/tekuci-racuni\/dodatne-usluge\/internet-bankarstvo\/#breadcrumb","itemListElement":[{"@type":"ListItem","position":1,"name":"Gra\u0111ani","item":"https:\/\/www.slatinska-banka.hr\/gradani\/"},{"@type":"ListItem","position":2,"name":"Ra\u010duni i kartice","item":"https:\/\/www.slatinska-banka.hr\/gradani\/racuni-i-kartice\/"},{"@type":"ListItem","position":3,"name":"Teku\u0107i i \u017eiro ra\u010duni","item":"https:\/\/www.slatinska-banka.hr\/gradani\/racuni-i-kartice\/tekuci-i-ziro-racuni\/"},{"@type":"ListItem","position":4,"name":"Teku\u0107i ra\u010duni","item":"https:\/\/www.slatinska-banka.hr\/gradani\/racuni-i-kartice\/tekuci-i-ziro-racuni\/tekuci-racuni\/"},{"@type":"ListItem","position":5,"name":"Dodatne usluge","item":"https:\/\/www.slatinska-banka.hr\/gradani\/racuni-i-kartice\/tekuci-i-ziro-racuni\/tekuci-racuni\/dodatne-usluge\/"},{"@type":"ListItem","position":6,"name":"Internet bankarstvo"}]},{"@type":"WebSite","@id":"https:\/\/www.slatinska-banka.hr\/#website","url":"https:\/\/www.slatinska-banka.hr\/","name":"Slatinska Banka","description":"Razlika je u pristupu","publisher":{"@id":"https:\/\/www.slatinska-banka.hr\/#organization"},"potentialAction":[{"@type":"SearchAction","target":{"@type":"EntryPoint","urlTemplate":"https:\/\/www.slatinska-banka.hr\/?s={search_term_string}"},"query-input":{"@type":"PropertyValueSpecification","valueRequired":true,"valueName":"search_term_string"}}],"inLanguage":"en-US"},{"@type":"Organization","@id":"https:\/\/www.slatinska-banka.hr\/#organization","name":"Slatinska banka d.d.","url":"https:\/\/www.slatinska-banka.hr\/","logo":{"@type":"ImageObject","inLanguage":"en-US","@id":"https:\/\/www.slatinska-banka.hr\/#\/schema\/logo\/image\/","url":"https:\/\/www.slatinska-banka.hr\/wp-content\/uploads\/2019\/02\/logo_big.png","contentUrl":"https:\/\/www.slatinska-banka.hr\/wp-content\/uploads\/2019\/02\/logo_big.png","width":302,"height":244,"caption":"Slatinska banka d.d."},"image":{"@id":"https:\/\/www.slatinska-banka.hr\/#\/schema\/logo\/image\/"},"sameAs":["https:\/\/www.facebook.com\/slatinskabanka\/","https:\/\/www.linkedin.com\/company\/slatinska-banka-dd"]}]}},"_links":{"self":[{"href":"https:\/\/www.slatinska-banka.hr\/en\/wp-json\/wp\/v2\/pages\/2526","targetHints":{"allow":["GET"]}}],"collection":[{"href":"https:\/\/www.slatinska-banka.hr\/en\/wp-json\/wp\/v2\/pages"}],"about":[{"href":"https:\/\/www.slatinska-banka.hr\/en\/wp-json\/wp\/v2\/types\/page"}],"author":[{"embeddable":true,"href":"https:\/\/www.slatinska-banka.hr\/en\/wp-json\/wp\/v2\/users\/14"}],"replies":[{"embeddable":true,"href":"https:\/\/www.slatinska-banka.hr\/en\/wp-json\/wp\/v2\/comments?post=2526"}],"version-history":[{"count":39,"href":"https:\/\/www.slatinska-banka.hr\/en\/wp-json\/wp\/v2\/pages\/2526\/revisions"}],"predecessor-version":[{"id":3819428,"href":"https:\/\/www.slatinska-banka.hr\/en\/wp-json\/wp\/v2\/pages\/2526\/revisions\/3819428"}],"up":[{"embeddable":true,"href":"https:\/\/www.slatinska-banka.hr\/en\/wp-json\/wp\/v2\/pages\/2524"}],"wp:featuredmedia":[{"embeddable":true,"href":"https:\/\/www.slatinska-banka.hr\/en\/wp-json\/wp\/v2\/media\/535694"}],"wp:attachment":[{"href":"https:\/\/www.slatinska-banka.hr\/en\/wp-json\/wp\/v2\/media?parent=2526"}],"wp:term":[{"taxonomy":"category","embeddable":true,"href":"https:\/\/www.slatinska-banka.hr\/en\/wp-json\/wp\/v2\/categories?post=2526"},{"taxonomy":"post_tag","embeddable":true,"href":"https:\/\/www.slatinska-banka.hr\/en\/wp-json\/wp\/v2\/tags?post=2526"}],"curies":[{"name":"wp","href":"https:\/\/api.w.org\/{rel}","templated":true}]}}