{"id":2171843,"date":"2024-11-07T13:36:13","date_gmt":"2024-11-07T12:36:13","guid":{"rendered":"https:\/\/www.slatinska-banka.hr\/?page_id=2171843"},"modified":"2026-03-05T09:50:56","modified_gmt":"2026-03-05T08:50:56","slug":"investicijski-kredit","status":"publish","type":"page","link":"https:\/\/www.slatinska-banka.hr\/en\/gradani\/krediti-i-financiranja\/investicijski-kredit\/","title":{"rendered":"Investicijski kredit"},"content":{"rendered":"<h3 class=\"intro\">Investira\u0161 u kupovinu nekretnine za iznajmljivanje?<\/h3>\r\n<h4 class=\"intro\">Energetski obnavlja\u0161, dovr\u0161ava\u0161 ili adaptira\u0161 nekretninu za iznajmljivanje?<\/h4>\r\n<h4 class=\"intro\">Kupuje\u0161\/gradi\u0161 bazen ili ure\u0111uje\u0161 okoli\u0161 nekretnine za iznajmljivanje?<\/h4>\r\n<h4>Uz du\u017ei rok povrata, velike iznose i fiksnu kamatnu stopu tu su na\u0161i investicijski krediti.<\/h4>\r\n<h4><\/h4>\r\n<table class=\"contentTable\">\r\n<tbody>\r\n<tr>\r\n<td style=\"text-align: center;\">IZNOS:<\/td>\r\n<td style=\"text-align: center;\">ROK POVRATA<\/td>\r\n<td style=\"text-align: center;\">NAKNADA<\/td>\r\n<\/tr>\r\n<tr>\r\n<td style=\"text-align: center;\">50.000,00 do 500.000,00 EUR<\/td>\r\n<td style=\"text-align: center;\">od 5 do 15 godina<\/td>\r\n<td style=\"text-align: center;\">bez naknade<\/td>\r\n<\/tr>\r\n<\/tbody>\r\n<\/table>\r\n&nbsp;\r\n\r\n<strong>Mogu\u0107nost kori\u0161tenja kredita do 18 mjeseci!<\/strong>\r\n<table style=\"width: 13.5129%; height: 46px; margin-left: 40px;\">\r\n<tbody style=\"padding-left: 40px;\">\r\n<tr style=\"height: 23px; padding-left: 40px;\">\r\n<td style=\"text-align: center; width: 45.4884%; height: 23px; padding-left: 40px;\">Kamata<\/td>\r\n<td style=\"text-align: center; width: 81.4477%; height: 23px; padding-left: 40px;\">klijent\/neklijent<\/td>\r\n<\/tr>\r\n<tr style=\"height: 23px; padding-left: 40px;\">\r\n<td style=\"text-align: center; width: 45.4884%; height: 23px; padding-left: 40px;\">fiksna<\/td>\r\n<td style=\"text-align: center; width: 81.4477%; height: 23px; padding-left: 40px;\"><strong>4,65%<\/strong><\/td>\r\n<\/tr>\r\n<\/tbody>\r\n<\/table>\r\n&nbsp;\r\n\r\n<div class=\"accordeon\">\r\n\r\n<h2><span class=\"naslov\">Instrumenti osiguranja<\/span><\/h2><div><ul style=\"list-style-type: disc;\">\n<li>Zadu\u017enica<\/li>\n<li>Izjava o\u00a0 zapljeni<\/li>\n<li>Administrativna zabrana na mirovinska primanja<\/li>\n<li>Zalog\/fiducija nekretnine (neoptere\u0107ena)<\/li>\n<li>Polica osiguranja nekretnine<\/li>\n<\/ul>\n<p>Banka mo\u017ee zatra\u017eiti i druge instrumente osiguranja.<\/p>\n<\/div>\r\n\r\n<h2><span class=\"naslov\">Dokumentacija<\/span><\/h2><div><ul>\n<li><a href=\"https:\/\/www.slatinska-banka.hr\/wp-content\/uploads\/Zahtjev_za_kredit_potrosaca_20250314-1-2-1.pdf\">Zahtjev za kredit<\/a><\/li>\n<li><a href=\"https:\/\/www.slatinska-banka.hr\/wp-content\/uploads\/Obrazac-za-jamca-platca-suduznika-u-zahtjevu-za-kredit_20230101.pdf\">Obrazac za jamca-platca; sudu\u017enika u zahtjevu za kredit<\/a><\/li>\n<li><a href=\"https:\/\/www.slatinska-banka.hr\/wp-content\/uploads\/Potvrda-poslodavca.pdf\">Potvrda poslodavca<\/a><\/li>\n<li><a href=\"https:\/\/www.slatinska-banka.hr\/wp-content\/uploads\/INFORMATIVNI-OBRAZAC-Investicijski_kredit_20250701.pdf\">Informativni obrazac<\/a><\/li>\n<li><a href=\"https:\/\/www.slatinska-banka.hr\/wp-content\/uploads\/POUP049-01-2023-Izjava_o_privatnosti_krediti_kreditne-kartice_MBPlus_listopad2025-1.pdf\">Izjava o privatnosti<\/a><\/li>\n<li><a href=\"https:\/\/www.slatinska-banka.hr\/wp-content\/uploads\/Dokumentacija-koju-je-potrebno-priloziti-uz-zahtjev-za-kredit-sijecanj-2026.pdf\">Popis dokumentacije<\/a><\/li>\n<li><a href=\"https:\/\/www.slatinska-banka.hr\/wp-content\/uploads\/Informacije-o-obradi-osobnih-podataka-u-OSR_sijecanj2025_.pdf\">Informacije o obradi osobnih podataka u OSR sustavu<\/a><\/li>\n<\/ul>\n<\/div>\r\n\r\n<h2><span class=\"naslov\">Reprezentativni primjer<\/span><\/h2><div><table style=\"width: 73.8718%; height: 360px;\">\n<tbody>\n<tr style=\"height: 24px;\">\n<td style=\"height: 24px; width: 52.4743%;\">Status klijenta<\/td>\n<td style=\"height: 24px; width: 23.8472%; text-align: center;\">Klijent \/ Neklijent<\/td>\n<td style=\"width: 72.3859%; text-align: center; height: 24px;\">\u00a0Klijent \/ Neklijent<\/td>\n<\/tr>\n<tr style=\"height: 24px;\">\n<td style=\"width: 52.4743%; height: 24px;\"><\/td>\n<td style=\"width: 23.8472%; text-align: center; height: 24px;\">rata<\/td>\n<td style=\"width: 72.3859%; text-align: center; height: 24px;\">anuitet<\/td>\n<\/tr>\n<tr style=\"height: 24px;\">\n<td style=\"height: 24px; width: 52.4743%;\">Valuta kredita<\/td>\n<td style=\"height: 24px; width: 23.8472%;\">EUR<\/td>\n<td style=\"width: 72.3859%; height: 24px;\">EUR<\/td>\n<\/tr>\n<tr style=\"height: 24px;\">\n<td style=\"height: 24px; width: 52.4743%;\">Iznos kredita<\/td>\n<td style=\"height: 24px; width: 23.8472%;\">250.000,00<\/td>\n<td style=\"width: 72.3859%; height: 24px;\">\u00a0250.000,00<\/td>\n<\/tr>\n<tr style=\"height: 24px;\">\n<td style=\"height: 24px; width: 52.4743%;\">Rok otplate, u mjesecima<\/td>\n<td style=\"height: 24px; width: 23.8472%;\">120<\/td>\n<td style=\"width: 72.3859%; height: 24px;\">120<\/td>\n<\/tr>\n<tr style=\"height: 24px;\">\n<td style=\"width: 52.4743%; height: 24px;\">Rok kori\u0161tenja, u mjesecima<\/td>\n<td style=\"width: 23.8472%; height: 24px;\">10<\/td>\n<td style=\"width: 72.3859%; height: 24px;\">10<\/td>\n<\/tr>\n<tr style=\"height: 24px;\">\n<td style=\"height: 24px; width: 52.4743%;\">Naknada za obradu kreditnog zahtjeva %<\/td>\n<td style=\"height: 24px; width: 23.8472%;\">BEZ NAKNADE<\/td>\n<td style=\"width: 72.3859%; height: 24px;\">BEZ NAKNADE<\/td>\n<\/tr>\n<tr style=\"height: 24px;\">\n<td style=\"height: 24px; width: 52.4743%;\">Tro\u0161ak procjene nekretnine<\/td>\n<td style=\"height: 24px; width: 23.8472%;\">200,00<\/td>\n<td style=\"width: 72.3859%; height: 24px;\">200,00<\/td>\n<\/tr>\n<tr style=\"height: 24px;\">\n<td style=\"height: 24px; width: 52.4743%;\">Godi\u0161nja premija osiguranja nekretnine<\/td>\n<td style=\"height: 24px; width: 23.8472%;\">35,00<\/td>\n<td style=\"width: 72.3859%; height: 24px;\">35,00<\/td>\n<\/tr>\n<tr style=\"height: 24px;\">\n<td style=\"height: 24px; width: 52.4743%;\">Kamatna stopa fiksna<\/td>\n<td style=\"height: 24px; width: 23.8472%;\">4,65%<\/td>\n<td style=\"width: 72.3859%; height: 24px;\">4,65%<\/td>\n<\/tr>\n<tr style=\"height: 24px;\">\n<td style=\"height: 24px; width: 52.4743%;\">EKS<\/td>\n<td style=\"height: 24px; width: 23.8472%;\">4,79%<\/td>\n<td style=\"width: 72.3859%; height: 24px;\">4,79%<\/td>\n<\/tr>\n<tr style=\"height: 24px;\">\n<td style=\"height: 24px; width: 52.4743%;\">Intercalary interest rate<\/td>\n<td style=\"height: 24px; width: 23.8472%;\">9.650,35<\/td>\n<td style=\"width: 72.3859%; height: 24px;\">9.650,35<\/td>\n<\/tr>\n<tr style=\"height: 24px;\">\n<td style=\"height: 24px; width: 52.4743%;\">Iznos kamate za razdoblje otplate<\/td>\n<td style=\"height: 24px; width: 23.8472%;\">72.739,50<\/td>\n<td style=\"width: 72.3859%; height: 24px;\">76.898,56<\/td>\n<\/tr>\n<tr style=\"height: 24px;\">\n<td style=\"height: 24px; width: 52.4743%;\">Visina mjese\u010dnog anuiteta za razdoblje otplate<\/td>\n<td style=\"height: 24px; width: 23.8472%;\">&#8211;<\/td>\n<td style=\"width: 72.3859%; height: 24px;\">2.609,07<\/td>\n<\/tr>\n<tr style=\"height: 24px;\">\n<td style=\"height: 24px; width: 52.4743%;\">Ukupan iznos za otplatu*<\/td>\n<td style=\"height: 24px; width: 23.8472%;\"><strong>323.289,50<\/strong><\/td>\n<td style=\"width: 72.3859%; height: 24px;\"><strong>327.448,56<\/strong><\/td>\n<\/tr>\n<\/tbody>\n<\/table>\n<p>&nbsp;<\/p>\n<p style=\"text-align: justify;\"><b><\/b>*Ukupan iznos za otplatu uklju\u010duje iznos glavnice kredita, kamatu obra\u010dunatu do dospije\u0107a, tro\u0161ak procjene nekretnine i godi\u0161nju premiju osiguranja nekretnine (35 EUR x 20 godina), uz pretpostavku isplate kredita 01.01.<\/p>\n<p>&nbsp;<\/p>\n<\/div>\r\n\r\n<\/div>\r\n\r\nAKO TE ZANIMA VI\u0160E INFORMACIJA, POPUNI SLIJEDE\u0106I OBRAZAC I KONTAKTIRATI \u0106EMO TE U KRATKOM ROKU:","protected":false},"excerpt":{"rendered":"<p>Investira\u0161 u kupovinu nekretnine za iznajmljivanje? Energetski obnavlja\u0161, dovr\u0161ava\u0161 ili adaptira\u0161 nekretninu za iznajmljivanje? Kupuje\u0161\/gradi\u0161 bazen ili ure\u0111uje\u0161 okoli\u0161 nekretnine za iznajmljivanje? Uz du\u017ei rok povrata, velike iznose i fiksnu [&hellip;]<\/p>","protected":false},"author":14,"featured_media":7342,"parent":22,"menu_order":3,"comment_status":"closed","ping_status":"closed","template":"page-template-4.php","meta":{"_acf_changed":false,"footnotes":""},"categories":[],"tags":[],"class_list":["post-2171843","page","type-page","status-publish","has-post-thumbnail","hentry"],"acf":[],"yoast_head":"<!-- This site is optimized with the Yoast SEO plugin v25.4 - https:\/\/yoast.com\/wordpress\/plugins\/seo\/ -->\n<title>Investicijski kredit - Slatinska Banka<\/title>\n<meta name=\"robots\" content=\"index, follow, max-snippet:-1, max-image-preview:large, max-video-preview:-1\" \/>\n<link rel=\"canonical\" href=\"https:\/\/www.slatinska-banka.hr\/en\/gradani\/krediti-i-financiranja\/investicijski-kredit\/\" \/>\n<meta property=\"og:locale\" content=\"en_US\" \/>\n<meta property=\"og:type\" content=\"article\" \/>\n<meta property=\"og:title\" content=\"Investicijski kredit - Slatinska Banka\" \/>\n<meta property=\"og:description\" content=\"Investira\u0161 u kupovinu nekretnine za iznajmljivanje? Energetski obnavlja\u0161, dovr\u0161ava\u0161 ili adaptira\u0161 nekretninu za iznajmljivanje? Kupuje\u0161\/gradi\u0161 bazen ili ure\u0111uje\u0161 okoli\u0161 nekretnine za iznajmljivanje? Uz du\u017ei rok povrata, velike iznose i fiksnu [&hellip;]\" \/>\n<meta property=\"og:url\" content=\"https:\/\/www.slatinska-banka.hr\/en\/gradani\/krediti-i-financiranja\/investicijski-kredit\/\" \/>\n<meta property=\"og:site_name\" content=\"Slatinska Banka\" \/>\n<meta property=\"article:publisher\" content=\"https:\/\/www.facebook.com\/slatinskabanka\/\" \/>\n<meta property=\"article:modified_time\" content=\"2026-03-05T08:50:56+00:00\" \/>\n<meta property=\"og:image\" content=\"https:\/\/www.slatinska-banka.hr\/wp-content\/uploads\/calculator-home-model-yellow-pencil-banking-account-book-calendar-white-background-home-loan_42708-763.jpg\" \/>\n\t<meta property=\"og:image:width\" content=\"626\" \/>\n\t<meta property=\"og:image:height\" content=\"417\" \/>\n\t<meta property=\"og:image:type\" content=\"image\/jpeg\" \/>\n<meta name=\"twitter:card\" content=\"summary_large_image\" \/>\n<meta name=\"twitter:label1\" content=\"Est. reading time\" \/>\n\t<meta name=\"twitter:data1\" content=\"2 minutes\" \/>\n<script type=\"application\/ld+json\" class=\"yoast-schema-graph\">{\"@context\":\"https:\/\/schema.org\",\"@graph\":[{\"@type\":\"WebPage\",\"@id\":\"https:\/\/www.slatinska-banka.hr\/gradani\/krediti-i-financiranja\/investicijski-kredit\/\",\"url\":\"https:\/\/www.slatinska-banka.hr\/gradani\/krediti-i-financiranja\/investicijski-kredit\/\",\"name\":\"Investicijski kredit - Slatinska Banka\",\"isPartOf\":{\"@id\":\"https:\/\/www.slatinska-banka.hr\/#website\"},\"primaryImageOfPage\":{\"@id\":\"https:\/\/www.slatinska-banka.hr\/gradani\/krediti-i-financiranja\/investicijski-kredit\/#primaryimage\"},\"image\":{\"@id\":\"https:\/\/www.slatinska-banka.hr\/gradani\/krediti-i-financiranja\/investicijski-kredit\/#primaryimage\"},\"thumbnailUrl\":\"https:\/\/www.slatinska-banka.hr\/wp-content\/uploads\/calculator-home-model-yellow-pencil-banking-account-book-calendar-white-background-home-loan_42708-763.jpg\",\"datePublished\":\"2024-11-07T12:36:13+00:00\",\"dateModified\":\"2026-03-05T08:50:56+00:00\",\"breadcrumb\":{\"@id\":\"https:\/\/www.slatinska-banka.hr\/gradani\/krediti-i-financiranja\/investicijski-kredit\/#breadcrumb\"},\"inLanguage\":\"en-US\",\"potentialAction\":[{\"@type\":\"ReadAction\",\"target\":[\"https:\/\/www.slatinska-banka.hr\/gradani\/krediti-i-financiranja\/investicijski-kredit\/\"]}]},{\"@type\":\"ImageObject\",\"inLanguage\":\"en-US\",\"@id\":\"https:\/\/www.slatinska-banka.hr\/gradani\/krediti-i-financiranja\/investicijski-kredit\/#primaryimage\",\"url\":\"https:\/\/www.slatinska-banka.hr\/wp-content\/uploads\/calculator-home-model-yellow-pencil-banking-account-book-calendar-white-background-home-loan_42708-763.jpg\",\"contentUrl\":\"https:\/\/www.slatinska-banka.hr\/wp-content\/uploads\/calculator-home-model-yellow-pencil-banking-account-book-calendar-white-background-home-loan_42708-763.jpg\",\"width\":626,\"height\":417},{\"@type\":\"BreadcrumbList\",\"@id\":\"https:\/\/www.slatinska-banka.hr\/gradani\/krediti-i-financiranja\/investicijski-kredit\/#breadcrumb\",\"itemListElement\":[{\"@type\":\"ListItem\",\"position\":1,\"name\":\"Gra\u0111ani\",\"item\":\"https:\/\/www.slatinska-banka.hr\/gradani\/\"},{\"@type\":\"ListItem\",\"position\":2,\"name\":\"Krediti i financiranja\",\"item\":\"https:\/\/www.slatinska-banka.hr\/gradani\/krediti-i-financiranja\/\"},{\"@type\":\"ListItem\",\"position\":3,\"name\":\"Investicijski kredit\"}]},{\"@type\":\"WebSite\",\"@id\":\"https:\/\/www.slatinska-banka.hr\/#website\",\"url\":\"https:\/\/www.slatinska-banka.hr\/\",\"name\":\"Slatinska Banka\",\"description\":\"Razlika je u pristupu\",\"publisher\":{\"@id\":\"https:\/\/www.slatinska-banka.hr\/#organization\"},\"potentialAction\":[{\"@type\":\"SearchAction\",\"target\":{\"@type\":\"EntryPoint\",\"urlTemplate\":\"https:\/\/www.slatinska-banka.hr\/?s={search_term_string}\"},\"query-input\":{\"@type\":\"PropertyValueSpecification\",\"valueRequired\":true,\"valueName\":\"search_term_string\"}}],\"inLanguage\":\"en-US\"},{\"@type\":\"Organization\",\"@id\":\"https:\/\/www.slatinska-banka.hr\/#organization\",\"name\":\"Slatinska banka d.d.\",\"url\":\"https:\/\/www.slatinska-banka.hr\/\",\"logo\":{\"@type\":\"ImageObject\",\"inLanguage\":\"en-US\",\"@id\":\"https:\/\/www.slatinska-banka.hr\/#\/schema\/logo\/image\/\",\"url\":\"https:\/\/www.slatinska-banka.hr\/wp-content\/uploads\/2019\/02\/logo_big.png\",\"contentUrl\":\"https:\/\/www.slatinska-banka.hr\/wp-content\/uploads\/2019\/02\/logo_big.png\",\"width\":302,\"height\":244,\"caption\":\"Slatinska banka d.d.\"},\"image\":{\"@id\":\"https:\/\/www.slatinska-banka.hr\/#\/schema\/logo\/image\/\"},\"sameAs\":[\"https:\/\/www.facebook.com\/slatinskabanka\/\",\"https:\/\/www.linkedin.com\/company\/slatinska-banka-dd\"]}]}<\/script>\n<!-- \/ Yoast SEO plugin. -->","yoast_head_json":{"title":"Investicijski kredit - Slatinska Banka","robots":{"index":"index","follow":"follow","max-snippet":"max-snippet:-1","max-image-preview":"max-image-preview:large","max-video-preview":"max-video-preview:-1"},"canonical":"https:\/\/www.slatinska-banka.hr\/en\/gradani\/krediti-i-financiranja\/investicijski-kredit\/","og_locale":"en_US","og_type":"article","og_title":"Investicijski kredit - Slatinska Banka","og_description":"Investira\u0161 u kupovinu nekretnine za iznajmljivanje? Energetski obnavlja\u0161, dovr\u0161ava\u0161 ili adaptira\u0161 nekretninu za iznajmljivanje? Kupuje\u0161\/gradi\u0161 bazen ili ure\u0111uje\u0161 okoli\u0161 nekretnine za iznajmljivanje? Uz du\u017ei rok povrata, velike iznose i fiksnu [&hellip;]","og_url":"https:\/\/www.slatinska-banka.hr\/en\/gradani\/krediti-i-financiranja\/investicijski-kredit\/","og_site_name":"Slatinska Banka","article_publisher":"https:\/\/www.facebook.com\/slatinskabanka\/","article_modified_time":"2026-03-05T08:50:56+00:00","og_image":[{"width":626,"height":417,"url":"https:\/\/www.slatinska-banka.hr\/wp-content\/uploads\/calculator-home-model-yellow-pencil-banking-account-book-calendar-white-background-home-loan_42708-763.jpg","type":"image\/jpeg"}],"twitter_card":"summary_large_image","twitter_misc":{"Est. reading time":"2 minutes"},"schema":{"@context":"https:\/\/schema.org","@graph":[{"@type":"WebPage","@id":"https:\/\/www.slatinska-banka.hr\/gradani\/krediti-i-financiranja\/investicijski-kredit\/","url":"https:\/\/www.slatinska-banka.hr\/gradani\/krediti-i-financiranja\/investicijski-kredit\/","name":"Investicijski kredit - Slatinska Banka","isPartOf":{"@id":"https:\/\/www.slatinska-banka.hr\/#website"},"primaryImageOfPage":{"@id":"https:\/\/www.slatinska-banka.hr\/gradani\/krediti-i-financiranja\/investicijski-kredit\/#primaryimage"},"image":{"@id":"https:\/\/www.slatinska-banka.hr\/gradani\/krediti-i-financiranja\/investicijski-kredit\/#primaryimage"},"thumbnailUrl":"https:\/\/www.slatinska-banka.hr\/wp-content\/uploads\/calculator-home-model-yellow-pencil-banking-account-book-calendar-white-background-home-loan_42708-763.jpg","datePublished":"2024-11-07T12:36:13+00:00","dateModified":"2026-03-05T08:50:56+00:00","breadcrumb":{"@id":"https:\/\/www.slatinska-banka.hr\/gradani\/krediti-i-financiranja\/investicijski-kredit\/#breadcrumb"},"inLanguage":"en-US","potentialAction":[{"@type":"ReadAction","target":["https:\/\/www.slatinska-banka.hr\/gradani\/krediti-i-financiranja\/investicijski-kredit\/"]}]},{"@type":"ImageObject","inLanguage":"en-US","@id":"https:\/\/www.slatinska-banka.hr\/gradani\/krediti-i-financiranja\/investicijski-kredit\/#primaryimage","url":"https:\/\/www.slatinska-banka.hr\/wp-content\/uploads\/calculator-home-model-yellow-pencil-banking-account-book-calendar-white-background-home-loan_42708-763.jpg","contentUrl":"https:\/\/www.slatinska-banka.hr\/wp-content\/uploads\/calculator-home-model-yellow-pencil-banking-account-book-calendar-white-background-home-loan_42708-763.jpg","width":626,"height":417},{"@type":"BreadcrumbList","@id":"https:\/\/www.slatinska-banka.hr\/gradani\/krediti-i-financiranja\/investicijski-kredit\/#breadcrumb","itemListElement":[{"@type":"ListItem","position":1,"name":"Gra\u0111ani","item":"https:\/\/www.slatinska-banka.hr\/gradani\/"},{"@type":"ListItem","position":2,"name":"Krediti i financiranja","item":"https:\/\/www.slatinska-banka.hr\/gradani\/krediti-i-financiranja\/"},{"@type":"ListItem","position":3,"name":"Investicijski kredit"}]},{"@type":"WebSite","@id":"https:\/\/www.slatinska-banka.hr\/#website","url":"https:\/\/www.slatinska-banka.hr\/","name":"Slatinska Banka","description":"Razlika je u pristupu","publisher":{"@id":"https:\/\/www.slatinska-banka.hr\/#organization"},"potentialAction":[{"@type":"SearchAction","target":{"@type":"EntryPoint","urlTemplate":"https:\/\/www.slatinska-banka.hr\/?s={search_term_string}"},"query-input":{"@type":"PropertyValueSpecification","valueRequired":true,"valueName":"search_term_string"}}],"inLanguage":"en-US"},{"@type":"Organization","@id":"https:\/\/www.slatinska-banka.hr\/#organization","name":"Slatinska banka d.d.","url":"https:\/\/www.slatinska-banka.hr\/","logo":{"@type":"ImageObject","inLanguage":"en-US","@id":"https:\/\/www.slatinska-banka.hr\/#\/schema\/logo\/image\/","url":"https:\/\/www.slatinska-banka.hr\/wp-content\/uploads\/2019\/02\/logo_big.png","contentUrl":"https:\/\/www.slatinska-banka.hr\/wp-content\/uploads\/2019\/02\/logo_big.png","width":302,"height":244,"caption":"Slatinska banka d.d."},"image":{"@id":"https:\/\/www.slatinska-banka.hr\/#\/schema\/logo\/image\/"},"sameAs":["https:\/\/www.facebook.com\/slatinskabanka\/","https:\/\/www.linkedin.com\/company\/slatinska-banka-dd"]}]}},"_links":{"self":[{"href":"https:\/\/www.slatinska-banka.hr\/en\/wp-json\/wp\/v2\/pages\/2171843","targetHints":{"allow":["GET"]}}],"collection":[{"href":"https:\/\/www.slatinska-banka.hr\/en\/wp-json\/wp\/v2\/pages"}],"about":[{"href":"https:\/\/www.slatinska-banka.hr\/en\/wp-json\/wp\/v2\/types\/page"}],"author":[{"embeddable":true,"href":"https:\/\/www.slatinska-banka.hr\/en\/wp-json\/wp\/v2\/users\/14"}],"replies":[{"embeddable":true,"href":"https:\/\/www.slatinska-banka.hr\/en\/wp-json\/wp\/v2\/comments?post=2171843"}],"version-history":[{"count":21,"href":"https:\/\/www.slatinska-banka.hr\/en\/wp-json\/wp\/v2\/pages\/2171843\/revisions"}],"predecessor-version":[{"id":4621370,"href":"https:\/\/www.slatinska-banka.hr\/en\/wp-json\/wp\/v2\/pages\/2171843\/revisions\/4621370"}],"up":[{"embeddable":true,"href":"https:\/\/www.slatinska-banka.hr\/en\/wp-json\/wp\/v2\/pages\/22"}],"wp:featuredmedia":[{"embeddable":true,"href":"https:\/\/www.slatinska-banka.hr\/en\/wp-json\/wp\/v2\/media\/7342"}],"wp:attachment":[{"href":"https:\/\/www.slatinska-banka.hr\/en\/wp-json\/wp\/v2\/media?parent=2171843"}],"wp:term":[{"taxonomy":"category","embeddable":true,"href":"https:\/\/www.slatinska-banka.hr\/en\/wp-json\/wp\/v2\/categories?post=2171843"},{"taxonomy":"post_tag","embeddable":true,"href":"https:\/\/www.slatinska-banka.hr\/en\/wp-json\/wp\/v2\/tags?post=2171843"}],"curies":[{"name":"wp","href":"https:\/\/api.w.org\/{rel}","templated":true}]}}