{"id":2124,"date":"2019-03-01T10:15:34","date_gmt":"2019-03-01T09:15:34","guid":{"rendered":"http:\/\/www.slatinska-banka.hr\/?page_id=2124"},"modified":"2026-01-22T10:46:16","modified_gmt":"2026-01-22T09:46:16","slug":"uprava-i-nadzorni-odbor","status":"publish","type":"page","link":"https:\/\/www.slatinska-banka.hr\/en\/banka\/o-nama\/uprava-i-nadzorni-odbor\/","title":{"rendered":"Management and Supervisory Board"},"content":{"rendered":"<h4>Management Board<\/h4>\r\n<p class=\"intro big\">Andrej Kopila\u0161, president of the Management Board<\/p>\r\n<p class=\"big\">Oliver Klesinger, Member of the Management Board<\/p>\r\n<p class=\"intro big\">Damir Kalu\u0111er, \u010dlan Uprave<\/p>\r\n\r\n<h4>Supervisory Board<\/h4>\r\n<p class=\"intro big\"><strong>Domagoj Petrinovi\u0107, president of the Supervisory Board<\/strong><\/p>\r\n<img loading=\"lazy\" decoding=\"async\" class=\"alignnone size-full wp-image-13585\" src=\"http:\/\/www.slatinska-banka.hr\/wp-content\/uploads\/domagoj-petrinovic@2x.jpg\" alt=\"\" width=\"264\" height=\"274\" \/>\r\n\r\n&nbsp;\r\n\r\n&nbsp;\r\n\r\nZavr\u0161io je pravni fakultet Sveu\u010dili\u0161ta u Zagrebu i polo\u017eio pravosudni ispit.\r\n\r\nU tijeku svoje karijere dodatno se usavr\u0161avao u podru\u010dju financija: HANFA \u2013 polo\u017een brokerski ispit i ispit za investicijskog savjetnika, ATTF Luksemburg \u2013 certifikat za upravljanje imovinom, IEDC Bled School of Management \u2013 General Managers Program, Ministarstvo gospodarstva, poduzetni\u0161tva i obrta \u2013 Certifikat u podru\u010dju javne nabave (produljen 2021.)\r\n\r\nU periodu od 2007.g. do 2014.g. bio je zaposlen u kreditnoj instituciji Hypo-Alpe-Adria Bank d.d. (danas Addiko Bank d.d.) na raznim pozicijama, a u periodu 2012.g. do 2014.g., bio je i predsjednik i \u010dlan nadzornog odbora Hypo Alpe-Adria Invest d.d.\r\n\r\nOsniva\u010d je i direktor Odvjetni\u010dkog dru\u0161tva Ko\u017eul i Petrinovi\u0107 d.o.o. te je time nastavio stjecati iskustvo na razini uprave. U odvjetni\u010dkom dru\u0161tvu posebno je posve\u0107en pru\u017eanju usluga savjetovanja i zastupanja klijenata iz podru\u010dja bankarstva, osiguranja, energetskog sektora te osoba javnog prava.\r\n\r\nU vi\u0161e navrata bio je anga\u017eiran kao voditelj tima odvjetnika u postupcima preuzimanja trgova\u010dkih dru\u0161tava te prilikom upravljanja infrastrukturnim projektima financiranima sredstvima iz fondova EU.\r\n\r\n&nbsp;\r\n\r\n&nbsp;\r\n<p class=\"intro big\"><strong>Domagoj Kara\u010di\u0107, \u010dlan Nadzornog odbora<\/strong><\/p>\r\n<img loading=\"lazy\" decoding=\"async\" class=\"alignnone size-medium wp-image-13586\" src=\"http:\/\/www.slatinska-banka.hr\/wp-content\/uploads\/Karacic-Domagoj-200x300.jpg\" alt=\"\" width=\"200\" height=\"300\" srcset=\"https:\/\/www.slatinska-banka.hr\/wp-content\/uploads\/Karacic-Domagoj-200x300.jpg 200w, https:\/\/www.slatinska-banka.hr\/wp-content\/uploads\/Karacic-Domagoj-683x1024.jpg 683w, https:\/\/www.slatinska-banka.hr\/wp-content\/uploads\/Karacic-Domagoj-768x1152.jpg 768w, https:\/\/www.slatinska-banka.hr\/wp-content\/uploads\/Karacic-Domagoj-1024x1536.jpg 1024w, https:\/\/www.slatinska-banka.hr\/wp-content\/uploads\/Karacic-Domagoj-1365x2048.jpg 1365w, https:\/\/www.slatinska-banka.hr\/wp-content\/uploads\/Karacic-Domagoj-scaled.jpg 1707w\" sizes=\"auto, (max-width: 200px) 100vw, 200px\" \/>\r\n\r\n&nbsp;\r\n\r\nIzv. prof. dr. sc. Domagoj Kara\u010di\u0107 ro\u0111en je 19. prosinca 1976. godine u Osijeku. Na Ekonomskom fakultetu u Osijeku je magistrirao 2005. godine, dok je 2011. godine doktorirao na istom fakultetu. Od 2000. do 2006. godine radio je u nekoliko poduze\u0107a u privatnom sektoru (trgovina, revizija i poduzetni\u0161tvo). Sredinom 2006. godine zaposlen je na Ekonomskom fakultetu u Osijeku kao asistent pri Katedri za financije i ra\u010dunovodstvo, a tijekom 2017. godine postao je izvanredni profesor na Ekonomskom fakultetu u Osijeku. Nositelj je i predaje na kolegijima: \u00a8Javne financije\u00a8, \u00a8Lokalne javne financije\u00a8 i \u00a8Porezni menad\u017ement\u00a8.\r\n\r\nOd 2017. godine aktivan je \u010dlan Odbora za financijsko poslovanje i prora\u010dun Sveu\u010dili\u0161ta J.J.Strossmayera u Osijeku. Voditelj je programa cjelo\u017eivotnog obrazovanja pod nazivom \u00a8Javna nabava\u00a8 na Ekonomskom fakultetu u Osijeku, \u010dlan je Odbora za financijsko poslovanje i prora\u010dun Sveu\u010dili\u0161ta J.J. Strossmayer u Osijeku, predsjednik je Upravnog vije\u0107a Instituta za javne financije, Zagreb te je od 2024. godine predsjednik revizorskog odbora Zra\u010dne luke Osijek.\r\n\r\nU okviru strukovnih udru\u017eenja \u010dlan je Udruge ra\u010dunovo\u0111a i financijskih djelatnika (URFD) te je \u010dlan Znanstvenog dru\u0161tva ekonomista (ZDE). Samostalno i u suautorstvu objavio je 43 znanstvena rada, sudjelovao na vi\u0161e doma\u0107ih i me\u0111unarodnih konferencija, objavio je 3 nastavna materijala za studente, u suautorstvu je objavio 1 sveu\u010dili\u0161ni ud\u017ebenik \u00a0te je urednik 1 znanstvene knjige.\r\n\r\n&nbsp;\r\n<p class=\"intro big\"><strong>Anita Zeli\u0107, member of the Supervisory Board<\/strong><\/p>\r\n<img loading=\"lazy\" decoding=\"async\" class=\"alignnone size-medium wp-image-13587\" src=\"http:\/\/www.slatinska-banka.hr\/wp-content\/uploads\/anita_zelic-300x300.png\" alt=\"\" width=\"300\" height=\"300\" srcset=\"https:\/\/www.slatinska-banka.hr\/wp-content\/uploads\/anita_zelic-300x300.png 300w, https:\/\/www.slatinska-banka.hr\/wp-content\/uploads\/anita_zelic-1024x1024.png 1024w, https:\/\/www.slatinska-banka.hr\/wp-content\/uploads\/anita_zelic-150x150.png 150w, https:\/\/www.slatinska-banka.hr\/wp-content\/uploads\/anita_zelic-768x768.png 768w, https:\/\/www.slatinska-banka.hr\/wp-content\/uploads\/anita_zelic.png 1200w\" sizes=\"auto, (max-width: 300px) 100vw, 300px\" \/>\r\n\r\n&nbsp;\r\n\r\n&nbsp;\r\n\r\nmr.sc. Anita Zeli\u0107 magistrirala je na Poslijediplomskom studiju na Ekonomskom fakultetu u Osijeku, a u svom radu tematizirala je va\u017enost minimalne adekvatnosti kapitala banaka te utjecaj primjene Basela II na financiranje malih i srednjih poduze\u0107a.\r\n\r\nDoktorandica je na Doktorskom studiju Ekonomija na Sveu\u010dili\u0161tu u Rijeci.\r\n\r\nU posljednjih 15 godina sudjelovala je u nastavnom procesu vi\u0161e kolegija na nekoliko veleu\u010dili\u0161ta i visokih poslovnih \u0161kola (uklju\u010duju\u0107i i kolegije Principles of Economics\u00a0te Business Finance\u00a0koje je izvodila na engleskom jeziku) te bila mentorica na vi\u0161e desetaka zavr\u0161nih i diplomskih radova.\r\n\r\nTrenutno je predava\u010d na Sveu\u010dili\u0161tu VERN\u2019 i nositelj je nekoliko kolegija na preddiplomskom studiju (Osnove financijske analize i planiranja; Osnove ekonomske pismenosti) te na diplomskom studiju (Makroekonomija).\r\n\r\nSvoj znanstveno-istra\u017eiva\u010dki fokus usmjeravala je i na suvremene izazove nacionalne ekonomije, a u proteklih nekoliko godina bila je suradnica na znanstveno istra\u017eiva\u010dkom projektu \u201eEkonomski u\u010dinci demografskih promjena u RH\u201c na Ekonomskom fakultetu Sveu\u010dili\u0161ta u Rijeci.\r\n\r\nRedovito je na portalima i u poslovnim \u010dasopisima objavljivala gospodarske kolumne i analiti\u010dke poslovne \u010dlanke iz podru\u010dja SME sektora, bankarstva i rada ostalih financijskih institucija.\r\n\r\nDio karijere provela je i na rukovode\u0107im polo\u017eajima u financijskom sektoru.\r\n\r\nG\u0111a Zeli\u0107 zaposlena je u Gradu Zagrebu od 2019. godine, a 2021. preuzima poziciju Voditeljice odsjeka za pra\u0107enje, istra\u017eivanje i analizu kretanja stanovni\u0161tva u Gradskom uredu za socijalnu za\u0161titu, zdravstvo, branitelje i osobe s invaliditetom. U 2024. g. mijenja poziciju te postaje Voditeljica odjela za analiti\u010dke i statisti\u010dke poslove, Grad Zagreb.\r\n\r\nKrajem 2025. godine u Gradu Zagrebu predlo\u017eena je za dodatne funkcije &#8211; kao \u010dlanica Radne skupine za unaprje\u0111enje statisti\u010dkog sustava Grada Zagreba te kao \u010dlanica Savjetodavne skupine predstavnika javnih tijela i nevladinih dionika u okviru OECD projekta \u201eUspostava strate\u0161kog, zakonodavnog i institucionalnog okvira za demografsku revitalizaciju Hrvatske\u201c (projekt koji Ministarstvo demografije i useljeni\u0161tva provodi u suradnji s OECD-om i Europskom komisijom).\r\n\r\nTijekom 2025. godine g\u0111a Zeli\u0107 poha\u0111ala je Edukaciju za osna\u017eivanje stru\u010dnjaka za socijalno planiranje, provedbu i pra\u0107enje Socijalnog plana Grada Zagreba (Projekt sufinanciran sredstvima Europske unije iz Europskog socijalnog fonda plus).\r\n\r\nOd 2025. godine \u010dlanica je stru\u010dnog nacionalnog \u017eirija dr\u017eavnog statisti\u010dkog natjecanja u nacionalnoj fazi Europskog statisti\u010dkog natjecanja (ESC-a) koje organizira Dr\u017eavni zavod za statistiku (u organizaciji s EUROSTAT-om).\r\n<p class=\"intro\"><\/p>","protected":false},"excerpt":{"rendered":"<p>Uprava banke Andrej Kopila\u0161, predsjednik Uprave Oliver Klesinger, \u010dlan Uprave Damir Kalu\u0111er, \u010dlan Uprave Nadzorni odbor Domagoj Petrinovi\u0107 , predsjednik Nadzornog odbora &nbsp; &nbsp; Zavr\u0161io je pravni fakultet Sveu\u010dili\u0161ta u [&hellip;]<\/p>","protected":false},"author":14,"featured_media":2132,"parent":167,"menu_order":0,"comment_status":"closed","ping_status":"closed","template":"page-template-3.php","meta":{"_acf_changed":false,"footnotes":""},"categories":[],"tags":[],"class_list":["post-2124","page","type-page","status-publish","has-post-thumbnail","hentry"],"acf":[],"yoast_head":"<!-- This site is optimized with the Yoast SEO plugin v25.4 - https:\/\/yoast.com\/wordpress\/plugins\/seo\/ -->\n<title>Uprava i nadzorni odbor - Slatinska Banka<\/title>\n<meta name=\"robots\" content=\"index, follow, max-snippet:-1, max-image-preview:large, max-video-preview:-1\" \/>\n<link rel=\"canonical\" href=\"https:\/\/www.slatinska-banka.hr\/en\/banka\/o-nama\/uprava-i-nadzorni-odbor\/\" \/>\n<meta property=\"og:locale\" content=\"en_US\" \/>\n<meta property=\"og:type\" content=\"article\" \/>\n<meta property=\"og:title\" content=\"Uprava i nadzorni odbor - Slatinska Banka\" \/>\n<meta property=\"og:description\" content=\"Uprava banke Andrej Kopila\u0161, predsjednik Uprave Oliver Klesinger, \u010dlan Uprave Damir Kalu\u0111er, \u010dlan Uprave Nadzorni odbor Domagoj Petrinovi\u0107 , predsjednik Nadzornog odbora &nbsp; &nbsp; Zavr\u0161io je pravni fakultet Sveu\u010dili\u0161ta u [&hellip;]\" \/>\n<meta property=\"og:url\" content=\"https:\/\/www.slatinska-banka.hr\/en\/banka\/o-nama\/uprava-i-nadzorni-odbor\/\" \/>\n<meta property=\"og:site_name\" content=\"Slatinska Banka\" \/>\n<meta property=\"article:publisher\" content=\"https:\/\/www.facebook.com\/slatinskabanka\/\" \/>\n<meta property=\"article:modified_time\" content=\"2026-01-22T09:46:16+00:00\" \/>\n<meta property=\"og:image\" content=\"https:\/\/www.slatinska-banka.hr\/wp-content\/uploads\/2019\/03\/about-us-collaboration-community-872955-1024x683.jpg\" \/>\n\t<meta property=\"og:image:width\" content=\"1024\" \/>\n\t<meta property=\"og:image:height\" content=\"683\" \/>\n\t<meta property=\"og:image:type\" content=\"image\/jpeg\" \/>\n<meta name=\"twitter:card\" content=\"summary_large_image\" \/>\n<meta name=\"twitter:label1\" content=\"Est. reading time\" \/>\n\t<meta name=\"twitter:data1\" content=\"5 minutes\" \/>\n<script type=\"application\/ld+json\" class=\"yoast-schema-graph\">{\"@context\":\"https:\/\/schema.org\",\"@graph\":[{\"@type\":\"WebPage\",\"@id\":\"https:\/\/www.slatinska-banka.hr\/banka\/o-nama\/uprava-i-nadzorni-odbor\/\",\"url\":\"https:\/\/www.slatinska-banka.hr\/banka\/o-nama\/uprava-i-nadzorni-odbor\/\",\"name\":\"Uprava i nadzorni odbor - Slatinska Banka\",\"isPartOf\":{\"@id\":\"https:\/\/www.slatinska-banka.hr\/#website\"},\"primaryImageOfPage\":{\"@id\":\"https:\/\/www.slatinska-banka.hr\/banka\/o-nama\/uprava-i-nadzorni-odbor\/#primaryimage\"},\"image\":{\"@id\":\"https:\/\/www.slatinska-banka.hr\/banka\/o-nama\/uprava-i-nadzorni-odbor\/#primaryimage\"},\"thumbnailUrl\":\"https:\/\/www.slatinska-banka.hr\/wp-content\/uploads\/2019\/03\/about-us-collaboration-community-872955.jpg\",\"datePublished\":\"2019-03-01T09:15:34+00:00\",\"dateModified\":\"2026-01-22T09:46:16+00:00\",\"breadcrumb\":{\"@id\":\"https:\/\/www.slatinska-banka.hr\/banka\/o-nama\/uprava-i-nadzorni-odbor\/#breadcrumb\"},\"inLanguage\":\"en-US\",\"potentialAction\":[{\"@type\":\"ReadAction\",\"target\":[\"https:\/\/www.slatinska-banka.hr\/banka\/o-nama\/uprava-i-nadzorni-odbor\/\"]}]},{\"@type\":\"ImageObject\",\"inLanguage\":\"en-US\",\"@id\":\"https:\/\/www.slatinska-banka.hr\/banka\/o-nama\/uprava-i-nadzorni-odbor\/#primaryimage\",\"url\":\"https:\/\/www.slatinska-banka.hr\/wp-content\/uploads\/2019\/03\/about-us-collaboration-community-872955.jpg\",\"contentUrl\":\"https:\/\/www.slatinska-banka.hr\/wp-content\/uploads\/2019\/03\/about-us-collaboration-community-872955.jpg\",\"width\":6765,\"height\":4515},{\"@type\":\"BreadcrumbList\",\"@id\":\"https:\/\/www.slatinska-banka.hr\/banka\/o-nama\/uprava-i-nadzorni-odbor\/#breadcrumb\",\"itemListElement\":[{\"@type\":\"ListItem\",\"position\":1,\"name\":\"Banka\",\"item\":\"https:\/\/www.slatinska-banka.hr\/banka\/\"},{\"@type\":\"ListItem\",\"position\":2,\"name\":\"O nama\",\"item\":\"https:\/\/www.slatinska-banka.hr\/banka\/o-nama\/\"},{\"@type\":\"ListItem\",\"position\":3,\"name\":\"Uprava i nadzorni odbor\"}]},{\"@type\":\"WebSite\",\"@id\":\"https:\/\/www.slatinska-banka.hr\/#website\",\"url\":\"https:\/\/www.slatinska-banka.hr\/\",\"name\":\"Slatinska Banka\",\"description\":\"Razlika je u pristupu\",\"publisher\":{\"@id\":\"https:\/\/www.slatinska-banka.hr\/#organization\"},\"potentialAction\":[{\"@type\":\"SearchAction\",\"target\":{\"@type\":\"EntryPoint\",\"urlTemplate\":\"https:\/\/www.slatinska-banka.hr\/?s={search_term_string}\"},\"query-input\":{\"@type\":\"PropertyValueSpecification\",\"valueRequired\":true,\"valueName\":\"search_term_string\"}}],\"inLanguage\":\"en-US\"},{\"@type\":\"Organization\",\"@id\":\"https:\/\/www.slatinska-banka.hr\/#organization\",\"name\":\"Slatinska banka d.d.\",\"url\":\"https:\/\/www.slatinska-banka.hr\/\",\"logo\":{\"@type\":\"ImageObject\",\"inLanguage\":\"en-US\",\"@id\":\"https:\/\/www.slatinska-banka.hr\/#\/schema\/logo\/image\/\",\"url\":\"https:\/\/www.slatinska-banka.hr\/wp-content\/uploads\/2019\/02\/logo_big.png\",\"contentUrl\":\"https:\/\/www.slatinska-banka.hr\/wp-content\/uploads\/2019\/02\/logo_big.png\",\"width\":302,\"height\":244,\"caption\":\"Slatinska banka d.d.\"},\"image\":{\"@id\":\"https:\/\/www.slatinska-banka.hr\/#\/schema\/logo\/image\/\"},\"sameAs\":[\"https:\/\/www.facebook.com\/slatinskabanka\/\",\"https:\/\/www.linkedin.com\/company\/slatinska-banka-dd\"]}]}<\/script>\n<!-- \/ Yoast SEO plugin. -->","yoast_head_json":{"title":"Uprava i nadzorni odbor - Slatinska Banka","robots":{"index":"index","follow":"follow","max-snippet":"max-snippet:-1","max-image-preview":"max-image-preview:large","max-video-preview":"max-video-preview:-1"},"canonical":"https:\/\/www.slatinska-banka.hr\/en\/banka\/o-nama\/uprava-i-nadzorni-odbor\/","og_locale":"en_US","og_type":"article","og_title":"Uprava i nadzorni odbor - Slatinska Banka","og_description":"Uprava banke Andrej Kopila\u0161, predsjednik Uprave Oliver Klesinger, \u010dlan Uprave Damir Kalu\u0111er, \u010dlan Uprave Nadzorni odbor Domagoj Petrinovi\u0107 , predsjednik Nadzornog odbora &nbsp; &nbsp; Zavr\u0161io je pravni fakultet Sveu\u010dili\u0161ta u [&hellip;]","og_url":"https:\/\/www.slatinska-banka.hr\/en\/banka\/o-nama\/uprava-i-nadzorni-odbor\/","og_site_name":"Slatinska Banka","article_publisher":"https:\/\/www.facebook.com\/slatinskabanka\/","article_modified_time":"2026-01-22T09:46:16+00:00","og_image":[{"width":1024,"height":683,"url":"https:\/\/www.slatinska-banka.hr\/wp-content\/uploads\/2019\/03\/about-us-collaboration-community-872955-1024x683.jpg","type":"image\/jpeg"}],"twitter_card":"summary_large_image","twitter_misc":{"Est. reading time":"5 minutes"},"schema":{"@context":"https:\/\/schema.org","@graph":[{"@type":"WebPage","@id":"https:\/\/www.slatinska-banka.hr\/banka\/o-nama\/uprava-i-nadzorni-odbor\/","url":"https:\/\/www.slatinska-banka.hr\/banka\/o-nama\/uprava-i-nadzorni-odbor\/","name":"Uprava i nadzorni odbor - Slatinska Banka","isPartOf":{"@id":"https:\/\/www.slatinska-banka.hr\/#website"},"primaryImageOfPage":{"@id":"https:\/\/www.slatinska-banka.hr\/banka\/o-nama\/uprava-i-nadzorni-odbor\/#primaryimage"},"image":{"@id":"https:\/\/www.slatinska-banka.hr\/banka\/o-nama\/uprava-i-nadzorni-odbor\/#primaryimage"},"thumbnailUrl":"https:\/\/www.slatinska-banka.hr\/wp-content\/uploads\/2019\/03\/about-us-collaboration-community-872955.jpg","datePublished":"2019-03-01T09:15:34+00:00","dateModified":"2026-01-22T09:46:16+00:00","breadcrumb":{"@id":"https:\/\/www.slatinska-banka.hr\/banka\/o-nama\/uprava-i-nadzorni-odbor\/#breadcrumb"},"inLanguage":"en-US","potentialAction":[{"@type":"ReadAction","target":["https:\/\/www.slatinska-banka.hr\/banka\/o-nama\/uprava-i-nadzorni-odbor\/"]}]},{"@type":"ImageObject","inLanguage":"en-US","@id":"https:\/\/www.slatinska-banka.hr\/banka\/o-nama\/uprava-i-nadzorni-odbor\/#primaryimage","url":"https:\/\/www.slatinska-banka.hr\/wp-content\/uploads\/2019\/03\/about-us-collaboration-community-872955.jpg","contentUrl":"https:\/\/www.slatinska-banka.hr\/wp-content\/uploads\/2019\/03\/about-us-collaboration-community-872955.jpg","width":6765,"height":4515},{"@type":"BreadcrumbList","@id":"https:\/\/www.slatinska-banka.hr\/banka\/o-nama\/uprava-i-nadzorni-odbor\/#breadcrumb","itemListElement":[{"@type":"ListItem","position":1,"name":"Banka","item":"https:\/\/www.slatinska-banka.hr\/banka\/"},{"@type":"ListItem","position":2,"name":"O nama","item":"https:\/\/www.slatinska-banka.hr\/banka\/o-nama\/"},{"@type":"ListItem","position":3,"name":"Uprava i nadzorni odbor"}]},{"@type":"WebSite","@id":"https:\/\/www.slatinska-banka.hr\/#website","url":"https:\/\/www.slatinska-banka.hr\/","name":"Slatinska Banka","description":"Razlika je u pristupu","publisher":{"@id":"https:\/\/www.slatinska-banka.hr\/#organization"},"potentialAction":[{"@type":"SearchAction","target":{"@type":"EntryPoint","urlTemplate":"https:\/\/www.slatinska-banka.hr\/?s={search_term_string}"},"query-input":{"@type":"PropertyValueSpecification","valueRequired":true,"valueName":"search_term_string"}}],"inLanguage":"en-US"},{"@type":"Organization","@id":"https:\/\/www.slatinska-banka.hr\/#organization","name":"Slatinska banka d.d.","url":"https:\/\/www.slatinska-banka.hr\/","logo":{"@type":"ImageObject","inLanguage":"en-US","@id":"https:\/\/www.slatinska-banka.hr\/#\/schema\/logo\/image\/","url":"https:\/\/www.slatinska-banka.hr\/wp-content\/uploads\/2019\/02\/logo_big.png","contentUrl":"https:\/\/www.slatinska-banka.hr\/wp-content\/uploads\/2019\/02\/logo_big.png","width":302,"height":244,"caption":"Slatinska banka d.d."},"image":{"@id":"https:\/\/www.slatinska-banka.hr\/#\/schema\/logo\/image\/"},"sameAs":["https:\/\/www.facebook.com\/slatinskabanka\/","https:\/\/www.linkedin.com\/company\/slatinska-banka-dd"]}]}},"_links":{"self":[{"href":"https:\/\/www.slatinska-banka.hr\/en\/wp-json\/wp\/v2\/pages\/2124","targetHints":{"allow":["GET"]}}],"collection":[{"href":"https:\/\/www.slatinska-banka.hr\/en\/wp-json\/wp\/v2\/pages"}],"about":[{"href":"https:\/\/www.slatinska-banka.hr\/en\/wp-json\/wp\/v2\/types\/page"}],"author":[{"embeddable":true,"href":"https:\/\/www.slatinska-banka.hr\/en\/wp-json\/wp\/v2\/users\/14"}],"replies":[{"embeddable":true,"href":"https:\/\/www.slatinska-banka.hr\/en\/wp-json\/wp\/v2\/comments?post=2124"}],"version-history":[{"count":24,"href":"https:\/\/www.slatinska-banka.hr\/en\/wp-json\/wp\/v2\/pages\/2124\/revisions"}],"predecessor-version":[{"id":4513008,"href":"https:\/\/www.slatinska-banka.hr\/en\/wp-json\/wp\/v2\/pages\/2124\/revisions\/4513008"}],"up":[{"embeddable":true,"href":"https:\/\/www.slatinska-banka.hr\/en\/wp-json\/wp\/v2\/pages\/167"}],"wp:featuredmedia":[{"embeddable":true,"href":"https:\/\/www.slatinska-banka.hr\/en\/wp-json\/wp\/v2\/media\/2132"}],"wp:attachment":[{"href":"https:\/\/www.slatinska-banka.hr\/en\/wp-json\/wp\/v2\/media?parent=2124"}],"wp:term":[{"taxonomy":"category","embeddable":true,"href":"https:\/\/www.slatinska-banka.hr\/en\/wp-json\/wp\/v2\/categories?post=2124"},{"taxonomy":"post_tag","embeddable":true,"href":"https:\/\/www.slatinska-banka.hr\/en\/wp-json\/wp\/v2\/tags?post=2124"}],"curies":[{"name":"wp","href":"https:\/\/api.w.org\/{rel}","templated":true}]}}