{"id":1955,"date":"2019-02-27T08:10:46","date_gmt":"2019-02-27T07:10:46","guid":{"rendered":"http:\/\/www.slatinska-banka.hr\/?page_id=1955"},"modified":"2021-01-19T09:38:03","modified_gmt":"2021-01-19T08:38:03","slug":"placanje-u-inozemstvo","status":"publish","type":"page","link":"https:\/\/www.slatinska-banka.hr\/en\/placanje-u-inozemstvo\/","title":{"rendered":"Pla\u0107anje u inozemstvo"},"content":{"rendered":"<p style=\"text-align: justify;\">Kao Nalogodavatelj prilikom pla\u0107anja u inozemstvo ili na ra\u010dun nerezidenta u zemlji trebate:<\/p>\r\n<ul>\r\n\t<li style=\"text-align: justify;\">dostaviti ispravno popunjen Nalog za pla\u0107anje u inozemstvo\u00a0\u00a0<\/li>\r\n\t<li style=\"text-align: justify;\">osigurati pokri\u0107e na transakcijskom ra\u010dunu.<\/li>\r\n<\/ul>\r\n<p style=\"text-align: justify;\">Bitno je da na Nalogu za pla\u0107anje u inozemstvo navedete SWIFT adresu banke korisnika i IBAN korisnika, kako bi se izbjegli dodatni tro\u0161kovi\u00a0 obrade inozemne banke i rizik neizvr\u0161avanja doznake u inozemstvo od strane inozemne banke.<\/p>\r\n<p style=\"text-align: justify;\">Sve ispravno zaprimljene naloge za pla\u0107anje, Banka obra\u0111uje sukladno <a href=\"https:\/\/www.slatinska-banka.hr\/en\/dokumenti-pravne-osobe\/\">Terminskom planu Banke<\/a>, osim ako nalogodavac\u00a0 ne odredi kasniju valutu izvr\u0161enja pla\u0107anja u inozemstvo.<\/p>\r\n<p style=\"text-align: justify;\">Kopiju\u00a0 SWIFT naloga o izvr\u0161enom pla\u0107anju u inozemstvo\u00a0 dostavljamo Vam putem telefaksa ili e-mail-a-om.<\/p>","protected":false},"excerpt":{"rendered":"<p>Kao Nalogodavatelj prilikom pla\u0107anja u inozemstvo ili na ra\u010dun nerezidenta u zemlji trebate: dostaviti ispravno popunjen Nalog za pla\u0107anje u inozemstvo\u00a0\u00a0 osigurati pokri\u0107e na transakcijskom ra\u010dunu. Bitno je da na [&hellip;]<\/p>","protected":false},"author":14,"featured_media":0,"parent":0,"menu_order":0,"comment_status":"closed","ping_status":"closed","template":"","meta":{"_acf_changed":false,"footnotes":""},"categories":[],"tags":[],"class_list":["post-1955","page","type-page","status-publish","hentry"],"acf":[],"yoast_head":"<!-- This site is optimized with the Yoast SEO plugin v25.4 - https:\/\/yoast.com\/wordpress\/plugins\/seo\/ -->\n<title>Pla\u0107anje u inozemstvo - Slatinska Banka<\/title>\n<meta name=\"robots\" content=\"index, follow, max-snippet:-1, max-image-preview:large, max-video-preview:-1\" \/>\n<link rel=\"canonical\" href=\"https:\/\/www.slatinska-banka.hr\/en\/placanje-u-inozemstvo\/\" \/>\n<meta property=\"og:locale\" content=\"en_US\" \/>\n<meta property=\"og:type\" content=\"article\" \/>\n<meta property=\"og:title\" content=\"Pla\u0107anje u inozemstvo - Slatinska Banka\" \/>\n<meta property=\"og:description\" content=\"Kao Nalogodavatelj prilikom pla\u0107anja u inozemstvo ili na ra\u010dun nerezidenta u zemlji trebate: dostaviti ispravno popunjen Nalog za pla\u0107anje u inozemstvo\u00a0\u00a0 osigurati pokri\u0107e na transakcijskom ra\u010dunu. Bitno je da na [&hellip;]\" \/>\n<meta property=\"og:url\" content=\"https:\/\/www.slatinska-banka.hr\/en\/placanje-u-inozemstvo\/\" \/>\n<meta property=\"og:site_name\" content=\"Slatinska Banka\" \/>\n<meta property=\"article:publisher\" content=\"https:\/\/www.facebook.com\/slatinskabanka\/\" \/>\n<meta property=\"article:modified_time\" content=\"2021-01-19T08:38:03+00:00\" \/>\n<meta name=\"twitter:card\" content=\"summary_large_image\" \/>\n<meta name=\"twitter:label1\" content=\"Est. reading time\" \/>\n\t<meta name=\"twitter:data1\" content=\"1 minute\" \/>\n<script type=\"application\/ld+json\" class=\"yoast-schema-graph\">{\"@context\":\"https:\/\/schema.org\",\"@graph\":[{\"@type\":\"WebPage\",\"@id\":\"https:\/\/www.slatinska-banka.hr\/en\/placanje-u-inozemstvo\/\",\"url\":\"https:\/\/www.slatinska-banka.hr\/en\/placanje-u-inozemstvo\/\",\"name\":\"Pla\u0107anje u inozemstvo - Slatinska Banka\",\"isPartOf\":{\"@id\":\"https:\/\/www.slatinska-banka.hr\/#website\"},\"datePublished\":\"2019-02-27T07:10:46+00:00\",\"dateModified\":\"2021-01-19T08:38:03+00:00\",\"inLanguage\":\"en-US\",\"potentialAction\":[{\"@type\":\"ReadAction\",\"target\":[\"https:\/\/www.slatinska-banka.hr\/en\/placanje-u-inozemstvo\/\"]}]},{\"@type\":\"WebSite\",\"@id\":\"https:\/\/www.slatinska-banka.hr\/#website\",\"url\":\"https:\/\/www.slatinska-banka.hr\/\",\"name\":\"Slatinska Banka\",\"description\":\"Razlika je u pristupu\",\"publisher\":{\"@id\":\"https:\/\/www.slatinska-banka.hr\/#organization\"},\"potentialAction\":[{\"@type\":\"SearchAction\",\"target\":{\"@type\":\"EntryPoint\",\"urlTemplate\":\"https:\/\/www.slatinska-banka.hr\/?s={search_term_string}\"},\"query-input\":{\"@type\":\"PropertyValueSpecification\",\"valueRequired\":true,\"valueName\":\"search_term_string\"}}],\"inLanguage\":\"en-US\"},{\"@type\":\"Organization\",\"@id\":\"https:\/\/www.slatinska-banka.hr\/#organization\",\"name\":\"Slatinska banka d.d.\",\"url\":\"https:\/\/www.slatinska-banka.hr\/\",\"logo\":{\"@type\":\"ImageObject\",\"inLanguage\":\"en-US\",\"@id\":\"https:\/\/www.slatinska-banka.hr\/#\/schema\/logo\/image\/\",\"url\":\"https:\/\/www.slatinska-banka.hr\/wp-content\/uploads\/2019\/02\/logo_big.png\",\"contentUrl\":\"https:\/\/www.slatinska-banka.hr\/wp-content\/uploads\/2019\/02\/logo_big.png\",\"width\":302,\"height\":244,\"caption\":\"Slatinska banka d.d.\"},\"image\":{\"@id\":\"https:\/\/www.slatinska-banka.hr\/#\/schema\/logo\/image\/\"},\"sameAs\":[\"https:\/\/www.facebook.com\/slatinskabanka\/\",\"https:\/\/www.linkedin.com\/company\/slatinska-banka-dd\"]}]}<\/script>\n<!-- \/ Yoast SEO plugin. -->","yoast_head_json":{"title":"Pla\u0107anje u inozemstvo - Slatinska Banka","robots":{"index":"index","follow":"follow","max-snippet":"max-snippet:-1","max-image-preview":"max-image-preview:large","max-video-preview":"max-video-preview:-1"},"canonical":"https:\/\/www.slatinska-banka.hr\/en\/placanje-u-inozemstvo\/","og_locale":"en_US","og_type":"article","og_title":"Pla\u0107anje u inozemstvo - Slatinska Banka","og_description":"Kao Nalogodavatelj prilikom pla\u0107anja u inozemstvo ili na ra\u010dun nerezidenta u zemlji trebate: dostaviti ispravno popunjen Nalog za pla\u0107anje u inozemstvo\u00a0\u00a0 osigurati pokri\u0107e na transakcijskom ra\u010dunu. Bitno je da na [&hellip;]","og_url":"https:\/\/www.slatinska-banka.hr\/en\/placanje-u-inozemstvo\/","og_site_name":"Slatinska Banka","article_publisher":"https:\/\/www.facebook.com\/slatinskabanka\/","article_modified_time":"2021-01-19T08:38:03+00:00","twitter_card":"summary_large_image","twitter_misc":{"Est. reading time":"1 minute"},"schema":{"@context":"https:\/\/schema.org","@graph":[{"@type":"WebPage","@id":"https:\/\/www.slatinska-banka.hr\/en\/placanje-u-inozemstvo\/","url":"https:\/\/www.slatinska-banka.hr\/en\/placanje-u-inozemstvo\/","name":"Pla\u0107anje u inozemstvo - Slatinska Banka","isPartOf":{"@id":"https:\/\/www.slatinska-banka.hr\/#website"},"datePublished":"2019-02-27T07:10:46+00:00","dateModified":"2021-01-19T08:38:03+00:00","inLanguage":"en-US","potentialAction":[{"@type":"ReadAction","target":["https:\/\/www.slatinska-banka.hr\/en\/placanje-u-inozemstvo\/"]}]},{"@type":"WebSite","@id":"https:\/\/www.slatinska-banka.hr\/#website","url":"https:\/\/www.slatinska-banka.hr\/","name":"Slatinska Banka","description":"Razlika je u pristupu","publisher":{"@id":"https:\/\/www.slatinska-banka.hr\/#organization"},"potentialAction":[{"@type":"SearchAction","target":{"@type":"EntryPoint","urlTemplate":"https:\/\/www.slatinska-banka.hr\/?s={search_term_string}"},"query-input":{"@type":"PropertyValueSpecification","valueRequired":true,"valueName":"search_term_string"}}],"inLanguage":"en-US"},{"@type":"Organization","@id":"https:\/\/www.slatinska-banka.hr\/#organization","name":"Slatinska banka d.d.","url":"https:\/\/www.slatinska-banka.hr\/","logo":{"@type":"ImageObject","inLanguage":"en-US","@id":"https:\/\/www.slatinska-banka.hr\/#\/schema\/logo\/image\/","url":"https:\/\/www.slatinska-banka.hr\/wp-content\/uploads\/2019\/02\/logo_big.png","contentUrl":"https:\/\/www.slatinska-banka.hr\/wp-content\/uploads\/2019\/02\/logo_big.png","width":302,"height":244,"caption":"Slatinska banka d.d."},"image":{"@id":"https:\/\/www.slatinska-banka.hr\/#\/schema\/logo\/image\/"},"sameAs":["https:\/\/www.facebook.com\/slatinskabanka\/","https:\/\/www.linkedin.com\/company\/slatinska-banka-dd"]}]}},"_links":{"self":[{"href":"https:\/\/www.slatinska-banka.hr\/en\/wp-json\/wp\/v2\/pages\/1955","targetHints":{"allow":["GET"]}}],"collection":[{"href":"https:\/\/www.slatinska-banka.hr\/en\/wp-json\/wp\/v2\/pages"}],"about":[{"href":"https:\/\/www.slatinska-banka.hr\/en\/wp-json\/wp\/v2\/types\/page"}],"author":[{"embeddable":true,"href":"https:\/\/www.slatinska-banka.hr\/en\/wp-json\/wp\/v2\/users\/14"}],"replies":[{"embeddable":true,"href":"https:\/\/www.slatinska-banka.hr\/en\/wp-json\/wp\/v2\/comments?post=1955"}],"version-history":[{"count":7,"href":"https:\/\/www.slatinska-banka.hr\/en\/wp-json\/wp\/v2\/pages\/1955\/revisions"}],"predecessor-version":[{"id":11372,"href":"https:\/\/www.slatinska-banka.hr\/en\/wp-json\/wp\/v2\/pages\/1955\/revisions\/11372"}],"wp:attachment":[{"href":"https:\/\/www.slatinska-banka.hr\/en\/wp-json\/wp\/v2\/media?parent=1955"}],"wp:term":[{"taxonomy":"category","embeddable":true,"href":"https:\/\/www.slatinska-banka.hr\/en\/wp-json\/wp\/v2\/categories?post=1955"},{"taxonomy":"post_tag","embeddable":true,"href":"https:\/\/www.slatinska-banka.hr\/en\/wp-json\/wp\/v2\/tags?post=1955"}],"curies":[{"name":"wp","href":"https:\/\/api.w.org\/{rel}","templated":true}]}}