{"id":1953,"date":"2019-02-27T08:09:27","date_gmt":"2019-02-27T07:09:27","guid":{"rendered":"http:\/\/www.slatinska-banka.hr\/?page_id=1953"},"modified":"2024-01-11T15:21:41","modified_gmt":"2024-01-11T14:21:41","slug":"naplate-iz-inozemstva","status":"publish","type":"page","link":"https:\/\/www.slatinska-banka.hr\/en\/naplate-iz-inozemstva\/","title":{"rendered":"Naplate iz inozemstva"},"content":{"rendered":"<p style=\"text-align: justify;\">Da biste osigurali pravovremeno, sigurno i to\u010dno primanje naplata iz inozemstva, kao Korisnik naplate\u00a0 svojeg inozemnog poslovnog\u00a0 partnera trebate obavijestiti o:<\/p>\r\n\r\n<ul style=\"text-align: justify;\">\r\n \t<li>Va\u0161em punom i to\u010dnom nazivu te adresi,<\/li>\r\n \t<li>IBAN (jedinstvenom me\u0111unarodnom broju ra\u010duna klijenta u banci). Va\u0161 IBAN u Slatinskoj banci naveden je na izvatku transakcijskog ra\u010duna. Hrvatski IBAN ima 21 alfanumeri\u010dki znak.<\/li>\r\n \t<li>SWIFT adresi svoje poslovne banke : SBSLHR2X<\/li>\r\n<\/ul>\r\n<p style=\"text-align: justify;\">O odobrenim zaprimljenim naplatama iz inozemstva ili s ra\u010duna nerezidenata u zemlji Slatinska banka obavije\u0161tava Vas putem Obavijesti o priljevu, koju Vam \u0161aljemo\u00a0 putem\u00a0 telefaksa ili e-mail-a.<\/p>\r\n<p style=\"text-align: justify;\">Naknade i tro\u0161kove, Slatinska banka obra\u010dunava i\u00a0 napla\u0107uje sukladno odluci o tarifi naknada Slatinske banke.<\/p>\r\n<p style=\"text-align: justify;\">Naknade po poslovima platnog propmeta s inozemstvom obra\u010dunavamo jednokratno po izvr\u0161enju platne transakcije, a napla\u0107ujemo u eurima tere\u0107enjem va\u0161eg transakcijskog ra\u010duna.<\/p>\r\n<p style=\"text-align: justify;\">O iznosu obra\u010dunate i napla\u0107ene naknade obavje\u0161tavamo Vas putem:<\/p>\r\n\r\n<ul style=\"text-align: justify;\">\r\n \t<li>Obavijesti o priljevu iz inozemstva (prilikom obrade naplata iz inozemstva)<\/li>\r\n \t<li>SWIFT poruke MT103 (prilikom obrade pla\u0107anja u inozemstvo)<\/li>\r\n \t<li>Izvatka po transakcijskom ra\u010dunu<\/li>\r\n<\/ul>\r\n<p style=\"text-align: justify;\">Zahtjeve za otkup deviza, Banka izvr\u0161ava sukladno <a href=\"https:\/\/www.slatinska-banka.hr\/en\/dokumenti-pravne-osobe\/\">Terminskom planu Banke<\/a>.<\/p>","protected":false},"excerpt":{"rendered":"<p>Da biste osigurali pravovremeno, sigurno i to\u010dno primanje naplata iz inozemstva, kao Korisnik naplate\u00a0 svojeg inozemnog poslovnog\u00a0 partnera trebate obavijestiti o: Va\u0161em punom i to\u010dnom nazivu te adresi, IBAN (jedinstvenom [&hellip;]<\/p>","protected":false},"author":14,"featured_media":0,"parent":0,"menu_order":0,"comment_status":"closed","ping_status":"closed","template":"","meta":{"_acf_changed":false,"footnotes":""},"categories":[],"tags":[],"class_list":["post-1953","page","type-page","status-publish","hentry"],"acf":[],"yoast_head":"<!-- This site is optimized with the Yoast SEO plugin v25.4 - https:\/\/yoast.com\/wordpress\/plugins\/seo\/ -->\n<title>Naplate iz inozemstva - Slatinska Banka<\/title>\n<meta name=\"robots\" content=\"index, follow, max-snippet:-1, max-image-preview:large, max-video-preview:-1\" \/>\n<link rel=\"canonical\" href=\"https:\/\/www.slatinska-banka.hr\/en\/naplate-iz-inozemstva\/\" \/>\n<meta property=\"og:locale\" content=\"en_US\" \/>\n<meta property=\"og:type\" content=\"article\" \/>\n<meta property=\"og:title\" content=\"Naplate iz inozemstva - Slatinska Banka\" \/>\n<meta property=\"og:description\" content=\"Da biste osigurali pravovremeno, sigurno i to\u010dno primanje naplata iz inozemstva, kao Korisnik naplate\u00a0 svojeg inozemnog poslovnog\u00a0 partnera trebate obavijestiti o: Va\u0161em punom i to\u010dnom nazivu te adresi, IBAN (jedinstvenom [&hellip;]\" \/>\n<meta property=\"og:url\" content=\"https:\/\/www.slatinska-banka.hr\/en\/naplate-iz-inozemstva\/\" \/>\n<meta property=\"og:site_name\" content=\"Slatinska Banka\" \/>\n<meta property=\"article:publisher\" content=\"https:\/\/www.facebook.com\/slatinskabanka\/\" \/>\n<meta property=\"article:modified_time\" content=\"2024-01-11T14:21:41+00:00\" \/>\n<meta name=\"twitter:card\" content=\"summary_large_image\" \/>\n<meta name=\"twitter:label1\" content=\"Est. reading time\" \/>\n\t<meta name=\"twitter:data1\" content=\"1 minute\" \/>\n<script type=\"application\/ld+json\" class=\"yoast-schema-graph\">{\"@context\":\"https:\/\/schema.org\",\"@graph\":[{\"@type\":\"WebPage\",\"@id\":\"https:\/\/www.slatinska-banka.hr\/naplate-iz-inozemstva\/\",\"url\":\"https:\/\/www.slatinska-banka.hr\/naplate-iz-inozemstva\/\",\"name\":\"Naplate iz inozemstva - Slatinska Banka\",\"isPartOf\":{\"@id\":\"https:\/\/www.slatinska-banka.hr\/#website\"},\"datePublished\":\"2019-02-27T07:09:27+00:00\",\"dateModified\":\"2024-01-11T14:21:41+00:00\",\"inLanguage\":\"en-US\",\"potentialAction\":[{\"@type\":\"ReadAction\",\"target\":[\"https:\/\/www.slatinska-banka.hr\/naplate-iz-inozemstva\/\"]}]},{\"@type\":\"WebSite\",\"@id\":\"https:\/\/www.slatinska-banka.hr\/#website\",\"url\":\"https:\/\/www.slatinska-banka.hr\/\",\"name\":\"Slatinska Banka\",\"description\":\"Razlika je u pristupu\",\"publisher\":{\"@id\":\"https:\/\/www.slatinska-banka.hr\/#organization\"},\"potentialAction\":[{\"@type\":\"SearchAction\",\"target\":{\"@type\":\"EntryPoint\",\"urlTemplate\":\"https:\/\/www.slatinska-banka.hr\/?s={search_term_string}\"},\"query-input\":{\"@type\":\"PropertyValueSpecification\",\"valueRequired\":true,\"valueName\":\"search_term_string\"}}],\"inLanguage\":\"en-US\"},{\"@type\":\"Organization\",\"@id\":\"https:\/\/www.slatinska-banka.hr\/#organization\",\"name\":\"Slatinska banka d.d.\",\"url\":\"https:\/\/www.slatinska-banka.hr\/\",\"logo\":{\"@type\":\"ImageObject\",\"inLanguage\":\"en-US\",\"@id\":\"https:\/\/www.slatinska-banka.hr\/#\/schema\/logo\/image\/\",\"url\":\"https:\/\/www.slatinska-banka.hr\/wp-content\/uploads\/2019\/02\/logo_big.png\",\"contentUrl\":\"https:\/\/www.slatinska-banka.hr\/wp-content\/uploads\/2019\/02\/logo_big.png\",\"width\":302,\"height\":244,\"caption\":\"Slatinska banka d.d.\"},\"image\":{\"@id\":\"https:\/\/www.slatinska-banka.hr\/#\/schema\/logo\/image\/\"},\"sameAs\":[\"https:\/\/www.facebook.com\/slatinskabanka\/\",\"https:\/\/www.linkedin.com\/company\/slatinska-banka-dd\"]}]}<\/script>\n<!-- \/ Yoast SEO plugin. -->","yoast_head_json":{"title":"Naplate iz inozemstva - Slatinska Banka","robots":{"index":"index","follow":"follow","max-snippet":"max-snippet:-1","max-image-preview":"max-image-preview:large","max-video-preview":"max-video-preview:-1"},"canonical":"https:\/\/www.slatinska-banka.hr\/en\/naplate-iz-inozemstva\/","og_locale":"en_US","og_type":"article","og_title":"Naplate iz inozemstva - Slatinska Banka","og_description":"Da biste osigurali pravovremeno, sigurno i to\u010dno primanje naplata iz inozemstva, kao Korisnik naplate\u00a0 svojeg inozemnog poslovnog\u00a0 partnera trebate obavijestiti o: Va\u0161em punom i to\u010dnom nazivu te adresi, IBAN (jedinstvenom [&hellip;]","og_url":"https:\/\/www.slatinska-banka.hr\/en\/naplate-iz-inozemstva\/","og_site_name":"Slatinska Banka","article_publisher":"https:\/\/www.facebook.com\/slatinskabanka\/","article_modified_time":"2024-01-11T14:21:41+00:00","twitter_card":"summary_large_image","twitter_misc":{"Est. reading time":"1 minute"},"schema":{"@context":"https:\/\/schema.org","@graph":[{"@type":"WebPage","@id":"https:\/\/www.slatinska-banka.hr\/naplate-iz-inozemstva\/","url":"https:\/\/www.slatinska-banka.hr\/naplate-iz-inozemstva\/","name":"Naplate iz inozemstva - Slatinska Banka","isPartOf":{"@id":"https:\/\/www.slatinska-banka.hr\/#website"},"datePublished":"2019-02-27T07:09:27+00:00","dateModified":"2024-01-11T14:21:41+00:00","inLanguage":"en-US","potentialAction":[{"@type":"ReadAction","target":["https:\/\/www.slatinska-banka.hr\/naplate-iz-inozemstva\/"]}]},{"@type":"WebSite","@id":"https:\/\/www.slatinska-banka.hr\/#website","url":"https:\/\/www.slatinska-banka.hr\/","name":"Slatinska Banka","description":"Razlika je u pristupu","publisher":{"@id":"https:\/\/www.slatinska-banka.hr\/#organization"},"potentialAction":[{"@type":"SearchAction","target":{"@type":"EntryPoint","urlTemplate":"https:\/\/www.slatinska-banka.hr\/?s={search_term_string}"},"query-input":{"@type":"PropertyValueSpecification","valueRequired":true,"valueName":"search_term_string"}}],"inLanguage":"en-US"},{"@type":"Organization","@id":"https:\/\/www.slatinska-banka.hr\/#organization","name":"Slatinska banka d.d.","url":"https:\/\/www.slatinska-banka.hr\/","logo":{"@type":"ImageObject","inLanguage":"en-US","@id":"https:\/\/www.slatinska-banka.hr\/#\/schema\/logo\/image\/","url":"https:\/\/www.slatinska-banka.hr\/wp-content\/uploads\/2019\/02\/logo_big.png","contentUrl":"https:\/\/www.slatinska-banka.hr\/wp-content\/uploads\/2019\/02\/logo_big.png","width":302,"height":244,"caption":"Slatinska banka d.d."},"image":{"@id":"https:\/\/www.slatinska-banka.hr\/#\/schema\/logo\/image\/"},"sameAs":["https:\/\/www.facebook.com\/slatinskabanka\/","https:\/\/www.linkedin.com\/company\/slatinska-banka-dd"]}]}},"_links":{"self":[{"href":"https:\/\/www.slatinska-banka.hr\/en\/wp-json\/wp\/v2\/pages\/1953","targetHints":{"allow":["GET"]}}],"collection":[{"href":"https:\/\/www.slatinska-banka.hr\/en\/wp-json\/wp\/v2\/pages"}],"about":[{"href":"https:\/\/www.slatinska-banka.hr\/en\/wp-json\/wp\/v2\/types\/page"}],"author":[{"embeddable":true,"href":"https:\/\/www.slatinska-banka.hr\/en\/wp-json\/wp\/v2\/users\/14"}],"replies":[{"embeddable":true,"href":"https:\/\/www.slatinska-banka.hr\/en\/wp-json\/wp\/v2\/comments?post=1953"}],"version-history":[{"count":6,"href":"https:\/\/www.slatinska-banka.hr\/en\/wp-json\/wp\/v2\/pages\/1953\/revisions"}],"predecessor-version":[{"id":841425,"href":"https:\/\/www.slatinska-banka.hr\/en\/wp-json\/wp\/v2\/pages\/1953\/revisions\/841425"}],"wp:attachment":[{"href":"https:\/\/www.slatinska-banka.hr\/en\/wp-json\/wp\/v2\/media?parent=1953"}],"wp:term":[{"taxonomy":"category","embeddable":true,"href":"https:\/\/www.slatinska-banka.hr\/en\/wp-json\/wp\/v2\/categories?post=1953"},{"taxonomy":"post_tag","embeddable":true,"href":"https:\/\/www.slatinska-banka.hr\/en\/wp-json\/wp\/v2\/tags?post=1953"}],"curies":[{"name":"wp","href":"https:\/\/api.w.org\/{rel}","templated":true}]}}