{"id":1866,"date":"2019-02-26T11:39:53","date_gmt":"2019-02-26T10:39:53","guid":{"rendered":"http:\/\/www.slatinska-banka.hr\/?page_id=1866"},"modified":"2025-10-24T11:14:12","modified_gmt":"2025-10-24T09:14:12","slug":"dokumenti-pravne-osobe","status":"publish","type":"page","link":"https:\/\/www.slatinska-banka.hr\/en\/dokumenti-pravne-osobe\/","title":{"rendered":"Dokumenti &#8211; Pravne osobe"},"content":{"rendered":"<div class=\"accordeon\">\r\n\r\n<h2><span class=\"naslov\">Tarifa naknada<\/span><\/h2><div><p><a href=\"https:\/\/www.slatinska-banka.hr\/wp-content\/uploads\/Tarifa-naknada-za-poslovne-subjekte_09.2025.pdf\">Tarifa naknada za poslovne subjekte<\/a> &#8211; Primjena od 09.10.2025.<\/p>\n<p><a href=\"https:\/\/www.slatinska-banka.hr\/wp-content\/uploads\/Tarifa-naknada-za-poslovne-subjekte_19082025_WEB.pdf\">Tarifa naknada za poslovne subjekte<\/a> &#8211; Primjena od 08.09.2025.<\/p>\n<p><a href=\"https:\/\/www.slatinska-banka.hr\/wp-content\/uploads\/Tarifa-naknada-za-poslovne-subjekte_Primjena-od-15.03.2025.pdf\">Tarifa naknada za poslovne subjekte<\/a> &#8211; Primjena od 15.03.2025.<\/p>\n<p>&nbsp;<\/p>\n<p>&nbsp;<\/p>\n<hr \/>\n<h4>Arhiva<\/h4>\n<p><a href=\"https:\/\/www.slatinska-banka.hr\/wp-content\/uploads\/Tarifa-naknada-za-poslovne-subjekte_primjena-od-01.01.2025.pdf\">Tarifa naknada za poslovne subjekte<\/a> &#8211; Primjena od 01.01.2025.<\/p>\n<p><a href=\"https:\/\/www.slatinska-banka.hr\/wp-content\/uploads\/Tarifa-naknada-za-poslovne-subjekte_primjena-01.07.2024.pdf\">Tarifa naknada za poslovne subjekte<\/a> &#8211; Primjena od 01.07.2024.<\/p>\n<p><a href=\"https:\/\/www.slatinska-banka.hr\/wp-content\/uploads\/Tarifa-naknada-za-poslovne-subjekte-12.12.2023-za-web-objavu.pdf\">Tarifa naknada za poslovne subjekte<\/a> &#8211; Primjena od 01.01.2024.<\/p>\n<p><a href=\"https:\/\/www.slatinska-banka.hr\/wp-content\/uploads\/Tarifanaknadezaposlovnesubjekte23.05.2023zawebobjavu.pdf\">Tarifa naknada za poslovne subjekte<\/a> &#8211; Primjena od 01.07.2023.<\/p>\n<p><a href=\"https:\/\/www.slatinska-banka.hr\/wp-content\/uploads\/Tarifanaknadazaposlovnesubjekte02.05.2023..pdf\">Tarifa naknada za poslovne subjekte<\/a> &#8211; Primjena od 01.06.2023.<\/p>\n<p><a href=\"https:\/\/www.slatinska-banka.hr\/wp-content\/uploads\/OdlukaoTarifinaknadazaposlovnesubjekte06122022WEBverzija.pdf\">Tarifa naknada za poslovne subjekte<\/a> \u2013 Primjena od 01.01.2023.<\/p>\n<p><a href=\"http:\/\/www.slatinska-banka.hr\/wp-content\/uploads\/Odlukaotarifinaknadazaposlovnesubjekte_primjena01.09.2022..pdf\">Tarifa naknada za poslovne subjekte<\/a> \u2013 Primjena od 01.09.2022.<\/p>\n<p><a href=\"http:\/\/www.slatinska-banka.hr\/wp-content\/uploads\/IzvadakizTarifenaknadanaknadauposlovanjuBankespravnimosobamalipanj20212.pdf\">Izvadak iz Tarife naknada za pravne osobe<\/a> &#8211; Primjena od 01.07.2021.<\/p>\n<p><a href=\"http:\/\/www.slatinska-banka.hr\/wp-content\/uploads\/OdlukaotarifinaknadauposlovanjuBankespravnimosobama-711-20od08.12.2020.pdf\">Odluka o tarifi naknada za pravne osobe<\/a> &#8211; Primjena od 28.12.2020.\/01.01.2021.<\/p>\n<p><a href=\"http:\/\/www.slatinska-banka.hr\/wp-content\/uploads\/OdlukaoizmjeniOdlukeotarifinaknadauposlovanjuBankespravnimosobamabroj221-20od31.03.2020.pdf\">Odluka o tarifi naknada za pravne osobe 31.03.2020.<\/a> &#8211; Primjena od 01.05.2020.<\/p>\n<p><a href=\"http:\/\/www.slatinska-banka.hr\/wp-content\/uploads\/Odluka-o-naknadi-za-podizanje-gotovine-na-bankomatima-drugih-banaka-za-pravne-osobe.pdf\">Odluka o naknadi za podizanje gotovine na bankomatima drugih banaka za pravne osobe<\/a> &#8211; Primjena od 06.08.2020.<\/p>\n<p><a href=\"\/wp-content\/uploads\/Odlukaopodizanjugotovognovcadebitnimkarticamapravnihosobanabankomatubeznaknade.pdf\">Odluka o kori\u0161tenju bankomata drugih banaka bez naknade<\/a> &#8211; Primjena od 27.03.2020.<\/p>\n<p><a href=\"\/wp-content\/uploads\/Odluka_o_tarifi_naknada_u_poslovanju_Banke_s_pravnim_osobama.pdf\">Odluka o tarifi naknada za pravne osobe 15.10.2019.<\/a> &#8211; Primjena od 15.12.2019.<\/p>\n<p><a href=\"\/wp-content\/uploads\/2019\/02\/Odluka_o_tarifi_naknada_za_pravne_osobe_04092019.pdf\">Odluka o tarifi naknada za pravne osobe 04.09.2019.<\/a><\/p>\n<p><a href=\"\/wp-content\/uploads\/2019\/02\/Odluka_o_tarifi_naknada_za_pravne_osobe_12022019.pdf\">Odluka o tarifi naknada za pravne osobe 12.02.2019.<\/a><\/p>\n<p><a href=\"\/wp-content\/uploads\/2019\/02\/Odluka_o_tarifi_naknada_za_pravne_osobe_29012019.pdf\">Odluka o tarifi naknada za pravne osobe 29.01.2019.<\/a><\/p>\n<\/div>\r\n\r\n<h2><span class=\"naslov\">Odluke o kamatnim stopama<\/span><\/h2><div><p><a href=\"https:\/\/www.slatinska-banka.hr\/wp-content\/uploads\/IzvadakizOdlukeovisinikamatnihstopauposlovanjusposlovnimsubjektima-1.pdf\">Izvadak iz Odluke o visini kamatnih stopa u poslovanju s poslovnim subjektima<\/a> \u2013 Primjena od 10.10.2023.<\/p>\n<p>&nbsp;<\/p>\n<h4>Arhiva<\/h4>\n<p><a href=\"https:\/\/www.slatinska-banka.hr\/wp-content\/uploads\/IzvadakizOdlukeovisinikamatnihstopauposlovanjusposlovnimsubjektimaprimjenaod01.01.2023.WEBverzija.pdf\">Izvadak iz Odluke o visini kamatnih stopa u poslovanju s poslovnim subjektima<\/a> &#8211; Primjena od 01.01.2023<\/p>\n<p><a href=\"https:\/\/www.slatinska-banka.hr\/wp-content\/uploads\/IzvadakizOdlukeovisinikamatnihstopauposlovanjusposlovnimsubjektima.pdf\">Izvadak iz Odluke o visini kamatnih stopa u poslovanju s poslovnim subjektima<\/a> \u2013 Primjena od 01.08.2022.<\/p>\n<p><a href=\"http:\/\/www.slatinska-banka.hr\/wp-content\/uploads\/OPCIUVJETIPROMJENEKAMATNIHSTOPASLATINSKEBANKEd.d.NAKREDITNEPLASMANEPOSLOVNIHSUBJEKATA21.12.2021..pdf\">Op\u0107i uvjeti promjene kamatnih stopa Slatinske banke d.d. na kreditne plasmane poslovnih subjekata, 21.12.2021.<\/a><\/p>\n<p><a href=\"http:\/\/www.slatinska-banka.hr\/wp-content\/uploads\/Odluka-o-kamatnim-stopama-banke-u-poslovanju-s-pravnim-osobama-obrtnicima-i-drugim-fizi\u010dkim-osobama.pdf\">Odluka o kamatnim stopama banke 01.12.2020.<\/a><\/p>\n<p><a href=\"\/wp-content\/uploads\/2019\/02\/Odluka_o_kamatnim_stopama_pravne_osobe_27122018.pdf\">Odluka o kamatnim stopama za pravne osobe 27.12.2018.<\/a><\/p>\n<p><a href=\"\/wp-content\/uploads\/2019\/02\/Odluka_o_kamatnim_stopama_pravne_osobe_25092018.pdf\">Odluka o kamatnim stopama za pravne osobe 25.09.2018.<\/a><\/p>\n<\/div>\r\n\r\n<h2><span class=\"naslov\">Terminski planovi<\/span><\/h2><div><p><a href=\"https:\/\/www.slatinska-banka.hr\/wp-content\/uploads\/Terminski-plan-primitka-i-izvrsenja-platnih-naloga-klijenata-Banke-u-platnom-prometu-u-nacionalnoj-valuti-v.13.00.pdf\">Terminski plan primitka i izvr\u0161enja platnih naloga klijenata banke u platnom prometu u nacionalnoj valuti<\/a> &#8211; va\u017ee\u0107i od 08.09.2025<\/p>\n<p><a href=\"https:\/\/www.slatinska-banka.hr\/wp-content\/uploads\/Terminski-plan-primitka-i-izvrsenja-deviznih-platnih-naloga-klijenata-Banke-v10.00_web.pdf\">Terminski plan primitka i izvr\u0161enja deviznih platnih naloga klijenata banke<\/a> &#8211; va\u017ee\u0107i od 02.05.2025.<\/p>\n<p><a href=\"https:\/\/www.slatinska-banka.hr\/wp-content\/uploads\/Terminski-plan-primitka-i-izvrsenja-platnih-naloga-klijenata-Banke-u-platnom-prometu-u-nacionalnoj-valuti-v.10.00.pdf\">Terminski plan primitka i izvr\u0161enja platnih naloga klijenata banke u platnom prometu u nacionalnoj valuti<\/a> &#8211; va\u017ee\u0107i od 01.02.2024. do 23.12.2024. godine, odnosno 09.01.2025. godine<\/p>\n<p><a href=\"https:\/\/www.slatinska-banka.hr\/wp-content\/uploads\/Terminski-plan-primitka-i-izvrsenja-platnih-naloga-klijenata-Banke-u-platnom-prometu-u-nacionalnoj-valuti-v.11.00.pdf\">Terminski plan primitka i izvr\u0161enja platnih naloga klijenata banke u platnom prometu u nacionalnoj valuti<\/a> &#8211; va\u017ee\u0107i od 23.12.2024. godine, odnosno 09.01.2025. godine<\/p>\n<p><a href=\"https:\/\/www.slatinska-banka.hr\/wp-content\/uploads\/Terminski-plan-primitka-i-izvrsenja-deviznih-platnih-naloga-klijenata-Banke-v9.00.pdf\">Terminski plan primitka i izvr\u0161enja deviznih platnih naloga klijenata banke<\/a> &#8211; va\u017ee\u0107i od 01.02.2024.<\/p>\n<p><a href=\"https:\/\/www.slatinska-banka.hr\/wp-content\/uploads\/TerminskiplanprimitkaiizvrsenjaplatnihnalogaklijenataBankeuplatnomprometuunacionalnojvalutiv.09.01.pdf\">Terminski plan primitka i izvr\u0161enja platnih naloga klijenata banke u platnom prometu u nacionalnoj valuti<\/a> &#8211; va\u017ee\u0107i od 14.01.2024.<\/p>\n<p><a href=\"https:\/\/www.slatinska-banka.hr\/wp-content\/uploads\/TerminskiplanprimitkaiizvrsenjadeviznihplatnihnalogaklijenataBankev.8.001.pdf\">Terminski plan primitka i izvr\u0161enja deviznih platnih naloga klijenata banke<\/a> &#8211; va\u017ee\u0107i od 01.01.2023.<\/p>\n<p><a href=\"https:\/\/www.slatinska-banka.hr\/wp-content\/uploads\/TerminskiplanprimitkaiizvrsenjaplatnihnalogaklijenataBankeuplatnomprometuunacionalnojvalutiv.9.001.pdf\">Terminski plan primitka i izvr\u0161enja platnih naloga klijenata banke u platnom prometu u nacionalnoj valuti<\/a> &#8211; va\u017ee\u0107i od 01.01.2023.<\/p>\n<p><a href=\"http:\/\/www.slatinska-banka.hr\/wp-content\/uploads\/TerminskiplanprimitkaiizvrsenjaplatnihnalogaklijenataBankeuplatnomprometuuzemljiv.8.00.pdf\">Terminski plan izvr\u0161enja platnih naloga u platnom prometu u zemlji<\/a><\/p>\n<p><a href=\"http:\/\/www.slatinska-banka.hr\/wp-content\/uploads\/TerminskiplanprimitkaiizvrsenjadeviznihplatnihnalogaklijenataBankev.7.00.pdf\">Terminski plan izvr\u0161enja deviznih platnih naloga klijenata Banke<\/a><\/p>\n<h4>Arhiva<\/h4>\n<p><a href=\"https:\/\/www.slatinska-banka.hr\/wp-content\/uploads\/Terminski-plan-primitka-i-izvrsenja-platnih-naloga-klijenata-Banke-u-platnom-prometu-u-nacionalnoj-valuti-v.12.00-_web.pdf\">Terminski plan primitka i izvr\u0161enja platnih naloga klijenata banke u platnom prometu u nacionalnoj valuti<\/a><\/p>\n<p><a href=\"\/wp-content\/uploads\/Terminski_plan_primitka-i_izvr\u0161enja_platnih_naloga_klijenata_Banke_u_platnom_prometu_u_zemlji_v.7.00.pdf\">Terminski plan izvr\u0161enja platnih naloga u platnom prometu u zemlji<\/a><\/p>\n<p><a href=\"\/wp-content\/uploads\/Terminski_plan_primitka_i_izvr\u0161enja_deviznih_platnih_naloga_klijenata_Banke_v.6.00.pdf\">Terminski plan izvr\u0161enja deviznih platnih naloga klijenata Banke<\/a><\/p>\n<\/div>\r\n\r\n<h2><span class=\"naslov\">Korisni\u010dke upute<\/span><\/h2><div><p><a href=\"\/wp-content\/uploads\/2019\/02\/Pet_koraka_do_Internet_bankarstva_PKI_-_pravne_osobe.pdf\">Pet koraka do Internet bankarstva &#8211; pravne osobe<\/a><\/p>\n<p><a href=\"\/upute\/Uputa_za_instalaciju_i_koristenje_podrske_za_Gemalto_PKI_uredaje.pdf\">Uputa za instalaciju i kori\u0161tenje podr\u0161ke\u00a0 za Gemalto PKI ure\u0111aje<\/a><\/p>\n<p><a href=\"\/wp-content\/uploads\/2019\/02\/DekripcijaPin.pdf\">Uputa za dekripciju PIN-a<\/a><\/p>\n<p><a href=\"\/wp-content\/uploads\/2019\/02\/Uputa_za_udaljeno_izdavanje_i_obnovu_korisnickih_certifikata.pdf\">Uputa za udaljeno izdavanje i obnovu korisni\u010dkih certifikata<\/a><\/p>\n<p><a href=\"\/wp-content\/uploads\/2019\/02\/slbanka_signergy.pdf\">Korisni\u010dka uputa za instalaciju aplikacije SignErgy<\/a><\/p>\n<p><a href=\"\/wp-content\/uploads\/2019\/02\/SLB_Korisnicke_upute_internet_bankarstvo_PO.pdf\">Korisni\u010dke upute za Internet bankarstvo<\/a><\/p>\n<p><a href=\"\/wp-content\/uploads\/2019\/02\/SLB_Korisni\u010dke_upute_Mobilni_token.pdf\">Korisni\u010dke upute Mobilni token<\/a><\/p>\n<p><a href=\"\/wp-content\/uploads\/2019\/02\/Korisnicke_upute_za_token_v1.01.pdf\">Korisni\u010dke upute za token<\/a><\/p>\n<\/div>\r\n\r\n<h2><span class=\"naslov\">Katalog proizvoda<\/span><\/h2><div><p><a href=\"https:\/\/www.slatinska-banka.hr\/wp-content\/uploads\/Katalog-proizvoda-za-poslovne-subjekte_02.2023.pdf\">Katalog proizvoda Sektora gospodarstva<\/a><\/p>\n<\/div>\r\n\r\n<h2><span class=\"naslov\">Zahtjevi<\/span><\/h2><div><p><a href=\"https:\/\/www.slatinska-banka.hr\/wp-content\/uploads\/Zahtjev_Ogranicenje_Ovlast_On-line-bankarstvo_poslovni-subjekti-1.pdf\">Zahtjev za ograni\u010denje ovlasti na digitalnim kanalima za poslovne subjekte<\/a><\/p>\n<p><a href=\"https:\/\/www.slatinska-banka.hr\/wp-content\/uploads\/Zahtjev-za-otvaranje-transakcijskog-racuna-_-rujan-2025_-v.1.2.-F-1.pdf\">Zahtjev za otvaranje transakcijskog ra\u010duna rujan 2025<\/a><\/p>\n<p><a href=\"https:\/\/www.slatinska-banka.hr\/wp-content\/uploads\/ZahtjevzausluguOn-linebankarstvo-Internetbankarstvo-dodavanjenovoguredajasijecanj2023.pdf\">Zahtjev za uslugu on-line bankarstvo-Internet bankarstvo za poslovne subjekte\/dodavanjem drugog ure\u0111aja<\/a><\/p>\n<p><a href=\"https:\/\/www.slatinska-banka.hr\/wp-content\/uploads\/ZahtjevzausluguOn-linebankarstvo-Mobilnobankarstvosijecanj2023.pdf\">Zahtjev za uslugu on-line bankarstvo-Mobilno bankarstvo za poslovne subjekte<\/a><\/p>\n<p><a href=\"https:\/\/www.slatinska-banka.hr\/wp-content\/uploads\/SBS_Zahtjev_Dodatne-tablice_2024-2.xlsx\">Kreditni zahtjev<\/a><\/p>\n<p><a href=\"https:\/\/www.slatinska-banka.hr\/wp-content\/uploads\/Zahtjev-za-izdavanje-Visa-Business-Credit-kartice-docx-1.pdf\">Zahtjev za izdavanje Visa business credit kartice<\/a><\/p>\n<p><a href=\"\/wp\/wp-content\/uploads\/2019\/02\/Zahtjev_za_otvaranje_SMS_usluge_za_pravne_osobe_i_obrtnike.pdf\">Zahtjev za otvaranje SMS usluge za pravne osobe i obrtnike<\/a><\/p>\n<p><a href=\"\/wp-content\/uploads\/PCPP001_Jednokratan_zahtjev_za_autorizacijom_naloga_dodavanjem_ra\u010duna_primatelja_na_bijelu_listu_v4.00.pdf\">Zahtjev za autorizaciju naloga \/ dodavanje ra\u010duna primatelja na bijelu listu<\/a><\/p>\n<p><a href=\"\/wp-content\/uploads\/2019\/02\/Zahtjev_za_izdavanje_poslovnih_certifikata_v3.00.pdf\">Zahtjev za izdavanje poslovnih certifikata<\/a><\/p>\n<p><a href=\"\/wp-content\/uploads\/ZAHTJEV_ZA_IZMJENAMA_PO_TRANSAKCIJSKOM_RA\u010cUNU.pdf\">Zahtjev za izmjenama po transakcijskom ra\u010dunu<\/a><\/p>\n<p><a href=\"\/wp-content\/uploads\/2019\/02\/RDC_ugovor_v4.00.pdf\">RDC ugovor<\/a><\/p>\n<p><a href=\"\/wp-content\/uploads\/2019\/02\/Jednokratna_izjava_za_pravne_osobe.pdf\">Jednokratna izjava za HROK za pravne osobe<\/a><\/p>\n<p><a href=\"\/wp-content\/uploads\/2019\/02\/Visekratna_izjava_za_pravne_osobe.pdf\">Vi\u0161ekratna izjava za HROK za pravne osobe<\/a><\/p>\n<p><a href=\"https:\/\/www.slatinska-banka.hr\/wp-content\/uploads\/Zahtjev-za-izdavanje-Visa-Business-Debit-1.pdf\">Zahtjev za izdavanje Visa Bussines debit kartce<\/a><\/p>\n<p><a href=\"\/wp-content\/uploads\/2019\/02\/Informacija_o_HROK-u_i_ponuda_za_davanje_izjave_za_Registar_31052016.pdf\">Informacija o HROK-u i ponuda za davanje izjave za Registar<\/a><\/p>\n<\/div>\r\n\r\n<h2><span class=\"naslov\">FINA pristupnice i zahtjevi<\/span><\/h2><div><p><a href=\"\/wp-content\/uploads\/2019\/02\/Izjava_o_upotrebi_certifikata_za_kori\u0161tenje_eservisa_Fine_v2.00.pdf\">Izjava o upotrebi certifikata za kori\u0161tenje e-servisa Fine<\/a><\/p>\n<p><a href=\"\/wp-content\/uploads\/2019\/02\/Izjava_o_upotrebi_Fininih_digitalnih_certifikata_izdanih_na_kripto_ure\u0111aju_za_koristenje_servisa_eBlokade_v2.00.pdf\">Izjava o upotrebi Fininih digitalnih certifikata izdanih na kripto ure\u0111aju za kori\u0161tenje servisa eBlokade<\/a><\/p>\n<p><a href=\"\/wp-content\/uploads\/2019\/02\/Pristupnica_za_koristenje_e_servise_Fine_v8.00.pdf\">Pristupnica za kori\u0161tenje e-servisa Fine<\/a><\/p>\n<p><a href=\"\/wp-content\/uploads\/2019\/02\/Pristupnica_za_registraciju_tvrtke_s_poslovnim_jedinicama_za_servis_eRacun_v2.00.pdf\">Pristupnica za registraciju tvrtke s poslovnim jedinicama za servis eRa\u010dun<\/a><\/p>\n<p><a href=\"\/wp-content\/uploads\/2019\/02\/Pristupnica_za_internetski_servis_eRacun_v2.00.pdf\">Pristupnica za internetski servis eRa\u010dun<\/a><\/p>\n<p><a href=\"\/wp-content\/uploads\/2019\/02\/Punomoc_za_koristenje_e_servisa_FINE_v3.00.pdf\">Punomo\u0107 za kori\u0161tenje e-servisa Fine<\/a><\/p>\n<p><a href=\"\/wp-content\/uploads\/2019\/02\/Punomoc_za_koristenje_servisa_eRacun_v2.00.pdf\">Punomo\u0107 za kori\u0161tenje servisa eRa\u010dun<\/a><\/p>\n<p><a href=\"\/wp-content\/uploads\/2019\/02\/Punomoc_za_koristenje_servisa_eBlokade_v4.00.pdf\">Punomo\u0107 za kori\u0161tenje servisa eBlokade<\/a><\/p>\n<p><a href=\"\/wp-content\/uploads\/2019\/02\/Punomoc_za_koristenje_servisa_u_ime_drugog_poslovnog_subjekta_v2_00.pdf\">Punomo\u0107 za koristenje servisa u ime drugog poslovnog subjekta<\/a><\/p>\n<p><a href=\"\/wp-content\/uploads\/2019\/02\/Zahtjev_za_otkaz_kori\u0161tenja_Fininih_eservisa_v2.00.pdf\">Zahtjev za otkaz kori\u0161tenja Fininih e-servisa<\/a><\/p>\n<p><a href=\"\/wp-content\/uploads\/2019\/02\/Zahtjev_za_otkaz_punomoci_v3.00.pdf\">Zahtjev za otkaz punomo\u0107i<\/a><\/p>\n<p><a href=\"\/wp-content\/uploads\/2019\/02\/Zahtjev_za_otkaz_usluge_eRacun_gasenje_poslovnih_jedinica_i_gasenje_prava_korisnika_v2.00.pdf\">Zahtjev za otkaz usluge eRa\u010dun,ga\u0161enje poslovnih jedinica i ga\u0161enje prava korisnika<\/a><\/p>\n<\/div>\r\n\r\n<h2><span class=\"naslov\">Izjave o privatnosti<\/span><\/h2><div><p><a href=\"https:\/\/www.slatinska-banka.hr\/wp-content\/uploads\/Informacije-o-obradi-osobnih-podataka-od-strane-KI-i-FI-u-OSR_sijecanj2025.pdf\">Informacije o obradi osobnih podataka od strane KI i FI u OSR sustavu<\/a><\/p>\n<p><a href=\"https:\/\/www.slatinska-banka.hr\/wp-content\/uploads\/Izjava-o-privatnosti_u_vezi_s_obradom_osobnih_odataka_svibanj2023.pdf\">Izjava o privatnosti u vezi s obradom osobnih podataka<\/a><\/p>\n<\/div>\r\n\r\n<\/div>","protected":false},"excerpt":{"rendered":"","protected":false},"author":14,"featured_media":0,"parent":0,"menu_order":0,"comment_status":"closed","ping_status":"closed","template":"","meta":{"_acf_changed":false,"footnotes":""},"categories":[],"tags":[],"class_list":["post-1866","page","type-page","status-publish","hentry"],"acf":[],"yoast_head":"<!-- This site is optimized with the Yoast SEO plugin v25.4 - https:\/\/yoast.com\/wordpress\/plugins\/seo\/ -->\n<title>Dokumenti - Pravne osobe - Slatinska Banka<\/title>\n<meta name=\"robots\" content=\"index, follow, max-snippet:-1, max-image-preview:large, max-video-preview:-1\" \/>\n<link rel=\"canonical\" href=\"https:\/\/www.slatinska-banka.hr\/en\/dokumenti-pravne-osobe\/\" \/>\n<meta property=\"og:locale\" content=\"en_US\" \/>\n<meta property=\"og:type\" content=\"article\" \/>\n<meta property=\"og:title\" content=\"Dokumenti - Pravne osobe - Slatinska Banka\" \/>\n<meta property=\"og:url\" content=\"https:\/\/www.slatinska-banka.hr\/en\/dokumenti-pravne-osobe\/\" \/>\n<meta property=\"og:site_name\" content=\"Slatinska Banka\" \/>\n<meta property=\"article:publisher\" content=\"https:\/\/www.facebook.com\/slatinskabanka\/\" \/>\n<meta property=\"article:modified_time\" content=\"2025-10-24T09:14:12+00:00\" \/>\n<meta name=\"twitter:card\" content=\"summary_large_image\" \/>\n<meta name=\"twitter:label1\" content=\"Est. reading time\" \/>\n\t<meta name=\"twitter:data1\" content=\"4 minutes\" \/>\n<script type=\"application\/ld+json\" class=\"yoast-schema-graph\">{\"@context\":\"https:\/\/schema.org\",\"@graph\":[{\"@type\":\"WebPage\",\"@id\":\"https:\/\/www.slatinska-banka.hr\/dokumenti-pravne-osobe\/\",\"url\":\"https:\/\/www.slatinska-banka.hr\/dokumenti-pravne-osobe\/\",\"name\":\"Dokumenti - Pravne osobe - Slatinska Banka\",\"isPartOf\":{\"@id\":\"https:\/\/www.slatinska-banka.hr\/#website\"},\"datePublished\":\"2019-02-26T10:39:53+00:00\",\"dateModified\":\"2025-10-24T09:14:12+00:00\",\"inLanguage\":\"en-US\",\"potentialAction\":[{\"@type\":\"ReadAction\",\"target\":[\"https:\/\/www.slatinska-banka.hr\/dokumenti-pravne-osobe\/\"]}]},{\"@type\":\"WebSite\",\"@id\":\"https:\/\/www.slatinska-banka.hr\/#website\",\"url\":\"https:\/\/www.slatinska-banka.hr\/\",\"name\":\"Slatinska Banka\",\"description\":\"Razlika je u pristupu\",\"publisher\":{\"@id\":\"https:\/\/www.slatinska-banka.hr\/#organization\"},\"potentialAction\":[{\"@type\":\"SearchAction\",\"target\":{\"@type\":\"EntryPoint\",\"urlTemplate\":\"https:\/\/www.slatinska-banka.hr\/?s={search_term_string}\"},\"query-input\":{\"@type\":\"PropertyValueSpecification\",\"valueRequired\":true,\"valueName\":\"search_term_string\"}}],\"inLanguage\":\"en-US\"},{\"@type\":\"Organization\",\"@id\":\"https:\/\/www.slatinska-banka.hr\/#organization\",\"name\":\"Slatinska banka d.d.\",\"url\":\"https:\/\/www.slatinska-banka.hr\/\",\"logo\":{\"@type\":\"ImageObject\",\"inLanguage\":\"en-US\",\"@id\":\"https:\/\/www.slatinska-banka.hr\/#\/schema\/logo\/image\/\",\"url\":\"https:\/\/www.slatinska-banka.hr\/wp-content\/uploads\/2019\/02\/logo_big.png\",\"contentUrl\":\"https:\/\/www.slatinska-banka.hr\/wp-content\/uploads\/2019\/02\/logo_big.png\",\"width\":302,\"height\":244,\"caption\":\"Slatinska banka d.d.\"},\"image\":{\"@id\":\"https:\/\/www.slatinska-banka.hr\/#\/schema\/logo\/image\/\"},\"sameAs\":[\"https:\/\/www.facebook.com\/slatinskabanka\/\",\"https:\/\/www.linkedin.com\/company\/slatinska-banka-dd\"]}]}<\/script>\n<!-- \/ Yoast SEO plugin. -->","yoast_head_json":{"title":"Dokumenti - Pravne osobe - Slatinska Banka","robots":{"index":"index","follow":"follow","max-snippet":"max-snippet:-1","max-image-preview":"max-image-preview:large","max-video-preview":"max-video-preview:-1"},"canonical":"https:\/\/www.slatinska-banka.hr\/en\/dokumenti-pravne-osobe\/","og_locale":"en_US","og_type":"article","og_title":"Dokumenti - Pravne osobe - Slatinska Banka","og_url":"https:\/\/www.slatinska-banka.hr\/en\/dokumenti-pravne-osobe\/","og_site_name":"Slatinska Banka","article_publisher":"https:\/\/www.facebook.com\/slatinskabanka\/","article_modified_time":"2025-10-24T09:14:12+00:00","twitter_card":"summary_large_image","twitter_misc":{"Est. reading time":"4 minutes"},"schema":{"@context":"https:\/\/schema.org","@graph":[{"@type":"WebPage","@id":"https:\/\/www.slatinska-banka.hr\/dokumenti-pravne-osobe\/","url":"https:\/\/www.slatinska-banka.hr\/dokumenti-pravne-osobe\/","name":"Dokumenti - Pravne osobe - Slatinska Banka","isPartOf":{"@id":"https:\/\/www.slatinska-banka.hr\/#website"},"datePublished":"2019-02-26T10:39:53+00:00","dateModified":"2025-10-24T09:14:12+00:00","inLanguage":"en-US","potentialAction":[{"@type":"ReadAction","target":["https:\/\/www.slatinska-banka.hr\/dokumenti-pravne-osobe\/"]}]},{"@type":"WebSite","@id":"https:\/\/www.slatinska-banka.hr\/#website","url":"https:\/\/www.slatinska-banka.hr\/","name":"Slatinska Banka","description":"Razlika je u pristupu","publisher":{"@id":"https:\/\/www.slatinska-banka.hr\/#organization"},"potentialAction":[{"@type":"SearchAction","target":{"@type":"EntryPoint","urlTemplate":"https:\/\/www.slatinska-banka.hr\/?s={search_term_string}"},"query-input":{"@type":"PropertyValueSpecification","valueRequired":true,"valueName":"search_term_string"}}],"inLanguage":"en-US"},{"@type":"Organization","@id":"https:\/\/www.slatinska-banka.hr\/#organization","name":"Slatinska banka d.d.","url":"https:\/\/www.slatinska-banka.hr\/","logo":{"@type":"ImageObject","inLanguage":"en-US","@id":"https:\/\/www.slatinska-banka.hr\/#\/schema\/logo\/image\/","url":"https:\/\/www.slatinska-banka.hr\/wp-content\/uploads\/2019\/02\/logo_big.png","contentUrl":"https:\/\/www.slatinska-banka.hr\/wp-content\/uploads\/2019\/02\/logo_big.png","width":302,"height":244,"caption":"Slatinska banka d.d."},"image":{"@id":"https:\/\/www.slatinska-banka.hr\/#\/schema\/logo\/image\/"},"sameAs":["https:\/\/www.facebook.com\/slatinskabanka\/","https:\/\/www.linkedin.com\/company\/slatinska-banka-dd"]}]}},"_links":{"self":[{"href":"https:\/\/www.slatinska-banka.hr\/en\/wp-json\/wp\/v2\/pages\/1866","targetHints":{"allow":["GET"]}}],"collection":[{"href":"https:\/\/www.slatinska-banka.hr\/en\/wp-json\/wp\/v2\/pages"}],"about":[{"href":"https:\/\/www.slatinska-banka.hr\/en\/wp-json\/wp\/v2\/types\/page"}],"author":[{"embeddable":true,"href":"https:\/\/www.slatinska-banka.hr\/en\/wp-json\/wp\/v2\/users\/14"}],"replies":[{"embeddable":true,"href":"https:\/\/www.slatinska-banka.hr\/en\/wp-json\/wp\/v2\/comments?post=1866"}],"version-history":[{"count":109,"href":"https:\/\/www.slatinska-banka.hr\/en\/wp-json\/wp\/v2\/pages\/1866\/revisions"}],"predecessor-version":[{"id":4124040,"href":"https:\/\/www.slatinska-banka.hr\/en\/wp-json\/wp\/v2\/pages\/1866\/revisions\/4124040"}],"wp:attachment":[{"href":"https:\/\/www.slatinska-banka.hr\/en\/wp-json\/wp\/v2\/media?parent=1866"}],"wp:term":[{"taxonomy":"category","embeddable":true,"href":"https:\/\/www.slatinska-banka.hr\/en\/wp-json\/wp\/v2\/categories?post=1866"},{"taxonomy":"post_tag","embeddable":true,"href":"https:\/\/www.slatinska-banka.hr\/en\/wp-json\/wp\/v2\/tags?post=1866"}],"curies":[{"name":"wp","href":"https:\/\/api.w.org\/{rel}","templated":true}]}}