{"id":176,"date":"2019-01-11T11:17:35","date_gmt":"2019-01-11T10:17:35","guid":{"rendered":"http:\/\/www.slatinska-banka.hr\/?page_id=176"},"modified":"2020-09-09T10:06:40","modified_gmt":"2020-09-09T08:06:40","slug":"drustveni-doprinosi","status":"publish","type":"page","link":"https:\/\/www.slatinska-banka.hr\/en\/banka\/o-nama\/drustveni-doprinosi\/","title":{"rendered":"Social contribution"},"content":{"rendered":"<p style=\"text-align: justify;\">Social contribution and awareness are important to us! Our guidelines are:<\/p>\r\n<h4 style=\"text-align: justify;\">Civil society and local community<\/h4>\r\n<p style=\"text-align: justify;\">We support the activities of civil society associations and organizations, sports clubs, tourist offices and local governments.<\/p>\r\n<h4 style=\"text-align: justify;\">Corporate<\/h4>\r\n<p style=\"text-align: justify;\">We encourage economic projects. We continuously participate in promotion of entrepreneurship by supporting economic and agricultural fairs. We support entrepreneurial potential by sponsoring entrepreneurial ideas.<\/p>\r\n<h4 style=\"text-align: justify;\">Volunteering<\/h4>\r\n<p style=\"text-align: justify;\">Many of the Bank's employees are active members of different associations, sports clubs and civil society organizations where they selflessly contribute to developping their communities.<\/p>","protected":false},"excerpt":{"rendered":"<p>Dru\u0161tveni doprinos nam je va\u017ean! Na\u0161 smjer su: Civilno dru\u0161tvo i lokalna zajednica Podr\u017eavamo aktivnosti udruga i organizacija civilnog dru\u0161tva, sportskih klubova, turisti\u010dkih zajednica i lokalnih samouprava. Gospodarstvo Poti\u010demo gospodarske [&hellip;]<\/p>","protected":false},"author":14,"featured_media":2135,"parent":167,"menu_order":1,"comment_status":"closed","ping_status":"closed","template":"page-template-3.php","meta":{"_acf_changed":false,"footnotes":""},"categories":[],"tags":[],"class_list":["post-176","page","type-page","status-publish","has-post-thumbnail","hentry"],"acf":[],"yoast_head":"<!-- This site is optimized with the Yoast SEO plugin v25.4 - https:\/\/yoast.com\/wordpress\/plugins\/seo\/ -->\n<title>Dru\u0161tveni doprinosi - Slatinska Banka<\/title>\n<meta name=\"robots\" content=\"index, follow, max-snippet:-1, max-image-preview:large, max-video-preview:-1\" \/>\n<link rel=\"canonical\" href=\"https:\/\/www.slatinska-banka.hr\/en\/banka\/o-nama\/drustveni-doprinosi\/\" \/>\n<meta property=\"og:locale\" content=\"en_US\" \/>\n<meta property=\"og:type\" content=\"article\" \/>\n<meta property=\"og:title\" content=\"Dru\u0161tveni doprinosi - Slatinska Banka\" \/>\n<meta property=\"og:description\" content=\"Dru\u0161tveni doprinos nam je va\u017ean! Na\u0161 smjer su: Civilno dru\u0161tvo i lokalna zajednica Podr\u017eavamo aktivnosti udruga i organizacija civilnog dru\u0161tva, sportskih klubova, turisti\u010dkih zajednica i lokalnih samouprava. Gospodarstvo Poti\u010demo gospodarske [&hellip;]\" \/>\n<meta property=\"og:url\" content=\"https:\/\/www.slatinska-banka.hr\/en\/banka\/o-nama\/drustveni-doprinosi\/\" \/>\n<meta property=\"og:site_name\" content=\"Slatinska Banka\" \/>\n<meta property=\"article:publisher\" content=\"https:\/\/www.facebook.com\/slatinskabanka\/\" \/>\n<meta property=\"article:modified_time\" content=\"2020-09-09T08:06:40+00:00\" \/>\n<meta property=\"og:image\" content=\"https:\/\/www.slatinska-banka.hr\/wp-content\/uploads\/2019\/03\/rawpixel-1185922-unsplash.jpg\" \/>\n\t<meta property=\"og:image:width\" content=\"5000\" \/>\n\t<meta property=\"og:image:height\" content=\"3334\" \/>\n\t<meta property=\"og:image:type\" content=\"image\/jpeg\" \/>\n<meta name=\"twitter:card\" content=\"summary_large_image\" \/>\n<script type=\"application\/ld+json\" class=\"yoast-schema-graph\">{\"@context\":\"https:\/\/schema.org\",\"@graph\":[{\"@type\":\"WebPage\",\"@id\":\"https:\/\/www.slatinska-banka.hr\/banka\/o-nama\/drustveni-doprinosi\/\",\"url\":\"https:\/\/www.slatinska-banka.hr\/banka\/o-nama\/drustveni-doprinosi\/\",\"name\":\"Dru\u0161tveni doprinosi - Slatinska Banka\",\"isPartOf\":{\"@id\":\"https:\/\/www.slatinska-banka.hr\/#website\"},\"primaryImageOfPage\":{\"@id\":\"https:\/\/www.slatinska-banka.hr\/banka\/o-nama\/drustveni-doprinosi\/#primaryimage\"},\"image\":{\"@id\":\"https:\/\/www.slatinska-banka.hr\/banka\/o-nama\/drustveni-doprinosi\/#primaryimage\"},\"thumbnailUrl\":\"https:\/\/www.slatinska-banka.hr\/wp-content\/uploads\/2019\/03\/rawpixel-1185922-unsplash.jpg\",\"datePublished\":\"2019-01-11T10:17:35+00:00\",\"dateModified\":\"2020-09-09T08:06:40+00:00\",\"breadcrumb\":{\"@id\":\"https:\/\/www.slatinska-banka.hr\/banka\/o-nama\/drustveni-doprinosi\/#breadcrumb\"},\"inLanguage\":\"en-US\",\"potentialAction\":[{\"@type\":\"ReadAction\",\"target\":[\"https:\/\/www.slatinska-banka.hr\/banka\/o-nama\/drustveni-doprinosi\/\"]}]},{\"@type\":\"ImageObject\",\"inLanguage\":\"en-US\",\"@id\":\"https:\/\/www.slatinska-banka.hr\/banka\/o-nama\/drustveni-doprinosi\/#primaryimage\",\"url\":\"https:\/\/www.slatinska-banka.hr\/wp-content\/uploads\/2019\/03\/rawpixel-1185922-unsplash.jpg\",\"contentUrl\":\"https:\/\/www.slatinska-banka.hr\/wp-content\/uploads\/2019\/03\/rawpixel-1185922-unsplash.jpg\",\"width\":5000,\"height\":3334},{\"@type\":\"BreadcrumbList\",\"@id\":\"https:\/\/www.slatinska-banka.hr\/banka\/o-nama\/drustveni-doprinosi\/#breadcrumb\",\"itemListElement\":[{\"@type\":\"ListItem\",\"position\":1,\"name\":\"Banka\",\"item\":\"https:\/\/www.slatinska-banka.hr\/banka\/\"},{\"@type\":\"ListItem\",\"position\":2,\"name\":\"O nama\",\"item\":\"https:\/\/www.slatinska-banka.hr\/banka\/o-nama\/\"},{\"@type\":\"ListItem\",\"position\":3,\"name\":\"Dru\u0161tveni doprinosi\"}]},{\"@type\":\"WebSite\",\"@id\":\"https:\/\/www.slatinska-banka.hr\/#website\",\"url\":\"https:\/\/www.slatinska-banka.hr\/\",\"name\":\"Slatinska Banka\",\"description\":\"Razlika je u pristupu\",\"publisher\":{\"@id\":\"https:\/\/www.slatinska-banka.hr\/#organization\"},\"potentialAction\":[{\"@type\":\"SearchAction\",\"target\":{\"@type\":\"EntryPoint\",\"urlTemplate\":\"https:\/\/www.slatinska-banka.hr\/?s={search_term_string}\"},\"query-input\":{\"@type\":\"PropertyValueSpecification\",\"valueRequired\":true,\"valueName\":\"search_term_string\"}}],\"inLanguage\":\"en-US\"},{\"@type\":\"Organization\",\"@id\":\"https:\/\/www.slatinska-banka.hr\/#organization\",\"name\":\"Slatinska banka d.d.\",\"url\":\"https:\/\/www.slatinska-banka.hr\/\",\"logo\":{\"@type\":\"ImageObject\",\"inLanguage\":\"en-US\",\"@id\":\"https:\/\/www.slatinska-banka.hr\/#\/schema\/logo\/image\/\",\"url\":\"https:\/\/www.slatinska-banka.hr\/wp-content\/uploads\/2019\/02\/logo_big.png\",\"contentUrl\":\"https:\/\/www.slatinska-banka.hr\/wp-content\/uploads\/2019\/02\/logo_big.png\",\"width\":302,\"height\":244,\"caption\":\"Slatinska banka d.d.\"},\"image\":{\"@id\":\"https:\/\/www.slatinska-banka.hr\/#\/schema\/logo\/image\/\"},\"sameAs\":[\"https:\/\/www.facebook.com\/slatinskabanka\/\",\"https:\/\/www.linkedin.com\/company\/slatinska-banka-dd\"]}]}<\/script>\n<!-- \/ Yoast SEO plugin. -->","yoast_head_json":{"title":"Dru\u0161tveni doprinosi - Slatinska Banka","robots":{"index":"index","follow":"follow","max-snippet":"max-snippet:-1","max-image-preview":"max-image-preview:large","max-video-preview":"max-video-preview:-1"},"canonical":"https:\/\/www.slatinska-banka.hr\/en\/banka\/o-nama\/drustveni-doprinosi\/","og_locale":"en_US","og_type":"article","og_title":"Dru\u0161tveni doprinosi - Slatinska Banka","og_description":"Dru\u0161tveni doprinos nam je va\u017ean! Na\u0161 smjer su: Civilno dru\u0161tvo i lokalna zajednica Podr\u017eavamo aktivnosti udruga i organizacija civilnog dru\u0161tva, sportskih klubova, turisti\u010dkih zajednica i lokalnih samouprava. Gospodarstvo Poti\u010demo gospodarske [&hellip;]","og_url":"https:\/\/www.slatinska-banka.hr\/en\/banka\/o-nama\/drustveni-doprinosi\/","og_site_name":"Slatinska Banka","article_publisher":"https:\/\/www.facebook.com\/slatinskabanka\/","article_modified_time":"2020-09-09T08:06:40+00:00","og_image":[{"width":5000,"height":3334,"url":"https:\/\/www.slatinska-banka.hr\/wp-content\/uploads\/2019\/03\/rawpixel-1185922-unsplash.jpg","type":"image\/jpeg"}],"twitter_card":"summary_large_image","schema":{"@context":"https:\/\/schema.org","@graph":[{"@type":"WebPage","@id":"https:\/\/www.slatinska-banka.hr\/banka\/o-nama\/drustveni-doprinosi\/","url":"https:\/\/www.slatinska-banka.hr\/banka\/o-nama\/drustveni-doprinosi\/","name":"Dru\u0161tveni doprinosi - Slatinska Banka","isPartOf":{"@id":"https:\/\/www.slatinska-banka.hr\/#website"},"primaryImageOfPage":{"@id":"https:\/\/www.slatinska-banka.hr\/banka\/o-nama\/drustveni-doprinosi\/#primaryimage"},"image":{"@id":"https:\/\/www.slatinska-banka.hr\/banka\/o-nama\/drustveni-doprinosi\/#primaryimage"},"thumbnailUrl":"https:\/\/www.slatinska-banka.hr\/wp-content\/uploads\/2019\/03\/rawpixel-1185922-unsplash.jpg","datePublished":"2019-01-11T10:17:35+00:00","dateModified":"2020-09-09T08:06:40+00:00","breadcrumb":{"@id":"https:\/\/www.slatinska-banka.hr\/banka\/o-nama\/drustveni-doprinosi\/#breadcrumb"},"inLanguage":"en-US","potentialAction":[{"@type":"ReadAction","target":["https:\/\/www.slatinska-banka.hr\/banka\/o-nama\/drustveni-doprinosi\/"]}]},{"@type":"ImageObject","inLanguage":"en-US","@id":"https:\/\/www.slatinska-banka.hr\/banka\/o-nama\/drustveni-doprinosi\/#primaryimage","url":"https:\/\/www.slatinska-banka.hr\/wp-content\/uploads\/2019\/03\/rawpixel-1185922-unsplash.jpg","contentUrl":"https:\/\/www.slatinska-banka.hr\/wp-content\/uploads\/2019\/03\/rawpixel-1185922-unsplash.jpg","width":5000,"height":3334},{"@type":"BreadcrumbList","@id":"https:\/\/www.slatinska-banka.hr\/banka\/o-nama\/drustveni-doprinosi\/#breadcrumb","itemListElement":[{"@type":"ListItem","position":1,"name":"Banka","item":"https:\/\/www.slatinska-banka.hr\/banka\/"},{"@type":"ListItem","position":2,"name":"O nama","item":"https:\/\/www.slatinska-banka.hr\/banka\/o-nama\/"},{"@type":"ListItem","position":3,"name":"Dru\u0161tveni doprinosi"}]},{"@type":"WebSite","@id":"https:\/\/www.slatinska-banka.hr\/#website","url":"https:\/\/www.slatinska-banka.hr\/","name":"Slatinska Banka","description":"Razlika je u pristupu","publisher":{"@id":"https:\/\/www.slatinska-banka.hr\/#organization"},"potentialAction":[{"@type":"SearchAction","target":{"@type":"EntryPoint","urlTemplate":"https:\/\/www.slatinska-banka.hr\/?s={search_term_string}"},"query-input":{"@type":"PropertyValueSpecification","valueRequired":true,"valueName":"search_term_string"}}],"inLanguage":"en-US"},{"@type":"Organization","@id":"https:\/\/www.slatinska-banka.hr\/#organization","name":"Slatinska banka d.d.","url":"https:\/\/www.slatinska-banka.hr\/","logo":{"@type":"ImageObject","inLanguage":"en-US","@id":"https:\/\/www.slatinska-banka.hr\/#\/schema\/logo\/image\/","url":"https:\/\/www.slatinska-banka.hr\/wp-content\/uploads\/2019\/02\/logo_big.png","contentUrl":"https:\/\/www.slatinska-banka.hr\/wp-content\/uploads\/2019\/02\/logo_big.png","width":302,"height":244,"caption":"Slatinska banka d.d."},"image":{"@id":"https:\/\/www.slatinska-banka.hr\/#\/schema\/logo\/image\/"},"sameAs":["https:\/\/www.facebook.com\/slatinskabanka\/","https:\/\/www.linkedin.com\/company\/slatinska-banka-dd"]}]}},"_links":{"self":[{"href":"https:\/\/www.slatinska-banka.hr\/en\/wp-json\/wp\/v2\/pages\/176","targetHints":{"allow":["GET"]}}],"collection":[{"href":"https:\/\/www.slatinska-banka.hr\/en\/wp-json\/wp\/v2\/pages"}],"about":[{"href":"https:\/\/www.slatinska-banka.hr\/en\/wp-json\/wp\/v2\/types\/page"}],"author":[{"embeddable":true,"href":"https:\/\/www.slatinska-banka.hr\/en\/wp-json\/wp\/v2\/users\/14"}],"replies":[{"embeddable":true,"href":"https:\/\/www.slatinska-banka.hr\/en\/wp-json\/wp\/v2\/comments?post=176"}],"version-history":[{"count":11,"href":"https:\/\/www.slatinska-banka.hr\/en\/wp-json\/wp\/v2\/pages\/176\/revisions"}],"predecessor-version":[{"id":9064,"href":"https:\/\/www.slatinska-banka.hr\/en\/wp-json\/wp\/v2\/pages\/176\/revisions\/9064"}],"up":[{"embeddable":true,"href":"https:\/\/www.slatinska-banka.hr\/en\/wp-json\/wp\/v2\/pages\/167"}],"wp:featuredmedia":[{"embeddable":true,"href":"https:\/\/www.slatinska-banka.hr\/en\/wp-json\/wp\/v2\/media\/2135"}],"wp:attachment":[{"href":"https:\/\/www.slatinska-banka.hr\/en\/wp-json\/wp\/v2\/media?parent=176"}],"wp:term":[{"taxonomy":"category","embeddable":true,"href":"https:\/\/www.slatinska-banka.hr\/en\/wp-json\/wp\/v2\/categories?post=176"},{"taxonomy":"post_tag","embeddable":true,"href":"https:\/\/www.slatinska-banka.hr\/en\/wp-json\/wp\/v2\/tags?post=176"}],"curies":[{"name":"wp","href":"https:\/\/api.w.org\/{rel}","templated":true}]}}