{"id":1631,"date":"2019-02-23T09:40:49","date_gmt":"2019-02-23T08:40:49","guid":{"rendered":"http:\/\/www.slatinska-banka.hr\/?page_id=1631"},"modified":"2026-03-05T09:52:02","modified_gmt":"2026-03-05T08:52:02","slug":"lombardni-kredit","status":"publish","type":"page","link":"https:\/\/www.slatinska-banka.hr\/en\/gradani\/krediti-i-financiranja\/ostale-mogucnosti-financiranja\/lombardni-kredit\/","title":{"rendered":"Lombardni kredit"},"content":{"rendered":"<p class=\"intro\">Kredit na osnovu tvog depozita!<\/p>\r\n\r\n<h4 class=\"intro\">Jednostavno i uz minimalan tro\u0161ak! Koristi\u0161 sredstva uz minimalnu kamatu!<\/h4>\r\n<table class=\"contentTable\">\r\n<tbody>\r\n<tr>\r\n<td style=\"text-align: left;\">Iznos:<\/td>\r\n<td style=\"text-align: left;\">do 95% visine \u0161tednje<\/td>\r\n<\/tr>\r\n<tr>\r\n<td style=\"text-align: left;\">Kamata<\/td>\r\n<td style=\"text-align: left;\">fiksna, za 2,5% ve\u0107a od kamate na \u0161tednju<\/td>\r\n<\/tr>\r\n<tr>\r\n<td style=\"text-align: left;\">Naknada<\/td>\r\n<td style=\"text-align: left;\">0,50 % jednokratno<\/td>\r\n<\/tr>\r\n<tr>\r\n<td style=\"text-align: left;\">Rok vra\u0107anja<\/td>\r\n<td style=\"text-align: left;\">\u00a0do 5 godina<\/td>\r\n<\/tr>\r\n<\/tbody>\r\n<\/table>\r\n<div class=\"accordeon\">\r\n\r\n<h2><span class=\"naslov\">Dokumentacija<\/span><\/h2><div><ul>\n<li><a href=\"https:\/\/www.slatinska-banka.hr\/wp-content\/uploads\/INFORMATIVNI-OBRAZAC-lombardni-kredit_20240402.pdf\">Informativni obrazac<\/a><\/li>\n<li><a href=\"https:\/\/www.slatinska-banka.hr\/wp-content\/uploads\/Zahtjev_za_kredit_potrosaca_20250314-1-2-1.pdf\">Zahtjev za kredit<\/a><\/li>\n<li><a href=\"https:\/\/www.slatinska-banka.hr\/wp-content\/uploads\/Obrazac-za-jamca-platca-suduznika-u-zahtjevu-za-kredit_20230101.pdf\">Obrazac za jamca-platca; sudu\u017enika u zahtjevu za kredit<\/a><\/li>\n<li><a href=\"https:\/\/www.slatinska-banka.hr\/wp-content\/uploads\/Potvrda-poslodavca.pdf\">Potvrda poslodavca<\/a><\/li>\n<li><a href=\"https:\/\/www.slatinska-banka.hr\/wp-content\/uploads\/Dokumentacija-koju-je-potrebno-priloziti-uz-zahtjev-za-kredit-sijecanj-2026.pdf\">Popis dokumentacije<\/a><\/li>\n<li><a href=\"https:\/\/www.slatinska-banka.hr\/wp-content\/uploads\/POUP049-01-2023-Izjava_o_privatnosti_krediti_kreditne-kartice_MBPlus_listopad2025-1.pdf\">Izjava o privatnosti<\/a><\/li>\n<\/ul>\n<\/div>\r\n\r\n<h2><span class=\"naslov\">Instrumenti osiguranja<\/span><\/h2><div><ul>\n<li>Oro\u010deni depozit staviti na &#8221;listu internih blokada&#8221; u sustavu Banke<\/li>\n<li>Aneks ugovora o oro\u010denom depozitu kojim se pretvara u namjensko oro\u010denje<\/li>\n<li>Sudu\u017enik (ako vlasnik oro\u010denog depozita nije tra\u017eitelj kredita)<\/li>\n<\/ul>\n<\/div>\r\n\r\n<h2><span class=\"naslov\">Reprezentativni primjer<\/span><\/h2><div><table style=\"width: 67.4843%; height: 264px;\">\n<tbody>\n<tr style=\"height: 24px;\">\n<td style=\"height: 24px; width: 107.591%;\">Valuta kredita<\/td>\n<td style=\"height: 24px; width: 101.211%; text-align: left;\">EUR<\/td>\n<\/tr>\n<tr style=\"height: 24px;\">\n<td style=\"height: 24px; width: 107.591%;\">Iznos kredita<\/td>\n<td style=\"height: 24px; width: 101.211%; text-align: left;\">5.000,00<\/td>\n<\/tr>\n<tr style=\"height: 24px;\">\n<td style=\"height: 24px; width: 107.591%;\">Rok otplate<\/td>\n<td style=\"height: 24px; width: 101.211%; text-align: left;\">60 mj<\/td>\n<\/tr>\n<tr style=\"height: 24px;\">\n<td style=\"height: 24px; width: 107.591%;\">Naknada za obradu kreditnog zahtjeva %<\/td>\n<td style=\"height: 24px; width: 101.211%; text-align: left;\">0,50%<\/td>\n<\/tr>\n<tr style=\"height: 24px;\">\n<td style=\"height: 24px; width: 107.591%;\">Iznos naknade<\/td>\n<td style=\"height: 24px; width: 101.211%; text-align: left;\">25,00<\/td>\n<\/tr>\n<tr style=\"height: 24px;\">\n<td style=\"height: 24px; width: 107.591%;\">Kamatna stopa fiksna<\/td>\n<td style=\"height: 24px; width: 101.211%; text-align: left;\">3,30%<\/td>\n<\/tr>\n<tr style=\"height: 24px;\">\n<td style=\"height: 24px; width: 107.591%;\">EKS<\/td>\n<td style=\"height: 24px; width: 101.211%; text-align: left;\">4,12%<\/td>\n<\/tr>\n<tr style=\"height: 24px;\">\n<td style=\"height: 24px; width: 107.591%;\">Intercalary interest rate<\/td>\n<td style=\"height: 24px; width: 101.211%; text-align: left;\">13,56<\/td>\n<\/tr>\n<tr style=\"height: 24px;\">\n<td style=\"height: 24px; width: 107.591%;\">Iznos kamate za razdoblje otplate<\/td>\n<td style=\"height: 24px; width: 101.211%; text-align: left;\">444,24<\/td>\n<\/tr>\n<tr style=\"height: 24px;\">\n<td style=\"height: 24px; width: 107.591%;\">Visina mjese\u010dnog anuiteta za razdoblje otplate<\/td>\n<td style=\"height: 24px; width: 101.211%; text-align: left;\">90,51<\/td>\n<\/tr>\n<tr style=\"height: 24px;\">\n<td style=\"height: 24px; width: 107.591%;\">Ukupan iznos za otplatu*<\/td>\n<td style=\"height: 24px; width: 101.211%; text-align: left;\">5.469,24<\/td>\n<\/tr>\n<\/tbody>\n<\/table>\n<p>*Ukupan iznos za otplatu uklju\u010duje iznos glavnice kredita, kamatu obra\u010dunatu do dospije\u0107a, te naknadu za obradu kreditnog zahtjeva, uz pretpostavku isplate kredita 01.01.<\/p>\n<\/div>\r\n\r\n<\/div>\r\n\r\nAKO TE ZANIMA, POPUNI OBRAZAC I KONTAKTIRAT \u0106EMO TE U KRATKOM ROKU!","protected":false},"excerpt":{"rendered":"<p>Kredit na osnovu tvog depozita! Jednostavno i uz minimalan tro\u0161ak! Koristi\u0161 sredstva uz minimalnu kamatu! Iznos: do 95% visine \u0161tednje Kamata fiksna, za 2,5% ve\u0107a od kamate na \u0161tednju Naknada [&hellip;]<\/p>","protected":false},"author":14,"featured_media":535921,"parent":878,"menu_order":1,"comment_status":"closed","ping_status":"closed","template":"page-template-4.php","meta":{"_acf_changed":false,"footnotes":""},"categories":[],"tags":[],"class_list":["post-1631","page","type-page","status-publish","has-post-thumbnail","hentry"],"acf":[],"yoast_head":"<!-- This site is optimized with the Yoast SEO plugin v25.4 - https:\/\/yoast.com\/wordpress\/plugins\/seo\/ -->\n<title>Lombardni kredit - Slatinska Banka<\/title>\n<meta name=\"robots\" content=\"index, follow, max-snippet:-1, max-image-preview:large, max-video-preview:-1\" \/>\n<link rel=\"canonical\" href=\"https:\/\/www.slatinska-banka.hr\/en\/gradani\/krediti-i-financiranja\/ostale-mogucnosti-financiranja\/lombardni-kredit\/\" \/>\n<meta property=\"og:locale\" content=\"en_US\" \/>\n<meta property=\"og:type\" content=\"article\" \/>\n<meta property=\"og:title\" content=\"Lombardni kredit - Slatinska Banka\" \/>\n<meta property=\"og:description\" content=\"Kredit na osnovu tvog depozita! Jednostavno i uz minimalan tro\u0161ak! Koristi\u0161 sredstva uz minimalnu kamatu! Iznos: do 95% visine \u0161tednje Kamata fiksna, za 2,5% ve\u0107a od kamate na \u0161tednju Naknada [&hellip;]\" \/>\n<meta property=\"og:url\" content=\"https:\/\/www.slatinska-banka.hr\/en\/gradani\/krediti-i-financiranja\/ostale-mogucnosti-financiranja\/lombardni-kredit\/\" \/>\n<meta property=\"og:site_name\" content=\"Slatinska Banka\" \/>\n<meta property=\"article:publisher\" content=\"https:\/\/www.facebook.com\/slatinskabanka\/\" \/>\n<meta property=\"article:modified_time\" content=\"2026-03-05T08:52:02+00:00\" \/>\n<meta property=\"og:image\" content=\"https:\/\/www.slatinska-banka.hr\/wp-content\/uploads\/8BC59A62-7C72-4E69-94FB-E67E7C791934.png\" \/>\n\t<meta property=\"og:image:width\" content=\"376\" \/>\n\t<meta property=\"og:image:height\" content=\"372\" \/>\n\t<meta property=\"og:image:type\" content=\"image\/png\" \/>\n<meta name=\"twitter:card\" content=\"summary_large_image\" \/>\n<meta name=\"twitter:label1\" content=\"Est. reading time\" \/>\n\t<meta name=\"twitter:data1\" content=\"1 minute\" \/>\n<script type=\"application\/ld+json\" class=\"yoast-schema-graph\">{\"@context\":\"https:\/\/schema.org\",\"@graph\":[{\"@type\":\"WebPage\",\"@id\":\"https:\/\/www.slatinska-banka.hr\/gradani\/krediti-i-financiranja\/ostale-mogucnosti-financiranja\/lombardni-kredit\/\",\"url\":\"https:\/\/www.slatinska-banka.hr\/gradani\/krediti-i-financiranja\/ostale-mogucnosti-financiranja\/lombardni-kredit\/\",\"name\":\"Lombardni kredit - Slatinska Banka\",\"isPartOf\":{\"@id\":\"https:\/\/www.slatinska-banka.hr\/#website\"},\"primaryImageOfPage\":{\"@id\":\"https:\/\/www.slatinska-banka.hr\/gradani\/krediti-i-financiranja\/ostale-mogucnosti-financiranja\/lombardni-kredit\/#primaryimage\"},\"image\":{\"@id\":\"https:\/\/www.slatinska-banka.hr\/gradani\/krediti-i-financiranja\/ostale-mogucnosti-financiranja\/lombardni-kredit\/#primaryimage\"},\"thumbnailUrl\":\"https:\/\/www.slatinska-banka.hr\/wp-content\/uploads\/8BC59A62-7C72-4E69-94FB-E67E7C791934.png\",\"datePublished\":\"2019-02-23T08:40:49+00:00\",\"dateModified\":\"2026-03-05T08:52:02+00:00\",\"breadcrumb\":{\"@id\":\"https:\/\/www.slatinska-banka.hr\/gradani\/krediti-i-financiranja\/ostale-mogucnosti-financiranja\/lombardni-kredit\/#breadcrumb\"},\"inLanguage\":\"en-US\",\"potentialAction\":[{\"@type\":\"ReadAction\",\"target\":[\"https:\/\/www.slatinska-banka.hr\/gradani\/krediti-i-financiranja\/ostale-mogucnosti-financiranja\/lombardni-kredit\/\"]}]},{\"@type\":\"ImageObject\",\"inLanguage\":\"en-US\",\"@id\":\"https:\/\/www.slatinska-banka.hr\/gradani\/krediti-i-financiranja\/ostale-mogucnosti-financiranja\/lombardni-kredit\/#primaryimage\",\"url\":\"https:\/\/www.slatinska-banka.hr\/wp-content\/uploads\/8BC59A62-7C72-4E69-94FB-E67E7C791934.png\",\"contentUrl\":\"https:\/\/www.slatinska-banka.hr\/wp-content\/uploads\/8BC59A62-7C72-4E69-94FB-E67E7C791934.png\",\"width\":376,\"height\":372},{\"@type\":\"BreadcrumbList\",\"@id\":\"https:\/\/www.slatinska-banka.hr\/gradani\/krediti-i-financiranja\/ostale-mogucnosti-financiranja\/lombardni-kredit\/#breadcrumb\",\"itemListElement\":[{\"@type\":\"ListItem\",\"position\":1,\"name\":\"Gra\u0111ani\",\"item\":\"https:\/\/www.slatinska-banka.hr\/gradani\/\"},{\"@type\":\"ListItem\",\"position\":2,\"name\":\"Krediti i financiranja\",\"item\":\"https:\/\/www.slatinska-banka.hr\/gradani\/krediti-i-financiranja\/\"},{\"@type\":\"ListItem\",\"position\":3,\"name\":\"Ostale mogu\u0107nosti financiranja\",\"item\":\"https:\/\/www.slatinska-banka.hr\/gradani\/krediti-i-financiranja\/ostale-mogucnosti-financiranja\/\"},{\"@type\":\"ListItem\",\"position\":4,\"name\":\"Lombardni kredit\"}]},{\"@type\":\"WebSite\",\"@id\":\"https:\/\/www.slatinska-banka.hr\/#website\",\"url\":\"https:\/\/www.slatinska-banka.hr\/\",\"name\":\"Slatinska Banka\",\"description\":\"Razlika je u pristupu\",\"publisher\":{\"@id\":\"https:\/\/www.slatinska-banka.hr\/#organization\"},\"potentialAction\":[{\"@type\":\"SearchAction\",\"target\":{\"@type\":\"EntryPoint\",\"urlTemplate\":\"https:\/\/www.slatinska-banka.hr\/?s={search_term_string}\"},\"query-input\":{\"@type\":\"PropertyValueSpecification\",\"valueRequired\":true,\"valueName\":\"search_term_string\"}}],\"inLanguage\":\"en-US\"},{\"@type\":\"Organization\",\"@id\":\"https:\/\/www.slatinska-banka.hr\/#organization\",\"name\":\"Slatinska banka d.d.\",\"url\":\"https:\/\/www.slatinska-banka.hr\/\",\"logo\":{\"@type\":\"ImageObject\",\"inLanguage\":\"en-US\",\"@id\":\"https:\/\/www.slatinska-banka.hr\/#\/schema\/logo\/image\/\",\"url\":\"https:\/\/www.slatinska-banka.hr\/wp-content\/uploads\/2019\/02\/logo_big.png\",\"contentUrl\":\"https:\/\/www.slatinska-banka.hr\/wp-content\/uploads\/2019\/02\/logo_big.png\",\"width\":302,\"height\":244,\"caption\":\"Slatinska banka d.d.\"},\"image\":{\"@id\":\"https:\/\/www.slatinska-banka.hr\/#\/schema\/logo\/image\/\"},\"sameAs\":[\"https:\/\/www.facebook.com\/slatinskabanka\/\",\"https:\/\/www.linkedin.com\/company\/slatinska-banka-dd\"]}]}<\/script>\n<!-- \/ Yoast SEO plugin. -->","yoast_head_json":{"title":"Lombardni kredit - Slatinska Banka","robots":{"index":"index","follow":"follow","max-snippet":"max-snippet:-1","max-image-preview":"max-image-preview:large","max-video-preview":"max-video-preview:-1"},"canonical":"https:\/\/www.slatinska-banka.hr\/en\/gradani\/krediti-i-financiranja\/ostale-mogucnosti-financiranja\/lombardni-kredit\/","og_locale":"en_US","og_type":"article","og_title":"Lombardni kredit - Slatinska Banka","og_description":"Kredit na osnovu tvog depozita! Jednostavno i uz minimalan tro\u0161ak! Koristi\u0161 sredstva uz minimalnu kamatu! Iznos: do 95% visine \u0161tednje Kamata fiksna, za 2,5% ve\u0107a od kamate na \u0161tednju Naknada [&hellip;]","og_url":"https:\/\/www.slatinska-banka.hr\/en\/gradani\/krediti-i-financiranja\/ostale-mogucnosti-financiranja\/lombardni-kredit\/","og_site_name":"Slatinska Banka","article_publisher":"https:\/\/www.facebook.com\/slatinskabanka\/","article_modified_time":"2026-03-05T08:52:02+00:00","og_image":[{"width":376,"height":372,"url":"https:\/\/www.slatinska-banka.hr\/wp-content\/uploads\/8BC59A62-7C72-4E69-94FB-E67E7C791934.png","type":"image\/png"}],"twitter_card":"summary_large_image","twitter_misc":{"Est. reading time":"1 minute"},"schema":{"@context":"https:\/\/schema.org","@graph":[{"@type":"WebPage","@id":"https:\/\/www.slatinska-banka.hr\/gradani\/krediti-i-financiranja\/ostale-mogucnosti-financiranja\/lombardni-kredit\/","url":"https:\/\/www.slatinska-banka.hr\/gradani\/krediti-i-financiranja\/ostale-mogucnosti-financiranja\/lombardni-kredit\/","name":"Lombardni kredit - Slatinska Banka","isPartOf":{"@id":"https:\/\/www.slatinska-banka.hr\/#website"},"primaryImageOfPage":{"@id":"https:\/\/www.slatinska-banka.hr\/gradani\/krediti-i-financiranja\/ostale-mogucnosti-financiranja\/lombardni-kredit\/#primaryimage"},"image":{"@id":"https:\/\/www.slatinska-banka.hr\/gradani\/krediti-i-financiranja\/ostale-mogucnosti-financiranja\/lombardni-kredit\/#primaryimage"},"thumbnailUrl":"https:\/\/www.slatinska-banka.hr\/wp-content\/uploads\/8BC59A62-7C72-4E69-94FB-E67E7C791934.png","datePublished":"2019-02-23T08:40:49+00:00","dateModified":"2026-03-05T08:52:02+00:00","breadcrumb":{"@id":"https:\/\/www.slatinska-banka.hr\/gradani\/krediti-i-financiranja\/ostale-mogucnosti-financiranja\/lombardni-kredit\/#breadcrumb"},"inLanguage":"en-US","potentialAction":[{"@type":"ReadAction","target":["https:\/\/www.slatinska-banka.hr\/gradani\/krediti-i-financiranja\/ostale-mogucnosti-financiranja\/lombardni-kredit\/"]}]},{"@type":"ImageObject","inLanguage":"en-US","@id":"https:\/\/www.slatinska-banka.hr\/gradani\/krediti-i-financiranja\/ostale-mogucnosti-financiranja\/lombardni-kredit\/#primaryimage","url":"https:\/\/www.slatinska-banka.hr\/wp-content\/uploads\/8BC59A62-7C72-4E69-94FB-E67E7C791934.png","contentUrl":"https:\/\/www.slatinska-banka.hr\/wp-content\/uploads\/8BC59A62-7C72-4E69-94FB-E67E7C791934.png","width":376,"height":372},{"@type":"BreadcrumbList","@id":"https:\/\/www.slatinska-banka.hr\/gradani\/krediti-i-financiranja\/ostale-mogucnosti-financiranja\/lombardni-kredit\/#breadcrumb","itemListElement":[{"@type":"ListItem","position":1,"name":"Gra\u0111ani","item":"https:\/\/www.slatinska-banka.hr\/gradani\/"},{"@type":"ListItem","position":2,"name":"Krediti i financiranja","item":"https:\/\/www.slatinska-banka.hr\/gradani\/krediti-i-financiranja\/"},{"@type":"ListItem","position":3,"name":"Ostale mogu\u0107nosti financiranja","item":"https:\/\/www.slatinska-banka.hr\/gradani\/krediti-i-financiranja\/ostale-mogucnosti-financiranja\/"},{"@type":"ListItem","position":4,"name":"Lombardni kredit"}]},{"@type":"WebSite","@id":"https:\/\/www.slatinska-banka.hr\/#website","url":"https:\/\/www.slatinska-banka.hr\/","name":"Slatinska Banka","description":"Razlika je u pristupu","publisher":{"@id":"https:\/\/www.slatinska-banka.hr\/#organization"},"potentialAction":[{"@type":"SearchAction","target":{"@type":"EntryPoint","urlTemplate":"https:\/\/www.slatinska-banka.hr\/?s={search_term_string}"},"query-input":{"@type":"PropertyValueSpecification","valueRequired":true,"valueName":"search_term_string"}}],"inLanguage":"en-US"},{"@type":"Organization","@id":"https:\/\/www.slatinska-banka.hr\/#organization","name":"Slatinska banka d.d.","url":"https:\/\/www.slatinska-banka.hr\/","logo":{"@type":"ImageObject","inLanguage":"en-US","@id":"https:\/\/www.slatinska-banka.hr\/#\/schema\/logo\/image\/","url":"https:\/\/www.slatinska-banka.hr\/wp-content\/uploads\/2019\/02\/logo_big.png","contentUrl":"https:\/\/www.slatinska-banka.hr\/wp-content\/uploads\/2019\/02\/logo_big.png","width":302,"height":244,"caption":"Slatinska banka d.d."},"image":{"@id":"https:\/\/www.slatinska-banka.hr\/#\/schema\/logo\/image\/"},"sameAs":["https:\/\/www.facebook.com\/slatinskabanka\/","https:\/\/www.linkedin.com\/company\/slatinska-banka-dd"]}]}},"_links":{"self":[{"href":"https:\/\/www.slatinska-banka.hr\/en\/wp-json\/wp\/v2\/pages\/1631","targetHints":{"allow":["GET"]}}],"collection":[{"href":"https:\/\/www.slatinska-banka.hr\/en\/wp-json\/wp\/v2\/pages"}],"about":[{"href":"https:\/\/www.slatinska-banka.hr\/en\/wp-json\/wp\/v2\/types\/page"}],"author":[{"embeddable":true,"href":"https:\/\/www.slatinska-banka.hr\/en\/wp-json\/wp\/v2\/users\/14"}],"replies":[{"embeddable":true,"href":"https:\/\/www.slatinska-banka.hr\/en\/wp-json\/wp\/v2\/comments?post=1631"}],"version-history":[{"count":65,"href":"https:\/\/www.slatinska-banka.hr\/en\/wp-json\/wp\/v2\/pages\/1631\/revisions"}],"predecessor-version":[{"id":4621372,"href":"https:\/\/www.slatinska-banka.hr\/en\/wp-json\/wp\/v2\/pages\/1631\/revisions\/4621372"}],"up":[{"embeddable":true,"href":"https:\/\/www.slatinska-banka.hr\/en\/wp-json\/wp\/v2\/pages\/878"}],"wp:featuredmedia":[{"embeddable":true,"href":"https:\/\/www.slatinska-banka.hr\/en\/wp-json\/wp\/v2\/media\/535921"}],"wp:attachment":[{"href":"https:\/\/www.slatinska-banka.hr\/en\/wp-json\/wp\/v2\/media?parent=1631"}],"wp:term":[{"taxonomy":"category","embeddable":true,"href":"https:\/\/www.slatinska-banka.hr\/en\/wp-json\/wp\/v2\/categories?post=1631"},{"taxonomy":"post_tag","embeddable":true,"href":"https:\/\/www.slatinska-banka.hr\/en\/wp-json\/wp\/v2\/tags?post=1631"}],"curies":[{"name":"wp","href":"https:\/\/api.w.org\/{rel}","templated":true}]}}