{"id":1626,"date":"2019-02-23T09:24:19","date_gmt":"2019-02-23T08:24:19","guid":{"rendered":"http:\/\/www.slatinska-banka.hr\/?page_id=1626"},"modified":"2024-01-11T13:05:15","modified_gmt":"2024-01-11T12:05:15","slug":"beskontaktno-placanje","status":"publish","type":"page","link":"https:\/\/www.slatinska-banka.hr\/en\/beskontaktno-placanje\/","title":{"rendered":"Beskontaktno pla\u0107anje"},"content":{"rendered":"<p style=\"text-align: justify;\">Visa kartice Slatinske banke koriste se najnovijom tehnologijom te omogu\u0107uju beskontaktno pla\u0107anje prislanjanjem kartice na ETF POS ure\u0111aj na prodajnim mjestima s oznakama za beskontaktno pla\u0107anje<\/p>\r\n<p style=\"text-align: justify;\">Kartice s beskontaktnom funkcionalno\u0161\u0107u imaju otisnutu pripadaju\u0107u oznaku beskontaktnog pla\u0107anja.\r\n<img loading=\"lazy\" decoding=\"async\" class=\"alignnone\" style=\"text-align: justify;\" src=\"http:\/\/www.slatinska-banka.hr\/wp-content\/uploads\/124870-200.png\" alt=\"Beskontaktno\" width=\"27\" height=\"21\" \/><\/p>\r\n<p style=\"text-align: justify;\">Korisnik na prodajnom mjestu odabire \u017eeli li ostvariti pla\u0107anje karticom kontaktno (umetanjem ili provla\u010denjem kartice na ETF-POS ure\u0111aju) ili beskontaktno (prislanjanjem kartice na ETF-POS ure\u0111aj).<\/p>\r\n\r\n<h4 style=\"text-align: justify;\">Maksimalni iznos beskontaktnog pla\u0107anja<\/h4>\r\n<p style=\"text-align: justify;\">Maksimalan iznos transakcije koja nastane beskontaktnim pla\u0107anjem karticom Banke, a za koju nije potrebna potvrda PIN-om, ovisi o zemlji terminala prodajnog mjesta prema okvirima definiranim od strane karti\u010dne ku\u0107e.<\/p>\r\n<p style=\"text-align: justify;\">Na terminalima u Republici Hrvatskoj maksimalni iznos beskontaktnog pla\u0107anja iznosi 40,00 eura te suglasnost za izvr\u0161enje platne transakcije Korisnik daje samim prislanjanjem Kartice na terminalu prodajnog mjesta koje podr\u017eava beskontaktno pla\u0107anje bez potvrde PIN-a.<\/p>\r\n\r\n<h4 style=\"text-align: justify;\">Prednosti kori\u0161tenja beskontaktne kartice<\/h4>\r\n<ul class=\"list-checked\" style=\"text-align: justify;\">\r\n \t<li>Brzo i jednostavno pla\u0107anje bez potrebe unosa PIN-a do iznosa 40 eura<\/li>\r\n \t<li>Kartica je u rukama vlasnika dok se obavlja pla\u0107anje<\/li>\r\n \t<li>Nema mogu\u0107nosti slu\u010dajnog pla\u0107anja \u2013 kartica mora biti prislonjena uz ure\u0111aj kako bi se transakcija provela<\/li>\r\n \t<li>Obzirom na brzinu pla\u0107anja nije mogu\u0107e prepoznati osobne podatke<\/li>\r\n \t<li>Potpuno sigurno &#8211; jednu kupnju nije mogu\u0107e naplatiti nekoliko puta \u2013 ako se kartica i prisloni vi\u0161e puta, transakcija \u0107e se provesti jedanput<\/li>\r\n<\/ul>\r\n<h4 style=\"text-align: justify;\">Proces pla\u0107anja<\/h4>\r\n<ul class=\"list-checked\" style=\"text-align: justify;\">\r\n \t<li>Prislonite svoju beskontaktnu karticu na \u010dita\u010d.<\/li>\r\n \t<li>Pla\u0107anje je prihva\u0107eno kada se upali zeleno svjetlo i za\u010duje zvu\u010dni signal<\/li>\r\n<\/ul>\r\n<p style=\"text-align: justify;\">Za iznose do 40,00 eura potrebno je samo prisloniti karticu na \u010dita\u010d.<\/p>\r\n<p style=\"text-align: justify;\">Za iznose ve\u0107e od 40,00 eura potrebno je prisloniti karticu na \u010dita\u010d i utipkati PIN.<\/p>\r\n\r\n<h4 style=\"text-align: justify;\">Korisni savjeti<\/h4>\r\n<ul class=\"list-checked\" style=\"text-align: justify;\">\r\n \t<li>Redovito provjeravajte promet i stanje po ra\u010dunu uz koji vam je izdana kartica<\/li>\r\n \t<li>Voditi evidenciju o u\u010dinjenim tro\u0161kovima<\/li>\r\n \t<li>Korisno je imati na umu da kod obrade beskontaktni platnih transakcija, datum tere\u0107enja mo\u017ee biti razli\u010dit od datuma nastanka beskontaktne platne transakcije<\/li>\r\n \t<li>Karticu nikada ne ostavljati bez nadzora<\/li>\r\n \t<li>Odmah prijaviti banci u slu\u010daju sumnje da je netko, pa makar i privremeno, koristio va\u0161u karticu ili ste je izgubili<\/li>\r\n \t<li>Zatra\u017eiti od trgovca slip\/potvrdu o pla\u0107anju<\/li>\r\n<\/ul>\r\n<h4 style=\"text-align: justify;\">Sigurnost na prvom mjestu<\/h4>\r\n<p style=\"text-align: justify;\">Pla\u0107anje beskontaktnim karticama Visa odvija se sigurno i brzo, te korisnici kartice nemaju nikakvog razloga za zabrinutost. Beskontaktna usluga implementirana je prema najvi\u0161im sigurnosnim standardima karti\u010dnih ku\u0107a, a komunikacija izme\u0111u platne beskontaktne kartice i prihvatnog ure\u0111aja propisana je me\u0111unarodnim standardom.<\/p>\r\n<p style=\"text-align: justify;\">U slu\u010daju gubitka ili kra\u0111e Korisnik kartice je du\u017ean odmah o tome najbr\u017eim putem obavijestiti Banku i to u toku radno vremena Banka na telefon 033 637 026, a nakon radnog vremena u Erste Gropu Card Processor (EGCP) d.o.o. na telefon 01 3078 699.<\/p>","protected":false},"excerpt":{"rendered":"<p>Visa kartice Slatinske banke koriste se najnovijom tehnologijom te omogu\u0107uju beskontaktno pla\u0107anje prislanjanjem kartice na ETF POS ure\u0111aj na prodajnim mjestima s oznakama za beskontaktno pla\u0107anje Kartice s beskontaktnom funkcionalno\u0161\u0107u [&hellip;]<\/p>","protected":false},"author":14,"featured_media":0,"parent":0,"menu_order":0,"comment_status":"closed","ping_status":"closed","template":"","meta":{"_acf_changed":false,"footnotes":""},"categories":[],"tags":[],"class_list":["post-1626","page","type-page","status-publish","hentry"],"acf":[],"yoast_head":"<!-- This site is optimized with the Yoast SEO plugin v25.4 - https:\/\/yoast.com\/wordpress\/plugins\/seo\/ -->\n<title>Beskontaktno pla\u0107anje - Slatinska Banka<\/title>\n<meta name=\"robots\" content=\"index, follow, max-snippet:-1, max-image-preview:large, max-video-preview:-1\" \/>\n<link rel=\"canonical\" href=\"https:\/\/www.slatinska-banka.hr\/en\/beskontaktno-placanje\/\" \/>\n<meta property=\"og:locale\" content=\"en_US\" \/>\n<meta property=\"og:type\" content=\"article\" \/>\n<meta property=\"og:title\" content=\"Beskontaktno pla\u0107anje - Slatinska Banka\" \/>\n<meta property=\"og:description\" content=\"Visa kartice Slatinske banke koriste se najnovijom tehnologijom te omogu\u0107uju beskontaktno pla\u0107anje prislanjanjem kartice na ETF POS ure\u0111aj na prodajnim mjestima s oznakama za beskontaktno pla\u0107anje Kartice s beskontaktnom funkcionalno\u0161\u0107u [&hellip;]\" \/>\n<meta property=\"og:url\" content=\"https:\/\/www.slatinska-banka.hr\/en\/beskontaktno-placanje\/\" \/>\n<meta property=\"og:site_name\" content=\"Slatinska Banka\" \/>\n<meta property=\"article:publisher\" content=\"https:\/\/www.facebook.com\/slatinskabanka\/\" \/>\n<meta property=\"article:modified_time\" content=\"2024-01-11T12:05:15+00:00\" \/>\n<meta property=\"og:image\" content=\"http:\/\/www.slatinska-banka.hr\/wp-content\/uploads\/124870-200.png\" \/>\n<meta name=\"twitter:card\" content=\"summary_large_image\" \/>\n<meta name=\"twitter:label1\" content=\"Est. reading time\" \/>\n\t<meta name=\"twitter:data1\" content=\"2 minutes\" \/>\n<script type=\"application\/ld+json\" class=\"yoast-schema-graph\">{\"@context\":\"https:\/\/schema.org\",\"@graph\":[{\"@type\":\"WebPage\",\"@id\":\"https:\/\/www.slatinska-banka.hr\/beskontaktno-placanje\/\",\"url\":\"https:\/\/www.slatinska-banka.hr\/beskontaktno-placanje\/\",\"name\":\"Beskontaktno pla\u0107anje - Slatinska Banka\",\"isPartOf\":{\"@id\":\"https:\/\/www.slatinska-banka.hr\/#website\"},\"primaryImageOfPage\":{\"@id\":\"https:\/\/www.slatinska-banka.hr\/beskontaktno-placanje\/#primaryimage\"},\"image\":{\"@id\":\"https:\/\/www.slatinska-banka.hr\/beskontaktno-placanje\/#primaryimage\"},\"thumbnailUrl\":\"http:\/\/www.slatinska-banka.hr\/wp-content\/uploads\/124870-200.png\",\"datePublished\":\"2019-02-23T08:24:19+00:00\",\"dateModified\":\"2024-01-11T12:05:15+00:00\",\"inLanguage\":\"en-US\",\"potentialAction\":[{\"@type\":\"ReadAction\",\"target\":[\"https:\/\/www.slatinska-banka.hr\/beskontaktno-placanje\/\"]}]},{\"@type\":\"ImageObject\",\"inLanguage\":\"en-US\",\"@id\":\"https:\/\/www.slatinska-banka.hr\/beskontaktno-placanje\/#primaryimage\",\"url\":\"http:\/\/www.slatinska-banka.hr\/wp-content\/uploads\/124870-200.png\",\"contentUrl\":\"http:\/\/www.slatinska-banka.hr\/wp-content\/uploads\/124870-200.png\"},{\"@type\":\"WebSite\",\"@id\":\"https:\/\/www.slatinska-banka.hr\/#website\",\"url\":\"https:\/\/www.slatinska-banka.hr\/\",\"name\":\"Slatinska Banka\",\"description\":\"Razlika je u pristupu\",\"publisher\":{\"@id\":\"https:\/\/www.slatinska-banka.hr\/#organization\"},\"potentialAction\":[{\"@type\":\"SearchAction\",\"target\":{\"@type\":\"EntryPoint\",\"urlTemplate\":\"https:\/\/www.slatinska-banka.hr\/?s={search_term_string}\"},\"query-input\":{\"@type\":\"PropertyValueSpecification\",\"valueRequired\":true,\"valueName\":\"search_term_string\"}}],\"inLanguage\":\"en-US\"},{\"@type\":\"Organization\",\"@id\":\"https:\/\/www.slatinska-banka.hr\/#organization\",\"name\":\"Slatinska banka d.d.\",\"url\":\"https:\/\/www.slatinska-banka.hr\/\",\"logo\":{\"@type\":\"ImageObject\",\"inLanguage\":\"en-US\",\"@id\":\"https:\/\/www.slatinska-banka.hr\/#\/schema\/logo\/image\/\",\"url\":\"https:\/\/www.slatinska-banka.hr\/wp-content\/uploads\/2019\/02\/logo_big.png\",\"contentUrl\":\"https:\/\/www.slatinska-banka.hr\/wp-content\/uploads\/2019\/02\/logo_big.png\",\"width\":302,\"height\":244,\"caption\":\"Slatinska banka d.d.\"},\"image\":{\"@id\":\"https:\/\/www.slatinska-banka.hr\/#\/schema\/logo\/image\/\"},\"sameAs\":[\"https:\/\/www.facebook.com\/slatinskabanka\/\",\"https:\/\/www.linkedin.com\/company\/slatinska-banka-dd\"]}]}<\/script>\n<!-- \/ Yoast SEO plugin. -->","yoast_head_json":{"title":"Beskontaktno pla\u0107anje - Slatinska Banka","robots":{"index":"index","follow":"follow","max-snippet":"max-snippet:-1","max-image-preview":"max-image-preview:large","max-video-preview":"max-video-preview:-1"},"canonical":"https:\/\/www.slatinska-banka.hr\/en\/beskontaktno-placanje\/","og_locale":"en_US","og_type":"article","og_title":"Beskontaktno pla\u0107anje - Slatinska Banka","og_description":"Visa kartice Slatinske banke koriste se najnovijom tehnologijom te omogu\u0107uju beskontaktno pla\u0107anje prislanjanjem kartice na ETF POS ure\u0111aj na prodajnim mjestima s oznakama za beskontaktno pla\u0107anje Kartice s beskontaktnom funkcionalno\u0161\u0107u [&hellip;]","og_url":"https:\/\/www.slatinska-banka.hr\/en\/beskontaktno-placanje\/","og_site_name":"Slatinska Banka","article_publisher":"https:\/\/www.facebook.com\/slatinskabanka\/","article_modified_time":"2024-01-11T12:05:15+00:00","og_image":[{"url":"http:\/\/www.slatinska-banka.hr\/wp-content\/uploads\/124870-200.png","type":"","width":"","height":""}],"twitter_card":"summary_large_image","twitter_misc":{"Est. reading time":"2 minutes"},"schema":{"@context":"https:\/\/schema.org","@graph":[{"@type":"WebPage","@id":"https:\/\/www.slatinska-banka.hr\/beskontaktno-placanje\/","url":"https:\/\/www.slatinska-banka.hr\/beskontaktno-placanje\/","name":"Beskontaktno pla\u0107anje - Slatinska Banka","isPartOf":{"@id":"https:\/\/www.slatinska-banka.hr\/#website"},"primaryImageOfPage":{"@id":"https:\/\/www.slatinska-banka.hr\/beskontaktno-placanje\/#primaryimage"},"image":{"@id":"https:\/\/www.slatinska-banka.hr\/beskontaktno-placanje\/#primaryimage"},"thumbnailUrl":"http:\/\/www.slatinska-banka.hr\/wp-content\/uploads\/124870-200.png","datePublished":"2019-02-23T08:24:19+00:00","dateModified":"2024-01-11T12:05:15+00:00","inLanguage":"en-US","potentialAction":[{"@type":"ReadAction","target":["https:\/\/www.slatinska-banka.hr\/beskontaktno-placanje\/"]}]},{"@type":"ImageObject","inLanguage":"en-US","@id":"https:\/\/www.slatinska-banka.hr\/beskontaktno-placanje\/#primaryimage","url":"http:\/\/www.slatinska-banka.hr\/wp-content\/uploads\/124870-200.png","contentUrl":"http:\/\/www.slatinska-banka.hr\/wp-content\/uploads\/124870-200.png"},{"@type":"WebSite","@id":"https:\/\/www.slatinska-banka.hr\/#website","url":"https:\/\/www.slatinska-banka.hr\/","name":"Slatinska Banka","description":"Razlika je u pristupu","publisher":{"@id":"https:\/\/www.slatinska-banka.hr\/#organization"},"potentialAction":[{"@type":"SearchAction","target":{"@type":"EntryPoint","urlTemplate":"https:\/\/www.slatinska-banka.hr\/?s={search_term_string}"},"query-input":{"@type":"PropertyValueSpecification","valueRequired":true,"valueName":"search_term_string"}}],"inLanguage":"en-US"},{"@type":"Organization","@id":"https:\/\/www.slatinska-banka.hr\/#organization","name":"Slatinska banka d.d.","url":"https:\/\/www.slatinska-banka.hr\/","logo":{"@type":"ImageObject","inLanguage":"en-US","@id":"https:\/\/www.slatinska-banka.hr\/#\/schema\/logo\/image\/","url":"https:\/\/www.slatinska-banka.hr\/wp-content\/uploads\/2019\/02\/logo_big.png","contentUrl":"https:\/\/www.slatinska-banka.hr\/wp-content\/uploads\/2019\/02\/logo_big.png","width":302,"height":244,"caption":"Slatinska banka d.d."},"image":{"@id":"https:\/\/www.slatinska-banka.hr\/#\/schema\/logo\/image\/"},"sameAs":["https:\/\/www.facebook.com\/slatinskabanka\/","https:\/\/www.linkedin.com\/company\/slatinska-banka-dd"]}]}},"_links":{"self":[{"href":"https:\/\/www.slatinska-banka.hr\/en\/wp-json\/wp\/v2\/pages\/1626","targetHints":{"allow":["GET"]}}],"collection":[{"href":"https:\/\/www.slatinska-banka.hr\/en\/wp-json\/wp\/v2\/pages"}],"about":[{"href":"https:\/\/www.slatinska-banka.hr\/en\/wp-json\/wp\/v2\/types\/page"}],"author":[{"embeddable":true,"href":"https:\/\/www.slatinska-banka.hr\/en\/wp-json\/wp\/v2\/users\/14"}],"replies":[{"embeddable":true,"href":"https:\/\/www.slatinska-banka.hr\/en\/wp-json\/wp\/v2\/comments?post=1626"}],"version-history":[{"count":8,"href":"https:\/\/www.slatinska-banka.hr\/en\/wp-json\/wp\/v2\/pages\/1626\/revisions"}],"predecessor-version":[{"id":841352,"href":"https:\/\/www.slatinska-banka.hr\/en\/wp-json\/wp\/v2\/pages\/1626\/revisions\/841352"}],"wp:attachment":[{"href":"https:\/\/www.slatinska-banka.hr\/en\/wp-json\/wp\/v2\/media?parent=1626"}],"wp:term":[{"taxonomy":"category","embeddable":true,"href":"https:\/\/www.slatinska-banka.hr\/en\/wp-json\/wp\/v2\/categories?post=1626"},{"taxonomy":"post_tag","embeddable":true,"href":"https:\/\/www.slatinska-banka.hr\/en\/wp-json\/wp\/v2\/tags?post=1626"}],"curies":[{"name":"wp","href":"https:\/\/api.w.org\/{rel}","templated":true}]}}